{"id":1503,"date":"2020-02-06T09:44:25","date_gmt":"2020-02-06T09:44:25","guid":{"rendered":"https:\/\/rightfoodonly.com\/?post_type=product&#038;p=1503"},"modified":"2025-07-01T05:25:42","modified_gmt":"2025-07-01T05:25:42","slug":"uprzaz-wspinaczkowa-ze-smycza","status":"publish","type":"product","link":"https:\/\/isopllc.com\/pl\/product\/uprzaz-wspinaczkowa-ze-smycza\/","title":{"rendered":"Uprz\u0105\u017c wspinaczkowa ze smycz\u0105"},"content":{"rendered":"<div class=\"celwidget aplus-module module-9\" data-cel-widget=\"aplus-module-9\">\n<div class=\"a-expander-collapsed-height a-row a-expander-container a-expander-partial-collapse-container\" data-a-expander-name=\"aplus-module-expander\" data-a-expander-collapsed-height=\"700\">\n<div class=\"a-expander-content a-expander-partial-collapse-content\">\n<div class=\"aplus-module-wrapper\">\n<div class=\"apm-spacing apm-fixed-width\">\n<ul class=\"a-unordered-list a-vertical\">\n<li><span class=\"a-list-item\">CZEGO POTRZEBUJESZ: Je\u015bli jeste\u015b fanem przyg\u00f3d na \u015bwie\u017cym powietrzu, kt\u00f3re obejmuj\u0105 wspinaczk\u0119, na pewno wiesz, jak wa\u017cne jest posiadanie najwy\u017cszej jako\u015bci uprz\u0119\u017cy, kt\u00f3ra zapewni Ci bezpiecze\u0144stwo przez ca\u0142y czas.\u00a0W tym celu oferujemy idealne rozwi\u0105zanie!<\/span><\/li>\n<li><span class=\"a-list-item\">JAKO\u015a\u0106 PREMIUM: Ta uprz\u0105\u017c wspinaczkowa wykonana jest z najwy\u017cszej jako\u015bci, wyj\u0105tkowo odpornego w\u0142\u00f3kna poliestrowego, specjalnego materia\u0142u, kt\u00f3ry z pewno\u015bci\u0105 wytrzyma pr\u00f3b\u0119 czasu.<\/span><\/li>\n<li><span class=\"a-list-item\">WIELOZADANIOWO\u015a\u0106: Niezale\u017cnie od tego, czy lubisz wspinaczk\u0119 g\u00f3rsk\u0105, wspinaczk\u0119 po drzewach, wspinaczk\u0119 halow\u0105, wspinaczk\u0119 ska\u0142kow\u0105, czy te\u017c ratujesz si\u0119 po\u017carami, ta pas bezpiecze\u0144stwa z paskiem bezpiecze\u0144stwa jest zdecydowanie w\u0142a\u015bciwym wyborem!<\/span><\/li>\n<li><span class=\"a-list-item\">PROJEKT PRZYJAZNY DLA U\u017bYTKOWNIKA: Ta m\u0119ska i damska uprz\u0105\u017c wspinaczkowa w talii jest wyposa\u017cona w praktyczne wska\u017aniki uderzenia i os\u0142on\u0119 etykiety, u\u0142atwiaj\u0105c kontrol\u0119, a szczelinowe paski na klatk\u0119 piersiow\u0105 i nog\u0119 zapinaj\u0105 si\u0119 bez skr\u0119cania dla w\u0142asnego komfortu.<\/span><\/li>\n<li><span class=\"a-list-item\">IDEALNY PREZENT: Zam\u00f3w t\u0119 uprz\u0105\u017c wspinaczkow\u0105 dla siebie lub jako przemy\u015blany prezent dla przyjaciela mi\u0142o\u015bnika przyg\u00f3d, a na pewno zdob\u0119dziesz ich uznanie!\u00a0Ta uprz\u0105\u017c biodrowa jest lekka i ergonomiczna, dzi\u0119ki czemu mo\u017cna j\u0105 \u0142atwo nosi\u0107 w ka\u017cdym plecaku, zapewniaj\u0105c doskona\u0142e wra\u017cenia podczas wspinaczki!<\/span><\/li>\n<\/ul>\n<p><img decoding=\"async\" class=\"aligncenter\" src=\"https:\/\/m.media-amazon.com\/images\/S\/aplus-media\/sc\/b2ce0b46-0c95-4365-8c61-a5fd05505e58.__CR0,0,970,300_PT0_SX970_V1___.jpg\" alt=\"belt-harness\" data-src=\"https:\/\/m.media-amazon.com\/images\/S\/aplus-media\/sc\/b2ce0b46-0c95-4365-8c61-a5fd05505e58.__CR0,0,970,300_PT0_SX970_V1___.jpg\" data- title=\"\"><\/p>\n<\/div>\n<\/div>\n<\/div>\n<\/div>\n<\/div>\n<div class=\"celwidget aplus-module module-12\" data-cel-widget=\"aplus-module-12\">\n<div class=\"a-expander-collapsed-height a-row a-expander-container a-expander-partial-collapse-container\" data-a-expander-name=\"aplus-module-expander\" data-a-expander-collapsed-height=\"360\">\n<div class=\"a-expander-content a-expander-partial-collapse-content\">\n<div class=\"aplus-module-wrapper apm-spacing apm-floatnone\">\n<div class=\"apm-sidemodule aplus-module-content\">\n<div>\n<h4 class=\"a-spacing-mini\">Profesjonalna uprz\u0105\u017c wspinaczkowa<\/h4>\n<p>jest zdecydowanie konieczno\u015bci\u0105 w plecaku ka\u017cdego szanuj\u0105cego si\u0119 poszukiwacza przyg\u00f3d, poniewa\u017c jest jedynym sposobem, aby uchroni\u0107 go przed niechcianymi wypadkami lub mo\u017cliwymi tragediami.<\/p>\n<p>Je\u015bli chodzi o najwy\u017cszej jako\u015bci\u00a0\u00a0<span class=\"a-text-bold\">akcesoria wspinaczkowe<\/span>\u00a0, ISOP ma dok\u0142adnie to, czego szukasz!<\/p>\n<h4 class=\"a-spacing-mini\">Dlaczego ten produkt jest dla Ciebie?<\/h4>\n<p>Ta p\u00f3\u0142pi\u0119trowa uprz\u0105\u017c zabezpieczaj\u0105ca przed upadkiem ma wyj\u0105tkowo stabiln\u0105 konstrukcj\u0119 i zosta\u0142a stworzona z my\u015bl\u0105 o Twoim komforcie.<\/p>\n<p>Regulowane paski zapewniaj\u0105 idealne dopasowanie tej uprz\u0119\u017cy o dowolnym rozmiarze, a wytrzyma\u0142e w\u0142\u00f3kno zapewni odpowiednie wsparcie we wszystkich sytuacjach wspinaczkowych!<\/p>\n<h4 class=\"a-spacing-mini\">Niekt\u00f3re z niesamowitych funkcji tego produktu:<\/h4>\n<p>Uniwersalny, mo\u017ce by\u0107 u\u017cywany do wspinaczki ska\u0142kowej, wspinaczki po drzewach, ratownictwa przeciwpo\u017carowego, wspinaczki w pomieszczeniach itp;<\/p>\n<p>Wysokiej jako\u015bci w\u0142\u00f3kno poliestrowe, wyj\u0105tkowo trwa\u0142e;<\/p>\n<p>Regulowane rami\u0105czka z odsuwanym tylnym D-ringiem;<\/p>\n<p>Rozci\u0119te klamry na pasach piersiowych i udowych zapinane bez skr\u0119cania;<\/p>\n<p>Wska\u017aniki uderzenia i ochraniacz na etykiet\u0119;<\/p>\n<p>Wysoka no\u015bno\u015b\u0107;<\/p>\n<p>Idealny dla pocz\u0105tkuj\u0105cych i zaawansowanych wspinaczy.<\/p>\n<\/div>\n<p><img decoding=\"async\" class=\"a-spacing-mini alignleft\" src=\"https:\/\/m.media-amazon.com\/images\/S\/aplus-media\/sc\/5cecf7a8-3de2-4f74-b1f6-6555a4dd07b0.__CR58,0,800,800_PT0_SX300_V1___.jpg\" alt=\"belt\" data-src=\"https:\/\/m.media-amazon.com\/images\/S\/aplus-media\/sc\/5cecf7a8-3de2-4f74-b1f6-6555a4dd07b0.__CR58,0,800,800_PT0_SX300_V1___.jpg\" data- title=\"\"><img decoding=\"async\" class=\"a-spacing-mini alignleft\" src=\"https:\/\/m.media-amazon.com\/images\/S\/aplus-media\/sc\/3386ce1c-29a5-4d6b-af25-4282239f51fa.__CR0,272,844,844_PT0_SX300_V1___.jpg\" alt=\"buckle\" data-src=\"https:\/\/m.media-amazon.com\/images\/S\/aplus-media\/sc\/3386ce1c-29a5-4d6b-af25-4282239f51fa.__CR0,272,844,844_PT0_SX300_V1___.jpg\" data- title=\"\"> <img decoding=\"async\" class=\"a-spacing-mini alignleft\" src=\"https:\/\/m.media-amazon.com\/images\/S\/aplus-media\/sc\/5b476adf-5ab9-429d-b42c-b266152668d2.__CR0,0,1362,1362_PT0_SX300_V1___.jpg\" alt=\"belt\" data-src=\"https:\/\/m.media-amazon.com\/images\/S\/aplus-media\/sc\/5b476adf-5ab9-429d-b42c-b266152668d2.__CR0,0,1362,1362_PT0_SX300_V1___.jpg\" data- title=\"\"><\/p>\n<\/div>\n<\/div>\n<\/div>\n<\/div>\n<\/div>\n","protected":false},"excerpt":{"rendered":"<p style=\"text-align: center;\">Wspinaczka po drzewach, Zaj\u0119cia na \u015bwie\u017cym powietrzu, Trening &#8211; Trwa\u0142y materia\u0142 najwy\u017cszej jako\u015bci &#8211; Regulowany przesuwany D-ring z ty\u0142u &#8211; P\u0142askie klamry<\/p>\n<p style=\"text-align: center;\">DARMOWA DOSTAWA W CI\u0104GU 3-7 DNI<\/p>\n<h4 style=\"text-align: center;\"><strong>KUP ON<\/strong><\/h4>\n<p style=\"text-align: center;\"><a href=\"https:\/\/www.amazon.pl\/dp\/B07LB638BR\/ref=sr_1_1?__mk_pl_PL=%C3%85M%C3%85%C5%BD%C3%95%C3%91&amp;dchild=1&amp;keywords=Uprz%C4%85%C5%BC%20wspinaczkowa%20ze%20smycz%C4%85&amp;qid=1628695507&amp;sr=8-1&amp;th=1\"><img loading=\"lazy\" decoding=\"async\" class=\"wp-image-1040 size-full aligncenter\" src=\"https:\/\/rightfoodonly.com\/wp-content\/uploads\/amazon-button9.png\" alt=\"\" width=\"160\" height=\"59\" \/><\/a><\/p>\n<p>&nbsp;<\/p>\n","protected":false},"featured_media":4276,"comment_status":"open","ping_status":"closed","template":"","meta":[],"product_brand":[],"product_cat":[203],"product_tag":[115,114,113],"class_list":{"0":"post-1503","1":"product","2":"type-product","3":"status-publish","4":"has-post-thumbnail","6":"product_cat-akcesoria-do-drabin-przeciwpozarowych","7":"product_tag-bezpieczenstwo-wspinaczki","8":"product_tag-smycz","9":"product_tag-uprzaz-wspinaczkowa","11":"first","12":"instock","13":"shipping-taxable","14":"purchasable","15":"product-type-simple"},"_links":{"self":[{"href":"https:\/\/isopllc.com\/pl\/wp-json\/wp\/v2\/product\/1503","targetHints":{"allow":["GET"]}}],"collection":[{"href":"https:\/\/isopllc.com\/pl\/wp-json\/wp\/v2\/product"}],"about":[{"href":"https:\/\/isopllc.com\/pl\/wp-json\/wp\/v2\/types\/product"}],"replies":[{"embeddable":true,"href":"https:\/\/isopllc.com\/pl\/wp-json\/wp\/v2\/comments?post=1503"}],"wp:featuredmedia":[{"embeddable":true,"href":"https:\/\/isopllc.com\/pl\/wp-json\/wp\/v2\/media\/4276"}],"wp:attachment":[{"href":"https:\/\/isopllc.com\/pl\/wp-json\/wp\/v2\/media?parent=1503"}],"wp:term":[{"taxonomy":"product_brand","embeddable":true,"href":"https:\/\/isopllc.com\/pl\/wp-json\/wp\/v2\/product_brand?post=1503"},{"taxonomy":"product_cat","embeddable":true,"href":"https:\/\/isopllc.com\/pl\/wp-json\/wp\/v2\/product_cat?post=1503"},{"taxonomy":"product_tag","embeddable":true,"href":"https:\/\/isopllc.com\/pl\/wp-json\/wp\/v2\/product_tag?post=1503"}],"curies":[{"name":"wp","href":"https:\/\/api.w.org\/{rel}","templated":true}]}}