{"id":1798,"date":"2020-02-15T06:34:02","date_gmt":"2020-02-15T06:34:02","guid":{"rendered":"https:\/\/rightfoodonly.com\/?post_type=product&#038;p=1798"},"modified":"2025-07-01T05:25:32","modified_gmt":"2025-07-01T05:25:32","slug":"drabina-ratunkowa-o-dlugosci","status":"publish","type":"product","link":"https:\/\/isopllc.com\/pl\/product\/drabina-ratunkowa-o-dlugosci\/","title":{"rendered":"Drabina ratunkowa o d\u0142ugo\u015bci 8 m do okien trzeciej kondygnacji"},"content":{"rendered":"<div class=\"celwidget aplus-module module-12\" data-csa-c-id=\"jivxzg-m1j32x-ba3zr2-aspe9u\" data-cel-widget=\"aplus-module-12\">\n<div class=\"a-expander-collapsed-height a-row a-expander-container a-expander-partial-collapse-container\" aria-live=\"polite\" data-a-expander-name=\"aplus-module-expander\" data-a-expander-collapsed-height=\"360\">\n<div class=\"a-expander-content a-expander-partial-collapse-content\" aria-expanded=\"false\">\n<div class=\"aplus-module-wrapper apm-spacing apm-floatnone\">\n<div class=\"apm-sidemodule aplus-module-content\">\n<div class=\"apm-hero-image\"><\/div>\n<\/div>\n<\/div>\n<\/div>\n<\/div>\n<\/div>\n<div class=\"celwidget aplus-module module-12\" data-csa-c-id=\"jivxzg-m1j32x-ba3zr2-aspe9u\" data-cel-widget=\"aplus-module-12\">\n<div class=\"a-expander-collapsed-height a-row a-expander-container a-expander-partial-collapse-container\" aria-live=\"polite\" data-a-expander-name=\"aplus-module-expander\" data-a-expander-collapsed-height=\"360\">\n<div class=\"a-expander-content a-expander-partial-collapse-content\" aria-expanded=\"false\">\n<div class=\"aplus-module-wrapper apm-spacing apm-floatnone\">\n<div class=\"apm-sidemodule aplus-module-content\">\n<div class=\"apm-hero-image\"><img decoding=\"async\" class=\"\" src=\"https:\/\/m.media-amazon.com\/images\/S\/aplus-media\/sc\/21a3f03b-829f-4554-b494-34215adbd6c9.__CR0,724,2000,619_PT0_SX970_V1___.jpg\" alt=\"z powrotem\" data-src=\"https:\/\/m.media-amazon.com\/images\/S\/aplus-media\/sc\/21a3f03b-829f-4554-b494-34215adbd6c9.__CR0,724,2000,619_PT0_SX970_V1___.jpg\" data- title=\"\"><\/div>\n<div class=\"textright apm-hero-text\">\n<h2 style=\"text-align: center;\"><span style=\"vertical-align: inherit;\">ISOP Drabina ratunkowa o d\u0142ugo\u015bci 8 m do okien trzeciej kondygnacji<\/span><\/h2>\n<\/div>\n<\/div>\n<div style=\"text-align: center;\"><\/div>\n<\/div>\n<\/div>\n<\/div>\n<\/div>\n<div class=\"celwidget aplus-module module-4\" style=\"text-align: center;\" data-csa-c-id=\"3439hg-iiea24-1ecz2x-p6icw6\" data-cel-widget=\"aplus-module-4\">\n<div class=\"a-expander-collapsed-height a-row a-expander-container a-expander-partial-collapse-container\" aria-live=\"polite\" data-a-expander-name=\"aplus-module-expander\" data-a-expander-collapsed-height=\"700\">\n<div class=\"a-expander-content a-expander-partial-collapse-content\" aria-expanded=\"false\">\n<div class=\"aplus-module-wrapper\">\n<div class=\"apm-spacing\">\n<div class=\"apm-floatleft apm-fixed-width\">\n<h3 class=\"a-spacing-small\"><span style=\"vertical-align: inherit;\">Dlaczego w\u0142a\u015bnie my?<\/span><\/h3>\n<div class=\"apm-sidemodule-imageleft\"><img decoding=\"async\" class=\"aligncenter\" src=\"https:\/\/m.media-amazon.com\/images\/S\/aplus-media-library-service-media\/3217fc67-3649-4fc5-8067-00f8bfd97d1b.__CR0,0,300,300_PT0_SX300_V1___.jpg\" alt=\"Dlaczego w\u0142a\u015bnie my?\" data-src=\"https:\/\/m.media-amazon.com\/images\/S\/aplus-media-library-service-media\/3217fc67-3649-4fc5-8067-00f8bfd97d1b.__CR0,0,300,300_PT0_SX300_V1___.jpg\" data- title=\"\"><\/div>\n<div class=\"apm-sidemodule-textright\">\n<h3 class=\"a-spacing-mini\"><\/h3>\n<p>Ta drabina ewakuacyjna zosta\u0142a zaprojektowana z my\u015bl\u0105 o wygodzie i dost\u0119pno\u015bci.<\/p>\n<p><strong><span class=\"a-text-bold\">Opatentowana technologia odblaskowa.<\/span><\/strong><\/p>\n<p>Specjalny odblaskowy pasek wpleciony w te nylonowe linki sprawia, \u017ce \u200b\u200bs\u0105 one dobrze widoczne w wi\u0105zce \u015bwiat\u0142a latarki, dzi\u0119ki czemu nie potykasz si\u0119 o nie w nocy.<\/p>\n<\/div>\n<p><img decoding=\"async\" class=\"aligncenter\" src=\"https:\/\/m.media-amazon.com\/images\/S\/aplus-media\/sc\/94cfe5fc-9301-4229-834b-f5ca7b14d8d0.__CR0,213,641,641_PT0_SX220_V1___.jpg\" alt=\"pot\u0119\u017cny\" data-src=\"https:\/\/m.media-amazon.com\/images\/S\/aplus-media\/sc\/94cfe5fc-9301-4229-834b-f5ca7b14d8d0.__CR0,213,641,641_PT0_SX220_V1___.jpg\" data- title=\"\"><\/p>\n<h4 class=\"a-spacing-mini\"><span style=\"vertical-align: inherit;\">ULTRA pot\u0119\u017cny<\/span><\/h4>\n<p class=\"a-size-small\"><span style=\"vertical-align: inherit;\">nie ma mocniejszych i bardziej niezawodnych drabin od naszych,\u00a0 <\/span><span class=\"a-text-bold\"><span style=\"vertical-align: inherit;\">sprawdzonych (!)\u00a0<\/span><\/span><span style=\"vertical-align: inherit;\"> &#8211; przenosz\u0105cych 2500 funt\u00f3w lub 10 os\u00f3b! Takim ud\u017awigiem nie mog\u0105 pochwali\u0107 si\u0119 nawet drabiny \u0142a\u0144cuchowe.<\/span><\/p>\n<p><img decoding=\"async\" class=\"aligncenter\" src=\"https:\/\/m.media-amazon.com\/images\/S\/aplus-media\/sc\/d262a102-3931-4af1-bcd2-fa72efe818c1.__CR0,0,1200,1200_PT0_SX220_V1___.jpg\" alt=\"Wielofunkcyjno\u015b\u0107\" data-src=\"https:\/\/m.media-amazon.com\/images\/S\/aplus-media\/sc\/d262a102-3931-4af1-bcd2-fa72efe818c1.__CR0,0,1200,1200_PT0_SX220_V1___.jpg\" data- title=\"\"><\/p>\n<h4 class=\"a-spacing-mini\"><span style=\"vertical-align: inherit;\">Wielofunkcyjno\u015b\u0107<\/span><\/h4>\n<p class=\"a-size-small\"><span style=\"vertical-align: inherit;\">mo\u017ce by\u0107 u\u017cywany do r\u00f3\u017cnych cel\u00f3w, takich jak plac zabaw, hu\u015btawki, domek na drzewie, strych, ogr\u00f3d, dach, strych, bunkier, cele morskie, a nawet dekoracyjne. Niesko\u0144czona r\u00f3\u017cnorodno\u015b\u0107 opcji u\u017cytkowania.<\/span><\/p>\n<p><img decoding=\"async\" class=\"aligncenter\" src=\"https:\/\/m.media-amazon.com\/images\/S\/aplus-media\/sc\/cf4cf25a-8d5e-46fe-bb5e-722c10b1d998.__CR0,0,2000,2000_PT0_SX220_V1___.jpg\" alt=\"W zestawie karabi\u0144czyki i haczyki\" data-src=\"https:\/\/m.media-amazon.com\/images\/S\/aplus-media\/sc\/cf4cf25a-8d5e-46fe-bb5e-722c10b1d998.__CR0,0,2000,2000_PT0_SX220_V1___.jpg\" data- title=\"\"><\/p>\n<h4 class=\"a-spacing-mini\"><span style=\"vertical-align: inherit;\">W zestawie karabi\u0144czyki i haczyki<\/span><\/h4>\n<p class=\"a-size-small\"><span style=\"vertical-align: inherit;\">Drabiny 13ft i 25ft zawieraj\u0105 haczyki na parapety i karabi\u0144czyki, kt\u00f3re najlepiej pasuj\u0105 do dr\u0105\u017ck\u00f3w balkonowych. W przypadku po\u017caru mo\u017cna je stosowa\u0107 zar\u00f3wno do okien, jak i balkon\u00f3w. Nikt inny nie mo\u017ce zaoferowa\u0107 obu opcji.<\/span><\/p>\n<p><img decoding=\"async\" class=\"aligncenter\" src=\"https:\/\/m.media-amazon.com\/images\/S\/aplus-media\/sc\/210c8fc8-ca9e-4a20-9d02-a9c58b6c8429.__CR1018,0,1260,1260_PT0_SX220_V1___.png\" alt=\"Szczeble antypo\u015blizgowe\" data-src=\"https:\/\/m.media-amazon.com\/images\/S\/aplus-media\/sc\/210c8fc8-ca9e-4a20-9d02-a9c58b6c8429.__CR1018,0,1260,1260_PT0_SX220_V1___.png\" data- title=\"\"><\/p>\n<h4 class=\"a-spacing-mini\"><span style=\"vertical-align: inherit;\">Szczeble antypo\u015blizgowe<\/span><\/h4>\n<p class=\"a-size-small\"><span style=\"vertical-align: inherit;\">szczeble maj\u0105 kszta\u0142t o\u015bmiok\u0105ta, dzi\u0119ki czemu s\u0105 niezawodne i nie \u015bliskie.<\/span><\/p>\n<div class=\"apm-spacing\"><img decoding=\"async\" class=\"aligncenter\" src=\"https:\/\/m.media-amazon.com\/images\/S\/aplus-media\/sc\/e5481a93-fdd7-4b02-812d-b17e7e802309.__CR0,0,1000,1000_PT0_SX220_V1___.jpg\" alt=\"Przeno\u015bny\" data-src=\"https:\/\/m.media-amazon.com\/images\/S\/aplus-media\/sc\/e5481a93-fdd7-4b02-812d-b17e7e802309.__CR0,0,1000,1000_PT0_SX220_V1___.jpg\" data- title=\"\"><\/div>\n<\/div>\n<\/div>\n<\/div>\n<div>\n<h4 class=\"a-spacing-mini\"><span style=\"vertical-align: inherit;\">Przeno\u015bny<\/span><\/h4>\n<p class=\"a-size-small\"><span style=\"vertical-align: inherit;\">pochodzi z \u0142adnie zaprojektowan\u0105 czarn\u0105 torb\u0105. Drabina jest \u0142atwa do przenoszenia w dowolnym miejscu w torbie. Zawiera pude\u0142ko upominkowe w kolorze naturalnego drewna.<\/span><\/p>\n<\/div>\n<\/div>\n<\/div>\n<\/div>\n<div class=\"celwidget aplus-module module-4\" style=\"text-align: center;\" data-csa-c-id=\"afj8pd-nokhvj-691g6t-ynqohv\" data-cel-widget=\"aplus-module-4\">\n<div class=\"a-expander-collapsed-height a-row a-expander-container a-expander-partial-collapse-container\" aria-live=\"polite\" data-a-expander-name=\"aplus-module-expander\" data-a-expander-collapsed-height=\"700\">\n<div class=\"a-expander-content a-expander-partial-collapse-content\" aria-expanded=\"false\">\n<div class=\"aplus-module-wrapper\">\n<div class=\"apm-spacing\">\n<div class=\"apm-floatleft apm-fixed-width\">\n<div class=\"apm-spacing\">\n<p><img decoding=\"async\" class=\"aligncenter\" src=\"https:\/\/m.media-amazon.com\/images\/S\/aplus-media\/sc\/efd2bcd0-2bff-4c6d-9fec-4d882d5be7cd.__CR0,13,974,974_PT0_SX220_V1___.jpg\" alt=\"Lekki\" data-src=\"https:\/\/m.media-amazon.com\/images\/S\/aplus-media\/sc\/efd2bcd0-2bff-4c6d-9fec-4d882d5be7cd.__CR0,13,974,974_PT0_SX220_V1___.jpg\" data- title=\"\"><\/p>\n<h4 class=\"a-spacing-mini\"><span style=\"vertical-align: inherit;\">Lekki<\/span><\/h4>\n<p class=\"a-size-small\"><span style=\"vertical-align: inherit;\">na przyk\u0142ad 8 st\u00f3p wa\u017cy tylko 4 funty<\/span><\/p>\n<p><img decoding=\"async\" class=\"aligncenter\" src=\"https:\/\/m.media-amazon.com\/images\/S\/aplus-media\/sc\/d232e31d-6376-4b64-a48a-ddd2bbf72b81.__CR0,0,1000,1000_PT0_SX220_V1___.jpg\" alt=\"Odporny na warunki atmosferyczne\" data-src=\"https:\/\/m.media-amazon.com\/images\/S\/aplus-media\/sc\/d232e31d-6376-4b64-a48a-ddd2bbf72b81.__CR0,0,1000,1000_PT0_SX220_V1___.jpg\" data- title=\"\"><\/p>\n<h4 class=\"a-spacing-mini\"><span style=\"vertical-align: inherit;\">Odporny na warunki atmosferyczne<\/span><\/h4>\n<p class=\"a-size-small\"><span style=\"vertical-align: inherit;\">prawie nigdy nie starzej\u0105 si\u0119 drabiny na ka\u017cd\u0105 pogod\u0119, nie mog\u0105 zosta\u0107 uszkodzone w deszczu.<\/span><\/p>\n<p><img decoding=\"async\" class=\"aligncenter\" style=\"font-weight: 600;\" src=\"https:\/\/m.media-amazon.com\/images\/S\/aplus-media\/sc\/37c0fcd9-5325-4e38-b7c1-9af5cd3a988c.__CR5,0,1189,1189_PT0_SX220_V1___.jpg\" alt=\"Karabinki o du\u017cej wytrzyma\u0142o\u015bci\" data-src=\"https:\/\/m.media-amazon.com\/images\/S\/aplus-media\/sc\/37c0fcd9-5325-4e38-b7c1-9af5cd3a988c.__CR5,0,1189,1189_PT0_SX220_V1___.jpg\" data- title=\"\"><\/p>\n<h4 class=\"a-spacing-mini\"><span style=\"vertical-align: inherit;\">Karabinki o du\u017cej wytrzyma\u0142o\u015bci<\/span><\/h4>\n<p class=\"a-size-small\"><span style=\"vertical-align: inherit;\">drabinki wyposa\u017cone s\u0105 w chromowane karabi\u0144czyki o wytrzyma\u0142o\u015bci na zerwanie 11KN<\/span><\/p>\n<p><img decoding=\"async\" class=\"a-spacing-mini aligncenter\" src=\"https:\/\/m.media-amazon.com\/images\/S\/aplus-media\/sc\/afa873ae-4f45-42c7-bef1-e1440984b452.__CR321,0,1333,1333_PT0_SX300_V1___.jpg\" alt=\"Ognioodporny\" data-src=\"https:\/\/m.media-amazon.com\/images\/S\/aplus-media\/sc\/afa873ae-4f45-42c7-bef1-e1440984b452.__CR321,0,1333,1333_PT0_SX300_V1___.jpg\" data- title=\"\"><\/p>\n<\/div>\n<div><\/div>\n<\/div>\n<\/div>\n<\/div>\n<div>\n<h4 class=\"a-spacing-mini\"><span style=\"vertical-align: inherit;\">Ognioodporny<\/span><\/h4>\n<p><span style=\"vertical-align: inherit;\">Specjalna niepalna kompozycja w\u0142\u00f3kien sprawia, \u017ce \u200b\u200bdrabina wytrzymuje ogie\u0144 przez jaki\u015b czas, ale nadal nie zalecamy jej u\u017cywania w ogniu bezpo\u015brednim.<\/span><\/p>\n<p><img decoding=\"async\" class=\"a-spacing-mini aligncenter\" src=\"https:\/\/m.media-amazon.com\/images\/S\/aplus-media\/sc\/2dac260a-e8d0-441c-9ba5-ebcab13c9f40.__CR0,0,2000,2000_PT0_SX300_V1___.jpg\" alt=\"R\u00f3\u017cna d\u0142ugo\u015b\u0107\" data-src=\"https:\/\/m.media-amazon.com\/images\/S\/aplus-media\/sc\/2dac260a-e8d0-441c-9ba5-ebcab13c9f40.__CR0,0,2000,2000_PT0_SX300_V1___.jpg\" data- title=\"\"><\/p>\n<h4 class=\"a-spacing-mini\"><span style=\"vertical-align: inherit;\">R\u00f3\u017cna d\u0142ugo\u015b\u0107<\/span><\/h4>\n<p><span style=\"vertical-align: inherit;\">dost\u0119pne 8\/13\/16\/25\/32 ft dla dom\u00f3w 1-4 pi\u0119trowych.<\/span><\/p>\n<p><img decoding=\"async\" class=\"a-spacing-mini aligncenter\" src=\"https:\/\/m.media-amazon.com\/images\/S\/aplus-media\/sc\/5728be22-391a-4b50-8edb-c02577e54e29.__CR0,0,1000,1000_PT0_SX300_V1___.jpg\" alt=\"Wielokrotnego u\u017cytku\" data-src=\"https:\/\/m.media-amazon.com\/images\/S\/aplus-media\/sc\/5728be22-391a-4b50-8edb-c02577e54e29.__CR0,0,1000,1000_PT0_SX300_V1___.jpg\" data- title=\"\"><\/p>\n<h4 class=\"a-spacing-mini\"><span style=\"vertical-align: inherit;\">Wielokrotnego u\u017cytku<\/span><\/h4>\n<p><span style=\"vertical-align: inherit;\">w przeciwie\u0144stwie do innych drabin aluminiowych nasze drabiny linowe s\u0105 wielokrotnego u\u017cytku.<\/span><\/p>\n<\/div>\n<\/div>\n<\/div>\n<\/div>\n<div class=\"celwidget aplus-module module-2\" data-csa-c-id=\"xa4z08-fqu7gq-7q8xue-5451sy\" data-cel-widget=\"aplus-module-2\">\n<div class=\"a-expander-collapsed-height a-row a-expander-container a-expander-partial-collapse-container\" aria-live=\"polite\" data-a-expander-name=\"aplus-module-expander\" data-a-expander-collapsed-height=\"700\">\n<div class=\"a-expander-content a-expander-partial-collapse-content\" aria-expanded=\"false\">\n<div class=\"aplus-module-wrapper apm-floatnone\">\n<div class=\"apm-sidemodule apm-spacing\">\n<div class=\"apm-sidemodule-imageleft\" style=\"text-align: center;\"><img decoding=\"async\" class=\"aligncenter\" src=\"https:\/\/m.media-amazon.com\/images\/S\/aplus-media\/sc\/6293865e-0e7e-4620-8370-146b6c3e1ce0.__CR0,0,816,816_PT0_SX300_V1___.jpg\" alt=\"r\u00f3\u017cnego przeznaczenia\" data-src=\"https:\/\/m.media-amazon.com\/images\/S\/aplus-media\/sc\/6293865e-0e7e-4620-8370-146b6c3e1ce0.__CR0,0,816,816_PT0_SX300_V1___.jpg\" data- title=\"\"><\/div>\n<div class=\"apm-sidemodule-textright\">\n<h3 class=\"a-spacing-mini\" style=\"text-align: center;\"><span style=\"vertical-align: inherit;\">Ka\u017cdy przynajmniej raz pomy\u015bla\u0142, co by by\u0142o, gdyby wybuch\u0142 po\u017car w jego domu, budynku lub biurze? Jak si\u0119 przed tym uratowa\u0107? Szczeg\u00f3lnie martwi\u0119 si\u0119, je\u015bli masz dzieci!<\/span><\/h3>\n<p style=\"text-align: center;\"><span style=\"vertical-align: inherit;\">W ISOP uwa\u017camy, \u017ce KA\u017bDA rodzina MUSI mie\u0107 drabin\u0119 przeciwpo\u017carow\u0105 na wypadek zagro\u017cenia! Stworzyli\u015bmy ca\u0142\u0105 seri\u0119 drabin ewakuacyjnych i urz\u0105dze\u0144 ewakuacyjnych na r\u00f3\u017cne potrzeby, kt\u00f3re chcemy Pa\u0144stwu przedstawi\u0107.<\/span><\/p>\n<p style=\"text-align: center;\"><span class=\"a-text-bold\"><span style=\"vertical-align: inherit;\">ISOP Drabina ratunkowa o d\u0142ugo\u015bci 8 m do okien trzeciej kondygnacji<\/span><\/span><\/p>\n<p style=\"text-align: center;\"><span style=\"vertical-align: inherit;\">Jest to drabina o d\u0142ugo\u015bci 25 st\u00f3p (8 m) z hakami do wyj\u015bcia z okna lub balkonu. \u017belazne haczyki idealnie pasuj\u0105 do wi\u0119kszo\u015bci ram okiennych na \u015bwiecie (patrz wymiary na zdj\u0119ciach).<\/span><\/p>\n<p style=\"text-align: center;\"><span style=\"vertical-align: inherit;\">Opr\u00f3cz wszystkich zalet ta drabina jest \u0142atwa w u\u017cyciu. Nawet dzieci mog\u0105 si\u0119 na ni\u0105 wspina\u0107. Trudno go u\u017cywa\u0107, je\u015bli drabina nie przylega \u015bci\u015ble do \u015bciany, ale wisi w powietrzu. Dotyczy to wszystkich schod\u00f3w, nie tylko naszych. W tym przypadku musisz zej\u015b\u0107 po schodach tak jak akrobaci w cyrku (na obrazkach jest obrazek).<\/span><\/p>\n<p style=\"text-align: center;\"><span style=\"vertical-align: inherit;\">Ponadto niekt\u00f3rzy z naszych klient\u00f3w wcze\u015bniej mocuj\u0105 drabiny do \u015bciany za pomoc\u0105 dost\u0119pnych w naszym sklepie kotew wspinaczkowych. Uwa\u017camy to za bardzo przemy\u015blane podej\u015bcie i polecamy.<\/span><\/p>\n<\/div>\n<\/div>\n<\/div>\n<\/div>\n<\/div>\n<\/div>\n<p style=\"text-align: left;\">\n","protected":false},"excerpt":{"rendered":"[embed]https:\/\/youtu.be\/k6s8J3uwu8s[\/embed]\n<p class=\"mceTemp\" style=\"text-align: center;\">Ognioodporna drabina linowa zabezpieczaj\u0105ca z hakami &#8211; Szybka do roz\u0142o\u017cenia i \u0142atwa w u\u017cyciu &#8211; Kompaktowa i \u0142atwa do przechowywania &#8211; Ud\u017awig do 900 kg<\/p>\n<p style=\"text-align: center;\">DARMOWA DOSTAWA W CI\u0104GU 3-7 DNI<\/p>\n<h4 style=\"text-align: center;\"><strong>KUP ON<\/strong><\/h4>\n<p><a href=\"https:\/\/www.amazon.pl\/dp\/B084Q2MFW6\/ref=sr_1_1?__mk_pl_PL=%C3%85M%C3%85%C5%BD%C3%95%C3%91&amp;dchild=1&amp;keywords=Wyj%C5%9Bcie%20Po%C5%BCarowe%20do%20Okien%20na%20Trzecim%20Pi%C4%99trze&amp;qid=1628693901&amp;sr=8-1&amp;th=1\"><img loading=\"lazy\" decoding=\"async\" class=\"wp-image-1040 size-full aligncenter\" src=\"https:\/\/rightfoodonly.com\/wp-content\/uploads\/amazon-button9.png\" alt=\"\" width=\"160\" height=\"59\" \/><\/a><\/p>\n<p>&nbsp;<\/p>\n<p>&nbsp;<\/p>\n","protected":false},"featured_media":4247,"comment_status":"open","ping_status":"closed","template":"","meta":[],"product_brand":[],"product_cat":[211,209],"product_tag":[37,164,165],"class_list":{"0":"post-1798","1":"product","2":"type-product","3":"status-publish","4":"has-post-thumbnail","6":"product_cat-drabiny-ewakuacyjne-przeciwpozarowe-3-pietrowe","7":"product_cat-drabiny-linowe-ewakuacyjne-przeciwpozarowe","8":"product_tag-drabina-ratunkowa","9":"product_tag-okienna-drabina","10":"product_tag-trzecia-kondygnacja","12":"first","13":"instock","14":"shipping-taxable","15":"purchasable","16":"product-type-simple"},"_links":{"self":[{"href":"https:\/\/isopllc.com\/pl\/wp-json\/wp\/v2\/product\/1798","targetHints":{"allow":["GET"]}}],"collection":[{"href":"https:\/\/isopllc.com\/pl\/wp-json\/wp\/v2\/product"}],"about":[{"href":"https:\/\/isopllc.com\/pl\/wp-json\/wp\/v2\/types\/product"}],"replies":[{"embeddable":true,"href":"https:\/\/isopllc.com\/pl\/wp-json\/wp\/v2\/comments?post=1798"}],"wp:featuredmedia":[{"embeddable":true,"href":"https:\/\/isopllc.com\/pl\/wp-json\/wp\/v2\/media\/4247"}],"wp:attachment":[{"href":"https:\/\/isopllc.com\/pl\/wp-json\/wp\/v2\/media?parent=1798"}],"wp:term":[{"taxonomy":"product_brand","embeddable":true,"href":"https:\/\/isopllc.com\/pl\/wp-json\/wp\/v2\/product_brand?post=1798"},{"taxonomy":"product_cat","embeddable":true,"href":"https:\/\/isopllc.com\/pl\/wp-json\/wp\/v2\/product_cat?post=1798"},{"taxonomy":"product_tag","embeddable":true,"href":"https:\/\/isopllc.com\/pl\/wp-json\/wp\/v2\/product_tag?post=1798"}],"curies":[{"name":"wp","href":"https:\/\/api.w.org\/{rel}","templated":true}]}}