{"id":4126,"date":"2020-07-22T12:10:12","date_gmt":"2020-07-22T12:10:12","guid":{"rendered":"https:\/\/isopllc.com\/uk\/?post_type=product&#038;p=4126"},"modified":"2025-07-07T06:27:09","modified_gmt":"2025-07-07T06:27:09","slug":"nosnik-ewakuacyjny-dla-dzieci-do-68-kg","status":"publish","type":"product","link":"https:\/\/isopllc.com\/pl\/product\/nosnik-ewakuacyjny-dla-dzieci-do-68-kg\/","title":{"rendered":"Urz\u0105dzenie ewakuacyjne dla dzieci lub zwierz\u0105t do 68 kg"},"content":{"rendered":"<div class=\"celwidget aplus-module module-1\" data-cel-widget=\"aplus-module-1\">\n<div class=\"a-expander-collapsed-height a-row a-expander-container a-expander-partial-collapse-container\" data-a-expander-name=\"aplus-module-expander\" data-a-expander-collapsed-height=\"700\">\n<div class=\"a-expander-content a-expander-partial-collapse-content\">\n<div class=\"aplus-module-wrapper apm-fixed-width\">\n<div class=\"apm-spacing apm-wrap\">\n<div class=\"apm-floatleft apm-wrap\">\n<div class=\"apm-leftimage\"><img decoding=\"async\" class=\"a-spacing-mini alignleft\" src=\"https:\/\/m.media-amazon.com\/images\/S\/aplus-media\/sc\/12937edf-a97d-4a60-bf54-3b50b9ed8d44.__CR0,0,300,400_PT0_SX300_V1___.jpg\" alt=\"firebag 1\" data-src=\"https:\/\/m.media-amazon.com\/images\/S\/aplus-media\/sc\/12937edf-a97d-4a60-bf54-3b50b9ed8d44.__CR0,0,300,400_PT0_SX300_V1___.jpg\" data- title=\"\"><\/div>\n<div class=\"apm-rightthirdcol\">\n<div class=\"apm-rightthirdcol-inner\">\n<h3 class=\"a-spacing-mini\">Upewnij si\u0119, \u017ce Tw\u00f3j Anio\u0142ek pozostanie bezpieczny w przypadku wybuchu po\u017caru!<\/h3>\n<h4 class=\"a-spacing-mini a-color-secondary a-text-italic\">Przedstawiamy najlepsze urz\u0105dzenie do ewakuacji przeciwpo\u017carowej dla dzieci lub zwierz\u0105t, oferowane przez ISOP!<\/h4>\n<p class=\"a-spacing-base\">Mieszkasz na 5 pi\u0119trze i martwisz si\u0119 o bezpiecze\u0144stwo swoich dzieci w przypadku po\u017caru?\u00a0Czy spa\u0142aby\u015b lepiej, wiedz\u0105c, \u017ce Twoje dziecko lub zwierzak mo\u017ce bezpiecznie uciec na zewn\u0105trz budynku?<\/p>\n<p class=\"a-spacing-base\">Worek ratunkowy wykonany w formie plecaka, dzi\u0119ki czemu w nag\u0142ych wypadkach mo\u017cna w nim umie\u015bci\u0107 niemowl\u0119 lub zwierzaka, wystarczy go za\u0142o\u017cy\u0107 i wybiegn\u0105\u0107 lub opu\u015bci\u0107 z okna za pomoc\u0105 wytrzyma\u0142ej liny.<\/p>\n<h4 class=\"a-spacing-base\"><span class=\"a-text-bold\">Zabierz swoje dziecko od niebezpiecze\u0144stwa do bezpiecze\u0144stwa w 3 krokach!<\/span><\/h4>\n<div class=\"amp-centerthirdcol-listbox\">\n<div class=\"apm-listbox amp-centerthirdcol-listbox a-box a-color-alternate-background a-spacing-small\">\n<div class=\"a-box-inner\">\n<ul class=\"a-unordered-list a-vertical\">\n<li><span class=\"a-list-item\"><span class=\"a-size-base a-color-secondary\">Roz\u0142o\u017cy\u0107 przeciwpo\u017carowe urz\u0105dzenie ewakuacyjne<\/span><\/span><\/li>\n<li><span class=\"a-list-item\"><span class=\"a-size-base a-color-secondary\">Umie\u015b\u0107 poduszk\u0119 w \u015brodku i na niej swoje dziecko lub zwierzak<\/span><\/span><\/li>\n<li><span class=\"a-list-item\"><span class=\"a-size-base a-color-secondary\">Opu\u015b\u0107 worek z cenn\u0105 zawarto\u015bci\u0105 z zewn\u0105trz budynku na ziemi\u0119<\/span><\/span><\/li>\n<\/ul>\n<\/div>\n<\/div>\n<\/div>\n<div class=\"amp-centerthirdcol-listbox\">\n<div class=\"apm-listbox amp-centerthirdcol-listbox a-box a-color-alternate-background a-spacing-small\">\n<div class=\"a-box-inner\">\n<p><img loading=\"lazy\" decoding=\"async\" class=\"size-medium wp-image-1297 alignleft\" title=\"Urz\u0105dzenie ewakuacyjne dla dzieci lub zwierz\u0105t do 150 funt\u00f3w 2\" src=\"https:\/\/isopllc.com\/usa\/wp-content\/uploads\/sites\/4\/2020\/01\/1-copy-225x300.jpg\" alt=\"1 kopia\" width=\"225\" height=\"300\" srcset=\"https:\/\/isopllc.com\/pl\/wp-content\/uploads\/sites\/11\/2020\/01\/1-copy-225x300.jpg 225w, https:\/\/isopllc.com\/pl\/wp-content\/uploads\/sites\/11\/2020\/01\/1-copy.jpg 300w\" sizes=\"auto, (max-width: 225px) 100vw, 225px\" \/><\/p>\n<h3 class=\"a-color-secondary\">Bez wzgl\u0119du na to, czy mieszkasz na pierwszym, czy na pi\u0105tym pi\u0119trze, Twoje dziecko bezpiecznie dotrze na ziemi\u0119, z dala od zagra\u017caj\u0105cego \u017cyciu ognia i dusz\u0105cego dymu.<\/h3>\n<h4 class=\"a-spacing-small a-size-small a-color-secondary\"><span class=\"a-text-bold\">Dlaczego warto wybra\u0107 ratunkow\u0105 torb\u0119 ratunkow\u0105 ISOP?<\/span><\/h4>\n<div class=\"apm-listbox a-box a-color-alternate-background a-spacing-small\">\n<div class=\"a-box-inner\">\n<ul class=\"a-unordered-list a-vertical\">\n<li><span class=\"a-list-item\"><span class=\"a-size-base a-color-secondary\">W zestawie z DARMOW\u0104 wytrzyma\u0142\u0105 lin\u0105 o d\u0142ugo\u015bci 50 st\u00f3p<\/span><\/span><\/li>\n<li><span class=\"a-list-item\"><span class=\"a-size-base a-color-secondary\">Doskona\u0142y do \u200b\u200bdom\u00f3w do 5 pi\u0119tra<\/span><\/span><\/li>\n<li><span class=\"a-list-item\"><span class=\"a-size-base a-color-secondary\">Du\u017cy prz\u00f3d z siatki powlekanej PVC dla lepszego przep\u0142ywu powietrza<\/span><\/span><\/li>\n<li><span class=\"a-list-item\"><span class=\"a-size-base a-color-secondary\">\u0141atwy do przechowywania w wygodnym pokrowcu<\/span><\/span><\/li>\n<li><span class=\"a-list-item\"><span class=\"a-size-base a-color-secondary\">Uzupe\u0142nij sw\u00f3j zestaw narz\u0119dzi awaryjnych!<\/span><\/span><\/li>\n<li><span class=\"a-list-item\"><span class=\"a-size-base a-color-secondary\">Zalecane dla dzieci do 75 funt\u00f3w.<\/span><\/span><\/li>\n<\/ul>\n<p class=\"a-spacing-small a-size-small a-color-secondary\">Nie musisz ju\u017c d\u0142u\u017cej traci\u0107 snu z powodu bezpiecze\u0144stwa swojego anio\u0142a!<\/p>\n<p class=\"a-spacing-small a-size-small a-color-secondary\">W ISOP od dawna oferujemy najlepszy sprz\u0119t do ucieczki przed po\u017carem.\u00a0Nasze drabiny ewakuacyjne, worki stra\u017cackie zdoby\u0142y zaufanie naszych cennych klient\u00f3w.<\/p>\n<p class=\"a-spacing-small a-size-small a-color-secondary\">U\u017cywaj na w\u0142asne ryzyko.<\/p>\n<ul class=\"a-unordered-list a-vertical a-spacing-none\">\n<li><span class=\"a-list-item\">CHRONI\u0106 SWOICH KOCHANYCH: Upewnij si\u0119, \u017ce Twoje dziecko jest bezpieczne w przypadku po\u017caru!\u00a0Umie\u015b\u0107 poduszk\u0119 w tym urz\u0105dzeniu przeciwpo\u017carowym, w\u0142\u00f3\u017c swoje dziecko &#8211; lub futrzanego przyjaciela &#8211; do \u015brodka i opu\u015b\u0107 je w bezpieczne miejsce.<\/span><\/li>\n<li><span class=\"a-list-item\">\u0141ATWE W U\u017bYCIU I PRZECHOWYWANIU: Po prostu roz\u0142\u00f3\u017c to \u0142atwe w u\u017cyciu narz\u0119dzie przeciwpo\u017carowe i nie tra\u0107 czasu w przypadku po\u017caru!\u00a0To ratuj\u0105ce \u017cycie narz\u0119dzie przeciwpo\u017carowe jest dostarczane z por\u0119cznym pokrowcem do przechowywania oszcz\u0119dzaj\u0105cego miejsce.<\/span><\/li>\n<li><span class=\"a-list-item\">WSZYSTKO, CZEGO POTRZEBUJESZ DO SZYBKIEJ UCIECZKI PO\u017bAROWEJ W JEDNEJ TOREBCE: Oferujemy Ci wytrzyma\u0142\u0105 lin\u0119 o d\u0142ugo\u015bci 50 st\u00f3p jako BONUS, dzi\u0119ki czemu masz wszystko, czego potrzebujesz, gotowe do bezpiecznej ewakuacji przeciwpo\u017carowej Twojego dziecka w jednym miejscu.<\/span><\/li>\n<li><span class=\"a-list-item\">WYMIARY: 71\/53\/35 cm<\/span><\/li>\n<\/ul>\n<p>Dost\u0119pny r\u00f3wnie\u017c w <a href=\"https:\/\/isopllc.com\/pl\/product\/urzadzenie-ewakuacyjne-dla-dzieci-do-35-kg\/\"><strong>ma\u0142ym rozmiarze.<\/strong><\/a><\/p>\n<\/div>\n<\/div>\n<\/div>\n<\/div>\n<\/div>\n<\/div>\n<\/div>\n<\/div>\n<\/div>\n<\/div>\n<\/div>\n<\/div>\n<\/div>\n","protected":false},"excerpt":{"rendered":"[embed]https:\/\/youtu.be\/ulXdO-Iuk1Q[\/embed]\n<p id=\"title\" class=\"a-size-large a-spacing-none\" style=\"text-align: center\"><span id=\"productTitle\" class=\"a-size-large product-title-word-break\">No\u015bnik ewakuacyjny dla dzieci lub zwierz\u0105t domowych do 68 kg &#8211; Torba ewakuacyjna przez okna lub lina balkonowa 15 m i karabinek w zestawie (du\u017cy)<\/span><\/p>\n<p style=\"text-align: center\">DARMOWA DOSTAWA W CI\u0104GU 3-7 DNI<\/p>\n<h4 style=\"text-align: center\"><strong>KUP ON<\/strong><\/h4>\n<p><a href=\"https:\/\/www.amazon.pl\/Sprz%C4%99t-Przeciwpo%C5%BCarowy-ISOP-Dzieci-Zwierz%C4%85t\/dp\/B0846W7HMD\/ref=sr_1_1?__mk_pl_PL=%C3%85M%C3%85%C5%BD%C3%95%C3%91&amp;dchild=1&amp;keywords=Torba%20Ewakuacyjna%20dla%20Dzieci&amp;qid=1628694977&amp;sr=8-1&amp;th=1\"><img loading=\"lazy\" decoding=\"async\" class=\"wp-image-1040 size-full aligncenter\" src=\"https:\/\/rightfoodonly.com\/wp-content\/uploads\/amazon-button9.png\" alt=\"\" width=\"160\" height=\"59\" \/><\/a><\/p>\n<p>&nbsp;<\/p>\n","protected":false},"featured_media":4255,"comment_status":"open","ping_status":"closed","template":"","meta":[],"product_brand":[],"product_cat":[202],"product_tag":[117,119,116,118],"class_list":{"0":"post-4126","1":"product","2":"type-product","3":"status-publish","4":"has-post-thumbnail","6":"product_cat-drabiny-ewakuacyjne-dla-zwierzat","7":"product_tag-dzieci","8":"product_tag-ratunkowe-urzadzenie","9":"product_tag-urzadzenie-ewakuacyjne","10":"product_tag-zwierzeta","12":"first","13":"instock","14":"shipping-taxable","15":"purchasable","16":"product-type-variable"},"_links":{"self":[{"href":"https:\/\/isopllc.com\/pl\/wp-json\/wp\/v2\/product\/4126","targetHints":{"allow":["GET"]}}],"collection":[{"href":"https:\/\/isopllc.com\/pl\/wp-json\/wp\/v2\/product"}],"about":[{"href":"https:\/\/isopllc.com\/pl\/wp-json\/wp\/v2\/types\/product"}],"replies":[{"embeddable":true,"href":"https:\/\/isopllc.com\/pl\/wp-json\/wp\/v2\/comments?post=4126"}],"wp:featuredmedia":[{"embeddable":true,"href":"https:\/\/isopllc.com\/pl\/wp-json\/wp\/v2\/media\/4255"}],"wp:attachment":[{"href":"https:\/\/isopllc.com\/pl\/wp-json\/wp\/v2\/media?parent=4126"}],"wp:term":[{"taxonomy":"product_brand","embeddable":true,"href":"https:\/\/isopllc.com\/pl\/wp-json\/wp\/v2\/product_brand?post=4126"},{"taxonomy":"product_cat","embeddable":true,"href":"https:\/\/isopllc.com\/pl\/wp-json\/wp\/v2\/product_cat?post=4126"},{"taxonomy":"product_tag","embeddable":true,"href":"https:\/\/isopllc.com\/pl\/wp-json\/wp\/v2\/product_tag?post=4126"}],"curies":[{"name":"wp","href":"https:\/\/api.w.org\/{rel}","templated":true}]}}