{"id":4131,"date":"2020-07-22T12:50:06","date_gmt":"2020-07-22T12:50:06","guid":{"rendered":"https:\/\/isopllc.com\/uk\/?post_type=product&#038;p=4131"},"modified":"2025-07-01T05:24:56","modified_gmt":"2025-07-01T05:24:56","slug":"pelna-uprzaz-wspinaczkowa-ze-smycza","status":"publish","type":"product","link":"https:\/\/isopllc.com\/pl\/product\/pelna-uprzaz-wspinaczkowa-ze-smycza\/","title":{"rendered":"Pe\u0142na uprz\u0105\u017c wspinaczkowa ze smycz\u0105"},"content":{"rendered":"<div class=\"celwidget aplus-module module-9\" data-cel-widget=\"aplus-module-9\">\n<div class=\"a-expander-collapsed-height a-row a-expander-container a-expander-partial-collapse-container\" data-a-expander-name=\"aplus-module-expander\" data-a-expander-collapsed-height=\"700\">\n<div class=\"a-expander-content a-expander-partial-collapse-content\">\n<div class=\"aplus-module-wrapper\">\n<div class=\"apm-spacing apm-fixed-width\">\n<ul class=\"a-unordered-list a-vertical\">\n<li><span class=\"a-list-item\">\u015awietnie zbudowany: ISOP 5D-Ring Industrial Full Body Harness ma jeden pier\u015bcie\u0144 grzbietowy, kt\u00f3ry znajduje si\u0119 z ty\u0142u i dwa na ramionach, dwa na biodrach do cel\u00f3w pozycjonowania podczas pracy.\u00a0Pier\u015bcie\u0144 grzbietowy s\u0142u\u017cy g\u0142\u00f3wnie do zatrzymywania upadku, a tak\u017ce do unieruchamiania i ratowania.\u00a0Prz\u00f3d sk\u0142ada si\u0119 z dw\u00f3ch p\u0119tli parcianych, kt\u00f3re by\u0142y u\u017cywane do mocowania siedziska lub punktu wpinania LADDER CLIMB. Dwie p\u0119tle musz\u0105 by\u0107 po\u0142\u0105czone karabi\u0144czykiem lub hakiem zabezpieczaj\u0105cym jako jeden punkt mocowania.<\/span><\/li>\n<li><span class=\"a-list-item\">Super wygodna: nasza profesjonalna uprz\u0105\u017c bezpiecze\u0144stwa zapewnia wygod\u0119 monta\u017cu nak\u0142adki na tali\u0119 i nog\u0119, zapewnia pracownikom nieograniczon\u0105 regulacj\u0119 w g\u00f3r\u0119 iw d\u00f3\u0142 oraz pod k\u0105tem, zapewniaj\u0105c idealne dopasowanie.\u00a0Doskona\u0142y do \u200b\u200bbudowy, rozbi\u00f3rki, wspinaczki, spawania, pokrycia dach\u00f3w, biwakowania, ratownictwa, ratownictwa, kszta\u0142towania krajobrazu, bruku, policji, kolei, sanitariat\u00f3w, bezpiecze\u0144stwa, geodety, arborysty, myjki okien, czyszczenia rynien i innych.<\/span><\/li>\n<li><span class=\"a-list-item\">Uniwersalny rozmiar: jeden rozmiar odpowiedni dla m\u0119\u017cczyzn i kobiet (SM-XL).\u00a0Rozmiar talii: 66-130 cm (26 cali-51,1 cala) Rozmiar nogawek: 46-76 cm (18,1 cala-29,9 cala) Jest \u0142atwy do szybkiego za\u0142o\u017cenia, wygodny w noszeniu przez ca\u0142y dzie\u0144 i \u0142atwy w u\u017cyciu.\u00a0MATERIA\u0141 PREMIUM I SZTYWNE PRZESZYCIE: Wszystkie nasze szelki bezpiecze\u0144stwa zosta\u0142y wykonane w 100% z przemys\u0142owych syntetycznych w\u0142\u00f3kien poliestrowych o wysokiej wytrzyma\u0142o\u015bci, kt\u00f3re charakteryzuj\u0105 si\u0119 doskona\u0142\u0105 odporno\u015bci\u0105 na starzenie, \u015bcieranie i ciep\u0142o oraz zapewniaj\u0105 wytrzyma\u0142o\u015b\u0107 ta\u015bmy do 25 KN (2500 kg).<\/span><\/li>\n<li><span class=\"a-list-item\">Administracja ds. Bezpiecze\u0144stwa i Zdrowia w Pracy zosta\u0142a utworzona przez Kongres, aby zapewni\u0107 m\u0119\u017cczyznom i kobietom bezpieczne i zdrowe warunki pracy poprzez ustanowienie standard\u00f3w i zapewnienie szkole\u0144, pomocy, edukacji i pomocy.\u00a0Podczas pracy na wysoko\u015bci 6 st\u00f3p wymagany jest osobisty system zatrzymuj\u0105cy upadek.\u00a0lub wi\u0119cej powy\u017cej ni\u017cszych poziom\u00f3w i zwykle sk\u0142ada si\u0119 z pe\u0142nej uprz\u0119\u017cy, urz\u0105dzenia deklaracyjnego, smyczy i punktu kotwiczenia.\u00a0Budownictwo, arborysta, myjka okien, czyszczenie rynien, pokrycia dachowe, poszukiwanie i ratownictwo.<\/span><\/li>\n<\/ul>\n<p><img decoding=\"async\" class=\"aligncenter\" src=\"https:\/\/m.media-amazon.com\/images\/S\/aplus-media\/sc\/b2ce0b46-0c95-4365-8c61-a5fd05505e58.__CR0,0,970,300_PT0_SX970_V1___.jpg\" alt=\"belt-harness\" data-src=\"https:\/\/m.media-amazon.com\/images\/S\/aplus-media\/sc\/b2ce0b46-0c95-4365-8c61-a5fd05505e58.__CR0,0,970,300_PT0_SX970_V1___.jpg\" data- title=\"\"><\/p>\n<\/div>\n<\/div>\n<\/div>\n<\/div>\n<\/div>\n<div class=\"celwidget aplus-module module-12\" data-cel-widget=\"aplus-module-12\">\n<div class=\"a-expander-collapsed-height a-row a-expander-container a-expander-partial-collapse-container\" data-a-expander-name=\"aplus-module-expander\" data-a-expander-collapsed-height=\"360\">\n<div class=\"a-expander-content a-expander-partial-collapse-content\">\n<div class=\"aplus-module-wrapper apm-spacing apm-floatnone\">\n<div class=\"apm-sidemodule aplus-module-content\">\n<div>\n<p>&nbsp;<\/p>\n<\/div>\n<p>&nbsp;<\/p>\n<\/div>\n<\/div>\n<\/div>\n<\/div>\n<\/div>\n","protected":false},"excerpt":{"rendered":"<p id=\"title\" class=\"a-size-large a-spacing-none\" style=\"text-align: center;\"><span id=\"productTitle\" class=\"a-size-large product-title-word-break\">Uprz\u0105\u017c i smycz na ca\u0142e cia\u0142o &#8211; Rozmiar splotki &#8211; Ochrona przed upadkiem &#8211; Przeno\u015bny sprz\u0119t ochrony osobistej do wspinaczki ska\u0142kowej<\/span><\/p>\n<p style=\"text-align: center;\">DARMOWA DOSTAWA W CI\u0104GU 3-7 DNI<\/p>\n<h4 style=\"text-align: center;\"><strong>KUP ON<\/strong><\/h4>\n<p><a href=\"https:\/\/www.amazon.pl\/dp\/B09X5K5W6J?ref=myi_title_dp\"><img loading=\"lazy\" decoding=\"async\" class=\"aligncenter wp-image-1040 size-full\" src=\"https:\/\/isopllc.com\/pl\/wp-content\/uploads\/sites\/11\/2020\/01\/amazon-button9.png\" alt=\"\" width=\"160\" height=\"59\" \/><\/a><\/p>\n<p>&nbsp;<\/p>\n","protected":false},"featured_media":4275,"comment_status":"open","ping_status":"closed","template":"","meta":[],"product_brand":[],"product_cat":[203],"product_tag":[110,109,114,113],"class_list":{"0":"post-4131","1":"product","2":"type-product","3":"status-publish","4":"has-post-thumbnail","6":"product_cat-akcesoria-do-drabin-przeciwpozarowych","7":"product_tag-bezpieczenstwo","8":"product_tag-pelna-uprzaz","9":"product_tag-smycz","10":"product_tag-uprzaz-wspinaczkowa","12":"first","13":"instock","14":"shipping-taxable","15":"purchasable","16":"product-type-simple"},"_links":{"self":[{"href":"https:\/\/isopllc.com\/pl\/wp-json\/wp\/v2\/product\/4131","targetHints":{"allow":["GET"]}}],"collection":[{"href":"https:\/\/isopllc.com\/pl\/wp-json\/wp\/v2\/product"}],"about":[{"href":"https:\/\/isopllc.com\/pl\/wp-json\/wp\/v2\/types\/product"}],"replies":[{"embeddable":true,"href":"https:\/\/isopllc.com\/pl\/wp-json\/wp\/v2\/comments?post=4131"}],"wp:featuredmedia":[{"embeddable":true,"href":"https:\/\/isopllc.com\/pl\/wp-json\/wp\/v2\/media\/4275"}],"wp:attachment":[{"href":"https:\/\/isopllc.com\/pl\/wp-json\/wp\/v2\/media?parent=4131"}],"wp:term":[{"taxonomy":"product_brand","embeddable":true,"href":"https:\/\/isopllc.com\/pl\/wp-json\/wp\/v2\/product_brand?post=4131"},{"taxonomy":"product_cat","embeddable":true,"href":"https:\/\/isopllc.com\/pl\/wp-json\/wp\/v2\/product_cat?post=4131"},{"taxonomy":"product_tag","embeddable":true,"href":"https:\/\/isopllc.com\/pl\/wp-json\/wp\/v2\/product_tag?post=4131"}],"curies":[{"name":"wp","href":"https:\/\/api.w.org\/{rel}","templated":true}]}}