{"id":4135,"date":"2020-07-23T00:00:18","date_gmt":"2020-07-23T00:00:18","guid":{"rendered":"https:\/\/isopllc.com\/uk\/?post_type=product&#038;p=4135"},"modified":"2025-07-02T06:24:50","modified_gmt":"2025-07-02T06:24:50","slug":"lina-zabezpieczajaca-10-m-do-fitnessu-i-sily-8-mm","status":"publish","type":"product","link":"https:\/\/isopllc.com\/pl\/product\/lina-zabezpieczajaca-10-m-do-fitnessu-i-sily-8-mm\/","title":{"rendered":"Lina zabezpieczaj\u0105ca 10 m do fitnessu i si\u0142y 8 mm"},"content":{"rendered":"<p>Lina zabezpieczaj\u0105ca 10 m do fitnessu i si\u0142y 8 mm &#8211; Trening &#8211; \u0106wiczenia &#8211; \u0106wiczenia na si\u0142owni lub domek na drzewie &#8211; Wielofunkcyjna lina do zje\u017cd\u017cania<\/p>\n<div class=\"celwidget aplus-module 3p-module-b\" data-csa-c-id=\"nowmhf-2y3beb-44u65e-yyx98q\" data-cel-widget=\"aplus-3p-module-b\">\n<div class=\"aplus-3p-fixed-width\">\n<p><img decoding=\"async\" class=\"a-spacing-base\" src=\"https:\/\/m.media-amazon.com\/images\/S\/aplus-media\/sc\/2139ab74-3bba-4e4d-9e48-bd89cc9a627f.__CR0,0,1191,737_PT0_SX970_V1___.jpg\" alt=\"rope\" data-src=\"https:\/\/m.media-amazon.com\/images\/S\/aplus-media\/sc\/2139ab74-3bba-4e4d-9e48-bd89cc9a627f.__CR0,0,1191,737_PT0_SX970_V1___.jpg\" data- title=\"\"><\/p>\n<p class=\"a-spacing-base\"><span class=\"a-text-bold\">ISOP <\/span><span class=\"a-text-bold\">Lina wspinaczkowa<\/span><\/p>\n<ul class=\"a-unordered-list a-vertical\">\n<li><span class=\"a-list-item\">Wysoka odporno\u015b\u0107 na wilgo\u0107, niska rozci\u0105gliwo\u015b\u0107 i wysoka wytrzyma\u0142o\u015b\u0107, zewn\u0119trzna lina do wspinaczki ska\u0142kowej z dwoma haczykami spr\u0119\u017cynowymi.\u00a0Jedna lina poliestrowa Dwa metalowe karabi\u0144czyki Poliester o wysokiej wytrzyma\u0142o\u015bci z 12 rdzeniami.\u00a0Bardzo mocny i trwa\u0142y, odporny na rozdarcie, blakni\u0119cie.<\/span><\/li>\n<li><span class=\"a-list-item\">Szerokie zastosowanie: ucieczka, przetrwanie w po\u017carze, tworzenie kopii zapasowych, wspinaczka, piesze wycieczki, kemping, zjazd, ochrona in\u017cynieryjna, w\u0119dkowanie, smycz, akcesoria do stojak\u00f3w na drzewa, szkolenia, prace na wysoko\u015bci, jaskinie, zjazdy na linie, SRT itp.<\/span><\/li>\n<li><span class=\"a-list-item\">Lekkie liny uniwersalne ISOP s\u0105 najlepsze do prac ratowniczych, speleologii, w\u0119dr\u00f3wek, zjazd\u00f3w na linie, wspinaczki ska\u0142kowej, prac na drzewach, lin ratunkowych wewn\u0105trz \/ na zewn\u0105trz, wspinania si\u0119 po sta\u0142ych linach z wyci\u0105garkami i ci\u0105gni\u0119cia \u0142adunk\u00f3w.<\/span><\/li>\n<li><span class=\"a-list-item\">\u015arednica 8 mm, wytrzyma\u0142o\u015b\u0107 na rozci\u0105ganie 10KN \uff08oko\u0142o 1,15 tony), Wykonane ze wzmocnionej liny poliestrowej, 12 lin z pe\u0142nym rdzeniem, umiarkowana mi\u0119kko\u015b\u0107 i mocne wi\u0105zanie.<\/span><\/li>\n<li><span class=\"a-list-item\">Liny statyczne, d\u0142ugo\u015b\u0107 32 st\u00f3p (10 m) 50 st\u00f3p (15 m) 75 st\u00f3p (24 m) \u015arednica 8 mm<\/span><\/li>\n<\/ul>\n<p><img decoding=\"async\" class=\"a-spacing-mini alignleft\" style=\"font-weight: 600;\" src=\"https:\/\/m.media-amazon.com\/images\/S\/aplus-media\/sc\/e7c2fbd5-c25f-4e0e-a5e8-a6cb9ed414a8.__CR0,6,444,444_PT0_SX300_V1___.jpg\" alt=\"rope carabiner\" data-src=\"https:\/\/m.media-amazon.com\/images\/S\/aplus-media\/sc\/e7c2fbd5-c25f-4e0e-a5e8-a6cb9ed414a8.__CR0,6,444,444_PT0_SX300_V1___.jpg\" data- title=\"\"><img decoding=\"async\" class=\"a-spacing-mini alignleft\" src=\"https:\/\/m.media-amazon.com\/images\/S\/aplus-media\/sc\/bd5e2b88-9be2-4b18-997f-132ecc5b4c79.__CR0,0,375,375_PT0_SX300_V1___.jpg\" alt=\"rope in use\" data-src=\"https:\/\/m.media-amazon.com\/images\/S\/aplus-media\/sc\/bd5e2b88-9be2-4b18-997f-132ecc5b4c79.__CR0,0,375,375_PT0_SX300_V1___.jpg\" data- title=\"\"><\/p>\n<p><img decoding=\"async\" class=\"a-spacing-mini alignleft\" src=\"https:\/\/m.media-amazon.com\/images\/S\/aplus-media\/sc\/25108dab-00f3-4339-9d10-6ece0d3ecf3a.__CR0,0,474,474_PT0_SX300_V1___.jpg\" alt=\"rope\" data-src=\"https:\/\/m.media-amazon.com\/images\/S\/aplus-media\/sc\/25108dab-00f3-4339-9d10-6ece0d3ecf3a.__CR0,0,474,474_PT0_SX300_V1___.jpg\" data- title=\"\"><\/p>\n<\/div>\n<\/div>\n<div class=\"celwidget aplus-module module-9\" data-csa-c-id=\"yrxrkz-2df20p-aecg9q-sln8nr\" data-cel-widget=\"aplus-module-9\">\n<div class=\"a-expander-collapsed-height a-row a-expander-container a-expander-partial-collapse-container\" data-a-expander-name=\"aplus-module-expander\" data-a-expander-collapsed-height=\"700\">\n<div class=\"a-expander-content a-expander-partial-collapse-content\">\n<div class=\"aplus-module-wrapper\">\n<div class=\"apm-spacing apm-fixed-width\"><\/div>\n<\/div>\n<\/div>\n<\/div>\n<\/div>\n","protected":false},"excerpt":{"rendered":"<p style=\"text-align: center;\">Lina zabezpieczaj\u0105ca 10 m do fitnessu i si\u0142y 8 mm &#8211; Trening &#8211; \u0106wiczenia &#8211; \u0106wiczenia na si\u0142owni lub domek na drzewie &#8211; Wielofunkcyjna lina do zje\u017cd\u017cania<\/p>\n<p style=\"text-align: center;\">DARMOWA DOSTAWA W CI\u0104GU 3-7 DNI<\/p>\n<h4 style=\"text-align: center;\"><strong>KUP ON<\/strong><\/h4>\n<p><a href=\"https:\/\/www.amazon.pl\/Lina-Asekuracyjna-ISOP-Sprawno%C5%9Bci-Sily\/dp\/B08671MBFL\/ref=sr_1_1?__mk_pl_PL=%C3%85M%C3%85%C5%BD%C3%95%C3%91&amp;dchild=1&amp;keywords=Lina%20Asekuracyjna%20do%20Sprawno%C5%9Bci%20i%20Si%C5%82y&amp;qid=1628695957&amp;sr=8-1\"><img loading=\"lazy\" decoding=\"async\" class=\"wp-image-1040 size-full aligncenter\" src=\"https:\/\/rightfoodonly.com\/wp-content\/uploads\/amazon-button9.png\" alt=\"\" width=\"160\" height=\"59\" \/><\/a><\/p>\n<p>&nbsp;<\/p>\n","protected":false},"featured_media":4278,"comment_status":"open","ping_status":"closed","template":"","meta":[],"product_brand":[],"product_cat":[199],"product_tag":[151,153,150,152],"class_list":{"0":"post-4135","1":"product","2":"type-product","3":"status-publish","4":"has-post-thumbnail","6":"product_cat-zestawy-ratownicze-i-przetrwania","7":"product_tag-fitness","8":"product_tag-lina-treningowa","9":"product_tag-lina-zabezpieczajaca","10":"product_tag-sila","12":"first","13":"instock","14":"shipping-taxable","15":"purchasable","16":"product-type-simple"},"_links":{"self":[{"href":"https:\/\/isopllc.com\/pl\/wp-json\/wp\/v2\/product\/4135","targetHints":{"allow":["GET"]}}],"collection":[{"href":"https:\/\/isopllc.com\/pl\/wp-json\/wp\/v2\/product"}],"about":[{"href":"https:\/\/isopllc.com\/pl\/wp-json\/wp\/v2\/types\/product"}],"replies":[{"embeddable":true,"href":"https:\/\/isopllc.com\/pl\/wp-json\/wp\/v2\/comments?post=4135"}],"wp:featuredmedia":[{"embeddable":true,"href":"https:\/\/isopllc.com\/pl\/wp-json\/wp\/v2\/media\/4278"}],"wp:attachment":[{"href":"https:\/\/isopllc.com\/pl\/wp-json\/wp\/v2\/media?parent=4135"}],"wp:term":[{"taxonomy":"product_brand","embeddable":true,"href":"https:\/\/isopllc.com\/pl\/wp-json\/wp\/v2\/product_brand?post=4135"},{"taxonomy":"product_cat","embeddable":true,"href":"https:\/\/isopllc.com\/pl\/wp-json\/wp\/v2\/product_cat?post=4135"},{"taxonomy":"product_tag","embeddable":true,"href":"https:\/\/isopllc.com\/pl\/wp-json\/wp\/v2\/product_tag?post=4135"}],"curies":[{"name":"wp","href":"https:\/\/api.w.org\/{rel}","templated":true}]}}