{"id":4164,"date":"2020-07-23T01:10:32","date_gmt":"2020-07-23T01:10:32","guid":{"rendered":"https:\/\/isopllc.com\/uk\/?post_type=product&#038;p=4164"},"modified":"2025-07-01T05:24:25","modified_gmt":"2025-07-01T05:24:25","slug":"drabina-linowa-do-wspinania-5-m","status":"publish","type":"product","link":"https:\/\/isopllc.com\/pl\/product\/drabina-linowa-do-wspinania-5-m\/","title":{"rendered":"Drabina linowa do wspinania si\u0119 na drzewa 5 m"},"content":{"rendered":"<div class=\"celwidget aplus-module 3p-module-b\" data-csa-c-id=\"nowmhf-2y3beb-44u65e-yyx98q\" data-cel-widget=\"aplus-3p-module-b\">\n<div class=\"aplus-3p-fixed-width\">\n<div class=\"celwidget aplus-module module-12\" data-csa-c-id=\"s1iknk-g24ke8-rjbj41-bsp0wy\" data-cel-widget=\"aplus-module-12\">\n<div class=\"a-expander-collapsed-height a-row a-expander-container a-expander-partial-collapse-container\" data-a-expander-name=\"aplus-module-expander\" data-a-expander-collapsed-height=\"360\">\n<div class=\"a-expander-content a-expander-partial-collapse-content\">\n<div class=\"aplus-module-wrapper apm-spacing apm-floatnone\">\n<div class=\"apm-sidemodule aplus-module-content\">\n<div class=\"textright apm-hero-text\">\n<h3 style=\"text-align: center;\">Drabina linowa do wspinania si\u0119 na drzewa 5 m &#8211; Akcesoria do hu\u015btawek na zewn\u0105trz \/ wewn\u0105trz &#8211; Wyposa\u017cenie plac\u00f3w zabaw &#8211; Nadaje si\u0119 do ogrodu na poddaszu lub malowania \u015bcian<\/h3>\n<div class=\"celwidget aplus-module module-9 aplus-standard\" data-csa-c-id=\"dra0lg-qq9md5-8rjzq6-mk3tsy\" data-cel-widget=\"aplus-module-9\">\n<div class=\"a-expander-collapsed-height a-row a-expander-container a-expander-partial-collapse-container\" data-a-expander-name=\"aplus-module-expander\" data-a-expander-collapsed-height=\"700\">\n<div class=\"a-expander-content a-expander-partial-collapse-content\">\n<div class=\"aplus-module-wrapper apm-fixed-width\">\n<div class=\"apm-spacing apm-fixed-width\">\n<div class=\"celwidget aplus-module module-9 aplus-standard\" data-csa-c-id=\"dra0lg-qq9md5-8rjzq6-mk3tsy\" data-cel-widget=\"aplus-module-9\">\n<div class=\"a-expander-collapsed-height a-row a-expander-container a-expander-partial-collapse-container\" aria-live=\"polite\" data-a-expander-name=\"aplus-module-expander\" data-a-expander-collapsed-height=\"700\">\n<div class=\"a-expander-content a-expander-partial-collapse-content\" aria-expanded=\"false\">\n<div class=\"aplus-module-wrapper apm-fixed-width\">\n<div class=\"apm-spacing apm-fixed-width\">\n<h3 class=\"a-spacing-small\">DLACZEGO W\u0141A\u015aNIE MY<\/h3>\n<p><img loading=\"lazy\" decoding=\"async\" class=\"a-spacing-mini alignnone\" src=\"https:\/\/m.media-amazon.com\/images\/S\/aplus-media\/sc\/d82a1e3e-a900-400f-bdc7-88edbf99815e.__CR0,33,467,467_PT0_SX300_V1___.jpg\" alt=\"Wyposa\u017cenie plac\u00f3w zabaw\" width=\"300\" height=\"300\" data-src=\"https:\/\/m.media-amazon.com\/images\/S\/aplus-media\/sc\/d82a1e3e-a900-400f-bdc7-88edbf99815e.__CR0,33,467,467_PT0_SX300_V1___.jpg\" data- title=\"\"><\/p>\n<h4 class=\"a-spacing-mini\">NIEZWYKLE WYTRZYMA\u0141O\u015a\u0106<\/h4>\n<p>Do naszych drabin na s\u0142onia u\u017cywane s\u0105 drewniane dr\u0105\u017cki o \u015brednicy 1 cala i nylonowe liny!\u00a0nie tylko dzieci.<\/p>\n<p><img loading=\"lazy\" decoding=\"async\" class=\"a-spacing-mini alignnone\" src=\"https:\/\/m.media-amazon.com\/images\/S\/aplus-media\/sc\/4604e7fb-7786-4a3c-a69a-de2cfa6981c3.__CR0,0,1000,1000_PT0_SX300_V1___.jpg\" alt=\"\" width=\"300\" height=\"300\" data-src=\"https:\/\/m.media-amazon.com\/images\/S\/aplus-media\/sc\/4604e7fb-7786-4a3c-a69a-de2cfa6981c3.__CR0,0,1000,1000_PT0_SX300_V1___.jpg\" data- title=\"\"><\/p>\n<h4 class=\"a-spacing-mini\">ODPORNY NA POGODY<\/h4>\n<p>Materia\u0142y u\u017cyte do budowy Drabina linowa do wspinania dla dzieci o d\u0142ugo\u015bci 5m pozwalaj\u0105 jej wytrzyma\u0107 wszelkie warunki pogodowe.<\/p>\n<p><img loading=\"lazy\" decoding=\"async\" class=\"a-spacing-mini alignnone\" src=\"https:\/\/m.media-amazon.com\/images\/S\/aplus-media\/sc\/6f8fabcf-0a0b-4280-9baa-ddc10f50f697.__CR0,0,1000,1000_PT0_SX300_V1___.jpg\" alt=\"\" width=\"300\" height=\"300\" data-src=\"https:\/\/m.media-amazon.com\/images\/S\/aplus-media\/sc\/6f8fabcf-0a0b-4280-9baa-ddc10f50f697.__CR0,0,1000,1000_PT0_SX300_V1___.jpg\" data- title=\"\"><\/p>\n<h4 class=\"a-spacing-mini\">WIELOFUNKCYJNY<\/h4>\n<p>Te akcesoria do hu\u015btawek zewn\u0119trznych \/ wewn\u0119trznych s\u0105 trwa\u0142e, lekkie i przeno\u015bne, dzi\u0119ki czemu mog\u0105 by\u0107 u\u017cywane nie tylko dla dzieci i nie tylko jako cz\u0119\u015b\u0107 placu zabaw, ale tak\u017ce jako drabina strychowa, drabina strychowa, drabina wspinaczkowa, drabina bezpiecze\u0144stwa, ewakuacja po\u017carowa drabina, drabina do \u0142odzi, wymkn\u0105\u0107 si\u0119 z sypialni na drugim pi\u0119trze i tak dalej.<\/p>\n<p><img loading=\"lazy\" decoding=\"async\" class=\"a-spacing-mini alignnone\" src=\"https:\/\/m.media-amazon.com\/images\/S\/aplus-media\/sc\/17d6b901-16b9-43e1-82ca-f4dc630b4be9.__CR0,0,1000,1000_PT0_SX300_V1___.jpg\" alt=\"\" width=\"300\" height=\"300\" data-src=\"https:\/\/m.media-amazon.com\/images\/S\/aplus-media\/sc\/17d6b901-16b9-43e1-82ca-f4dc630b4be9.__CR0,0,1000,1000_PT0_SX300_V1___.jpg\" data- title=\"\"><\/p>\n<\/div>\n<div><\/div>\n<\/div>\n<div>\n<h4 class=\"a-spacing-mini\">LEKKA<\/h4>\n<p>W por\u00f3wnaniu z analogami wykonanymi z drabin linowych nasze drewniane drabiny s\u0105 znacznie l\u017cejsze, na przyk\u0142ad 5 m Drabina linowa do wspinania ma tylko 2,5 kg.<\/p>\n<p><img loading=\"lazy\" decoding=\"async\" class=\"a-spacing-mini alignnone\" src=\"https:\/\/m.media-amazon.com\/images\/S\/aplus-media\/sc\/ea94af7c-a9af-41fa-9454-4f92481a28dd.__CR0,0,1500,1500_PT0_SX300_V1___.jpg\" alt=\"\" width=\"300\" height=\"300\" data-src=\"https:\/\/m.media-amazon.com\/images\/S\/aplus-media\/sc\/ea94af7c-a9af-41fa-9454-4f92481a28dd.__CR0,0,1500,1500_PT0_SX300_V1___.jpg\" data- title=\"\"><\/p>\n<h4 class=\"a-spacing-mini\">WEWN\u0104TRZ I NA ZEWN\u0104TRZ<\/h4>\n<p>Nasze drewniane drabiny mog\u0105 by\u0107 u\u017cywane jako zewn\u0119trzne na podw\u00f3rku, jak r\u00f3wnie\u017c wewn\u0105trz pokoju, wystarczy u\u017cy\u0107 karabi\u0144czyk\u00f3w do\u0142\u0105czonych do sprzeda\u017cy.\u00a0Nawiasem m\u00f3wi\u0105c, tylko nasze drabiny s\u0105 wyposa\u017cone w klipsy i karabi\u0144czyki!<\/p>\n<p><img loading=\"lazy\" decoding=\"async\" class=\"a-spacing-mini alignnone\" src=\"https:\/\/m.media-amazon.com\/images\/S\/aplus-media\/sc\/39fbd97a-64cf-40ac-a60b-6a4ab47004a0.__CR0,0,1000,1000_PT0_SX300_V1___.jpg\" alt=\"\" width=\"300\" height=\"300\" data-src=\"https:\/\/m.media-amazon.com\/images\/S\/aplus-media\/sc\/39fbd97a-64cf-40ac-a60b-6a4ab47004a0.__CR0,0,1000,1000_PT0_SX300_V1___.jpg\" data- title=\"\"><\/p>\n<h4 class=\"a-spacing-mini\">KOMPAKTOWY I PRZENO\u015aNY<\/h4>\n<p>Zajmuj\u0105 bardzo ma\u0142o miejsca.\u00a0Mo\u017cna go przechowywa\u0107 pod \u0142\u00f3\u017ckiem lub w szafie, a nawet na p\u00f3\u0142ce.<\/p>\n<\/div>\n<\/div>\n<\/div>\n<\/div>\n<div class=\"celwidget aplus-module module-9 aplus-standard\" data-csa-c-id=\"7vmiqp-qi9gff-nm76qb-qdt4yc\" data-cel-widget=\"aplus-module-9\">\n<div class=\"a-expander-collapsed-height a-row a-expander-container a-expander-partial-collapse-container\" aria-live=\"polite\" data-a-expander-name=\"aplus-module-expander\" data-a-expander-collapsed-height=\"700\">\n<div class=\"a-expander-content a-expander-partial-collapse-content\" aria-expanded=\"false\">\n<div class=\"aplus-module-wrapper apm-fixed-width\">\n<div class=\"apm-spacing apm-fixed-width\"><img loading=\"lazy\" decoding=\"async\" class=\"a-spacing-mini alignnone\" src=\"https:\/\/m.media-amazon.com\/images\/S\/aplus-media\/sc\/c5e53092-548a-4ab6-a5a9-6819fe9ace42.__CR0,0,1000,1000_PT0_SX300_V1___.jpg\" alt=\"\" width=\"300\" height=\"300\" data-src=\"https:\/\/m.media-amazon.com\/images\/S\/aplus-media\/sc\/c5e53092-548a-4ab6-a5a9-6819fe9ace42.__CR0,0,1000,1000_PT0_SX300_V1___.jpg\" data- title=\"\"><\/div>\n<div><\/div>\n<\/div>\n<div>\n<h4 class=\"a-spacing-mini\">3 ROZMIARY<\/h4>\n<p>Dost\u0119pne 2 m, 3 m i 5 m.<\/p>\n<p><img loading=\"lazy\" decoding=\"async\" class=\"a-spacing-mini alignnone\" src=\"https:\/\/m.media-amazon.com\/images\/S\/aplus-media\/sc\/4ee58deb-dd1b-4047-8ab7-b31abe407442.__CR35,444,556,556_PT0_SX300_V1___.jpg\" alt=\"\" width=\"300\" height=\"300\" data-src=\"https:\/\/m.media-amazon.com\/images\/S\/aplus-media\/sc\/4ee58deb-dd1b-4047-8ab7-b31abe407442.__CR35,444,556,556_PT0_SX300_V1___.jpg\" data- title=\"\"><\/p>\n<h4 class=\"a-spacing-mini\">NAJWY\u017bSZEJ JAKO\u015aCI<\/h4>\n<p>Z dum\u0105 m\u00f3wimy, \u017ce przez ca\u0142y czas sprzeda\u017cy nie by\u0142o ani jednej reklamacji, \u017ce te drabiny by\u0142y z\u0142ej jako\u015bci i nie ma zwrotu z powodu z\u0142ej jako\u015bci!<\/p>\n<\/div>\n<\/div>\n<p><em>Polecamy zakup drabin od firmy, kt\u00f3ra specjalizuje si\u0119 w ich produkcji, gdy\u017c jest to produkt bezpieczny, a\u00a0<strong>ISOP<\/strong>\u00a0jest jedn\u0105 z nielicznych firm, kt\u00f3ra oferuje szeroki wyb\u00f3r drabin z w\u0142asnego zak\u0142adu produkcyjnego.<\/em><\/p>\n<\/div>\n<\/div>\n<\/div>\n<\/div>\n<\/div>\n<\/div>\n<\/div>\n<\/div>\n<\/div>\n<\/div>\n<\/div>\n<\/div>\n<\/div>\n<\/div>\n<\/div>\n","protected":false},"excerpt":{"rendered":"[embed]https:\/\/youtu.be\/nn0aB3S8o_g?si=thz0ZOe8lPElC9Yk[\/embed]\n<p style=\"text-align: center;\">Drabina linowa do wspinania si\u0119 na drzewa 5 m &#8211; Akcesoria do hu\u015btawek na zewn\u0105trz \/ wewn\u0105trz &#8211; Wyposa\u017cenie plac\u00f3w zabaw &#8211; Nadaje si\u0119 do ogrodu na poddaszu lub malowania \u015bcian<\/p>\n<p style=\"text-align: center;\">DARMOWA DOSTAWA W CI\u0104GU 3-7 DNI<\/p>\n<h4 style=\"text-align: center;\"><strong>KUP ON<\/strong><\/h4>\n<p><a href=\"https:\/\/www.amazon.pl\/dp\/B082XXLC4V\/ref=sr_1_1?__mk_pl_PL=%C3%85M%C3%85%C5%BD%C3%95%C3%91&amp;dchild=1&amp;keywords=Drabinka%20z%20Lin%C4%85%20Wspinaczkow%C4%85%205%20m&amp;qid=1628696017&amp;sr=8-1&amp;th=1\"><img loading=\"lazy\" decoding=\"async\" class=\"wp-image-1040 size-full aligncenter\" src=\"https:\/\/rightfoodonly.com\/wp-content\/uploads\/amazon-button9.png\" alt=\"\" width=\"160\" height=\"59\" \/><\/a><\/p>\n<p>&nbsp;<\/p>\n","protected":false},"featured_media":4817,"comment_status":"open","ping_status":"closed","template":"","meta":[],"product_brand":[],"product_cat":[204],"product_tag":[48,46,47],"class_list":{"0":"post-4164","1":"product","2":"type-product","3":"status-publish","4":"has-post-thumbnail","6":"product_cat-drabiny-linowe-dla-dzieci","7":"product_tag-drabina-bezpieczenstwa","8":"product_tag-drabina-do-wspinaczki","9":"product_tag-wspinaczka-na-drzewa","11":"first","12":"instock","13":"shipping-taxable","14":"purchasable","15":"product-type-simple"},"_links":{"self":[{"href":"https:\/\/isopllc.com\/pl\/wp-json\/wp\/v2\/product\/4164","targetHints":{"allow":["GET"]}}],"collection":[{"href":"https:\/\/isopllc.com\/pl\/wp-json\/wp\/v2\/product"}],"about":[{"href":"https:\/\/isopllc.com\/pl\/wp-json\/wp\/v2\/types\/product"}],"replies":[{"embeddable":true,"href":"https:\/\/isopllc.com\/pl\/wp-json\/wp\/v2\/comments?post=4164"}],"wp:featuredmedia":[{"embeddable":true,"href":"https:\/\/isopllc.com\/pl\/wp-json\/wp\/v2\/media\/4817"}],"wp:attachment":[{"href":"https:\/\/isopllc.com\/pl\/wp-json\/wp\/v2\/media?parent=4164"}],"wp:term":[{"taxonomy":"product_brand","embeddable":true,"href":"https:\/\/isopllc.com\/pl\/wp-json\/wp\/v2\/product_brand?post=4164"},{"taxonomy":"product_cat","embeddable":true,"href":"https:\/\/isopllc.com\/pl\/wp-json\/wp\/v2\/product_cat?post=4164"},{"taxonomy":"product_tag","embeddable":true,"href":"https:\/\/isopllc.com\/pl\/wp-json\/wp\/v2\/product_tag?post=4164"}],"curies":[{"name":"wp","href":"https:\/\/api.w.org\/{rel}","templated":true}]}}