{"id":4264,"date":"2020-09-16T03:55:32","date_gmt":"2020-09-16T03:55:32","guid":{"rendered":"https:\/\/isopllc.com\/uk\/?post_type=product&#038;p=4264"},"modified":"2025-07-15T07:56:04","modified_gmt":"2025-07-15T07:56:04","slug":"awaryjna-drabina-przeciwpozarowa-10-m-3-4-kondygnacyjne-domy-z-lina-bezpieczenstwa","status":"publish","type":"product","link":"https:\/\/isopllc.com\/pl\/product\/awaryjna-drabina-przeciwpozarowa-10-m-3-4-kondygnacyjne-domy-z-lina-bezpieczenstwa\/","title":{"rendered":"Awaryjna drabina ratunkowa 10 m 3-4 kondygnacyjne Domy z lin\u0105 bezpiecze\u0144stwa"},"content":{"rendered":"<p><img loading=\"lazy\" decoding=\"async\" class=\"alignnone size-medium\" src=\"https:\/\/m.media-amazon.com\/images\/S\/aplus-media\/sc\/13268c8b-3101-42a2-abc3-379c553d9afb.__CR0,0,970,300_PT0_SX970_V1___.jpg\" width=\"970\" height=\"300\" alt=\"\" title=\"\"><\/p>\n<div class=\"celwidget aplus-module module-9\" style=\"text-align: center\" data-csa-c-id=\"3d7463-l3bdk0-ygs321-8assbf\" data-cel-widget=\"aplus-module-9\">\n<div class=\"a-expander-collapsed-height a-row a-expander-container a-expander-partial-collapse-container\" aria-live=\"polite\" data-a-expander-name=\"aplus-module-expander\" data-a-expander-collapsed-height=\"700\">\n<div class=\"a-expander-content a-expander-partial-collapse-content\" aria-expanded=\"false\">\n<div class=\"aplus-module-wrapper\">\n<div class=\"apm-spacing apm-fixed-width\">\n<h2><span style=\"vertical-align: inherit\">Awaryjna drabina ewakuacyjna 32 ft<\/span><\/h2>\n<h3 class=\"a-spacing-small\"><span style=\"vertical-align: inherit\">Dlaczego w\u0142a\u015bnie my?<\/span><\/h3>\n<p><img loading=\"lazy\" decoding=\"async\" class=\" wp-image-4547 aligncenter\" src=\"https:\/\/isopllc.com\/pl\/wp-content\/uploads\/sites\/11\/2022\/11\/reflective-rope-ladders.jpg\" alt=\"\" width=\"302\" height=\"402\" title=\"\" srcset=\"https:\/\/isopllc.com\/pl\/wp-content\/uploads\/sites\/11\/2022\/11\/reflective-rope-ladders.jpg 1080w, https:\/\/isopllc.com\/pl\/wp-content\/uploads\/sites\/11\/2022\/11\/reflective-rope-ladders-768x1024.jpg 768w, https:\/\/isopllc.com\/pl\/wp-content\/uploads\/sites\/11\/2022\/11\/reflective-rope-ladders-45x60.jpg 45w, https:\/\/isopllc.com\/pl\/wp-content\/uploads\/sites\/11\/2022\/11\/reflective-rope-ladders-68x90.jpg 68w, https:\/\/isopllc.com\/pl\/wp-content\/uploads\/sites\/11\/2022\/11\/reflective-rope-ladders-750x1000.jpg 750w, https:\/\/isopllc.com\/pl\/wp-content\/uploads\/sites\/11\/2022\/11\/reflective-rope-ladders-416x555.jpg 416w\" sizes=\"auto, (max-width: 302px) 100vw, 302px\" \/><\/p>\n<h4>Opatentowana technologia odblaskowa<\/h4>\n<p>Ta drabina zosta\u0142a zaprojektowana z my\u015bl\u0105 o wygodzie i dost\u0119pno\u015bci.<\/p>\n<p>Specjalny pasek odblaskowy wpleciony w te nylonowe liny sprawia, \u017ce jest dobrze widoczny w wi\u0105zce latarki, dzi\u0119ki czemu nie potkniesz si\u0119 o niego w nocy.<\/p>\n<p><img decoding=\"async\" class=\"a-spacing-mini aligncenter\" src=\"https:\/\/m.media-amazon.com\/images\/S\/aplus-media\/sc\/1d1c9f11-8b81-43e1-b2d9-232d2a154745.__CR0,193,641,641_PT0_SX300_V1___.jpg\" alt=\"Silny\" data-src=\"https:\/\/m.media-amazon.com\/images\/S\/aplus-media\/sc\/1d1c9f11-8b81-43e1-b2d9-232d2a154745.__CR0,193,641,641_PT0_SX300_V1___.jpg\" data- title=\"\"><\/p>\n<\/div>\n<div class=\"apm-spacing apm-fixed-width\"><strong><span style=\"font-size: 1.41575em\"><span style=\"vertical-align: inherit\">ULTRA mocne<\/span><\/span><\/strong><br \/>\n<span style=\"vertical-align: inherit\"> nie ma mocniejszych i bardziej niezawodnych drabin ni\u017c nasze,\u00a0<\/span><span class=\"a-text-bold\"><strong><span style=\"vertical-align: inherit\"> sprawdzone (!)<\/span><\/strong>\u00a0<\/span><span style=\"vertical-align: inherit\"> &#8211; przenosz\u0105ce 2500 funt\u00f3w lub 10 os\u00f3b! Takim ud\u017awigiem nie mog\u0105 pochwali\u0107 si\u0119 nawet drabiny \u0142a\u0144cuchowe.<\/span><img decoding=\"async\" class=\"a-spacing-mini aligncenter\" src=\"https:\/\/m.media-amazon.com\/images\/S\/aplus-media\/sc\/66906d66-df90-4038-8550-d72faf80c38f.__CR0,0,1200,1200_PT0_SX300_V1___.jpg\" alt=\"Wielofunkcyjno\u015b\u0107\" data-src=\"https:\/\/m.media-amazon.com\/images\/S\/aplus-media\/sc\/66906d66-df90-4038-8550-d72faf80c38f.__CR0,0,1200,1200_PT0_SX300_V1___.jpg\" data- title=\"\"><\/p>\n<h4 class=\"a-spacing-mini\"><strong><span style=\"vertical-align: inherit\">Wielofunkcyjno\u015b\u0107<\/span><\/strong><\/h4>\n<p><span style=\"vertical-align: inherit\">mo\u017ce by\u0107 u\u017cywany do r\u00f3\u017cnych cel\u00f3w, takich jak plac zabaw, hu\u015btawki, domek na drzewie, strych, ogr\u00f3d, dach, strych, bunkier, cele morskie, a nawet dekoracyjne. Niesko\u0144czona r\u00f3\u017cnorodno\u015b\u0107 opcji u\u017cytkowania.<\/span><\/p>\n<p><img decoding=\"async\" class=\"a-spacing-mini aligncenter\" src=\"https:\/\/m.media-amazon.com\/images\/S\/aplus-media\/sc\/a53251f8-492d-40f3-a9db-2bdd1415646f.__CR1018,0,1260,1260_PT0_SX300_V1___.png\" alt=\"antypo\u015blizgowe\" data-src=\"https:\/\/m.media-amazon.com\/images\/S\/aplus-media\/sc\/a53251f8-492d-40f3-a9db-2bdd1415646f.__CR1018,0,1260,1260_PT0_SX300_V1___.png\" data- title=\"\"><\/p>\n<h4 class=\"a-spacing-mini\"><strong><span style=\"vertical-align: inherit\">Szczeble antypo\u015blizgowe<\/span><\/strong><\/h4>\n<p><span style=\"vertical-align: inherit\">szczeble maj\u0105 kszta\u0142t o\u015bmiok\u0105ta, dzi\u0119ki czemu s\u0105 niezawodne i nie \u015bliskie.<\/span><\/p>\n<p><img decoding=\"async\" class=\"aligncenter\" src=\"https:\/\/m.media-amazon.com\/images\/S\/aplus-media\/sc\/f2e8fc4d-adcb-4ad8-87e7-2d18df74811d.__CR0,13,974,974_PT0_SX220_V1___.jpg\" alt=\"Lekki\" data-src=\"https:\/\/m.media-amazon.com\/images\/S\/aplus-media\/sc\/f2e8fc4d-adcb-4ad8-87e7-2d18df74811d.__CR0,13,974,974_PT0_SX220_V1___.jpg\" data- title=\"\"><\/p>\n<h4 class=\"a-spacing-mini\"><strong><span style=\"vertical-align: inherit\">Lekki<\/span><\/strong><\/h4>\n<p class=\"a-size-small\"><span style=\"vertical-align: inherit\">na przyk\u0142ad 8 st\u00f3p wa\u017cy tylko 4 funty<\/span><\/p>\n<p><img decoding=\"async\" class=\"aligncenter\" src=\"https:\/\/m.media-amazon.com\/images\/S\/aplus-media\/sc\/0552c400-f2fc-46a1-84a9-d5030a1ca8e2.__CR0,0,1000,1000_PT0_SX220_V1___.jpg\" alt=\"Odporny na warunki atmosferyczne\" data-src=\"https:\/\/m.media-amazon.com\/images\/S\/aplus-media\/sc\/0552c400-f2fc-46a1-84a9-d5030a1ca8e2.__CR0,0,1000,1000_PT0_SX220_V1___.jpg\" data- title=\"\"><\/p>\n<\/div>\n<div>\n<h4 class=\"a-spacing-mini\"><strong><span style=\"vertical-align: inherit\">Odporny na warunki atmosferyczne<\/span><\/strong><\/h4>\n<p class=\"a-size-small\"><span style=\"vertical-align: inherit\">prawie nigdy nie starzej\u0105 si\u0119 drabiny na ka\u017cd\u0105 pogod\u0119, nie mog\u0105 zosta\u0107 uszkodzone w deszczu.<\/span><\/p>\n<\/div>\n<\/div>\n<div><img decoding=\"async\" class=\"aligncenter\" src=\"https:\/\/m.media-amazon.com\/images\/S\/aplus-media\/sc\/14916db8-10a6-4760-8535-f49470d709ad.__CR11,0,1189,1189_PT0_SX220_V1___.jpg\" alt=\"Karabinki o du\u017cej wytrzyma\u0142o\u015bci\" data-src=\"https:\/\/m.media-amazon.com\/images\/S\/aplus-media\/sc\/14916db8-10a6-4760-8535-f49470d709ad.__CR11,0,1189,1189_PT0_SX220_V1___.jpg\" data- title=\"\"><\/div>\n<\/div>\n<\/div>\n<\/div>\n<div class=\"celwidget aplus-module module-4\" style=\"text-align: center\" data-csa-c-id=\"5glng-jun4yd-v4jukx-uxl7pr\" data-cel-widget=\"aplus-module-4\">\n<div class=\"a-expander-collapsed-height a-row a-expander-container a-expander-partial-collapse-container\" aria-live=\"polite\" data-a-expander-name=\"aplus-module-expander\" data-a-expander-collapsed-height=\"700\">\n<div class=\"a-expander-content a-expander-partial-collapse-content\" aria-expanded=\"false\">\n<div class=\"aplus-module-wrapper\">\n<div class=\"apm-spacing\">\n<div class=\"apm-floatleft apm-fixed-width\">\n<div class=\"apm-spacing\">\n<h4 class=\"a-spacing-mini\"><strong><span style=\"vertical-align: inherit\">Karabinki o du\u017cej wytrzyma\u0142o\u015bci<\/span><\/strong><\/h4>\n<p class=\"a-size-small\"><span style=\"vertical-align: inherit\">drabinki wyposa\u017cone s\u0105 w chromowane karabi\u0144czyki o wytrzyma\u0142o\u015bci na zerwanie 11KN<\/span><\/p>\n<\/div>\n<\/div>\n<\/div>\n<\/div>\n<p><img loading=\"lazy\" decoding=\"async\" class=\"a-spacing-mini aligncenter\" src=\"https:\/\/m.media-amazon.com\/images\/S\/aplus-media\/sc\/eebfdeb6-a881-47d1-a2d7-3677df2e925c.__CR521,0,1333,1333_PT0_SX300_V1___.jpg\" alt=\"drabinka z karabinkami\" width=\"183\" height=\"183\" data-src=\"https:\/\/m.media-amazon.com\/images\/S\/aplus-media\/sc\/eebfdeb6-a881-47d1-a2d7-3677df2e925c.__CR521,0,1333,1333_PT0_SX300_V1___.jpg\" data- title=\"\"><\/p>\n<h4><strong><span style=\"vertical-align: inherit\">Ognioodporny<\/span><\/strong><\/h4>\n<p><span style=\"vertical-align: inherit\">Specjalna niepalna kompozycja w\u0142\u00f3kien sprawia, \u017ce \u200b\u200bdrabina wytrzymuje ogie\u0144 przez jaki\u015b czas, ale nadal nie zalecamy jej u\u017cywania w ogniu bezpo\u015brednim.<\/span><\/p>\n<div><\/div>\n<div>\n<h4 class=\"a-spacing-mini\"><strong><span style=\"vertical-align: inherit\">R\u00f3\u017cna d\u0142ugo\u015b\u0107<\/span><\/strong><\/h4>\n<p><span style=\"vertical-align: inherit\">dost\u0119pne 8\/13\/16\/25 \/ 32f dla dom\u00f3w 1-4 pi\u0119trowych.<\/span><\/p>\n<p><img decoding=\"async\" class=\"a-spacing-mini aligncenter\" src=\"https:\/\/m.media-amazon.com\/images\/S\/aplus-media\/sc\/b32fbb7f-dd3b-4bce-a9d4-1f51dbe477df.__CR0,0,1000,1000_PT0_SX300_V1___.jpg\" alt=\"wielokrotnego u\u017cytku\" data-src=\"https:\/\/m.media-amazon.com\/images\/S\/aplus-media\/sc\/b32fbb7f-dd3b-4bce-a9d4-1f51dbe477df.__CR0,0,1000,1000_PT0_SX300_V1___.jpg\" data- title=\"\"><\/p>\n<\/div>\n<\/div>\n<\/div>\n<div>\n<h4 class=\"a-spacing-mini\"><strong><span style=\"vertical-align: inherit\">Wielokrotnego u\u017cytku<\/span><\/strong><\/h4>\n<p><span style=\"vertical-align: inherit\">w przeciwie\u0144stwie do innych drabin aluminiowych nasze drabiny linowe s\u0105 wielokrotnego u\u017cytku.<\/span><\/p>\n<div class=\"celwidget aplus-module module-2\" data-csa-c-id=\"y33yti-8va7n7-382xpg-is4lsg\">\n<div class=\"a-expander-collapsed-height a-row a-expander-container a-expander-partial-collapse-container\" aria-live=\"polite\" data-a-expander-name=\"aplus-module-expander\" data-a-expander-collapsed-height=\"700\">\n<div class=\"a-expander-content a-expander-partial-collapse-content\" aria-expanded=\"false\">\n<div class=\"aplus-module-wrapper apm-floatnone\">\n<div class=\"apm-sidemodule apm-spacing\">\n<div class=\"apm-sidemodule-imageleft\"><img decoding=\"async\" class=\"aligncenter\" src=\"https:\/\/m.media-amazon.com\/images\/S\/aplus-media\/sc\/4184feb5-b6de-4c8f-8f06-9b647c9fe0f9.__CR0,0,500,500_PT0_SX300_V1___.jpg\" alt=\"Drabina o d\u0142ugo\u015bci 32 st\u00f3p\" data-src=\"https:\/\/m.media-amazon.com\/images\/S\/aplus-media\/sc\/4184feb5-b6de-4c8f-8f06-9b647c9fe0f9.__CR0,0,500,500_PT0_SX300_V1___.jpg\" data- title=\"\"><\/div>\n<div class=\"apm-sidemodule-textright\">\n<h3 class=\"a-spacing-mini\"><span style=\"vertical-align: inherit\">NAJLEPSZE<\/span><\/h3>\n<p><span style=\"vertical-align: inherit\">Por\u00f3wnajmy drabiny. W przeciwie\u0144stwie do innych, kt\u00f3re oferujemy jako urz\u0105dzenie ratownicze, nasza\u00a0 <\/span><span class=\"a-text-bold\"><span style=\"vertical-align: inherit\">drabina ratunkowa<\/span><\/span><span style=\"vertical-align: inherit\"> \u00a0zosta\u0142a zaprojektowana z\u00a0 <\/span><span class=\"a-text-bold\"><span style=\"vertical-align: inherit\">dodatkowym zabezpieczeniem przed upadkiem w postaci linki zabezpieczaj\u0105cej,<\/span><\/span><span style=\"vertical-align: inherit\"> \u00a0kt\u00f3ra jest zaczepiona do boku drabiny, co zapobiega upadkowi podczas korzystania z\u00a0 <\/span><span class=\"a-text-bold\"><span style=\"vertical-align: inherit\">pasa bezpiecze\u0144stwa \/ szelek (<\/span><\/span><span style=\"vertical-align: inherit\"> kt\u00f3re mo\u017cna wybra\u0107 zgodnie z Twoje preferencje), aby zapewni\u0107 bezpieczne zej\u015bcie.<\/span><\/p>\n<p><span style=\"vertical-align: inherit\">Kolejnym kluczowym punktem jest\u00a0 <\/span><span class=\"a-text-bold\"><span style=\"vertical-align: inherit\">rozmiar szczebla 13 cali<\/span><\/span><span style=\"vertical-align: inherit\"> \u00a0(gdy wszyscy konkurenci oferuj\u0105 tylko 12 cali lub mniej), co na pierwszy rzut oka wydaje si\u0119 niewiele, ale dodaje drabinie dodatkow\u0105 stabilno\u015b\u0107. Ponadto drabiny te maj\u0105 prawie\u00a0 <\/span><span class=\"a-text-bold\"><span style=\"vertical-align: inherit\">nieograniczone i uniwersalne zastosowanie<\/span><\/span><span style=\"vertical-align: inherit\"> \u00a0po bardzo przyst\u0119pnych kosztach.<\/span><\/p>\n<p><span style=\"vertical-align: inherit\">Ta wyj\u0105tkowa drabina jest naszym w\u0142asnym wynalazkiem i zosta\u0142a opatentowana.<\/span><\/p>\n<\/div>\n<\/div>\n<\/div>\n<div><\/div>\n<\/div>\n<\/div>\n<\/div>\n<div class=\"celwidget aplus-module module-2\" data-csa-c-id=\"sesdnt-l4058d-17957p-ymijyw\">\n<div class=\"a-expander-collapsed-height a-row a-expander-container a-expander-partial-collapse-container\" aria-live=\"polite\" data-a-expander-name=\"aplus-module-expander\" data-a-expander-collapsed-height=\"700\">\n<div class=\"a-expander-content a-expander-partial-collapse-content\" aria-expanded=\"false\">\n<div class=\"aplus-module-wrapper apm-floatnone\">\n<div class=\"apm-sidemodule apm-spacing\">\n<div class=\"apm-sidemodule-imageleft\"><img decoding=\"async\" class=\"aligncenter\" src=\"https:\/\/m.media-amazon.com\/images\/S\/aplus-media\/sc\/221fd1f4-70b4-420a-9cf7-c5a088657bcb.__CR766,0,1444,1444_PT0_SX300_V1___.jpg\" alt=\"drabina\" data-src=\"https:\/\/m.media-amazon.com\/images\/S\/aplus-media\/sc\/221fd1f4-70b4-420a-9cf7-c5a088657bcb.__CR766,0,1444,1444_PT0_SX300_V1___.jpg\" data- title=\"\"><\/div>\n<div class=\"apm-sidemodule-textright\">\n<h3 class=\"a-spacing-mini\"><span style=\"vertical-align: inherit\">Je\u015bli chodzi o bezpiecze\u0144stwo, nigdy nie mo\u017cesz by\u0107 zbyt przygotowany do radzenia sobie z ogniem. Ta drabina ratunkowa zosta\u0142a zaprojektowana z my\u015bl\u0105 o wygodzie i dost\u0119pno\u015bci.<\/span><\/h3>\n<p><span style=\"vertical-align: inherit\">Oferujemy nie tylko drabin\u0119, ale ratunek podczas po\u017caru! Je\u015bli jeste\u015b na pi\u0105tym pi\u0119trze podczas po\u017caru, czy prosta drabina mo\u017ce ci\u0119 uratowa\u0107? Osoba nieprzeszkolona nie mo\u017ce zej\u015b\u0107 z takiej wysoko\u015bci bez\u00a0 <\/span><span class=\"a-text-bold\"><span style=\"vertical-align: inherit\">liny asekuracyjnej<\/span><\/span><span style=\"vertical-align: inherit\"> , wi\u0119c maj\u0105c j\u0105 b\u0119dziesz czu\u0142 si\u0119 i dzia\u0142a\u0142 o wiele pewniej, a nawet w przypadku pomy\u0142ki b\u0119dziesz wisia\u0142 na linie asekuracyjnej i kontynuowa\u0142 zjazd. Akrobaci w cyrku nie upadaj\u0105, poniewa\u017c lina zabezpieczaj\u0105ca dodaje im pewno\u015bci siebie.<\/span><\/p>\n<p><span style=\"vertical-align: inherit\">Dlatego zaprojektowali\u015bmy nasz\u0105\u00a0 <\/span><span class=\"a-text-bold\"><span style=\"vertical-align: inherit\">drabin\u0119 ratunkow\u0105,\u00a0<\/span><\/span><span style=\"vertical-align: inherit\"> aby zapewni\u0107 niezawodne wyj\u015bcie przez okno lub balkon. Dzi\u0119ki prostej konstrukcji i\u00a0 <\/span><span class=\"a-text-bold\"><span style=\"vertical-align: inherit\">dodatkowym funkcjom bezpiecze\u0144stwa<\/span><\/span><span style=\"vertical-align: inherit\"> , ka\u017cdy mo\u017ce go u\u017cywa\u0107, maj\u0105c pewno\u015b\u0107, \u017ce jest ca\u0142kowicie bezpieczny. Sznurek jest zaczepiany do drabinki i zapobiega upadkowi, a wytrzyma\u0142e karabi\u0144czyki zapewniaj\u0105 bezpieczne mocowanie do okna lub balkonu.<\/span><\/p>\n<p><span class=\"a-text-bold\"><span style=\"vertical-align: inherit\">Doskonale sprawdza si\u0119 w szko\u0142ach, domach, biurach lub w ka\u017cdym trzy- i czteropi\u0119trowym budynku, gdzie chcesz mie\u0107 bezpieczn\u0105 drog\u0119 wyj\u015bcia, kt\u00f3ra jest niezb\u0119dna w przypadku po\u017car\u00f3w.<\/p>\n<p>Dost\u0119pne wersje:<\/p>\n<p><a href=\"https:\/\/isopllc.com\/pl\/product\/ucieczka-z-drabiny-linowej-10-m\/\"><strong>Z pe\u0142n\u0105 uprz\u0119\u017c\u0105<\/strong><\/a> | <a href=\"https:\/\/isopllc.com\/pl\/product\/awaryjna-drabina-ewakuacyjna-10-m\/\"><strong>Z uprz\u0119\u017c\u0105 bezpiecze\u0144stwa<\/strong><\/a> | <a href=\"https:\/\/isopllc.com\/pl\/product\/drabina-ratownicza-z-pasem-bezpieczenstwa\/\"><strong>Z pasem bezpiecze\u0144stwa\u00a0<\/strong><\/a><br \/>\n<\/span><\/span><\/p>\n<\/div>\n<\/div>\n<\/div>\n<\/div>\n<\/div>\n<\/div>\n<\/div>\n<\/div>\n","protected":false},"excerpt":{"rendered":"[embed]https:\/\/youtu.be\/tg2RPB5wbtY[\/embed]\n<p class=\"mceTemp\" style=\"text-align: center\">Drabina ratunkowa\u00a0<span id=\"productTitle\" class=\"a-size-large product-title-word-break\">10m z hakami spr\u0119\u017cynowymi i lin\u0105 zabezpieczaj\u0105c\u0105<\/span><\/p>\n<p style=\"text-align: center\">DARMOWA DOSTAWA W CI\u0104GU 3-7 DNI<\/p>\n<h4 style=\"text-align: center\"><strong>KUP ON<\/strong><\/h4>\n<p style=\"text-align: center\"><a href=\"https:\/\/www.amazon.pl\/dp\/B086MV1PKB\/ref=sr_1_1?__mk_pl_PL=%C3%85M%C3%85%C5%BD%C3%95%C3%91&amp;dchild=1&amp;keywords=Bezpieczna%20Drabina%20Linowa%20z%20Lin%C4%85%20Ubezpieczeniow%C4%85%2010%20m&amp;qid=1628693901&amp;sr=8-1&amp;th=1\"><img loading=\"lazy\" decoding=\"async\" class=\"wp-image-1040 size-full aligncenter\" src=\"https:\/\/rightfoodonly.com\/wp-content\/uploads\/amazon-button9.png\" alt=\"\" width=\"160\" height=\"59\" \/><\/a><\/p>\n<p>&nbsp;<\/p>\n","protected":false},"featured_media":5096,"comment_status":"open","ping_status":"closed","template":"","meta":[],"product_brand":[],"product_cat":[210,209],"product_tag":[38,37,39],"class_list":{"0":"post-4264","1":"product","2":"type-product","3":"status-publish","4":"has-post-thumbnail","6":"product_cat-drabiny-ewakuacyjne-przeciwpozarowe-4-pietrowe","7":"product_cat-drabiny-linowe-ewakuacyjne-przeciwpozarowe","8":"product_tag-awaryjna-drabina","9":"product_tag-drabina-ratunkowa","10":"product_tag-drabina-z-lina-bezpieczenstwa","12":"first","13":"instock","14":"shipping-taxable","15":"purchasable","16":"product-type-variable"},"_links":{"self":[{"href":"https:\/\/isopllc.com\/pl\/wp-json\/wp\/v2\/product\/4264","targetHints":{"allow":["GET"]}}],"collection":[{"href":"https:\/\/isopllc.com\/pl\/wp-json\/wp\/v2\/product"}],"about":[{"href":"https:\/\/isopllc.com\/pl\/wp-json\/wp\/v2\/types\/product"}],"replies":[{"embeddable":true,"href":"https:\/\/isopllc.com\/pl\/wp-json\/wp\/v2\/comments?post=4264"}],"wp:featuredmedia":[{"embeddable":true,"href":"https:\/\/isopllc.com\/pl\/wp-json\/wp\/v2\/media\/5096"}],"wp:attachment":[{"href":"https:\/\/isopllc.com\/pl\/wp-json\/wp\/v2\/media?parent=4264"}],"wp:term":[{"taxonomy":"product_brand","embeddable":true,"href":"https:\/\/isopllc.com\/pl\/wp-json\/wp\/v2\/product_brand?post=4264"},{"taxonomy":"product_cat","embeddable":true,"href":"https:\/\/isopllc.com\/pl\/wp-json\/wp\/v2\/product_cat?post=4264"},{"taxonomy":"product_tag","embeddable":true,"href":"https:\/\/isopllc.com\/pl\/wp-json\/wp\/v2\/product_tag?post=4264"}],"curies":[{"name":"wp","href":"https:\/\/api.w.org\/{rel}","templated":true}]}}