{"id":4394,"date":"2021-06-01T04:40:47","date_gmt":"2021-06-01T04:40:47","guid":{"rendered":"https:\/\/isopllc.com\/pl\/?post_type=product&#038;p=4394"},"modified":"2025-07-15T07:12:10","modified_gmt":"2025-07-15T07:12:10","slug":"drabiny-przeciwpozarowe-isop-4-m","status":"publish","type":"product","link":"https:\/\/isopllc.com\/pl\/product\/drabiny-przeciwpozarowe-isop-4-m\/","title":{"rendered":"Drabiny przeciwpo\u017carowe ISOP 4 m"},"content":{"rendered":"<div class=\"celwidget aplus-module module-4 aplus-standard\" data-csa-c-id=\"6mnb1z-9dwrl2-ic24uv-jd1phn\" data-cel-widget=\"aplus-module-4\">\n<div class=\"a-expander-collapsed-height a-row a-expander-container a-expander-partial-collapse-container\" aria-live=\"polite\" data-a-expander-name=\"aplus-module-expander\" data-a-expander-collapsed-height=\"700\">\n<div class=\"a-expander-content a-expander-partial-collapse-content\" aria-expanded=\"false\">\n<div class=\"aplus-module-wrapper apm-fixed-width\">\n<div class=\"apm-spacing\">\n<div class=\"apm-floatleft apm-fixed-width\">\n<div>\n<div id=\"title_feature_div\" class=\"celwidget\" data-feature-name=\"title\" data-csa-c-id=\"m5t5xw-wzxd1-od319-pyb58o\" data-cel-widget=\"title_feature_div\">\n<div id=\"titleSection\" class=\"a-section a-spacing-none\">\n<div id=\"title_feature_div\" class=\"celwidget\" data-feature-name=\"title\" data-csa-c-id=\"m5t5xw-wzxd1-od319-pyb58o\" data-cel-widget=\"title_feature_div\">\n<div id=\"titleSection\" class=\"a-section a-spacing-none\">\n<h2 id=\"title\" class=\"a-size-large a-spacing-none\" style=\"text-align: left\"><span id=\"productTitle\" class=\"a-size-large product-title-word-break\"><span style=\"vertical-align: inherit\">Drabiny przeciwpo\u017carowe ISOP 4 m | Wysuwane drabiny do dom\u00f3w dwupi\u0119trowych | Kompaktowy i przeno\u015bny | Drabina linowa odpowiednia do balkonu i ucieczki z okien<\/span><\/span><\/h2>\n<\/div>\n<\/div>\n<\/div>\n<\/div>\n<\/div>\n<\/div>\n<\/div>\n<\/div>\n<\/div>\n<\/div>\n<\/div>\n<div class=\"celwidget aplus-module module-9 aplus-standard\" data-csa-c-id=\"kgh8ns-6rdhac-l4uce3-redgno\" data-cel-widget=\"aplus-module-9\">\n<div class=\"a-expander-collapsed-height a-row a-expander-container a-expander-partial-collapse-container\" aria-live=\"polite\" data-a-expander-name=\"aplus-module-expander\" data-a-expander-collapsed-height=\"700\">\n<div class=\"a-expander-content a-expander-partial-collapse-content\" aria-expanded=\"false\">\n<div class=\"aplus-module-wrapper apm-fixed-width\">\n<div class=\"apm-spacing apm-fixed-width\">\n<div class=\"celwidget aplus-module module-9 aplus-standard\" style=\"text-align: left\" data-csa-c-id=\"6rrkxj-o9oo3p-2dk8kw-v8mrts\" data-cel-widget=\"aplus-module-9\">\n<div class=\"a-expander-collapsed-height a-row a-expander-container a-expander-partial-collapse-container\" aria-live=\"polite\" data-a-expander-name=\"aplus-module-expander\" data-a-expander-collapsed-height=\"700\">\n<div class=\"a-expander-content a-expander-partial-collapse-content\" aria-expanded=\"false\">\n<div class=\"aplus-module-wrapper apm-fixed-width\">\n<div class=\"apm-spacing apm-fixed-width\">\n<h3 class=\"a-spacing-small\"><span style=\"vertical-align: inherit\">10 powod\u00f3w, dla kt\u00f3rych warto wybra\u0107 nasze drabiny przeciwpo\u017carowe<\/span><\/h3>\n<p><img decoding=\"async\" class=\"a-spacing-mini\" src=\"https:\/\/m.media-amazon.com\/images\/S\/aplus-media\/sc\/596137ba-d892-4ce9-9c0b-a68e219a433f.__CR277,0,1000,1000_PT0_SX300_V1___.jpg\" alt=\"Zintegrowane paski\" data-src=\"https:\/\/m.media-amazon.com\/images\/S\/aplus-media\/sc\/596137ba-d892-4ce9-9c0b-a68e219a433f.__CR277,0,1000,1000_PT0_SX300_V1___.jpg\" data- title=\"\"><\/p>\n<h3><span class=\"a-text-bold\"><span style=\"vertical-align: inherit\">Do okna lub balkonu<\/span><\/span><\/h3>\n<p><span style=\"vertical-align: inherit\">Do zestawu schod\u00f3w ratunkowych do\u0142\u0105czamy komplet hak\u00f3w do ewakuacji przeciwpo\u017carowej z okien, kt\u00f3re mocowane s\u0105 do ramy okiennej oraz profesjonalne karabi\u0144czyki 11kn do mocowania drabiny do dr\u0105\u017ck\u00f3w balkonowych. W zestawie znajduje si\u0119 r\u00f3wnie\u017c wodoodporny worek o pojemno\u015bci 15 litr\u00f3w do p\u0142ywania kajakiem, dzi\u0119ki czemu drabin\u0119 mo\u017cna przechowywa\u0107 na balkonie lub w magazynie.<\/span><\/p>\n<h3><span class=\"a-text-bold\"><span style=\"vertical-align: inherit\">Szerokie zastosowanie<\/span><\/span><\/h3>\n<p><span style=\"vertical-align: inherit\">Mo\u017ce by\u0107 u\u017cywany jako drabina ewakuacyjna lub awaryjna; mo\u017ce r\u00f3wnie\u017c s\u0142u\u017cy\u0107 jako bunkier strychowy, drabina strychowa, drabina \u015bcienna, a nawet jako drabina sta\u0142a itp.<\/span><\/p>\n<p><img decoding=\"async\" class=\"a-spacing-mini\" src=\"https:\/\/m.media-amazon.com\/images\/S\/aplus-media\/sc\/d4cc9639-a61a-4b3c-b1c6-a62967c917dd.__CR145,0,1000,1000_PT0_SX300_V1___.jpg\" alt=\"Szczeble antypo\u015blizgowe\" data-src=\"https:\/\/m.media-amazon.com\/images\/S\/aplus-media\/sc\/d4cc9639-a61a-4b3c-b1c6-a62967c917dd.__CR145,0,1000,1000_PT0_SX300_V1___.jpg\" data- title=\"\"><\/p>\n<h3><span class=\"a-text-bold\"><span style=\"vertical-align: inherit\">\u0141agodny dla d\u0142oni<\/span><\/span><\/h3>\n<p><span style=\"vertical-align: inherit\">Tworz\u0105c te drabiny, wzi\u0119li\u015bmy pod uwag\u0119 wady naszych konkurent\u00f3w. Bestsellery, takie jak first alert i kidde, maj\u0105 wiele narzeka\u0144 na fakt, \u017ce szczeble drabiny przecinaj\u0105 r\u0119ce u\u017cytkownik\u00f3w, poniewa\u017c szczeble aluminiowe s\u0105 ostre. Wzi\u0119li\u015bmy to pod uwag\u0119, a nasze drabiny nie maj\u0105 ostrych naro\u017cnik\u00f3w i s\u0105 bezpieczne w u\u017cytkowaniu zar\u00f3wno przez doros\u0142ych, jak i dzieci.<\/span><\/p>\n<p><img decoding=\"async\" class=\"a-spacing-mini\" src=\"https:\/\/m.media-amazon.com\/images\/S\/aplus-media\/sc\/27f9c708-c858-49c0-96f7-815dd0fa4f9a.__CR0,0,1000,1000_PT0_SX300_V1___.jpg\" alt=\"Szerokie zastosowanie\" data-src=\"https:\/\/m.media-amazon.com\/images\/S\/aplus-media\/sc\/27f9c708-c858-49c0-96f7-815dd0fa4f9a.__CR0,0,1000,1000_PT0_SX300_V1___.jpg\" data- title=\"\"><\/p>\n<h3><span class=\"a-text-bold\"><span style=\"vertical-align: inherit\">Zintegrowane paski<\/span><\/span><\/h3>\n<p><span style=\"vertical-align: inherit\">Por\u00f3wnuj\u0105c nasze drabiny z konkurencj\u0105, nale\u017cy zauwa\u017cy\u0107, \u017ce w przeciwie\u0144stwie do innych, nasze drabiny od g\u00f3ry do do\u0142u sk\u0142adaj\u0105 si\u0119 z jednego kawa\u0142ka ta\u015bmy, kt\u00f3ra mo\u017ce wytrzyma\u0107 ponad 44 funty (!) Dzi\u0119ki specjalnej opatentowanej technologii. Natomiast drabinki parciane konkurencji szyte s\u0105 w kawa\u0142kach, co naszym zdaniem jest zawodne.<\/span><\/p>\n<\/div>\n<\/div>\n<div>\n<p>&nbsp;<\/p>\n<p><img decoding=\"async\" class=\"a-spacing-mini\" src=\"https:\/\/m.media-amazon.com\/images\/S\/aplus-media\/sc\/42cab632-a2d0-40fd-a2dd-280d531bf010.__CR282,0,1000,1000_PT0_SX300_V1___.jpg\" alt=\"Do okna lub balkonu\" data-src=\"https:\/\/m.media-amazon.com\/images\/S\/aplus-media\/sc\/42cab632-a2d0-40fd-a2dd-280d531bf010.__CR282,0,1000,1000_PT0_SX300_V1___.jpg\" data- title=\"\"><\/p>\n<h3><span class=\"a-text-bold\"><span style=\"vertical-align: inherit\">Stabilizatory<\/span><\/span><\/h3>\n<p><span style=\"vertical-align: inherit\">Szczeble naszych drabin posiadaj\u0105 stabilizatory, dzi\u0119ki kt\u00f3rym drabiny nie przylegaj\u0105 ciasno do \u015bciany, ale stabilnie si\u0119 do niej trzymaj\u0105, co znacznie u\u0142atwia zej\u015bcie z drugiego lub trzeciego pi\u0119tra.<\/span><\/p>\n<h3><span class=\"a-text-bold\"><span style=\"vertical-align: inherit\">Szczeble antypo\u015blizgowe<\/span><\/span><\/h3>\n<p><span style=\"vertical-align: inherit\">Specjalny wz\u00f3r na powierzchni szczebli sprawia, \u017ce \u200b\u200bzej\u015bcie z mieszkania jest antypo\u015blizgowe przy ka\u017cdej pogodzie.<\/span><\/p>\n<p><img decoding=\"async\" class=\"a-spacing-mini\" src=\"https:\/\/m.media-amazon.com\/images\/S\/aplus-media\/sc\/8b1ba6ce-d84f-4314-b98a-95d063fc3e5e.__CR500,0,1000,1000_PT0_SX300_V1___.jpg\" alt=\"Do okna lub balkonu\" data-src=\"https:\/\/m.media-amazon.com\/images\/S\/aplus-media\/sc\/8b1ba6ce-d84f-4314-b98a-95d063fc3e5e.__CR500,0,1000,1000_PT0_SX300_V1___.jpg\" data- title=\"\"><\/p>\n<h3><span class=\"a-text-bold\"><span style=\"vertical-align: inherit\">Odporne na warunki atmosferyczne<\/span><\/span><\/h3>\n<p><span style=\"vertical-align: inherit\">Specjalna farba proszkowa zabezpiecza szczeble przed rdz\u0105, a ta\u015bma poliestrowa jest bardzo odporna na wod\u0119 i \u015bnieg, dlatego nasze drabiny przeciwpo\u017carowe s\u0105 odporne na warunki atmosferyczne.<\/span><\/p>\n<h3><span class=\"a-text-bold\"><span style=\"vertical-align: inherit\">Wielokrotnego u\u017cytku<\/span><\/span><\/h3>\n<p><span style=\"vertical-align: inherit\">Nasze drabiny s\u0105 wielokrotnego u\u017cytku, w przeciwie\u0144stwie do konkurencji. Przy odpowiednim przechowywaniu mog\u0105 przetrwa\u0107 lata!<\/span><\/p>\n<\/div>\n<\/div>\n<\/div>\n<\/div>\n<div class=\"celwidget aplus-module module-9 aplus-standard\" style=\"text-align: left\" data-csa-c-id=\"hn4tie-rexf97-49vntp-dywif3\" data-cel-widget=\"aplus-module-9\">\n<div class=\"a-expander-collapsed-height a-row a-expander-container a-expander-partial-collapse-container\" aria-live=\"polite\" data-a-expander-name=\"aplus-module-expander\" data-a-expander-collapsed-height=\"700\">\n<div class=\"a-expander-content a-expander-partial-collapse-content\" aria-expanded=\"false\">\n<div><\/div>\n<\/div>\n<\/div>\n<\/div>\n<div class=\"celwidget aplus-module module-2 aplus-standard\" data-csa-c-id=\"czdp8c-vpt42n-ub22e6-8qlfjz\" data-cel-widget=\"aplus-module-2\">\n<div class=\"a-expander-collapsed-height a-row a-expander-container a-expander-partial-collapse-container\" aria-live=\"polite\" data-a-expander-name=\"aplus-module-expander\" data-a-expander-collapsed-height=\"700\">\n<div class=\"a-expander-content a-expander-partial-collapse-content\" aria-expanded=\"false\">\n<div class=\"aplus-module-wrapper apm-floatnone apm-fixed-width\">\n<div class=\"apm-sidemodule apm-spacing\">\n<div class=\"apm-sidemodule-imageleft\" style=\"text-align: left\"><img decoding=\"async\" class=\"\" src=\"https:\/\/m.media-amazon.com\/images\/S\/aplus-media\/sc\/55dfe070-7172-4b34-b379-6ab49b743dd1.__CR226,0,1000,1000_PT0_SX300_V1___.jpg\" alt=\"Wariant 2 rozmiary\" data-src=\"https:\/\/m.media-amazon.com\/images\/S\/aplus-media\/sc\/55dfe070-7172-4b34-b379-6ab49b743dd1.__CR226,0,1000,1000_PT0_SX300_V1___.jpg\" data- title=\"\"><\/div>\n<div class=\"apm-sidemodule-textright\">\n<h3 style=\"text-align: left\"><span class=\"a-text-bold\"><span style=\"vertical-align: inherit\">Wariant 2 rozmiary<\/span><\/span><\/h3>\n<p style=\"text-align: left\"><span style=\"vertical-align: inherit\">Oferujemy 2 rozmiary naszych drabin &#8211; drabin\u0119 przeciwpo\u017carow\u0105 dwupi\u0119trow\u0105 i drabin\u0119 przeciwpo\u017carow\u0105 do dom\u00f3w tr\u00f3jpi\u0119trowych.<\/span><\/p>\n<h3>Certyfikowane<\/h3>\n<p>Nasze drabiny, w przeciwie\u0144stwie do wszystkich podobnych na rynku, s\u0105 certyfikowane zgodnie z norm\u0105 jako\u015bci EN 131. Lepiej powierzy\u0107 swoje \u017cycie produktowi, kt\u00f3ry przeszed\u0142 wszystkie niezb\u0119dne testy, ni\u017c nieco ta\u0144szemu wyrobowi wykonanemu nie wiadomo z czego.<\/p>\n<\/div>\n<div><img loading=\"lazy\" decoding=\"async\" class=\"alignnone wp-image-5159\" src=\"https:\/\/isopllc.com\/pl\/wp-content\/uploads\/sites\/11\/2021\/06\/Sverige.jpg\" alt=\"Certyfikowane Drabiny przeciwpo\u017carowe\" width=\"279\" height=\"279\" title=\"\" srcset=\"https:\/\/isopllc.com\/pl\/wp-content\/uploads\/sites\/11\/2021\/06\/Sverige.jpg 1080w, https:\/\/isopllc.com\/pl\/wp-content\/uploads\/sites\/11\/2021\/06\/Sverige-150x150.jpg 150w, https:\/\/isopllc.com\/pl\/wp-content\/uploads\/sites\/11\/2021\/06\/Sverige-768x768.jpg 768w, https:\/\/isopllc.com\/pl\/wp-content\/uploads\/sites\/11\/2021\/06\/Sverige-1000x1000.jpg 1000w, https:\/\/isopllc.com\/pl\/wp-content\/uploads\/sites\/11\/2021\/06\/Sverige-416x416.jpg 416w, https:\/\/isopllc.com\/pl\/wp-content\/uploads\/sites\/11\/2021\/06\/Sverige-100x100.jpg 100w\" sizes=\"auto, (max-width: 279px) 100vw, 279px\" \/><\/div>\n<div class=\"apm-sidemodule-textright\">\n<h3><span class=\"a-text-bold\">Profesjonalna firma drabinowa<\/span><\/h3>\n<p style=\"text-align: left\"><span style=\"vertical-align: inherit\">Zalecamy kupowanie drabin od firmy specjalizuj\u0105cej si\u0119 w drabinach, poniewa\u017c jest to produkt zabezpieczaj\u0105cy.<\/span><\/p>\n<p style=\"text-align: left\"><span style=\"vertical-align: inherit\">ISOP jest jedn\u0105 z nielicznych firm, kt\u00f3ra oferuje szeroki wyb\u00f3r r\u00f3\u017cnych drabin z w\u0142asnego zak\u0142adu produkcyjnego.<\/p>\n<p>R\u00f3wnie\u017c dost\u0119pna w <a href=\"https:\/\/isopllc.com\/pl\/product\/drabina-przeciwpozarowa-3-kondygnacja\/\"><strong>8 m.<\/strong><\/a><\/p>\n<p><\/span><\/p>\n<\/div>\n<\/div>\n<\/div>\n<\/div>\n<\/div>\n<\/div>\n<\/div>\n<\/div>\n<\/div>\n<\/div>\n<\/div>\n","protected":false},"excerpt":{"rendered":"[embed]https:\/\/youtu.be\/9WX7e5RU10U[\/embed]\n<p class=\"mceTemp\" style=\"text-align: center\"><span id=\"productTitle\" class=\"a-size-large product-title-word-break\"><span style=\"vertical-align: inherit\">Drabiny przeciwpo\u017carowe ISOP 4 m | Wysuwane drabiny do dom\u00f3w dwupi\u0119trowych | Kompaktowy i przeno\u015bny | Drabina linowa odpowiednia do balkonu i ucieczki z okien<\/span><\/span><\/p>\n<p style=\"text-align: center\"><span style=\"vertical-align: inherit\">DARMOWA DOSTAWA W CI\u0104GU 3-7 DNI-7<\/span><\/p>\n<h4 style=\"text-align: center\"><strong><span style=\"vertical-align: inherit\">KUP ON<\/span><\/strong><\/h4>\n<p style=\"text-align: center\"><a href=\"https:\/\/www.amazon.pl\/dp\/B08LBSSYLB?ref=myi_title_dp\"><img loading=\"lazy\" decoding=\"async\" class=\"aligncenter wp-image-1040 size-full\" src=\"https:\/\/isopllc.com\/pl\/wp-content\/uploads\/sites\/11\/2020\/01\/amazon-button9.png\" alt=\"\" width=\"160\" height=\"59\" \/><\/a><\/p>\n<p>&nbsp;<\/p>\n","protected":false},"featured_media":4820,"comment_status":"open","ping_status":"closed","template":"","meta":[],"product_brand":[],"product_cat":[213,208],"product_tag":[48,184,98],"class_list":{"0":"post-4394","1":"product","2":"type-product","3":"status-publish","4":"has-post-thumbnail","6":"product_cat-drabiny-ewakuacyjne-przeciwpozarowe-1-pietrowe","7":"product_cat-drabiny-ewakuacyjne-z-dystansami","8":"product_tag-drabina-bezpieczenstwa","9":"product_tag-drabiny-przeciwpozarowe","10":"product_tag-isop","12":"first","13":"instock","14":"shipping-taxable","15":"purchasable","16":"product-type-variable"},"_links":{"self":[{"href":"https:\/\/isopllc.com\/pl\/wp-json\/wp\/v2\/product\/4394","targetHints":{"allow":["GET"]}}],"collection":[{"href":"https:\/\/isopllc.com\/pl\/wp-json\/wp\/v2\/product"}],"about":[{"href":"https:\/\/isopllc.com\/pl\/wp-json\/wp\/v2\/types\/product"}],"replies":[{"embeddable":true,"href":"https:\/\/isopllc.com\/pl\/wp-json\/wp\/v2\/comments?post=4394"}],"wp:featuredmedia":[{"embeddable":true,"href":"https:\/\/isopllc.com\/pl\/wp-json\/wp\/v2\/media\/4820"}],"wp:attachment":[{"href":"https:\/\/isopllc.com\/pl\/wp-json\/wp\/v2\/media?parent=4394"}],"wp:term":[{"taxonomy":"product_brand","embeddable":true,"href":"https:\/\/isopllc.com\/pl\/wp-json\/wp\/v2\/product_brand?post=4394"},{"taxonomy":"product_cat","embeddable":true,"href":"https:\/\/isopllc.com\/pl\/wp-json\/wp\/v2\/product_cat?post=4394"},{"taxonomy":"product_tag","embeddable":true,"href":"https:\/\/isopllc.com\/pl\/wp-json\/wp\/v2\/product_tag?post=4394"}],"curies":[{"name":"wp","href":"https:\/\/api.w.org\/{rel}","templated":true}]}}