{"id":4419,"date":"2021-08-07T10:54:15","date_gmt":"2021-08-07T10:54:15","guid":{"rendered":"https:\/\/isopllc.com\/pl\/?post_type=product&#038;p=4419"},"modified":"2025-07-01T05:18:09","modified_gmt":"2025-07-01T05:18:09","slug":"drabina-rozsuwana-3-m","status":"publish","type":"product","link":"https:\/\/isopllc.com\/pl\/product\/drabina-rozsuwana-3-m\/","title":{"rendered":"Drabina Rozsuwana 3 m"},"content":{"rendered":"<h2 id=\"title\" class=\"a-size-large a-spacing-none\"><span id=\"productTitle\" class=\"a-size-large product-title-word-break\">Drabina Rozsuwana 3 m ISOP Wyprodukowana w UE | Nylonowa Drabina Linowa z Karabinkami i Wzmocnionymi Szczeblami &#8211; Lekka | Trwa\u0142a i Kompaktowa &#8211; Mo\u017ce Unie\u015b\u0107 do 200 kg | Sprz\u0119t Ewakuacyjny | Drabinka Wspinaczkowa<\/span><\/h2>\n<div id=\"dpx-aplus-3p-product-description_feature_div\">\n<div class=\"celwidget\" data-csa-c-id=\"o60qex-ku7gvj-e05un0-issy2y\" data-cel-widget=\"dpx-aplus-3p-product-description_csm_instrumentation_wrapper\">\n<div id=\"aplus3p_feature_div\" class=\"celwidget\" data-feature-name=\"aplus3p\" data-csa-c-id=\"4c28e4-q5zeoz-euu66i-q9xgno\" data-cel-widget=\"aplus3p_feature_div\">\n<div id=\"aplus\" class=\"a-section a-spacing-large bucket\">\n<div class=\"aplus-v2 desktop celwidget\" data-csa-c-id=\"ax6lih-8y0a4u-x6tyar-vo7w3w\" data-cel-widget=\"aplus\">\n<div class=\"celwidget aplus-module module-4 aplus-standard\" data-csa-c-id=\"eri9m-nig4pw-37kzp8-qjtx4u\" data-cel-widget=\"aplus-module-4\">\n<div class=\"a-expander-collapsed-height a-row a-expander-container a-expander-partial-collapse-container\" aria-live=\"polite\" data-a-expander-name=\"aplus-module-expander\" data-a-expander-collapsed-height=\"700\">\n<div class=\"a-expander-content a-expander-partial-collapse-content\" aria-expanded=\"false\">\n<div class=\"aplus-module-wrapper apm-fixed-width\">\n<div class=\"apm-spacing\">\n<div class=\"apm-floatleft apm-fixed-width\">\n<h3 class=\"a-spacing-small\"><strong>12 Powod\u00f3w, dla Kt\u00f3rych Warto Wybra\u0107 Nas<\/strong><\/h3>\n<p><img decoding=\"async\" class=\"\" src=\"https:\/\/m.media-amazon.com\/images\/S\/aplus-media\/sc\/a1874c21-4d66-403d-835b-3f0e3e4d559a.__CR0,0,220,220_PT0_SX220_V1___.jpg\" alt=\"Lekka waga\" data-src=\"https:\/\/m.media-amazon.com\/images\/S\/aplus-media\/sc\/a1874c21-4d66-403d-835b-3f0e3e4d559a.__CR0,0,220,220_PT0_SX220_V1___.jpg\" data- title=\"\"><\/p>\n<h4 class=\"a-spacing-mini\">Lekka Waga<\/h4>\n<p class=\"a-size-small\">To najl\u017cejsza drabina dost\u0119pna na rynku. Waga 3-metrowej drabiny to tylko 2,4 funta \/ 1 kg.<\/p>\n<p><img decoding=\"async\" class=\"\" src=\"https:\/\/m.media-amazon.com\/images\/S\/aplus-media\/sc\/7da2eccd-e1d4-479b-8525-f4dd894fd1dd.__CR0,0,220,220_PT0_SX220_V1___.jpg\" alt=\"Mocne i stabilne\" data-src=\"https:\/\/m.media-amazon.com\/images\/S\/aplus-media\/sc\/7da2eccd-e1d4-479b-8525-f4dd894fd1dd.__CR0,0,220,220_PT0_SX220_V1___.jpg\" data- title=\"\"><\/p>\n<h4 class=\"a-spacing-mini\">Mocne i Stabilne<\/h4>\n<p class=\"a-size-small\">Jedn\u0105 z najwi\u0119kszych zalet naszej drabiny ratunkowej jest to, \u017ce g\u0142\u00f3wne paski nylonowe s\u0105 integralne od do\u0142u do g\u00f3ry i nie sk\u0142adaj\u0105 si\u0119 z zszytych element\u00f3w, takich jak na przyk\u0142ad drabiny \u201ekidde\u201d lub \u201epierwsze ostrze\u017cenie\u201d, dzi\u0119ki czemu s\u0105 wyj\u0105tkowo wytrzyma\u0142e. A tak\u017ce materia\u0142y u\u017cyte do wykonania szczebli, takie jak w\u0142\u00f3kno szklane i w\u0142\u00f3kno bazaltowe, sprawiaj\u0105, \u017ce ta drabina ta\u015bmowa jest znacznie mocniejsza ni\u017c jednorazowe drabiny aluminiowe.<\/p>\n<p><img decoding=\"async\" class=\"\" src=\"https:\/\/m.media-amazon.com\/images\/S\/aplus-media\/sc\/dc1282c8-eb5f-4a97-8f06-25b432f21ee2.__CR0,0,220,220_PT0_SX220_V1___.jpg\" alt=\"Bez pl\u0105tania\" data-src=\"https:\/\/m.media-amazon.com\/images\/S\/aplus-media\/sc\/dc1282c8-eb5f-4a97-8f06-25b432f21ee2.__CR0,0,220,220_PT0_SX220_V1___.jpg\" data- title=\"\"><\/p>\n<h4 class=\"a-spacing-mini\">Bez Pl\u0105tania<\/h4>\n<p class=\"a-size-small\">Nasze drabinki parciane mo\u017cna \u0142atwo spakowa\u0107 z powrotem do torby do przechowywania po u\u017cyciu.<\/p>\n<p class=\"a-size-small\">Brak pl\u0105taniny podczas monta\u017cu.<\/p>\n<p><img decoding=\"async\" class=\"\" src=\"https:\/\/m.media-amazon.com\/images\/S\/aplus-media-library-service-media\/68a222e0-32dd-4bef-81ec-8ea20a8e9b33.__CR281,0,1357,1357_PT0_SX220_V1___.jpg\" alt=\"Wykonane w Polska\" data-src=\"https:\/\/m.media-amazon.com\/images\/S\/aplus-media-library-service-media\/68a222e0-32dd-4bef-81ec-8ea20a8e9b33.__CR281,0,1357,1357_PT0_SX220_V1___.jpg\" data- title=\"\"><\/p>\n<h4 class=\"a-spacing-mini\">Wykonane w Polska<\/h4>\n<p class=\"a-size-small\">Mo\u017cesz by\u0107 pewien jako\u015bci!<\/p>\n<div class=\"apm-spacing\"><img decoding=\"async\" class=\"\" src=\"https:\/\/m.media-amazon.com\/images\/S\/aplus-media\/sc\/09023718-d768-4df2-92a4-feb17b7a598b.__CR0,0,220,220_PT0_SX220_V1___.jpg\" alt=\"D\u0142ugo\u015b\u0107\" data-src=\"https:\/\/m.media-amazon.com\/images\/S\/aplus-media\/sc\/09023718-d768-4df2-92a4-feb17b7a598b.__CR0,0,220,220_PT0_SX220_V1___.jpg\" data- title=\"\"><\/div>\n<\/div>\n<div><\/div>\n<\/div>\n<\/div>\n<div>\n<h4 class=\"a-spacing-mini\">D\u0142ugo\u015b\u0107<\/h4>\n<p class=\"a-size-small\">Nasze drabiny ratownicze mo\u017cna \u0142\u0105czy\u0107 ze sob\u0105 w celu zwi\u0119kszenia d\u0142ugo\u015bci.<\/p>\n<p><img decoding=\"async\" class=\"\" src=\"https:\/\/m.media-amazon.com\/images\/S\/aplus-media\/sc\/58cffa3b-a765-457d-add8-a23e9c110027.__CR0,0,220,220_PT0_SX220_V1___.jpg\" alt=\"Odporny na warunki atmosferyczne\" data-src=\"https:\/\/m.media-amazon.com\/images\/S\/aplus-media\/sc\/58cffa3b-a765-457d-add8-a23e9c110027.__CR0,0,220,220_PT0_SX220_V1___.jpg\" data- title=\"\"><\/p>\n<h4 class=\"a-spacing-mini\">Odporny na Warunki Atmosferyczne<\/h4>\n<p class=\"a-size-small\">Sam materia\u0142 to ta\u015bma poliestrowa, a tak\u017ce profesjonalne nici nylonowe, kt\u00f3re zapewniaj\u0105 odporno\u015b\u0107 na ka\u017cd\u0105 pogod\u0119, nawet w wodzie. Dlatego mog\u0105 by\u0107 u\u017cywane jako drabina morska ili do \u0142odzi. Niska ch\u0142onno\u015b\u0107 wilgoci, odporna na \u015bcieranie, odporna na dzia\u0142anie oleju i wielu chemikali\u00f3w, mi\u0119kka, szybkoschn\u0105ca.<\/p>\n<p><img decoding=\"async\" class=\"\" style=\"font-weight: 600;\" src=\"https:\/\/m.media-amazon.com\/images\/S\/aplus-media\/sc\/f319eb70-4c2a-40f9-a1c5-d575d4bf5dbd.__CR0,0,220,220_PT0_SX220_V1___.jpg\" alt=\"Kompaktowy\" data-src=\"https:\/\/m.media-amazon.com\/images\/S\/aplus-media\/sc\/f319eb70-4c2a-40f9-a1c5-d575d4bf5dbd.__CR0,0,220,220_PT0_SX220_V1___.jpg\" data- title=\"\"><\/p>\n<h4 class=\"a-spacing-mini\">Kompaktowy<\/h4>\n<p class=\"a-size-small\">Nie mo\u017cesz sobie wyobrazi\u0107 bardziej kompaktowych drabin. Ca\u0142a drabinka mie\u015bci si\u0119 w d\u0142oni. Nie zajmuj\u0105 du\u017co miejsca, mo\u017cna je schowa\u0107 w dowolnym miejscu np. Pod \u0142\u00f3\u017ckiem w sypialni, na balkonie czy na dachu.<\/p>\n<p><img decoding=\"async\" class=\"\" style=\"font-weight: 600;\" src=\"https:\/\/m.media-amazon.com\/images\/S\/aplus-media\/sc\/b16129a6-6d35-4c81-a0d2-900c7115ec80.__CR0,0,220,220_PT0_SX220_V1___.jpeg\" alt=\"Szczeble antypo\u015blizgowe\" data-src=\"https:\/\/m.media-amazon.com\/images\/S\/aplus-media\/sc\/b16129a6-6d35-4c81-a0d2-900c7115ec80.__CR0,0,220,220_PT0_SX220_V1___.jpeg\" data- title=\"\"><\/p>\n<h4 class=\"a-spacing-mini\">Szczeble Antypo\u015blizgowe<\/h4>\n<p class=\"a-size-small\">Wiadomo, \u017ce materia\u0142 ta\u015bmowy jest znacznie mniej \u015bliski ni\u017c jakikolwiek inny twardy materia\u0142, taki jak aluminium, metal lub plastik.<\/p>\n<\/div>\n<\/div>\n<\/div>\n<\/div>\n<div class=\"celwidget aplus-module module-4 aplus-standard\" data-csa-c-id=\"9rb7qn-s9cwcv-7m2m64-9bp0ou\" data-cel-widget=\"aplus-module-4\">\n<div class=\"a-expander-collapsed-height a-row a-expander-container a-expander-partial-collapse-container\" aria-live=\"polite\" data-a-expander-name=\"aplus-module-expander\" data-a-expander-collapsed-height=\"700\">\n<div class=\"a-expander-content a-expander-partial-collapse-content\" aria-expanded=\"false\">\n<div class=\"aplus-module-wrapper apm-fixed-width\">\n<div class=\"apm-spacing\">\n<div class=\"apm-floatleft apm-fixed-width\">\n<div class=\"apm-spacing\"><img decoding=\"async\" class=\"\" style=\"font-weight: 600;\" src=\"https:\/\/m.media-amazon.com\/images\/S\/aplus-media\/sc\/b05aa191-7309-4801-9fd3-4075c7bd8c58.__CR0,0,220,220_PT0_SX220_V1___.jpg\" alt=\"Wielofunkcyjno\u015b\u0107\" data-src=\"https:\/\/m.media-amazon.com\/images\/S\/aplus-media\/sc\/b05aa191-7309-4801-9fd3-4075c7bd8c58.__CR0,0,220,220_PT0_SX220_V1___.jpg\" data- title=\"\"><\/div>\n<\/div>\n<div><\/div>\n<\/div>\n<\/div>\n<div>\n<h4 class=\"a-spacing-mini\">Wielofunkcyjno\u015b\u0107<\/h4>\n<p class=\"a-size-small\">Drabiny ratownicze ISOP mog\u0105 by\u0107 u\u017cywane zar\u00f3wno do ewakuacji przeciwpo\u017carowej, jak i ratunkowych, a tak\u017ce dla dzieci na placu zabaw lub do domku na drzewie.<\/p>\n<p><img decoding=\"async\" class=\"\" style=\"font-weight: 600;\" src=\"https:\/\/m.media-amazon.com\/images\/S\/aplus-media\/sc\/ade4ede6-0d0a-40a0-868a-6332390362e0.__CR0,0,220,220_PT0_SX220_V1___.jpg\" alt=\"Karabinki\" data-src=\"https:\/\/m.media-amazon.com\/images\/S\/aplus-media\/sc\/ade4ede6-0d0a-40a0-868a-6332390362e0.__CR0,0,220,220_PT0_SX220_V1___.jpg\" data- title=\"\"><\/p>\n<h4 class=\"a-spacing-mini\">Karabinki<\/h4>\n<p class=\"a-size-small\">W zestawie profesjonalne chromowane karabi\u0144czyki 11kn.<\/p>\n<p><img decoding=\"async\" class=\"\" src=\"https:\/\/m.media-amazon.com\/images\/S\/aplus-media\/sc\/cefcc878-7f01-4c12-b433-2537d5ce2560.__CR0,0,220,220_PT0_SX220_V1___.jpeg\" alt=\"Wodoodporna torba\" data-src=\"https:\/\/m.media-amazon.com\/images\/S\/aplus-media\/sc\/cefcc878-7f01-4c12-b433-2537d5ce2560.__CR0,0,220,220_PT0_SX220_V1___.jpeg\" data- title=\"\"><\/p>\n<h4 class=\"a-spacing-mini\">Wodoodporna Torba<\/h4>\n<p class=\"a-size-small\">W zestawie fajna designerska torba pla\u017cowa.<\/p>\n<\/div>\n<\/div>\n<\/div>\n<\/div>\n<\/div>\n<\/div>\n<\/div>\n<\/div>\n<\/div>\n","protected":false},"excerpt":{"rendered":"[embed]https:\/\/youtu.be\/Evy4qVPWmIc[\/embed]\n<p>https:\/\/youtu.be\/Evy4qVPWmIc<\/p>\n<p id=\"title\" class=\"a-size-large a-spacing-none\" style=\"text-align: center;\"><span id=\"productTitle\" class=\"a-size-large product-title-word-break\">Drabina Rozsuwana 3 m ISOP Wyprodukowana w UE | Nylonowa Drabina Linowa z Karabinkami i Wzmocnionymi Szczeblami &#8211; Lekka | Trwa\u0142a i Kompaktowa &#8211; Mo\u017ce Unie\u015b\u0107 do 200 kg | Sprz\u0119t Ewakuacyjny | Drabinka Wspinaczkowa<\/span><\/p>\n<p style=\"text-align: center;\"><span style=\"vertical-align: inherit;\">DARMOWA DOSTAWA W CI\u0104GU 3-7 DNI-7<\/span><\/p>\n<h4 style=\"text-align: center;\"><strong><span style=\"vertical-align: inherit;\">KUP ON<\/span><\/strong><\/h4>\n<p style=\"text-align: center;\"><a href=\"https:\/\/www.amazon.pl\/dp\/B08F49YKCS\/ref=sr_1_1?__mk_pl_PL=%C3%85M%C3%85%C5%BD%C3%95%C3%91&amp;dchild=1&amp;keywords=Drabina%20Rozsuwana&amp;qid=1628696388&amp;sr=8-1&amp;th=1\"><img loading=\"lazy\" decoding=\"async\" class=\"wp-image-1040 size-full aligncenter\" src=\"https:\/\/rightfoodonly.com\/wp-content\/uploads\/amazon-button9.png\" alt=\"\" width=\"160\" height=\"59\" \/><\/a><\/p>\n<p>&nbsp;<\/p>\n","protected":false},"featured_media":4479,"comment_status":"open","ping_status":"closed","template":"","meta":[],"product_brand":[],"product_cat":[204,207],"product_tag":[166,167,168],"class_list":{"0":"post-4419","1":"product","2":"type-product","3":"status-publish","4":"has-post-thumbnail","6":"product_cat-drabiny-linowe-dla-dzieci","7":"product_cat-drabiny-ratownicze-przeciwpozarowe","8":"product_tag-drabina-rozsuwana","9":"product_tag-skladana-drabina","10":"product_tag-sprzet-do-prac-domowych","12":"first","13":"instock","14":"shipping-taxable","15":"purchasable","16":"product-type-simple"},"_links":{"self":[{"href":"https:\/\/isopllc.com\/pl\/wp-json\/wp\/v2\/product\/4419","targetHints":{"allow":["GET"]}}],"collection":[{"href":"https:\/\/isopllc.com\/pl\/wp-json\/wp\/v2\/product"}],"about":[{"href":"https:\/\/isopllc.com\/pl\/wp-json\/wp\/v2\/types\/product"}],"replies":[{"embeddable":true,"href":"https:\/\/isopllc.com\/pl\/wp-json\/wp\/v2\/comments?post=4419"}],"wp:featuredmedia":[{"embeddable":true,"href":"https:\/\/isopllc.com\/pl\/wp-json\/wp\/v2\/media\/4479"}],"wp:attachment":[{"href":"https:\/\/isopllc.com\/pl\/wp-json\/wp\/v2\/media?parent=4419"}],"wp:term":[{"taxonomy":"product_brand","embeddable":true,"href":"https:\/\/isopllc.com\/pl\/wp-json\/wp\/v2\/product_brand?post=4419"},{"taxonomy":"product_cat","embeddable":true,"href":"https:\/\/isopllc.com\/pl\/wp-json\/wp\/v2\/product_cat?post=4419"},{"taxonomy":"product_tag","embeddable":true,"href":"https:\/\/isopllc.com\/pl\/wp-json\/wp\/v2\/product_tag?post=4419"}],"curies":[{"name":"wp","href":"https:\/\/api.w.org\/{rel}","templated":true}]}}