{"id":4450,"date":"2021-10-17T09:51:24","date_gmt":"2021-10-17T09:51:24","guid":{"rendered":"https:\/\/isopllc.com\/pl\/?post_type=product&#038;p=4450"},"modified":"2025-07-01T05:16:55","modified_gmt":"2025-07-01T05:16:55","slug":"haki-kotwiace-kolki-rozporowe-i-kotwa-wspinania-hander-fixe-1","status":"publish","type":"product","link":"https:\/\/isopllc.com\/pl\/product\/haki-kotwiace-kolki-rozporowe-i-kotwa-wspinania-hander-fixe-1\/","title":{"rendered":"Haki Kotwi\u0105ce &#8211; ko\u0142ki Rozporowe i Kotwa Wspinania Hander FIXE 1"},"content":{"rendered":"<div id=\"title_feature_div\" class=\"celwidget\" data-feature-name=\"title\" data-csa-c-id=\"m3zh55-mtuipg-d1m6av-3tlzby\" data-cel-widget=\"title_feature_div\">\n<div id=\"titleSection\" class=\"a-section a-spacing-none\">\n<h2 id=\"title\" class=\"a-size-large a-spacing-none\"><span id=\"productTitle\" class=\"a-size-large product-title-word-break\">Haki Kotwi\u0105ce &#8211; ko\u0142ki Rozporowe i Kotwa Wspinania Hander FIXE 1<\/span><\/h2>\n<\/div>\n<\/div>\n<div id=\"qpeTitleTag_feature_div\" class=\"celwidget\" data-feature-name=\"qpeTitleTag\" data-csa-c-id=\"fvsq76-62djqa-1sfsyf-rogxr6\" data-cel-widget=\"qpeTitleTag_feature_div\"><\/div>\n<div id=\"bylineInfo_feature_div\" class=\"celwidget\" data-feature-name=\"bylineInfo\" data-csa-c-id=\"vxr6yr-q7i1tr-oro6ax-nj0r6x\" data-cel-widget=\"bylineInfo_feature_div\">\n<div class=\"celwidget aplus-module launchpad-brand-description-left aplus-standard\" data-csa-c-id=\"cs8lm5-tl9pgl-aizrcv-kutkoo\" data-cel-widget=\"aplus-launchpad-brand-description-left\">\n<div class=\"a-section launchpad-module launchpad-module-brand-description-left\">\n<div class=\"a-section launchpad-text-left-justify\">\n<p>Wa\u017cy 110 g ze stal\u0105 nierdzewn\u0105 316, si\u0142a osi g\u0142\u00f3wnej wynosi 25 kN. Zabezpieczenie \u015brub\u0105 rozporow\u0105 i podk\u0142adk\u0105.<\/p>\n<p>D\u0142ugo\u015b\u0107: 10,8 cm, \u015brednica \u015bruby: 10 mm<\/p>\n<p>Profesjonalna kotwica z drutu wysokiego do wspinania si\u0119, schodzenia, zjazd\u00f3w na linie. \u015aruba wieszaka wewn\u0119trznego do hamak\u00f3w, hu\u015btawek, aerial jogi, work\u00f3w treningowych itp.<\/p>\n<p>W zestawie nakr\u0119tki i podk\u0142adki.<\/p>\n<p>Ucho do mocowania dw\u00f3ch karabink\u00f3w, maksymalna no\u015bno\u015b\u0107: 25KN.<\/p>\n<p><img decoding=\"async\" class=\"a-spacing-mini\" src=\"https:\/\/m.media-amazon.com\/images\/S\/aplus-media-library-service-media\/0493a270-dbe1-4f44-bcb9-6d5592ecc50c.__CR0,0,300,300_PT0_SX300_V1___.jpg\" alt=\"Komplet kotew wspinania zawiera 2 p\u0142yty\" data-src=\"https:\/\/m.media-amazon.com\/images\/S\/aplus-media-library-service-media\/0493a270-dbe1-4f44-bcb9-6d5592ecc50c.__CR0,0,300,300_PT0_SX300_V1___.jpg\" data- title=\"\"><\/p>\n<p>Komplet kotew wspinania zawiera 2 p\u0142yty do zawieszania i 2 \u015bruby rozporowe. Nakr\u0119tki i podk\u0142adki \u015brubowe s\u0105 zawarte w zakresie dostawy.<\/p>\n<p><img decoding=\"async\" class=\"a-spacing-mini\" src=\"https:\/\/m.media-amazon.com\/images\/S\/aplus-media-library-service-media\/bc800f3c-024e-474a-b3e1-cb3856634ec1.__CR0,0,300,300_PT0_SX300_V1___.jpg\" alt=\"P\u0142yty wieszakowe do sta\u0142ego punktu kotwiczenia. Ucho do mocowania dw\u00f3ch karabink\u00f3w.\" data-src=\"https:\/\/m.media-amazon.com\/images\/S\/aplus-media-library-service-media\/bc800f3c-024e-474a-b3e1-cb3856634ec1.__CR0,0,300,300_PT0_SX300_V1___.jpg\" data- title=\"\"><\/p>\n<p>P\u0142yty wieszakowe do sta\u0142ego punktu kotwiczenia. Ucho do mocowania dw\u00f3ch karabink\u00f3w.<\/p>\n<p><img decoding=\"async\" class=\"a-spacing-mini\" src=\"https:\/\/m.media-amazon.com\/images\/S\/aplus-media-library-service-media\/79713f8b-b92d-429d-b6ef-cfd1c2113acd.__CR0,0,300,300_PT0_SX300_V1___.jpg\" alt=\"Wykonany z wysokiej jako\u015bci i wytrzyma\u0142ego materia\u0142u\" data-src=\"https:\/\/m.media-amazon.com\/images\/S\/aplus-media-library-service-media\/79713f8b-b92d-429d-b6ef-cfd1c2113acd.__CR0,0,300,300_PT0_SX300_V1___.jpg\" data- title=\"\"><\/p>\n<p>Wykonany z wysokiej jako\u015bci i wytrzyma\u0142ego materia\u0142u ze stali nierdzewnej. Lekki, odpowiedni do alpinizmu, wspinaczki, speleologii i innych aktywno\u015bci na \u015bwie\u017cym powietrzu.<\/p>\n<\/div>\n<\/div>\n<\/div>\n<\/div>\n","protected":false},"excerpt":{"rendered":"<div id=\"title_feature_div\" class=\"celwidget\" data-feature-name=\"title\" data-csa-c-id=\"m3zh55-mtuipg-d1m6av-3tlzby\" data-cel-widget=\"title_feature_div\">\n<div id=\"titleSection\" class=\"a-section a-spacing-none\">\n<p id=\"title\" class=\"a-size-large a-spacing-none\" style=\"text-align: center;\"><span id=\"productTitle\" class=\"a-size-large product-title-word-break\">Haki Kotwi\u0105ce &#8211; ko\u0142ki Rozporowe i Kotwa Wspinania Hander FIXE 1<\/span><\/p>\n<\/div>\n<\/div>\n<p style=\"text-align: center;\"><span style=\"vertical-align: inherit;\">DARMOWA DOSTAWA W CI\u0104GU 3-7 DNI-7<\/span><\/p>\n<h4 style=\"text-align: center;\"><strong><span style=\"vertical-align: inherit;\">KUP ON<\/span><\/strong><\/h4>\n<p style=\"text-align: center;\"><a href=\"https:\/\/www.amazon.pl\/Haki-Kotwi%C4%85ce-Rozporowe-Wspinania-Hander\/dp\/B07P978JW5\/ref=sr_1_15?dchild=1&amp;keywords=Haki%20Kotwi%C4%85ce&amp;m=A2HGFIUW7IA66U&amp;qid=1634464427&amp;refinements=p_6%3AA2HGFIUW7IA66U&amp;rnid=20875378031&amp;sr=8-15\"><img loading=\"lazy\" decoding=\"async\" class=\"wp-image-1040 size-full aligncenter\" src=\"https:\/\/rightfoodonly.com\/wp-content\/uploads\/amazon-button9.png\" alt=\"\" width=\"160\" height=\"59\" \/><\/a><\/p>\n<p>&nbsp;<\/p>\n","protected":false},"featured_media":4451,"comment_status":"open","ping_status":"closed","template":"","meta":[],"product_brand":[],"product_cat":[203],"product_tag":[187,188,189,99],"class_list":{"0":"post-4450","1":"product","2":"type-product","3":"status-publish","4":"has-post-thumbnail","6":"product_cat-akcesoria-do-drabin-przeciwpozarowych","7":"product_tag-haki-kotwiace","8":"product_tag-kolki-rozporowe","9":"product_tag-kotwa-wspinania","10":"product_tag-sprzet-wspinaczkowy","12":"first","13":"instock","14":"shipping-taxable","15":"purchasable","16":"product-type-simple"},"_links":{"self":[{"href":"https:\/\/isopllc.com\/pl\/wp-json\/wp\/v2\/product\/4450","targetHints":{"allow":["GET"]}}],"collection":[{"href":"https:\/\/isopllc.com\/pl\/wp-json\/wp\/v2\/product"}],"about":[{"href":"https:\/\/isopllc.com\/pl\/wp-json\/wp\/v2\/types\/product"}],"replies":[{"embeddable":true,"href":"https:\/\/isopllc.com\/pl\/wp-json\/wp\/v2\/comments?post=4450"}],"wp:featuredmedia":[{"embeddable":true,"href":"https:\/\/isopllc.com\/pl\/wp-json\/wp\/v2\/media\/4451"}],"wp:attachment":[{"href":"https:\/\/isopllc.com\/pl\/wp-json\/wp\/v2\/media?parent=4450"}],"wp:term":[{"taxonomy":"product_brand","embeddable":true,"href":"https:\/\/isopllc.com\/pl\/wp-json\/wp\/v2\/product_brand?post=4450"},{"taxonomy":"product_cat","embeddable":true,"href":"https:\/\/isopllc.com\/pl\/wp-json\/wp\/v2\/product_cat?post=4450"},{"taxonomy":"product_tag","embeddable":true,"href":"https:\/\/isopllc.com\/pl\/wp-json\/wp\/v2\/product_tag?post=4450"}],"curies":[{"name":"wp","href":"https:\/\/api.w.org\/{rel}","templated":true}]}}