{"id":4454,"date":"2021-10-17T10:44:14","date_gmt":"2021-10-17T10:44:14","guid":{"rendered":"https:\/\/isopllc.com\/pl\/?post_type=product&#038;p=4454"},"modified":"2025-07-01T05:16:45","modified_gmt":"2025-07-01T05:16:45","slug":"wytrzymale-karabinczyki-wspinaczkowe","status":"publish","type":"product","link":"https:\/\/isopllc.com\/pl\/product\/wytrzymale-karabinczyki-wspinaczkowe\/","title":{"rendered":"Wytrzyma\u0142e karabi\u0144czyki wspinaczkowe"},"content":{"rendered":"<div id=\"title_feature_div\" class=\"celwidget\" data-feature-name=\"title\" data-csa-c-id=\"m3zh55-mtuipg-d1m6av-3tlzby\" data-cel-widget=\"title_feature_div\">\n<div id=\"titleSection\" class=\"a-section a-spacing-none\">\n<h2 id=\"title\" class=\"a-size-large a-spacing-none\"><span id=\"productTitle\" class=\"a-size-large product-title-word-break\">ISOP Wytrzyma\u0142e karabi\u0144czyki wspinaczkowe 2-pak wytrzyma\u0142o\u015b\u0107 na p\u0119kanie 11 kN trwa\u0142e haki spr\u0119\u017cynowe do linowania, hamak\u00f3w, kempingu<\/span><\/h2>\n<\/div>\n<p><img decoding=\"async\" class=\"\" src=\"https:\/\/m.media-amazon.com\/images\/S\/aplus-media-library-service-media\/34734964-5819-4759-a00d-c5f2b6ddd3f4.__CR0,0,220,220_PT0_SX220_V1___.jpg\" alt=\"PERFEKCYJNE ZACISKI Z KARABINKAMI\" data-src=\"https:\/\/m.media-amazon.com\/images\/S\/aplus-media-library-service-media\/34734964-5819-4759-a00d-c5f2b6ddd3f4.__CR0,0,220,220_PT0_SX220_V1___.jpg\" data- title=\"\"><\/p>\n<h4 class=\"a-spacing-mini\">PERFEKCYJNE ZACISKI Z KARABINKAMI<\/h4>\n<p class=\"a-size-small\">Nasze karabinki posiadaj\u0105 certyfikaty CE i UIAA o du\u017cej wytrzyma\u0142o\u015bci i s\u0105 przeznaczone do u\u017cytku, jednak je\u015bli nie jeste\u015b z nich w pe\u0142ni zadowolony, po prostu z\u0142\u00f3\u017c wniosek o zwrot pieni\u0119dzy. U\u017cywaj ich do wi\u0105zania lin, wspinaczki ska\u0142kowej, zje\u017cd\u017cania na linie, kotwiczenia, olinowania, prac lotniczych, in\u017cynierii no\u015bnej, lu\u017anej wyk\u0142adziny, plecak\u00f3w, zawieszania, boulderingu, olinowania drzew i sprz\u0119tu.<\/p>\n<p><img decoding=\"async\" class=\"\" src=\"https:\/\/m.media-amazon.com\/images\/S\/aplus-media-library-service-media\/a422051d-3216-43f8-aebf-3a5b3711627a.__CR0,0,220,220_PT0_SX220_V1___.jpg\" alt=\"DU\u017bA WYTRZYMA\u0141O\u015a\u0106\" data-src=\"https:\/\/m.media-amazon.com\/images\/S\/aplus-media-library-service-media\/a422051d-3216-43f8-aebf-3a5b3711627a.__CR0,0,220,220_PT0_SX220_V1___.jpg\" data- title=\"\"><\/p>\n<h4 class=\"a-spacing-mini\">DU\u017bA WYTRZYMA\u0141O\u015a\u0106<\/h4>\n<p class=\"a-size-small\">Nasze du\u017ce karabi\u0144czyki s\u0105 wykonane z najlepszych materia\u0142\u00f3w, dzi\u0119ki czemu mo\u017cna ich u\u017cywa\u0107 do wszelkich aktywno\u015bci outdoorowych, przemys\u0142owych i sportowych. Mo\u017ce to by\u0107 niezb\u0119dny element sprz\u0119tu do wspinaczki po drzewie, podtrzymywa\u0107 lu\u017an\u0105 link\u0119, przywi\u0105zywa\u0107 wa\u017cny sprz\u0119t lub cokolwiek, czego potrzebujesz, karabi\u0144czykiem no\u015bnym.<\/p>\n<p><img decoding=\"async\" class=\"\" src=\"https:\/\/m.media-amazon.com\/images\/S\/aplus-media-library-service-media\/35135eb4-1040-4c66-8495-6dfc35f17d57.__CR0,0,220,220_PT0_SX220_V1___.jpg\" alt=\"JEDNOR\u0118CZNY INTELIGENTNY SYSTEM BLOKOWANIA\" data-src=\"https:\/\/m.media-amazon.com\/images\/S\/aplus-media-library-service-media\/35135eb4-1040-4c66-8495-6dfc35f17d57.__CR0,0,220,220_PT0_SX220_V1___.jpg\" data- title=\"\"><\/p>\n<h4 class=\"a-spacing-mini\">JEDNOR\u0118CZNY INTELIGENTNY SYSTEM BLOKOWANIA<\/h4>\n<p class=\"a-size-small\">\u0141atwa w obs\u0142udze zasuwka spr\u0119\u017cynowa, dzi\u0119ki czemu mo\u017cna bezpiecznie zabezpieczy\u0107 karabinek bez obawy o wysuni\u0119cie si\u0119 lub utrat\u0119 przyczepno\u015bci. Symetryczny kszta\u0142t zapewniaj\u0105cy r\u00f3wnomierne obci\u0105\u017cenie pozwala karabi\u0144czykowi na r\u00f3wnomierne przenoszenie i roz\u0142o\u017cenie ci\u0119\u017caru.<\/p>\n<p><img decoding=\"async\" class=\"\" src=\"https:\/\/m.media-amazon.com\/images\/S\/aplus-media-library-service-media\/348668ea-1b15-406f-8c46-9090de163207.__CR0,0,220,220_PT0_SX220_V1___.jpg\" alt=\"WSPANIA\u0141E DO WSZYSTKICH ZAJ\u0118\u0106\" data-src=\"https:\/\/m.media-amazon.com\/images\/S\/aplus-media-library-service-media\/348668ea-1b15-406f-8c46-9090de163207.__CR0,0,220,220_PT0_SX220_V1___.jpg\" data- title=\"\"><\/p>\n<h4 class=\"a-spacing-mini\">WSPANIA\u0141E DO WSZYSTKICH ZAJ\u0118\u0106<\/h4>\n<p class=\"a-size-small\">Nasze karabinki mog\u0105 by\u0107 r\u00f3wnie\u017c u\u017cywane do codziennych potrzeb, takich jak hu\u015btawki, paski do drzewa, hamaki, treningi TRX lub po prostu ci\u0119\u017cki brelok do kluczy.<\/p>\n<\/div>\n<div id=\"qpeTitleTag_feature_div\" class=\"celwidget\" data-feature-name=\"qpeTitleTag\" data-csa-c-id=\"fvsq76-62djqa-1sfsyf-rogxr6\" data-cel-widget=\"qpeTitleTag_feature_div\">\n<div class=\"celwidget aplus-module launchpad-brand-description-left aplus-standard\" data-csa-c-id=\"lnrfuo-gzhjlo-4goawp-uzu3cs\" data-cel-widget=\"aplus-launchpad-brand-description-left\">\n<div class=\"a-section launchpad-module launchpad-module-brand-description-left\">\n<div class=\"a-section launchpad-text-left-justify\">\n<p>CERTYFIKOWANE PRZEZ CE \/ UIAA PRZEK\u0141ADNIE BEZPIECZE\u0143STWA &#8211; Nasze karabinki spe\u0142niaj\u0105 certyfikat CE w zakresie bezpiecze\u0144stwa, wi\u0119c mo\u017cesz mie\u0107 pewno\u015b\u0107, \u017ce b\u0119dziesz bezpieczny w ka\u017cdym zastosowaniu przemys\u0142owym, sportowym, sprz\u0119cie do wspinaczki na drzewa lub akcesorium.<\/p>\n<p>1. Wyposa\u017cony w \u015brub\u0119 blokuj\u0105c\u0105 bram\u0119<\/p>\n<p>2. Trwa\u0142e i ci\u0119\u017ckie<\/p>\n<p>3. Antypo\u015blizgowe i bezpieczne<\/p>\n<p>4. Kszta\u0142t litery O: idealny kszta\u0142t do wielu r\u00f3\u017cnych zastosowa\u0144<\/p>\n<p>5. Doskona\u0142y do aktywno\u015bci na \u015bwie\u017cym powietrzu, kempingu, w\u0119dkowania, w\u0119dr\u00f3wek, brelok\u00f3w itp<\/p>\n<p>Specyfikacja<\/p>\n<p>Materia\u0142: stal ocynkowana System certyfikacji: CE (0321 c205)<\/p>\n<p>Maksymalne napi\u0119cie: 25KN (5600kg)<\/p>\n<p>Wymiary (d\u0142. X szer.): 4,29 &#8222;x 2,3&#8221;<\/p>\n<\/div>\n<\/div>\n<\/div>\n<\/div>\n","protected":false},"excerpt":{"rendered":"<div id=\"title_feature_div\" class=\"celwidget\" data-feature-name=\"title\" data-csa-c-id=\"m3zh55-mtuipg-d1m6av-3tlzby\" data-cel-widget=\"title_feature_div\">\n<div id=\"titleSection\" class=\"a-section a-spacing-none\">\n<div id=\"title_feature_div\" class=\"celwidget\" data-feature-name=\"title\" data-csa-c-id=\"8kwx9v-5e0sqo-dja747-q97cp3\" data-cel-widget=\"title_feature_div\">\n<div id=\"titleSection\" class=\"a-section a-spacing-none\">\n<p id=\"title\" class=\"a-size-large a-spacing-none\" style=\"text-align: center;\"><span id=\"productTitle\" class=\"a-size-large product-title-word-break\">ISOP Wytrzyma\u0142e karabi\u0144czyki wspinaczkowe 2-pak wytrzyma\u0142o\u015b\u0107 na p\u0119kanie 11 kN trwa\u0142e haki spr\u0119\u017cynowe do linowania, hamak\u00f3w, kempingu<\/span><\/p>\n<\/div>\n<\/div>\n<\/div>\n<\/div>\n<p style=\"text-align: center;\"><span style=\"vertical-align: inherit;\">DARMOWA DOSTAWA W CI\u0104GU 3-7 DNI-7<\/span><\/p>\n<h4 style=\"text-align: center;\"><strong><span style=\"vertical-align: inherit;\">KUP ON<\/span><\/strong><\/h4>\n<p style=\"text-align: center;\"><a href=\"https:\/\/www.amazon.pl\/ISOP-Wytrzymale-karabi%C5%84czyki-wspinaczkowe-wytrzymalo%C5%9B%C4%87\/dp\/B07P91TJHQ\/ref=sr_1_1?__mk_pl_PL=%C3%85M%C3%85%C5%BD%C3%95%C3%91&amp;dchild=1&amp;keywords=karabi%C5%84czyki&amp;qid=1634480631&amp;sr=8-1\"><img loading=\"lazy\" decoding=\"async\" class=\"wp-image-1040 size-full aligncenter\" src=\"https:\/\/rightfoodonly.com\/wp-content\/uploads\/amazon-button9.png\" alt=\"\" width=\"160\" height=\"59\" \/><\/a><\/p>\n<p>&nbsp;<\/p>\n","protected":false},"featured_media":4455,"comment_status":"open","ping_status":"closed","template":"","meta":[],"product_brand":[],"product_cat":[203],"product_tag":[120,99,121],"class_list":{"0":"post-4454","1":"product","2":"type-product","3":"status-publish","4":"has-post-thumbnail","6":"product_cat-akcesoria-do-drabin-przeciwpozarowych","7":"product_tag-karabinczyki-wspinaczkowe","8":"product_tag-sprzet-wspinaczkowy","9":"product_tag-wytrzymale-karabinczyki","11":"first","12":"instock","13":"shipping-taxable","14":"purchasable","15":"product-type-simple"},"_links":{"self":[{"href":"https:\/\/isopllc.com\/pl\/wp-json\/wp\/v2\/product\/4454","targetHints":{"allow":["GET"]}}],"collection":[{"href":"https:\/\/isopllc.com\/pl\/wp-json\/wp\/v2\/product"}],"about":[{"href":"https:\/\/isopllc.com\/pl\/wp-json\/wp\/v2\/types\/product"}],"replies":[{"embeddable":true,"href":"https:\/\/isopllc.com\/pl\/wp-json\/wp\/v2\/comments?post=4454"}],"wp:featuredmedia":[{"embeddable":true,"href":"https:\/\/isopllc.com\/pl\/wp-json\/wp\/v2\/media\/4455"}],"wp:attachment":[{"href":"https:\/\/isopllc.com\/pl\/wp-json\/wp\/v2\/media?parent=4454"}],"wp:term":[{"taxonomy":"product_brand","embeddable":true,"href":"https:\/\/isopllc.com\/pl\/wp-json\/wp\/v2\/product_brand?post=4454"},{"taxonomy":"product_cat","embeddable":true,"href":"https:\/\/isopllc.com\/pl\/wp-json\/wp\/v2\/product_cat?post=4454"},{"taxonomy":"product_tag","embeddable":true,"href":"https:\/\/isopllc.com\/pl\/wp-json\/wp\/v2\/product_tag?post=4454"}],"curies":[{"name":"wp","href":"https:\/\/api.w.org\/{rel}","templated":true}]}}