{"id":4517,"date":"2022-12-17T14:40:13","date_gmt":"2022-12-17T14:40:13","guid":{"rendered":"https:\/\/isopllc.com\/pl\/?post_type=product&#038;p=4517"},"modified":"2025-07-01T05:15:48","modified_gmt":"2025-07-01T05:15:48","slug":"stabilizatory-dystansowe-do-drabiny-linowej","status":"publish","type":"product","link":"https:\/\/isopllc.com\/pl\/product\/stabilizatory-dystansowe-do-drabiny-linowej\/","title":{"rendered":"Stabilizatory dystansowe do drabiny linowej | Zestaw 10 par"},"content":{"rendered":"<div class=\"celwidget aplus-module premium-module-3-four-column-images aplus-premium\" data-csa-c-id=\"5x7ui9-ius50c-ssm1r8-66oj1i\" data-cel-widget=\"aplus-premium-module-3-four-column-images\">\n<div class=\"a-section a-spacing-none premium-aplus premium-aplus-module-3 aplus-container-1\">\n<h1 class=\"a-text-center premium-module-3-heading aplus-h1 a-text-bold\">Stabilizatory dystansowe | Zestaw 10 par do drabinki linowej ISOP<\/h1>\n<div class=\"a-section a-spacing-none premium-aplus-four-column\">\n<div class=\"a-section a-spacing-none premium-aplus-column\">\n<div class=\"a-section a-spacing-none {'column-image'}\"><img decoding=\"async\" class=\"\" src=\"https:\/\/m.media-amazon.com\/images\/S\/aplus-media-library-service-media\/8066bf1d-81b3-4ac4-82be-a69a72b3c0d5.__CR0,180,900,675_PT0_SX300_V1___.jpg\" alt=\"Stabilizers\" data-src=\"https:\/\/m.media-amazon.com\/images\/S\/aplus-media-library-service-media\/8066bf1d-81b3-4ac4-82be-a69a72b3c0d5.__CR0,180,900,675_PT0_SX300_V1___.jpg\" data- title=\"\"><\/div>\n<div class=\"a-section a-spacing-none column-heading\"><\/div>\n<div class=\"a-section a-spacing-none column-description\">\n<p class=\"aplus-p3\">Nasze innowacyjne stabilizatory pozwalaj\u0105 drabinom stabilnie opiera\u0107 si\u0119 o \u015bcian\u0119 i znacznie u\u0142atwiaj\u0105 schodzenie z drugiego i do pi\u0105tego pi\u0119tra.<\/p>\n<\/div>\n<\/div>\n<div class=\"a-section a-spacing-none premium-aplus-column\">\n<div class=\"a-section a-spacing-none {'column-image'}\"><img decoding=\"async\" class=\"\" src=\"https:\/\/m.media-amazon.com\/images\/S\/aplus-media-library-service-media\/043fef83-6ae1-4354-a8a8-d3fc937a6fdc.__CR0,0,600,450_PT0_SX300_V1___.jpg\" alt=\"stabilizers\" data-src=\"https:\/\/m.media-amazon.com\/images\/S\/aplus-media-library-service-media\/043fef83-6ae1-4354-a8a8-d3fc937a6fdc.__CR0,0,600,450_PT0_SX300_V1___.jpg\" data- title=\"\"><\/div>\n<div class=\"a-section a-spacing-none column-heading\"><\/div>\n<div class=\"a-section a-spacing-none column-description\">\n<p class=\"aplus-p3\">Solidne, solidne stabilizatory szczebli s\u0105 lekkie i \u0142atwe do zamocowania. Pasuje do ka\u017cdej drabiny linowej ISOP.<\/p>\n<\/div>\n<\/div>\n<div class=\"a-section a-spacing-none premium-aplus-column\">\n<div class=\"a-section a-spacing-none {'column-image'}\"><img decoding=\"async\" class=\"\" src=\"https:\/\/m.media-amazon.com\/images\/S\/aplus-media-library-service-media\/8eeb471b-9383-4937-a68f-a92b49a4029a.__CR0,148,900,675_PT0_SX300_V1___.jpg\" alt=\"Stabilizers\" data-src=\"https:\/\/m.media-amazon.com\/images\/S\/aplus-media-library-service-media\/8eeb471b-9383-4937-a68f-a92b49a4029a.__CR0,148,900,675_PT0_SX300_V1___.jpg\" data- title=\"\"><\/div>\n<div class=\"a-section a-spacing-none column-heading\"><\/div>\n<div class=\"a-section a-spacing-none column-description\">\n<p class=\"aplus-p3\">Opakowanie zawiera 20 stabilizator\u00f3w, kt\u00f3re wystarczaj\u0105 do zamocowania na 10 szczeblach. Do drabiny linowej o d\u0142ugo\u015bci 10 m potrzebne by\u0142yby dwie paczki stabilizator\u00f3w.<\/p>\n<\/div>\n<\/div>\n<div class=\"a-section a-spacing-none premium-aplus-column\">\n<div class=\"a-section a-spacing-none {'column-image'}\"><img decoding=\"async\" class=\"\" src=\"https:\/\/m.media-amazon.com\/images\/S\/aplus-media-library-service-media\/8a8c27d8-4e9c-4405-8f64-dc7370bb63fd.__CR0,87,900,675_PT0_SX300_V1___.jpg\" alt=\"Stabilizers\" data-src=\"https:\/\/m.media-amazon.com\/images\/S\/aplus-media-library-service-media\/8a8c27d8-4e9c-4405-8f64-dc7370bb63fd.__CR0,87,900,675_PT0_SX300_V1___.jpg\" data- title=\"\"><\/div>\n<div class=\"a-section a-spacing-none column-heading\"><\/div>\n<div class=\"a-section a-spacing-none column-description\">\n<p class=\"aplus-p3\">W celu szybkiego u\u017cycia nale\u017cy wcze\u015bniej przymocowa\u0107 stabilizatory do drabiny.<\/p>\n<\/div>\n<\/div>\n<\/div>\n<\/div>\n<\/div>\n<div class=\"celwidget aplus-module premium-module-4-two-column-images aplus-premium\" data-csa-c-id=\"15yl7x-eio1n0-m9lh6n-socwzs\" data-cel-widget=\"aplus-premium-module-4-two-column-images\">\n<div class=\"a-section a-spacing-none premium-aplus premium-aplus-module-4 aplus-container-1\">\n<div class=\"a-section a-spacing-none premium-aplus-two-column\">\n<div class=\"a-section a-spacing-none premium-aplus-column\">\n<div class=\"a-section a-spacing-none {'column-image'}\"><img loading=\"lazy\" decoding=\"async\" class=\"\" src=\"https:\/\/m.media-amazon.com\/images\/S\/aplus-media-library-service-media\/357d9bff-aefe-4243-b420-8e0a0fd59839.__CR0,0,650,350_PT0_SX650_V1___.jpg\" alt=\"B0BK6FBDJ5\" width=\"388\" height=\"209\" data-src=\"https:\/\/m.media-amazon.com\/images\/S\/aplus-media-library-service-media\/357d9bff-aefe-4243-b420-8e0a0fd59839.__CR0,0,650,350_PT0_SX650_V1___.jpg\" data- title=\"\"><\/div>\n<div class=\"a-section a-spacing-none column-heading\"><\/div>\n<div class=\"a-section a-spacing-none column-description\">\n<p class=\"aplus-p3\">Stabilizatory stoj\u0105ce do drabiny ewakuacyjnej zapewniaj\u0105 wi\u0119ksze bezpiecze\u0144stwo podczas schodzenia lub wchodzenia.<\/p>\n<\/div>\n<\/div>\n<div class=\"a-section a-spacing-none premium-aplus-column\">\n<div class=\"a-section a-spacing-none {'column-image'}\"><img loading=\"lazy\" decoding=\"async\" class=\"\" src=\"https:\/\/m.media-amazon.com\/images\/S\/aplus-media-library-service-media\/44c19656-c545-4b6e-bacb-c7ae2eb6b8a5.__CR0,0,650,350_PT0_SX650_V1___.jpg\" alt=\"B0BK6FBDJ5\" width=\"396\" height=\"213\" data-src=\"https:\/\/m.media-amazon.com\/images\/S\/aplus-media-library-service-media\/44c19656-c545-4b6e-bacb-c7ae2eb6b8a5.__CR0,0,650,350_PT0_SX650_V1___.jpg\" data- title=\"\"><\/div>\n<div class=\"a-section a-spacing-none column-heading\"><\/div>\n<div class=\"a-section a-spacing-none column-description\">\n<p class=\"aplus-p3\">Stabilizatory drabinki linowej ze szczebelkami antypo\u015blizgowymi stabilizuj\u0105 schodzenie.<\/p>\n<\/div>\n<\/div>\n<\/div>\n<\/div>\n<\/div>\n","protected":false},"excerpt":{"rendered":"<p style=\"text-align: center;\">Stabilizatory stoj\u0105ce do drabiny linowej | Stabilizatory do drabin przeciwpo\u017carowych 2 &#8211; 3 pi\u0119tro | Zestaw 10 par | \u0141atwiejsze zej\u015bcie Prosty w u\u017cyciu | Stojaki na szczeble drabiny<\/p>\n<p style=\"text-align: center;\">DARMOWA DOSTAWA W CI\u0104GU 3-7 DNI<\/p>\n<h4 style=\"text-align: center;\"><strong>KUP ON<\/strong><\/h4>\n<p id=\"title\" class=\"a-size-large a-spacing-none\" style=\"text-align: center;\"><a href=\"https:\/\/www.amazon.pl\/dp\/B0BK6FBDJ5\/ref=sr_1_1?__mk_pl_PL=%C3%85M%C3%85%C5%BD%C3%95%C3%91&amp;dchild=1&amp;keywords=Drabina%2BEwakuacyjna%2B2-Kondygnacyjna&amp;qid=1628693901&amp;sr=8-1&amp;th=1\"><img loading=\"lazy\" decoding=\"async\" class=\"alignnone wp-image-1040 size-full aligncenter\" src=\"https:\/\/rightfoodonly.com\/wp-content\/uploads\/amazon-button9.png\" alt=\"\" width=\"160\" height=\"59\" \/><\/a><\/p>\n<p>&nbsp;<\/p>\n","protected":false},"featured_media":4536,"comment_status":"open","ping_status":"closed","template":"","meta":[],"product_brand":[],"product_cat":[203],"product_tag":[89,88,87],"class_list":{"0":"post-4517","1":"product","2":"type-product","3":"status-publish","4":"has-post-thumbnail","6":"product_cat-akcesoria-do-drabin-przeciwpozarowych","7":"product_tag-akcesoria-drabinowe","8":"product_tag-drabiny-linowe","9":"product_tag-stabilizatory-dystansowe","11":"first","12":"instock","13":"shipping-taxable","14":"purchasable","15":"product-type-simple"},"_links":{"self":[{"href":"https:\/\/isopllc.com\/pl\/wp-json\/wp\/v2\/product\/4517","targetHints":{"allow":["GET"]}}],"collection":[{"href":"https:\/\/isopllc.com\/pl\/wp-json\/wp\/v2\/product"}],"about":[{"href":"https:\/\/isopllc.com\/pl\/wp-json\/wp\/v2\/types\/product"}],"replies":[{"embeddable":true,"href":"https:\/\/isopllc.com\/pl\/wp-json\/wp\/v2\/comments?post=4517"}],"wp:featuredmedia":[{"embeddable":true,"href":"https:\/\/isopllc.com\/pl\/wp-json\/wp\/v2\/media\/4536"}],"wp:attachment":[{"href":"https:\/\/isopllc.com\/pl\/wp-json\/wp\/v2\/media?parent=4517"}],"wp:term":[{"taxonomy":"product_brand","embeddable":true,"href":"https:\/\/isopllc.com\/pl\/wp-json\/wp\/v2\/product_brand?post=4517"},{"taxonomy":"product_cat","embeddable":true,"href":"https:\/\/isopllc.com\/pl\/wp-json\/wp\/v2\/product_cat?post=4517"},{"taxonomy":"product_tag","embeddable":true,"href":"https:\/\/isopllc.com\/pl\/wp-json\/wp\/v2\/product_tag?post=4517"}],"curies":[{"name":"wp","href":"https:\/\/api.w.org\/{rel}","templated":true}]}}