{"id":4526,"date":"2022-12-18T06:59:19","date_gmt":"2022-12-18T06:59:19","guid":{"rendered":"https:\/\/isopllc.com\/pl\/?post_type=product&#038;p=4526"},"modified":"2025-07-01T05:15:41","modified_gmt":"2025-07-01T05:15:41","slug":"koc-ratunkowy-zloto-i-srebro-11-jednostek","status":"publish","type":"product","link":"https:\/\/isopllc.com\/pl\/product\/koc-ratunkowy-zloto-i-srebro-11-jednostek\/","title":{"rendered":"Koc Ratunkowy Z\u0142oto i Srebro | 11 jednostek"},"content":{"rendered":"<div id=\"title_feature_div\" class=\"celwidget\" data-feature-name=\"title\" data-csa-c-type=\"widget\" data-csa-c-content-id=\"title\" data-csa-c-slot-id=\"title_feature_div\" data-csa-c-asin=\"B0BJQCVPLH\" data-csa-c-is-in-initial-active-row=\"false\" data-csa-c-id=\"erqms-5qqh6y-p3rtya-x4dmz0\" data-cel-widget=\"title_feature_div\">\n<h1 id=\"titleSection\" class=\"a-section a-spacing-none\">ISOP Koc Ratunkowy Z\u0142oty i Srebrny | 11 jednostek Du\u017cy rozmiar 210 x 160 cm | Awaryjne Koce Termiczne Koce Survivalowe Pierwsza Pomoc | Koc zatrzymuj\u0105cy ciep\u0142o | Wielofunkcyjny lekki i kompaktowy<\/h1>\n<\/div>\n<div id=\"bylineInfo_feature_div\" class=\"celwidget\" data-feature-name=\"bylineInfo\" data-csa-c-type=\"widget\" data-csa-c-content-id=\"bylineInfo\" data-csa-c-slot-id=\"bylineInfo_feature_div\" data-csa-c-asin=\"B0BJQCVPLH\" data-csa-c-is-in-initial-active-row=\"false\" data-csa-c-id=\"wvuzbc-cbpmcd-p0zjlr-aw19k2\" data-cel-widget=\"bylineInfo_feature_div\"><\/div>\n<div class=\"celwidget aplus-module premium-module-1-image-text aplus-premium\" data-csa-c-id=\"nvxuwk-9y1qd2-me2kdy-lkoz9b\" data-cel-widget=\"aplus-premium-module-1-image-text\">\n<div class=\"a-section a-spacing-none premium-aplus premium-aplus-module-1 aplus-container-1\">\n<div class=\"a-section a-spacing-none aplus-display-table\">\n<div class=\"a-section a-spacing-none aplus-module-section aplus-display-table-cell aplus-image-section\"><img decoding=\"async\" class=\"\" src=\"https:\/\/m.media-amazon.com\/images\/W\/WEBP_402378-T2\/images\/S\/aplus-media-library-service-media\/83e70c37-0952-4f54-9c07-e7f4442a5f4e.__CR0,0,800,600_PT0_SX800_V1___.jpg\" alt=\"Silver\/Gold Blanket Premium\" data-src=\"https:\/\/m.media-amazon.com\/images\/W\/WEBP_402378-T2\/images\/S\/aplus-media-library-service-media\/83e70c37-0952-4f54-9c07-e7f4442a5f4e.__CR0,0,800,600_PT0_SX800_V1___.jpg\" data- title=\"\"><\/div>\n<div class=\"a-section a-spacing-none aplus-module-section aplus-display-table-cell aplus-text-section-right\">\n<h1 class=\"aplus-h1 aplus-module-1-heading a-text-bold\">Niezast\u0105piony w zestawach survivalowych, apteczkach pierwszej pomocy, apteczkach ratunkowych i nie tylko<\/h1>\n<p class=\"aplus-p2 aplus-module-1-description\">Koc ratunkowy Mylar jest wodoodporny i odbija do 90% ciep\u0142a cia\u0142a, pomagaj\u0105c zapobiega\u0107 hipotermii w zimnych, mokrych lub gor\u0105cych sytuacjach przetrwania. Te koce z folii termicznej s\u0105 niezb\u0119dne na kempingu, biegach prze\u0142ajowych, maratonach, torbach na 48 godzin\/72 godziny\/30 dni, sprz\u0119cie taktycznym, zestawach do przetrwania trz\u0119sienia ziemi, nag\u0142ych wypadkach w domu i apteczkach samochodowych.<\/p>\n<\/div>\n<\/div>\n<\/div>\n<\/div>\n<div class=\"celwidget aplus-module premium-module-1-image-text aplus-premium\" data-csa-c-id=\"p0rseo-gvzh3q-ahffy1-eae4wm\" data-cel-widget=\"aplus-premium-module-1-image-text\">\n<div class=\"a-section a-spacing-none premium-aplus premium-aplus-module-1 aplus-container-1\">\n<div class=\"a-section a-spacing-none aplus-display-table\">\n<div class=\"a-section a-spacing-none aplus-module-section aplus-display-table-cell aplus-image-section\"><img decoding=\"async\" class=\"\" src=\"https:\/\/m.media-amazon.com\/images\/W\/WEBP_402378-T2\/images\/S\/aplus-media-library-service-media\/1c3bef25-5548-4689-9308-53a9f36497ac.__CR0,0,800,600_PT0_SX800_V1___.jpg\" alt=\"Silver\/Gold Blanket Premium\" data-src=\"https:\/\/m.media-amazon.com\/images\/W\/WEBP_402378-T2\/images\/S\/aplus-media-library-service-media\/1c3bef25-5548-4689-9308-53a9f36497ac.__CR0,0,800,600_PT0_SX800_V1___.jpg\" data- title=\"\"><\/div>\n<div class=\"a-section a-spacing-none aplus-module-section aplus-display-table-cell aplus-text-section-right\">\n<h1 class=\"aplus-h1 aplus-module-1-heading a-text-bold\">Wielofunkcyjny koc ratunkowy<\/h1>\n<p class=\"aplus-p2 aplus-module-1-description\">Na wszelki wypadek schowaj do plecaka. Opr\u00f3cz zapewniania ciep\u0142a i sucho\u015bci, koc ratunkowy ISOP ma niezliczone zastosowania w sytuacjach przetrwania. U\u017cyj jako wk\u0142adki do \u015bpiwora w nieoczekiwane zimne dni, aby ulepszy\u0107 istniej\u0105cy \u015bpiw\u00f3r, zwi\u0119kszaj\u0105c ciep\u0142o i chroni\u0105c przed kondensacj\u0105 z zewn\u0105trz. Trzymaj swojego kota na wypadek, gdyby\u015b utkn\u0105\u0142 w burzy \u015bnie\u017cnej, zabrak\u0142o paliwa lub mia\u0142 wypadek samochodowy zim\u0105.<\/p>\n<\/div>\n<\/div>\n<\/div>\n<\/div>\n<div class=\"celwidget aplus-module premium-module-1-image-text aplus-premium\" data-csa-c-id=\"bpbsso-8dfzta-y2mu01-e5iw8h\" data-cel-widget=\"aplus-premium-module-1-image-text\">\n<div class=\"a-section a-spacing-none premium-aplus premium-aplus-module-1 aplus-container-1\">\n<div class=\"a-section a-spacing-none aplus-display-table\">\n<div class=\"a-section a-spacing-none aplus-module-section aplus-display-table-cell aplus-image-section\"><img decoding=\"async\" class=\"\" src=\"https:\/\/m.media-amazon.com\/images\/W\/WEBP_402378-T2\/images\/S\/aplus-media-library-service-media\/ff8517b7-ded4-4139-bb92-8b71ffe90612.__CR0,0,800,600_PT0_SX800_V1___.jpg\" alt=\"Silver\/Gold Blanket Premium\" data-src=\"https:\/\/m.media-amazon.com\/images\/W\/WEBP_402378-T2\/images\/S\/aplus-media-library-service-media\/ff8517b7-ded4-4139-bb92-8b71ffe90612.__CR0,0,800,600_PT0_SX800_V1___.jpg\" data- title=\"\"><\/div>\n<div class=\"a-section a-spacing-none aplus-module-section aplus-display-table-cell aplus-text-section-right\">\n<h1 class=\"aplus-h1 aplus-module-1-heading a-text-bold\">Trwa\u0142e, ultralekkie, kompaktowe opakowanie<\/h1>\n<p class=\"aplus-p2 aplus-module-1-description\">Ka\u017cdy koc jest indywidualnie sk\u0142adany, owini\u0119ty i uszczelniony w celu \u0142atwego przechowywania, zatrzymywania lub odbijania ciep\u0142a, wielokrotnego u\u017cytku, wodoodporny, wiatroodporny, odporny na wilgo\u0107, mo\u017ce by\u0107 r\u00f3wnie\u017c u\u017cywany jako os\u0142ona gruntu i os\u0142ona przeciws\u0142oneczna.<\/p>\n<div class=\"a-section a-spacing-none premium-aplus-15-heading\">\n<h1 class=\"premium-aplus-15-heading-text a-text-bold\">Niezliczone zastosowania:<\/h1>\n<\/div>\n<div class=\"a-section a-spacing-none\">\n<p class=\"description\">\u015blad namiotu; Pokrowiec na plecak; Poncho przeciwdeszczowe; sygna\u0142 alarmowy; Piekarnik s\u0142oneczny; Przyn\u0119ta na ryby; \u015brodek odstraszaj\u0105cy ptaki; Schronienie ratunkowe; Po\u015bciel do \u015bpiwor\u00f3w; okrywowa; blokada wiatru; Zawieszenie na rami\u0119; Opaska zaciskaj\u0105ca; Znacznik szlaku; kolektor wody; Pojemnik na topi\u0105cy si\u0119 \u015bnieg; os\u0142ona przeciws\u0142oneczna na szyb\u0119 samochodow\u0105; Odb\u0142y\u015bnik \u015bwiat\u0142a s\u0142onecznego; Pokrywa do przechowywania \u017cywno\u015bci.<\/p>\n<\/div>\n<\/div>\n<\/div>\n<\/div>\n<\/div>\n","protected":false},"excerpt":{"rendered":"[embed]https:\/\/www.youtube.com\/watch?v=_FEc3WYo3UU[\/embed]\n<p style=\"text-align: center;\">ISOP Koc Ratunkowy Z\u0142oty i Srebrny | 11 jednostek Du\u017cy rozmiar 210 x 160 cm | Awaryjne Koce Termiczne Koce Survivalowe Pierwsza Pomoc | Koc zatrzymuj\u0105cy ciep\u0142o | Wielofunkcyjny lekki i kompaktowy<\/p>\n<p style=\"text-align: center;\">DARMOWA DOSTAWA W CI\u0104GU 3-7 DNI<\/p>\n<h4 style=\"text-align: center;\"><strong>KUP ON<\/strong><\/h4>\n<p id=\"title\" class=\"a-size-large a-spacing-none\" style=\"text-align: center;\"><a href=\"https:\/\/www.amazon.pl\/dp\/B0BJQCVPLH\/ref=sr_1_1?__mk_pl_PL=%C3%85M%C3%85%C5%BD%C3%95%C3%91&amp;dchild=1&amp;keywords=Koc%20Ratunkowy&amp;qid=1628693901&amp;sr=8-1&amp;th=1\"><img loading=\"lazy\" decoding=\"async\" class=\"alignnone wp-image-1040 size-full aligncenter\" src=\"https:\/\/rightfoodonly.com\/wp-content\/uploads\/amazon-button9.png\" alt=\"\" width=\"160\" height=\"59\" \/><\/a><\/p>\n<p>&nbsp;<\/p>\n","protected":false},"featured_media":4535,"comment_status":"open","ping_status":"closed","template":"","meta":[],"product_brand":[],"product_cat":[201,199],"product_tag":[136,52,137],"class_list":{"0":"post-4526","1":"product","2":"type-product","3":"status-publish","4":"has-post-thumbnail","6":"product_cat-koc-przeciwpozarowy","7":"product_cat-zestawy-ratownicze-i-przetrwania","8":"product_tag-koc-ratunkowy","9":"product_tag-sprzet-ratunkowy","10":"product_tag-zloty-i-srebrny-koc","12":"first","13":"instock","14":"shipping-taxable","15":"purchasable","16":"product-type-simple"},"_links":{"self":[{"href":"https:\/\/isopllc.com\/pl\/wp-json\/wp\/v2\/product\/4526","targetHints":{"allow":["GET"]}}],"collection":[{"href":"https:\/\/isopllc.com\/pl\/wp-json\/wp\/v2\/product"}],"about":[{"href":"https:\/\/isopllc.com\/pl\/wp-json\/wp\/v2\/types\/product"}],"replies":[{"embeddable":true,"href":"https:\/\/isopllc.com\/pl\/wp-json\/wp\/v2\/comments?post=4526"}],"wp:featuredmedia":[{"embeddable":true,"href":"https:\/\/isopllc.com\/pl\/wp-json\/wp\/v2\/media\/4535"}],"wp:attachment":[{"href":"https:\/\/isopllc.com\/pl\/wp-json\/wp\/v2\/media?parent=4526"}],"wp:term":[{"taxonomy":"product_brand","embeddable":true,"href":"https:\/\/isopllc.com\/pl\/wp-json\/wp\/v2\/product_brand?post=4526"},{"taxonomy":"product_cat","embeddable":true,"href":"https:\/\/isopllc.com\/pl\/wp-json\/wp\/v2\/product_cat?post=4526"},{"taxonomy":"product_tag","embeddable":true,"href":"https:\/\/isopllc.com\/pl\/wp-json\/wp\/v2\/product_tag?post=4526"}],"curies":[{"name":"wp","href":"https:\/\/api.w.org\/{rel}","templated":true}]}}