{"id":4594,"date":"2023-01-21T16:40:10","date_gmt":"2023-01-21T16:40:10","guid":{"rendered":"https:\/\/isopllc.com\/pl\/?post_type=product&#038;p=4594"},"modified":"2025-07-01T05:14:59","modified_gmt":"2025-07-01T05:14:59","slug":"namiot-przetrwania-sprzet-ratunkowy","status":"publish","type":"product","link":"https:\/\/isopllc.com\/pl\/product\/namiot-przetrwania-sprzet-ratunkowy\/","title":{"rendered":"Namiot przetrwania | Sprz\u0119t ratunkowy"},"content":{"rendered":"<h2 class=\"text-weight-bold\">Namiot ratunkowy dla 2 os\u00f3b + 3 paracordy, paliki do namiotu, pa\u0142eczka fluorescencyjna, gwizdek | 100% wodoodporny namiot | Ultralekki i bardzo du\u017cy<\/h2>\n<div class=\"celwidget aplus-module premium-module-1-image-text aplus-premium\">\n<div class=\"a-section a-spacing-none premium-aplus premium-aplus-module-1 aplus-container-1\">\n<div class=\"a-section a-spacing-none aplus-display-table\">\n<div class=\"a-section a-spacing-none aplus-module-section aplus-display-table-cell aplus-image-section\"><img decoding=\"async\" class=\"\" src=\"https:\/\/m.media-amazon.com\/images\/S\/aplus-media-library-service-media\/6954aaee-621a-4a38-98ce-0a6faa609e88.__CR0,0,800,600_PT0_SX800_V1___.jpg\" alt=\"Emergency Survival Shelter Tent\" data-src=\"https:\/\/m.media-amazon.com\/images\/S\/aplus-media-library-service-media\/6954aaee-621a-4a38-98ce-0a6faa609e88.__CR0,0,800,600_PT0_SX800_V1___.jpg\" data- title=\"\"><\/div>\n<div><\/div>\n<div class=\"a-section a-spacing-none aplus-module-section aplus-display-table-cell aplus-text-section-right\">\n<h1 class=\"aplus-h1 aplus-module-1-heading a-text-bold\">Awaryjne schronisko survivalowe Namiot + 3 paracordy, s\u0142upki do namiotu, pa\u0142eczka fluorescencyjna, gwizdek<\/h1>\n<p class=\"aplus-p2 aplus-module-1-description\">Ten awaryjny zestaw combo zapewnia namiot przetrwania, kt\u00f3ry zapewnia schronienie przed \u017cywio\u0142ami i pomaga utrzyma\u0107 ciep\u0142o, zatrzymuj\u0105c ciep\u0142o cia\u0142a. Zaprojektowany z my\u015bl\u0105 o sytuacjach awaryjnych i przetrwaniu, zawiera cztery ko\u0142ki, gwizdek ratunkowy, dwie moskitiery i dwie \u015bwiec\u0105ce pa\u0142eczki. \u017bywy pomara\u0144czowy kolor mo\u017ce pom\u00f3c w poszukiwaniach i ratownictwie. Trzy nylonowe \u015bci\u0105gacze z paracordu i karabi\u0144czyki mog\u0105 pos\u0142u\u017cy\u0107 do zabezpieczenia lub naprawy sprz\u0119tu, zbudowania dodatkowego schronienia.<\/p>\n<\/div>\n<\/div>\n<\/div>\n<\/div>\n<div class=\"celwidget aplus-module premium-module-1-image-text aplus-premium\">\n<div class=\"a-section a-spacing-none premium-aplus premium-aplus-module-1 aplus-container-1\">\n<div class=\"a-section a-spacing-none aplus-display-table\">\n<div class=\"a-section a-spacing-none aplus-module-section aplus-display-table-cell aplus-image-section\"><img decoding=\"async\" class=\"\" src=\"https:\/\/m.media-amazon.com\/images\/S\/aplus-media-library-service-media\/e853c2f4-1c4f-47b1-80c9-7af27f54599b.__CR0,0,800,600_PT0_SX800_V1___.jpg\" alt=\"Emergency Survival Shelter Tent\" data-src=\"https:\/\/m.media-amazon.com\/images\/S\/aplus-media-library-service-media\/e853c2f4-1c4f-47b1-80c9-7af27f54599b.__CR0,0,800,600_PT0_SX800_V1___.jpg\" data- title=\"\"><\/div>\n<div class=\"a-section a-spacing-none aplus-module-section aplus-display-table-cell aplus-text-section-right\">\n<h1 class=\"aplus-h1 aplus-module-1-heading a-text-bold\">W 100% wodoodporny, ultralekki, kompaktowy i bardzo du\u017cy<\/h1>\n<p>Ten ultralekki namiot jest wykonany z mylaru z pow\u0142ok\u0105 odporn\u0105 na rozdarcia i przebicia. Te namioty ratunkowe s\u0105 wystarczaj\u0105co wytrzyma\u0142e do wielokrotnego u\u017cytku, wi\u0119c mo\u017cna je z\u0142o\u017cy\u0107 i w\u0142o\u017cy\u0107 z powrotem do torby. Te schrony ratunkowe mo\u017cna wygodnie przypi\u0105\u0107 do sprz\u0119tu na czas transportu i s\u0105 wystarczaj\u0105co kompaktowe, aby zmie\u015bci\u0107 si\u0119 w samochodzie.<\/p>\n<p>Ten zestaw ochroni Ci\u0119 przed DESZCZEM, WIATREM i \u015bniegiem, a tak\u017ce zapewni cie\u0144 przed s\u0142o\u0144cem. Jest to kombinacja ratuj\u0105ca \u017cycie dla jednej osoby lub grupy dw\u00f3ch os\u00f3b.<\/p>\n<p class=\"aplus-p2 aplus-module-1-description\"><img decoding=\"async\" class=\"\" src=\"https:\/\/m.media-amazon.com\/images\/S\/aplus-media-library-service-media\/5d6d0212-bf81-4e52-81ae-6e3da0c33896.__CR50,0,800,600_PT0_SX800_V1___.jpeg\" alt=\"Emergency Survival Shelter Tent\" data-src=\"https:\/\/m.media-amazon.com\/images\/S\/aplus-media-library-service-media\/5d6d0212-bf81-4e52-81ae-6e3da0c33896.__CR50,0,800,600_PT0_SX800_V1___.jpeg\" data- title=\"\"><\/p>\n<\/div>\n<\/div>\n<\/div>\n<\/div>\n<div class=\"celwidget aplus-module premium-module-1-image-text aplus-premium\">\n<div class=\"a-section a-spacing-none premium-aplus premium-aplus-module-1 aplus-container-1\">\n<div class=\"a-section a-spacing-none aplus-display-table\">\n<div class=\"a-section a-spacing-none aplus-module-section aplus-display-table-cell aplus-text-section-right\">\n<h1 class=\"aplus-h1 aplus-module-1-heading a-text-bold\">Wielofunkcyjny namiot awaryjny<\/h1>\n<p class=\"aplus-p2 aplus-module-1-description\">Na wszelki wypadek schowaj do plecaka. Opr\u00f3cz utrzymywania ciep\u0142a i sucho\u015bci, zestaw survivalowy ISOP ma niezliczone zastosowania w sytuacjach przetrwania. U\u017cyj jako wk\u0142adki do \u015bpiwora w nieoczekiwane zimne dni, aby ulepszy\u0107 istniej\u0105cy \u015bpiw\u00f3r, zwi\u0119kszaj\u0105c ciep\u0142o i chroni\u0105c przed kondensacj\u0105 z zewn\u0105trz. Zachowaj samoch\u00f3d na wypadek, gdyby\u015b utkn\u0105\u0142 w \u015bnie\u017cycy, zabrak\u0142o paliwa lub mia\u0142 wypadek samochodowy zim\u0105.<\/p>\n<\/div>\n<\/div>\n<\/div>\n<\/div>\n<div class=\"celwidget aplus-module premium-module-15-text aplus-premium\">\n<div class=\"a-section a-spacing-none premium-aplus premium-aplus-module-15\">\n<div class=\"a-section a-spacing-none\">\n<div class=\"a-section a-spacing-none aplus-module-section aplus-display-table-cell aplus-image-section\"><img decoding=\"async\" class=\"\" src=\"https:\/\/m.media-amazon.com\/images\/S\/aplus-media-library-service-media\/46b5cc5a-a1ff-413c-b08e-d4adb4e923e5.__CR0,0,1200,900_PT0_SX800_V1___.jpg\" alt=\"Emergency Survival Shelter Tent for 2 People\" data-src=\"https:\/\/m.media-amazon.com\/images\/S\/aplus-media-library-service-media\/46b5cc5a-a1ff-413c-b08e-d4adb4e923e5.__CR0,0,1200,900_PT0_SX800_V1___.jpg\" data- title=\"\"><\/div>\n<div class=\"a-section a-spacing-none aplus-module-section aplus-display-table-cell aplus-text-section-right\">\n<h1 class=\"aplus-h1 aplus-module-1-heading a-text-bold\">Niezliczone zastosowania:<\/h1>\n<p class=\"aplus-p2 aplus-module-1-description\">Pokrowiec na plecak; Poncho przeciwdeszczowe; sygna\u0142 alarmowy; Piekarnik s\u0142oneczny; Przyn\u0119ta na ryby; \u015brodek odstraszaj\u0105cy ptaki; Schronienie ratunkowe; Po\u015bciel do \u015bpiwor\u00f3w; okrywowa; blokada wiatru; Zawieszenie na rami\u0119; Opaska zaciskaj\u0105ca; Znacznik szlaku; kolektor wody; Pojemnik na topi\u0105cy si\u0119 \u015bnieg; os\u0142ona przeciws\u0142oneczna na szyb\u0119 samochodow\u0105; Odb\u0142y\u015bnik \u015bwiat\u0142a s\u0142onecznego; Pokrywa do przechowywania \u017cywno\u015bci.<\/p>\n<\/div>\n<\/div>\n<\/div>\n<\/div>\n","protected":false},"excerpt":{"rendered":"<p id=\"reconcile-item-title\" class=\"text-weight-bold\" style=\"text-align: center;\">Namiot ratunkowy dla 2 os\u00f3b + 3 paracordy, paliki do namiotu, pa\u0142eczka fluorescencyjna, gwizdek | 100% wodoodporny namiot | Ultralekki i bardzo du\u017cy<\/p>\n<p style=\"text-align: center;\">BEZP\u0141ATNA DOSTAWA W CI\u0104GU 3-7 DNI<\/p>\n<h4 style=\"text-align: center;\"><strong>KUP TO NA<\/strong><\/h4>\n<p><a href=\"https:\/\/www.amazon.pl\/dp\/B0BNPZF57C?ref=myi_title_dp\"><img loading=\"lazy\" decoding=\"async\" class=\"aligncenter wp-image-1040 size-full\" src=\"https:\/\/isopllc.com\/pl\/wp-content\/uploads\/sites\/11\/2020\/01\/amazon-button9.png\" alt=\"\" width=\"160\" height=\"59\" \/><\/a><\/p>\n<p style=\"text-align: center;\">\n","protected":false},"featured_media":4595,"comment_status":"open","ping_status":"closed","template":"","meta":[],"product_brand":[],"product_cat":[199],"product_tag":[160,159,52],"class_list":{"0":"post-4594","1":"product","2":"type-product","3":"status-publish","4":"has-post-thumbnail","6":"product_cat-zestawy-ratownicze-i-przetrwania","7":"product_tag-akcesoria-survivalowe","8":"product_tag-namiot-przetrwania","9":"product_tag-sprzet-ratunkowy","11":"first","12":"instock","13":"shipping-taxable","14":"purchasable","15":"product-type-simple"},"_links":{"self":[{"href":"https:\/\/isopllc.com\/pl\/wp-json\/wp\/v2\/product\/4594","targetHints":{"allow":["GET"]}}],"collection":[{"href":"https:\/\/isopllc.com\/pl\/wp-json\/wp\/v2\/product"}],"about":[{"href":"https:\/\/isopllc.com\/pl\/wp-json\/wp\/v2\/types\/product"}],"replies":[{"embeddable":true,"href":"https:\/\/isopllc.com\/pl\/wp-json\/wp\/v2\/comments?post=4594"}],"wp:featuredmedia":[{"embeddable":true,"href":"https:\/\/isopllc.com\/pl\/wp-json\/wp\/v2\/media\/4595"}],"wp:attachment":[{"href":"https:\/\/isopllc.com\/pl\/wp-json\/wp\/v2\/media?parent=4594"}],"wp:term":[{"taxonomy":"product_brand","embeddable":true,"href":"https:\/\/isopllc.com\/pl\/wp-json\/wp\/v2\/product_brand?post=4594"},{"taxonomy":"product_cat","embeddable":true,"href":"https:\/\/isopllc.com\/pl\/wp-json\/wp\/v2\/product_cat?post=4594"},{"taxonomy":"product_tag","embeddable":true,"href":"https:\/\/isopllc.com\/pl\/wp-json\/wp\/v2\/product_tag?post=4594"}],"curies":[{"name":"wp","href":"https:\/\/api.w.org\/{rel}","templated":true}]}}