{"id":4629,"date":"2023-01-27T18:10:49","date_gmt":"2023-01-27T18:10:49","guid":{"rendered":"https:\/\/isopllc.com\/pl\/?post_type=product&#038;p=4629"},"modified":"2025-07-01T05:14:35","modified_gmt":"2025-07-01T05:14:35","slug":"isop-kuchenka-kempingowa-i-zestaw-kubkow-podroznych","status":"publish","type":"product","link":"https:\/\/isopllc.com\/pl\/product\/isop-kuchenka-kempingowa-i-zestaw-kubkow-podroznych\/","title":{"rendered":"ISOP Kuchenka kempingowa i zestaw kubk\u00f3w podr\u00f3\u017cnych"},"content":{"rendered":"<h1 class=\"a-section a-spacing-none premium-aplus premium-aplus-module-3 aplus-container-1\">ISOP Kuchenka kempingowa i zestaw kubk\u00f3w podr\u00f3\u017cnych &#8211; Mini przeno\u015bna kuchenka Kubek podr\u00f3\u017cny do kawy &#8211; Odporny na zalanie Kuchenka kempingowa \/ turystyczna \/ plecakowa &#8211; Kuchenka alkoholowa ze stali nierdzewnej i sk\u0142adany kubek do podr\u00f3\u017cy &#8211; Silikonowy kubek kempingowy<\/h1>\n<div class=\"celwidget aplus-module premium-module-4-two-column-images aplus-premium\" data-csa-c-id=\"sdy05b-vrb5mv-3tmwc5-k338fj\">\n<div class=\"a-section a-spacing-none premium-aplus premium-aplus-module-4 aplus-container-1\">\n<div class=\"a-section a-spacing-none premium-aplus-two-column\">\n<div class=\"a-section a-spacing-none premium-aplus-column\">\n<div class=\"a-section a-spacing-none {'column-image'}\"><img decoding=\"async\" class=\"\" src=\"https:\/\/m.media-amazon.com\/images\/S\/aplus-media-library-service-media\/9bc7ce8d-f977-4807-9523-6a597f759391.__CR0,0,650,350_PT0_SX650_V1___.jpg\" alt=\"Camping Stove &amp; Travel Mug Set - Mini Portable Stove Travel Coffee Mug\" data-src=\"https:\/\/m.media-amazon.com\/images\/S\/aplus-media-library-service-media\/9bc7ce8d-f977-4807-9523-6a597f759391.__CR0,0,650,350_PT0_SX650_V1___.jpg\" data- title=\"\"><\/div>\n<div class=\"a-section a-spacing-none column-heading\"><\/div>\n<div class=\"a-section a-spacing-none column-description\">\n<p class=\"aplus-p3\">Solidny i stabilny palnik kempingowy wykonany jest z wytrzyma\u0142ej stali nierdzewnej. Alkohol wlewa si\u0119 do \u015brodkowego zbiornika minikuchenki kempingowej, a nast\u0119pnie zapala. Opary wydostaj\u0105 si\u0119 z pier\u015bcienia ma\u0142ych otwor\u00f3w, tworz\u0105c \u0142adny, r\u00f3wnomierny ogie\u0144. Ugasi\u0107, delikatnie zak\u0142adaj\u0105c nasadk\u0119 na p\u0142omienie i zdusi\u0107 je.<\/p>\n<\/div>\n<\/div>\n<div class=\"a-section a-spacing-none premium-aplus-column\">\n<div class=\"a-section a-spacing-none {'column-image'}\"><img decoding=\"async\" class=\"\" src=\"https:\/\/m.media-amazon.com\/images\/S\/aplus-media-library-service-media\/faa31d46-35b8-4347-b136-6915e89a2bdb.__CR0,0,650,350_PT0_SX650_V1___.jpg\" alt=\"Collapsible Cup for Travel - Silicone Camping Mug\" data-src=\"https:\/\/m.media-amazon.com\/images\/S\/aplus-media-library-service-media\/faa31d46-35b8-4347-b136-6915e89a2bdb.__CR0,0,650,350_PT0_SX650_V1___.jpg\" data- title=\"\"><\/div>\n<div class=\"a-section a-spacing-none column-heading\"><\/div>\n<div class=\"a-section a-spacing-none column-description\">\n<p class=\"aplus-p3\">Sk\u0142adany kubek do podr\u00f3\u017cy sk\u0142ada si\u0119 z silikonu spo\u017cywczego, kt\u00f3ry jest do\u015b\u0107 bezpieczny w u\u017cyciu bez szkodliwych dodatk\u00f3w. \u017badnego plastiku, \u017cadnych dziwnych chemikali\u00f3w i niczego, czego nie chcesz w swoim ciele. Tylko ty i tw\u00f3j ulubiony nap\u00f3j.<\/p>\n<\/div>\n<\/div>\n<\/div>\n<\/div>\n<\/div>\n<div class=\"celwidget aplus-module premium-module-4-two-column-images aplus-premium\" data-csa-c-id=\"e5hmvm-44h78t-crc2qp-99d5vq\">\n<div class=\"a-section a-spacing-none premium-aplus premium-aplus-module-4 aplus-container-1\">\n<div class=\"a-section a-spacing-none premium-aplus-two-column\">\n<div class=\"a-section a-spacing-none premium-aplus-column\">\n<div class=\"a-section a-spacing-none {'column-image'}\"><img decoding=\"async\" class=\"\" src=\"https:\/\/m.media-amazon.com\/images\/S\/aplus-media-library-service-media\/b07733d2-7a18-4f2b-8ebc-2c79dfd37612.__CR0,0,650,350_PT0_SX650_V1___.jpg\" alt=\"Camping Stove &amp; Travel Mug Set - Mini Portable Stove Travel Coffee Mug\" data-src=\"https:\/\/m.media-amazon.com\/images\/S\/aplus-media-library-service-media\/b07733d2-7a18-4f2b-8ebc-2c79dfd37612.__CR0,0,650,350_PT0_SX650_V1___.jpg\" data- title=\"\"><\/div>\n<div class=\"a-section a-spacing-none column-heading\"><\/div>\n<div class=\"a-section a-spacing-none column-description\">\n<p class=\"aplus-p3\">Mo\u017cesz grillowa\u0107 w dowolnym miejscu i czasie na zewn\u0105trz, korzystaj\u0105c z tej mini kuchenki kempingowej z regulacj\u0105 temperatury. Sk\u0142adany uchwyt na regulatorze p\u0142omienia pomaga w kontrolowaniu i utrzymywaniu temperatury zgodnie z potrzebami. Kubek do podgrzewania w mikrofal\u00f3wce sprawdzi si\u0119 podczas tych przyg\u00f3d na zimn\u0105 kaw\u0119 lub gor\u0105c\u0105 herbat\u0119.<\/p>\n<\/div>\n<\/div>\n<div class=\"a-section a-spacing-none premium-aplus-column\">\n<div class=\"a-section a-spacing-none {'column-image'}\"><img decoding=\"async\" class=\"\" src=\"https:\/\/m.media-amazon.com\/images\/S\/aplus-media-library-service-media\/1564a539-8573-458e-bd63-ed68d7c76394.__CR0,0,650,350_PT0_SX650_V1___.jpg\" alt=\"Camping Stove &amp; Travel Mug Set - Mini Portable Stove Travel Coffee Mug\" data-src=\"https:\/\/m.media-amazon.com\/images\/S\/aplus-media-library-service-media\/1564a539-8573-458e-bd63-ed68d7c76394.__CR0,0,650,350_PT0_SX650_V1___.jpg\" data- title=\"\"><\/div>\n<div class=\"a-section a-spacing-none column-heading\"><\/div>\n<div class=\"a-section a-spacing-none column-description\">\n<p class=\"aplus-p3\">Ta awaryjna kuchenka to podstawowe narz\u0119dzie, kt\u00f3re mo\u017ce okaza\u0107 si\u0119 bardzo cenne w ka\u017cdej sytuacji awaryjnej. Podr\u00f3\u017cuj z naszym przeno\u015bnym i lekkim zestawem palnik\u00f3w na zewn\u0105trz, aby cieszy\u0107 si\u0119 zimowym ch\u0142odem w g\u00f3rach. Nadaje si\u0119 do biwakowania, w\u0119dr\u00f3wek, piknik\u00f3w, grillowania, przetrwania na \u015bwie\u017cym powietrzu, wycieczek drogowych, \u017cycia vana i przygody.<\/p>\n<\/div>\n<\/div>\n<\/div>\n<\/div>\n<\/div>\n","protected":false},"excerpt":{"rendered":"<p id=\"reconcile-item-title\" class=\"text-weight-bold\" style=\"text-align: center;\">ISOP Kuchenka kempingowa i zestaw kubk\u00f3w podr\u00f3\u017cnych &#8211; Mini przeno\u015bna kuchenka Kubek podr\u00f3\u017cny do kawy &#8211; Odporny na zalanie Kuchenka kempingowa \/ turystyczna \/ plecakowa &#8211; Kuchenka alkoholowa ze stali nierdzewnej i sk\u0142adany kubek do podr\u00f3\u017cy &#8211; Silikonowy kubek kempingowy<\/p>\n<p style=\"text-align: center;\">BEZP\u0141ATNA DOSTAWA W CI\u0104GU 3-7 DNI<\/p>\n<h4 style=\"text-align: center;\"><strong>KUP TO NA<\/strong><br \/>\n<a href=\"https:\/\/www.amazon.pl\/dp\/B0BNQJ1H8P?ref=myi_title_dp&amp;th=1\"><img loading=\"lazy\" decoding=\"async\" class=\"aligncenter wp-image-1040 size-full\" src=\"https:\/\/isopllc.com\/pl\/wp-content\/uploads\/sites\/11\/2020\/01\/amazon-button9.png\" alt=\"\" width=\"160\" height=\"59\" \/><\/a><\/h4>\n","protected":false},"featured_media":4630,"comment_status":"open","ping_status":"closed","template":"","meta":[],"product_brand":[],"product_cat":[199],"product_tag":[98,123,125,124],"class_list":{"0":"post-4629","1":"product","2":"type-product","3":"status-publish","4":"has-post-thumbnail","6":"product_cat-zestawy-ratownicze-i-przetrwania","7":"product_tag-isop","8":"product_tag-kuchenka-kempingowa","9":"product_tag-sprzet-outdoorowy","10":"product_tag-zestaw-kubkow-podroznych","12":"first","13":"instock","14":"shipping-taxable","15":"purchasable","16":"product-type-simple"},"_links":{"self":[{"href":"https:\/\/isopllc.com\/pl\/wp-json\/wp\/v2\/product\/4629","targetHints":{"allow":["GET"]}}],"collection":[{"href":"https:\/\/isopllc.com\/pl\/wp-json\/wp\/v2\/product"}],"about":[{"href":"https:\/\/isopllc.com\/pl\/wp-json\/wp\/v2\/types\/product"}],"replies":[{"embeddable":true,"href":"https:\/\/isopllc.com\/pl\/wp-json\/wp\/v2\/comments?post=4629"}],"wp:featuredmedia":[{"embeddable":true,"href":"https:\/\/isopllc.com\/pl\/wp-json\/wp\/v2\/media\/4630"}],"wp:attachment":[{"href":"https:\/\/isopllc.com\/pl\/wp-json\/wp\/v2\/media?parent=4629"}],"wp:term":[{"taxonomy":"product_brand","embeddable":true,"href":"https:\/\/isopllc.com\/pl\/wp-json\/wp\/v2\/product_brand?post=4629"},{"taxonomy":"product_cat","embeddable":true,"href":"https:\/\/isopllc.com\/pl\/wp-json\/wp\/v2\/product_cat?post=4629"},{"taxonomy":"product_tag","embeddable":true,"href":"https:\/\/isopllc.com\/pl\/wp-json\/wp\/v2\/product_tag?post=4629"}],"curies":[{"name":"wp","href":"https:\/\/api.w.org\/{rel}","templated":true}]}}