{"id":4675,"date":"2023-03-10T15:28:37","date_gmt":"2023-03-10T15:28:37","guid":{"rendered":"https:\/\/isopllc.com\/pl\/?post_type=product&#038;p=4675"},"modified":"2026-02-04T09:25:26","modified_gmt":"2026-02-04T09:25:26","slug":"awaryjny-zestaw-ratunkowy-2","status":"publish","type":"product","link":"https:\/\/isopllc.com\/pl\/product\/awaryjny-zestaw-ratunkowy-2\/","title":{"rendered":"Plecak Przetrwania"},"content":{"rendered":"<h1 id=\"title\" class=\"a-size-large a-spacing-none\"><span id=\"productTitle\" class=\"a-size-large product-title-word-break\">Plecak Przetrwania | Sprz\u0119t survivalowy na kemping, w\u0119dr\u00f3wki, polowanie, przygody na \u015bwie\u017cym powietrzu | Narz\u0119dzia survivalowe z wyposa\u017ceniem ratunkowym<\/span><\/h1>\n<h2>Przedstawiamy Pa\u0144stwu najlepiej wyposa\u017cony plecak survivalowy na ka\u017cd\u0105 okazj\u0119<\/h2>\n<p>Trz\u0119sienie ziemi, po\u017car lub pow\u00f3d\u017a, ten zestaw pomo\u017ce Ci przetrwa\u0107. Nawet je\u015bli znajdziesz si\u0119 na bezludnej wyspie, takiej jak Robinson Crusoe, b\u0119dziesz mie\u0107 wszystkie narz\u0119dzia potrzebne do przetrwania. Poni\u017cej przedstawiamy ka\u017cdy element zestawu, kt\u00f3ry skrupulatnie wyselekcjonowali\u015bmy z osobna i opowiadamy o wszystkich mo\u017cliwych zastosowaniach ka\u017cdego produktu, kt\u00f3ry nota bene przyda si\u0119 nie tylko w sytuacjach awaryjnych, ale tak\u017ce w \u017cyciu codziennym, biwakowaniu, wspinaczce w g\u00f3ry lub na spacer z rodzin\u0105.<\/p>\n<p><img loading=\"lazy\" decoding=\"async\" class=\"alignnone size-full wp-image-4673\" src=\"https:\/\/isopllc.com\/pl\/wp-content\/uploads\/sites\/11\/2023\/01\/Emergency-Survival-Kit-_-Emergency-Survival-Backpack-First-Aid-Equipment-for-Camping-Hiking-Outdoor-_-Survival-Emergency-Tools-for-Any-Occasion-_-Survival-Backpack-Full-of-Gear-2.jpg\" alt=\"\" width=\"900\" height=\"900\" title=\"\" srcset=\"https:\/\/isopllc.com\/pl\/wp-content\/uploads\/sites\/11\/2023\/01\/Emergency-Survival-Kit-_-Emergency-Survival-Backpack-First-Aid-Equipment-for-Camping-Hiking-Outdoor-_-Survival-Emergency-Tools-for-Any-Occasion-_-Survival-Backpack-Full-of-Gear-2.jpg 900w, https:\/\/isopllc.com\/pl\/wp-content\/uploads\/sites\/11\/2023\/01\/Emergency-Survival-Kit-_-Emergency-Survival-Backpack-First-Aid-Equipment-for-Camping-Hiking-Outdoor-_-Survival-Emergency-Tools-for-Any-Occasion-_-Survival-Backpack-Full-of-Gear-2-150x150.jpg 150w, https:\/\/isopllc.com\/pl\/wp-content\/uploads\/sites\/11\/2023\/01\/Emergency-Survival-Kit-_-Emergency-Survival-Backpack-First-Aid-Equipment-for-Camping-Hiking-Outdoor-_-Survival-Emergency-Tools-for-Any-Occasion-_-Survival-Backpack-Full-of-Gear-2-768x768.jpg 768w, https:\/\/isopllc.com\/pl\/wp-content\/uploads\/sites\/11\/2023\/01\/Emergency-Survival-Kit-_-Emergency-Survival-Backpack-First-Aid-Equipment-for-Camping-Hiking-Outdoor-_-Survival-Emergency-Tools-for-Any-Occasion-_-Survival-Backpack-Full-of-Gear-2-60x60.jpg 60w, https:\/\/isopllc.com\/pl\/wp-content\/uploads\/sites\/11\/2023\/01\/Emergency-Survival-Kit-_-Emergency-Survival-Backpack-First-Aid-Equipment-for-Camping-Hiking-Outdoor-_-Survival-Emergency-Tools-for-Any-Occasion-_-Survival-Backpack-Full-of-Gear-2-90x90.jpg 90w, https:\/\/isopllc.com\/pl\/wp-content\/uploads\/sites\/11\/2023\/01\/Emergency-Survival-Kit-_-Emergency-Survival-Backpack-First-Aid-Equipment-for-Camping-Hiking-Outdoor-_-Survival-Emergency-Tools-for-Any-Occasion-_-Survival-Backpack-Full-of-Gear-2-416x416.jpg 416w, https:\/\/isopllc.com\/pl\/wp-content\/uploads\/sites\/11\/2023\/01\/Emergency-Survival-Kit-_-Emergency-Survival-Backpack-First-Aid-Equipment-for-Camping-Hiking-Outdoor-_-Survival-Emergency-Tools-for-Any-Occasion-_-Survival-Backpack-Full-of-Gear-2-100x100.jpg 100w\" sizes=\"auto, (max-width: 900px) 100vw, 900px\" \/><\/p>\n<h2>Awaryjny plecak survivalowy<\/h2>\n<p>Wielozadaniowy zaktualizowany zestaw taktyczny to wielozadaniowy zestaw ratunkowy 32 w 1, kt\u00f3ry zawiera sprz\u0119t do przetrwania na \u015bwie\u017cym powietrzu, kt\u00f3ry jest niezb\u0119dny podczas biwakowania, w\u0119dkowania, polowania, podr\u00f3\u017cy motocyklowych, wycieczek w dzicz, pieszych w\u0119dr\u00f3wek i scenariuszy przetrwania. To niesamowita niespodzianka i gad\u017cet dla ka\u017cdego.<\/p>\n<p><img loading=\"lazy\" decoding=\"async\" class=\"alignnone wp-image-4695\" src=\"https:\/\/isopllc.com\/pl\/wp-content\/uploads\/sites\/11\/2023\/03\/IMG-2855-1.jpg\" alt=\"\" width=\"886\" height=\"1181\" title=\"\" srcset=\"https:\/\/isopllc.com\/pl\/wp-content\/uploads\/sites\/11\/2023\/03\/IMG-2855-1.jpg 1020w, https:\/\/isopllc.com\/pl\/wp-content\/uploads\/sites\/11\/2023\/03\/IMG-2855-1-768x1024.jpg 768w, https:\/\/isopllc.com\/pl\/wp-content\/uploads\/sites\/11\/2023\/03\/IMG-2855-1-45x60.jpg 45w, https:\/\/isopllc.com\/pl\/wp-content\/uploads\/sites\/11\/2023\/03\/IMG-2855-1-68x90.jpg 68w, https:\/\/isopllc.com\/pl\/wp-content\/uploads\/sites\/11\/2023\/03\/IMG-2855-1-750x1000.jpg 750w, https:\/\/isopllc.com\/pl\/wp-content\/uploads\/sites\/11\/2023\/03\/IMG-2855-1-416x555.jpg 416w\" sizes=\"auto, (max-width: 886px) 100vw, 886px\" \/><\/p>\n<h2>Materia\u0142y wysokiej jako\u015bci<\/h2>\n<p>Do wykonania ca\u0142ego ekwipunku ratunkowego wykorzystywane s\u0105 najwy\u017cszej jako\u015bci, odporne na warunki atmosferyczne materia\u0142y. Mo\u017cesz nadal przetrwa\u0107 ze sprz\u0119tem do zaopatrzenia awaryjnego nawet po d\u0142u\u017cszym u\u017cytkowaniu, co pozwala skorzysta\u0107 z okazji, aby wybra\u0107 si\u0119 na kemping, wyruszy\u0107 na przygod\u0119 lub wspi\u0105\u0107 si\u0119 na g\u00f3r\u0119.<\/p>\n<p><img loading=\"lazy\" decoding=\"async\" class=\"alignnone size-full wp-image-4672\" src=\"https:\/\/isopllc.com\/pl\/wp-content\/uploads\/sites\/11\/2023\/01\/Emergency-Survival-Kit-_-Emergency-Survival-Backpack-First-Aid-Equipment-for-Camping-Hiking-Outdoor-_-Survival-Emergency-Tools-for-Any-Occasion-_-Survival-Backpack-Full-of-Gear-4.jpg\" alt=\"\" width=\"900\" height=\"900\" title=\"\" srcset=\"https:\/\/isopllc.com\/pl\/wp-content\/uploads\/sites\/11\/2023\/01\/Emergency-Survival-Kit-_-Emergency-Survival-Backpack-First-Aid-Equipment-for-Camping-Hiking-Outdoor-_-Survival-Emergency-Tools-for-Any-Occasion-_-Survival-Backpack-Full-of-Gear-4.jpg 900w, https:\/\/isopllc.com\/pl\/wp-content\/uploads\/sites\/11\/2023\/01\/Emergency-Survival-Kit-_-Emergency-Survival-Backpack-First-Aid-Equipment-for-Camping-Hiking-Outdoor-_-Survival-Emergency-Tools-for-Any-Occasion-_-Survival-Backpack-Full-of-Gear-4-150x150.jpg 150w, https:\/\/isopllc.com\/pl\/wp-content\/uploads\/sites\/11\/2023\/01\/Emergency-Survival-Kit-_-Emergency-Survival-Backpack-First-Aid-Equipment-for-Camping-Hiking-Outdoor-_-Survival-Emergency-Tools-for-Any-Occasion-_-Survival-Backpack-Full-of-Gear-4-768x768.jpg 768w, https:\/\/isopllc.com\/pl\/wp-content\/uploads\/sites\/11\/2023\/01\/Emergency-Survival-Kit-_-Emergency-Survival-Backpack-First-Aid-Equipment-for-Camping-Hiking-Outdoor-_-Survival-Emergency-Tools-for-Any-Occasion-_-Survival-Backpack-Full-of-Gear-4-60x60.jpg 60w, https:\/\/isopllc.com\/pl\/wp-content\/uploads\/sites\/11\/2023\/01\/Emergency-Survival-Kit-_-Emergency-Survival-Backpack-First-Aid-Equipment-for-Camping-Hiking-Outdoor-_-Survival-Emergency-Tools-for-Any-Occasion-_-Survival-Backpack-Full-of-Gear-4-90x90.jpg 90w, https:\/\/isopllc.com\/pl\/wp-content\/uploads\/sites\/11\/2023\/01\/Emergency-Survival-Kit-_-Emergency-Survival-Backpack-First-Aid-Equipment-for-Camping-Hiking-Outdoor-_-Survival-Emergency-Tools-for-Any-Occasion-_-Survival-Backpack-Full-of-Gear-4-416x416.jpg 416w, https:\/\/isopllc.com\/pl\/wp-content\/uploads\/sites\/11\/2023\/01\/Emergency-Survival-Kit-_-Emergency-Survival-Backpack-First-Aid-Equipment-for-Camping-Hiking-Outdoor-_-Survival-Emergency-Tools-for-Any-Occasion-_-Survival-Backpack-Full-of-Gear-4-100x100.jpg 100w\" sizes=\"auto, (max-width: 900px) 100vw, 900px\" \/><\/p>\n<h2>Sprz\u0119t ratunkowy i sprz\u0119t w\u0119dkarski<\/h2>\n<p>Dzi\u0119ki temu plecakowi przetrwasz kl\u0119sk\u0119 \u017cywio\u0142ow\u0105. Idealnym towarzyszem na kempingu w ka\u017cdej sytuacji jest ten zestaw. Zapewnij sobie bezpiecze\u0144stwo w ka\u017cdej sytuacji awaryjnej. Idealny na kemping, w\u0119dr\u00f3wki, przygody, survival iw sytuacjach awaryjnych. Starannie zapakowany w wodoodporny, \u0142atwy do przenoszenia plecak.<\/p>\n<p><img loading=\"lazy\" decoding=\"async\" class=\"alignnone size-full wp-image-4674\" src=\"https:\/\/isopllc.com\/pl\/wp-content\/uploads\/sites\/11\/2023\/01\/Emergency-Survival-Kit-_-Emergency-Survival-Backpack-First-Aid-Equipment-for-Camping-Hiking-Outdoor-_-Survival-Emergency-Tools-for-Any-Occasion-_-Survival-Backpack-Full-of-Gear-1.jpg\" alt=\"\" width=\"900\" height=\"900\" title=\"\" srcset=\"https:\/\/isopllc.com\/pl\/wp-content\/uploads\/sites\/11\/2023\/01\/Emergency-Survival-Kit-_-Emergency-Survival-Backpack-First-Aid-Equipment-for-Camping-Hiking-Outdoor-_-Survival-Emergency-Tools-for-Any-Occasion-_-Survival-Backpack-Full-of-Gear-1.jpg 900w, https:\/\/isopllc.com\/pl\/wp-content\/uploads\/sites\/11\/2023\/01\/Emergency-Survival-Kit-_-Emergency-Survival-Backpack-First-Aid-Equipment-for-Camping-Hiking-Outdoor-_-Survival-Emergency-Tools-for-Any-Occasion-_-Survival-Backpack-Full-of-Gear-1-150x150.jpg 150w, https:\/\/isopllc.com\/pl\/wp-content\/uploads\/sites\/11\/2023\/01\/Emergency-Survival-Kit-_-Emergency-Survival-Backpack-First-Aid-Equipment-for-Camping-Hiking-Outdoor-_-Survival-Emergency-Tools-for-Any-Occasion-_-Survival-Backpack-Full-of-Gear-1-768x768.jpg 768w, https:\/\/isopllc.com\/pl\/wp-content\/uploads\/sites\/11\/2023\/01\/Emergency-Survival-Kit-_-Emergency-Survival-Backpack-First-Aid-Equipment-for-Camping-Hiking-Outdoor-_-Survival-Emergency-Tools-for-Any-Occasion-_-Survival-Backpack-Full-of-Gear-1-60x60.jpg 60w, https:\/\/isopllc.com\/pl\/wp-content\/uploads\/sites\/11\/2023\/01\/Emergency-Survival-Kit-_-Emergency-Survival-Backpack-First-Aid-Equipment-for-Camping-Hiking-Outdoor-_-Survival-Emergency-Tools-for-Any-Occasion-_-Survival-Backpack-Full-of-Gear-1-90x90.jpg 90w, https:\/\/isopllc.com\/pl\/wp-content\/uploads\/sites\/11\/2023\/01\/Emergency-Survival-Kit-_-Emergency-Survival-Backpack-First-Aid-Equipment-for-Camping-Hiking-Outdoor-_-Survival-Emergency-Tools-for-Any-Occasion-_-Survival-Backpack-Full-of-Gear-1-416x416.jpg 416w, https:\/\/isopllc.com\/pl\/wp-content\/uploads\/sites\/11\/2023\/01\/Emergency-Survival-Kit-_-Emergency-Survival-Backpack-First-Aid-Equipment-for-Camping-Hiking-Outdoor-_-Survival-Emergency-Tools-for-Any-Occasion-_-Survival-Backpack-Full-of-Gear-1-100x100.jpg 100w\" sizes=\"auto, (max-width: 900px) 100vw, 900px\" \/><\/p>\n<h2>Camping Piesze wycieczki Polowanie Przygoda na \u015bwie\u017cym powietrzu<\/h2>\n<p>Podczas w\u0119dr\u00f3wek, biwakowania, polowania, w\u0119dkowania, trekkingu lub przyg\u00f3d pomaga r\u00f3wnie\u017c w zapewnieniu bezpiecze\u0144stwa. Ten plecak survivalowy dok\u0142adniej przeka\u017ce Twoje uczucia. Je\u015bli nie spe\u0142nia Twoich oczekiwa\u0144 lub masz jakiekolwiek problemy, skontaktuj si\u0119 z nami, a my Ci pomo\u017cemy.<\/p>\n<p><img loading=\"lazy\" decoding=\"async\" class=\"alignnone size-full wp-image-4670\" src=\"https:\/\/isopllc.com\/pl\/wp-content\/uploads\/sites\/11\/2023\/01\/Emergency-Survival-Kit-_-Emergency-Survival-Backpack-First-Aid-Equipment-for-Camping-Hiking-Outdoor-_-Survival-Emergency-Tools-for-Any-Occasion-_-Survival-Backpack-Full-of-Gear-5.jpg\" alt=\"\" width=\"900\" height=\"900\" title=\"\" srcset=\"https:\/\/isopllc.com\/pl\/wp-content\/uploads\/sites\/11\/2023\/01\/Emergency-Survival-Kit-_-Emergency-Survival-Backpack-First-Aid-Equipment-for-Camping-Hiking-Outdoor-_-Survival-Emergency-Tools-for-Any-Occasion-_-Survival-Backpack-Full-of-Gear-5.jpg 900w, https:\/\/isopllc.com\/pl\/wp-content\/uploads\/sites\/11\/2023\/01\/Emergency-Survival-Kit-_-Emergency-Survival-Backpack-First-Aid-Equipment-for-Camping-Hiking-Outdoor-_-Survival-Emergency-Tools-for-Any-Occasion-_-Survival-Backpack-Full-of-Gear-5-150x150.jpg 150w, https:\/\/isopllc.com\/pl\/wp-content\/uploads\/sites\/11\/2023\/01\/Emergency-Survival-Kit-_-Emergency-Survival-Backpack-First-Aid-Equipment-for-Camping-Hiking-Outdoor-_-Survival-Emergency-Tools-for-Any-Occasion-_-Survival-Backpack-Full-of-Gear-5-768x768.jpg 768w, https:\/\/isopllc.com\/pl\/wp-content\/uploads\/sites\/11\/2023\/01\/Emergency-Survival-Kit-_-Emergency-Survival-Backpack-First-Aid-Equipment-for-Camping-Hiking-Outdoor-_-Survival-Emergency-Tools-for-Any-Occasion-_-Survival-Backpack-Full-of-Gear-5-60x60.jpg 60w, https:\/\/isopllc.com\/pl\/wp-content\/uploads\/sites\/11\/2023\/01\/Emergency-Survival-Kit-_-Emergency-Survival-Backpack-First-Aid-Equipment-for-Camping-Hiking-Outdoor-_-Survival-Emergency-Tools-for-Any-Occasion-_-Survival-Backpack-Full-of-Gear-5-90x90.jpg 90w, https:\/\/isopllc.com\/pl\/wp-content\/uploads\/sites\/11\/2023\/01\/Emergency-Survival-Kit-_-Emergency-Survival-Backpack-First-Aid-Equipment-for-Camping-Hiking-Outdoor-_-Survival-Emergency-Tools-for-Any-Occasion-_-Survival-Backpack-Full-of-Gear-5-416x416.jpg 416w, https:\/\/isopllc.com\/pl\/wp-content\/uploads\/sites\/11\/2023\/01\/Emergency-Survival-Kit-_-Emergency-Survival-Backpack-First-Aid-Equipment-for-Camping-Hiking-Outdoor-_-Survival-Emergency-Tools-for-Any-Occasion-_-Survival-Backpack-Full-of-Gear-5-100x100.jpg 100w\" sizes=\"auto, (max-width: 900px) 100vw, 900px\" \/><\/p>\n<p>Nasz profesjonalny plecak ratunkowy zawiera: apteczk\u0119, r\u0119kawiczki, bransoletk\u0119 survivalow\u0105, kart\u0119 szabli, pi\u0142\u0119 linow\u0105, koc ratunkowy, namiot ratunkowy, p\u0142aszcz przeciwdeszczowy, latark\u0119, \u0142opat\u0119, opask\u0119 uciskow\u0105, przeno\u015bn\u0105 kuchenk\u0119, sk\u0142adany kubek, zestaw w\u0119dkarski, power bank, komar siatka napowietrzna, agrafki, narz\u0119dzie wielofunkcyjne, szczypce wielofunkcyjne, \u0142y\u017cka uniwersalna, pa\u0142eczka fluorescencyjna, filtr do wody i worek na wod\u0119, maska na twarz, rozrusznik ognia, mini garnek, lustro, kamizelka odblaskowa, opaski do p\u0142ywania, opaski kablowe.<\/p>\n","protected":false},"excerpt":{"rendered":"<p id=\"title\" class=\"a-size-large a-spacing-none\" style=\"text-align: center;\"><span id=\"productTitle\" class=\"a-size-large product-title-word-break\">Plecak Przetrwania | Sprz\u0119t survivalowy na kemping, w\u0119dr\u00f3wki, polowanie, przygody na \u015bwie\u017cym powietrzu | Narz\u0119dzia survivalowe z wyposa\u017ceniem ratunkowym<\/span><\/p>\n<p style=\"text-align: center;\">BEZP\u0141ATNA DOSTAWA W CI\u0104GU 3-7 DNI<\/p>\n<h4 style=\"text-align: center;\"><strong>KUP TO NA<\/strong><br \/>\n<a href=\"https:\/\/www.amazon.pl\/dp\/B0BPP2F6GJ?ref=myi_title_dp\"><img loading=\"lazy\" decoding=\"async\" class=\"aligncenter wp-image-1040 size-full\" src=\"https:\/\/isopllc.com\/pl\/wp-content\/uploads\/sites\/11\/2020\/01\/amazon-button9.png\" alt=\"\" width=\"160\" height=\"59\" \/><\/a><\/h4>\n","protected":false},"featured_media":4700,"comment_status":"open","ping_status":"closed","template":"","meta":[],"product_brand":[],"product_cat":[199],"product_tag":[162,163,125],"class_list":{"0":"post-4675","1":"product","2":"type-product","3":"status-publish","4":"has-post-thumbnail","6":"product_cat-zestawy-ratownicze-i-przetrwania","7":"product_tag-plecak-przetrwania","8":"product_tag-plecak-survivalowy","9":"product_tag-sprzet-outdoorowy","11":"first","12":"outofstock","13":"shipping-taxable","14":"purchasable","15":"product-type-simple"},"_links":{"self":[{"href":"https:\/\/isopllc.com\/pl\/wp-json\/wp\/v2\/product\/4675","targetHints":{"allow":["GET"]}}],"collection":[{"href":"https:\/\/isopllc.com\/pl\/wp-json\/wp\/v2\/product"}],"about":[{"href":"https:\/\/isopllc.com\/pl\/wp-json\/wp\/v2\/types\/product"}],"replies":[{"embeddable":true,"href":"https:\/\/isopllc.com\/pl\/wp-json\/wp\/v2\/comments?post=4675"}],"wp:featuredmedia":[{"embeddable":true,"href":"https:\/\/isopllc.com\/pl\/wp-json\/wp\/v2\/media\/4700"}],"wp:attachment":[{"href":"https:\/\/isopllc.com\/pl\/wp-json\/wp\/v2\/media?parent=4675"}],"wp:term":[{"taxonomy":"product_brand","embeddable":true,"href":"https:\/\/isopllc.com\/pl\/wp-json\/wp\/v2\/product_brand?post=4675"},{"taxonomy":"product_cat","embeddable":true,"href":"https:\/\/isopllc.com\/pl\/wp-json\/wp\/v2\/product_cat?post=4675"},{"taxonomy":"product_tag","embeddable":true,"href":"https:\/\/isopllc.com\/pl\/wp-json\/wp\/v2\/product_tag?post=4675"}],"curies":[{"name":"wp","href":"https:\/\/api.w.org\/{rel}","templated":true}]}}