{"id":4678,"date":"2023-03-29T09:55:08","date_gmt":"2023-03-29T09:55:08","guid":{"rendered":"https:\/\/isopllc.com\/pl\/?post_type=product&#038;p=4678"},"modified":"2025-07-01T05:14:02","modified_gmt":"2025-07-01T05:14:02","slug":"isop-uchwyt-pomocniczy-do-barierki-lozka-regulowany-przyrzad-pomocniczy-drabina-lozka-3-uchwyty-uchwyty-ramowe-bezpieczny-podnosnik-linowy-dla-doroslych-osob-starszych-niepelnosprawnych","status":"publish","type":"product","link":"https:\/\/isopllc.com\/pl\/product\/isop-uchwyt-pomocniczy-do-barierki-lozka-regulowany-przyrzad-pomocniczy-drabina-lozka-3-uchwyty-uchwyty-ramowe-bezpieczny-podnosnik-linowy-dla-doroslych-osob-starszych-niepelnosprawnych\/","title":{"rendered":"ISOP &#8211; Uchwyt pomocniczy do barierki \u0142\u00f3\u017cka"},"content":{"rendered":"<h1 id=\"title\" class=\"a-size-large a-spacing-none\"><span id=\"productTitle\" class=\"a-size-large product-title-word-break\">ISOP &#8211; Uchwyt pomocniczy do barierki \u0142\u00f3\u017cka | regulowany przyrz\u0105d pomocniczy | drabina \u0142\u00f3\u017cka, 3 uchwyty, uchwyty ramowe | bezpieczny podno\u015bnik linowy dla doros\u0142ych, os\u00f3b starszych, niepe\u0142nosprawnych<\/span><\/h1>\n<p><img loading=\"lazy\" decoding=\"async\" class=\"alignnone size-full wp-image-4684\" src=\"https:\/\/isopllc.com\/pl\/wp-content\/uploads\/sites\/11\/2023\/03\/Adjustable-Bed-Assistance-Device-2.jpg\" alt=\"\" width=\"900\" height=\"900\" title=\"\" srcset=\"https:\/\/isopllc.com\/pl\/wp-content\/uploads\/sites\/11\/2023\/03\/Adjustable-Bed-Assistance-Device-2.jpg 900w, https:\/\/isopllc.com\/pl\/wp-content\/uploads\/sites\/11\/2023\/03\/Adjustable-Bed-Assistance-Device-2-150x150.jpg 150w, https:\/\/isopllc.com\/pl\/wp-content\/uploads\/sites\/11\/2023\/03\/Adjustable-Bed-Assistance-Device-2-768x768.jpg 768w, https:\/\/isopllc.com\/pl\/wp-content\/uploads\/sites\/11\/2023\/03\/Adjustable-Bed-Assistance-Device-2-60x60.jpg 60w, https:\/\/isopllc.com\/pl\/wp-content\/uploads\/sites\/11\/2023\/03\/Adjustable-Bed-Assistance-Device-2-90x90.jpg 90w, https:\/\/isopllc.com\/pl\/wp-content\/uploads\/sites\/11\/2023\/03\/Adjustable-Bed-Assistance-Device-2-416x416.jpg 416w, https:\/\/isopllc.com\/pl\/wp-content\/uploads\/sites\/11\/2023\/03\/Adjustable-Bed-Assistance-Device-2-100x100.jpg 100w\" sizes=\"auto, (max-width: 900px) 100vw, 900px\" \/><\/p>\n<p>Pomagaj\u0105c osobom z urazami kr\u0119gos\u0142upa, os\u0142abieniem dolnej cz\u0119\u015bci cia\u0142a i ograniczonym zakresem ruchu, drabinka \u0142\u00f3\u017ckowa pozwala osobom z \u0142atwo\u015bci\u0105 podnie\u015b\u0107 si\u0119 do pozycji siedz\u0105cej.<\/p>\n<p><img loading=\"lazy\" decoding=\"async\" class=\"alignnone size-full wp-image-4686\" src=\"https:\/\/isopllc.com\/pl\/wp-content\/uploads\/sites\/11\/2023\/03\/Adjustable-Bed-Assistance-Device-1.jpg\" alt=\"\" width=\"900\" height=\"900\" title=\"\" srcset=\"https:\/\/isopllc.com\/pl\/wp-content\/uploads\/sites\/11\/2023\/03\/Adjustable-Bed-Assistance-Device-1.jpg 900w, https:\/\/isopllc.com\/pl\/wp-content\/uploads\/sites\/11\/2023\/03\/Adjustable-Bed-Assistance-Device-1-150x150.jpg 150w, https:\/\/isopllc.com\/pl\/wp-content\/uploads\/sites\/11\/2023\/03\/Adjustable-Bed-Assistance-Device-1-768x768.jpg 768w, https:\/\/isopllc.com\/pl\/wp-content\/uploads\/sites\/11\/2023\/03\/Adjustable-Bed-Assistance-Device-1-60x60.jpg 60w, https:\/\/isopllc.com\/pl\/wp-content\/uploads\/sites\/11\/2023\/03\/Adjustable-Bed-Assistance-Device-1-90x90.jpg 90w, https:\/\/isopllc.com\/pl\/wp-content\/uploads\/sites\/11\/2023\/03\/Adjustable-Bed-Assistance-Device-1-416x416.jpg 416w, https:\/\/isopllc.com\/pl\/wp-content\/uploads\/sites\/11\/2023\/03\/Adjustable-Bed-Assistance-Device-1-100x100.jpg 100w\" sizes=\"auto, (max-width: 900px) 100vw, 900px\" \/><\/p>\n<p>Zbudowana z trwa\u0142ej ta\u015bmy, kt\u00f3ra wytrzymuje do 300 funt\u00f3w, solidna drabina \u0142\u00f3\u017cka u\u0142atwia siedzenie w \u0142\u00f3\u017cku osobom wracaj\u0105cym do zdrowia po operacji, a tak\u017ce kobietom w ci\u0105\u017cy lub cierpi\u0105cym na problemy z plecami.<\/p>\n<p><img loading=\"lazy\" decoding=\"async\" class=\"alignnone size-full wp-image-4682\" src=\"https:\/\/isopllc.com\/pl\/wp-content\/uploads\/sites\/11\/2023\/03\/Bed-Rail-Assist-Handle-3.jpg\" alt=\"\" width=\"900\" height=\"900\" title=\"\" srcset=\"https:\/\/isopllc.com\/pl\/wp-content\/uploads\/sites\/11\/2023\/03\/Bed-Rail-Assist-Handle-3.jpg 900w, https:\/\/isopllc.com\/pl\/wp-content\/uploads\/sites\/11\/2023\/03\/Bed-Rail-Assist-Handle-3-150x150.jpg 150w, https:\/\/isopllc.com\/pl\/wp-content\/uploads\/sites\/11\/2023\/03\/Bed-Rail-Assist-Handle-3-768x768.jpg 768w, https:\/\/isopllc.com\/pl\/wp-content\/uploads\/sites\/11\/2023\/03\/Bed-Rail-Assist-Handle-3-60x60.jpg 60w, https:\/\/isopllc.com\/pl\/wp-content\/uploads\/sites\/11\/2023\/03\/Bed-Rail-Assist-Handle-3-90x90.jpg 90w, https:\/\/isopllc.com\/pl\/wp-content\/uploads\/sites\/11\/2023\/03\/Bed-Rail-Assist-Handle-3-416x416.jpg 416w, https:\/\/isopllc.com\/pl\/wp-content\/uploads\/sites\/11\/2023\/03\/Bed-Rail-Assist-Handle-3-100x100.jpg 100w\" sizes=\"auto, (max-width: 900px) 100vw, 900px\" \/><\/p>\n<p>\u0141atwo instaluje si\u0119 na dowolnej ramie \u0142\u00f3\u017cka, wykonuj\u0105c w\u0119ze\u0142. Drabina jest \u0142atwa do usuni\u0119cia i przeno\u015bna, co zapewnia dodatkow\u0105 pomoc w podr\u00f3\u017cy iw domu.<\/p>\n<p><img loading=\"lazy\" decoding=\"async\" class=\"alignnone size-full wp-image-4683\" src=\"https:\/\/isopllc.com\/pl\/wp-content\/uploads\/sites\/11\/2023\/03\/Adjustable-Bed-Assistance-Device-3.jpg\" alt=\"\" width=\"900\" height=\"900\" title=\"\" srcset=\"https:\/\/isopllc.com\/pl\/wp-content\/uploads\/sites\/11\/2023\/03\/Adjustable-Bed-Assistance-Device-3.jpg 900w, https:\/\/isopllc.com\/pl\/wp-content\/uploads\/sites\/11\/2023\/03\/Adjustable-Bed-Assistance-Device-3-150x150.jpg 150w, https:\/\/isopllc.com\/pl\/wp-content\/uploads\/sites\/11\/2023\/03\/Adjustable-Bed-Assistance-Device-3-768x768.jpg 768w, https:\/\/isopllc.com\/pl\/wp-content\/uploads\/sites\/11\/2023\/03\/Adjustable-Bed-Assistance-Device-3-60x60.jpg 60w, https:\/\/isopllc.com\/pl\/wp-content\/uploads\/sites\/11\/2023\/03\/Adjustable-Bed-Assistance-Device-3-90x90.jpg 90w, https:\/\/isopllc.com\/pl\/wp-content\/uploads\/sites\/11\/2023\/03\/Adjustable-Bed-Assistance-Device-3-416x416.jpg 416w, https:\/\/isopllc.com\/pl\/wp-content\/uploads\/sites\/11\/2023\/03\/Adjustable-Bed-Assistance-Device-3-100x100.jpg 100w\" sizes=\"auto, (max-width: 900px) 100vw, 900px\" \/><\/p>\n<p>Wytrzyma\u0142e 3 uchwyty s\u0105 amortyzowane i zapewniaj\u0105 antypo\u015blizgowy uchwyt podczas podnoszenia lub opuszczania \u0142\u00f3\u017cka. Ka\u017cdy antypo\u015blizgowy uchwyt ma 15,2 cm d\u0142ugo\u015bci, aby zapewni\u0107 wygodny chwyt. Trzy uchwyty s\u0105 oddalone od siebie o 27,9 cm, co zapewnia optymaln\u0105 pomoc podczas wstawania.<\/p>\n<p><img loading=\"lazy\" decoding=\"async\" class=\"alignnone size-full wp-image-4687\" src=\"https:\/\/isopllc.com\/pl\/wp-content\/uploads\/sites\/11\/2023\/03\/Bed-Rail-Assist-Handle-1.jpg\" alt=\"\" width=\"900\" height=\"900\" title=\"\" srcset=\"https:\/\/isopllc.com\/pl\/wp-content\/uploads\/sites\/11\/2023\/03\/Bed-Rail-Assist-Handle-1.jpg 900w, https:\/\/isopllc.com\/pl\/wp-content\/uploads\/sites\/11\/2023\/03\/Bed-Rail-Assist-Handle-1-150x150.jpg 150w, https:\/\/isopllc.com\/pl\/wp-content\/uploads\/sites\/11\/2023\/03\/Bed-Rail-Assist-Handle-1-768x768.jpg 768w, https:\/\/isopllc.com\/pl\/wp-content\/uploads\/sites\/11\/2023\/03\/Bed-Rail-Assist-Handle-1-60x60.jpg 60w, https:\/\/isopllc.com\/pl\/wp-content\/uploads\/sites\/11\/2023\/03\/Bed-Rail-Assist-Handle-1-90x90.jpg 90w, https:\/\/isopllc.com\/pl\/wp-content\/uploads\/sites\/11\/2023\/03\/Bed-Rail-Assist-Handle-1-416x416.jpg 416w, https:\/\/isopllc.com\/pl\/wp-content\/uploads\/sites\/11\/2023\/03\/Bed-Rail-Assist-Handle-1-100x100.jpg 100w\" sizes=\"auto, (max-width: 900px) 100vw, 900px\" \/><\/p>\n<p>&nbsp;<\/p>\n<p>&nbsp;<\/p>\n<p>&nbsp;<\/p>\n","protected":false},"excerpt":{"rendered":"<p id=\"title\" class=\"a-size-large a-spacing-none\" style=\"text-align: center;\"><span id=\"productTitle\" class=\"a-size-large product-title-word-break\">ISOP &#8211; Uchwyt pomocniczy do barierki \u0142\u00f3\u017cka | regulowany przyrz\u0105d pomocniczy | drabina \u0142\u00f3\u017cka, 3 uchwyty, uchwyty ramowe | bezpieczny podno\u015bnik linowy dla doros\u0142ych, os\u00f3b starszych, niepe\u0142nosprawnych<\/span><\/p>\n<p style=\"text-align: center;\">BEZP\u0141ATNA DOSTAWA W CI\u0104GU 3-7 DNI<\/p>\n<h4 style=\"text-align: center;\"><strong>KUP TO NA<\/strong><br \/>\n<a href=\"https:\/\/www.amazon.pl\/dp\/B0BVMJMG18?ref=myi_title_dp\"><img loading=\"lazy\" decoding=\"async\" class=\"aligncenter wp-image-1040 size-full\" src=\"https:\/\/isopllc.com\/pl\/wp-content\/uploads\/sites\/11\/2020\/01\/amazon-button9.png\" alt=\"\" width=\"160\" height=\"59\" \/><\/a><\/h4>\n","protected":false},"featured_media":4688,"comment_status":"open","ping_status":"closed","template":"","meta":[],"product_brand":[],"product_cat":[199],"product_tag":[193,98,133,192],"class_list":{"0":"post-4678","1":"product","2":"type-product","3":"status-publish","4":"has-post-thumbnail","6":"product_cat-zestawy-ratownicze-i-przetrwania","7":"product_tag-barierka-lozka","8":"product_tag-isop","9":"product_tag-sprzet-medyczny","10":"product_tag-uchwyt-pomocniczy","12":"first","13":"instock","14":"shipping-taxable","15":"purchasable","16":"product-type-simple"},"_links":{"self":[{"href":"https:\/\/isopllc.com\/pl\/wp-json\/wp\/v2\/product\/4678","targetHints":{"allow":["GET"]}}],"collection":[{"href":"https:\/\/isopllc.com\/pl\/wp-json\/wp\/v2\/product"}],"about":[{"href":"https:\/\/isopllc.com\/pl\/wp-json\/wp\/v2\/types\/product"}],"replies":[{"embeddable":true,"href":"https:\/\/isopllc.com\/pl\/wp-json\/wp\/v2\/comments?post=4678"}],"wp:featuredmedia":[{"embeddable":true,"href":"https:\/\/isopllc.com\/pl\/wp-json\/wp\/v2\/media\/4688"}],"wp:attachment":[{"href":"https:\/\/isopllc.com\/pl\/wp-json\/wp\/v2\/media?parent=4678"}],"wp:term":[{"taxonomy":"product_brand","embeddable":true,"href":"https:\/\/isopllc.com\/pl\/wp-json\/wp\/v2\/product_brand?post=4678"},{"taxonomy":"product_cat","embeddable":true,"href":"https:\/\/isopllc.com\/pl\/wp-json\/wp\/v2\/product_cat?post=4678"},{"taxonomy":"product_tag","embeddable":true,"href":"https:\/\/isopllc.com\/pl\/wp-json\/wp\/v2\/product_tag?post=4678"}],"curies":[{"name":"wp","href":"https:\/\/api.w.org\/{rel}","templated":true}]}}