{"id":4715,"date":"2023-06-11T18:39:48","date_gmt":"2023-06-11T18:39:48","guid":{"rendered":"https:\/\/isopllc.com\/pl\/?post_type=product&#038;p=4715"},"modified":"2025-07-15T07:07:02","modified_gmt":"2025-07-15T07:07:02","slug":"drabina-ewakuacyjna-2-pietrowa-4m-z-karabinkami","status":"publish","type":"product","link":"https:\/\/isopllc.com\/pl\/product\/drabina-ewakuacyjna-2-pietrowa-4m-z-karabinkami\/","title":{"rendered":"Drabina ewakuacyjna 2-pi\u0119trowa 4m z karabinkami"},"content":{"rendered":"<div class=\"celwidget aplus-module module-4 aplus-standard\" data-csa-c-id=\"6mnb1z-9dwrl2-ic24uv-jd1phn\" data-cel-widget=\"aplus-module-4\">\n<div class=\"a-expander-collapsed-height a-row a-expander-container a-expander-partial-collapse-container\" aria-live=\"polite\" data-a-expander-name=\"aplus-module-expander\" data-a-expander-collapsed-height=\"700\">\n<div class=\"a-expander-content a-expander-partial-collapse-content\" aria-expanded=\"false\">\n<div class=\"aplus-module-wrapper apm-fixed-width\">\n<div class=\"apm-spacing\">\n<div class=\"apm-floatleft apm-fixed-width\">\n<div id=\"title_feature_div\" class=\"celwidget\" data-feature-name=\"title\" data-csa-c-id=\"m5t5xw-wzxd1-od319-pyb58o\" data-cel-widget=\"title_feature_div\">\n<div id=\"titleSection\" class=\"a-section a-spacing-none\">\n<div id=\"title_feature_div\" class=\"celwidget\" data-feature-name=\"title\" data-csa-c-id=\"m5t5xw-wzxd1-od319-pyb58o\" data-cel-widget=\"title_feature_div\">\n<div id=\"titleSection\" class=\"a-section a-spacing-none\">\n<div id=\"title_feature_div\" class=\"celwidget\" data-feature-name=\"title\" data-csa-c-type=\"widget\" data-csa-c-content-id=\"title\" data-csa-c-slot-id=\"title_feature_div\" data-csa-c-asin=\"B08LBSSYLB\" data-csa-c-is-in-initial-active-row=\"false\" data-csa-c-id=\"17ru46-17y14b-n67b8m-2oxpt\" data-cel-widget=\"title_feature_div\">\n<div id=\"titleSection\" class=\"a-section a-spacing-none\">\n<h2 id=\"title\" class=\"a-size-large a-spacing-none\">Drabina ewakuacyjna 4 m 2 Pi\u0119trowa | Drabina linowa ewakuacyjna dla dom\u00f3w 3. pi\u0119tro | Przeno\u015bny, sk\u0142adany i kompaktowy | Drabinka awaryjna odpowiednia na balkon<\/h2>\n<\/div>\n<\/div>\n<\/div>\n<\/div>\n<\/div>\n<\/div>\n<\/div>\n<\/div>\n<\/div>\n<\/div>\n<\/div>\n<\/div>\n<div class=\"celwidget aplus-module module-9 aplus-standard\" data-csa-c-id=\"kgh8ns-6rdhac-l4uce3-redgno\" data-cel-widget=\"aplus-module-9\">\n<div class=\"a-expander-collapsed-height a-row a-expander-container a-expander-partial-collapse-container\" aria-live=\"polite\" data-a-expander-name=\"aplus-module-expander\" data-a-expander-collapsed-height=\"700\">\n<div class=\"a-expander-content a-expander-partial-collapse-content\" aria-expanded=\"false\">\n<div class=\"aplus-module-wrapper apm-fixed-width\">\n<div class=\"apm-spacing apm-fixed-width\">\n<div class=\"celwidget aplus-module module-9 aplus-standard\" data-csa-c-id=\"6rrkxj-o9oo3p-2dk8kw-v8mrts\" data-cel-widget=\"aplus-module-9\">\n<div class=\"a-expander-collapsed-height a-row a-expander-container a-expander-partial-collapse-container\" aria-live=\"polite\" data-a-expander-name=\"aplus-module-expander\" data-a-expander-collapsed-height=\"700\">\n<div class=\"a-expander-content a-expander-partial-collapse-content\" aria-expanded=\"false\">\n<div class=\"aplus-module-wrapper apm-fixed-width\">\n<div class=\"apm-spacing apm-fixed-width\"><\/div>\n<\/div>\n<\/div>\n<\/div>\n<\/div>\n<div class=\"celwidget aplus-module module-2 aplus-standard\" data-csa-c-id=\"czdp8c-vpt42n-ub22e6-8qlfjz\" data-cel-widget=\"aplus-module-2\">\n<div class=\"a-expander-collapsed-height a-row a-expander-container a-expander-partial-collapse-container\" aria-live=\"polite\" data-a-expander-name=\"aplus-module-expander\" data-a-expander-collapsed-height=\"700\">\n<div class=\"a-expander-content a-expander-partial-collapse-content\" aria-expanded=\"false\">\n<div class=\"aplus-module-wrapper apm-floatnone apm-fixed-width\">\n<div class=\"apm-sidemodule apm-spacing\">\n<div class=\"apm-sidemodule-textright\">\n<div class=\"celwidget aplus-module module-9 aplus-standard\">\n<div class=\"a-expander-collapsed-height a-row a-expander-container a-expander-partial-collapse-container\" data-a-expander-name=\"aplus-module-expander\" data-a-expander-collapsed-height=\"700\">\n<div class=\"a-expander-content a-expander-partial-collapse-content\" aria-expanded=\"false\">\n<div class=\"aplus-module-wrapper apm-fixed-width\">\n<div class=\"apm-spacing apm-fixed-width\">\n<div class=\"celwidget aplus-module module-9 aplus-standard\" data-csa-c-id=\"emkbnl-11vq23-1incdi-lfo9yf\" data-cel-widget=\"aplus-module-9\">\n<div class=\"aplus-module-wrapper apm-fixed-width\">\n<div class=\"apm-spacing apm-fixed-width\">\n<h3 class=\"a-spacing-small\">Dlaczego warto wybra\u0107 nasze drabiny ewakuacyjne?<\/h3>\n<p><img decoding=\"async\" class=\"a-spacing-mini\" src=\"https:\/\/m.media-amazon.com\/images\/S\/aplus-media-library-service-media\/94e0f1b0-d713-4663-a172-3e35c4090aaa.__CR0,0,1000,1000_PT0_SX300_V1___.jpg\" alt=\"Gentle to hands\" data-src=\"https:\/\/m.media-amazon.com\/images\/S\/aplus-media-library-service-media\/94e0f1b0-d713-4663-a172-3e35c4090aaa.__CR0,0,1000,1000_PT0_SX300_V1___.jpg\" data- title=\"\"><\/p>\n<h3>Delikatny dla d\u0142oni<\/h3>\n<p>Tworz\u0105c te drabiny, wzi\u0119li\u015bmy pod uwag\u0119 wady naszych konkurent\u00f3w. Inni, tacy jak first alert i kidde, maj\u0105 wiele skarg na to, \u017ce podczas korzystania z ich drabin szczeble rani\u0105 r\u0119ce u\u017cytkownik\u00f3w, poniewa\u017c szczeble aluminiowe s\u0105 ostre. Wzi\u0119li\u015bmy to pod uwag\u0119 i nasze drabinki nie maj\u0105 ostrych naro\u017cnik\u00f3w i s\u0105 bezpieczne w u\u017cytkowaniu zar\u00f3wno dla doros\u0142ych, jak i dzieci.<\/p>\n<p><img decoding=\"async\" class=\"a-spacing-mini\" src=\"https:\/\/m.media-amazon.com\/images\/S\/aplus-media-library-service-media\/f4a0822e-ae1c-4dd4-9fb4-65b3a55dfe23.__CR0,0,300,300_PT0_SX300_V1___.jpg\" alt=\"Gentle to hands\" data-src=\"https:\/\/m.media-amazon.com\/images\/S\/aplus-media-library-service-media\/f4a0822e-ae1c-4dd4-9fb4-65b3a55dfe23.__CR0,0,300,300_PT0_SX300_V1___.jpg\" data- title=\"\"><\/p>\n<h3>Integralne paski<\/h3>\n<p>Ponownie, por\u00f3wnuj\u0105c nasze drabiny z konkurencj\u0105, nale\u017cy zauwa\u017cy\u0107, \u017ce od g\u00f3ry do do\u0142u nasze drabiny sk\u0142adaj\u0105 si\u0119 z jednego kawa\u0142ka parcianego paska, kt\u00f3ry dzi\u0119ki specjalnej opatentowanej technologii wytrzymuje obci\u0105\u017cenie do 1200 funt\u00f3w (!). Natomiast drabinki parciane konkurencji s\u0105 szyte na kawa\u0142ki, co naszym zdaniem jest zawodne.<\/p>\n<p><img decoding=\"async\" class=\"a-spacing-mini\" src=\"https:\/\/m.media-amazon.com\/images\/S\/aplus-media-library-service-media\/1e590bfd-623a-4bb9-8619-39e17e4db234.__CR0,0,1500,1500_PT0_SX300_V1___.jpg\" alt=\"designer bag and carabiners\" data-src=\"https:\/\/m.media-amazon.com\/images\/S\/aplus-media-library-service-media\/1e590bfd-623a-4bb9-8619-39e17e4db234.__CR0,0,1500,1500_PT0_SX300_V1___.jpg\" data- title=\"\"><\/p>\n<h3>Akcesoria<\/h3>\n<p>Drabiny s\u0105 wyposa\u017cone w chromowane, wytrzyma\u0142e karabinki o wytrzyma\u0142o\u015bci 11KN oraz stylow\u0105 torb\u0119 do przechowywania.<\/p>\n<p><img decoding=\"async\" class=\"a-spacing-mini\" src=\"https:\/\/m.media-amazon.com\/images\/S\/aplus-media-library-service-media\/31cb1ffe-be10-49a6-9183-b2586ead68f1.__CR0,0,300,300_PT0_SX300_V1___.jpg\" alt=\"For window or balcony\" data-src=\"https:\/\/m.media-amazon.com\/images\/S\/aplus-media-library-service-media\/31cb1ffe-be10-49a6-9183-b2586ead68f1.__CR0,0,300,300_PT0_SX300_V1___.jpg\" data- title=\"\"><\/p>\n<h3>Odmiana 2 rozmiar\u00f3w<\/h3>\n<p>Oferujemy 2 rozmiary naszych drabin &#8211; drabina ewakuacyjna 2-pi\u0119trowa i drabina ewakuacyjna 3-pi\u0119trowa do dom\u00f3w.<\/p>\n<p><img decoding=\"async\" class=\"a-spacing-mini\" src=\"https:\/\/m.media-amazon.com\/images\/S\/aplus-media\/sc\/42cab632-a2d0-40fd-a2dd-280d531bf010.__CR282,0,1000,1000_PT0_SX300_V1___.jpg\" alt=\"For window or balcony\" data-src=\"https:\/\/m.media-amazon.com\/images\/S\/aplus-media\/sc\/42cab632-a2d0-40fd-a2dd-280d531bf010.__CR282,0,1000,1000_PT0_SX300_V1___.jpg\" data- title=\"\"><\/p>\n<\/div>\n<div>\n<h3>Stabilizatory<\/h3>\n<p>Szczeble naszych drabin posiadaj\u0105 stabilizatory, dzi\u0119ki kt\u00f3rym drabiny nie przylegaj\u0105 ciasno do \u015bciany, lecz solidnie do niej przylegaj\u0105, co znacznie u\u0142atwia schodzenie z drugiego lub trzeciego pi\u0119tra.<\/p>\n<h3>Szczeble antypo\u015blizgowe<\/h3>\n<p>Specjalny wz\u00f3r na powierzchni szczebli sprawia, \u017ce zej\u015bcie z mieszkania jest antypo\u015blizgowe w ka\u017cd\u0105 pogod\u0119.<\/p>\n<p><img decoding=\"async\" class=\"a-spacing-mini\" style=\"font-weight: 600\" src=\"https:\/\/m.media-amazon.com\/images\/S\/aplus-media\/sc\/8b1ba6ce-d84f-4314-b98a-95d063fc3e5e.__CR500,0,1000,1000_PT0_SX300_V1___.jpg\" alt=\"For window or balcony\" data-src=\"https:\/\/m.media-amazon.com\/images\/S\/aplus-media\/sc\/8b1ba6ce-d84f-4314-b98a-95d063fc3e5e.__CR500,0,1000,1000_PT0_SX300_V1___.jpg\" data- title=\"\"><\/p>\n<\/div>\n<\/div>\n<div>\n<h3>Odporny na warunki atmosferyczne<\/h3>\n<p>Specjalna farba proszkowa chroni szczeble przed rdz\u0105, a poliestrowa ta\u015bma jest wysoce odporna na wod\u0119 i \u015bnieg, dzi\u0119ki czemu nasze drabiny ewakuacyjne s\u0105 odporne na warunki atmosferyczne.<\/p>\n<h3>Certyfikowane<\/h3>\n<p>Nasze drabiny, w przeciwie\u0144stwie do wszystkich podobnych na rynku, s\u0105 certyfikowane zgodnie z norm\u0105 jako\u015bci EN 131. Lepiej powierzy\u0107 swoje \u017cycie produktowi, kt\u00f3ry przeszed\u0142 wszystkie niezb\u0119dne testy, ni\u017c nieco ta\u0144szemu wyrobowi wykonanemu nie wiadomo z czego.<\/p>\n<p><img loading=\"lazy\" decoding=\"async\" class=\"alignnone wp-image-5117\" src=\"https:\/\/isopllc.com\/pl\/wp-content\/uploads\/sites\/11\/2023\/06\/German.jpg\" alt=\"Certyfikowane Drabina ewakuacyjna 2-pi\u0119trowa\" width=\"295\" height=\"295\" title=\"\" srcset=\"https:\/\/isopllc.com\/pl\/wp-content\/uploads\/sites\/11\/2023\/06\/German.jpg 1080w, https:\/\/isopllc.com\/pl\/wp-content\/uploads\/sites\/11\/2023\/06\/German-150x150.jpg 150w, https:\/\/isopllc.com\/pl\/wp-content\/uploads\/sites\/11\/2023\/06\/German-768x768.jpg 768w, https:\/\/isopllc.com\/pl\/wp-content\/uploads\/sites\/11\/2023\/06\/German-1000x1000.jpg 1000w, https:\/\/isopllc.com\/pl\/wp-content\/uploads\/sites\/11\/2023\/06\/German-416x416.jpg 416w, https:\/\/isopllc.com\/pl\/wp-content\/uploads\/sites\/11\/2023\/06\/German-100x100.jpg 100w, https:\/\/isopllc.com\/pl\/wp-content\/uploads\/sites\/11\/2023\/06\/German-60x60.jpg 60w, https:\/\/isopllc.com\/pl\/wp-content\/uploads\/sites\/11\/2023\/06\/German-90x90.jpg 90w\" sizes=\"auto, (max-width: 295px) 100vw, 295px\" \/><\/p>\n<h3>Wielokrotnego u\u017cytku<\/h3>\n<p>Nasze drabiny s\u0105 wielokrotnego u\u017cytku, ponadto mo\u017cna je \u0142atwo naprawi\u0107. Przy odpowiednim przechowywaniu mog\u0105 s\u0142u\u017cy\u0107 latami!<\/p>\n<\/div>\n<\/div>\n<div class=\"celwidget aplus-module module-9 aplus-standard\" data-csa-c-id=\"cxy7g4-m6iik-ejevv3-t7eszl\" data-cel-widget=\"aplus-module-9\">\n<div><\/div>\n<\/div>\n<div class=\"celwidget aplus-module module-2 aplus-standard\" data-csa-c-id=\"u15ifx-f00ln-jvos6j-opfbnn\" data-cel-widget=\"aplus-module-2\">\n<div class=\"aplus-module-wrapper apm-floatnone apm-fixed-width\">\n<div class=\"apm-sidemodule apm-spacing\">\n<div class=\"apm-sidemodule-imageleft\"><img decoding=\"async\" class=\"\" src=\"https:\/\/m.media-amazon.com\/images\/S\/aplus-media-library-service-media\/0c3c254d-684e-4313-bc9f-ae4b4b7e7ee7.__CR0,0,300,300_PT0_SX300_V1___.jpg\" alt=\"professional ladder\" data-src=\"https:\/\/m.media-amazon.com\/images\/S\/aplus-media-library-service-media\/0c3c254d-684e-4313-bc9f-ae4b4b7e7ee7.__CR0,0,300,300_PT0_SX300_V1___.jpg\" data- title=\"\"><\/div>\n<div class=\"apm-sidemodule-textright\">\n<h3 class=\"a-spacing-mini\">Profesjonalna firma drabinowa<\/h3>\n<p>Zalecamy kupowanie drabin od firmy specjalizuj\u0105cej si\u0119 w drabinach, poniewa\u017c jest to produkt bezpieczny.<\/p>\n<p>ISOP jest jedn\u0105 z niewielu firm, kt\u00f3ra oferuje szeroki wyb\u00f3r r\u00f3\u017cnych drabin z w\u0142asnego zak\u0142adu produkcyjnego.<\/p>\n<p>R\u00f3wnie\u017c dost\u0119pna na <a href=\"https:\/\/isopllc.com\/pl\/product\/drabina-ewakuacyjna-3-pietrowa-8m-z-karabinczykami\/\"><strong>3 pi\u0119tra.<\/strong><\/a><\/p>\n<\/div>\n<\/div>\n<\/div>\n<\/div>\n<\/div>\n<\/div>\n<\/div>\n<\/div>\n<\/div>\n<\/div>\n<\/div>\n<\/div>\n<\/div>\n<\/div>\n<\/div>\n<\/div>\n<\/div>\n<\/div>\n<\/div>\n<\/div>\n","protected":false},"excerpt":{"rendered":"[embed]https:\/\/youtu.be\/9WX7e5RU10U[\/embed]\n<p id=\"title\" class=\"a-size-large a-spacing-none\" style=\"text-align: center\">Drabina ewakuacyjna 4 m 2 Pi\u0119trowa | Drabina linowa ewakuacyjna dla dom\u00f3w 3. pi\u0119tro | Przeno\u015bny, sk\u0142adany i kompaktowy | Drabinka awaryjna odpowiednia na balkon<\/p>\n<p style=\"text-align: center\">BEZP\u0141ATNA DOSTAWA W CI\u0104GU 3-7 DNI<\/p>\n<h4 style=\"text-align: center\"><strong>KUP TO NA<\/strong><br \/>\n<a href=\"https:\/\/www.amazon.pl\/dp\/B08MC9LH29?ref=myi_title_dp\"><img loading=\"lazy\" decoding=\"async\" class=\"aligncenter wp-image-1040 size-full\" src=\"https:\/\/isopllc.com\/pl\/wp-content\/uploads\/sites\/11\/2020\/01\/amazon-button9.png\" alt=\"\" width=\"160\" height=\"59\" \/><\/a><\/h4>\n","protected":false},"featured_media":4716,"comment_status":"open","ping_status":"closed","template":"","meta":[],"product_brand":[],"product_cat":[213,212,208],"product_tag":[50,49,51,52],"class_list":{"0":"post-4715","1":"product","2":"type-product","3":"status-publish","4":"has-post-thumbnail","6":"product_cat-drabiny-ewakuacyjne-przeciwpozarowe-1-pietrowe","7":"product_cat-drabiny-ewakuacyjne-przeciwpozarowe-2-pietrowe","8":"product_cat-drabiny-ewakuacyjne-z-dystansami","9":"product_tag-2-pietrowa-drabina","10":"product_tag-drabina-ewakuacyjna","11":"product_tag-karabinki","12":"product_tag-sprzet-ratunkowy","14":"first","15":"instock","16":"shipping-taxable","17":"purchasable","18":"product-type-variable"},"_links":{"self":[{"href":"https:\/\/isopllc.com\/pl\/wp-json\/wp\/v2\/product\/4715","targetHints":{"allow":["GET"]}}],"collection":[{"href":"https:\/\/isopllc.com\/pl\/wp-json\/wp\/v2\/product"}],"about":[{"href":"https:\/\/isopllc.com\/pl\/wp-json\/wp\/v2\/types\/product"}],"replies":[{"embeddable":true,"href":"https:\/\/isopllc.com\/pl\/wp-json\/wp\/v2\/comments?post=4715"}],"wp:featuredmedia":[{"embeddable":true,"href":"https:\/\/isopllc.com\/pl\/wp-json\/wp\/v2\/media\/4716"}],"wp:attachment":[{"href":"https:\/\/isopllc.com\/pl\/wp-json\/wp\/v2\/media?parent=4715"}],"wp:term":[{"taxonomy":"product_brand","embeddable":true,"href":"https:\/\/isopllc.com\/pl\/wp-json\/wp\/v2\/product_brand?post=4715"},{"taxonomy":"product_cat","embeddable":true,"href":"https:\/\/isopllc.com\/pl\/wp-json\/wp\/v2\/product_cat?post=4715"},{"taxonomy":"product_tag","embeddable":true,"href":"https:\/\/isopllc.com\/pl\/wp-json\/wp\/v2\/product_tag?post=4715"}],"curies":[{"name":"wp","href":"https:\/\/api.w.org\/{rel}","templated":true}]}}