{"id":4770,"date":"2023-09-10T06:43:39","date_gmt":"2023-09-10T06:43:39","guid":{"rendered":"https:\/\/isopllc.com\/pl\/?post_type=product&#038;p=4770"},"modified":"2025-07-01T05:11:56","modified_gmt":"2025-07-01T05:11:56","slug":"drabinka-asekuracyjna-7-5-m-ze-stabilizatorami-odstajacymi","status":"publish","type":"product","link":"https:\/\/isopllc.com\/pl\/product\/drabinka-asekuracyjna-7-5-m-ze-stabilizatorami-odstajacymi\/","title":{"rendered":"Drabinka asekuracyjna 7.5 m ze stabilizatorami odstaj\u0105cymi"},"content":{"rendered":"<div class=\"celwidget aplus-module module-9\" style=\"text-align: center;\" data-csa-c-id=\"8qdekw-f2p4k0-r9icce-qoj6p0\" data-cel-widget=\"aplus-module-9\">\n<div class=\"a-expander-collapsed-height a-row a-expander-container a-expander-partial-collapse-container\" aria-live=\"polite\" data-a-expander-name=\"aplus-module-expander\" data-a-expander-collapsed-height=\"700\">\n<div class=\"a-expander-content a-expander-partial-collapse-content\" aria-expanded=\"false\">\n<div class=\"aplus-module-wrapper\">\n<div class=\"apm-spacing apm-fixed-width\">\n<h1 id=\"title\" class=\"a-size-large a-spacing-none\" style=\"text-align: left;\"><span id=\"productTitle\" class=\"a-size-large product-title-word-break\">Awaryjna drabina ewakuacyjna 3 pi\u0119trowa | Drabinka asekuracyjna 7.5 m ze stabilizatorami odstaj\u0105cymi | Szybki do wdro\u017cenia i \u0142atwy w u\u017cyciu | Kompaktowy \u0141atwy do przechowywania | Waga Ud\u017awig do 900 kg<\/span><\/h1>\n<\/div>\n<\/div>\n<\/div>\n<\/div>\n<\/div>\n<div class=\"celwidget aplus-module module-4\" style=\"text-align: center;\" data-csa-c-id=\"r0jyvc-byof08-6y9606-vmksqx\" data-cel-widget=\"aplus-module-4\">\n<div class=\"a-expander-collapsed-height a-row a-expander-container a-expander-partial-collapse-container\" aria-live=\"polite\" data-a-expander-name=\"aplus-module-expander\" data-a-expander-collapsed-height=\"700\">\n<div class=\"a-expander-content a-expander-partial-collapse-content\" aria-expanded=\"false\">\n<div class=\"amp-centerthirdcol-listbox\">\n<div class=\"a-box a-spacing-small a-color-alternate-background apm-listbox amp-centerthirdcol-listbox\">\n<div class=\"a-box-inner\">\n<div class=\"celwidget aplus-module module-12 aplus-standard\">\n<div class=\"a-expander-collapsed-height a-row a-expander-container a-expander-partial-collapse-container\" data-a-expander-name=\"aplus-module-expander\" data-a-expander-collapsed-height=\"360\">\n<div class=\"a-expander-content a-expander-partial-collapse-content\" aria-expanded=\"false\">\n<div class=\"aplus-module-wrapper apm-spacing apm-floatnone apm-fixed-width\">\n<div class=\"apm-sidemodule aplus-module-content\">\n<div class=\"textright apm-hero-text\"><\/div>\n<\/div>\n<\/div>\n<\/div>\n<\/div>\n<\/div>\n<div class=\"celwidget aplus-module module-9 aplus-standard\">\n<div class=\"a-expander-collapsed-height a-row a-expander-container a-expander-partial-collapse-container\" data-a-expander-name=\"aplus-module-expander\" data-a-expander-collapsed-height=\"700\">\n<div class=\"a-expander-content a-expander-partial-collapse-content\" aria-expanded=\"false\">\n<div class=\"aplus-module-wrapper apm-fixed-width\">\n<div class=\"apm-spacing apm-fixed-width\">\n<div class=\"celwidget aplus-module module-9 aplus-standard\">\n<div class=\"a-expander-collapsed-height a-row a-expander-container a-expander-partial-collapse-container\" data-a-expander-name=\"aplus-module-expander\" data-a-expander-collapsed-height=\"700\">\n<div class=\"a-expander-content a-expander-partial-collapse-content\" aria-expanded=\"false\">\n<h3 class=\"a-spacing-small\" style=\"text-align: left;\">Dlaczego w\u0142a\u015bnie my?<\/h3>\n<h4 style=\"text-align: left;\"><img loading=\"lazy\" decoding=\"async\" class=\"alignnone wp-image-4785\" src=\"https:\/\/isopllc.com\/usa\/wp-content\/uploads\/sites\/4\/2022\/12\/reflective-rope-ladders.jpg\" alt=\"reflective rope ladder\" width=\"307\" height=\"409\" title=\"\">Opatentowana technologia odblaskowa<\/h4>\n<p style=\"text-align: left;\">Drabin\u0119 t\u0119 zaprojektowano z my\u015bl\u0105 o wygodzie i dost\u0119pno\u015bci.<\/p>\n<p style=\"text-align: left;\">Specjalny pasek odblaskowy wpleciony w nylonowe liny sprawia, \u017ce s\u0105 one dobrze widoczne w \u015bwietle latarki, dzi\u0119ki czemu nie potkn\u0105\u0142e\u015b si\u0119 o nie w nocy.<\/p>\n<div class=\"celwidget aplus-module module-9 aplus-standard\">\n<div class=\"a-expander-collapsed-height a-row a-expander-container a-expander-partial-collapse-container\" data-a-expander-name=\"aplus-module-expander\" data-a-expander-collapsed-height=\"700\">\n<div class=\"a-expander-content a-expander-partial-collapse-content\" aria-expanded=\"false\">\n<p><img decoding=\"async\" class=\"a-spacing-mini\" src=\"https:\/\/m.media-amazon.com\/images\/S\/aplus-media-library-service-media\/811fc784-e602-432e-9106-11c40b5fca8f.__CR0,0,1000,1000_PT0_SX300_V1___.jpg\" alt=\"reinforced rung cap\" data-src=\"https:\/\/m.media-amazon.com\/images\/S\/aplus-media-library-service-media\/811fc784-e602-432e-9106-11c40b5fca8f.__CR0,0,1000,1000_PT0_SX300_V1___.jpg\" data- title=\"\"><\/p>\n<h4 class=\"a-spacing-mini\" style=\"text-align: left;\">Wzmocnione nak\u0142adki na szczeble<\/h4>\n<p class=\"aplus-module-wrapper apm-fixed-width\" style=\"text-align: left;\">Nasze czapki s\u0105 grubsze, wi\u0119ksze i solidniejsze. Jak pokazuje praktyka, szczeble te w\u0142a\u015bnie w tych miejscach uginaj\u0105 si\u0119 pod ci\u0119\u017carem, dlatego te\u017c wzmocnione za\u015blepki s\u0105 niezb\u0119dne do d\u0142ugiego i bezpiecznego u\u017cytkowania drabin.<\/p>\n<p><img decoding=\"async\" class=\"a-spacing-mini\" src=\"https:\/\/m.media-amazon.com\/images\/S\/aplus-media-library-service-media\/ee031fb3-8354-45bf-b886-4886ca25315d.__CR0,0,300,300_PT0_SX300_V1___.jpg\" alt=\"ULTRA POWEFUL\" data-src=\"https:\/\/m.media-amazon.com\/images\/S\/aplus-media-library-service-media\/ee031fb3-8354-45bf-b886-4886ca25315d.__CR0,0,300,300_PT0_SX300_V1___.jpg\" data- title=\"\"><\/p>\n<h4 class=\"a-spacing-mini\" style=\"text-align: left;\">BARDZO mocny<\/h4>\n<p style=\"text-align: left;\">Nie ma silniejszych i bardziej niezawodnych drabin ni\u017c nasza (przetestowana!) &#8211; wytrzymuj\u0105ca 2500 funt\u00f3w lub 10 os\u00f3b! Nawet drabiny \u0142a\u0144cuchowe nie mog\u0105 pochwali\u0107 si\u0119 takim ud\u017awigiem.<\/p>\n<p style=\"text-align: left;\"><img loading=\"lazy\" decoding=\"async\" class=\"alignnone wp-image-4734\" src=\"https:\/\/isopllc.com\/usa\/wp-content\/uploads\/sites\/4\/2022\/12\/Stabilizers-for-Fire-Escape-Ladder-3.jpg\" alt=\"Stabilizers for Fire Escape Ladder 3\" width=\"298\" height=\"417\" title=\"\"><\/p>\n<h3 class=\"a-spacing-small\" style=\"text-align: left;\">Stabilizatory dystansowe | Zestaw 10 par zostanie dostarczony w oddzielnym opakowaniu<\/h3>\n<p style=\"text-align: left;\">Dzi\u0119ki naszym innowacyjnym stabilizatorom drabina stabilnie przylega do \u015bciany i znacznie u\u0142atwia zej\u015bcie z drugiego i pi\u0105tego pi\u0119tra.<\/p>\n<p style=\"text-align: left;\"><img loading=\"lazy\" decoding=\"async\" class=\"alignnone wp-image-5031\" src=\"https:\/\/isopllc.com\/usa\/wp-content\/uploads\/sites\/4\/2023\/06\/standoff-for-ladder.png\" alt=\"\" width=\"303\" height=\"246\" title=\"\"><\/p>\n<p>&nbsp;<\/p>\n<p style=\"text-align: left;\">Solidne, wytrzyma\u0142e stabilizatory szczebli s\u0105 lekkie i \u0142atwe w monta\u017cu. Pasuje do ka\u017cdej drabiny linowej ISOP. Opakowanie zawiera 20 stabilizator\u00f3w, kt\u00f3re wystarcz\u0105 do przymocowania do 10 szczebli.<\/p>\n<p><img loading=\"lazy\" decoding=\"async\" class=\"alignnone wp-image-5030\" src=\"https:\/\/isopllc.com\/usa\/wp-content\/uploads\/sites\/4\/2023\/06\/PNG-2.png\" alt=\"\" width=\"327\" height=\"266\" title=\"\"><\/p>\n<p style=\"text-align: left;\">W celu szybkiego u\u017cycia nale\u017cy wcze\u015bniej przymocowa\u0107 stabilizatory do drabiny. Podstawki stabilizuj\u0105ce do drabiny ewakuacyjnej zapewniaj\u0105 wi\u0119ksze bezpiecze\u0144stwo podczas schodzenia i wchodzenia na g\u00f3r\u0119. Stabilizatory drabinki linowej ze szczebelkami antypo\u015blizgowymi zwi\u0119kszaj\u0105 stabilno\u015b\u0107 schodzenia.<\/p>\n<p><img loading=\"lazy\" decoding=\"async\" class=\"alignnone wp-image-4740\" src=\"https:\/\/isopllc.com\/usa\/wp-content\/uploads\/sites\/4\/2022\/12\/Stabilizers-for-Fire-Escape-Ladder-5.jpg\" alt=\"Stabilizers for Fire Escape Ladder 5\" width=\"320\" height=\"222\" title=\"\"><\/p>\n<p style=\"text-align: left;\">W celu szybkiego u\u017cycia nale\u017cy wcze\u015bniej przymocowa\u0107 stabilizatory do drabiny.<\/p>\n<p><img loading=\"lazy\" decoding=\"async\" class=\"alignnone wp-image-4733\" src=\"https:\/\/isopllc.com\/usa\/wp-content\/uploads\/sites\/4\/2022\/12\/Stabilizers-for-Fire-Escape-Ladder-2.jpg\" alt=\"Stabilizers for Fire Escape Ladder 2\" width=\"282\" height=\"435\" title=\"\"><\/p>\n<p style=\"text-align: left;\">Podstawki stabilizuj\u0105ce do drabiny ewakuacyjnej zapewniaj\u0105 wi\u0119ksze bezpiecze\u0144stwo podczas schodzenia i wchodzenia na g\u00f3r\u0119.<\/p>\n<p><img loading=\"lazy\" decoding=\"async\" class=\"alignnone wp-image-4739\" src=\"https:\/\/isopllc.com\/usa\/wp-content\/uploads\/sites\/4\/2022\/12\/Stabilizers-for-Fire-Escape-Ladder-6.jpg\" alt=\"Stabilizers for Fire Escape Ladder 6\" width=\"298\" height=\"242\" title=\"\"><\/p>\n<p style=\"text-align: left;\">Stabilizatory drabinki linowej ze szczebelkami antypo\u015blizgowymi zwi\u0119kszaj\u0105 stabilno\u015b\u0107 schodzenia.<\/p>\n<p style=\"text-align: left;\"><img decoding=\"async\" class=\"a-spacing-mini\" src=\"https:\/\/m.media-amazon.com\/images\/S\/aplus-media\/sc\/66906d66-df90-4038-8550-d72faf80c38f.__CR0,0,1200,1200_PT0_SX300_V1___.jpg\" alt=\"Multifunction\" data-src=\"https:\/\/m.media-amazon.com\/images\/S\/aplus-media\/sc\/66906d66-df90-4038-8550-d72faf80c38f.__CR0,0,1200,1200_PT0_SX300_V1___.jpg\" data- title=\"\"><\/p>\n<h4 class=\"a-spacing-mini\" style=\"text-align: left;\">Wielofunkcyjne<\/h4>\n<p style=\"text-align: left;\">Mo\u017cna go u\u017cywa\u0107 do r\u00f3\u017cnych cel\u00f3w, takich jak plac zabaw, hu\u015btawki, domek na drzewie, poddasze, ogr\u00f3d, dach, strych, bunkier, cele morskie, a nawet dekoracyjne. Niesko\u0144czona r\u00f3\u017cnorodno\u015b\u0107 opcji u\u017cytkowania.<\/p>\n<p><img decoding=\"async\" class=\"a-spacing-mini\" src=\"https:\/\/m.media-amazon.com\/images\/S\/aplus-media\/sc\/a53251f8-492d-40f3-a9db-2bdd1415646f.__CR1018,0,1260,1260_PT0_SX300_V1___.png\" alt=\"anti-slip\" data-src=\"https:\/\/m.media-amazon.com\/images\/S\/aplus-media\/sc\/a53251f8-492d-40f3-a9db-2bdd1415646f.__CR1018,0,1260,1260_PT0_SX300_V1___.png\" data- title=\"\"><\/p>\n<h4 class=\"a-spacing-mini\" style=\"text-align: left;\">Szczeble antypo\u015blizgowe<\/h4>\n<p style=\"text-align: left;\">Szczeble maj\u0105 kszta\u0142t o\u015bmiok\u0105ta, dzi\u0119ki czemu s\u0105 niezawodne i nie \u015bliskie.<\/p>\n<p><img decoding=\"async\" class=\"a-spacing-mini\" src=\"https:\/\/m.media-amazon.com\/images\/S\/aplus-media-library-service-media\/1657651a-3b04-4f8f-8300-ddb668ab5476.__CR0,0,400,400_PT0_SX300_V1___.jpg\" alt=\"Lightweight\" data-src=\"https:\/\/m.media-amazon.com\/images\/S\/aplus-media-library-service-media\/1657651a-3b04-4f8f-8300-ddb668ab5476.__CR0,0,400,400_PT0_SX300_V1___.jpg\" data- title=\"\"><\/p>\n<div class=\"apm-spacing apm-fixed-width\">\n<h4 class=\"a-spacing-mini\" style=\"text-align: left;\">Lekki<\/h4>\n<p style=\"text-align: left;\">Na przyk\u0142ad 2,5 m wa\u017cy tylko 2 kg.<\/p>\n<p><img decoding=\"async\" class=\"a-spacing-mini\" src=\"https:\/\/m.media-amazon.com\/images\/S\/aplus-media-library-service-media\/4e4268ea-f325-4435-a292-29bd7abd9c01.__CR0,0,400,400_PT0_SX300_V1___.jpg\" alt=\"Weather resistant\" data-src=\"https:\/\/m.media-amazon.com\/images\/S\/aplus-media-library-service-media\/4e4268ea-f325-4435-a292-29bd7abd9c01.__CR0,0,400,400_PT0_SX300_V1___.jpg\" data- title=\"\"><\/p>\n<h4 class=\"a-spacing-mini\" style=\"text-align: left;\">Odporny na warunki atmosferyczne<\/h4>\n<p style=\"text-align: left;\">Prawie nigdy nie starzej\u0105ce si\u0119 drabiny przy ka\u017cdej pogodzie, nie mog\u0105 zosta\u0107 uszkodzone podczas deszczu.<\/p>\n<p><img decoding=\"async\" class=\"a-spacing-mini\" src=\"https:\/\/m.media-amazon.com\/images\/S\/aplus-media-library-service-media\/2b946128-4652-4d13-abea-6ac4f59b6e56.__CR0,0,300,300_PT0_SX300_V1___.jpg\" alt=\"Flame resistant\" data-src=\"https:\/\/m.media-amazon.com\/images\/S\/aplus-media-library-service-media\/2b946128-4652-4d13-abea-6ac4f59b6e56.__CR0,0,300,300_PT0_SX300_V1___.jpg\" data- title=\"\"><\/p>\n<h4 class=\"a-spacing-mini\" style=\"text-align: left;\">Ognioodporny<\/h4>\n<p style=\"text-align: left;\">Specjalna niepalna kompozycja w\u0142\u00f3kien sprawia, \u017ce drabina przez pewien czas wytrzymuje ogie\u0144, mimo to nie zalecamy u\u017cywania jej w bezpo\u015brednim ogniu.<\/p>\n<p><img decoding=\"async\" class=\"a-spacing-mini\" src=\"https:\/\/m.media-amazon.com\/images\/S\/aplus-media-library-service-media\/7ea4637f-e804-413f-ac03-996786e67981.__CR0,0,300,300_PT0_SX300_V1___.jpg\" alt=\"Reusable\" data-src=\"https:\/\/m.media-amazon.com\/images\/S\/aplus-media-library-service-media\/7ea4637f-e804-413f-ac03-996786e67981.__CR0,0,300,300_PT0_SX300_V1___.jpg\" data- title=\"\"><\/p>\n<h4 class=\"a-spacing-mini\" style=\"text-align: left;\">Wielokrotnego u\u017cytku<\/h4>\n<p style=\"text-align: left;\">W przeciwie\u0144stwie do innych drabin aluminiowych, nasze drabiny linowe s\u0105 wielokrotnego u\u017cytku.<\/p>\n<p><img decoding=\"async\" class=\"a-spacing-mini\" src=\"https:\/\/m.media-amazon.com\/images\/S\/aplus-media\/sc\/d843778e-92b5-40e7-a239-8e35fcbadff6.__CR0,0,2000,2000_PT0_SX300_V1___.jpg\" alt=\"Different length \" data-src=\"https:\/\/m.media-amazon.com\/images\/S\/aplus-media\/sc\/d843778e-92b5-40e7-a239-8e35fcbadff6.__CR0,0,2000,2000_PT0_SX300_V1___.jpg\" data- title=\"\"><\/p>\n<\/div>\n<\/div>\n<\/div>\n<\/div>\n<div class=\"celwidget aplus-module module-9 aplus-standard\">\n<div class=\"a-expander-collapsed-height a-row a-expander-container a-expander-partial-collapse-container\" data-a-expander-name=\"aplus-module-expander\" data-a-expander-collapsed-height=\"700\">\n<div class=\"a-expander-content a-expander-partial-collapse-content\" aria-expanded=\"false\">\n<h4 class=\"a-spacing-mini\" style=\"text-align: left;\">R\u00f3\u017cna d\u0142ugo\u015b\u0107<\/h4>\n<p style=\"text-align: left;\">Dost\u0119pne 2,5 \/ 4 \/ 5 \/ 8 \/ 10 m dla dom\u00f3w 1 &#8211; 4 pi\u0119trowych.<\/p>\n<\/div>\n<\/div>\n<\/div>\n<div class=\"celwidget aplus-module module-9 aplus-standard\">\n<div class=\"a-expander-collapsed-height a-row a-expander-container a-expander-partial-collapse-container\" data-a-expander-name=\"aplus-module-expander\" data-a-expander-collapsed-height=\"700\">\n<div class=\"a-expander-content a-expander-partial-collapse-content\" aria-expanded=\"false\">\n<div class=\"aplus-module-wrapper apm-fixed-width\">\n<div class=\"apm-spacing apm-fixed-width\"><img decoding=\"async\" class=\"a-spacing-mini\" src=\"https:\/\/m.media-amazon.com\/images\/S\/aplus-media-library-service-media\/7e929cf8-7d43-486b-bf09-23dd5b161d01.__CR0,0,300,300_PT0_SX300_V1___.jpg\" alt=\"THE BEST\" data-src=\"https:\/\/m.media-amazon.com\/images\/S\/aplus-media-library-service-media\/7e929cf8-7d43-486b-bf09-23dd5b161d01.__CR0,0,300,300_PT0_SX300_V1___.jpg\" data- title=\"\"><\/div>\n<div><\/div>\n<\/div>\n<div>\n<h4 class=\"a-spacing-mini\" style=\"text-align: left;\">NAJLEPSZE<\/h4>\n<p style=\"text-align: left;\">Istniej\u0105 inne oferty drabin linowych, kt\u00f3re wygl\u0105daj\u0105 podobnie do naszej. ALE (!) nie wplataj\u0105 wystarczaj\u0105cej ilo\u015bci nici w liny i na tym oszcz\u0119dzaj\u0105, st\u0105d liny s\u0105 niewystarczaj\u0105co g\u0119ste lub napi\u0119te, a zatem nie s\u0105 niezawodne.<\/p>\n<\/div>\n<\/div>\n<\/div>\n<\/div>\n<\/div>\n<\/div>\n<\/div>\n<\/div>\n<\/div>\n<\/div>\n<\/div>\n<\/div>\n<\/div>\n<\/div>\n<\/div>\n<\/div>\n<\/div>\n<\/div>\n","protected":false},"excerpt":{"rendered":"<p id=\"title\" class=\"a-size-large a-spacing-none\" style=\"text-align: center;\"><span id=\"productTitle\" class=\"a-size-large product-title-word-break\">Awaryjna drabina ewakuacyjna 3 pi\u0119trowa | Drabinka asekuracyjna 7.5 m ze stabilizatorami odstaj\u0105cymi | Szybki do wdro\u017cenia i \u0142atwy w u\u017cyciu | Kompaktowy \u0141atwy do przechowywania | Waga Ud\u017awig do 900 kg<\/span><\/p>\n<p style=\"text-align: center;\">BEZP\u0141ATNA DOSTAWA W CI\u0104GU 3-7 DNI<\/p>\n<h4 style=\"text-align: center;\"><strong>KUP TO NA<\/strong><br \/>\n<a href=\"https:\/\/www.amazon.pl\/dp\/B0BM9218T9?ref=myi_title_dp&amp;th=1\"><img loading=\"lazy\" decoding=\"async\" class=\"aligncenter wp-image-1040 size-full\" src=\"https:\/\/isopllc.com\/pl\/wp-content\/uploads\/sites\/11\/2020\/01\/amazon-button9.png\" alt=\"\" width=\"160\" height=\"59\" \/><\/a><\/h4>\n","protected":false},"featured_media":4760,"comment_status":"open","ping_status":"closed","template":"","meta":[],"product_brand":[],"product_cat":[211,208,209],"product_tag":[48,174,173],"class_list":{"0":"post-4770","1":"product","2":"type-product","3":"status-publish","4":"has-post-thumbnail","6":"product_cat-drabiny-ewakuacyjne-przeciwpozarowe-3-pietrowe","7":"product_cat-drabiny-ewakuacyjne-z-dystansami","8":"product_cat-drabiny-linowe-ewakuacyjne-przeciwpozarowe","9":"product_tag-drabina-bezpieczenstwa","10":"product_tag-drabinka-asekuracyjna","11":"product_tag-stabilizatory-odstajace","13":"first","14":"instock","15":"shipping-taxable","16":"purchasable","17":"product-type-simple"},"_links":{"self":[{"href":"https:\/\/isopllc.com\/pl\/wp-json\/wp\/v2\/product\/4770","targetHints":{"allow":["GET"]}}],"collection":[{"href":"https:\/\/isopllc.com\/pl\/wp-json\/wp\/v2\/product"}],"about":[{"href":"https:\/\/isopllc.com\/pl\/wp-json\/wp\/v2\/types\/product"}],"replies":[{"embeddable":true,"href":"https:\/\/isopllc.com\/pl\/wp-json\/wp\/v2\/comments?post=4770"}],"wp:featuredmedia":[{"embeddable":true,"href":"https:\/\/isopllc.com\/pl\/wp-json\/wp\/v2\/media\/4760"}],"wp:attachment":[{"href":"https:\/\/isopllc.com\/pl\/wp-json\/wp\/v2\/media?parent=4770"}],"wp:term":[{"taxonomy":"product_brand","embeddable":true,"href":"https:\/\/isopllc.com\/pl\/wp-json\/wp\/v2\/product_brand?post=4770"},{"taxonomy":"product_cat","embeddable":true,"href":"https:\/\/isopllc.com\/pl\/wp-json\/wp\/v2\/product_cat?post=4770"},{"taxonomy":"product_tag","embeddable":true,"href":"https:\/\/isopllc.com\/pl\/wp-json\/wp\/v2\/product_tag?post=4770"}],"curies":[{"name":"wp","href":"https:\/\/api.w.org\/{rel}","templated":true}]}}