{"id":4785,"date":"2023-10-23T13:49:52","date_gmt":"2023-10-23T13:49:52","guid":{"rendered":"https:\/\/isopllc.com\/pl\/?post_type=product&#038;p=4785"},"modified":"2025-07-01T05:11:30","modified_gmt":"2025-07-01T05:11:30","slug":"stacja-ewakuacyjna-duzy-czerwone-pudelko-na-sprzet-przeciwpozarowy","status":"publish","type":"product","link":"https:\/\/isopllc.com\/pl\/product\/stacja-ewakuacyjna-duzy-czerwone-pudelko-na-sprzet-przeciwpozarowy\/","title":{"rendered":"Stacja ewakuacyjna Du\u017cy &#8211; czerwone pude\u0142ko na sprz\u0119t przeciwpo\u017carowy | Defibrylator AED"},"content":{"rendered":"<h1 id=\"title\" class=\"a-size-large a-spacing-none\">Stacja ewakuacyjna Du\u017cy -czerwone pude\u0142ko na sprz\u0119t przeciwpo\u017carowy-z haczykami na koc przeciwpo\u017carowy i ga\u015bnice-36 * 29 * 17 cali-szafka \u015bcienna<\/h1>\n<p><img loading=\"lazy\" decoding=\"async\" class=\"alignnone wp-image-5043\" src=\"https:\/\/isopllc.com\/usa\/wp-content\/uploads\/sites\/4\/2023\/06\/71dmxhPEm7L._AC_SL1500_.jpg\" alt=\"\" width=\"413\" height=\"397\" title=\"\"><\/p>\n<div class=\"a-section a-spacing-none premium-aplus-15-heading\">\n<h1 class=\"premium-aplus-15-heading-text a-text-bold\">Dlaczego naszym zdaniem lepiej kupi\u0107 skrzynk\u0119 dost\u0119pow\u0105 do drabiny awaryjnej?<\/h1>\n<\/div>\n<div class=\"a-section a-spacing-none\">\n<p>Z kilku powod\u00f3w!<\/p>\n<p>1. Przymocowuj\u0105c skrzynk\u0119 do \u015bciany (pod oknem lub na balkonie) za pomoc\u0105 kotew, mo\u017cesz od razu przymocowa\u0107 drabink\u0119 do p\u0119tli kotwi\u0105cych, a w razie potrzeby po prostu wyrzucisz drabin\u0119 przez okno i od razu zaczniesz schodzi\u0107 bez marnowania cennych sekund na zamieszanie i szukanie miejsca do zamocowania drabiny.<\/p>\n<p>2. Pude\u0142ko mo\u017cna przymocowa\u0107 zar\u00f3wno wewn\u0105trz, jak i na zewn\u0105trz domu. Na zewn\u0105trz zalet\u0105 jest to, \u017ce nie zajmuje miejsca w domu i nie psuje wystroju pomieszczenia, ale jednocze\u015bnie jest do\u015b\u0107 dost\u0119pny, je\u015bli zostanie zamontowany obok okna lub na balkonie.<\/p>\n<p>3. Jest to r\u00f3wnie\u017c wygodne z wn\u0119trza domu, poniewa\u017c jest zawsze pod r\u0119k\u0105 i w zasi\u0119gu wzroku, aby nie traci\u0107 czasu na szukanie go w czasie po\u017caru.<\/p>\n<p>4. Naszym zdaniem mocowanie drabin do kotw wspinaczkowych znajduj\u0105cych si\u0119 wewn\u0105trz skrzynki jest bardzo bezpieczne, poniewa\u017c wytrzymuj\u0105 one obci\u0105\u017cenie o warto\u015bci 25 KN bardziej ni\u017c jakikolwiek inny element w domu, \u0142\u0105cznie z ram\u0105 okna czy krat\u0105 balkonow\u0105.<\/p>\n<p><img loading=\"lazy\" decoding=\"async\" class=\"alignnone wp-image-5044\" src=\"https:\/\/isopllc.com\/usa\/wp-content\/uploads\/sites\/4\/2023\/06\/e08f082b-1e10-499b-8698-78d3a32260a7.__CR00800600_PT0_SX800_V1___.jpg\" alt=\"\" width=\"405\" height=\"304\" title=\"\"><\/p>\n<h1 class=\"aplus-h1 aplus-module-1-heading a-text-bold\">Kompleksowa stacja pogotowia stra\u017cackiego przechowuje wszystkie niezb\u0119dne materia\u0142y ratunkowe w jednym miejscu<\/h1>\n<ul class=\"a-unordered-list a-vertical\">\n<li>Aluminiowa czerwona skrzynka z magnetycznymi szklanymi drzwiami do drabiny ewakuacyjnej 36*29*17 cm<\/li>\n<li>Sprz\u0119t do instalacji (kotwy monta\u017cowe 25KN)<\/li>\n<li>Haczyki na ga\u015bnic\u0119 i koc ga\u015bniczy (po bokach pude\u0142ka)<\/li>\n<\/ul>\n<p><img loading=\"lazy\" decoding=\"async\" class=\"alignnone wp-image-5045\" src=\"https:\/\/isopllc.com\/usa\/wp-content\/uploads\/sites\/4\/2023\/06\/cb120de2-f0e0-46e6-9ca4-ca80dc32f1e5.__CR00800600_PT0_SX800_V1___.jpg\" alt=\"\" width=\"418\" height=\"313\" title=\"\"><\/p>\n<h1 class=\"aplus-h1 aplus-module-1-heading a-text-bold\">Aluminiowa skrzynka wewn\u0119trzna na zewn\u0105trz na drabiny ewakuacyjne, ga\u015bnic\u0119 lub koc ga\u015bniczy<\/h1>\n<ul class=\"a-unordered-list a-vertical\">\n<li>Kompaktowa konstrukcja<\/li>\n<li>Wytrzyma\u0142a konstrukcja z \u017celaza<\/li>\n<li>Szk\u0142o akrylowe (kt\u00f3re jest bezpieczniejsze ni\u017c standardowe szk\u0142o w sytuacjach awaryjnych)<\/li>\n<li>\u0141atwo montuje si\u0119 na \u015bcianie<\/li>\n<li>\u0141atwe do znalezienia w razie potrzeby<\/li>\n<\/ul>\n<p><img loading=\"lazy\" decoding=\"async\" class=\"alignnone wp-image-5046\" src=\"https:\/\/isopllc.com\/usa\/wp-content\/uploads\/sites\/4\/2023\/06\/30d1215a-a397-4e25-a9a6-f4f6b8fc8a0a.__CR00800600_PT0_SX800_V1___.jpg\" alt=\"\" width=\"425\" height=\"319\" title=\"\"><\/p>\n<h1 class=\"aplus-h1 aplus-module-1-heading a-text-bold\">\u017belazna szafka z drabin\u0105 ewakuacyjn\u0105<\/h1>\n<p>Zapewnia \u0142atwy dost\u0119p do ga\u015bnicy lub drabiny ratunkowej w sytuacji awaryjnej.<\/p>\n<p>Ze wzgl\u0119du na kompaktowy rozmiar &#8211; 36x29x17 cm | Ta szafka o cienkiej i trwa\u0142ej konstrukcji o grubo\u015bci 0,04 cala idealnie nadaje si\u0119 do mieszka\u0144, mieszka\u0144 i ma\u0142ych firm, a tak\u017ce zapewnia bezpieczne miejsce do d\u0142ugotrwa\u0142ego przechowywania.<\/p>\n<p><img loading=\"lazy\" decoding=\"async\" class=\"alignnone wp-image-5047\" src=\"https:\/\/isopllc.com\/usa\/wp-content\/uploads\/sites\/4\/2023\/06\/6d581a96-7d79-4318-ace2-7057cd2fcdb0.__CR00800600_PT0_SX800_V1___.jpg\" alt=\"\" width=\"443\" height=\"332\" title=\"\"><\/p>\n<h1 class=\"aplus-h1 aplus-module-1-heading a-text-bold\">Stacja stra\u017cy po\u017carnej<\/h1>\n<p class=\"aplus-p2 aplus-module-1-description\">W przypadku nag\u0142ego po\u017caru w domu lub firmie zapewnij wyznaczone miejsce na ga\u015bnic\u0119 lub drabin\u0119, trzymaj\u0105c j\u0105 w pobli\u017cu i gotow\u0105, gdy b\u0119dzie najbardziej potrzebna.<\/p>\n<p><img loading=\"lazy\" decoding=\"async\" class=\"alignnone wp-image-4545\" src=\"https:\/\/isopllc.com\/usa\/wp-content\/uploads\/sites\/4\/2021\/12\/Built-In-Fire-Escape-Ladder-2-Story-13ft-Retractable-Ladders-Fire-Ladder-for-Homes-Include-Aluminum-Box-Snap-Hooks-and-2-Anchors-Set6.jpg\" alt=\"\" width=\"427\" height=\"427\" title=\"\"><\/p>\n<h1 class=\"aplus-h1 aplus-module-1-heading a-text-bold\">Profesjonalna kotwica g\u00f3rna<\/h1>\n<p>Zestaw \u015brub kotwowych do wspinaczki, zawiera 2 szt. p\u0142yt wieszakowych i 2 szt. \u015brub rozporowych, nakr\u0119tek \u015brub i podk\u0142adek p\u0142askich. P\u0142yty wieszakowe do sta\u0142ego punktu kotwicz\u0105cego.<\/p>\n<p>Zestaw pozwala na przymocowanie skrzynki do \u015bciany. Nie tylko utrzymuj\u0105 skrzynk\u0119, ale tak\u017ce oczka mocuj\u0105ce przeznaczone na dwa karabinki pozwalaj\u0105 na zaczepienie do niej drabinki linowej w celu zej\u015bcia z okna.<\/p>\n<\/div>\n","protected":false},"excerpt":{"rendered":"[embed]https:\/\/youtu.be\/L9Hz9qx6xb8[\/embed]\n<p id=\"title\" class=\"a-size-large a-spacing-none\" style=\"text-align: center;\">Stacja ewakuacyjna Du\u017cy -czerwone pude\u0142ko na sprz\u0119t przeciwpo\u017carowy-z haczykami na koc przeciwpo\u017carowy i ga\u015bnice-36 * 29 * 17 cali-szafka \u015bcienna<\/p>\n<p style=\"text-align: center;\">BEZP\u0141ATNA DOSTAWA W CI\u0104GU 3-7 DNI<\/p>\n<h4 style=\"text-align: center;\"><strong>KUP TO NA<\/strong><br \/>\n<a href=\"https:\/\/www.amazon.pl\/dp\/B0BZYJ6FX6?ref=myi_title_dp\"><img loading=\"lazy\" decoding=\"async\" class=\"aligncenter wp-image-1040 size-full\" src=\"https:\/\/isopllc.com\/pl\/wp-content\/uploads\/sites\/11\/2020\/01\/amazon-button9.png\" alt=\"\" width=\"160\" height=\"59\" \/><\/a><\/h4>\n","protected":false},"featured_media":4800,"comment_status":"open","ping_status":"closed","template":"","meta":[],"product_brand":[],"product_cat":[203,205],"product_tag":[92,91,76,90],"class_list":{"0":"post-4785","1":"product","2":"type-product","3":"status-publish","4":"has-post-thumbnail","6":"product_cat-akcesoria-do-drabin-przeciwpozarowych","7":"product_cat-skrzynia-do-przechowywania-drabin-przeciwpozarowych","8":"product_tag-aed-defibrylator","9":"product_tag-czerwone-pudelko","10":"product_tag-sprzet-przeciwpozarowy","11":"product_tag-stacja-ewakuacyjna","13":"first","14":"instock","15":"shipping-taxable","16":"purchasable","17":"product-type-simple"},"_links":{"self":[{"href":"https:\/\/isopllc.com\/pl\/wp-json\/wp\/v2\/product\/4785","targetHints":{"allow":["GET"]}}],"collection":[{"href":"https:\/\/isopllc.com\/pl\/wp-json\/wp\/v2\/product"}],"about":[{"href":"https:\/\/isopllc.com\/pl\/wp-json\/wp\/v2\/types\/product"}],"replies":[{"embeddable":true,"href":"https:\/\/isopllc.com\/pl\/wp-json\/wp\/v2\/comments?post=4785"}],"wp:featuredmedia":[{"embeddable":true,"href":"https:\/\/isopllc.com\/pl\/wp-json\/wp\/v2\/media\/4800"}],"wp:attachment":[{"href":"https:\/\/isopllc.com\/pl\/wp-json\/wp\/v2\/media?parent=4785"}],"wp:term":[{"taxonomy":"product_brand","embeddable":true,"href":"https:\/\/isopllc.com\/pl\/wp-json\/wp\/v2\/product_brand?post=4785"},{"taxonomy":"product_cat","embeddable":true,"href":"https:\/\/isopllc.com\/pl\/wp-json\/wp\/v2\/product_cat?post=4785"},{"taxonomy":"product_tag","embeddable":true,"href":"https:\/\/isopllc.com\/pl\/wp-json\/wp\/v2\/product_tag?post=4785"}],"curies":[{"name":"wp","href":"https:\/\/api.w.org\/{rel}","templated":true}]}}