{"id":4813,"date":"2023-10-23T14:28:45","date_gmt":"2023-10-23T14:28:45","guid":{"rendered":"https:\/\/isopllc.com\/pl\/?post_type=product&#038;p=4813"},"modified":"2025-07-01T05:10:48","modified_gmt":"2025-07-01T05:10:48","slug":"drabina-przeciwpozarowa-3-pietrowa-8m","status":"publish","type":"product","link":"https:\/\/isopllc.com\/pl\/product\/drabina-przeciwpozarowa-3-pietrowa-8m\/","title":{"rendered":"Drabina przeciwpo\u017carowa 3-pi\u0119trowa (8m)"},"content":{"rendered":"<h1 id=\"title\" class=\"a-size-large a-spacing-none\">Drabina przeciwpo\u017carowa 3-pi\u0119trowa (8m) &#8211; drabina linowa do ewakuacji po\u017carowej w czerwonym pude\u0142ku &#8211; w zestawie koc ratunkowy i kotwy monta\u017cowe<\/h1>\n<p><img loading=\"lazy\" decoding=\"async\" class=\"alignnone  wp-image-4925\" src=\"https:\/\/isopllc.com\/pl\/wp-content\/uploads\/sites\/11\/2023\/10\/firefighters-recommended-rope-ladder.jpg\" alt=\"firefighters recommended rope ladder\" width=\"358\" height=\"358\" title=\"\" srcset=\"https:\/\/isopllc.com\/pl\/wp-content\/uploads\/sites\/11\/2023\/10\/firefighters-recommended-rope-ladder.jpg 540w, https:\/\/isopllc.com\/pl\/wp-content\/uploads\/sites\/11\/2023\/10\/firefighters-recommended-rope-ladder-150x150.jpg 150w, https:\/\/isopllc.com\/pl\/wp-content\/uploads\/sites\/11\/2023\/10\/firefighters-recommended-rope-ladder-416x416.jpg 416w, https:\/\/isopllc.com\/pl\/wp-content\/uploads\/sites\/11\/2023\/10\/firefighters-recommended-rope-ladder-100x100.jpg 100w, https:\/\/isopllc.com\/pl\/wp-content\/uploads\/sites\/11\/2023\/10\/firefighters-recommended-rope-ladder-60x60.jpg 60w, https:\/\/isopllc.com\/pl\/wp-content\/uploads\/sites\/11\/2023\/10\/firefighters-recommended-rope-ladder-90x90.jpg 90w\" sizes=\"auto, (max-width: 358px) 100vw, 358px\" \/><\/p>\n<p>Kompleksowa stacja ewakuacyjna przechowuje wszystkie zapasy przeciwpo\u017carowe w jednym miejscu (ga\u015bnica nie jest do\u0142\u0105czona)<\/p>\n<p>&nbsp;<\/p>\n<ul class=\"a-unordered-list a-vertical\">\n<li>Czerwone pude\u0142ko o wysokiej widoczno\u015bci z drzwiczkami magnetycznymi<\/li>\n<li>Drabina przeciwpo\u017carowa 8m<\/li>\n<li>Do\u0142\u0105czony sprz\u0119t do instalacji (kotwy monta\u017cowe)<\/li>\n<li>Mocowanie do ga\u015bnicy<\/li>\n<\/ul>\n<p><img loading=\"lazy\" decoding=\"async\" class=\"alignnone wp-image-5052\" src=\"https:\/\/isopllc.com\/usa\/wp-content\/uploads\/sites\/4\/2023\/06\/51vVQaI3XKL._AC_.jpg\" alt=\"\" width=\"374\" height=\"232\" title=\"\"><\/p>\n<h3 class=\"a-spacing-mini\">Dlaczego naszym zdaniem lepiej kupi\u0107 drabin\u0119 ewakuacyjn\u0105 w aluminiowej skrzynce? Z kilku powod\u00f3w!<\/h3>\n<p>1. Przymocowuj\u0105c skrzynk\u0119 do \u015bciany (pod oknem lub na balkonie) za pomoc\u0105 kotew, mo\u017cesz od razu przymocowa\u0107 drabink\u0119 do p\u0119tli kotwi\u0105cych, a w razie potrzeby po prostu wyrzucisz drabin\u0119 przez okno i od razu zaczniesz schodzi\u0107 bez marnowania cennych sekund na zamieszanie i szukanie miejsca do zamocowania drabiny.<\/p>\n<p>2. Pude\u0142ko mo\u017cna przymocowa\u0107 zar\u00f3wno wewn\u0105trz, jak i na zewn\u0105trz domu. Na zewn\u0105trz zalet\u0105 jest to, \u017ce nie zajmuje miejsca w domu i nie psuje wystroju pomieszczenia, ale jednocze\u015bnie jest do\u015b\u0107 dost\u0119pny, je\u015bli zostanie zamontowany obok okna lub na balkonie.<\/p>\n<p>3. Jest to wygodne tak\u017ce z wn\u0119trza domu, gdy\u017c jest zawsze pod r\u0119k\u0105 i w zasi\u0119gu wzroku, aby nie traci\u0107 czasu na szukanie go w czasie po\u017caru.<\/p>\n<p>4. Naszym zdaniem mocowanie drabin do kotw wspinaczkowych znajduj\u0105cych si\u0119 wewn\u0105trz skrzynki jest bardzo bezpieczne, poniewa\u017c wytrzymuj\u0105 one obci\u0105\u017cenie o warto\u015bci 25 KN bardziej ni\u017c jakikolwiek inny element w domu, \u0142\u0105cznie z ram\u0105 okna czy krat\u0105 balkonow\u0105.<\/p>\n<h4>Dlaczego warto wybra\u0107 nasze drabiny ewakuacyjne?<\/h4>\n<p><img loading=\"lazy\" decoding=\"async\" class=\"alignnone wp-image-4797\" src=\"https:\/\/isopllc.com\/pl\/wp-content\/uploads\/sites\/11\/2023\/10\/30d1215a-a397-4e25-a9a6-f4f6b8fc8a0a.__CR00800600_PT0_SX800_V1___.jpg\" alt=\"Red box Large\" width=\"329\" height=\"247\" title=\"\" srcset=\"https:\/\/isopllc.com\/pl\/wp-content\/uploads\/sites\/11\/2023\/10\/30d1215a-a397-4e25-a9a6-f4f6b8fc8a0a.__CR00800600_PT0_SX800_V1___.jpg 800w, https:\/\/isopllc.com\/pl\/wp-content\/uploads\/sites\/11\/2023\/10\/30d1215a-a397-4e25-a9a6-f4f6b8fc8a0a.__CR00800600_PT0_SX800_V1___-768x576.jpg 768w, https:\/\/isopllc.com\/pl\/wp-content\/uploads\/sites\/11\/2023\/10\/30d1215a-a397-4e25-a9a6-f4f6b8fc8a0a.__CR00800600_PT0_SX800_V1___-80x60.jpg 80w, https:\/\/isopllc.com\/pl\/wp-content\/uploads\/sites\/11\/2023\/10\/30d1215a-a397-4e25-a9a6-f4f6b8fc8a0a.__CR00800600_PT0_SX800_V1___-120x90.jpg 120w, https:\/\/isopllc.com\/pl\/wp-content\/uploads\/sites\/11\/2023\/10\/30d1215a-a397-4e25-a9a6-f4f6b8fc8a0a.__CR00800600_PT0_SX800_V1___-416x312.jpg 416w\" sizes=\"auto, (max-width: 329px) 100vw, 329px\" \/><\/p>\n<p>&nbsp;<\/p>\n<p>Aluminiowa uniwersalna szafka na drabin\u0119 ewakuacyjn\u0105 zapewnia \u0142atwy dost\u0119p do drabiny ewakuacyjnej w sytuacji awaryjnej.<\/p>\n<p>Ze wzgl\u0119du na niewielkie rozmiary i trwa\u0142\u0105 konstrukcj\u0119 szafka ta idealnie nadaje si\u0119 do mieszka\u0144, mieszka\u0144 i ma\u0142ych firm, zapewniaj\u0105c bezpieczne miejsce do d\u0142ugotrwa\u0142ego przechowywania.<\/p>\n<p><img decoding=\"async\" class=\"a-spacing-mini\" style=\"font-weight: 600;\" src=\"https:\/\/m.media-amazon.com\/images\/S\/aplus-media-library-service-media\/94e0f1b0-d713-4663-a172-3e35c4090aaa.__CR0,0,1000,1000_PT0_SX300_V1___.jpg\" alt=\"Gentle to hands\" data-src=\"https:\/\/m.media-amazon.com\/images\/S\/aplus-media-library-service-media\/94e0f1b0-d713-4663-a172-3e35c4090aaa.__CR0,0,1000,1000_PT0_SX300_V1___.jpg\" data- title=\"\"><\/p>\n<div class=\"aplus-module-wrapper apm-fixed-width\">\n<div class=\"apm-spacing apm-fixed-width\">\n<div class=\"celwidget aplus-module module-9 aplus-standard\" data-csa-c-id=\"emkbnl-11vq23-1incdi-lfo9yf\" data-cel-widget=\"aplus-module-9\">\n<div class=\"aplus-module-wrapper apm-fixed-width\">\n<div class=\"apm-spacing apm-fixed-width\">\n<div id=\"aplus_feature_div\" class=\"celwidget\" data-feature-name=\"aplus\" data-csa-c-type=\"widget\" data-csa-c-content-id=\"aplus\" data-csa-c-slot-id=\"aplus_feature_div\" data-csa-c-asin=\"\" data-csa-c-is-in-initial-active-row=\"false\" data-csa-c-id=\"ebpnh7-v23cw7-lv803-rp18f9\" data-cel-widget=\"aplus_feature_div\">\n<div id=\"aplus\" class=\"a-section a-spacing-large bucket\">\n<div class=\"aplus-v2 desktop celwidget\" data-csa-c-id=\"322z1i-fsajov-ud7fia-k0knjv\" data-cel-widget=\"aplus\">\n<div class=\"celwidget aplus-module module-9 aplus-standard\" data-csa-c-id=\"e5nyxf-jpncv6-ubo24v-ozeiyw\" data-cel-widget=\"aplus-module-9\">\n<div class=\"aplus-module-wrapper apm-fixed-width\">\n<div class=\"apm-spacing apm-fixed-width\">\n<h3>Delikatny dla d\u0142oni<\/h3>\n<p>Tworz\u0105c te drabiny, wzi\u0119li\u015bmy pod uwag\u0119 wady naszych konkurent\u00f3w. Pozostali narzekaj\u0105, \u017ce szczeble podczas korzystania z ich drabin kalecz\u0105 r\u0119ce u\u017cytkownik\u00f3w, poniewa\u017c szczeble aluminiowe s\u0105 ostre. Wzi\u0119li\u015bmy to pod uwag\u0119 i nasze drabiny nie maj\u0105 ostrych naro\u017cnik\u00f3w i s\u0105 bezpieczne w u\u017cytkowaniu zar\u00f3wno dla doros\u0142ych, jak i dzieci.<\/p>\n<p><img decoding=\"async\" class=\"a-spacing-mini\" style=\"font-weight: 600;\" src=\"https:\/\/m.media-amazon.com\/images\/S\/aplus-media\/sc\/27f9c708-c858-49c0-96f7-815dd0fa4f9a.__CR0,0,1000,1000_PT0_SX300_V1___.jpg\" alt=\"Wide application\" data-src=\"https:\/\/m.media-amazon.com\/images\/S\/aplus-media\/sc\/27f9c708-c858-49c0-96f7-815dd0fa4f9a.__CR0,0,1000,1000_PT0_SX300_V1___.jpg\" data- title=\"\"><\/p>\n<h3>Integralne paski<\/h3>\n<p>Ponownie, por\u00f3wnuj\u0105c nasze drabiny z konkurencj\u0105, nale\u017cy zauwa\u017cy\u0107, \u017ce w przeciwie\u0144stwie do innych, nasze drabiny od g\u00f3ry do do\u0142u sk\u0142adaj\u0105 si\u0119 z jednego kawa\u0142ka ta\u015bmy, kt\u00f3ra wytrzymuje obci\u0105\u017cenie do 1200 funt\u00f3w (!) dzi\u0119ki specjalnej opatentowanej technologii. Natomiast drabinki parciane konkurencji szyte s\u0105 w kawa\u0142kach, co naszym zdaniem jest zawodne.<\/p>\n<p><img decoding=\"async\" class=\"a-spacing-mini\" style=\"font-weight: 600;\" src=\"https:\/\/m.media-amazon.com\/images\/S\/aplus-media-library-service-media\/3e3631ef-bf95-4934-bd5d-2881c8d8d8c7.__CR0,0,300,300_PT0_SX300_V1___.jpg\" alt=\"Climbing anchor bolts set\" data-src=\"https:\/\/m.media-amazon.com\/images\/S\/aplus-media-library-service-media\/3e3631ef-bf95-4934-bd5d-2881c8d8d8c7.__CR0,0,300,300_PT0_SX300_V1___.jpg\" data- title=\"\"><\/p>\n<\/div>\n<div>W zestawie zestaw \u015brub kotwi\u0105cych do wspinaczki, 2 szt. p\u0142yt wieszakowych i 2 szt. ko\u0142k\u00f3w rozporowych. W komplecie znajduj\u0105 si\u0119 nakr\u0119tki \u015brubowe i podk\u0142adki p\u0142askie.<\/div>\n<div><\/div>\n<div><img decoding=\"async\" class=\"a-spacing-mini\" style=\"font-weight: 600;\" src=\"https:\/\/m.media-amazon.com\/images\/S\/aplus-media\/sc\/42cab632-a2d0-40fd-a2dd-280d531bf010.__CR282,0,1000,1000_PT0_SX300_V1___.jpg\" alt=\"For window or balcony\" data-src=\"https:\/\/m.media-amazon.com\/images\/S\/aplus-media\/sc\/42cab632-a2d0-40fd-a2dd-280d531bf010.__CR282,0,1000,1000_PT0_SX300_V1___.jpg\" data- title=\"\"><\/div>\n<\/div>\n<\/div>\n<div><\/div>\n<div class=\"celwidget aplus-module module-9 aplus-standard\" data-csa-c-id=\"e5nyxf-jpncv6-ubo24v-ozeiyw\" data-cel-widget=\"aplus-module-9\">\n<h3>Stabilizatory<\/h3>\n<p>Szczeble naszych drabin posiadaj\u0105 stabilizatory, dzi\u0119ki kt\u00f3rym drabiny nie przylegaj\u0105 \u015bci\u015ble do \u015bciany, ale stabilnie si\u0119 do niej przylegaj\u0105, co znacznie u\u0142atwia zej\u015bcie z drugiego lub trzeciego pi\u0119tra.<\/p>\n<h4><img decoding=\"async\" class=\"a-spacing-mini\" style=\"font-weight: 600;\" src=\"https:\/\/m.media-amazon.com\/images\/S\/aplus-media\/sc\/8b1ba6ce-d84f-4314-b98a-95d063fc3e5e.__CR500,0,1000,1000_PT0_SX300_V1___.jpg\" alt=\"For window or balcony\" data-src=\"https:\/\/m.media-amazon.com\/images\/S\/aplus-media\/sc\/8b1ba6ce-d84f-4314-b98a-95d063fc3e5e.__CR500,0,1000,1000_PT0_SX300_V1___.jpg\" data- title=\"\">Szczeble antypo\u015blizgowe<\/h4>\n<p>Specjalny wz\u00f3r na powierzchni szczebli sprawia, \u017ce zej\u015bcie z apartamentu jest antypo\u015blizgowe przy ka\u017cdej pogodzie.<\/p>\n<h4>Wielokrotnego u\u017cytku<\/h4>\n<p>Nasze drabiny nadaj\u0105 si\u0119 do wielokrotnego u\u017cytku, ponadto mo\u017cna je \u0142atwo naprawi\u0107, w przeciwie\u0144stwie do innych, kt\u00f3re nale\u017cy wyrzuci\u0107. Przy w\u0142a\u015bciwym przechowywaniu mog\u0105 s\u0142u\u017cy\u0107 latami!<\/p>\n<p><img loading=\"lazy\" decoding=\"async\" class=\"alignnone wp-image-4293\" src=\"https:\/\/isopllc.com\/usa\/wp-content\/uploads\/sites\/4\/2020\/12\/91R3KSmpDgL._AC_SL1500_.jpg\" alt=\"\" width=\"307\" height=\"230\" title=\"\"><\/p>\n<\/div>\n<h4>Wytrzyma\u0142e karabinki<\/h4>\n<p>Do drabinek do\u0142\u0105czone s\u0105 chromowane karabinki o wytrzyma\u0142o\u015bci na zerwanie 11KN.<\/p>\n<p>&nbsp;<\/p>\n<\/div>\n<\/div>\n<div>\n<p><img decoding=\"async\" class=\"a-spacing-mini\" style=\"font-weight: 600;\" src=\"https:\/\/m.media-amazon.com\/images\/S\/aplus-media-library-service-media\/c3b3fb51-597d-4234-91a3-95fb43b58226.__CR0,0,300,300_PT0_SX300_V1___.jpg\" alt=\"ladder\" data-src=\"https:\/\/m.media-amazon.com\/images\/S\/aplus-media-library-service-media\/c3b3fb51-597d-4234-91a3-95fb43b58226.__CR0,0,300,300_PT0_SX300_V1___.jpg\" data- title=\"\"><\/p>\n<\/div>\n<h3>Odporne na warunki atmosferyczne<\/h3>\n<p>Specjalna farba proszkowa chroni szczeble przed rdz\u0105, a ta\u015bma poliestrowa jest wysoce odporna na wod\u0119 i \u015bnieg, dlatego nasze drabiny ewakuacyjne s\u0105 odporne na warunki atmosferyczne.<\/p>\n<p><img decoding=\"async\" src=\"https:\/\/m.media-amazon.com\/images\/S\/aplus-media-library-service-media\/0c3c254d-684e-4313-bc9f-ae4b4b7e7ee7.__CR0,0,300,300_PT0_SX300_V1___.jpg\" alt=\"professional ladder\" title=\"\"><\/p>\n<h3>Profesjonalna firma zajmuj\u0105ca si\u0119 drabinami<\/h3>\n<p>Zalecamy zakup drabin od firmy specjalizuj\u0105cej si\u0119 w drabinach, poniewa\u017c jest to produkt zapewniaj\u0105cy bezpiecze\u0144stwo.<\/p>\n<p>ISOP jest jedn\u0105 z niewielu firm, kt\u00f3ra oferuje szeroki wyb\u00f3r r\u00f3\u017cnych drabin z w\u0142asnego zak\u0142adu produkcyjnego.<\/p>\n<\/div>\n<\/div>\n<\/div>\n<\/div>\n<\/div>\n<\/div>\n","protected":false},"excerpt":{"rendered":"[embed]https:\/\/youtu.be\/DtB-mF7JP2I[\/embed]\n<p id=\"title\" class=\"a-size-large a-spacing-none\" style=\"text-align: center;\">Drabina przeciwpo\u017carowa 3-pi\u0119trowa (8m) &#8211; drabina linowa do ewakuacji po\u017carowej w czerwonym pude\u0142ku &#8211; w zestawie koc ratunkowy i kotwy monta\u017cowe<\/p>\n<p style=\"text-align: center;\">BEZP\u0141ATNA DOSTAWA W CI\u0104GU 3-7 DNI<\/p>\n<h4 style=\"text-align: center;\"><strong>KUP TO NA<\/strong><br \/>\n<a href=\"https:\/\/www.amazon.pl\/dp\/B0BZYJKHK9?ref=myi_title_dp\"><img loading=\"lazy\" decoding=\"async\" class=\"aligncenter wp-image-1040 size-full\" src=\"https:\/\/isopllc.com\/pl\/wp-content\/uploads\/sites\/11\/2020\/01\/amazon-button9.png\" alt=\"\" width=\"160\" height=\"59\" \/><\/a><\/h4>\n","protected":false},"featured_media":4925,"comment_status":"open","ping_status":"closed","template":"","meta":[],"product_brand":[],"product_cat":[211,208,206],"product_tag":[56,60,76],"class_list":{"0":"post-4813","1":"product","2":"type-product","3":"status-publish","4":"has-post-thumbnail","6":"product_cat-drabiny-ewakuacyjne-przeciwpozarowe-3-pietrowe","7":"product_cat-drabiny-ewakuacyjne-z-dystansami","8":"product_cat-drabiny-montowane-na-scianie","9":"product_tag-3-pietrowa-drabina","10":"product_tag-drabina-przeciwpozarowa","11":"product_tag-sprzet-przeciwpozarowy","13":"first","14":"instock","15":"shipping-taxable","16":"purchasable","17":"product-type-simple"},"_links":{"self":[{"href":"https:\/\/isopllc.com\/pl\/wp-json\/wp\/v2\/product\/4813","targetHints":{"allow":["GET"]}}],"collection":[{"href":"https:\/\/isopllc.com\/pl\/wp-json\/wp\/v2\/product"}],"about":[{"href":"https:\/\/isopllc.com\/pl\/wp-json\/wp\/v2\/types\/product"}],"replies":[{"embeddable":true,"href":"https:\/\/isopllc.com\/pl\/wp-json\/wp\/v2\/comments?post=4813"}],"wp:featuredmedia":[{"embeddable":true,"href":"https:\/\/isopllc.com\/pl\/wp-json\/wp\/v2\/media\/4925"}],"wp:attachment":[{"href":"https:\/\/isopllc.com\/pl\/wp-json\/wp\/v2\/media?parent=4813"}],"wp:term":[{"taxonomy":"product_brand","embeddable":true,"href":"https:\/\/isopllc.com\/pl\/wp-json\/wp\/v2\/product_brand?post=4813"},{"taxonomy":"product_cat","embeddable":true,"href":"https:\/\/isopllc.com\/pl\/wp-json\/wp\/v2\/product_cat?post=4813"},{"taxonomy":"product_tag","embeddable":true,"href":"https:\/\/isopllc.com\/pl\/wp-json\/wp\/v2\/product_tag?post=4813"}],"curies":[{"name":"wp","href":"https:\/\/api.w.org\/{rel}","templated":true}]}}