{"id":4851,"date":"2023-12-31T16:38:51","date_gmt":"2023-12-31T16:38:51","guid":{"rendered":"https:\/\/isopllc.com\/pl\/?post_type=product&#038;p=4851"},"modified":"2025-07-01T05:10:06","modified_gmt":"2025-07-01T05:10:06","slug":"isop-szafa-do-przechowywania-defibrylatora-aed","status":"publish","type":"product","link":"https:\/\/isopllc.com\/pl\/product\/isop-szafa-do-przechowywania-defibrylatora-aed\/","title":{"rendered":"ISOP Szafa do Przechowywania Defibrylatora AED"},"content":{"rendered":"<h1 id=\"title\" class=\"a-size-large a-spacing-none\"><span id=\"productTitle\" class=\"a-size-large product-title-word-break\">ISOP Szafa do Przechowywania Defibrylatora AED | \u015acienne Pude\u0142ko Apteczne<\/span><\/h1>\n<p><img loading=\"lazy\" decoding=\"async\" class=\"alignnone wp-image-5252\" src=\"https:\/\/isopllc.com\/usa\/wp-content\/uploads\/sites\/4\/2023\/12\/AED-7.jpg\" alt=\"AED\" width=\"634\" height=\"196\" title=\"\"><\/p>\n<div class=\"a-section a-spacing-none aplus-module-section aplus-text-section\">\n<p class=\"description\">Wyposa\u017cony w zatrzaski, aby pasowa\u0142 do wszystkich defibrylator\u00f3w AED, nasz szafkowy defibrylator AED zapewnia bezpieczn\u0105 przestrze\u0144 do przechowywania defibrylatora, gotow\u0105 do u\u017cycia. Czerwony napis AED zwr\u00f3ci uwag\u0119 wszystkich na miejscu wypadku, uchwyty w drzwiach umo\u017cliwiaj\u0105 szybkie uratowanie \u017cycia. Nasza szafka na defibrylator zosta\u0142a inteligentnie zaprojektowana dla szybkiego dost\u0119pu. Zainstaluj j\u0105 w \u0142atwo dost\u0119pnym miejscu, aby zapewni\u0107 natychmiastowy dost\u0119p do defibrylatora, gdy sekundy maj\u0105 najwi\u0119ksze znaczenie.<\/p>\n<p class=\"description\"><span class=\"a-text-bold\"><strong>Uniwersalne zastosowanie:<\/strong>\u00a0<\/span>Dopasowana do uniwersalnego u\u017cytku, ta szafka na defibrylator to idealne rozwi\u0105zanie dla szpitali, klinik, pojazd\u00f3w ratunkowych, instytucji i r\u00f3\u017cnych miejsc. Odpowiada potrzebom przechowywania defibrylator\u00f3w dost\u0119pnych tylko dla wykwalifikowanych profesjonalist\u00f3w, zwi\u0119kszaj\u0105c bezpiecze\u0144stwo w r\u00f3\u017cnych \u015brodowiskach.<\/p>\n<p class=\"description\"><span class=\"a-text-bold\"><strong>Wygodna r\u0119koje\u015b\u0107 do wn\u0119ki:<\/strong>\u00a0<\/span>Z wygodn\u0105 r\u0119koje\u015bci\u0105 w formie wn\u0119ki szafka na defibrylator zapewnia \u0142atwy i natychmiastowy dost\u0119p do przechowywanego defibrylatora. Odblokowany design eliminuje op\u00f3\u017anienia w dost\u0119pie do defibrylatora w krytycznych momentach. Zainwestuj w szafk\u0119 na defibrylator dla harmonijnego po\u0142\u0105czenia dost\u0119pno\u015bci, bezpiecze\u0144stwa i przejrzysto\u015bci. Podnie\u015b swoje poziomy gotowo\u015bci dzi\u0119ki naszemu niezawodnemu rozwi\u0105zaniu do przechowywania AED, zapewniaj\u0105c, \u017ce sprz\u0119t ratuj\u0105cy \u017cycie zawsze b\u0119dzie na wyci\u0105gni\u0119cie r\u0119ki, gdy czas b\u0119dzie najwa\u017cniejszy.<\/p>\n<p class=\"description\">Dodatkowo, ten aluminiowy box mo\u017ce s\u0142u\u017cy\u0107 jako przechowywanie r\u00f3\u017cnego rodzaju sprz\u0119tu, takiego jak drabina ewakuacyjna, apteczka pierwszej pomocy, czy po prostu do przechowywania towar\u00f3w.<\/p>\n<p class=\"description\"><em><span class=\"a-text-italic\">35,8 x 17,8 x 40 cm | 3,63 KG<\/span><\/em><\/p>\n<p class=\"description\"><em><span class=\"a-text-italic\">Wykonany z \u017celaza przemys\u0142owego stopnia<\/span><\/em><\/p>\n<p class=\"description\"><em><span class=\"a-text-italic\">Przezroczyste okno akrylowe i czerwone elementy u\u0142atwiaj\u0105ce identyfikacj\u0119<\/span><\/em><\/p>\n<p class=\"description\"><em><span class=\"a-text-italic\">Na tylnej cz\u0119\u015bci jednostki s\u0105 cztery otwory do monta\u017cu<\/span><\/em><\/p>\n<p class=\"description\"><em><span class=\"a-text-italic\">Uniwersalna szafka \u015bcienna na defibrylator pasuje do wszystkich defibrylator\u00f3w.<\/span><\/em><\/p>\n<p><img loading=\"lazy\" decoding=\"async\" class=\"alignnone wp-image-5253\" src=\"https:\/\/isopllc.com\/usa\/wp-content\/uploads\/sites\/4\/2023\/12\/AED-8.jpg\" alt=\"AED\" width=\"631\" height=\"195\" title=\"\"><\/p>\n<\/div>\n","protected":false},"excerpt":{"rendered":"[embed]https:\/\/www.youtube.com\/shorts\/M65A5eMPJkk[\/embed]\n<p id=\"title\" class=\"a-size-large a-spacing-none\" style=\"text-align: center;\"><span id=\"productTitle\" class=\"a-size-large product-title-word-break\">ISOP Szafa do Przechowywania Defibrylatora AED | \u015acienne Pude\u0142ko Apteczne<\/span><\/p>\n<p style=\"text-align: center;\">BEZP\u0141ATNA DOSTAWA W CI\u0104GU 3-7 DNI<\/p>\n<h4 style=\"text-align: center;\"><strong>KUP TO NA<\/strong><br \/>\n<a href=\"https:\/\/www.amazon.pl\/dp\/B0CN18ZB44\/ref=sr_1_1?__mk_pl_PL=%C3%85M%C3%85%C5%BD%C3%95%C3%91&amp;crid=1SG7RZYD1L9L0&amp;keywords=Szafa%20do%20Przechowywania%20Defibrylatora%20AED&amp;qid=1705844341&amp;sprefix=%2Caps%2C884&amp;sr=8-1\"><img loading=\"lazy\" decoding=\"async\" class=\"aligncenter wp-image-1040 size-full\" src=\"https:\/\/isopllc.com\/pl\/wp-content\/uploads\/sites\/11\/2020\/01\/amazon-button9.png\" alt=\"\" width=\"160\" height=\"59\" \/><\/a><\/h4>\n","protected":false},"featured_media":4881,"comment_status":"open","ping_status":"closed","template":"","meta":[],"product_brand":[],"product_cat":[203,205,199],"product_tag":[134,98,135,133,132],"class_list":{"0":"post-4851","1":"product","2":"type-product","3":"status-publish","4":"has-post-thumbnail","6":"product_cat-akcesoria-do-drabin-przeciwpozarowych","7":"product_cat-skrzynia-do-przechowywania-drabin-przeciwpozarowych","8":"product_cat-zestawy-ratownicze-i-przetrwania","9":"product_tag-aed","10":"product_tag-isop","11":"product_tag-przechowywanie-defibrylatora","12":"product_tag-sprzet-medyczny","13":"product_tag-szafa-do-defibrylatora","15":"first","16":"instock","17":"shipping-taxable","18":"purchasable","19":"product-type-simple"},"_links":{"self":[{"href":"https:\/\/isopllc.com\/pl\/wp-json\/wp\/v2\/product\/4851","targetHints":{"allow":["GET"]}}],"collection":[{"href":"https:\/\/isopllc.com\/pl\/wp-json\/wp\/v2\/product"}],"about":[{"href":"https:\/\/isopllc.com\/pl\/wp-json\/wp\/v2\/types\/product"}],"replies":[{"embeddable":true,"href":"https:\/\/isopllc.com\/pl\/wp-json\/wp\/v2\/comments?post=4851"}],"wp:featuredmedia":[{"embeddable":true,"href":"https:\/\/isopllc.com\/pl\/wp-json\/wp\/v2\/media\/4881"}],"wp:attachment":[{"href":"https:\/\/isopllc.com\/pl\/wp-json\/wp\/v2\/media?parent=4851"}],"wp:term":[{"taxonomy":"product_brand","embeddable":true,"href":"https:\/\/isopllc.com\/pl\/wp-json\/wp\/v2\/product_brand?post=4851"},{"taxonomy":"product_cat","embeddable":true,"href":"https:\/\/isopllc.com\/pl\/wp-json\/wp\/v2\/product_cat?post=4851"},{"taxonomy":"product_tag","embeddable":true,"href":"https:\/\/isopllc.com\/pl\/wp-json\/wp\/v2\/product_tag?post=4851"}],"curies":[{"name":"wp","href":"https:\/\/api.w.org\/{rel}","templated":true}]}}