{"id":4862,"date":"2024-01-28T14:23:43","date_gmt":"2024-01-28T14:23:43","guid":{"rendered":"https:\/\/isopllc.com\/pl\/?post_type=product&#038;p=4862"},"modified":"2025-07-01T05:08:59","modified_gmt":"2025-07-01T05:08:59","slug":"uchwyt-na-gasnice-isop-4-sztuki","status":"publish","type":"product","link":"https:\/\/isopllc.com\/pl\/product\/uchwyt-na-gasnice-isop-4-sztuki\/","title":{"rendered":"Uchwyt na Ga\u015bnic\u0119 ISOP 4 Sztuki"},"content":{"rendered":"<h1 id=\"title\" class=\"a-size-large a-spacing-none\"><span id=\"productTitle\" class=\"a-size-large product-title-word-break\"><span class=\"\">Uchwyt na Ga\u015bnic\u0119 ISOP 4 Sztuki | Uniwersalny uchwyt \u015bcienny do ga\u015bnicy | Uchwyty do ga\u015bnic luzem | Uchwyt do ga\u015bnicy do domowej kuchni<\/span><\/span><\/h1>\n<p><img loading=\"lazy\" decoding=\"async\" class=\"alignnone wp-image-5282 entered lazyloaded\" title=\"Uchwyt do ga\u015bnicy ISOP 4 sztuki 10\" src=\"https:\/\/isopllc.com\/usa\/wp-content\/uploads\/sites\/4\/2024\/01\/51mPe55XfnL._AC_1.jpg\" sizes=\"auto, (max-width: 527px) 100vw, 527px\" srcset=\"https:\/\/isopllc.com\/usa\/wp-content\/uploads\/sites\/4\/2024\/01\/51mPe55XfnL._AC_1.jpg 650w, https:\/\/isopllc.com\/usa\/wp-content\/uploads\/sites\/4\/2024\/01\/51mPe55XfnL._AC_1-416x224.jpg 416w\" alt=\"Uchwyt do monta\u017cu na \u015bcianie ga\u015bnicy\" width=\"527\" height=\"284\" data-lazy-srcset=\"https:\/\/isopllc.com\/usa\/wp-content\/uploads\/sites\/4\/2024\/01\/51mPe55XfnL._AC_1.jpg 650w, https:\/\/isopllc.com\/usa\/wp-content\/uploads\/sites\/4\/2024\/01\/51mPe55XfnL._AC_1-416x224.jpg 416w\" data-lazy-sizes=\"(max-width: 527px) 100vw, 527px\" data-lazy-src=\"https:\/\/isopllc.com\/usa\/wp-content\/uploads\/sites\/4\/2024\/01\/51mPe55XfnL._AC_1.jpg\" data-ll-status=\"loaded\" \/><\/p>\n<h1 class=\"aplus-h3 a-text-bold\">Uniwersalny wieszak \u015bcienny na ga\u015bnic\u0119<\/h1>\n<p>Nasze uniwersalne uchwyty do ga\u015bnic zapewniaj\u0105 bezpiecze\u0144stwo Twojego domu i kuchni, zapewniaj\u0105c kompatybilno\u015b\u0107 z szerok\u0105 gam\u0105 ga\u015bnic: ma\u0142ymi, du\u017cymi, ga\u015bnicami wodnymi, CO2 lub klasy K. Nasz uchwyt \u015bcienny jest idealnym rozwi\u0105zaniem dla Twojego domu, biura lub kuchnia.<\/p>\n<p><img loading=\"lazy\" decoding=\"async\" class=\"alignnone wp-image-5283 entered lazyloaded\" title=\"Uchwyt do ga\u015bnicy ISOP 4 jednostki 11\" src=\"https:\/\/isopllc.com\/usa\/wp-content\/uploads\/sites\/4\/2024\/01\/51mPe55XfnL._AC_2.jpg\" sizes=\"auto, (max-width: 537px) 100vw, 537px\" srcset=\"https:\/\/isopllc.com\/usa\/wp-content\/uploads\/sites\/4\/2024\/01\/51mPe55XfnL._AC_2.jpg 650w, https:\/\/isopllc.com\/usa\/wp-content\/uploads\/sites\/4\/2024\/01\/51mPe55XfnL._AC_2-416x224.jpg 416w\" alt=\"Uchwyty do ga\u015bnic\" width=\"537\" height=\"289\" data-lazy-srcset=\"https:\/\/isopllc.com\/usa\/wp-content\/uploads\/sites\/4\/2024\/01\/51mPe55XfnL._AC_2.jpg 650w, https:\/\/isopllc.com\/usa\/wp-content\/uploads\/sites\/4\/2024\/01\/51mPe55XfnL._AC_2-416x224.jpg 416w\" data-lazy-sizes=\"(max-width: 537px) 100vw, 537px\" data-lazy-src=\"https:\/\/isopllc.com\/usa\/wp-content\/uploads\/sites\/4\/2024\/01\/51mPe55XfnL._AC_2.jpg\" data-ll-status=\"loaded\" \/><\/p>\n<h1 class=\"aplus-h3 a-text-bold\">Kompaktowy i \u0142atwy w instalacji<\/h1>\n<p class=\"aplus-p3\">Wytrzyma\u0142y stalowy uniwersalny hak \u015bcienny do ga\u015bnicy |\u00a0Uchwyt monta\u017cowy |\u00a0Wieszak zosta\u0142 specjalnie zaprojektowany do bezpiecznego przechowywania ga\u015bnic o masie do 13 funt\u00f3w.<\/p>\n<p class=\"aplus-p3\">Posiada wysoki wspornik na ga\u015bnic\u0119, kt\u00f3ry jest uniwersalny i kompatybilny ze wszystkimi ga\u015bnicami wyposa\u017conymi w szczeliny w korpusie zaworu.<\/p>\n<p><img loading=\"lazy\" decoding=\"async\" class=\"alignnone wp-image-5284 entered lazyloaded\" title=\"Uchwyt do ga\u015bnicy ISOP 4 jednostki 12\" src=\"https:\/\/isopllc.com\/usa\/wp-content\/uploads\/sites\/4\/2024\/01\/51mPe55XfnL._AC_3.jpg\" sizes=\"auto, (max-width: 526px) 100vw, 526px\" srcset=\"https:\/\/isopllc.com\/usa\/wp-content\/uploads\/sites\/4\/2024\/01\/51mPe55XfnL._AC_3.jpg 650w, https:\/\/isopllc.com\/usa\/wp-content\/uploads\/sites\/4\/2024\/01\/51mPe55XfnL._AC_3-416x224.jpg 416w\" alt=\"Uchwyty do ga\u015bnic\" width=\"526\" height=\"283\" data-lazy-srcset=\"https:\/\/isopllc.com\/usa\/wp-content\/uploads\/sites\/4\/2024\/01\/51mPe55XfnL._AC_3.jpg 650w, https:\/\/isopllc.com\/usa\/wp-content\/uploads\/sites\/4\/2024\/01\/51mPe55XfnL._AC_3-416x224.jpg 416w\" data-lazy-sizes=\"(max-width: 526px) 100vw, 526px\" data-lazy-src=\"https:\/\/isopllc.com\/usa\/wp-content\/uploads\/sites\/4\/2024\/01\/51mPe55XfnL._AC_3.jpg\" data-ll-status=\"loaded\" \/><\/p>\n<h1 class=\"aplus-h3 a-text-bold\">Wygodnie montowany<\/h1>\n<p class=\"aplus-p3\">Dzi\u0119ki naszemu uniwersalnemu hakowi \u015bciennemu, uchwytowi, wspornikowi i wieszakowi na ga\u015bnic\u0119 mo\u017cesz wygodnie zamontowa\u0107 ga\u015bnice dok\u0142adnie tam, gdzie ich potrzebujesz.<\/p>\n<p class=\"aplus-p3\">Jest to idealne rozwi\u0105zanie dla szk\u00f3\u0142, budynk\u00f3w biurowych i fabryk.<\/p>\n<p class=\"aplus-p3\">Konstrukcja ze stali malowanej proszkowo zapewnia trwa\u0142o\u015b\u0107 i d\u0142ugowieczno\u015b\u0107.<\/p>\n<p><img loading=\"lazy\" decoding=\"async\" class=\"alignnone wp-image-5285 entered lazyloaded\" title=\"Uchwyt do ga\u015bnicy ISOP 4 jednostki 13\" src=\"https:\/\/isopllc.com\/usa\/wp-content\/uploads\/sites\/4\/2024\/01\/51mPe55XfnL._AC_4.jpg\" sizes=\"auto, (max-width: 525px) 100vw, 525px\" srcset=\"https:\/\/isopllc.com\/usa\/wp-content\/uploads\/sites\/4\/2024\/01\/51mPe55XfnL._AC_4.jpg 650w, https:\/\/isopllc.com\/usa\/wp-content\/uploads\/sites\/4\/2024\/01\/51mPe55XfnL._AC_4-416x224.jpg 416w\" alt=\"Uchwyty do ga\u015bnic\" width=\"525\" height=\"283\" data-lazy-srcset=\"https:\/\/isopllc.com\/usa\/wp-content\/uploads\/sites\/4\/2024\/01\/51mPe55XfnL._AC_4.jpg 650w, https:\/\/isopllc.com\/usa\/wp-content\/uploads\/sites\/4\/2024\/01\/51mPe55XfnL._AC_4-416x224.jpg 416w\" data-lazy-sizes=\"(max-width: 525px) 100vw, 525px\" data-lazy-src=\"https:\/\/isopllc.com\/usa\/wp-content\/uploads\/sites\/4\/2024\/01\/51mPe55XfnL._AC_4.jpg\" data-ll-status=\"loaded\" \/><\/p>\n<h1 class=\"aplus-h3 a-text-bold\">Pakiet zawiera<\/h1>\n<div class=\"a-section a-spacing-none column-description\">\n<p class=\"aplus-p3\">4 uchwyty na ga\u015bnice<\/p>\n<p class=\"aplus-p3\">4 \u015bruby<\/p>\n<p class=\"aplus-p3\">4 mi\u0119kkie podk\u0142adki \u017celazne<\/p>\n<p class=\"aplus-p3\">1 instrukcja monta\u017cu<\/p>\n<p class=\"aplus-p3\"><strong><span class=\"a-text-bold\">Nale\u017cy pami\u0119ta\u0107, \u017ce ga\u015bnice sprzedawane s\u0105 osobno.<\/span><\/strong><\/p>\n<div class=\"celwidget aplus-module premium-module-15-text aplus-premium\">\n<div class=\"a-section a-spacing-none premium-aplus premium-aplus-module-15\">\n<div class=\"a-section a-spacing-none premium-aplus-15-heading\"><\/div>\n<div class=\"a-section a-spacing-none\">\n<p class=\"description\">Je\u015bli chodzi o bezpiecze\u0144stwo, liczy si\u0119 ka\u017cda sekunda.\u00a0Dlatego z dum\u0105 przedstawiamy nasze 4-elementowe uchwyty do ga\u015bnic, zaprojektowane tak, aby zapewni\u0107 przygotowanie domu lub kuchni na wypadek sytuacji awaryjnych.\u00a0Nasze uniwersalne uchwyty do monta\u017cu \u015bciennego na ga\u015bnice s\u0105 idealnym rozwi\u0105zaniem w przypadku du\u017cych potrzeb, zapewniaj\u0105c sprz\u0119t niezb\u0119dny do utrzymania bezpiecze\u0144stwa i ochrony w wielu lokalizacjach.<\/p>\n<p class=\"description\">Nasze wsporniki do ga\u015bnic, stworzone z my\u015bl\u0105 o trwa\u0142o\u015bci i \u0142atwo\u015bci u\u017cytkowania, stanowi\u0105 bezpieczne i niezawodne rozwi\u0105zanie monta\u017cowe dla ga\u015bnic.\u00a0Elegancka i wszechstronna konstrukcja pozwala na szybk\u0105 i wygodn\u0105 instalacj\u0119, dzi\u0119ki czemu idealnie nadaje si\u0119 zar\u00f3wno do zastosowa\u0144 mieszkaniowych, jak i komercyjnych.\u00a0Dzi\u0119ki tym uchwytom mo\u017cesz mie\u0107 pewno\u015b\u0107, \u017ce ga\u015bnice b\u0119d\u0105 \u0142atwo dost\u0119pne w sytuacji awaryjnej, zapewniaj\u0105c spok\u00f3j Tobie i Twoim bliskim.<\/p>\n<p class=\"description\">Nasze haki na ga\u015bnice s\u0105 wykonane z wysokiej jako\u015bci materia\u0142\u00f3w, co stanowi solidne i trwa\u0142e rozwi\u0105zanie do mocowania sprz\u0119tu przeciwpo\u017carowego.\u00a0Uniwersalna konstrukcja zapewnia kompatybilno\u015b\u0107 z r\u00f3\u017cnymi modelami ga\u015bnic, oferuj\u0105c wszechstronne mo\u017cliwo\u015bci monta\u017cu dla konkretnych potrzeb.\u00a0Niezale\u017cnie od tego, czy chcesz wyposa\u017cy\u0107 sw\u00f3j dom, kuchni\u0119, gara\u017c czy miejsce pracy, nasze zbiorcze uchwyty na ga\u015bnice stanowi\u0105 op\u0142acalne i wydajne rozwi\u0105zanie zapewniaj\u0105ce bezpiecze\u0144stwo w wielu lokalizacjach.<\/p>\n<p class=\"description\">Inwestuj\u0105c w nasze uchwyty do ga\u015bnic, podejmujesz aktywny krok w kierunku ochrony swojej w\u0142asno\u015bci i znajduj\u0105cych si\u0119 w niej ludzi.\u00a0<span class=\"VIpgJd-yAWNEb-VIpgJd-fmcmS-sn54Q\">Nie czekaj, a\u017c nadejdzie zagro\u017cenie \u2013 zabezpiecz swoje ga\u015bnice ju\u017c dzi\u015b za pomoc\u0105 naszych niezawodnych i praktycznych uchwyt\u00f3w do monta\u017cu na \u015bcianie.\u00a0<\/span><span class=\"\">Dzi\u0119ki naszym opcjom zbiorczym mo\u017cesz skutecznie wyposa\u017cy\u0107 wiele obszar\u00f3w w niezb\u0119dne \u015brodki bezpiecze\u0144stwa, kt\u00f3rych wymagaj\u0105.<\/span><\/p>\n<p class=\"description\">Zam\u00f3w teraz i zr\u00f3b pierwszy krok w kierunku stworzenia bezpieczniejszego \u015brodowiska dla swojego domu, kuchni lub miejsca pracy.\u00a0Zaufaj naszym 4 wieszakom na ga\u015bnice, aby zapewni\u0107 bezpiecze\u0144stwo i dost\u0119pno\u015b\u0107, kt\u00f3rych potrzebujesz, gdy ma to najwi\u0119ksze znaczenie.<\/p>\n<\/div>\n<\/div>\n<\/div>\n<\/div>\n","protected":false},"excerpt":{"rendered":"<p id=\"title\" class=\"a-size-large a-spacing-none\" style=\"text-align: center;\"><span id=\"productTitle\" class=\"a-size-large product-title-word-break\"><span class=\"\">Uchwyt na Ga\u015bnic\u0119 ISOP 4 Sztuki | Uniwersalny uchwyt \u015bcienny do ga\u015bnicy | Uchwyty do ga\u015bnic luzem | Uchwyt do ga\u015bnicy do domowej kuchni<\/span><\/span><\/p>\n<p>&nbsp;<\/p>\n<p style=\"text-align: center;\">BEZP\u0141ATNA DOSTAWA W CI\u0104GU 3-7 DNI<\/p>\n<h4 style=\"text-align: center;\"><strong>KUP TO NA<\/strong><br \/>\n<a href=\"https:\/\/www.amazon.pl\/dp\/B0CN16T6M8\/ref=sr_1_1?__mk_pl_PL=%C3%85M%C3%85%C5%BD%C3%95%C3%91&amp;keywords=Uchwyt%20na%20ga%C5%9Bnic%C4%99&amp;qid=1706451749&amp;sr=8-1\"><img loading=\"lazy\" decoding=\"async\" class=\"aligncenter wp-image-1040 size-full\" src=\"https:\/\/isopllc.com\/pl\/wp-content\/uploads\/sites\/11\/2020\/01\/amazon-button9.png\" alt=\"\" width=\"160\" height=\"59\" \/><\/a><\/h4>\n","protected":false},"featured_media":4869,"comment_status":"open","ping_status":"closed","template":"","meta":[],"product_brand":[],"product_cat":[198],"product_tag":[98,106,104,108],"class_list":{"0":"post-4862","1":"product","2":"type-product","3":"status-publish","4":"has-post-thumbnail","6":"product_cat-uchwyty-gasnic","7":"product_tag-isop","8":"product_tag-sprzet-gasniczy","9":"product_tag-uchwyt-na-gasnice","10":"product_tag-uchwyt-ratunkowy","12":"first","13":"instock","14":"shipping-taxable","15":"purchasable","16":"product-type-simple"},"_links":{"self":[{"href":"https:\/\/isopllc.com\/pl\/wp-json\/wp\/v2\/product\/4862","targetHints":{"allow":["GET"]}}],"collection":[{"href":"https:\/\/isopllc.com\/pl\/wp-json\/wp\/v2\/product"}],"about":[{"href":"https:\/\/isopllc.com\/pl\/wp-json\/wp\/v2\/types\/product"}],"replies":[{"embeddable":true,"href":"https:\/\/isopllc.com\/pl\/wp-json\/wp\/v2\/comments?post=4862"}],"wp:featuredmedia":[{"embeddable":true,"href":"https:\/\/isopllc.com\/pl\/wp-json\/wp\/v2\/media\/4869"}],"wp:attachment":[{"href":"https:\/\/isopllc.com\/pl\/wp-json\/wp\/v2\/media?parent=4862"}],"wp:term":[{"taxonomy":"product_brand","embeddable":true,"href":"https:\/\/isopllc.com\/pl\/wp-json\/wp\/v2\/product_brand?post=4862"},{"taxonomy":"product_cat","embeddable":true,"href":"https:\/\/isopllc.com\/pl\/wp-json\/wp\/v2\/product_cat?post=4862"},{"taxonomy":"product_tag","embeddable":true,"href":"https:\/\/isopllc.com\/pl\/wp-json\/wp\/v2\/product_tag?post=4862"}],"curies":[{"name":"wp","href":"https:\/\/api.w.org\/{rel}","templated":true}]}}