{"id":4877,"date":"2024-01-28T14:32:53","date_gmt":"2024-01-28T14:32:53","guid":{"rendered":"https:\/\/isopllc.com\/pl\/?post_type=product&#038;p=4877"},"modified":"2025-07-01T05:08:35","modified_gmt":"2025-07-01T05:08:35","slug":"szafka-na-gasnice-rozmiar-m","status":"publish","type":"product","link":"https:\/\/isopllc.com\/pl\/product\/szafka-na-gasnice-rozmiar-m\/","title":{"rendered":"Ma\u0142a Szafa na Ga\u015bnic\u0119 | 33*12*12 cm"},"content":{"rendered":"<h1 id=\"title\" class=\"a-size-large a-spacing-none\">Ma\u0142a Szafa na Ga\u015bnic\u0119 | 33*12*11 cm | Skrzynka na Ga\u015bnic\u0119 Odporna na Warunki Atmosferyczne | Czerwona Skrzynka na Ga\u015bnic\u0119 na \u015acianie | Widoczna Szafa na Ga\u015bnic\u0119<\/h1>\n<p><img loading=\"lazy\" decoding=\"async\" class=\"alignnone wp-image-5269 entered lazyloaded\" title=\"Szafka na ga\u015bnic\u0119 M, rozmiar 10\" src=\"https:\/\/isopllc.com\/usa\/wp-content\/uploads\/sites\/4\/2024\/01\/%D0%A8%D0%BA%D0%B0%D1%84-2_1.png\" sizes=\"auto, (max-width: 348px) 100vw, 348px\" srcset=\"https:\/\/isopllc.com\/usa\/wp-content\/uploads\/sites\/4\/2024\/01\/\u0428\u043a\u0430\u0444-2_1.png 900w, https:\/\/isopllc.com\/usa\/wp-content\/uploads\/sites\/4\/2024\/01\/\u0428\u043a\u0430\u0444-2_1-150x150.png 150w, https:\/\/isopllc.com\/usa\/wp-content\/uploads\/sites\/4\/2024\/01\/\u0428\u043a\u0430\u0444-2_1-768x768.png 768w, https:\/\/isopllc.com\/usa\/wp-content\/uploads\/sites\/4\/2024\/01\/\u0428\u043a\u0430\u0444-2_1-416x416.png 416w, https:\/\/isopllc.com\/usa\/wp-content\/uploads\/sites\/4\/2024\/01\/\u0428\u043a\u0430\u0444-2_1-100x100.png 100w\" alt=\"Pude\u0142ko na ga\u015bnic\u0119 L\" width=\"348\" height=\"348\" data-lazy-srcset=\"https:\/\/isopllc.com\/usa\/wp-content\/uploads\/sites\/4\/2024\/01\/\u0428\u043a\u0430\u0444-2_1.png 900w, https:\/\/isopllc.com\/usa\/wp-content\/uploads\/sites\/4\/2024\/01\/\u0428\u043a\u0430\u0444-2_1-150x150.png 150w, https:\/\/isopllc.com\/usa\/wp-content\/uploads\/sites\/4\/2024\/01\/\u0428\u043a\u0430\u0444-2_1-768x768.png 768w, https:\/\/isopllc.com\/usa\/wp-content\/uploads\/sites\/4\/2024\/01\/\u0428\u043a\u0430\u0444-2_1-416x416.png 416w, https:\/\/isopllc.com\/usa\/wp-content\/uploads\/sites\/4\/2024\/01\/\u0428\u043a\u0430\u0444-2_1-100x100.png 100w\" data-lazy-sizes=\"(max-width: 348px) 100vw, 348px\" data-lazy-src=\"https:\/\/isopllc.com\/usa\/wp-content\/uploads\/sites\/4\/2024\/01\/\u0428\u043a\u0430\u0444-2_1.png\" data-ll-status=\"loaded\" \/><\/p>\n<h1 class=\"aplus-h3 a-text-bold\">Zadbaj o brak op\u00f3\u017anie\u0144 w czasie reakcji<\/h1>\n<p>Utrzymuj gotowo\u015b\u0107 i dost\u0119pno\u015b\u0107 ga\u015bnicy, jednocze\u015bnie chroni\u0105c j\u0105 przed kurzem, gruzem i manipulacj\u0105 dzi\u0119ki naszej wytrzyma\u0142ej szafce.\u00a0Zaprojektowana z my\u015bl\u0105 o trwa\u0142o\u015bci i szybkim rozpoznaniu w sytuacji awaryjnej, ta stalowa obudowa malowana proszkowo na czerwono zapewnia brak op\u00f3\u017anie\u0144 w czasie reakcji.<\/p>\n<p><img loading=\"lazy\" decoding=\"async\" class=\"alignnone wp-image-5270 entered lazyloaded\" title=\"Szafka na ga\u015bnic\u0119 M, rozmiar 11\" src=\"https:\/\/isopllc.com\/usa\/wp-content\/uploads\/sites\/4\/2024\/01\/%D0%A8%D0%BA%D0%B0%D1%84-2_2.png\" sizes=\"auto, (max-width: 342px) 100vw, 342px\" srcset=\"https:\/\/isopllc.com\/usa\/wp-content\/uploads\/sites\/4\/2024\/01\/\u0428\u043a\u0430\u0444-2_2.png 900w, https:\/\/isopllc.com\/usa\/wp-content\/uploads\/sites\/4\/2024\/01\/\u0428\u043a\u0430\u0444-2_2-150x150.png 150w, https:\/\/isopllc.com\/usa\/wp-content\/uploads\/sites\/4\/2024\/01\/\u0428\u043a\u0430\u0444-2_2-768x768.png 768w, https:\/\/isopllc.com\/usa\/wp-content\/uploads\/sites\/4\/2024\/01\/\u0428\u043a\u0430\u0444-2_2-416x416.png 416w, https:\/\/isopllc.com\/usa\/wp-content\/uploads\/sites\/4\/2024\/01\/\u0428\u043a\u0430\u0444-2_2-100x100.png 100w\" alt=\"Pude\u0142ko na ga\u015bnic\u0119 L\" width=\"342\" height=\"342\" data-lazy-srcset=\"https:\/\/isopllc.com\/usa\/wp-content\/uploads\/sites\/4\/2024\/01\/\u0428\u043a\u0430\u0444-2_2.png 900w, https:\/\/isopllc.com\/usa\/wp-content\/uploads\/sites\/4\/2024\/01\/\u0428\u043a\u0430\u0444-2_2-150x150.png 150w, https:\/\/isopllc.com\/usa\/wp-content\/uploads\/sites\/4\/2024\/01\/\u0428\u043a\u0430\u0444-2_2-768x768.png 768w, https:\/\/isopllc.com\/usa\/wp-content\/uploads\/sites\/4\/2024\/01\/\u0428\u043a\u0430\u0444-2_2-416x416.png 416w, https:\/\/isopllc.com\/usa\/wp-content\/uploads\/sites\/4\/2024\/01\/\u0428\u043a\u0430\u0444-2_2-100x100.png 100w\" data-lazy-sizes=\"(max-width: 342px) 100vw, 342px\" data-lazy-src=\"https:\/\/isopllc.com\/usa\/wp-content\/uploads\/sites\/4\/2024\/01\/\u0428\u043a\u0430\u0444-2_2.png\" data-ll-status=\"loaded\" \/><\/p>\n<h1 class=\"aplus-h3 a-text-bold\">Twoja ga\u015bnica pozostaje bezpieczna i gotowa<\/h1>\n<p>Zapewnij bezpiecze\u0144stwo swojego otoczenia dzi\u0119ki tej dobrze widocznej szafce na ga\u015bnic\u0119.\u00a0Szafka ta, odpowiednia do u\u017cytku w obiektach komercyjnych, przemys\u0142owych i mieszkalnych, jest wyposa\u017cona w wst\u0119pnie nawiercone otwory monta\u017cowe, dzi\u0119ki czemu instalacja jest prosta i bezpieczna.<\/p>\n<p><img loading=\"lazy\" decoding=\"async\" class=\"alignnone wp-image-5271 entered lazyloaded\" title=\"Szafka na ga\u015bnic\u0119 M, rozmiar 12\" src=\"https:\/\/isopllc.com\/usa\/wp-content\/uploads\/sites\/4\/2024\/01\/Estinguisher-Size-L-3.jpg\" sizes=\"auto, (max-width: 403px) 100vw, 403px\" srcset=\"https:\/\/isopllc.com\/usa\/wp-content\/uploads\/sites\/4\/2024\/01\/Estinguisher-Size-L-3.jpg 650w, https:\/\/isopllc.com\/usa\/wp-content\/uploads\/sites\/4\/2024\/01\/Estinguisher-Size-L-3-416x224.jpg 416w\" alt=\"Pude\u0142ko na ga\u015bnic\u0119 L\" width=\"403\" height=\"217\" data-lazy-srcset=\"https:\/\/isopllc.com\/usa\/wp-content\/uploads\/sites\/4\/2024\/01\/Estinguisher-Size-L-3.jpg 650w, https:\/\/isopllc.com\/usa\/wp-content\/uploads\/sites\/4\/2024\/01\/Estinguisher-Size-L-3-416x224.jpg 416w\" data-lazy-sizes=\"(max-width: 403px) 100vw, 403px\" data-lazy-src=\"https:\/\/isopllc.com\/usa\/wp-content\/uploads\/sites\/4\/2024\/01\/Estinguisher-Size-L-3.jpg\" data-ll-status=\"loaded\" \/><\/p>\n<h1 class=\"aplus-h3 a-text-bold\">Cechy<\/h1>\n<p class=\"aplus-p3\">\u2013 Solidna stalowa konstrukcja z \u017cywym czerwonym lakierem proszkowym zapewniaj\u0105cym dobr\u0105 widoczno\u015b\u0107<\/p>\n<p class=\"aplus-p3\">\u2013 Przezroczysty panel kontrolny u\u0142atwia kontrol\u0119 bez otwierania obudowy<\/p>\n<p class=\"aplus-p3\">\u2013 Zintegrowany uchwyt zapewniaj\u0105cy p\u0142ynne otwieranie w sytuacji awaryjnej<\/p>\n<p class=\"aplus-p3\">\u2013 Wst\u0119pnie nawiercone otwory umo\u017cliwiaj\u0105ce \u0142atwy i bezpieczny monta\u017c na \u015bcianie<\/p>\n<p><img loading=\"lazy\" decoding=\"async\" class=\"alignnone wp-image-5272 entered lazyloaded\" title=\"Szafka na ga\u015bnic\u0119 M, rozmiar 13\" src=\"https:\/\/isopllc.com\/usa\/wp-content\/uploads\/sites\/4\/2024\/01\/Estinguisher-Size-L-4.jpg\" sizes=\"auto, (max-width: 453px) 100vw, 453px\" srcset=\"https:\/\/isopllc.com\/usa\/wp-content\/uploads\/sites\/4\/2024\/01\/Estinguisher-Size-L-4.jpg 650w, https:\/\/isopllc.com\/usa\/wp-content\/uploads\/sites\/4\/2024\/01\/Estinguisher-Size-L-4-416x224.jpg 416w\" alt=\"Pude\u0142ko na ga\u015bnic\u0119\" width=\"453\" height=\"244\" data-lazy-srcset=\"https:\/\/isopllc.com\/usa\/wp-content\/uploads\/sites\/4\/2024\/01\/Estinguisher-Size-L-4.jpg 650w, https:\/\/isopllc.com\/usa\/wp-content\/uploads\/sites\/4\/2024\/01\/Estinguisher-Size-L-4-416x224.jpg 416w\" data-lazy-sizes=\"(max-width: 453px) 100vw, 453px\" data-lazy-src=\"https:\/\/isopllc.com\/usa\/wp-content\/uploads\/sites\/4\/2024\/01\/Estinguisher-Size-L-4.jpg\" data-ll-status=\"loaded\" \/><\/p>\n<div class=\"celwidget aplus-module premium-module-3-four-column-images aplus-premium\" data-csa-c-id=\"5x7ui9-ius50c-ssm1r8-66oj1i\" data-cel-widget=\"aplus-premium-module-3-four-column-images\">\n<div class=\"a-section a-spacing-none premium-aplus premium-aplus-module-3 aplus-container-1\">\n<div class=\"a-section a-spacing-none premium-aplus-four-column\">\n<div class=\"a-section a-spacing-none premium-aplus-column\">\n<div class=\"a-section a-spacing-none column-description\"><\/div>\n<\/div>\n<\/div>\n<\/div>\n<\/div>\n<div class=\"celwidget aplus-module premium-module-4-two-column-images aplus-premium\" data-csa-c-id=\"15yl7x-eio1n0-m9lh6n-socwzs\" data-cel-widget=\"aplus-premium-module-4-two-column-images\">\n<div class=\"a-section a-spacing-none premium-aplus premium-aplus-module-4 aplus-container-1\">\n<div class=\"a-section a-spacing-none premium-aplus-two-column\">\n<div class=\"a-section a-spacing-none premium-aplus-column\">\n<div class=\"a-section a-spacing-none column-description\"><\/div>\n<\/div>\n<div class=\"a-section a-spacing-none premium-aplus-column\">\n<div class=\"a-section a-spacing-none column-description\">\n<h1 class=\"aplus-h3 a-text-bold\">Dane techniczne<\/h1>\n<p class=\"aplus-p3\">\u2013 Materia\u0142: \u017celazo o du\u017cej wytrzyma\u0142o\u015bci<\/p>\n<p class=\"aplus-p3\">\u2013 Wyko\u0144czenie: bezpieczna czerwona farba proszkowa<\/p>\n<p class=\"aplus-p3\">\u2013 Wymiary: Ma\u0142y \u2013 33*12*11 cm | Du\u017cy \u2013 56*20*17 cm<\/p>\n<p class=\"aplus-p3\"><strong><span class=\"a-text-bold\">Nale\u017cy pami\u0119ta\u0107, \u017ce ga\u015bnice sprzedawane s\u0105 osobno.<\/span><\/strong><\/p>\n<p class=\"description\">Przedstawiamy najlepsz\u0105 szafk\u0119 na ga\u015bnic\u0119, zaprojektowan\u0105 z my\u015bl\u0105 o niezawodnym i odpornym na warunki atmosferyczne przechowywaniu sprz\u0119tu przeciwpo\u017carowego.\u00a0Nasza szafka na\u015bcienna oferuje widoczne i bezpieczne rozwi\u0105zanie do przechowywania ga\u015bnic, zapewniaj\u0105ce \u0142atwy dost\u0119p do nich w sytuacji awaryjnej.<\/p>\n<p class=\"description\">Nasz schowek na ga\u015bnice, wykonany z my\u015bl\u0105 o trwa\u0142o\u015bci i praktyczno\u015bci, ma przestronn\u0105 konstrukcj\u0119, w kt\u00f3rej z \u0142atwo\u015bci\u0105 pomie\u015bci si\u0119 ga\u015bnice o masie do 5 kg. Odporna na warunki atmosferyczne konstrukcja zapewnia ochron\u0119 sprz\u0119tu przeciwpo\u017carowego przed czynnikami atmosferycznymi, dzi\u0119ki czemu nadaje si\u0119 do monta\u017cu zar\u00f3wno wewn\u0105trz, jak i na zewn\u0105trz.\u00a0Dzi\u0119ki solidnej konstrukcji i dobrze widocznemu wyko\u0144czeniu nasza odporna na warunki atmosferyczne szafka na ga\u015bnic\u0119 stanowi widoczne i \u0142atwo dost\u0119pne rozwi\u0105zanie do przechowywania Twojej nieruchomo\u015bci.<\/p>\n<p class=\"description\">Konfiguracja na\u015bcienna naszej puszki na\u015bciennej na ga\u015bnic\u0119 pozwala na wygodn\u0105 instalacj\u0119 w kluczowych lokalizacjach, takich jak magazyny, fabryki, gara\u017ce lub w dowolnym miejscu, w kt\u00f3rym istotne jest przestrzeganie zasad bezpiecze\u0144stwa przeciwpo\u017carowego.\u00a0Dobrze widoczna konstrukcja zapewnia \u0142atw\u0105 identyfikacj\u0119 ga\u015bnicy i dost\u0119p do niej dla upowa\u017cnionego personelu, co usprawnia reagowanie w sytuacjach awaryjnych i protoko\u0142y bezpiecze\u0144stwa.<\/p>\n<p class=\"description\">Nasza szafa do przechowywania ga\u015bnic zapewnia bezpieczne i trwa\u0142e rozwi\u0105zanie do przechowywania sprz\u0119tu przeciwpo\u017carowego, zapewniaj\u0105c spok\u00f3j ducha i zgodno\u015b\u0107 z przepisami bezpiecze\u0144stwa.\u00a0Widoczny i ochronny charakter szafy sprawia, \u017ce \u200b\u200bjest to idealny wyb\u00f3r do zastosowa\u0144 komercyjnych i przemys\u0142owych, gdzie najwa\u017cniejsza jest ochrona przed zagro\u017ceniem po\u017carowym.<\/p>\n<p class=\"description\">Zainwestuj w nasz\u0105 skrzynk\u0119 na ga\u015bnic\u0119, aby bezpiecznie i spokojnie zabezpieczy\u0107 sw\u00f3j sprz\u0119t przeciwpo\u017carowy.\u00a0Upewnij si\u0119, \u017ce Twoja nieruchomo\u015b\u0107 jest wyposa\u017cona w widoczne i dost\u0119pne rozwi\u0105zanie do przechowywania ga\u015bnic na \u015bcianie \u2013 zam\u00f3w ju\u017c teraz i podejmij proaktywny krok w kierunku poprawy bezpiecze\u0144stwa i zgodno\u015bci w swoim obiekcie.\u00a0Zaufaj naszej odpornej na warunki atmosferyczne szafce na ga\u015bnice, kt\u00f3ra ochroni Tw\u00f3j sprz\u0119t przeciwpo\u017carowy oraz zapewni widoczne i dost\u0119pne rozwi\u0105zanie do przechowywania na wypadek sytuacji awaryjnych.<\/p>\n<\/div>\n<\/div>\n<\/div>\n<\/div>\n<\/div>\n","protected":false},"excerpt":{"rendered":"[embed]https:\/\/www.youtube.com\/shorts\/-LcIdVPelWw[\/embed]\n<h1 id=\"title\" class=\"a-size-large a-spacing-none\"><\/h1>\n<p id=\"title\" class=\"a-size-large a-spacing-none\" style=\"text-align: center;\">Ma\u0142a Szafa na Ga\u015bnic\u0119 | 33*12*11 cm | Skrzynka na Ga\u015bnic\u0119 Odporna na Warunki Atmosferyczne | Czerwona Skrzynka na Ga\u015bnic\u0119 na \u015acianie | Widoczna Szafa na Ga\u015bnic\u0119<\/p>\n<p style=\"text-align: center;\">BEZP\u0141ATNA DOSTAWA W CI\u0104GU 3-7 DNI<\/p>\n<h4 style=\"text-align: center;\"><strong>KUP TO NA<\/strong><br \/>\n<a href=\"https:\/\/www.amazon.pl\/dp\/B0CNKHNRNH\/ref=sr_1_1?__mk_pl_PL=%C3%85M%C3%85%C5%BD%C3%95%C3%91&amp;crid=2P4DCWNCLM999&amp;keywords=Szafka%20na%20Ga%C5%9Bnic%C4%99&amp;qid=1706452002&amp;sprefix=b0cn18l66p%2Caps%2C245&amp;sr=8-1\"><img loading=\"lazy\" decoding=\"async\" class=\"aligncenter wp-image-1040 size-full\" src=\"https:\/\/isopllc.com\/pl\/wp-content\/uploads\/sites\/11\/2020\/01\/amazon-button9.png\" alt=\"\" width=\"160\" height=\"59\" \/><\/a><\/h4>\n","protected":false},"featured_media":4883,"comment_status":"open","ping_status":"closed","template":"","meta":[],"product_brand":[],"product_cat":[203,198],"product_tag":[158,84,52,157],"class_list":{"0":"post-4877","1":"product","2":"type-product","3":"status-publish","4":"has-post-thumbnail","6":"product_cat-akcesoria-do-drabin-przeciwpozarowych","7":"product_cat-uchwyty-gasnic","8":"product_tag-mala-szafa","9":"product_tag-przechowywanie-gasnicy","10":"product_tag-sprzet-ratunkowy","11":"product_tag-szafa-na-gasnice","13":"first","14":"instock","15":"shipping-taxable","16":"purchasable","17":"product-type-simple"},"_links":{"self":[{"href":"https:\/\/isopllc.com\/pl\/wp-json\/wp\/v2\/product\/4877","targetHints":{"allow":["GET"]}}],"collection":[{"href":"https:\/\/isopllc.com\/pl\/wp-json\/wp\/v2\/product"}],"about":[{"href":"https:\/\/isopllc.com\/pl\/wp-json\/wp\/v2\/types\/product"}],"replies":[{"embeddable":true,"href":"https:\/\/isopllc.com\/pl\/wp-json\/wp\/v2\/comments?post=4877"}],"wp:featuredmedia":[{"embeddable":true,"href":"https:\/\/isopllc.com\/pl\/wp-json\/wp\/v2\/media\/4883"}],"wp:attachment":[{"href":"https:\/\/isopllc.com\/pl\/wp-json\/wp\/v2\/media?parent=4877"}],"wp:term":[{"taxonomy":"product_brand","embeddable":true,"href":"https:\/\/isopllc.com\/pl\/wp-json\/wp\/v2\/product_brand?post=4877"},{"taxonomy":"product_cat","embeddable":true,"href":"https:\/\/isopllc.com\/pl\/wp-json\/wp\/v2\/product_cat?post=4877"},{"taxonomy":"product_tag","embeddable":true,"href":"https:\/\/isopllc.com\/pl\/wp-json\/wp\/v2\/product_tag?post=4877"}],"curies":[{"name":"wp","href":"https:\/\/api.w.org\/{rel}","templated":true}]}}