{"id":4901,"date":"2024-05-24T15:23:34","date_gmt":"2024-05-24T15:23:34","guid":{"rendered":"https:\/\/isopllc.com\/pl\/?post_type=product&#038;p=4901"},"modified":"2025-07-01T05:08:08","modified_gmt":"2025-07-01T05:08:08","slug":"drabina-strazacka-montowana-na-scianie-3-pietro-7-5-m","status":"publish","type":"product","link":"https:\/\/isopllc.com\/pl\/product\/drabina-strazacka-montowana-na-scianie-3-pietro-7-5-m\/","title":{"rendered":"Drabina Stra\u017cacka Montowana na \u015bcianie 3 pi\u0119tro 7.5 m"},"content":{"rendered":"<h1 id=\"title\" class=\"a-size-large a-spacing-none\">Drabina Stra\u017cacka Montowana na \u015bcianie 3 pi\u0119tro 7.5 m | Drabina Ewakuacyjna do Dom\u00f3w Zawiera Aluminiow\u0105 Skrzynk\u0119 do Przechowywania i Zestaw Kotw Wspinaczkowych<\/h1>\n<h3 class=\"a-spacing-small\">Dlaczego warto wybra\u0107 nasze schody przeciwpo\u017carowe?<\/h3>\n<p><img loading=\"lazy\" decoding=\"async\" class=\"alignnone size-full wp-image-4902\" src=\"https:\/\/isopllc.com\/pl\/wp-content\/uploads\/sites\/11\/2024\/05\/7d18ef1f-96f1-4564-9da3-55a08c331107.__CR0010001000_PT0_SX300_V1___.jpg\" alt=\"alubox\" width=\"300\" height=\"300\" title=\"\" srcset=\"https:\/\/isopllc.com\/pl\/wp-content\/uploads\/sites\/11\/2024\/05\/7d18ef1f-96f1-4564-9da3-55a08c331107.__CR0010001000_PT0_SX300_V1___.jpg 300w, https:\/\/isopllc.com\/pl\/wp-content\/uploads\/sites\/11\/2024\/05\/7d18ef1f-96f1-4564-9da3-55a08c331107.__CR0010001000_PT0_SX300_V1___-150x150.jpg 150w, https:\/\/isopllc.com\/pl\/wp-content\/uploads\/sites\/11\/2024\/05\/7d18ef1f-96f1-4564-9da3-55a08c331107.__CR0010001000_PT0_SX300_V1___-100x100.jpg 100w, https:\/\/isopllc.com\/pl\/wp-content\/uploads\/sites\/11\/2024\/05\/7d18ef1f-96f1-4564-9da3-55a08c331107.__CR0010001000_PT0_SX300_V1___-60x60.jpg 60w, https:\/\/isopllc.com\/pl\/wp-content\/uploads\/sites\/11\/2024\/05\/7d18ef1f-96f1-4564-9da3-55a08c331107.__CR0010001000_PT0_SX300_V1___-90x90.jpg 90w\" sizes=\"auto, (max-width: 300px) 100vw, 300px\" \/><\/p>\n<p>\u017belazna drabina ewakuacyjna zapewnia \u0142atwy dost\u0119p do drabiny ewakuacyjnej w nag\u0142ych wypadkach.<\/p>\n<p>Dzi\u0119ki kompaktowym rozmiarom (33&#215;43 cm, grubo\u015b\u0107 1 mm) i wytrzyma\u0142ej konstrukcji, szafka ta jest idealna do mieszka\u0144, mieszka\u0144 i ma\u0142ych firm i zapewnia bezpieczne miejsce do d\u0142ugotrwa\u0142ego przechowywania.<\/p>\n<p><img decoding=\"async\" class=\"a-spacing-mini\" src=\"https:\/\/m.media-amazon.com\/images\/S\/aplus-media\/sc\/d4cc9639-a61a-4b3c-b1c6-a62967c917dd.__CR145,0,1000,1000_PT0_SX300_V1___.jpg\" alt=\"Anti Slip Rungs\" data-src=\"https:\/\/m.media-amazon.com\/images\/S\/aplus-media\/sc\/d4cc9639-a61a-4b3c-b1c6-a62967c917dd.__CR145,0,1000,1000_PT0_SX300_V1___.jpg\" data- title=\"\"><\/p>\n<div class=\"celwidget aplus-module module-9 aplus-standard\" data-csa-c-id=\"6rrkxj-o9oo3p-2dk8kw-v8mrts\" data-cel-widget=\"aplus-module-9\">\n<div class=\"a-expander-collapsed-height a-row a-expander-container a-expander-partial-collapse-container\" aria-live=\"polite\" data-a-expander-name=\"aplus-module-expander\" data-a-expander-collapsed-height=\"700\">\n<div class=\"a-expander-content a-expander-partial-collapse-content\" aria-expanded=\"false\">\n<div class=\"aplus-module-wrapper apm-fixed-width\">\n<div class=\"apm-spacing apm-fixed-width\">\n<h3><span class=\"a-text-bold\">Delikatny dla d\u0142oni<\/span><\/h3>\n<p>Tworz\u0105c te drabiny, wzi\u0119li\u015bmy pod uwag\u0119 wady naszych konkurent\u00f3w. Bestsellery, takie jak First Alert i Kidde, maj\u0105 wiele narzeka\u0144 na to, \u017ce podczas korzystania z ich drabin szczebelki obcinaj\u0105 r\u0119ce u\u017cytkownik\u00f3w, poniewa\u017c aluminiowe szczeble s\u0105 ostre. Wzi\u0119li\u015bmy to pod uwag\u0119 i nasze drabiny nie maj\u0105 ostrych naro\u017cnik\u00f3w i s\u0105 bezpieczne w u\u017cytkowaniu zar\u00f3wno przez doros\u0142ych jak i dzieci.<\/p>\n<p><img decoding=\"async\" class=\"a-spacing-mini\" src=\"https:\/\/m.media-amazon.com\/images\/S\/aplus-media\/sc\/27f9c708-c858-49c0-96f7-815dd0fa4f9a.__CR0,0,1000,1000_PT0_SX300_V1___.jpg\" alt=\"Wide application\" data-src=\"https:\/\/m.media-amazon.com\/images\/S\/aplus-media\/sc\/27f9c708-c858-49c0-96f7-815dd0fa4f9a.__CR0,0,1000,1000_PT0_SX300_V1___.jpg\" data- title=\"\"><\/p>\n<h3><span class=\"a-text-bold\">Zintegrowane paski<\/span><\/h3>\n<p>Ponownie, por\u00f3wnuj\u0105c nasze drabiny do konkurencji, nale\u017cy zauwa\u017cy\u0107, \u017ce w przeciwie\u0144stwie do innych, nasze drabiny od g\u00f3ry do do\u0142u sk\u0142adaj\u0105 si\u0119 z jednego kawa\u0142ka pasa parcianego, kt\u00f3ry mo\u017ce wytrzyma\u0107 wi\u0119cej ni\u017c 44 funty(!) Dzi\u0119ki specjalnej opatentowanej technologii. Natomiast drabinki parciane konkurencji szyte s\u0105 na kawa\u0142ki, co naszym zdaniem jest zawodne.<\/p>\n<p><img decoding=\"async\" src=\"https:\/\/m.media-amazon.com\/images\/S\/aplus-media-library-service-media\/3e3631ef-bf95-4934-bd5d-2881c8d8d8c7.__CR0,0,300,300_PT0_SX300_V1___.jpg\" alt=\"For window or balcony\" title=\"\"><\/p>\n<\/div>\n<div><\/div>\n<\/div>\n<div>\n<p>W zestawie zestaw kotew wspinaczkowych, 2 szt. wieszak\u00f3w i 2 szt. ko\u0142k\u00f3w rozporowych. W zestawie nakr\u0119tki \u015brubowe i podk\u0142adki p\u0142askie.<\/p>\n<p>&nbsp;<\/p>\n<p><img decoding=\"async\" class=\"a-spacing-mini\" src=\"https:\/\/m.media-amazon.com\/images\/S\/aplus-media\/sc\/42cab632-a2d0-40fd-a2dd-280d531bf010.__CR282,0,1000,1000_PT0_SX300_V1___.jpg\" alt=\"For window or balcony\" data-src=\"https:\/\/m.media-amazon.com\/images\/S\/aplus-media\/sc\/42cab632-a2d0-40fd-a2dd-280d531bf010.__CR282,0,1000,1000_PT0_SX300_V1___.jpg\" data- title=\"\"><\/p>\n<h3><span class=\"a-text-bold\">Stabilizatory<\/span><\/h3>\n<p>Szczeble naszych drabin posiadaj\u0105 stabilizatory, dzi\u0119ki kt\u00f3rym drabiny nie przylegaj\u0105 ciasno do \u015bciany, ale stabilnie si\u0119 do niej trzymaj\u0105, co znacznie u\u0142atwia zej\u015bcie z drugiego lub trzeciego pi\u0119tra.<\/p>\n<h3><span class=\"a-text-bold\">Szczeble antypo\u015blizgowe<\/span><\/h3>\n<p>Specjalny wz\u00f3r na powierzchni szczebli sprawia, \u017ce \u200b\u200bzej\u015bcie z mieszkania jest antypo\u015blizgowe przy ka\u017cdej pogodzie.<\/p>\n<p><img decoding=\"async\" class=\"a-spacing-mini\" src=\"https:\/\/m.media-amazon.com\/images\/S\/aplus-media\/sc\/8b1ba6ce-d84f-4314-b98a-95d063fc3e5e.__CR500,0,1000,1000_PT0_SX300_V1___.jpg\" alt=\"For window or balcony\" data-src=\"https:\/\/m.media-amazon.com\/images\/S\/aplus-media\/sc\/8b1ba6ce-d84f-4314-b98a-95d063fc3e5e.__CR500,0,1000,1000_PT0_SX300_V1___.jpg\" data- title=\"\"><\/p>\n<h3><span class=\"a-text-bold\">Odporny na warunki atmosferyczne<\/span><\/h3>\n<p>Specjalna farba malowana proszkowo zabezpiecza szczeble przed rdz\u0105, a poliestrowa ta\u015bma jest bardzo odporna na wod\u0119 i \u015bnieg, dzi\u0119ki czemu nasze drabiny przeciwpo\u017carowe s\u0105 odporne na warunki atmosferyczne.<\/p>\n<h3>Certyfikowane<\/h3>\n<p>Nasze drabiny, w przeciwie\u0144stwie do wszystkich podobnych na rynku, s\u0105 certyfikowane zgodnie z norm\u0105 jako\u015bci EN 131. Lepiej powierzy\u0107 swoje \u017cycie produktowi, kt\u00f3ry przeszed\u0142 wszystkie niezb\u0119dne testy, ni\u017c nieco ta\u0144szemu wyrobowi wykonanemu nie wiadomo z czego.<\/p>\n<p><img loading=\"lazy\" decoding=\"async\" class=\"alignnone  wp-image-5107\" src=\"https:\/\/isopllc.com\/pl\/wp-content\/uploads\/sites\/11\/2024\/05\/12.jpg\" alt=\"Certyfikowane Drabina Stra\u017cacka Montowana\" width=\"299\" height=\"299\" title=\"\" srcset=\"https:\/\/isopllc.com\/pl\/wp-content\/uploads\/sites\/11\/2024\/05\/12.jpg 1080w, https:\/\/isopllc.com\/pl\/wp-content\/uploads\/sites\/11\/2024\/05\/12-150x150.jpg 150w, https:\/\/isopllc.com\/pl\/wp-content\/uploads\/sites\/11\/2024\/05\/12-768x768.jpg 768w, https:\/\/isopllc.com\/pl\/wp-content\/uploads\/sites\/11\/2024\/05\/12-1000x1000.jpg 1000w, https:\/\/isopllc.com\/pl\/wp-content\/uploads\/sites\/11\/2024\/05\/12-416x416.jpg 416w, https:\/\/isopllc.com\/pl\/wp-content\/uploads\/sites\/11\/2024\/05\/12-100x100.jpg 100w, https:\/\/isopllc.com\/pl\/wp-content\/uploads\/sites\/11\/2024\/05\/12-60x60.jpg 60w, https:\/\/isopllc.com\/pl\/wp-content\/uploads\/sites\/11\/2024\/05\/12-90x90.jpg 90w\" sizes=\"auto, (max-width: 299px) 100vw, 299px\" \/><\/p>\n<h3><span class=\"a-text-bold\">Wielokrotnego u\u017cytku<\/span><\/h3>\n<p>Nasze drabiny s\u0105 wielokrotnego u\u017cytku, w przeciwie\u0144stwie do konkurencji. Przy odpowiednim przechowywaniu mog\u0105 s\u0142u\u017cy\u0107 przez lata!<\/p>\n<p><img decoding=\"async\" src=\"https:\/\/m.media-amazon.com\/images\/S\/aplus-media-library-service-media\/9565f831-9888-4144-a36f-5e092ddb895b.__CR0,0,300,300_PT0_SX300_V1___.jpg\" alt=\"carabiners\" title=\"\"><\/p>\n<h3><span class=\"a-text-bold\">Karabinki o du\u017cej wytrzyma\u0142o\u015bci<\/span><\/h3>\n<p>W drabinkach znajduj\u0105 si\u0119 chromowane karabi\u0144czyki o wytrzyma\u0142o\u015bci na zerwanie 11KN.<\/p>\n<\/div>\n<\/div>\n<\/div>\n<\/div>\n<div class=\"celwidget aplus-module module-9 aplus-standard\" data-csa-c-id=\"hn4tie-rexf97-49vntp-dywif3\" data-cel-widget=\"aplus-module-9\">\n<div class=\"a-expander-collapsed-height a-row a-expander-container a-expander-partial-collapse-container\" aria-live=\"polite\" data-a-expander-name=\"aplus-module-expander\" data-a-expander-collapsed-height=\"700\">\n<div class=\"a-expander-content a-expander-partial-collapse-content\" aria-expanded=\"false\">\n<div><\/div>\n<\/div>\n<\/div>\n<\/div>\n<div class=\"celwidget aplus-module module-2 aplus-standard\" data-csa-c-id=\"czdp8c-vpt42n-ub22e6-8qlfjz\" data-cel-widget=\"aplus-module-2\">\n<div class=\"a-expander-collapsed-height a-row a-expander-container a-expander-partial-collapse-container\" aria-live=\"polite\" data-a-expander-name=\"aplus-module-expander\" data-a-expander-collapsed-height=\"700\">\n<div class=\"a-expander-content a-expander-partial-collapse-content\" aria-expanded=\"false\">\n<div class=\"aplus-module-wrapper apm-floatnone apm-fixed-width\">\n<div class=\"apm-sidemodule apm-spacing\">\n<div class=\"apm-sidemodule-imageleft\"><img decoding=\"async\" class=\"\" src=\"https:\/\/m.media-amazon.com\/images\/S\/aplus-media\/sc\/55dfe070-7172-4b34-b379-6ab49b743dd1.__CR226,0,1000,1000_PT0_SX300_V1___.jpg\" alt=\"Variation of 2 sizes\" data-src=\"https:\/\/m.media-amazon.com\/images\/S\/aplus-media\/sc\/55dfe070-7172-4b34-b379-6ab49b743dd1.__CR226,0,1000,1000_PT0_SX300_V1___.jpg\" data- title=\"\"><\/div>\n<div class=\"apm-sidemodule-textright\">\n<h3><span class=\"a-text-bold\">Profesjonalna firma drabinowa<\/span><\/h3>\n<p>Zalecamy kupowanie drabin od firmy, kt\u00f3ra specjalizuje si\u0119 w drabinach, poniewa\u017c jest to produkt zabezpieczaj\u0105cy.<\/p>\n<p>A ISOP jest jedn\u0105 z niewielu firm, kt\u00f3re oferuj\u0105 szeroki wyb\u00f3r r\u00f3\u017cnych drabin z w\u0142asnego zak\u0142adu produkcyjnego.<\/p>\n<p><img decoding=\"async\" src=\"https:\/\/m.media-amazon.com\/images\/S\/aplus-media-library-service-media\/0c3c254d-684e-4313-bc9f-ae4b4b7e7ee7.__CR0,0,300,300_PT0_SX300_V1___.jpg\" alt=\"professional ladder\" title=\"\"><\/p>\n<\/div>\n<p>Dost\u0119pne tak\u017ce dla <a href=\"https:\/\/isopllc.com\/pl\/product\/isop-drabiny-ewakuacyjne-4-m-wysuwane-drabiny-do-domow-dwupietrowych-kompaktowy-i-przenosny-drabina-linowa-na-balkon-i-wyjscie-okienne-w-aluminiowej-obudowie\/\"><strong>2 pi\u0119ter.<\/strong><\/a><\/p>\n<\/div>\n<\/div>\n<\/div>\n<\/div>\n<\/div>\n","protected":false},"excerpt":{"rendered":"[embed]https:\/\/youtu.be\/9WX7e5RU10U[\/embed]\n<p id=\"title\" class=\"a-size-large a-spacing-none\" style=\"text-align: center\">Drabina Stra\u017cacka Montowana na \u015bcianie 3 pi\u0119tro 7.5 m | Drabina Ewakuacyjna do Dom\u00f3w Zawiera Aluminiow\u0105 Skrzynk\u0119 do Przechowywania i Zestaw Kotw Wspinaczkowych<\/p>\n<p style=\"text-align: center\">DARMOWA DOSTAWA W CI\u0104GU 3-7 DNI<\/p>\n<h4 style=\"text-align: center\"><strong>KUP ON<\/strong><\/h4>\n<p><a href=\"https:\/\/www.amazon.pl\/dp\/B0CZWFYMY4\/ref=sr_1_1?__mk_pl_PL=%C3%85M%C3%85%C5%BD%C3%95%C3%91&amp;crid=1EPAEN0N35AS8&amp;dib=eyJ2IjoiMSJ9.0ojAM7vjzZieBEL9bAojLg.0WMMew1N3Q7skCiBMqHkll8etnsBZKUHtEdH0iGfG9o&amp;dib_tag=se&amp;keywords=Drabina%20Stra%C5%BCacka%20Montowana%20na%20%C5%9Bcianie%203%20pi%C4%99tro%207.5%20m&amp;qid=1716564572&amp;sprefix=b09g1pv5rs%2Caps%2C543&amp;sr=8-1\"><img loading=\"lazy\" decoding=\"async\" class=\"aligncenter wp-image-1040 size-full\" src=\"https:\/\/isopllc.com\/pl\/wp-content\/uploads\/sites\/11\/2020\/01\/amazon-button9.png\" alt=\"\" width=\"160\" height=\"59\" \/><\/a><\/p>\n<p style=\"text-align: center\">\n","protected":false},"featured_media":4904,"comment_status":"open","ping_status":"closed","template":"","meta":[],"product_brand":[],"product_cat":[211,208,206],"product_tag":[48,169,170],"class_list":{"0":"post-4901","1":"product","2":"type-product","3":"status-publish","4":"has-post-thumbnail","6":"product_cat-drabiny-ewakuacyjne-przeciwpozarowe-3-pietrowe","7":"product_cat-drabiny-ewakuacyjne-z-dystansami","8":"product_cat-drabiny-montowane-na-scianie","9":"product_tag-drabina-bezpieczenstwa","10":"product_tag-drabina-strazacka","11":"product_tag-montowana-na-scianie","13":"first","14":"instock","15":"shipping-taxable","16":"purchasable","17":"product-type-simple"},"_links":{"self":[{"href":"https:\/\/isopllc.com\/pl\/wp-json\/wp\/v2\/product\/4901","targetHints":{"allow":["GET"]}}],"collection":[{"href":"https:\/\/isopllc.com\/pl\/wp-json\/wp\/v2\/product"}],"about":[{"href":"https:\/\/isopllc.com\/pl\/wp-json\/wp\/v2\/types\/product"}],"replies":[{"embeddable":true,"href":"https:\/\/isopllc.com\/pl\/wp-json\/wp\/v2\/comments?post=4901"}],"wp:featuredmedia":[{"embeddable":true,"href":"https:\/\/isopllc.com\/pl\/wp-json\/wp\/v2\/media\/4904"}],"wp:attachment":[{"href":"https:\/\/isopllc.com\/pl\/wp-json\/wp\/v2\/media?parent=4901"}],"wp:term":[{"taxonomy":"product_brand","embeddable":true,"href":"https:\/\/isopllc.com\/pl\/wp-json\/wp\/v2\/product_brand?post=4901"},{"taxonomy":"product_cat","embeddable":true,"href":"https:\/\/isopllc.com\/pl\/wp-json\/wp\/v2\/product_cat?post=4901"},{"taxonomy":"product_tag","embeddable":true,"href":"https:\/\/isopllc.com\/pl\/wp-json\/wp\/v2\/product_tag?post=4901"}],"curies":[{"name":"wp","href":"https:\/\/api.w.org\/{rel}","templated":true}]}}