{"id":4934,"date":"2024-08-08T16:14:04","date_gmt":"2024-08-08T16:14:04","guid":{"rendered":"https:\/\/isopllc.com\/pl\/?post_type=product&#038;p=4934"},"modified":"2025-11-16T17:12:08","modified_gmt":"2025-11-16T17:12:08","slug":"isop-plastikowa-szafka-na-gasnice-duza-dla-5-kg","status":"publish","type":"product","link":"https:\/\/isopllc.com\/pl\/product\/isop-plastikowa-szafka-na-gasnice-duza-dla-5-kg\/","title":{"rendered":"ISOP Plastikowa Szafka Na Ga\u015bnice Du\u017ca dla 5 kg"},"content":{"rendered":"<h1 id=\"title\" class=\"a-size-large a-spacing-none\">ISOP Plastikowa Szafka Na Ga\u015bnice Du\u017ca dla 5 kg lub 10 lb &#8211; Szafka Na Ga\u015bnice Wewn\u0119trzna\/Zewn\u0119trzna &#8211; Szafka Na Ga\u015bnic\u0119 Montowana Na \u015acianie &#8211; Monta\u017c Ga\u015bnicy<\/h1>\n<div class=\"celwidget aplus-module premium-module-4-two-column-images aplus-premium\" data-csa-c-id=\"15yl7x-eio1n0-m9lh6n-socwzs\" data-cel-widget=\"aplus-premium-module-4-two-column-images\">\n<div class=\"a-section a-spacing-none premium-aplus premium-aplus-module-4 aplus-container-1\">\n<div class=\"a-section a-spacing-none premium-aplus-two-column\">\n<div class=\"a-section a-spacing-none premium-aplus-column\">\n<div class=\"a-section a-spacing-none column-description\">\n<div class=\"celwidget aplus-module module-9 aplus-standard\">\n<div class=\"aplus-module-wrapper\">\n<div class=\"\">\n<p class=\"a-text-center\"><img loading=\"lazy\" decoding=\"async\" class=\"alignnone size-full wp-image-4943\" src=\"https:\/\/isopllc.com\/pl\/wp-content\/uploads\/sites\/11\/2024\/08\/pvs-M-size-1.jpg\" alt=\"Plastikowa Szafka\" width=\"300\" height=\"300\" title=\"\" srcset=\"https:\/\/isopllc.com\/pl\/wp-content\/uploads\/sites\/11\/2024\/08\/pvs-M-size-1.jpg 300w, https:\/\/isopllc.com\/pl\/wp-content\/uploads\/sites\/11\/2024\/08\/pvs-M-size-1-150x150.jpg 150w, https:\/\/isopllc.com\/pl\/wp-content\/uploads\/sites\/11\/2024\/08\/pvs-M-size-1-100x100.jpg 100w, https:\/\/isopllc.com\/pl\/wp-content\/uploads\/sites\/11\/2024\/08\/pvs-M-size-1-60x60.jpg 60w, https:\/\/isopllc.com\/pl\/wp-content\/uploads\/sites\/11\/2024\/08\/pvs-M-size-1-90x90.jpg 90w\" sizes=\"auto, (max-width: 300px) 100vw, 300px\" \/><\/p>\n<h4 class=\"a-spacing-mini\">Solidna konstrukcja<\/h4>\n<p class=\"a-spacing-base\">Wykonana z wysokiej jako\u015bci, odpornego na uderzenia plastiku, skrzynka na ga\u015bnice ISOP z PVC zosta\u0142a zaprojektowana, aby wytrzyma\u0107 trudne warunki. Jej trwa\u0142a konstrukcja zapewnia ochron\u0119 ga\u015bnicy przed uszkodzeniami mechanicznymi, surowymi warunkami atmosferycznymi oraz promieniowaniem UV, co utrzymuje gotowo\u015b\u0107 i niezawodno\u015b\u0107 na d\u0142u\u017cej.<\/p>\n<p>&nbsp;<\/p>\n<p class=\"a-text-center\"><img loading=\"lazy\" decoding=\"async\" class=\"alignnone size-full wp-image-4935\" src=\"https:\/\/isopllc.com\/pl\/wp-content\/uploads\/sites\/11\/2024\/08\/pvs-L-size-2.jpg\" alt=\"Plastikowa Szafka\" width=\"300\" height=\"300\" title=\"\" srcset=\"https:\/\/isopllc.com\/pl\/wp-content\/uploads\/sites\/11\/2024\/08\/pvs-L-size-2.jpg 300w, https:\/\/isopllc.com\/pl\/wp-content\/uploads\/sites\/11\/2024\/08\/pvs-L-size-2-150x150.jpg 150w, https:\/\/isopllc.com\/pl\/wp-content\/uploads\/sites\/11\/2024\/08\/pvs-L-size-2-100x100.jpg 100w, https:\/\/isopllc.com\/pl\/wp-content\/uploads\/sites\/11\/2024\/08\/pvs-L-size-2-60x60.jpg 60w, https:\/\/isopllc.com\/pl\/wp-content\/uploads\/sites\/11\/2024\/08\/pvs-L-size-2-90x90.jpg 90w\" sizes=\"auto, (max-width: 300px) 100vw, 300px\" \/><\/p>\n<h4 class=\"a-spacing-mini\">Du\u017ca pojemno\u015b\u0107<\/h4>\n<p class=\"a-spacing-base\">Zaprojektowana do pomieszczenia wi\u0119kszych ga\u015bnic o wadze 5 kg lub 10 lb, ta kabina na ga\u015bnice z PVC zapewnia wystarczaj\u0105co du\u017co miejsca dla r\u00f3\u017cnych modeli i typ\u00f3w ga\u015bnic. Du\u017ca pojemno\u015b\u0107 zapewnia szerokie zastosowanie i dostosowanie do r\u00f3\u017cnych potrzeb bezpiecze\u0144stwa.<\/p>\n<p>&nbsp;<\/p>\n<p class=\"a-text-center\"><img loading=\"lazy\" decoding=\"async\" class=\"alignnone size-full wp-image-4941\" src=\"https:\/\/isopllc.com\/pl\/wp-content\/uploads\/sites\/11\/2024\/08\/pvs-M-size-3.jpg\" alt=\"Plastikowa Szafka\" width=\"300\" height=\"300\" title=\"\" srcset=\"https:\/\/isopllc.com\/pl\/wp-content\/uploads\/sites\/11\/2024\/08\/pvs-M-size-3.jpg 300w, https:\/\/isopllc.com\/pl\/wp-content\/uploads\/sites\/11\/2024\/08\/pvs-M-size-3-150x150.jpg 150w, https:\/\/isopllc.com\/pl\/wp-content\/uploads\/sites\/11\/2024\/08\/pvs-M-size-3-100x100.jpg 100w, https:\/\/isopllc.com\/pl\/wp-content\/uploads\/sites\/11\/2024\/08\/pvs-M-size-3-60x60.jpg 60w, https:\/\/isopllc.com\/pl\/wp-content\/uploads\/sites\/11\/2024\/08\/pvs-M-size-3-90x90.jpg 90w\" sizes=\"auto, (max-width: 300px) 100vw, 300px\" \/><\/p>\n<h4 class=\"a-spacing-mini\">\u0141atwa instalacja<\/h4>\n<p class=\"a-spacing-base\">Kabina na ga\u015bnice z PVC posiada wst\u0119pnie wywiercone otwory monta\u017cowe, co pozwala na \u0142atwe i bezpieczne montowanie na \u015bcianie. Prosty proces instalacji zapewnia, \u017ce twoja ga\u015bnica jest zawsze w optymalnej lokalizacji, gotowa do szybkiego dost\u0119pu w sytuacjach awaryjnych.<\/p>\n<p>&nbsp;<\/p>\n<\/div>\n<\/div>\n<\/div>\n<div class=\"celwidget aplus-module module-9 aplus-standard\">\n<div class=\"aplus-module-wrapper\">\n<div class=\"\">\n<p class=\"a-text-center\"><img loading=\"lazy\" decoding=\"async\" class=\"alignnone size-full wp-image-4940\" src=\"https:\/\/isopllc.com\/pl\/wp-content\/uploads\/sites\/11\/2024\/08\/pvs-M-size-4.jpg\" alt=\"Plastikowa Szafka\" width=\"300\" height=\"300\" title=\"\" srcset=\"https:\/\/isopllc.com\/pl\/wp-content\/uploads\/sites\/11\/2024\/08\/pvs-M-size-4.jpg 300w, https:\/\/isopllc.com\/pl\/wp-content\/uploads\/sites\/11\/2024\/08\/pvs-M-size-4-150x150.jpg 150w, https:\/\/isopllc.com\/pl\/wp-content\/uploads\/sites\/11\/2024\/08\/pvs-M-size-4-100x100.jpg 100w, https:\/\/isopllc.com\/pl\/wp-content\/uploads\/sites\/11\/2024\/08\/pvs-M-size-4-60x60.jpg 60w, https:\/\/isopllc.com\/pl\/wp-content\/uploads\/sites\/11\/2024\/08\/pvs-M-size-4-90x90.jpg 90w\" sizes=\"auto, (max-width: 300px) 100vw, 300px\" \/><\/p>\n<h4 class=\"a-spacing-mini\">Bezpieczna i dost\u0119pna<\/h4>\n<p class=\"a-spacing-base\">Kabina na ga\u015bnice ISOP z PVC wyposa\u017cona jest w solidny mechanizm zamka, kt\u00f3ry trzyma ga\u015bnic\u0119 w stabilnej pozycji, zapobiegaj\u0105c przypadkowemu przemieszczeniu, jednocze\u015bnie umo\u017cliwiaj\u0105c szybki i \u0142atwy dost\u0119p w razie potrzeby. Ta funkcja zapewnia, \u017ce ga\u015bnica jest zar\u00f3wno zabezpieczona, jak i \u0142atwo dost\u0119pna, co zwi\u0119ksza og\u00f3lne bezpiecze\u0144stwo.<\/p>\n<p>&nbsp;<\/p>\n<p class=\"a-text-center\"><img loading=\"lazy\" decoding=\"async\" class=\"alignnone size-full wp-image-4939\" src=\"https:\/\/isopllc.com\/pl\/wp-content\/uploads\/sites\/11\/2024\/08\/pvs-M-size-5.jpg\" alt=\"Plastikowa Szafka\" width=\"300\" height=\"300\" title=\"\" srcset=\"https:\/\/isopllc.com\/pl\/wp-content\/uploads\/sites\/11\/2024\/08\/pvs-M-size-5.jpg 300w, https:\/\/isopllc.com\/pl\/wp-content\/uploads\/sites\/11\/2024\/08\/pvs-M-size-5-150x150.jpg 150w, https:\/\/isopllc.com\/pl\/wp-content\/uploads\/sites\/11\/2024\/08\/pvs-M-size-5-100x100.jpg 100w, https:\/\/isopllc.com\/pl\/wp-content\/uploads\/sites\/11\/2024\/08\/pvs-M-size-5-60x60.jpg 60w, https:\/\/isopllc.com\/pl\/wp-content\/uploads\/sites\/11\/2024\/08\/pvs-M-size-5-90x90.jpg 90w\" sizes=\"auto, (max-width: 300px) 100vw, 300px\" \/><\/p>\n<h4 class=\"a-spacing-mini\">Przezroczyste okno do podgl\u0105du<\/h4>\n<p class=\"a-spacing-base\">Przezroczyste, odporne na st\u0142uczenia okno umo\u017cliwia szybkie inspekcje wizualne stanu ga\u015bnicy bez konieczno\u015bci otwierania kabiny na ga\u015bnice z PVC. Ta wygodna funkcja pozwala na rutynowe kontrole i zapewnia, \u017ce ga\u015bnica jest zawsze gotowa do u\u017cycia.<\/p>\n<p>&nbsp;<\/p>\n<p class=\"a-text-center\"><img loading=\"lazy\" decoding=\"async\" class=\"alignnone size-full wp-image-4938\" src=\"https:\/\/isopllc.com\/pl\/wp-content\/uploads\/sites\/11\/2024\/08\/pvs-M-size-6.jpg\" alt=\"Plastikowa Szafka\" width=\"300\" height=\"300\" title=\"\" srcset=\"https:\/\/isopllc.com\/pl\/wp-content\/uploads\/sites\/11\/2024\/08\/pvs-M-size-6.jpg 300w, https:\/\/isopllc.com\/pl\/wp-content\/uploads\/sites\/11\/2024\/08\/pvs-M-size-6-150x150.jpg 150w, https:\/\/isopllc.com\/pl\/wp-content\/uploads\/sites\/11\/2024\/08\/pvs-M-size-6-100x100.jpg 100w, https:\/\/isopllc.com\/pl\/wp-content\/uploads\/sites\/11\/2024\/08\/pvs-M-size-6-60x60.jpg 60w, https:\/\/isopllc.com\/pl\/wp-content\/uploads\/sites\/11\/2024\/08\/pvs-M-size-6-90x90.jpg 90w\" sizes=\"auto, (max-width: 300px) 100vw, 300px\" \/><\/p>\n<h4 class=\"a-spacing-mini\">Odporna na warunki atmosferyczne<\/h4>\n<p class=\"a-spacing-base\">Idealna do \u015brodowiska na zewn\u0105trz, kabina na ga\u015bnice z PVC zosta\u0142a zaprojektowana, aby chroni\u0107 twoj\u0105 ga\u015bnic\u0119 przed deszczem, py\u0142em i promieniowaniem UV. Jej odporno\u015b\u0107 na warunki atmosferyczne zapewnia, \u017ce ga\u015bnica pozostaje w optymalnym stanie, niezale\u017cnie od czynnik\u00f3w zewn\u0119trznych.<\/p>\n<\/div>\n<\/div>\n<\/div>\n<\/div>\n<\/div>\n<\/div>\n<\/div>\n<\/div>\n","protected":false},"excerpt":{"rendered":"[embed]https:\/\/www.youtube.com\/shorts\/_Zq_WWXati8[\/embed]\n<p id=\"title\" class=\"a-size-large a-spacing-none\" style=\"text-align: center\">ISOP Plastikowa Szafka Na Ga\u015bnice Du\u017ca dla 5 kg lub 10 lb &#8211; Szafka Na Ga\u015bnice Wewn\u0119trzna\/Zewn\u0119trzna &#8211; Szafka Na Ga\u015bnic\u0119 Montowana Na \u015acianie &#8211; Monta\u017c Ga\u015bnicy<\/p>\n<p style=\"text-align: center\">BEZP\u0141ATNA DOSTAWA W CI\u0104GU 3-7 DNI<\/p>\n<h4 style=\"text-align: center\"><strong>KUP TO NA<\/strong><br \/>\n<a href=\"https:\/\/www.amazon.pl\/dp\/B0D7J7LJ33\/ref=sr_1_1?__mk_pl_PL=%C3%85M%C3%85%C5%BD%C3%95%C3%91&amp;crid=2OQXWCLB80BQZ&amp;dib=eyJ2IjoiMSJ9.hG-I-hkPXbPPgCp4lGqzuw.bnNzLMZMm2dKNePQ61qreWcnk9ydlCEpuBJsqPy3KUc&amp;dib_tag=se&amp;keywords=ISOP%20Plastikowa%20Szafka&amp;qid=1723133997&amp;sprefix=b0d7j7lj33%2Caps%2C379&amp;sr=8-1\"><img loading=\"lazy\" decoding=\"async\" class=\"aligncenter wp-image-1040 size-full\" src=\"https:\/\/isopllc.com\/pl\/wp-content\/uploads\/sites\/11\/2020\/01\/amazon-button9.png\" alt=\"\" width=\"160\" height=\"59\" \/><\/a><\/h4>\n","protected":false},"featured_media":4936,"comment_status":"open","ping_status":"closed","template":"","meta":[],"product_brand":[],"product_cat":[203,198],"product_tag":[127,98,126,52],"class_list":{"0":"post-4934","1":"product","2":"type-product","3":"status-publish","4":"has-post-thumbnail","6":"product_cat-akcesoria-do-drabin-przeciwpozarowych","7":"product_cat-uchwyty-gasnic","8":"product_tag-gasnice","9":"product_tag-isop","10":"product_tag-plastikowa-szafka","11":"product_tag-sprzet-ratunkowy","13":"first","14":"instock","15":"shipping-taxable","16":"purchasable","17":"product-type-simple"},"_links":{"self":[{"href":"https:\/\/isopllc.com\/pl\/wp-json\/wp\/v2\/product\/4934","targetHints":{"allow":["GET"]}}],"collection":[{"href":"https:\/\/isopllc.com\/pl\/wp-json\/wp\/v2\/product"}],"about":[{"href":"https:\/\/isopllc.com\/pl\/wp-json\/wp\/v2\/types\/product"}],"replies":[{"embeddable":true,"href":"https:\/\/isopllc.com\/pl\/wp-json\/wp\/v2\/comments?post=4934"}],"wp:featuredmedia":[{"embeddable":true,"href":"https:\/\/isopllc.com\/pl\/wp-json\/wp\/v2\/media\/4936"}],"wp:attachment":[{"href":"https:\/\/isopllc.com\/pl\/wp-json\/wp\/v2\/media?parent=4934"}],"wp:term":[{"taxonomy":"product_brand","embeddable":true,"href":"https:\/\/isopllc.com\/pl\/wp-json\/wp\/v2\/product_brand?post=4934"},{"taxonomy":"product_cat","embeddable":true,"href":"https:\/\/isopllc.com\/pl\/wp-json\/wp\/v2\/product_cat?post=4934"},{"taxonomy":"product_tag","embeddable":true,"href":"https:\/\/isopllc.com\/pl\/wp-json\/wp\/v2\/product_tag?post=4934"}],"curies":[{"name":"wp","href":"https:\/\/api.w.org\/{rel}","templated":true}]}}