{"id":4944,"date":"2024-08-08T16:21:16","date_gmt":"2024-08-08T16:21:16","guid":{"rendered":"https:\/\/isopllc.com\/pl\/?post_type=product&#038;p=4944"},"modified":"2025-11-16T17:11:16","modified_gmt":"2025-11-16T17:11:16","slug":"isop-plastikowa-szafka-na-gasnice-mala-dla-2-5-kg","status":"publish","type":"product","link":"https:\/\/isopllc.com\/pl\/product\/isop-plastikowa-szafka-na-gasnice-mala-dla-2-5-kg\/","title":{"rendered":"ISOP Plastikowa Szafka Na Ga\u015bnice Ma\u0142a dla 2.5 kg"},"content":{"rendered":"<h1 id=\"title\" class=\"a-size-large a-spacing-none\">ISOP Plastikowa Szafka Na Ga\u015bnice Ma\u0142a dla 2.5 kg lub 5 lb &#8211; Szafka Na Ga\u015bnic\u0119 &#8211; Zewn\u0119trzna Szafka Na Ga\u015bnic\u0119 Montowana &#8211; Monta\u017c Ga\u015bnicy<\/h1>\n<div class=\"celwidget aplus-module premium-module-4-two-column-images aplus-premium\" data-csa-c-id=\"15yl7x-eio1n0-m9lh6n-socwzs\" data-cel-widget=\"aplus-premium-module-4-two-column-images\">\n<div class=\"a-section a-spacing-none premium-aplus premium-aplus-module-4 aplus-container-1\">\n<div class=\"a-section a-spacing-none premium-aplus-two-column\">\n<div class=\"a-section a-spacing-none premium-aplus-column\">\n<div class=\"a-section a-spacing-none column-description\">\n<div class=\"celwidget aplus-module module-9 aplus-standard\">\n<div class=\"aplus-module-wrapper\">\n<div class=\"\">\n<p class=\"a-text-center\"><img loading=\"lazy\" decoding=\"async\" class=\"alignnone size-full wp-image-4943\" src=\"https:\/\/isopllc.com\/pl\/wp-content\/uploads\/sites\/11\/2024\/08\/pvs-M-size-1.jpg\" alt=\"Plastikowa Szafka\" width=\"300\" height=\"300\" title=\"\" srcset=\"https:\/\/isopllc.com\/pl\/wp-content\/uploads\/sites\/11\/2024\/08\/pvs-M-size-1.jpg 300w, https:\/\/isopllc.com\/pl\/wp-content\/uploads\/sites\/11\/2024\/08\/pvs-M-size-1-150x150.jpg 150w, https:\/\/isopllc.com\/pl\/wp-content\/uploads\/sites\/11\/2024\/08\/pvs-M-size-1-100x100.jpg 100w, https:\/\/isopllc.com\/pl\/wp-content\/uploads\/sites\/11\/2024\/08\/pvs-M-size-1-60x60.jpg 60w, https:\/\/isopllc.com\/pl\/wp-content\/uploads\/sites\/11\/2024\/08\/pvs-M-size-1-90x90.jpg 90w\" sizes=\"auto, (max-width: 300px) 100vw, 300px\" \/><\/p>\n<h4 class=\"a-spacing-mini\">Trwa\u0142a konstrukcja<\/h4>\n<p class=\"a-spacing-base\">Wykonana z wysokiej jako\u015bci, odpornego na uderzenia plastiku, ta szafka na ga\u015bnice PVC jest zaprojektowana tak, aby wytrzyma\u0107 trudne warunki pogodowe, w tym ekstremalne temperatury, deszcz i promieniowanie UV. Jej mocna konstrukcja zapewnia d\u0142ugotrwa\u0142\u0105 ochron\u0119 dla twojej ga\u015bnicy, zachowuj\u0105c jej integralno\u015b\u0107 przez d\u0142ugi czas.<\/p>\n<p>&nbsp;<\/p>\n<p class=\"a-text-center\"><img loading=\"lazy\" decoding=\"async\" class=\"alignnone size-full wp-image-4942\" src=\"https:\/\/isopllc.com\/pl\/wp-content\/uploads\/sites\/11\/2024\/08\/pvs-M-size-2.jpg\" alt=\"Plastikowa Szafka\" width=\"300\" height=\"300\" title=\"\" srcset=\"https:\/\/isopllc.com\/pl\/wp-content\/uploads\/sites\/11\/2024\/08\/pvs-M-size-2.jpg 300w, https:\/\/isopllc.com\/pl\/wp-content\/uploads\/sites\/11\/2024\/08\/pvs-M-size-2-150x150.jpg 150w, https:\/\/isopllc.com\/pl\/wp-content\/uploads\/sites\/11\/2024\/08\/pvs-M-size-2-100x100.jpg 100w, https:\/\/isopllc.com\/pl\/wp-content\/uploads\/sites\/11\/2024\/08\/pvs-M-size-2-60x60.jpg 60w, https:\/\/isopllc.com\/pl\/wp-content\/uploads\/sites\/11\/2024\/08\/pvs-M-size-2-90x90.jpg 90w\" sizes=\"auto, (max-width: 300px) 100vw, 300px\" \/><\/p>\n<h4 class=\"a-spacing-mini\">Uniwersalne dopasowanie<\/h4>\n<p class=\"a-spacing-base\">Szafka na ga\u015bnice PVC zosta\u0142a zaprojektowana tak, aby pasowa\u0142a do ga\u015bnic o wadze 2,5 kg lub 5 lb, co czyni j\u0105 wszechstronn\u0105 i odpowiedni\u0105 dla r\u00f3\u017cnych modeli i typ\u00f3w ga\u015bnic. Taka elastyczno\u015b\u0107 pozwala na szerokie zastosowanie w r\u00f3\u017cnych warunkach i \u015brodowiskach.<\/p>\n<p>&nbsp;<\/p>\n<p class=\"a-text-center\"><img loading=\"lazy\" decoding=\"async\" class=\"alignnone size-full wp-image-4941\" src=\"https:\/\/isopllc.com\/pl\/wp-content\/uploads\/sites\/11\/2024\/08\/pvs-M-size-3.jpg\" alt=\"Plastikowa Szafka\" width=\"300\" height=\"300\" title=\"\" srcset=\"https:\/\/isopllc.com\/pl\/wp-content\/uploads\/sites\/11\/2024\/08\/pvs-M-size-3.jpg 300w, https:\/\/isopllc.com\/pl\/wp-content\/uploads\/sites\/11\/2024\/08\/pvs-M-size-3-150x150.jpg 150w, https:\/\/isopllc.com\/pl\/wp-content\/uploads\/sites\/11\/2024\/08\/pvs-M-size-3-100x100.jpg 100w, https:\/\/isopllc.com\/pl\/wp-content\/uploads\/sites\/11\/2024\/08\/pvs-M-size-3-60x60.jpg 60w, https:\/\/isopllc.com\/pl\/wp-content\/uploads\/sites\/11\/2024\/08\/pvs-M-size-3-90x90.jpg 90w\" sizes=\"auto, (max-width: 300px) 100vw, 300px\" \/><\/p>\n<h4 class=\"a-spacing-mini\">\u0141atwa instalacja<\/h4>\n<p class=\"a-spacing-base\">Wyposa\u017cona w przygotowane otwory monta\u017cowe, szafka na ga\u015bnice PVC ISOP mo\u017ce by\u0107 bez trudu montowana na ka\u017cdej powierzchni \u015bciennej. Prosty proces instalacji zapewnia, \u017ce twoja ga\u015bnica jest bezpiecznie umiejscowiona i \u0142atwo dost\u0119pna, co znacznie zwi\u0119ksza przygotowanie na sytuacje awaryjne.<\/p>\n<p>&nbsp;<\/p>\n<\/div>\n<\/div>\n<\/div>\n<div class=\"celwidget aplus-module module-9 aplus-standard\">\n<div class=\"aplus-module-wrapper\">\n<div class=\"\">\n<p class=\"a-text-center\"><img loading=\"lazy\" decoding=\"async\" class=\"alignnone size-full wp-image-4940\" src=\"https:\/\/isopllc.com\/pl\/wp-content\/uploads\/sites\/11\/2024\/08\/pvs-M-size-4.jpg\" alt=\"Plastikowa Szafka\" width=\"300\" height=\"300\" title=\"\" srcset=\"https:\/\/isopllc.com\/pl\/wp-content\/uploads\/sites\/11\/2024\/08\/pvs-M-size-4.jpg 300w, https:\/\/isopllc.com\/pl\/wp-content\/uploads\/sites\/11\/2024\/08\/pvs-M-size-4-150x150.jpg 150w, https:\/\/isopllc.com\/pl\/wp-content\/uploads\/sites\/11\/2024\/08\/pvs-M-size-4-100x100.jpg 100w, https:\/\/isopllc.com\/pl\/wp-content\/uploads\/sites\/11\/2024\/08\/pvs-M-size-4-60x60.jpg 60w, https:\/\/isopllc.com\/pl\/wp-content\/uploads\/sites\/11\/2024\/08\/pvs-M-size-4-90x90.jpg 90w\" sizes=\"auto, (max-width: 300px) 100vw, 300px\" \/><\/p>\n<h4 class=\"a-spacing-mini\">Bezpieczna i dost\u0119pna<\/h4>\n<p class=\"a-spacing-base\">Szafka na ga\u015bnice PVC jest wyposa\u017cona w bezpieczny system zamk\u00f3w, kt\u00f3ry utrzymuje ga\u015bnic\u0119 na swoim miejscu, zapobiegaj\u0105c przypadkowemu wysuni\u0119ciu, a jednocze\u015bnie zapewniaj\u0105c szybki i \u0142atwy dost\u0119p, gdy jest to potrzebne. W sytuacji awaryjnej ka\u017cda sekunda si\u0119 liczy, a ten projekt zapewnia, \u017ce mo\u017cesz dzia\u0142a\u0107 b\u0142yskawicznie.<\/p>\n<p>&nbsp;<\/p>\n<p class=\"a-text-center\"><img loading=\"lazy\" decoding=\"async\" class=\"alignnone size-full wp-image-4939\" src=\"https:\/\/isopllc.com\/pl\/wp-content\/uploads\/sites\/11\/2024\/08\/pvs-M-size-5.jpg\" alt=\"Plastikowa Szafka\" width=\"300\" height=\"300\" title=\"\" srcset=\"https:\/\/isopllc.com\/pl\/wp-content\/uploads\/sites\/11\/2024\/08\/pvs-M-size-5.jpg 300w, https:\/\/isopllc.com\/pl\/wp-content\/uploads\/sites\/11\/2024\/08\/pvs-M-size-5-150x150.jpg 150w, https:\/\/isopllc.com\/pl\/wp-content\/uploads\/sites\/11\/2024\/08\/pvs-M-size-5-100x100.jpg 100w, https:\/\/isopllc.com\/pl\/wp-content\/uploads\/sites\/11\/2024\/08\/pvs-M-size-5-60x60.jpg 60w, https:\/\/isopllc.com\/pl\/wp-content\/uploads\/sites\/11\/2024\/08\/pvs-M-size-5-90x90.jpg 90w\" sizes=\"auto, (max-width: 300px) 100vw, 300px\" \/><\/p>\n<h4 class=\"a-spacing-mini\">Widoczno\u015b\u0107<\/h4>\n<p class=\"a-spacing-base\">Przezroczyste, odporne na st\u0142uczenia okno umo\u017cliwia szybkie wizualne inspekcje statusu ga\u015bnicy bez otwierania szafki. Ta cecha zapewnia, \u017ce ga\u015bnica jest zawsze gotowa do u\u017cycia i upraszcza rutynowe kontrole konserwacyjne.<\/p>\n<p>&nbsp;<\/p>\n<p class=\"a-text-center\"><img loading=\"lazy\" decoding=\"async\" class=\"alignnone size-full wp-image-4938\" src=\"https:\/\/isopllc.com\/pl\/wp-content\/uploads\/sites\/11\/2024\/08\/pvs-M-size-6.jpg\" alt=\"Plastikowa Szafka\" width=\"300\" height=\"300\" title=\"\" srcset=\"https:\/\/isopllc.com\/pl\/wp-content\/uploads\/sites\/11\/2024\/08\/pvs-M-size-6.jpg 300w, https:\/\/isopllc.com\/pl\/wp-content\/uploads\/sites\/11\/2024\/08\/pvs-M-size-6-150x150.jpg 150w, https:\/\/isopllc.com\/pl\/wp-content\/uploads\/sites\/11\/2024\/08\/pvs-M-size-6-100x100.jpg 100w, https:\/\/isopllc.com\/pl\/wp-content\/uploads\/sites\/11\/2024\/08\/pvs-M-size-6-60x60.jpg 60w, https:\/\/isopllc.com\/pl\/wp-content\/uploads\/sites\/11\/2024\/08\/pvs-M-size-6-90x90.jpg 90w\" sizes=\"auto, (max-width: 300px) 100vw, 300px\" \/><\/p>\n<h4 class=\"a-spacing-mini\">Odporna na warunki atmosferyczne<\/h4>\n<p class=\"a-spacing-base\">Specjalnie zaprojektowana dla \u015brodowisk zewn\u0119trznych, ta PVC szafka na ga\u015bnice zapewnia doskona\u0142\u0105 ochron\u0119 przed deszczem, py\u0142em i promieniowaniem UV. Jej w\u0142a\u015bciwo\u015bci odporne na warunki atmosferyczne zapewniaj\u0105, \u017ce ga\u015bnica pozostaje w optimalnym stanie, niezale\u017cnie od zewn\u0119trznych warunk\u00f3w.<\/p>\n<\/div>\n<\/div>\n<\/div>\n<\/div>\n<\/div>\n<\/div>\n<\/div>\n<\/div>\n","protected":false},"excerpt":{"rendered":"[embed]https:\/\/www.youtube.com\/shorts\/_Zq_WWXati8[\/embed]\n<p id=\"title\" class=\"a-size-large a-spacing-none\" style=\"text-align: center\">ISOP Plastikowa Szafka Na Ga\u015bnice Ma\u0142a dla 2.5 kg lub 5 lb &#8211; Szafka Na Ga\u015bnic\u0119 &#8211; Zewn\u0119trzna Szafka Na Ga\u015bnic\u0119 Montowana &#8211; Monta\u017c Ga\u015bnicy<\/p>\n<p style=\"text-align: center\">BEZP\u0141ATNA DOSTAWA W CI\u0104GU 3-7 DNI<\/p>\n<h4 style=\"text-align: center\"><strong>KUP TO NA<\/strong><br \/>\n<a href=\"https:\/\/www.amazon.pl\/dp\/B0D7J7W9BS\/ref=sr_1_1?__mk_pl_PL=%C3%85M%C3%85%C5%BD%C3%95%C3%91&amp;crid=2IJJ7G5RNXEDX&amp;dib=eyJ2IjoiMSJ9.eZh-QZG3jQwSKotOm72Y7g.bOQZtiSj6dsGqxt1VmbA14r3gU7hcKFpXeO_txmGGgQ&amp;dib_tag=se&amp;keywords=ISOP%20Plastikowa%20Szafka&amp;qid=1723134353&amp;sprefix=b0d7j7w9bs%2Caps%2C358&amp;sr=8-1\"><img loading=\"lazy\" decoding=\"async\" class=\"aligncenter wp-image-1040 size-full\" src=\"https:\/\/isopllc.com\/pl\/wp-content\/uploads\/sites\/11\/2020\/01\/amazon-button9.png\" alt=\"\" width=\"160\" height=\"59\" \/><\/a><\/h4>\n","protected":false},"featured_media":4937,"comment_status":"open","ping_status":"closed","template":"","meta":[],"product_brand":[],"product_cat":[203,198],"product_tag":[98,128,126,52],"class_list":{"0":"post-4944","1":"product","2":"type-product","3":"status-publish","4":"has-post-thumbnail","6":"product_cat-akcesoria-do-drabin-przeciwpozarowych","7":"product_cat-uchwyty-gasnic","8":"product_tag-isop","9":"product_tag-mala-szafka","10":"product_tag-plastikowa-szafka","11":"product_tag-sprzet-ratunkowy","13":"first","14":"instock","15":"shipping-taxable","16":"purchasable","17":"product-type-simple"},"_links":{"self":[{"href":"https:\/\/isopllc.com\/pl\/wp-json\/wp\/v2\/product\/4944","targetHints":{"allow":["GET"]}}],"collection":[{"href":"https:\/\/isopllc.com\/pl\/wp-json\/wp\/v2\/product"}],"about":[{"href":"https:\/\/isopllc.com\/pl\/wp-json\/wp\/v2\/types\/product"}],"replies":[{"embeddable":true,"href":"https:\/\/isopllc.com\/pl\/wp-json\/wp\/v2\/comments?post=4944"}],"wp:featuredmedia":[{"embeddable":true,"href":"https:\/\/isopllc.com\/pl\/wp-json\/wp\/v2\/media\/4937"}],"wp:attachment":[{"href":"https:\/\/isopllc.com\/pl\/wp-json\/wp\/v2\/media?parent=4944"}],"wp:term":[{"taxonomy":"product_brand","embeddable":true,"href":"https:\/\/isopllc.com\/pl\/wp-json\/wp\/v2\/product_brand?post=4944"},{"taxonomy":"product_cat","embeddable":true,"href":"https:\/\/isopllc.com\/pl\/wp-json\/wp\/v2\/product_cat?post=4944"},{"taxonomy":"product_tag","embeddable":true,"href":"https:\/\/isopllc.com\/pl\/wp-json\/wp\/v2\/product_tag?post=4944"}],"curies":[{"name":"wp","href":"https:\/\/api.w.org\/{rel}","templated":true}]}}