{"id":4945,"date":"2024-08-08T16:27:28","date_gmt":"2024-08-08T16:27:28","guid":{"rendered":"https:\/\/isopllc.com\/pl\/?post_type=product&#038;p=4945"},"modified":"2025-07-02T06:23:18","modified_gmt":"2025-07-02T06:23:18","slug":"isop-2-stopniowa-drabina-skladana-z-aluminium","status":"publish","type":"product","link":"https:\/\/isopllc.com\/pl\/product\/isop-2-stopniowa-drabina-skladana-z-aluminium\/","title":{"rendered":"ISOP 2-Stopniowa Drabina Sk\u0142adana z Aluminium"},"content":{"rendered":"<h1 id=\"title\" class=\"a-size-large a-spacing-none\">ISOP 2-Stopniowa Drabina Sk\u0142adana z Aluminium | Bia\u0142a Sk\u0142adana Drabina Stoj\u0105ca Dwa Stopnie | Antypo\u015blizgowe stopnie | Wytrzyma\u0142a Lekka i Kompaktowa | Drabina do Domu Gara\u017cu Lub Biura<\/h1>\n<div class=\"celwidget aplus-module premium-module-4-two-column-images aplus-premium\" data-csa-c-id=\"15yl7x-eio1n0-m9lh6n-socwzs\" data-cel-widget=\"aplus-premium-module-4-two-column-images\">\n<div class=\"a-section a-spacing-none premium-aplus premium-aplus-module-4 aplus-container-1\">\n<div class=\"a-section a-spacing-none premium-aplus-two-column\">\n<div class=\"a-section a-spacing-none premium-aplus-column\">\n<div class=\"a-section a-spacing-none column-description\">\n<div class=\"celwidget aplus-module module-9 aplus-standard\">\n<div class=\"aplus-module-wrapper\">\n<div class=\"\"><\/div>\n<\/div>\n<\/div>\n<div class=\"celwidget aplus-module module-9 aplus-standard\">\n<div class=\"aplus-module-wrapper\">\n<div class=\"\">\n<div class=\"a-section\">\n<div class=\"a-section a-text-center\"><img loading=\"lazy\" decoding=\"async\" class=\"alignnone size-full wp-image-4957\" src=\"https:\/\/isopllc.com\/pl\/wp-content\/uploads\/sites\/11\/2024\/08\/stepp-ladder-2-steps-1.jpg\" alt=\"Drabina Sk\u0142adana z Aluminium\" width=\"300\" height=\"300\" title=\"\" srcset=\"https:\/\/isopllc.com\/pl\/wp-content\/uploads\/sites\/11\/2024\/08\/stepp-ladder-2-steps-1.jpg 300w, https:\/\/isopllc.com\/pl\/wp-content\/uploads\/sites\/11\/2024\/08\/stepp-ladder-2-steps-1-150x150.jpg 150w, https:\/\/isopllc.com\/pl\/wp-content\/uploads\/sites\/11\/2024\/08\/stepp-ladder-2-steps-1-100x100.jpg 100w, https:\/\/isopllc.com\/pl\/wp-content\/uploads\/sites\/11\/2024\/08\/stepp-ladder-2-steps-1-60x60.jpg 60w, https:\/\/isopllc.com\/pl\/wp-content\/uploads\/sites\/11\/2024\/08\/stepp-ladder-2-steps-1-90x90.jpg 90w\" sizes=\"auto, (max-width: 300px) 100vw, 300px\" \/><\/div>\n<p class=\"a-size-small\">ISOP 2-stopniowa sk\u0142adana drabina jest idealnym dodatkiem do ka\u017cdego domu, gara\u017cu lub biura. Ta bia\u0142a sk\u0142adana drabina wykonana jest z wysokiej jako\u015bci aluminium, co czyni j\u0105 trwa\u0142\u0105, lekk\u0105 i kompaktow\u0105, co u\u0142atwia przechowywanie i transport. Dzi\u0119ki antypo\u015blizgowym stopniom mo\u017cesz czu\u0107 si\u0119 pewnie i bezpiecznie podczas korzystania z tej drabiny dwustopniowej.<\/p>\n<\/div>\n<div class=\"a-section\">\n<div class=\"a-section a-text-center\"><img loading=\"lazy\" decoding=\"async\" class=\"alignnone size-full wp-image-4956\" src=\"https:\/\/isopllc.com\/pl\/wp-content\/uploads\/sites\/11\/2024\/08\/stepp-ladder-2-steps-2.jpg\" alt=\"Drabina Sk\u0142adana z Aluminium\" width=\"300\" height=\"300\" title=\"\" srcset=\"https:\/\/isopllc.com\/pl\/wp-content\/uploads\/sites\/11\/2024\/08\/stepp-ladder-2-steps-2.jpg 300w, https:\/\/isopllc.com\/pl\/wp-content\/uploads\/sites\/11\/2024\/08\/stepp-ladder-2-steps-2-150x150.jpg 150w, https:\/\/isopllc.com\/pl\/wp-content\/uploads\/sites\/11\/2024\/08\/stepp-ladder-2-steps-2-100x100.jpg 100w, https:\/\/isopllc.com\/pl\/wp-content\/uploads\/sites\/11\/2024\/08\/stepp-ladder-2-steps-2-60x60.jpg 60w, https:\/\/isopllc.com\/pl\/wp-content\/uploads\/sites\/11\/2024\/08\/stepp-ladder-2-steps-2-90x90.jpg 90w\" sizes=\"auto, (max-width: 300px) 100vw, 300px\" \/><\/div>\n<p class=\"a-size-small\">Solidna konstrukcja zapewnia stabilno\u015b\u0107 i bezpiecze\u0144stwo podczas si\u0119gania po przedmioty na wysokich p\u00f3\u0142kach, wymiany \u017car\u00f3wek lub wykonywania prac domowych. Ta drabina krokowa zosta\u0142a zaprojektowana z my\u015bl\u0105 o wygodzie i \u0142atwo\u015bci u\u017cytkowania, z prostym mechanizmem sk\u0142adania, kt\u00f3ry umo\u017cliwia szybkie i \u0142atwe rozk\u0142adanie i sk\u0142adanie. Kompaktowy rozmiar sprawia, \u017ce jest idealna do ma\u0142ych przestrzeni i \u0142atwego przechowywania, gdy nie jest u\u017cywana.<\/p>\n<\/div>\n<div class=\"a-section\">\n<div class=\"a-section a-text-center\"><img loading=\"lazy\" decoding=\"async\" class=\"alignnone size-full wp-image-4955\" src=\"https:\/\/isopllc.com\/pl\/wp-content\/uploads\/sites\/11\/2024\/08\/stepp-ladder-2-steps-3.jpeg\" alt=\"Drabina Sk\u0142adana z Aluminium\" width=\"300\" height=\"300\" title=\"\" srcset=\"https:\/\/isopllc.com\/pl\/wp-content\/uploads\/sites\/11\/2024\/08\/stepp-ladder-2-steps-3.jpeg 300w, https:\/\/isopllc.com\/pl\/wp-content\/uploads\/sites\/11\/2024\/08\/stepp-ladder-2-steps-3-150x150.jpeg 150w, https:\/\/isopllc.com\/pl\/wp-content\/uploads\/sites\/11\/2024\/08\/stepp-ladder-2-steps-3-100x100.jpeg 100w, https:\/\/isopllc.com\/pl\/wp-content\/uploads\/sites\/11\/2024\/08\/stepp-ladder-2-steps-3-60x60.jpeg 60w, https:\/\/isopllc.com\/pl\/wp-content\/uploads\/sites\/11\/2024\/08\/stepp-ladder-2-steps-3-90x90.jpeg 90w\" sizes=\"auto, (max-width: 300px) 100vw, 300px\" \/><\/div>\n<p class=\"a-size-small\">Czy potrzebujesz niezawodnej drabiny do codziennych zada\u0144 w domu, czy przeno\u015bnej opcji do projekt\u00f3w w ruchu, ISOP 2-stopniowa sk\u0142adana drabina to wszechstronne i praktyczne rozwi\u0105zanie. Ulepsz swoje mieszkanie lub miejsce pracy z t\u0105 funkcjonaln\u0105 i stylow\u0105 drabin\u0105 ju\u017c dzi\u015b.<\/p>\n<\/div>\n<\/div>\n<\/div>\n<\/div>\n<\/div>\n<\/div>\n<\/div>\n<\/div>\n<\/div>\n","protected":false},"excerpt":{"rendered":"<p id=\"title\" class=\"a-size-large a-spacing-none\" style=\"text-align: center;\">ISOP 2-Stopniowa Drabina Sk\u0142adana z Aluminium | Bia\u0142a Sk\u0142adana Drabina Stoj\u0105ca Dwa Stopnie | Antypo\u015blizgowe stopnie | Wytrzyma\u0142a Lekka i Kompaktowa | Drabina do Domu Gara\u017cu Lub Biura<\/p>\n<p style=\"text-align: center;\">BEZP\u0141ATNA DOSTAWA W CI\u0104GU 3-7 DNI<\/p>\n<h4 style=\"text-align: center;\"><strong>KUP TO NA<\/strong><br \/>\n<a href=\"https:\/\/www.amazon.pl\/dp\/B0D4HMFYKP\/ref=sr_1_1?__mk_pl_PL=%C3%85M%C3%85%C5%BD%C3%95%C3%91&amp;crid=3SRM8BLUBHSOE&amp;dib=eyJ2IjoiMSJ9.cxBCZWYlEki35yUaJz-1Pw.b4B0dHZoCJdJEfVCBwhoEuuYksUN6tkTn7aUN0Lwk5o&amp;dib_tag=se&amp;keywords=ISOP%20Drabina%20Sk%C5%82adana%20z%20Aluminium&amp;qid=1723134838&amp;sprefix=b0d4hmfykp%2Caps%2C361&amp;sr=8-1\"><img loading=\"lazy\" decoding=\"async\" class=\"aligncenter wp-image-1040 size-full\" src=\"https:\/\/isopllc.com\/pl\/wp-content\/uploads\/sites\/11\/2020\/01\/amazon-button9.png\" alt=\"\" width=\"160\" height=\"59\" \/><\/a><\/h4>\n","protected":false},"featured_media":4964,"comment_status":"open","ping_status":"closed","template":"","meta":[],"product_brand":[],"product_cat":[200],"product_tag":[194,195,98,167],"class_list":{"0":"post-4945","1":"product","2":"type-product","3":"status-publish","4":"has-post-thumbnail","6":"product_cat-drabiny-schodkowe","7":"product_tag-aluminiowa-drabina","8":"product_tag-drabina-dwustopniowa","9":"product_tag-isop","10":"product_tag-skladana-drabina","12":"first","13":"instock","14":"shipping-taxable","15":"purchasable","16":"product-type-simple"},"_links":{"self":[{"href":"https:\/\/isopllc.com\/pl\/wp-json\/wp\/v2\/product\/4945","targetHints":{"allow":["GET"]}}],"collection":[{"href":"https:\/\/isopllc.com\/pl\/wp-json\/wp\/v2\/product"}],"about":[{"href":"https:\/\/isopllc.com\/pl\/wp-json\/wp\/v2\/types\/product"}],"replies":[{"embeddable":true,"href":"https:\/\/isopllc.com\/pl\/wp-json\/wp\/v2\/comments?post=4945"}],"wp:featuredmedia":[{"embeddable":true,"href":"https:\/\/isopllc.com\/pl\/wp-json\/wp\/v2\/media\/4964"}],"wp:attachment":[{"href":"https:\/\/isopllc.com\/pl\/wp-json\/wp\/v2\/media?parent=4945"}],"wp:term":[{"taxonomy":"product_brand","embeddable":true,"href":"https:\/\/isopllc.com\/pl\/wp-json\/wp\/v2\/product_brand?post=4945"},{"taxonomy":"product_cat","embeddable":true,"href":"https:\/\/isopllc.com\/pl\/wp-json\/wp\/v2\/product_cat?post=4945"},{"taxonomy":"product_tag","embeddable":true,"href":"https:\/\/isopllc.com\/pl\/wp-json\/wp\/v2\/product_tag?post=4945"}],"curies":[{"name":"wp","href":"https:\/\/api.w.org\/{rel}","templated":true}]}}