{"id":4965,"date":"2024-08-08T16:36:24","date_gmt":"2024-08-08T16:36:24","guid":{"rendered":"https:\/\/isopllc.com\/pl\/?post_type=product&#038;p=4965"},"modified":"2025-07-01T05:06:44","modified_gmt":"2025-07-01T05:06:44","slug":"isop-3-stopniowa-drabina-biala","status":"publish","type":"product","link":"https:\/\/isopllc.com\/pl\/product\/isop-3-stopniowa-drabina-biala\/","title":{"rendered":"ISOP 3-stopniowa Drabina Bia\u0142a"},"content":{"rendered":"<h1 id=\"title\" class=\"a-size-large a-spacing-none\">ISOP 3-stopniowa Drabina Bia\u0142a | Sk\u0142adana drabina | Szeroka Antypo\u015blizgowa Stopnia Stabilna Drabina 220 kg | Lekka Przeno\u015bna Kompaktowa &#8211; 3-stopniowa drabina<\/h1>\n<div class=\"celwidget aplus-module premium-module-4-two-column-images aplus-premium\" data-csa-c-id=\"15yl7x-eio1n0-m9lh6n-socwzs\" data-cel-widget=\"aplus-premium-module-4-two-column-images\">\n<div class=\"a-section a-spacing-none premium-aplus premium-aplus-module-4 aplus-container-1\">\n<div class=\"a-section a-spacing-none premium-aplus-two-column\">\n<div class=\"a-section a-spacing-none premium-aplus-column\">\n<div class=\"a-section a-spacing-none column-description\">\n<div class=\"celwidget aplus-module module-9 aplus-standard\">\n<div class=\"aplus-module-wrapper\">\n<div class=\"\"><\/div>\n<\/div>\n<\/div>\n<div class=\"celwidget aplus-module module-9 aplus-standard\">\n<div class=\"aplus-module-wrapper\">\n<div class=\"\">\n<div class=\"a-section\"><\/div>\n<div class=\"a-section\">\n<div class=\"a-section\">\n<div class=\"a-section a-text-center\"><img loading=\"lazy\" decoding=\"async\" class=\"alignnone size-full wp-image-4948\" src=\"https:\/\/isopllc.com\/pl\/wp-content\/uploads\/sites\/11\/2024\/08\/stepp-ladder-3-steps-6.jpeg\" alt=\"Drabina Sk\u0142adana z Aluminium\" width=\"300\" height=\"300\" title=\"\" srcset=\"https:\/\/isopllc.com\/pl\/wp-content\/uploads\/sites\/11\/2024\/08\/stepp-ladder-3-steps-6.jpeg 300w, https:\/\/isopllc.com\/pl\/wp-content\/uploads\/sites\/11\/2024\/08\/stepp-ladder-3-steps-6-150x150.jpeg 150w, https:\/\/isopllc.com\/pl\/wp-content\/uploads\/sites\/11\/2024\/08\/stepp-ladder-3-steps-6-100x100.jpeg 100w, https:\/\/isopllc.com\/pl\/wp-content\/uploads\/sites\/11\/2024\/08\/stepp-ladder-3-steps-6-60x60.jpeg 60w, https:\/\/isopllc.com\/pl\/wp-content\/uploads\/sites\/11\/2024\/08\/stepp-ladder-3-steps-6-90x90.jpeg 90w\" sizes=\"auto, (max-width: 300px) 100vw, 300px\" \/><\/div>\n<p class=\"a-size-small\">Przedstawiamy doskona\u0142\u0105 drabin\u0119 3-stopniow\u0105 sk\u0142adan\u0105 w kolorze bia\u0142ym, idealn\u0105 na wszystkie codzienne potrzeby. Ta niezawodna i wszechstronna drabina aluminiowa zosta\u0142a zaprojektowana, aby u\u0142atwi\u0107 Ci \u017cycie. Dzi\u0119ki solidnej i stabilnej konstrukcji mo\u017cesz wspina\u0107 si\u0119 z pewno\u015bci\u0105, wiedz\u0105c, \u017ce jeste\u015b bezpieczny. Lekka aluminiowa konstrukcja u\u0142atwia przenoszenie, a szerokie stopnie zapewniaj\u0105 pewne oparcie nawet podczas d\u0142u\u017cszego u\u017cytkowania.<\/p>\n<\/div>\n<div class=\"a-section\">\n<div class=\"a-section a-text-center\"><img loading=\"lazy\" decoding=\"async\" class=\"alignnone size-full wp-image-4947\" src=\"https:\/\/isopllc.com\/pl\/wp-content\/uploads\/sites\/11\/2024\/08\/stepp-ladder-3-steps-7.jpg\" alt=\"Drabina Sk\u0142adana z Aluminium\" width=\"300\" height=\"300\" title=\"\" srcset=\"https:\/\/isopllc.com\/pl\/wp-content\/uploads\/sites\/11\/2024\/08\/stepp-ladder-3-steps-7.jpg 300w, https:\/\/isopllc.com\/pl\/wp-content\/uploads\/sites\/11\/2024\/08\/stepp-ladder-3-steps-7-150x150.jpg 150w, https:\/\/isopllc.com\/pl\/wp-content\/uploads\/sites\/11\/2024\/08\/stepp-ladder-3-steps-7-100x100.jpg 100w, https:\/\/isopllc.com\/pl\/wp-content\/uploads\/sites\/11\/2024\/08\/stepp-ladder-3-steps-7-60x60.jpg 60w, https:\/\/isopllc.com\/pl\/wp-content\/uploads\/sites\/11\/2024\/08\/stepp-ladder-3-steps-7-90x90.jpg 90w\" sizes=\"auto, (max-width: 300px) 100vw, 300px\" \/><\/div>\n<p class=\"a-size-small\">Drabina rozwija si\u0119 p\u0142ynnie i zamyka si\u0119 solidnie w otwartej pozycji, a po zako\u0144czeniu pracy sk\u0142ada si\u0119 kompaktowo, co u\u0142atwia przechowywanie. Idealna do si\u0119gania po wysokie p\u00f3\u0142ki lub dost\u0119p do przestrzeni magazynowych, ta drabina jest niezb\u0119dna dla ka\u017cdego entuzjasty DIY lub osoby potrzebuj\u0105cej niezawodnej drabiny do prac domowych.<\/p>\n<\/div>\n<div class=\"a-section\">\n<div class=\"a-section a-text-center\"><img loading=\"lazy\" decoding=\"async\" class=\"alignnone size-full wp-image-4946\" src=\"https:\/\/isopllc.com\/pl\/wp-content\/uploads\/sites\/11\/2024\/08\/stepp-ladder-3-steps-8.jpg\" alt=\"Drabina Sk\u0142adana z Aluminium\" width=\"300\" height=\"300\" title=\"\" srcset=\"https:\/\/isopllc.com\/pl\/wp-content\/uploads\/sites\/11\/2024\/08\/stepp-ladder-3-steps-8.jpg 300w, https:\/\/isopllc.com\/pl\/wp-content\/uploads\/sites\/11\/2024\/08\/stepp-ladder-3-steps-8-150x150.jpg 150w, https:\/\/isopllc.com\/pl\/wp-content\/uploads\/sites\/11\/2024\/08\/stepp-ladder-3-steps-8-100x100.jpg 100w, https:\/\/isopllc.com\/pl\/wp-content\/uploads\/sites\/11\/2024\/08\/stepp-ladder-3-steps-8-60x60.jpg 60w, https:\/\/isopllc.com\/pl\/wp-content\/uploads\/sites\/11\/2024\/08\/stepp-ladder-3-steps-8-90x90.jpg 90w\" sizes=\"auto, (max-width: 300px) 100vw, 300px\" \/><\/div>\n<p class=\"a-size-small\">Nie zadowalaj si\u0119 niczym mniej ni\u017c najlepszym. Zainwestuj w t\u0119 drabin\u0119 wysokiej jako\u015bci i przekonaj si\u0119 o r\u00f3\u017cnicy sam. Po\u017cegnaj si\u0119 z chwiejnymi, niewiarygodnymi drabinami i przywitaj wygod\u0119 oraz spok\u00f3j umys\u0142u. Zdob\u0105d\u017a t\u0119 aluminiow\u0105 drabin\u0119 3-stopniow\u0105 jeszcze dzi\u015b i wznies swoj\u0105 w\u0142asn\u0105 renowacj\u0119 na nowe wy\u017cyny.<\/p>\n<\/div>\n<\/div>\n<\/div>\n<\/div>\n<\/div>\n<\/div>\n<\/div>\n<\/div>\n<\/div>\n<\/div>\n","protected":false},"excerpt":{"rendered":"<p id=\"title\" class=\"a-size-large a-spacing-none\" style=\"text-align: center;\">ISOP 3-stopniowa Drabina Bia\u0142a | Sk\u0142adana drabina | Szeroka Antypo\u015blizgowa Stopnia Stabilna Drabina 220 kg | Lekka Przeno\u015bna Kompaktowa &#8211; 3-stopniowa drabina<\/p>\n<p style=\"text-align: center;\">BEZP\u0141ATNA DOSTAWA W CI\u0104GU 3-7 DNI<\/p>\n<h4 style=\"text-align: center;\"><strong>KUP TO NA<\/strong><br \/>\n<a href=\"https:\/\/www.amazon.pl\/dp\/B0D4HL355J\/ref=sr_1_1?__mk_pl_PL=%C3%85M%C3%85%C5%BD%C3%95%C3%91&amp;crid=108A5AON1DIC4&amp;dib=eyJ2IjoiMSJ9.nLZSBaRI4DrAjV6Zi0RaJQ.fBk_HGu3XwdKadqEw2MZvHvWol5hZPqfe0LURRdG9Eo&amp;dib_tag=se&amp;keywords=ISOP%20Drabina%20Sk%C5%82adana&amp;qid=1723135258&amp;sprefix=b0d4hl355j%2Caps%2C357&amp;sr=8-1\"><img loading=\"lazy\" decoding=\"async\" class=\"aligncenter wp-image-1040 size-full\" src=\"https:\/\/isopllc.com\/pl\/wp-content\/uploads\/sites\/11\/2020\/01\/amazon-button9.png\" alt=\"\" width=\"160\" height=\"59\" \/><\/a><\/h4>\n","protected":false},"featured_media":4954,"comment_status":"open","ping_status":"closed","template":"","meta":[],"product_brand":[],"product_cat":[200],"product_tag":[196,98,52,197],"class_list":{"0":"post-4965","1":"product","2":"type-product","3":"status-publish","4":"has-post-thumbnail","6":"product_cat-drabiny-schodkowe","7":"product_tag-drabina-biala","8":"product_tag-isop","9":"product_tag-sprzet-ratunkowy","10":"product_tag-trojstopniowa-drabina","12":"first","13":"instock","14":"shipping-taxable","15":"purchasable","16":"product-type-simple"},"_links":{"self":[{"href":"https:\/\/isopllc.com\/pl\/wp-json\/wp\/v2\/product\/4965","targetHints":{"allow":["GET"]}}],"collection":[{"href":"https:\/\/isopllc.com\/pl\/wp-json\/wp\/v2\/product"}],"about":[{"href":"https:\/\/isopllc.com\/pl\/wp-json\/wp\/v2\/types\/product"}],"replies":[{"embeddable":true,"href":"https:\/\/isopllc.com\/pl\/wp-json\/wp\/v2\/comments?post=4965"}],"wp:featuredmedia":[{"embeddable":true,"href":"https:\/\/isopllc.com\/pl\/wp-json\/wp\/v2\/media\/4954"}],"wp:attachment":[{"href":"https:\/\/isopllc.com\/pl\/wp-json\/wp\/v2\/media?parent=4965"}],"wp:term":[{"taxonomy":"product_brand","embeddable":true,"href":"https:\/\/isopllc.com\/pl\/wp-json\/wp\/v2\/product_brand?post=4965"},{"taxonomy":"product_cat","embeddable":true,"href":"https:\/\/isopllc.com\/pl\/wp-json\/wp\/v2\/product_cat?post=4965"},{"taxonomy":"product_tag","embeddable":true,"href":"https:\/\/isopllc.com\/pl\/wp-json\/wp\/v2\/product_tag?post=4965"}],"curies":[{"name":"wp","href":"https:\/\/api.w.org\/{rel}","templated":true}]}}