{"id":5021,"date":"2025-04-20T05:47:36","date_gmt":"2025-04-20T05:47:36","guid":{"rendered":"https:\/\/isopllc.com\/pl\/?post_type=product&#038;p=5021"},"modified":"2025-07-01T05:06:05","modified_gmt":"2025-07-01T05:06:05","slug":"drabina-ratunkowa-4-pietro-10-m","status":"publish","type":"product","link":"https:\/\/isopllc.com\/pl\/product\/drabina-ratunkowa-4-pietro-10-m\/","title":{"rendered":"Drabina Ratunkowa 4 Pi\u0119tro 10 m"},"content":{"rendered":"<h2 id=\"title\" class=\"a-size-large a-spacing-none\">Drabina Ratunkowa 4 Pi\u0119tro 10 m | Drabina Ratunkowa Wielokrotnego U\u017cytku | W Zestawie Haczyki Zatrzaskowe &#8211; lekkie i Trwa\u0142e do 200 kg | Sprz\u0119t Ratunkowy | Drabina Wspinaczkowa<\/h2>\n<h3>Drabina Ratunkowa 4 Pi\u0119tro 10 m<\/h3>\n<p>W sytuacjach awaryjnych liczy si\u0119 ka\u017cda sekunda. Po\u017car, dym, trz\u0119sienie ziemi lub inny nieprzewidziany incydent &#8211; normalna droga ewakuacji przez klatk\u0119 schodow\u0105 mo\u017ce zosta\u0107 szybko zablokowana. W takich sytuacjach drabina awaryjna mo\u017ce zrobi\u0107 r\u00f3\u017cnic\u0119. Nasza Drabina Ratunkowa 4 Pi\u0119tro 10 m zosta\u0142a specjalnie zaprojektowana do u\u017cytku w budynkach o maksymalnie czterech kondygnacjach i oferuje szybk\u0105, bezpieczn\u0105 i niezawodn\u0105 opcj\u0119 ratunkow\u0105.<\/p>\n<div id=\"dpx-aplus-3p-product-description_feature_div\">\n<div class=\"celwidget\" data-csa-c-id=\"o60qex-ku7gvj-e05un0-issy2y\" data-cel-widget=\"dpx-aplus-3p-product-description_csm_instrumentation_wrapper\">\n<div id=\"aplus3p_feature_div\" class=\"celwidget\" data-feature-name=\"aplus3p\" data-csa-c-id=\"4c28e4-q5zeoz-euu66i-q9xgno\" data-cel-widget=\"aplus3p_feature_div\">\n<div id=\"aplus\" class=\"a-section a-spacing-large bucket\">\n<div class=\"aplus-v2 desktop celwidget\" data-csa-c-id=\"ax6lih-8y0a4u-x6tyar-vo7w3w\" data-cel-widget=\"aplus\">\n<div class=\"celwidget aplus-module module-4 aplus-standard\" data-csa-c-id=\"eri9m-nig4pw-37kzp8-qjtx4u\" data-cel-widget=\"aplus-module-4\">\n<div class=\"a-expander-collapsed-height a-row a-expander-container a-expander-partial-collapse-container\" aria-live=\"polite\" data-a-expander-name=\"aplus-module-expander\" data-a-expander-collapsed-height=\"700\">\n<div class=\"a-expander-content a-expander-partial-collapse-content\" aria-expanded=\"false\">\n<div class=\"aplus-module-wrapper apm-fixed-width\">\n<div class=\"apm-spacing\">\n<div class=\"apm-floatleft apm-fixed-width\">\n<h3 class=\"a-spacing-small\"><strong>12 Powod\u00f3w, dla Kt\u00f3rych Warto Wybra\u0107 Nas<\/strong><\/h3>\n<p><img decoding=\"async\" class=\"\" src=\"https:\/\/m.media-amazon.com\/images\/S\/aplus-media\/sc\/a1874c21-4d66-403d-835b-3f0e3e4d559a.__CR0,0,220,220_PT0_SX220_V1___.jpg\" alt=\"Lekka waga\" data-src=\"https:\/\/m.media-amazon.com\/images\/S\/aplus-media\/sc\/a1874c21-4d66-403d-835b-3f0e3e4d559a.__CR0,0,220,220_PT0_SX220_V1___.jpg\" data- title=\"\"><\/p>\n<h4 class=\"a-spacing-mini\">Lekka Waga<\/h4>\n<p class=\"a-size-small\">To najl\u017cejsza drabina dost\u0119pna na rynku. Waga 3-metrowej drabiny to tylko 2,4 funta \/ 1 kg.<\/p>\n<p><img decoding=\"async\" class=\"\" src=\"https:\/\/m.media-amazon.com\/images\/S\/aplus-media\/sc\/7da2eccd-e1d4-479b-8525-f4dd894fd1dd.__CR0,0,220,220_PT0_SX220_V1___.jpg\" alt=\"Mocne i stabilne\" data-src=\"https:\/\/m.media-amazon.com\/images\/S\/aplus-media\/sc\/7da2eccd-e1d4-479b-8525-f4dd894fd1dd.__CR0,0,220,220_PT0_SX220_V1___.jpg\" data- title=\"\"><\/p>\n<h4 class=\"a-spacing-mini\">Mocne i Stabilne<\/h4>\n<p>Du\u017cy ud\u017awig &#8211; do 200 kg<br \/>\nDrabina linowa zosta\u0142a zaprojektowana z my\u015bl\u0105 o maksymalnym ud\u017awigu wynosz\u0105cym 200 kg. Oznacza to, \u017ce mo\u017ce by\u0107 z \u0142atwo\u015bci\u0105 u\u017cywana przez osoby ze sprz\u0119tem lub przez kilka os\u00f3b schodz\u0105cych w tym samym czasie. Solidne wykonanie daje u\u017cytkownikowi poczucie bezpiecze\u0144stwa podczas schodzenia &#8211; nawet w gor\u0105czkowych momentach.<\/p>\n<p>Jedn\u0105 z g\u0142\u00f3wnych zalet naszej Drabina Ratunkowa 4 Pi\u0119tro 10 m jest to, \u017ce g\u0142\u00f3wne paski nylonowe s\u0105 w jednym kawa\u0142ku od do\u0142u do g\u00f3ry i nie s\u0105 wykonane z szytych cz\u0119\u015bci, jak ma to miejsce w przypadku drabiny. Materia\u0142y u\u017cyte do wykonania szczebli, takie jak w\u0142\u00f3kno szklane i w\u0142\u00f3kno bazaltowe, r\u00f3wnie\u017c sprawiaj\u0105, \u017ce ta drabina uprz\u0119\u017cy jest znacznie bardziej stabilna ni\u017c jednorazowe drabiny aluminiowe.<\/p>\n<p><img decoding=\"async\" class=\"\" src=\"https:\/\/m.media-amazon.com\/images\/S\/aplus-media\/sc\/dc1282c8-eb5f-4a97-8f06-25b432f21ee2.__CR0,0,220,220_PT0_SX220_V1___.jpg\" alt=\"Bez pl\u0105tania\" data-src=\"https:\/\/m.media-amazon.com\/images\/S\/aplus-media\/sc\/dc1282c8-eb5f-4a97-8f06-25b432f21ee2.__CR0,0,220,220_PT0_SX220_V1___.jpg\" data- title=\"\"><\/p>\n<h4 class=\"a-spacing-mini\">Bez Pl\u0105tania<\/h4>\n<p class=\"a-size-small\">Nasze drabiny ta\u015bmowe mo\u017cna \u0142atwo schowa\u0107 do torby po u\u017cyciu. Wa\u017c\u0105ca zaledwie kilka kilogram\u00f3w drabina ratownicza jest \u0142atwa w transporcie i przechowywaniu. Zmie\u015bci si\u0119 w ka\u017cdym schowku, pod \u0142\u00f3\u017ckiem lub w baga\u017cniku samochodu. W sytuacji awaryjnej jest natychmiast gotowa do u\u017cycia &#8211; a to ma kluczowe znaczenie.<\/p>\n<p class=\"a-size-small\">Brak pl\u0105taniny podczas monta\u017cu.<\/p>\n<p class=\"a-size-small\"><img loading=\"lazy\" decoding=\"async\" class=\"alignnone wp-image-4986\" src=\"https:\/\/isopllc.com\/pl\/wp-content\/uploads\/sites\/11\/2021\/08\/Black-ladder-dimencions.jpg\" alt=\"Drabina Ewakuacyjna\" width=\"229\" height=\"229\" title=\"\" srcset=\"https:\/\/isopllc.com\/pl\/wp-content\/uploads\/sites\/11\/2021\/08\/Black-ladder-dimencions.jpg 800w, https:\/\/isopllc.com\/pl\/wp-content\/uploads\/sites\/11\/2021\/08\/Black-ladder-dimencions-150x150.jpg 150w, https:\/\/isopllc.com\/pl\/wp-content\/uploads\/sites\/11\/2021\/08\/Black-ladder-dimencions-768x768.jpg 768w, https:\/\/isopllc.com\/pl\/wp-content\/uploads\/sites\/11\/2021\/08\/Black-ladder-dimencions-416x416.jpg 416w, https:\/\/isopllc.com\/pl\/wp-content\/uploads\/sites\/11\/2021\/08\/Black-ladder-dimencions-100x100.jpg 100w, https:\/\/isopllc.com\/pl\/wp-content\/uploads\/sites\/11\/2021\/08\/Black-ladder-dimencions-60x60.jpg 60w, https:\/\/isopllc.com\/pl\/wp-content\/uploads\/sites\/11\/2021\/08\/Black-ladder-dimencions-90x90.jpg 90w\" sizes=\"auto, (max-width: 229px) 100vw, 229px\" \/><\/p>\n<div class=\"apm-spacing\"><span style=\"font-size: 1.41575em;\">D\u0142ugo\u015b\u0107<\/span><\/div>\n<\/div>\n<\/div>\n<\/div>\n<div>\n<p class=\"a-size-small\">Nasze Drabina Ratunkowa 4 Pi\u0119tro 10 m mo\u017cna \u0142\u0105czy\u0107 ze sob\u0105 w celu zwi\u0119kszenia d\u0142ugo\u015bci.<\/p>\n<p><img decoding=\"async\" class=\"\" src=\"https:\/\/m.media-amazon.com\/images\/S\/aplus-media\/sc\/58cffa3b-a765-457d-add8-a23e9c110027.__CR0,0,220,220_PT0_SX220_V1___.jpg\" alt=\"Odporny na warunki atmosferyczne\" data-src=\"https:\/\/m.media-amazon.com\/images\/S\/aplus-media\/sc\/58cffa3b-a765-457d-add8-a23e9c110027.__CR0,0,220,220_PT0_SX220_V1___.jpg\" data- title=\"\"><\/p>\n<h4 class=\"a-spacing-mini\">Odporny na Warunki Atmosferyczne<\/h4>\n<p class=\"a-size-small\">Drabina Ratunkowa 4 Pi\u0119tro 10 m wykonana jest z wytrzyma\u0142ej nylonowej liny w po\u0142\u0105czeniu z solidnymi metalowymi szczeblami, kt\u00f3re zachowuj\u0105 sw\u00f3j kszta\u0142t i funkcjonalno\u015b\u0107 nawet przy cz\u0119stym u\u017cytkowaniu i w r\u00f3\u017cnych warunkach pogodowych. Zastosowany materia\u0142 jest odporny na promieniowanie UV, wod\u0119 i rdz\u0119. Dzi\u0119ki mo\u017cliwo\u015bci wielokrotnego u\u017cytku drabina ta jest odpowiednia zar\u00f3wno dla prywatnych gospodarstw domowych, jak i firm, szk\u00f3\u0142 czy hoteli.<\/p>\n<p><img decoding=\"async\" class=\"\" style=\"font-weight: 600;\" src=\"https:\/\/m.media-amazon.com\/images\/S\/aplus-media\/sc\/f319eb70-4c2a-40f9-a1c5-d575d4bf5dbd.__CR0,0,220,220_PT0_SX220_V1___.jpg\" alt=\"Kompaktowy\" data-src=\"https:\/\/m.media-amazon.com\/images\/S\/aplus-media\/sc\/f319eb70-4c2a-40f9-a1c5-d575d4bf5dbd.__CR0,0,220,220_PT0_SX220_V1___.jpg\" data- title=\"\"><\/p>\n<h4 class=\"a-spacing-mini\">Kompaktowy<\/h4>\n<p class=\"a-size-small\">Nie mo\u017cesz sobie wyobrazi\u0107 bardziej kompaktowych drabin. Ca\u0142a drabinka mie\u015bci si\u0119 w d\u0142oni. Nie zajmuj\u0105 du\u017co miejsca, mo\u017cna je schowa\u0107 w dowolnym miejscu np. Pod \u0142\u00f3\u017ckiem w sypialni, na balkonie czy na dachu.<\/p>\n<p><img decoding=\"async\" class=\"\" style=\"font-weight: 600;\" src=\"https:\/\/m.media-amazon.com\/images\/S\/aplus-media\/sc\/b16129a6-6d35-4c81-a0d2-900c7115ec80.__CR0,0,220,220_PT0_SX220_V1___.jpeg\" alt=\"Szczeble antypo\u015blizgowe\" data-src=\"https:\/\/m.media-amazon.com\/images\/S\/aplus-media\/sc\/b16129a6-6d35-4c81-a0d2-900c7115ec80.__CR0,0,220,220_PT0_SX220_V1___.jpeg\" data- title=\"\"><\/p>\n<h4 class=\"a-spacing-mini\">Szczeble Antypo\u015blizgowe<\/h4>\n<p class=\"a-size-small\">Wiadomo, \u017ce materia\u0142 ta\u015bmowy jest znacznie mniej \u015bliski ni\u017c jakikolwiek inny twardy materia\u0142, taki jak aluminium, metal lub plastik.<\/p>\n<\/div>\n<\/div>\n<\/div>\n<\/div>\n<div class=\"celwidget aplus-module module-4 aplus-standard\" data-csa-c-id=\"9rb7qn-s9cwcv-7m2m64-9bp0ou\" data-cel-widget=\"aplus-module-4\">\n<div class=\"a-expander-collapsed-height a-row a-expander-container a-expander-partial-collapse-container\" aria-live=\"polite\" data-a-expander-name=\"aplus-module-expander\" data-a-expander-collapsed-height=\"700\">\n<div class=\"a-expander-content a-expander-partial-collapse-content\" aria-expanded=\"false\">\n<div class=\"aplus-module-wrapper apm-fixed-width\">\n<div class=\"apm-spacing\">\n<div class=\"apm-floatleft apm-fixed-width\">\n<div class=\"apm-spacing\"><img decoding=\"async\" src=\"https:\/\/m.media-amazon.com\/images\/S\/aplus-media-library-service-media\/bc97ce2b-ad5a-488d-ae16-2dc4054da697.__CR0,0,1906,1906_PT0_SX220_V1___.jpeg\" alt=\"Multi-purpose\" title=\"\"><\/div>\n<\/div>\n<div><\/div>\n<\/div>\n<\/div>\n<div>\n<h4 class=\"a-spacing-mini\">R\u00f3\u017cnego Przeznaczenia<\/h4>\n<p class=\"a-size-small\">Drabina ta\u015bmowa <a href=\"https:\/\/isopllc.com\/\">ISOP<\/a> mo\u017ce by\u0107 u\u017cywana jako drabina przeciwpo\u017carowa, w nag\u0142ych wypadkach, a tak\u017ce dla dzieci na placu zabaw lub w domku na drzewie, szko\u0142ach, biurach, warsztatach lub domkach letniskowych, stanowi przydatne uzupe\u0142nienie istniej\u0105cego sprz\u0119tu bezpiecze\u0144stwa. Jest to \u015bwietna drabina do jacht\u00f3w, statk\u00f3w i \u0142odzi. Super lekka, super wytrzyma\u0142a; wodoodporno\u015b\u0107 sprawia, \u017ce jest niezast\u0105piona na ka\u017cdej \u0142odzi \u017caglowej.<\/p>\n<p class=\"a-size-small\">R\u00f3wnie\u017c z opinii naszych klient\u00f3w okaza\u0142o si\u0119, \u017ce ta drabina \u015bwietnie nadaje si\u0119 do studni lub jaski\u0144.<\/p>\n<p><img decoding=\"async\" class=\"\" style=\"font-weight: 600;\" src=\"https:\/\/m.media-amazon.com\/images\/S\/aplus-media\/sc\/ade4ede6-0d0a-40a0-868a-6332390362e0.__CR0,0,220,220_PT0_SX220_V1___.jpg\" alt=\"Karabinki\" data-src=\"https:\/\/m.media-amazon.com\/images\/S\/aplus-media\/sc\/ade4ede6-0d0a-40a0-868a-6332390362e0.__CR0,0,220,220_PT0_SX220_V1___.jpg\" data- title=\"\"><\/p>\n<h4 class=\"a-spacing-mini\">Karabinki<\/h4>\n<p class=\"a-size-small\">Profesjonalne chromowane karabi\u0144czyki 11 kn wchodz\u0105 w zakres dostawy. Dostarczone wysokiej jako\u015bci karabi\u0144czyki umo\u017cliwiaj\u0105 szybkie i \u0142atwe przymocowanie drabiny do ram okiennych, balustrad balkonowych lub innych stabilnych konstrukcji. Oznacza to, \u017ce jest ona gotowa do u\u017cycia w ci\u0105gu zaledwie kilku sekund &#8211; nawet w stresie lub w sytuacjach paniki. Karabi\u0144czyki wykonane s\u0105 z wytrzyma\u0142ej stali i gwarantuj\u0105 maksymalne bezpiecze\u0144stwo podczas wspinaczki.<\/p>\n<p><img decoding=\"async\" class=\"\" src=\"https:\/\/m.media-amazon.com\/images\/S\/aplus-media\/sc\/cefcc878-7f01-4c12-b433-2537d5ce2560.__CR0,0,220,220_PT0_SX220_V1___.jpeg\" alt=\"Wodoodporna torba\" data-src=\"https:\/\/m.media-amazon.com\/images\/S\/aplus-media\/sc\/cefcc878-7f01-4c12-b433-2537d5ce2560.__CR0,0,220,220_PT0_SX220_V1___.jpeg\" data- title=\"\"><\/p>\n<h4 class=\"a-spacing-mini\">Wodoodporna Torba<\/h4>\n<p class=\"a-size-small\">W zestawie fajna designerska torba pla\u017cowa.<\/p>\n<h4>Bezpiecze\u0144stwo dla ca\u0142ej rodziny<\/h4>\n<p>Dzi\u0119ki przemy\u015blanej konstrukcji drabina jest odpowiednia zar\u00f3wno dla doros\u0142ych, jak i dzieci. Szczeble s\u0105 antypo\u015blizgowe i zapewniaj\u0105 bezpieczne trzymanie nawet dla mniejszych st\u00f3p. Zw\u0142aszcza w gospodarstwach domowych z dzie\u0107mi lub osobami starszymi warto mie\u0107 pod r\u0119k\u0105 bezpieczn\u0105 opcj\u0119 ucieczki.<\/p>\n<h4>Ubezpieczenie bezpiecze\u0144stwa w nag\u0142ych wypadkach<\/h4>\n<p>Ta Drabina Ratunkowa 4 Pi\u0119tro 10 m to op\u0142acalna inwestycja w bezpiecze\u0144stwo Twoje i Twojej rodziny, wsp\u00f3\u0142pracownik\u00f3w lub go\u015bci. Jest niezawodna, stabilna, \u0142atwa w u\u017cyciu i wielokrotnego u\u017cytku. W krytycznych momentach umo\u017cliwia szybk\u0105 ewakuacj\u0119 i mo\u017ce uratowa\u0107 \u017cycie.<\/p>\n<p>Niezale\u017cnie od tego, czy jeste\u015b w domu, budynku biurowym czy w podr\u00f3\u017cy &#8211; dzi\u0119ki tej Drabina Ratunkowa 4 Pi\u0119tro 10 m jeste\u015b przygotowany na sytuacje awaryjne.<\/p>\n<p>Zakres dostawy:<\/p>\n<p>1x drabina ewakuacyjna o d\u0142ugo\u015bci 10 m<\/p>\n<p>2x karabi\u0144czyki<\/p>\n<p>1x torba do przechowywania<\/p>\n<p>1x instrukcja obs\u0142ugi (wieloj\u0119zyczna)<\/p>\n<\/div>\n<\/div>\n<\/div>\n<\/div>\n<\/div>\n<\/div>\n<\/div>\n<\/div>\n<\/div>\n","protected":false},"excerpt":{"rendered":"[embed]https:\/\/youtu.be\/Evy4qVPWmIc[\/embed]\n<p id=\"title\" class=\"a-size-large a-spacing-none\" style=\"text-align: center;\">Drabina Ratunkowa 4 Pi\u0119tro 10 m | Drabina Ratunkowa Wielokrotnego U\u017cytku | W Zestawie Haczyki Zatrzaskowe &#8211; lekkie i Trwa\u0142e do 200 kg | Sprz\u0119t Ratunkowy | Drabina Wspinaczkowa<\/p>\n<p style=\"text-align: center;\"><span style=\"vertical-align: inherit;\">DARMOWA DOSTAWA W CI\u0104GU 3-7 DNI<\/span><\/p>\n<h4 style=\"text-align: center;\"><strong><span style=\"vertical-align: inherit;\">KUP ON<\/span><\/strong><\/h4>\n<p style=\"text-align: center;\"><a href=\"https:\/\/www.amazon.pl\/dp\/B0D9VR2VNX\/ref=sr_1_1?__mk_pl_PL=%C3%85M%C3%85%C5%BD%C3%95%C3%91&amp;crid=3EATPWS5MCGY9&amp;dib=eyJ2IjoiMSJ9.veqsWJ_gH0fhZNEr0PazUw.U3H-Vt-aKXkWsP1PONPI88BJs1pDj_pIgw18kPnOJyI&amp;dib_tag=se&amp;keywords=Drabina%2BRatunkowa%2B4%2BStory%2BDrabina%2BRatunkowa%2BWielokrotnego%2BU%C5%BCytku&amp;qid=1745128864&amp;sprefix=b08nzm8v7z%2Caps%2C673&amp;sr=8-1&amp;th=1\"><img loading=\"lazy\" decoding=\"async\" class=\"aligncenter wp-image-1040 size-full\" src=\"https:\/\/isopllc.com\/pl\/wp-content\/uploads\/sites\/11\/2020\/01\/amazon-button9.png\" alt=\"\" width=\"160\" height=\"59\" \/><\/a><\/p>\n<p>&nbsp;<\/p>\n","protected":false},"featured_media":5022,"comment_status":"open","ping_status":"closed","template":"","meta":[],"product_brand":[],"product_cat":[210,207],"product_tag":[48,60,75],"class_list":{"0":"post-5021","1":"product","2":"type-product","3":"status-publish","4":"has-post-thumbnail","6":"product_cat-drabiny-ewakuacyjne-przeciwpozarowe-4-pietrowe","7":"product_cat-drabiny-ratownicze-przeciwpozarowe","8":"product_tag-drabina-bezpieczenstwa","9":"product_tag-drabina-przeciwpozarowa","10":"product_tag-ewakuacyjna-drabina","12":"first","13":"instock","14":"shipping-taxable","15":"purchasable","16":"product-type-simple"},"_links":{"self":[{"href":"https:\/\/isopllc.com\/pl\/wp-json\/wp\/v2\/product\/5021","targetHints":{"allow":["GET"]}}],"collection":[{"href":"https:\/\/isopllc.com\/pl\/wp-json\/wp\/v2\/product"}],"about":[{"href":"https:\/\/isopllc.com\/pl\/wp-json\/wp\/v2\/types\/product"}],"replies":[{"embeddable":true,"href":"https:\/\/isopllc.com\/pl\/wp-json\/wp\/v2\/comments?post=5021"}],"wp:featuredmedia":[{"embeddable":true,"href":"https:\/\/isopllc.com\/pl\/wp-json\/wp\/v2\/media\/5022"}],"wp:attachment":[{"href":"https:\/\/isopllc.com\/pl\/wp-json\/wp\/v2\/media?parent=5021"}],"wp:term":[{"taxonomy":"product_brand","embeddable":true,"href":"https:\/\/isopllc.com\/pl\/wp-json\/wp\/v2\/product_brand?post=5021"},{"taxonomy":"product_cat","embeddable":true,"href":"https:\/\/isopllc.com\/pl\/wp-json\/wp\/v2\/product_cat?post=5021"},{"taxonomy":"product_tag","embeddable":true,"href":"https:\/\/isopllc.com\/pl\/wp-json\/wp\/v2\/product_tag?post=5021"}],"curies":[{"name":"wp","href":"https:\/\/api.w.org\/{rel}","templated":true}]}}