{"id":5026,"date":"2025-04-20T06:14:42","date_gmt":"2025-04-20T06:14:42","guid":{"rendered":"https:\/\/isopllc.com\/pl\/?post_type=product&#038;p=5026"},"modified":"2025-07-15T06:15:28","modified_gmt":"2025-07-15T06:15:28","slug":"stala-drabina-ewakuacyjna-2-pietrowa-4-m","status":"publish","type":"product","link":"https:\/\/isopllc.com\/pl\/product\/stala-drabina-ewakuacyjna-2-pietrowa-4-m\/","title":{"rendered":"Sta\u0142a drabina ewakuacyjna 2-pi\u0119trow\u0105 4 m"},"content":{"rendered":"<h2 id=\"title\" class=\"a-size-large a-spacing-none\"><span id=\"productTitle\" class=\"a-size-large product-title-word-break\">Sta\u0142a drabina ewakuacyjna dla 2-pi\u0119trowego budynku 4 m |, okna lub strychu | Zwisaj\u0105ca drabina na wypadek po\u017caru dla bezpiecze\u0144stwa domu | Zewn\u0119trzna schody do ewakuacji<\/span><\/h2>\n<div class=\"celwidget aplus-module premium-module-4-two-column-images aplus-premium\" data-csa-c-id=\"15yl7x-eio1n0-m9lh6n-socwzs\" data-cel-widget=\"aplus-premium-module-4-two-column-images\">\n<div class=\"a-section a-spacing-none premium-aplus premium-aplus-module-4 aplus-container-1\">\n<div class=\"a-section a-spacing-none premium-aplus-two-column\">\n<div class=\"a-section a-spacing-none premium-aplus-column\">\n<div class=\"a-section a-spacing-none column-description\">\n<div class=\"celwidget aplus-module module-9 aplus-standard\">\n<div class=\"aplus-module-wrapper\">\n<div class=\"\">\n<h3 class=\"a-spacing-small\">Przedstawiamy Pa\u0144stwu unikaln\u0105 sta\u0142\u0105 drabin\u0119 ewakuacyjn\u0105 <span id=\"productTitle\" class=\"a-size-large product-title-word-break\">2-pi\u0119trowego budynku <\/span>od <a href=\"https:\/\/isopllc.com\/\">ISOP<\/a>, kt\u00f3ra rozwi\u0105zuje kilka problem\u00f3w wyst\u0119puj\u0105cych w niemal wszystkich drabinach ewakuacyjnych dost\u0119pnych na rynku!<\/h3>\n<p><img loading=\"lazy\" decoding=\"async\" class=\" wp-image-5027\" src=\"https:\/\/isopllc.com\/pl\/wp-content\/uploads\/sites\/11\/2025\/04\/wall-mounted-ladder7.jpg\" alt=\"Sta\u0142a drabina ewakuacyjna\" width=\"314\" height=\"314\" title=\"\" srcset=\"https:\/\/isopllc.com\/pl\/wp-content\/uploads\/sites\/11\/2025\/04\/wall-mounted-ladder7.jpg 500w, https:\/\/isopllc.com\/pl\/wp-content\/uploads\/sites\/11\/2025\/04\/wall-mounted-ladder7-150x150.jpg 150w, https:\/\/isopllc.com\/pl\/wp-content\/uploads\/sites\/11\/2025\/04\/wall-mounted-ladder7-416x416.jpg 416w, https:\/\/isopllc.com\/pl\/wp-content\/uploads\/sites\/11\/2025\/04\/wall-mounted-ladder7-100x100.jpg 100w, https:\/\/isopllc.com\/pl\/wp-content\/uploads\/sites\/11\/2025\/04\/wall-mounted-ladder7-60x60.jpg 60w, https:\/\/isopllc.com\/pl\/wp-content\/uploads\/sites\/11\/2025\/04\/wall-mounted-ladder7-90x90.jpg 90w\" sizes=\"auto, (max-width: 314px) 100vw, 314px\" \/><\/p>\n<p class=\"a-spacing-base\">O szybko\u015bci i prostocie \u2013 Sta\u0142a drabina ewakuacyjna 2-pi\u0119trow\u0105 4 m jest na sta\u0142e zamocowana do \u015bciany, zar\u00f3wno wewn\u0105trz, jak i na zewn\u0105trz mieszkania, i jest zawsze gotowa do u\u017cycia. Nasza drabina awaryjna rozwija si\u0119 jednym ruchem r\u0119ki w zaledwie 1 sekund\u0119! \u017badna inna Sta\u0142a drabina ewakuacyjna 2-pi\u0119trow\u0105 4 m nie daje tak b\u0142yskawicznego dost\u0119pu do ucieczki z p\u0142on\u0105cego pomieszczenia. Wszystkie inne drabiny przeciwpo\u017carowe musz\u0105 by\u0107 wyci\u0105gane z torby lub pude\u0142ka, mocno przymocowane do czego\u015b, wyrzucane przez okno, a dopiero potem mo\u017ce rozpocz\u0105\u0107 si\u0119 zjazd \u2013 wszystko to w dymie, panice i by\u0107 mo\u017ce w ca\u0142kowitej ciemno\u015bci.<\/p>\n<p class=\"a-text-center\"><img loading=\"lazy\" decoding=\"async\" class=\"alignnone wp-image-4839\" src=\"https:\/\/isopllc.com\/pl\/wp-content\/uploads\/sites\/11\/2023\/12\/wall-rungs-10_2.jpg\" alt=\"Szczeble \u015acienna\" width=\"308\" height=\"286\" title=\"\" srcset=\"https:\/\/isopllc.com\/pl\/wp-content\/uploads\/sites\/11\/2023\/12\/wall-rungs-10_2.jpg 900w, https:\/\/isopllc.com\/pl\/wp-content\/uploads\/sites\/11\/2023\/12\/wall-rungs-10_2-768x714.jpg 768w, https:\/\/isopllc.com\/pl\/wp-content\/uploads\/sites\/11\/2023\/12\/wall-rungs-10_2-416x387.jpg 416w, https:\/\/isopllc.com\/pl\/wp-content\/uploads\/sites\/11\/2023\/12\/wall-rungs-10_2-65x60.jpg 65w, https:\/\/isopllc.com\/pl\/wp-content\/uploads\/sites\/11\/2023\/12\/wall-rungs-10_2-97x90.jpg 97w\" sizes=\"auto, (max-width: 308px) 100vw, 308px\" \/><\/p>\n<p class=\"a-spacing-base\">Stabilno\u015b\u0107 \u2013 Jest wyj\u0105tkowo stabilna, poniewa\u017c posiada podparcia, kt\u00f3re zapobiegaj\u0105 jej zbyt bliskiemu przyleganiu do \u015bciany, co czyni j\u0105 tak stabiln\u0105 jak trwale zamocowana metalowa drabina. Nie ko\u0142ysze si\u0119 we wszystkich kierunkach jak typowa tania drabina linowa.<\/p>\n<p class=\"a-spacing-base\">Oszcz\u0119dno\u015b\u0107 miejsca \u2013 Nie zajmuje miejsca w mieszkaniu, poniewa\u017c mo\u017ce by\u0107 zamontowana na zewn\u0119trznej \u015bcianie pod oknem lub balkonem.<\/p>\n<p class=\"a-text-center\"><img loading=\"lazy\" decoding=\"async\" class=\"alignnone size-full wp-image-5028\" src=\"https:\/\/isopllc.com\/pl\/wp-content\/uploads\/sites\/11\/2025\/04\/wall-mounted-ladder9.jpeg\" alt=\"Drabiny do ewakuacji\" width=\"300\" height=\"300\" title=\"\" srcset=\"https:\/\/isopllc.com\/pl\/wp-content\/uploads\/sites\/11\/2025\/04\/wall-mounted-ladder9.jpeg 300w, https:\/\/isopllc.com\/pl\/wp-content\/uploads\/sites\/11\/2025\/04\/wall-mounted-ladder9-150x150.jpeg 150w, https:\/\/isopllc.com\/pl\/wp-content\/uploads\/sites\/11\/2025\/04\/wall-mounted-ladder9-100x100.jpeg 100w, https:\/\/isopllc.com\/pl\/wp-content\/uploads\/sites\/11\/2025\/04\/wall-mounted-ladder9-60x60.jpeg 60w, https:\/\/isopllc.com\/pl\/wp-content\/uploads\/sites\/11\/2025\/04\/wall-mounted-ladder9-90x90.jpeg 90w\" sizes=\"auto, (max-width: 300px) 100vw, 300px\" \/><\/p>\n<p class=\"a-spacing-base\">Wodoodporno\u015b\u0107 \u2013 Wykonana w ca\u0142o\u015bci z materia\u0142\u00f3w wodoodpornych, nie zawiedzie jak inne drabiny ewakuacyjne konkurencji.<\/p>\n<p class=\"a-spacing-base\">Wielokrotnego u\u017cytku \u2013 Drabina wisz\u0105ca zaprojektowana do wielokrotnego u\u017cytku, poniewa\u017c wszystkie materia\u0142y s\u0105 super trwa\u0142e i przetestowane pod k\u0105tem wytrzyma\u0142o\u015bci.<\/p>\n<p class=\"a-spacing-base\">Antyw\u0142amaniowo\u015b\u0107 \u2013 Po zje\u017adzie po drabinie ewakuacyjnej dwupi\u0119trowej, mo\u017cna j\u0105 zwin\u0105\u0107 z powrotem do g\u00f3ry, zapobiegaj\u0105c jej u\u017cywaniu przez z\u0142odziei.<\/p>\n<p><img loading=\"lazy\" decoding=\"async\" class=\"alignnone size-full wp-image-5029\" src=\"https:\/\/isopllc.com\/pl\/wp-content\/uploads\/sites\/11\/2025\/04\/c4bc4c42-e6a5-406b-be6c-1d0376ef1a60.__CR0010801080_PT0_SX300_V1___.jpeg\" alt=\"Zwisaj\u0105ca drabina\" width=\"300\" height=\"300\" title=\"\" srcset=\"https:\/\/isopllc.com\/pl\/wp-content\/uploads\/sites\/11\/2025\/04\/c4bc4c42-e6a5-406b-be6c-1d0376ef1a60.__CR0010801080_PT0_SX300_V1___.jpeg 300w, https:\/\/isopllc.com\/pl\/wp-content\/uploads\/sites\/11\/2025\/04\/c4bc4c42-e6a5-406b-be6c-1d0376ef1a60.__CR0010801080_PT0_SX300_V1___-150x150.jpeg 150w, https:\/\/isopllc.com\/pl\/wp-content\/uploads\/sites\/11\/2025\/04\/c4bc4c42-e6a5-406b-be6c-1d0376ef1a60.__CR0010801080_PT0_SX300_V1___-100x100.jpeg 100w, https:\/\/isopllc.com\/pl\/wp-content\/uploads\/sites\/11\/2025\/04\/c4bc4c42-e6a5-406b-be6c-1d0376ef1a60.__CR0010801080_PT0_SX300_V1___-60x60.jpeg 60w, https:\/\/isopllc.com\/pl\/wp-content\/uploads\/sites\/11\/2025\/04\/c4bc4c42-e6a5-406b-be6c-1d0376ef1a60.__CR0010801080_PT0_SX300_V1___-90x90.jpeg 90w\" sizes=\"auto, (max-width: 300px) 100vw, 300px\" \/><\/p>\n<\/div>\n<\/div>\n<\/div>\n<div class=\"celwidget aplus-module module-9 aplus-standard\">\n<div class=\"aplus-module-wrapper\">\n<div class=\"\">\n<p class=\"a-spacing-base\">Sta\u0142a drabina ewakuacyjna 2-pi\u0119trow\u0105 4 m s\u0105 wodoodporne i odporne na warunki atmosferyczne, wyj\u0105tkowo stabilne dzi\u0119ki podparciom, a ich no\u015bno\u015b\u0107 wynosi a\u017c 460 lbs. Sta\u0142a drabina ewakuacyjna 2-pi\u0119trow\u0105 4 m przymocowana do \u015bciany jest zamocowana do \u015bciany, przy czym tylko pierwszy szczebel jest sta\u0142y, a reszta \u0142atwo si\u0119 rozwija i mo\u017ce by\u0107 zwini\u0119ta. Dzi\u0119ki temu mo\u017cna z niej korzysta\u0107 bez utraty cennych sekund w czasie po\u017caru.<\/p>\n<p class=\"a-text-center\"><img loading=\"lazy\" decoding=\"async\" class=\"alignnone wp-image-5015\" src=\"https:\/\/isopllc.com\/pl\/wp-content\/uploads\/sites\/11\/2025\/04\/wall-mounted-ladder4-1.jpg\" alt=\"Zabezpiecz Sw\u00f3j Dom Przed Po\u017carem\" width=\"285\" height=\"285\" title=\"\" srcset=\"https:\/\/isopllc.com\/pl\/wp-content\/uploads\/sites\/11\/2025\/04\/wall-mounted-ladder4-1.jpg 1200w, https:\/\/isopllc.com\/pl\/wp-content\/uploads\/sites\/11\/2025\/04\/wall-mounted-ladder4-1-150x150.jpg 150w, https:\/\/isopllc.com\/pl\/wp-content\/uploads\/sites\/11\/2025\/04\/wall-mounted-ladder4-1-768x768.jpg 768w, https:\/\/isopllc.com\/pl\/wp-content\/uploads\/sites\/11\/2025\/04\/wall-mounted-ladder4-1-1000x1000.jpg 1000w, https:\/\/isopllc.com\/pl\/wp-content\/uploads\/sites\/11\/2025\/04\/wall-mounted-ladder4-1-416x416.jpg 416w, https:\/\/isopllc.com\/pl\/wp-content\/uploads\/sites\/11\/2025\/04\/wall-mounted-ladder4-1-100x100.jpg 100w, https:\/\/isopllc.com\/pl\/wp-content\/uploads\/sites\/11\/2025\/04\/wall-mounted-ladder4-1-60x60.jpg 60w, https:\/\/isopllc.com\/pl\/wp-content\/uploads\/sites\/11\/2025\/04\/wall-mounted-ladder4-1-90x90.jpg 90w\" sizes=\"auto, (max-width: 285px) 100vw, 285px\" \/><\/p>\n<p class=\"a-spacing-base\">Wszechstronno\u015b\u0107 \u2013 Mo\u017cesz u\u017cy\u0107 tej drabiny w sytuacjach awaryjnych wsz\u0119dzie, czy to w wykopie, na dachu, w bunkrze, czy w budynkach wielopi\u0119trowych. W przeciwie\u0144stwie do innych sta\u0142ych drabin przeciwpo\u017carowych, tych nie mog\u0105 u\u017cywa\u0107 z\u0142odzieje; po zje\u017adzie po prostu je zwini\u0119isz. Wszystkie cz\u0119\u015bci drabiny zewn\u0119trznej wykonane s\u0105 z materia\u0142\u00f3w odpornych na korozj\u0119, takich jak stal nierdzewna, a ta\u015bma wykonana jest z rzadkiego materia\u0142u wodoodpornego.<\/p>\n<p class=\"a-text-center\"><img loading=\"lazy\" decoding=\"async\" class=\"alignnone size-full wp-image-5030\" src=\"https:\/\/isopllc.com\/pl\/wp-content\/uploads\/sites\/11\/2025\/04\/wall-mounted-ladder10.jpeg\" alt=\"Wodoodporna drabina przeciwpo\u017carowa\" width=\"300\" height=\"300\" title=\"\" srcset=\"https:\/\/isopllc.com\/pl\/wp-content\/uploads\/sites\/11\/2025\/04\/wall-mounted-ladder10.jpeg 300w, https:\/\/isopllc.com\/pl\/wp-content\/uploads\/sites\/11\/2025\/04\/wall-mounted-ladder10-150x150.jpeg 150w, https:\/\/isopllc.com\/pl\/wp-content\/uploads\/sites\/11\/2025\/04\/wall-mounted-ladder10-100x100.jpeg 100w, https:\/\/isopllc.com\/pl\/wp-content\/uploads\/sites\/11\/2025\/04\/wall-mounted-ladder10-60x60.jpeg 60w, https:\/\/isopllc.com\/pl\/wp-content\/uploads\/sites\/11\/2025\/04\/wall-mounted-ladder10-90x90.jpeg 90w\" sizes=\"auto, (max-width: 300px) 100vw, 300px\" \/><\/p>\n<p class=\"a-spacing-base\">Instrukcje dotycz\u0105ce u\u017cycia:<\/p>\n<p class=\"a-spacing-base\">1) Przymocuj pierwszy szczebel do zewn\u0119trznej \u015bciany pod oknem (lub opcjonalnie do \u015bciany wewn\u0119trznej).<\/p>\n<p class=\"a-spacing-base\">2) W trakcie u\u017cycia rozwi\u0144 zabezpieczaj\u0105c\u0105 os\u0142on\u0119 ta\u015bmy i wyrzu\u0107 drabin\u0119 w d\u00f3\u0142.<\/p>\n<p class=\"a-spacing-base\">3) U\u017cywaj\u0105c obu r\u0105k na szczeblach, zje\u017cd\u017caj powoli.<\/p>\n<p><img loading=\"lazy\" decoding=\"async\" class=\"alignnone size-full wp-image-5031\" src=\"https:\/\/isopllc.com\/pl\/wp-content\/uploads\/sites\/11\/2025\/04\/wall-mounted-ladder11.jpeg\" alt=\"\" width=\"300\" height=\"300\" title=\"\" srcset=\"https:\/\/isopllc.com\/pl\/wp-content\/uploads\/sites\/11\/2025\/04\/wall-mounted-ladder11.jpeg 300w, https:\/\/isopllc.com\/pl\/wp-content\/uploads\/sites\/11\/2025\/04\/wall-mounted-ladder11-150x150.jpeg 150w, https:\/\/isopllc.com\/pl\/wp-content\/uploads\/sites\/11\/2025\/04\/wall-mounted-ladder11-100x100.jpeg 100w, https:\/\/isopllc.com\/pl\/wp-content\/uploads\/sites\/11\/2025\/04\/wall-mounted-ladder11-60x60.jpeg 60w, https:\/\/isopllc.com\/pl\/wp-content\/uploads\/sites\/11\/2025\/04\/wall-mounted-ladder11-90x90.jpeg 90w\" sizes=\"auto, (max-width: 300px) 100vw, 300px\" \/><\/p>\n<\/div>\n<\/div>\n<\/div>\n<div class=\"celwidget aplus-module module-9 aplus-standard\">\n<div class=\"aplus-module-wrapper\">\n<div class=\"\">\n<p class=\"a-spacing-base\">Sta\u0142a drabina ewakuacyjna 2-pi\u0119trow\u0105 4 m przymocowane do \u015bciany s\u0105 wolne od spl\u0105tania, kompaktowe, wielokrotnego u\u017cytku, dost\u0119pne w r\u00f3\u017cnych d\u0142ugo\u015bciach, lekkie, nadaj\u0105ce si\u0119 do u\u017cytku na zewn\u0105trz i wewn\u0105trz, funkcjonalne oraz trwa\u0142e. To najlepszy wyb\u00f3r dla bezpiecze\u0144stwa po\u017carowego twojej rodziny. Trwale przymocowane Sta\u0142a drabina ewakuacyjna 2-pi\u0119trow\u0105 4 m to kluczowy element bezpiecze\u0144stwa, zaprojektowany w celu zapewnienia niezawodnego i \u0142atwego dost\u0119pu do ewakuacji w sytuacjach awaryjnych zwi\u0105zanych z po\u017carem. S\u0105 one trwale przymocowane do budynku, co zapewnia ich gotowo\u015b\u0107 do u\u017cycia w ka\u017cdej chwili.<\/p>\n<p class=\"a-text-center\"><img loading=\"lazy\" decoding=\"async\" class=\"alignnone size-full wp-image-5032\" src=\"https:\/\/isopllc.com\/pl\/wp-content\/uploads\/sites\/11\/2025\/04\/wall-mounted-ladder12.jpeg\" alt=\"Zewn\u0119trzna schody do ewakuacji\" width=\"300\" height=\"300\" title=\"\" srcset=\"https:\/\/isopllc.com\/pl\/wp-content\/uploads\/sites\/11\/2025\/04\/wall-mounted-ladder12.jpeg 300w, https:\/\/isopllc.com\/pl\/wp-content\/uploads\/sites\/11\/2025\/04\/wall-mounted-ladder12-150x150.jpeg 150w, https:\/\/isopllc.com\/pl\/wp-content\/uploads\/sites\/11\/2025\/04\/wall-mounted-ladder12-100x100.jpeg 100w, https:\/\/isopllc.com\/pl\/wp-content\/uploads\/sites\/11\/2025\/04\/wall-mounted-ladder12-60x60.jpeg 60w, https:\/\/isopllc.com\/pl\/wp-content\/uploads\/sites\/11\/2025\/04\/wall-mounted-ladder12-90x90.jpeg 90w\" sizes=\"auto, (max-width: 300px) 100vw, 300px\" \/><\/p>\n<p class=\"a-spacing-base\">Zastosowanie w budynkach mieszkalnych: Zapewnia wyj\u015bcie awaryjne dla dom\u00f3w, szczeg\u00f3lnie w budynkach wielopi\u0119trowych.<\/p>\n<p>Certyfikowane<\/p>\n<p>Nasze drabiny, w przeciwie\u0144stwie do wszystkich podobnych na rynku, s\u0105 certyfikowane zgodnie z norm\u0105 jako\u015bci EN 131. Lepiej powierzy\u0107 swoje \u017cycie produktowi, kt\u00f3ry przeszed\u0142 wszystkie niezb\u0119dne testy, ni\u017c nieco ta\u0144szemu wyrobowi wykonanemu nie wiadomo z czego.<\/p>\n<p><img loading=\"lazy\" decoding=\"async\" class=\"alignnone  wp-image-5192\" src=\"https:\/\/isopllc.com\/pl\/wp-content\/uploads\/sites\/11\/2025\/04\/Certified-EN131.jpg\" alt=\"Certyfikowane Drabina\" width=\"279\" height=\"279\" title=\"\" srcset=\"https:\/\/isopllc.com\/pl\/wp-content\/uploads\/sites\/11\/2025\/04\/Certified-EN131.jpg 900w, https:\/\/isopllc.com\/pl\/wp-content\/uploads\/sites\/11\/2025\/04\/Certified-EN131-150x150.jpg 150w, https:\/\/isopllc.com\/pl\/wp-content\/uploads\/sites\/11\/2025\/04\/Certified-EN131-768x768.jpg 768w, https:\/\/isopllc.com\/pl\/wp-content\/uploads\/sites\/11\/2025\/04\/Certified-EN131-416x416.jpg 416w, https:\/\/isopllc.com\/pl\/wp-content\/uploads\/sites\/11\/2025\/04\/Certified-EN131-100x100.jpg 100w\" sizes=\"auto, (max-width: 279px) 100vw, 279px\" \/><\/p>\n<p class=\"a-spacing-base\">Budynki komercyjne: Zapewniaj\u0105 zgodno\u015b\u0107 z kodeksami bezpiecze\u0144stwa po\u017carowego i u\u0142atwiaj\u0105 bezpieczn\u0105 ewakuacj\u0119 pracownik\u00f3w i go\u015bci.<\/p>\n<p class=\"a-text-center\"><img loading=\"lazy\" decoding=\"async\" class=\"alignnone wp-image-4896\" src=\"https:\/\/isopllc.com\/pl\/wp-content\/uploads\/sites\/11\/2024\/05\/8EE4ABE8-803C-4EAB-ACC3-91B7D513AFB7.jpeg\" alt=\"Drabin Ewakuacyjnych\" width=\"301\" height=\"256\" title=\"\" srcset=\"https:\/\/isopllc.com\/pl\/wp-content\/uploads\/sites\/11\/2024\/05\/8EE4ABE8-803C-4EAB-ACC3-91B7D513AFB7.jpeg 890w, https:\/\/isopllc.com\/pl\/wp-content\/uploads\/sites\/11\/2024\/05\/8EE4ABE8-803C-4EAB-ACC3-91B7D513AFB7-768x654.jpeg 768w, https:\/\/isopllc.com\/pl\/wp-content\/uploads\/sites\/11\/2024\/05\/8EE4ABE8-803C-4EAB-ACC3-91B7D513AFB7-416x354.jpeg 416w, https:\/\/isopllc.com\/pl\/wp-content\/uploads\/sites\/11\/2024\/05\/8EE4ABE8-803C-4EAB-ACC3-91B7D513AFB7-70x60.jpeg 70w, https:\/\/isopllc.com\/pl\/wp-content\/uploads\/sites\/11\/2024\/05\/8EE4ABE8-803C-4EAB-ACC3-91B7D513AFB7-106x90.jpeg 106w\" sizes=\"auto, (max-width: 301px) 100vw, 301px\" \/><\/p>\n<p class=\"a-spacing-base\">Obiekty przemys\u0142owe: Oferuj\u0105 szybkie trasy ucieczki w fabrykach, magazynach lub podobnych miejscach.<\/p>\n<p class=\"a-spacing-base\">Szpitale i szko\u0142y: Zapewniaj\u0105 bezpieczn\u0105 tras\u0119 ewakuacyjn\u0105 dla os\u00f3b wra\u017cliwych, takich jak pacjenci i uczniowie.<\/p>\n<p class=\"a-spacing-base\">Hotele i wysoko\u015bciowce: Kluczowe dla zapewnienia bezpiecze\u0144stwa go\u015bciom i mieszka\u0144com w sytuacjach awaryjnych.<\/p>\n<\/div>\n<\/div>\n<\/div>\n<\/div>\n<\/div>\n<div class=\"a-section a-spacing-none premium-aplus-column\">\n<div class=\"a-section a-spacing-none column-description\">\n<p class=\"aplus-p3\">Dost\u0119pne tak\u017ce dla <a href=\"https:\/\/isopllc.com\/pl\/product\/zewnetrzna-drabina-ewakuacyjna-8-m\/\"><strong>3 pi\u0119ter.<\/strong><\/a><\/p>\n<\/div>\n<\/div>\n<\/div>\n<\/div>\n<\/div>\n","protected":false},"excerpt":{"rendered":"[embed]https:\/\/youtu.be\/7Ojk0fAWS5Y?si=FPgZu1wdWNQD5krM[\/embed]\n<p id=\"title\" class=\"a-size-large a-spacing-none\" style=\"text-align: center\"><span id=\"productTitle\" class=\"a-size-large product-title-word-break\">Sta\u0142a drabina ewakuacyjna dla 2-pi\u0119trowego budynku 4 m | Drabiny do ewakuacji, okna lub strychu | Zwisaj\u0105ca drabina na wypadek po\u017caru dla bezpiecze\u0144stwa domu | Zewn\u0119trzna schody do ewakuacji<\/span><\/p>\n<p style=\"text-align: center\">BEZP\u0141ATNA DOSTAWA W CI\u0104GU 3-7 DNI<\/p>\n<h4 style=\"text-align: center\"><strong>KUP TO NA<\/strong><br \/>\n<a href=\"https:\/\/www.amazon.pl\/dp\/B0D8J8QFCF\/ref=sr_1_1?__mk_pl_PL=%C3%85M%C3%85%C5%BD%C3%95%C3%91&amp;crid=J7D2V7OIT6SB&amp;dib=eyJ2IjoiMSJ9.WXWVTJNvefmXspB1wKDEOA.5IvgsvdA5lYr9vrTkMH10TsHnzHFNKbJe-61yCEfouE&amp;dib_tag=se&amp;keywords=Sta%C5%82a+drabina+ewakuacyjna+dla+2-pi%C4%99trowego+budynku+Drabiny+do+ewakuacji&amp;qid=1745131163&amp;sprefix=b0d8j8qfcf%2Caps%2C410&amp;sr=8-1&amp;th=1\"><img loading=\"lazy\" decoding=\"async\" class=\"aligncenter wp-image-1040 size-full\" src=\"https:\/\/isopllc.com\/pl\/wp-content\/uploads\/sites\/11\/2020\/01\/amazon-button9.png\" alt=\"\" width=\"160\" height=\"59\" \/><\/a><\/h4>\n","protected":false},"featured_media":5027,"comment_status":"open","ping_status":"closed","template":"","meta":[],"product_brand":[],"product_cat":[213,212,208,206],"product_tag":[100,98,99,97],"class_list":{"0":"post-5026","1":"product","2":"type-product","3":"status-publish","4":"has-post-thumbnail","6":"product_cat-drabiny-ewakuacyjne-przeciwpozarowe-1-pietrowe","7":"product_cat-drabiny-ewakuacyjne-przeciwpozarowe-2-pietrowe","8":"product_cat-drabiny-ewakuacyjne-z-dystansami","9":"product_cat-drabiny-montowane-na-scianie","10":"product_tag-akcesoria-scienne","11":"product_tag-isop","12":"product_tag-sprzet-wspinaczkowy","13":"product_tag-szczeble-scienne","15":"first","16":"instock","17":"shipping-taxable","18":"purchasable","19":"product-type-variable"},"_links":{"self":[{"href":"https:\/\/isopllc.com\/pl\/wp-json\/wp\/v2\/product\/5026","targetHints":{"allow":["GET"]}}],"collection":[{"href":"https:\/\/isopllc.com\/pl\/wp-json\/wp\/v2\/product"}],"about":[{"href":"https:\/\/isopllc.com\/pl\/wp-json\/wp\/v2\/types\/product"}],"replies":[{"embeddable":true,"href":"https:\/\/isopllc.com\/pl\/wp-json\/wp\/v2\/comments?post=5026"}],"wp:featuredmedia":[{"embeddable":true,"href":"https:\/\/isopllc.com\/pl\/wp-json\/wp\/v2\/media\/5027"}],"wp:attachment":[{"href":"https:\/\/isopllc.com\/pl\/wp-json\/wp\/v2\/media?parent=5026"}],"wp:term":[{"taxonomy":"product_brand","embeddable":true,"href":"https:\/\/isopllc.com\/pl\/wp-json\/wp\/v2\/product_brand?post=5026"},{"taxonomy":"product_cat","embeddable":true,"href":"https:\/\/isopllc.com\/pl\/wp-json\/wp\/v2\/product_cat?post=5026"},{"taxonomy":"product_tag","embeddable":true,"href":"https:\/\/isopllc.com\/pl\/wp-json\/wp\/v2\/product_tag?post=5026"}],"curies":[{"name":"wp","href":"https:\/\/api.w.org\/{rel}","templated":true}]}}