{"id":5039,"date":"2025-04-20T06:43:41","date_gmt":"2025-04-20T06:43:41","guid":{"rendered":"https:\/\/isopllc.com\/pl\/?post_type=product&#038;p=5039"},"modified":"2025-07-15T06:15:30","modified_gmt":"2025-07-15T06:15:30","slug":"zewnetrzna-drabina-ewakuacyjna-8-m","status":"publish","type":"product","link":"https:\/\/isopllc.com\/pl\/product\/zewnetrzna-drabina-ewakuacyjna-8-m\/","title":{"rendered":"Zewn\u0119trzna Drabina Ewakuacyjna na \u015acianie 8 m"},"content":{"rendered":"<h2 id=\"title\" class=\"a-size-large a-spacing-none\"><span id=\"productTitle\" class=\"a-size-large product-title-word-break\">Zewn\u0119trzna Drabina Ewakuacyjna Montowana Na \u015acianie Dla 3-Pi\u0119trowego Domu 8 m | Wodoodporna Drabina Przeciwpo\u017carowa | Sta\u0142a Schody Awaryjna Zamontowana Przy Oknie lub Balkonie, Gotowa do Ewakuacji<\/span><\/h2>\n<div class=\"celwidget aplus-module premium-module-4-two-column-images aplus-premium\" data-csa-c-id=\"15yl7x-eio1n0-m9lh6n-socwzs\" data-cel-widget=\"aplus-premium-module-4-two-column-images\">\n<div class=\"a-section a-spacing-none premium-aplus premium-aplus-module-4 aplus-container-1\">\n<div class=\"a-section a-spacing-none premium-aplus-two-column\">\n<div class=\"a-section a-spacing-none premium-aplus-column\">\n<div class=\"a-section a-spacing-none column-description\">\n<div class=\"celwidget aplus-module module-9 aplus-standard\">\n<div class=\"aplus-module-wrapper\">\n<div class=\"\"><\/div>\n<\/div>\n<\/div>\n<\/div>\n<\/div>\n<div class=\"a-section a-spacing-none premium-aplus-column\">\n<div class=\"a-section a-spacing-none column-description\">\n<div class=\"celwidget aplus-module module-9 aplus-standard\">\n<div class=\"aplus-module-wrapper\">\n<div class=\"\">\n<h3 class=\"a-spacing-small\">Przedstawiamy Pa\u0144stwu unikaln\u0105 <a href=\"https:\/\/isopllc.com\/\">Zewn\u0119trzna drabina ewakuacyjna<\/a> montowana na \u015bcianie dla 3-pi\u0119trow\u0105, kt\u00f3ra rozwi\u0105zuje kilka problem\u00f3w wyst\u0119puj\u0105cych w prawie wszystkich drabinach ewakuacyjnych na rynku!<\/h3>\n<p><img loading=\"lazy\" decoding=\"async\" class=\" wp-image-5027\" src=\"https:\/\/isopllc.com\/pl\/wp-content\/uploads\/sites\/11\/2025\/04\/wall-mounted-ladder7.jpg\" alt=\"Sta\u0142a drabina ewakuacyjna\" width=\"300\" height=\"300\" title=\"\" srcset=\"https:\/\/isopllc.com\/pl\/wp-content\/uploads\/sites\/11\/2025\/04\/wall-mounted-ladder7.jpg 500w, https:\/\/isopllc.com\/pl\/wp-content\/uploads\/sites\/11\/2025\/04\/wall-mounted-ladder7-150x150.jpg 150w, https:\/\/isopllc.com\/pl\/wp-content\/uploads\/sites\/11\/2025\/04\/wall-mounted-ladder7-416x416.jpg 416w, https:\/\/isopllc.com\/pl\/wp-content\/uploads\/sites\/11\/2025\/04\/wall-mounted-ladder7-100x100.jpg 100w, https:\/\/isopllc.com\/pl\/wp-content\/uploads\/sites\/11\/2025\/04\/wall-mounted-ladder7-60x60.jpg 60w, https:\/\/isopllc.com\/pl\/wp-content\/uploads\/sites\/11\/2025\/04\/wall-mounted-ladder7-90x90.jpg 90w\" sizes=\"auto, (max-width: 300px) 100vw, 300px\" \/><\/p>\n<p class=\"a-spacing-base\">Szybko\u015b\u0107 i prostota \u2013 Zewn\u0119trzna drabina ewakuacyjna montowana na \u015bcianie dla 3-pi\u0119trowego domu 8 m jest trwale przymocowana do \u015bciany, zar\u00f3wno wewn\u0105trz, jak i na zewn\u0105trz mieszkania, i jest zawsze gotowa do u\u017cycia. Nasza Zewn\u0119trzna drabina ewakuacyjna montowana na \u015bcianie dla 3-pi\u0119trowego domu 8 m rozwija si\u0119 jednym ruchem r\u0119ki w zaledwie 1 sekund\u0119! \u017badna inna drabina ewakuacyjna na rynku nie zapewnia tak szybkiego dost\u0119pu do ucieczki z p\u0142on\u0105cego pomieszczenia. Wszystkie inne drabiny musz\u0105 by\u0107 wyci\u0105gane z torby lub pude\u0142ka, bezpiecznie przymocowywane do czego\u015b, wyrzucane przez okno, a dopiero potem mo\u017ce rozpocz\u0105\u0107 si\u0119 zej\u015bcie \u2013 wszystko to w dymie, panice, a by\u0107 mo\u017ce w ca\u0142kowitych ciemno\u015bciach.<\/p>\n<p class=\"a-text-center\"><img loading=\"lazy\" decoding=\"async\" class=\"alignnone wp-image-4839\" src=\"https:\/\/isopllc.com\/pl\/wp-content\/uploads\/sites\/11\/2023\/12\/wall-rungs-10_2.jpg\" alt=\"Szczeble \u015acienna\" width=\"304\" height=\"283\" title=\"\" srcset=\"https:\/\/isopllc.com\/pl\/wp-content\/uploads\/sites\/11\/2023\/12\/wall-rungs-10_2.jpg 900w, https:\/\/isopllc.com\/pl\/wp-content\/uploads\/sites\/11\/2023\/12\/wall-rungs-10_2-768x714.jpg 768w, https:\/\/isopllc.com\/pl\/wp-content\/uploads\/sites\/11\/2023\/12\/wall-rungs-10_2-416x387.jpg 416w, https:\/\/isopllc.com\/pl\/wp-content\/uploads\/sites\/11\/2023\/12\/wall-rungs-10_2-65x60.jpg 65w, https:\/\/isopllc.com\/pl\/wp-content\/uploads\/sites\/11\/2023\/12\/wall-rungs-10_2-97x90.jpg 97w\" sizes=\"auto, (max-width: 304px) 100vw, 304px\" \/><\/p>\n<p class=\"a-spacing-base\">Stabilno\u015b\u0107 \u2013 Jest wyj\u0105tkowo stabilna, poniewa\u017c ma stojaki, kt\u00f3re zapobiegaj\u0105 zbytniemu przyleganiu do \u015bciany, co sprawia, \u017ce jest tak stabilna jak na sta\u0142e zamontowana \u017celazna drabina. Nie ko\u0142ysze si\u0119 we wszystkich kierunkach jak typowa tania drabina sznurkowa.<\/p>\n<p class=\"a-spacing-base\">Oszcz\u0119dno\u015b\u0107 miejsca \u2013 Nie zajmuje miejsca wewn\u0105trz mieszkania, poniewa\u017c mo\u017cna j\u0105 zamontowa\u0107 na zewn\u0119trznej \u015bcianie pod oknem lub balkonem.<\/p>\n<p class=\"a-text-center\"><img loading=\"lazy\" decoding=\"async\" class=\"alignnone size-full wp-image-5028\" src=\"https:\/\/isopllc.com\/pl\/wp-content\/uploads\/sites\/11\/2025\/04\/wall-mounted-ladder9.jpeg\" alt=\"Drabiny do ewakuacji\" width=\"300\" height=\"300\" title=\"\" srcset=\"https:\/\/isopllc.com\/pl\/wp-content\/uploads\/sites\/11\/2025\/04\/wall-mounted-ladder9.jpeg 300w, https:\/\/isopllc.com\/pl\/wp-content\/uploads\/sites\/11\/2025\/04\/wall-mounted-ladder9-150x150.jpeg 150w, https:\/\/isopllc.com\/pl\/wp-content\/uploads\/sites\/11\/2025\/04\/wall-mounted-ladder9-100x100.jpeg 100w, https:\/\/isopllc.com\/pl\/wp-content\/uploads\/sites\/11\/2025\/04\/wall-mounted-ladder9-60x60.jpeg 60w, https:\/\/isopllc.com\/pl\/wp-content\/uploads\/sites\/11\/2025\/04\/wall-mounted-ladder9-90x90.jpeg 90w\" sizes=\"auto, (max-width: 300px) 100vw, 300px\" \/><\/p>\n<p class=\"a-spacing-base\">Wodoszczelno\u015b\u0107 \u2013 Wykonana w ca\u0142o\u015bci z materia\u0142\u00f3w odpornych na wod\u0119, nie zawiedzie jak inne drabiny ewakuacyjne od konkurencji.<\/p>\n<p class=\"a-spacing-base\">Wielokrotnego u\u017cytku \u2013 Drabina wisz\u0105ca zaprojektowana do wielokrotnego u\u017cytku, poniewa\u017c wszystkie materia\u0142y s\u0105 niezwykle trwa\u0142e i przetestowane pod k\u0105tem wytrzyma\u0142o\u015bci.<\/p>\n<p class=\"a-spacing-base\">Antyw\u0142amaniowa \u2013 Po zje\u017adzie drabin\u0105 ewakuacyjn\u0105 3-pi\u0119trow\u0105, mo\u017cesz j\u0105 zwin\u0105\u0107 z powrotem, uniemo\u017cliwiaj\u0105c z\u0142odziejom jej u\u017cycie.<\/p>\n<\/div>\n<\/div>\n<\/div>\n<div class=\"celwidget aplus-module module-9 aplus-standard\">\n<div class=\"aplus-module-wrapper\">\n<div class=\"\">\n<h3 class=\"a-spacing-small\">Zewn\u0119trzna drabina ewakuacyjna montowana na \u015bcianie dla dom\u00f3w trzypi\u0119trowych jest wodoodporna i odporna na warunki atmosferyczne, wyj\u0105tkowo stabilna z uchwytami i mo\u017ce utrzyma\u0107 do 200 kg.<\/h3>\n<p class=\"a-text-center\"><img loading=\"lazy\" decoding=\"async\" class=\"alignnone size-full wp-image-5029\" src=\"https:\/\/isopllc.com\/pl\/wp-content\/uploads\/sites\/11\/2025\/04\/c4bc4c42-e6a5-406b-be6c-1d0376ef1a60.__CR0010801080_PT0_SX300_V1___.jpeg\" alt=\"Zwisaj\u0105ca drabina\" width=\"300\" height=\"300\" title=\"\" srcset=\"https:\/\/isopllc.com\/pl\/wp-content\/uploads\/sites\/11\/2025\/04\/c4bc4c42-e6a5-406b-be6c-1d0376ef1a60.__CR0010801080_PT0_SX300_V1___.jpeg 300w, https:\/\/isopllc.com\/pl\/wp-content\/uploads\/sites\/11\/2025\/04\/c4bc4c42-e6a5-406b-be6c-1d0376ef1a60.__CR0010801080_PT0_SX300_V1___-150x150.jpeg 150w, https:\/\/isopllc.com\/pl\/wp-content\/uploads\/sites\/11\/2025\/04\/c4bc4c42-e6a5-406b-be6c-1d0376ef1a60.__CR0010801080_PT0_SX300_V1___-100x100.jpeg 100w, https:\/\/isopllc.com\/pl\/wp-content\/uploads\/sites\/11\/2025\/04\/c4bc4c42-e6a5-406b-be6c-1d0376ef1a60.__CR0010801080_PT0_SX300_V1___-60x60.jpeg 60w, https:\/\/isopllc.com\/pl\/wp-content\/uploads\/sites\/11\/2025\/04\/c4bc4c42-e6a5-406b-be6c-1d0376ef1a60.__CR0010801080_PT0_SX300_V1___-90x90.jpeg 90w\" sizes=\"auto, (max-width: 300px) 100vw, 300px\" \/><\/p>\n<p class=\"a-spacing-base\">Zewn\u0119trzna drabina ewakuacyjna montowana na \u015bcianie dla 3-pi\u0119trowego domu 8 m jest przymocowana do \u015bciany, przy czym tylko pierwszy szczebel jest sta\u0142y, a pozosta\u0142e rozwijaj\u0105 si\u0119 \u0142atwo i mog\u0105 by\u0107 zwijane. Pozwala to na jej u\u017cycie bez tracenia cennych sekund podczas po\u017caru.<\/p>\n<p class=\"a-text-center\"><img loading=\"lazy\" decoding=\"async\" class=\"alignnone wp-image-5015\" src=\"https:\/\/isopllc.com\/pl\/wp-content\/uploads\/sites\/11\/2025\/04\/wall-mounted-ladder4-1.jpg\" alt=\"Zabezpiecz Sw\u00f3j Dom Przed Po\u017carem\" width=\"310\" height=\"310\" title=\"\" srcset=\"https:\/\/isopllc.com\/pl\/wp-content\/uploads\/sites\/11\/2025\/04\/wall-mounted-ladder4-1.jpg 1200w, https:\/\/isopllc.com\/pl\/wp-content\/uploads\/sites\/11\/2025\/04\/wall-mounted-ladder4-1-150x150.jpg 150w, https:\/\/isopllc.com\/pl\/wp-content\/uploads\/sites\/11\/2025\/04\/wall-mounted-ladder4-1-768x768.jpg 768w, https:\/\/isopllc.com\/pl\/wp-content\/uploads\/sites\/11\/2025\/04\/wall-mounted-ladder4-1-1000x1000.jpg 1000w, https:\/\/isopllc.com\/pl\/wp-content\/uploads\/sites\/11\/2025\/04\/wall-mounted-ladder4-1-416x416.jpg 416w, https:\/\/isopllc.com\/pl\/wp-content\/uploads\/sites\/11\/2025\/04\/wall-mounted-ladder4-1-100x100.jpg 100w, https:\/\/isopllc.com\/pl\/wp-content\/uploads\/sites\/11\/2025\/04\/wall-mounted-ladder4-1-60x60.jpg 60w, https:\/\/isopllc.com\/pl\/wp-content\/uploads\/sites\/11\/2025\/04\/wall-mounted-ladder4-1-90x90.jpg 90w\" sizes=\"auto, (max-width: 310px) 100vw, 310px\" \/><\/p>\n<p class=\"a-spacing-base\">B\u0119d\u0105c uniwersaln\u0105, mo\u017cesz u\u017cywa\u0107 tej drabiny ewakuacyjnej montowanej na \u015bcianie w dowolnym miejscu, w tym w studni, na dachu, w bunkrze lub w budynkach wielopi\u0119trowych. W odr\u00f3\u017cnieniu od innych sta\u0142ych drabin ewakuacyjnych, tych nie mog\u0105 u\u017cywa\u0107 z\u0142odzieje; wystarczy je zwr\u00f3ci\u0107 po zej\u015bciu. Wszystkie cz\u0119\u015bci wykonane s\u0105 z materia\u0142\u00f3w odpornych na korozj\u0119, takich jak stal nierdzewna, a ta\u015bma zrobiona jest z rzadkiego materia\u0142u wodoodpornego.<\/p>\n<p class=\"a-text-center\"><img loading=\"lazy\" decoding=\"async\" class=\"alignnone size-full wp-image-5030\" src=\"https:\/\/isopllc.com\/pl\/wp-content\/uploads\/sites\/11\/2025\/04\/wall-mounted-ladder10.jpeg\" alt=\"Wodoodporna drabina przeciwpo\u017carowa\" width=\"300\" height=\"300\" title=\"\" srcset=\"https:\/\/isopllc.com\/pl\/wp-content\/uploads\/sites\/11\/2025\/04\/wall-mounted-ladder10.jpeg 300w, https:\/\/isopllc.com\/pl\/wp-content\/uploads\/sites\/11\/2025\/04\/wall-mounted-ladder10-150x150.jpeg 150w, https:\/\/isopllc.com\/pl\/wp-content\/uploads\/sites\/11\/2025\/04\/wall-mounted-ladder10-100x100.jpeg 100w, https:\/\/isopllc.com\/pl\/wp-content\/uploads\/sites\/11\/2025\/04\/wall-mounted-ladder10-60x60.jpeg 60w, https:\/\/isopllc.com\/pl\/wp-content\/uploads\/sites\/11\/2025\/04\/wall-mounted-ladder10-90x90.jpeg 90w\" sizes=\"auto, (max-width: 300px) 100vw, 300px\" \/><\/p>\n<p class=\"a-spacing-base\">Instrukcje aplikacji:<\/p>\n<p class=\"a-spacing-base\">1) Przymocuj pierwszy szczebel do zewn\u0119trznej \u015bciany pod oknem (lub opcjonalnie do \u015bciany wewn\u0119trznej).<\/p>\n<p class=\"a-spacing-base\">2) Podczas u\u017cytkowania rozwijaj zabezpieczaj\u0105c\u0105 pokryw\u0119 ta\u015bmy i wyrzu\u0107 drabin\u0119 w d\u00f3\u0142.<\/p>\n<p class=\"a-spacing-base\">3) U\u017cywaj\u0105c obu r\u0105k na szczeblach, schod\u017a powoli.<\/p>\n<p><img loading=\"lazy\" decoding=\"async\" class=\"alignnone size-full wp-image-5031\" src=\"https:\/\/isopllc.com\/pl\/wp-content\/uploads\/sites\/11\/2025\/04\/wall-mounted-ladder11.jpeg\" alt=\"\" width=\"300\" height=\"300\" title=\"\" srcset=\"https:\/\/isopllc.com\/pl\/wp-content\/uploads\/sites\/11\/2025\/04\/wall-mounted-ladder11.jpeg 300w, https:\/\/isopllc.com\/pl\/wp-content\/uploads\/sites\/11\/2025\/04\/wall-mounted-ladder11-150x150.jpeg 150w, https:\/\/isopllc.com\/pl\/wp-content\/uploads\/sites\/11\/2025\/04\/wall-mounted-ladder11-100x100.jpeg 100w, https:\/\/isopllc.com\/pl\/wp-content\/uploads\/sites\/11\/2025\/04\/wall-mounted-ladder11-60x60.jpeg 60w, https:\/\/isopllc.com\/pl\/wp-content\/uploads\/sites\/11\/2025\/04\/wall-mounted-ladder11-90x90.jpeg 90w\" sizes=\"auto, (max-width: 300px) 100vw, 300px\" \/><\/p>\n<\/div>\n<\/div>\n<\/div>\n<div class=\"celwidget aplus-module module-9 aplus-standard\">\n<div class=\"aplus-module-wrapper\">\n<div class=\"\">\n<p class=\"a-spacing-base\">Zewn\u0119trzna drabina ewakuacyjna montowana na \u015bcianie dla 3-pi\u0119trowego domu 8 m s\u0105 wolne od spl\u0105tania, kompaktowe, wielokrotnego u\u017cytku, maj\u0105 r\u00f3\u017cne d\u0142ugo\u015bci, s\u0105 lekkie, przeznaczone do u\u017cytku zar\u00f3wno na zewn\u0105trz, jak i wewn\u0105trz, wielofunkcyjne oraz trwa\u0142e. To najlepszy wyb\u00f3r dla bezpiecze\u0144stwa po\u017carowego twojej rodziny.<\/p>\n<p class=\"a-spacing-base\">Trwa\u0142a drabina do ewakuacji to kluczowy element bezpiecze\u0144stwa, zaprojektowany w celu zapewnienia niezawodnych i dost\u0119pnych \u015brodk\u00f3w ewakuacji podczas po\u017car\u00f3w. Jest solidnie przymocowana do konstrukcji, co zapewnia jej gotowo\u015b\u0107 do u\u017cycia.<\/p>\n<p class=\"a-text-center\"><img loading=\"lazy\" decoding=\"async\" class=\"alignnone size-full wp-image-5032\" src=\"https:\/\/isopllc.com\/pl\/wp-content\/uploads\/sites\/11\/2025\/04\/wall-mounted-ladder12.jpeg\" alt=\"Zewn\u0119trzna schody do ewakuacji\" width=\"300\" height=\"300\" title=\"\" srcset=\"https:\/\/isopllc.com\/pl\/wp-content\/uploads\/sites\/11\/2025\/04\/wall-mounted-ladder12.jpeg 300w, https:\/\/isopllc.com\/pl\/wp-content\/uploads\/sites\/11\/2025\/04\/wall-mounted-ladder12-150x150.jpeg 150w, https:\/\/isopllc.com\/pl\/wp-content\/uploads\/sites\/11\/2025\/04\/wall-mounted-ladder12-100x100.jpeg 100w, https:\/\/isopllc.com\/pl\/wp-content\/uploads\/sites\/11\/2025\/04\/wall-mounted-ladder12-60x60.jpeg 60w, https:\/\/isopllc.com\/pl\/wp-content\/uploads\/sites\/11\/2025\/04\/wall-mounted-ladder12-90x90.jpeg 90w\" sizes=\"auto, (max-width: 300px) 100vw, 300px\" \/><\/p>\n<p class=\"a-spacing-base\">Zastosowanie w budynkach mieszkalnych: zapewnia wyj\u015bcie awaryjne dla dom\u00f3w, szczeg\u00f3lnie w budynkach wielopi\u0119trowych.<\/p>\n<p>&nbsp;<\/p>\n<p>Certyfikowane<\/p>\n<p>Nasze drabiny, w przeciwie\u0144stwie do wszystkich podobnych na rynku, s\u0105 certyfikowane zgodnie z norm\u0105 jako\u015bci EN 131. Lepiej powierzy\u0107 swoje \u017cycie produktowi, kt\u00f3ry przeszed\u0142 wszystkie niezb\u0119dne testy, ni\u017c nieco ta\u0144szemu wyrobowi wykonanemu nie wiadomo z czego.<\/p>\n<p><img loading=\"lazy\" decoding=\"async\" class=\"alignnone wp-image-5192\" src=\"https:\/\/isopllc.com\/pl\/wp-content\/uploads\/sites\/11\/2025\/04\/Certified-EN131.jpg\" alt=\"Certyfikowane Drabina\" width=\"299\" height=\"299\" title=\"\" srcset=\"https:\/\/isopllc.com\/pl\/wp-content\/uploads\/sites\/11\/2025\/04\/Certified-EN131.jpg 900w, https:\/\/isopllc.com\/pl\/wp-content\/uploads\/sites\/11\/2025\/04\/Certified-EN131-150x150.jpg 150w, https:\/\/isopllc.com\/pl\/wp-content\/uploads\/sites\/11\/2025\/04\/Certified-EN131-768x768.jpg 768w, https:\/\/isopllc.com\/pl\/wp-content\/uploads\/sites\/11\/2025\/04\/Certified-EN131-416x416.jpg 416w, https:\/\/isopllc.com\/pl\/wp-content\/uploads\/sites\/11\/2025\/04\/Certified-EN131-100x100.jpg 100w\" sizes=\"auto, (max-width: 299px) 100vw, 299px\" \/><\/p>\n<p class=\"a-spacing-base\">Budynki komercyjne: zapewniaj\u0105 zgodno\u015b\u0107 z przepisami dotycz\u0105cymi bezpiecze\u0144stwa po\u017carowego oraz u\u0142atwiaj\u0105 bezpieczn\u0105 ewakuacj\u0119 pracownik\u00f3w i odwiedzaj\u0105cych.<\/p>\n<p class=\"a-text-center\"><img loading=\"lazy\" decoding=\"async\" class=\"alignnone wp-image-4896\" src=\"https:\/\/isopllc.com\/pl\/wp-content\/uploads\/sites\/11\/2024\/05\/8EE4ABE8-803C-4EAB-ACC3-91B7D513AFB7.jpeg\" alt=\"Drabin Ewakuacyjnych\" width=\"307\" height=\"261\" title=\"\" srcset=\"https:\/\/isopllc.com\/pl\/wp-content\/uploads\/sites\/11\/2024\/05\/8EE4ABE8-803C-4EAB-ACC3-91B7D513AFB7.jpeg 890w, https:\/\/isopllc.com\/pl\/wp-content\/uploads\/sites\/11\/2024\/05\/8EE4ABE8-803C-4EAB-ACC3-91B7D513AFB7-768x654.jpeg 768w, https:\/\/isopllc.com\/pl\/wp-content\/uploads\/sites\/11\/2024\/05\/8EE4ABE8-803C-4EAB-ACC3-91B7D513AFB7-416x354.jpeg 416w, https:\/\/isopllc.com\/pl\/wp-content\/uploads\/sites\/11\/2024\/05\/8EE4ABE8-803C-4EAB-ACC3-91B7D513AFB7-70x60.jpeg 70w, https:\/\/isopllc.com\/pl\/wp-content\/uploads\/sites\/11\/2024\/05\/8EE4ABE8-803C-4EAB-ACC3-91B7D513AFB7-106x90.jpeg 106w\" sizes=\"auto, (max-width: 307px) 100vw, 307px\" \/><\/p>\n<p class=\"a-spacing-base\">Obiekty przemys\u0142owe: oferuj\u0105 szybkie trasy ewakuacyjne w fabrykach, magazynach lub podobnych miejscach.<\/p>\n<p class=\"a-spacing-base\">Szpitale i szko\u0142y: zapewniaj\u0105 bezpieczn\u0105 tras\u0119 ewakuacyjn\u0105 dla wra\u017cliwych populacji, takich jak pacjenci i uczniowie.<\/p>\n<p class=\"a-spacing-base\">Hotele i wie\u017cowce: kluczowe dla zapewnienia bezpiecze\u0144stwa go\u015bci i mieszka\u0144c\u00f3w w sytuacjach awaryjnych.<\/p>\n<\/div>\n<p>Dost\u0119pne tak\u017ce dla <a href=\"https:\/\/isopllc.com\/pl\/product\/stala-drabina-ewakuacyjna-2-pietrowa-4-m\/\"><strong>2 pi\u0119ter.<\/strong><\/a><\/p>\n<\/div>\n<\/div>\n<\/div>\n<\/div>\n<\/div>\n<\/div>\n<\/div>\n","protected":false},"excerpt":{"rendered":"[embed]https:\/\/youtu.be\/7Ojk0fAWS5Y?si=FPgZu1wdWNQD5krM[\/embed]\n<p id=\"title\" class=\"a-size-large a-spacing-none\" style=\"text-align: center\"><span id=\"productTitle\" class=\"a-size-large product-title-word-break\">Zewn\u0119trzna drabina ewakuacyjna montowana na \u015bcianie dla 3-pi\u0119trowego domu 8 m | Wodoodporna drabina przeciwpo\u017carowa | Sta\u0142a schody awaryjna zamontowana przy oknie lub balkonie, gotowa do ewakuacji<\/span><\/p>\n<p style=\"text-align: center\">BEZP\u0141ATNA DOSTAWA W CI\u0104GU 3-7 DNI<\/p>\n<h4 style=\"text-align: center\"><strong>KUP TO NA<\/strong><br \/>\n<a href=\"https:\/\/www.amazon.pl\/dp\/B0D8J3XHKR\/ref=sr_1_1?__mk_pl_PL=%C3%85M%C3%85%C5%BD%C3%95%C3%91&amp;dib=eyJ2IjoiMSJ9.FppElR5DPe3UD2ugflYbag.ZlsV_G7mLodByPMIZhyxc-o9xTwswF8s5t8kPkH7Ids&amp;dib_tag=se&amp;keywords=Zewn%C4%99trzna+drabina+ewakuacyjna+montowana+na+%C5%9Bcianie+dla+3-pi%C4%99trowego+domu&amp;qid=1745132423&amp;sr=8-1&amp;th=1\"><img loading=\"lazy\" decoding=\"async\" class=\"aligncenter wp-image-1040 size-full\" src=\"https:\/\/isopllc.com\/pl\/wp-content\/uploads\/sites\/11\/2020\/01\/amazon-button9.png\" alt=\"\" width=\"160\" height=\"59\" \/><\/a><\/h4>\n","protected":false},"featured_media":5034,"comment_status":"open","ping_status":"closed","template":"","meta":[],"product_brand":[],"product_cat":[211,208,206],"product_tag":[100,98,99,97],"class_list":{"0":"post-5039","1":"product","2":"type-product","3":"status-publish","4":"has-post-thumbnail","6":"product_cat-drabiny-ewakuacyjne-przeciwpozarowe-3-pietrowe","7":"product_cat-drabiny-ewakuacyjne-z-dystansami","8":"product_cat-drabiny-montowane-na-scianie","9":"product_tag-akcesoria-scienne","10":"product_tag-isop","11":"product_tag-sprzet-wspinaczkowy","12":"product_tag-szczeble-scienne","14":"first","15":"instock","16":"shipping-taxable","17":"purchasable","18":"product-type-variable"},"_links":{"self":[{"href":"https:\/\/isopllc.com\/pl\/wp-json\/wp\/v2\/product\/5039","targetHints":{"allow":["GET"]}}],"collection":[{"href":"https:\/\/isopllc.com\/pl\/wp-json\/wp\/v2\/product"}],"about":[{"href":"https:\/\/isopllc.com\/pl\/wp-json\/wp\/v2\/types\/product"}],"replies":[{"embeddable":true,"href":"https:\/\/isopllc.com\/pl\/wp-json\/wp\/v2\/comments?post=5039"}],"wp:featuredmedia":[{"embeddable":true,"href":"https:\/\/isopllc.com\/pl\/wp-json\/wp\/v2\/media\/5034"}],"wp:attachment":[{"href":"https:\/\/isopllc.com\/pl\/wp-json\/wp\/v2\/media?parent=5039"}],"wp:term":[{"taxonomy":"product_brand","embeddable":true,"href":"https:\/\/isopllc.com\/pl\/wp-json\/wp\/v2\/product_brand?post=5039"},{"taxonomy":"product_cat","embeddable":true,"href":"https:\/\/isopllc.com\/pl\/wp-json\/wp\/v2\/product_cat?post=5039"},{"taxonomy":"product_tag","embeddable":true,"href":"https:\/\/isopllc.com\/pl\/wp-json\/wp\/v2\/product_tag?post=5039"}],"curies":[{"name":"wp","href":"https:\/\/api.w.org\/{rel}","templated":true}]}}