{"id":5043,"date":"2025-05-11T11:11:01","date_gmt":"2025-05-11T11:11:01","guid":{"rendered":"https:\/\/isopllc.com\/pl\/?post_type=product&#038;p=5043"},"modified":"2025-11-16T17:10:21","modified_gmt":"2025-11-16T17:10:21","slug":"2-stopniowa-zabezpieczona-drabina","status":"publish","type":"product","link":"https:\/\/isopllc.com\/pl\/product\/2-stopniowa-zabezpieczona-drabina\/","title":{"rendered":"2-stopniowa Zabezpieczona Drabina"},"content":{"rendered":"<h1 id=\"title\" class=\"a-size-large a-spacing-none\"><span id=\"productTitle\" class=\"a-size-large product-title-word-break\">2-stopniowa Zabezpieczona Drabina &#8211; Zintegrowana 2-stopniowa Drabina do Okien Egress<\/span><\/h1>\n<div class=\"celwidget aplus-module premium-module-4-two-column-images aplus-premium\" data-csa-c-id=\"15yl7x-eio1n0-m9lh6n-socwzs\" data-cel-widget=\"aplus-premium-module-4-two-column-images\">\n<div class=\"a-section a-spacing-none premium-aplus premium-aplus-module-4 aplus-container-1\">\n<div class=\"a-section a-spacing-none premium-aplus-two-column\">\n<div class=\"a-section a-spacing-none premium-aplus-column\">\n<div class=\"a-section a-spacing-none column-description\">\n<div class=\"celwidget aplus-module module-9 aplus-standard\">\n<div class=\"aplus-module-wrapper\">\n<div class=\"\">\n<p><img loading=\"lazy\" decoding=\"async\" class=\"alignnone wp-image-5065\" src=\"https:\/\/isopllc.com\/pl\/wp-content\/uploads\/sites\/11\/2025\/05\/permanent-step-5-rungs-1.jpg\" alt=\"\" width=\"454\" height=\"281\" title=\"\" srcset=\"https:\/\/isopllc.com\/pl\/wp-content\/uploads\/sites\/11\/2025\/05\/permanent-step-5-rungs-1.jpg 970w, https:\/\/isopllc.com\/pl\/wp-content\/uploads\/sites\/11\/2025\/05\/permanent-step-5-rungs-1-768x475.jpg 768w, https:\/\/isopllc.com\/pl\/wp-content\/uploads\/sites\/11\/2025\/05\/permanent-step-5-rungs-1-416x257.jpg 416w, https:\/\/isopllc.com\/pl\/wp-content\/uploads\/sites\/11\/2025\/05\/permanent-step-5-rungs-1-97x60.jpg 97w, https:\/\/isopllc.com\/pl\/wp-content\/uploads\/sites\/11\/2025\/05\/permanent-step-5-rungs-1-146x90.jpg 146w\" sizes=\"auto, (max-width: 454px) 100vw, 454px\" \/><\/p>\n<p data-start=\"133\" data-end=\"541\">Je\u015bli szukasz wszechstronnej, oszcz\u0119dzaj\u0105cej miejsce i trwa\u0142ej drabiny, kt\u00f3ra zapewnia bezpieczny dost\u0119p do strych\u00f3w, \u0142\u00f3\u017cek pi\u0119trowych i okien wyj\u015bciowych, ta <a href=\"https:\/\/isopllc.com\/\">2-stopniowa Zabezpieczona Drabina<\/a> jest idealnym rozwi\u0105zaniem. Zaprojektowana z my\u015bl\u0105 o stabilno\u015bci i wygodzie, ta mocowana do \u015bciany drabina zapewnia bezpieczne i \u0142atwe wchodzenie i schodzenie, co czyni j\u0105 idealnym wyborem do dom\u00f3w, loft\u00f3w i dekoracyjnych aran\u017cacji.<\/p>\n<h4 data-start=\"2677\" data-end=\"2719\">\u0141atwa Instalacja i Konserwacja<\/h4>\n<p data-start=\"2720\" data-end=\"3111\">Ta 2-stopniowa Zabezpieczona Drabina do Dachu, \u0141\u00f3\u017cka Pi\u0119trowego, Piwnicy, \u0141odzi lub Strychu jest dostarczana z ca\u0142ym niezb\u0119dnym sprz\u0119tem do bezproblemowej instalacji. Wystarczy post\u0119powa\u0107 zgodnie z dostarczonymi instrukcjami, aby bezpiecznie zamontowa\u0107 j\u0105 na wybranej powierzchni \u015bciany. Wytrzyma\u0142a metalowa konstrukcja sprawia, \u017ce 2-stopniowa Zabezpieczona Drabina wymaga minimalnej konserwacji, a jej odporno\u015b\u0107 na rdz\u0119 i korozj\u0119 sprawia, \u017ce nadaje si\u0119 do u\u017cytku wewn\u0105trz i na zewn\u0105trz.<\/p>\n<p><img loading=\"lazy\" decoding=\"async\" class=\"alignnone wp-image-5066\" src=\"https:\/\/isopllc.com\/pl\/wp-content\/uploads\/sites\/11\/2025\/05\/permanent-step-5-rungs-2.jpg\" alt=\"\" width=\"340\" height=\"340\" title=\"\" srcset=\"https:\/\/isopllc.com\/pl\/wp-content\/uploads\/sites\/11\/2025\/05\/permanent-step-5-rungs-2.jpg 1500w, https:\/\/isopllc.com\/pl\/wp-content\/uploads\/sites\/11\/2025\/05\/permanent-step-5-rungs-2-150x150.jpg 150w, https:\/\/isopllc.com\/pl\/wp-content\/uploads\/sites\/11\/2025\/05\/permanent-step-5-rungs-2-768x768.jpg 768w, https:\/\/isopllc.com\/pl\/wp-content\/uploads\/sites\/11\/2025\/05\/permanent-step-5-rungs-2-1000x1000.jpg 1000w, https:\/\/isopllc.com\/pl\/wp-content\/uploads\/sites\/11\/2025\/05\/permanent-step-5-rungs-2-416x416.jpg 416w, https:\/\/isopllc.com\/pl\/wp-content\/uploads\/sites\/11\/2025\/05\/permanent-step-5-rungs-2-100x100.jpg 100w, https:\/\/isopllc.com\/pl\/wp-content\/uploads\/sites\/11\/2025\/05\/permanent-step-5-rungs-2-60x60.jpg 60w, https:\/\/isopllc.com\/pl\/wp-content\/uploads\/sites\/11\/2025\/05\/permanent-step-5-rungs-2-90x90.jpg 90w\" sizes=\"auto, (max-width: 340px) 100vw, 340px\" \/><\/p>\n<p>Ta 2-stopniowa Zabezpieczona Drabina na Dach, \u0141\u00f3\u017cko Pi\u0119trowe, Piwnic\u0119, \u0141\u00f3d\u017a lub Loft p\u0142ynnie integruje si\u0119 z ka\u017cdym wn\u0119trzem lub otoczeniem zewn\u0119trznym.<\/p>\n<p><img loading=\"lazy\" decoding=\"async\" class=\"alignnone size-full wp-image-5044\" src=\"https:\/\/isopllc.com\/pl\/wp-content\/uploads\/sites\/11\/2025\/05\/permanent-step-2-rungs.jpeg\" alt=\"Zintegrowana Drabina\" width=\"300\" height=\"300\" title=\"\" srcset=\"https:\/\/isopllc.com\/pl\/wp-content\/uploads\/sites\/11\/2025\/05\/permanent-step-2-rungs.jpeg 300w, https:\/\/isopllc.com\/pl\/wp-content\/uploads\/sites\/11\/2025\/05\/permanent-step-2-rungs-150x150.jpeg 150w, https:\/\/isopllc.com\/pl\/wp-content\/uploads\/sites\/11\/2025\/05\/permanent-step-2-rungs-100x100.jpeg 100w, https:\/\/isopllc.com\/pl\/wp-content\/uploads\/sites\/11\/2025\/05\/permanent-step-2-rungs-60x60.jpeg 60w, https:\/\/isopllc.com\/pl\/wp-content\/uploads\/sites\/11\/2025\/05\/permanent-step-2-rungs-90x90.jpeg 90w\" sizes=\"auto, (max-width: 300px) 100vw, 300px\" \/><\/p>\n<h4 data-start=\"1034\" data-end=\"1086\">Wszechstronne Zastosowanie Dla Wielu Aplikacji<\/h4>\n<p data-start=\"1087\" data-end=\"1170\">Ta 2-stopniowa Zabezpieczona Drabina zosta\u0142a zaprojektowana do r\u00f3\u017cnych zastosowa\u0144, w tym:<\/p>\n<ul data-start=\"1171\" data-end=\"1670\">\n<li data-start=\"1171\" data-end=\"1256\"><strong data-start=\"1173\" data-end=\"1190\">Dost\u0119p na strych: <\/strong>Idealna do bezpiecznego dotarcia na strych bez zajmowania miejsca na pod\u0142odze.<\/li>\n<li data-start=\"1171\" data-end=\"1256\"><strong data-start=\"1173\" data-end=\"1190\">Okna ewakuacyjne: <\/strong>Zapewnia szybkie i \u0142atwe drogi ewakuacyjne w sytuacjach awaryjnych.<\/li>\n<li data-start=\"1171\" data-end=\"1256\"><strong data-start=\"1173\" data-end=\"1190\">\u0141\u00f3\u017cka pi\u0119trowe: <\/strong>Zapewnia bezpieczny i stabilny dost\u0119p do \u0142\u00f3\u017cek pi\u0119trowych dla dzieci i doros\u0142ych.<\/li>\n<li data-start=\"1171\" data-end=\"1256\"><strong data-start=\"1173\" data-end=\"1190\">Wystr\u00f3j i przechowywanie: <\/strong>Idealny do wystroju w stylu minimalistycznym i industrialnym, a tak\u017ce do si\u0119gania do wysokich p\u00f3\u0142ek w pomieszczeniach mieszkalnych.<\/li>\n<li data-start=\"1171\" data-end=\"1256\"><strong data-start=\"1173\" data-end=\"1190\">Gara\u017c i warsztat: <\/strong>Mo\u017ce by\u0107 instalowany w gara\u017cach lub warsztatach w celu uzyskania dost\u0119pu do podwy\u017cszonych obszar\u00f3w.<\/li>\n<\/ul>\n<p>Dodatkowo, mocowane do \u015bciany drabiny dwuszczeblowe nadaj\u0105 si\u0119 do kamper\u00f3w, \u0142odzi i statk\u00f3w.<\/p>\n<p><img loading=\"lazy\" decoding=\"async\" class=\"alignnone size-full wp-image-5045\" src=\"https:\/\/isopllc.com\/pl\/wp-content\/uploads\/sites\/11\/2025\/05\/permanent-step-2-rungs1.jpeg\" alt=\"Drabina do Okien Egress\" width=\"300\" height=\"300\" title=\"\" srcset=\"https:\/\/isopllc.com\/pl\/wp-content\/uploads\/sites\/11\/2025\/05\/permanent-step-2-rungs1.jpeg 300w, https:\/\/isopllc.com\/pl\/wp-content\/uploads\/sites\/11\/2025\/05\/permanent-step-2-rungs1-150x150.jpeg 150w, https:\/\/isopllc.com\/pl\/wp-content\/uploads\/sites\/11\/2025\/05\/permanent-step-2-rungs1-100x100.jpeg 100w, https:\/\/isopllc.com\/pl\/wp-content\/uploads\/sites\/11\/2025\/05\/permanent-step-2-rungs1-60x60.jpeg 60w, https:\/\/isopllc.com\/pl\/wp-content\/uploads\/sites\/11\/2025\/05\/permanent-step-2-rungs1-90x90.jpeg 90w\" sizes=\"auto, (max-width: 300px) 100vw, 300px\" \/><\/p>\n<div class=\"celwidget aplus-module premium-module-4-two-column-images aplus-premium\" data-csa-c-id=\"15yl7x-eio1n0-m9lh6n-socwzs\" data-cel-widget=\"aplus-premium-module-4-two-column-images\">\n<div class=\"a-section a-spacing-none premium-aplus premium-aplus-module-4 aplus-container-1\">\n<div class=\"a-section a-spacing-none premium-aplus-two-column\">\n<div class=\"a-section a-spacing-none premium-aplus-column\">\n<div class=\"a-section a-spacing-none column-description\">\n<p class=\"aplus-p3\">Zastosowanie materia\u0142\u00f3w odpornych na korozj\u0119 zapewnia d\u0142ugotrwa\u0142\u0105 wytrzyma\u0142o\u015b\u0107.<\/p>\n<p><img loading=\"lazy\" decoding=\"async\" class=\"alignnone size-full wp-image-5074\" src=\"https:\/\/isopllc.com\/pl\/wp-content\/uploads\/sites\/11\/2025\/05\/permanent-step-5-rungs-10.jpeg\" alt=\"\" width=\"300\" height=\"300\" title=\"\" srcset=\"https:\/\/isopllc.com\/pl\/wp-content\/uploads\/sites\/11\/2025\/05\/permanent-step-5-rungs-10.jpeg 300w, https:\/\/isopllc.com\/pl\/wp-content\/uploads\/sites\/11\/2025\/05\/permanent-step-5-rungs-10-150x150.jpeg 150w, https:\/\/isopllc.com\/pl\/wp-content\/uploads\/sites\/11\/2025\/05\/permanent-step-5-rungs-10-100x100.jpeg 100w, https:\/\/isopllc.com\/pl\/wp-content\/uploads\/sites\/11\/2025\/05\/permanent-step-5-rungs-10-60x60.jpeg 60w, https:\/\/isopllc.com\/pl\/wp-content\/uploads\/sites\/11\/2025\/05\/permanent-step-5-rungs-10-90x90.jpeg 90w\" sizes=\"auto, (max-width: 300px) 100vw, 300px\" \/><\/p>\n<h4 data-start=\"543\" data-end=\"587\">Trwa\u0142a I Wytrzyma\u0142a Konstrukcja<\/h4>\n<p>Wykonana z wysokiej jako\u015bci metalu, ta 2-stopniowa Zabezpieczona Drabina jest zbudowana tak, aby wytrzyma\u0107 codzienne u\u017cytkowanie, zachowuj\u0105c jednocze\u015bnie swoj\u0105 wytrzyma\u0142o\u015b\u0107 i niezawodno\u015b\u0107. Konstrukcja montowana do \u015bciany zapewnia pewny i bezpieczny monta\u017c, eliminuj\u0105c ryzyko chybotania lub niestabilno\u015bci. Niezale\u017cnie od tego, czy potrzebujesz jej do regularnego dost\u0119pu na poddasze, zabezpieczenia \u0142\u00f3\u017cka pi\u0119trowego czy dr\u00f3g ewakuacyjnych, drabina ta zosta\u0142a zaprojektowana tak, aby wytrzyma\u0107 lata przy minimalnej konserwacji.<\/p>\n<p><strong>Solidna konstrukcja:<\/strong> Zbudowana z wytrzyma\u0142ych materia\u0142\u00f3w, takich jak stal ocynkowana lub aluminium, ta 2-stopniowa Zabezpieczona Drabina na Dach, \u0141\u00f3\u017cko Pi\u0119trowe, Piwnic\u0119, \u0141\u00f3d\u017a lub Strych zosta\u0142a zaprojektowana z my\u015bl\u0105 o trwa\u0142o\u015bci i mo\u017ce utrzyma\u0107 znaczn\u0105 wag\u0119.<\/p>\n<p><img loading=\"lazy\" decoding=\"async\" class=\"alignnone size-full wp-image-5075\" src=\"https:\/\/isopllc.com\/pl\/wp-content\/uploads\/sites\/11\/2025\/05\/permanent-step-5-rungs-11.jpeg\" alt=\"\" width=\"300\" height=\"300\" title=\"\" srcset=\"https:\/\/isopllc.com\/pl\/wp-content\/uploads\/sites\/11\/2025\/05\/permanent-step-5-rungs-11.jpeg 300w, https:\/\/isopllc.com\/pl\/wp-content\/uploads\/sites\/11\/2025\/05\/permanent-step-5-rungs-11-150x150.jpeg 150w, https:\/\/isopllc.com\/pl\/wp-content\/uploads\/sites\/11\/2025\/05\/permanent-step-5-rungs-11-100x100.jpeg 100w, https:\/\/isopllc.com\/pl\/wp-content\/uploads\/sites\/11\/2025\/05\/permanent-step-5-rungs-11-60x60.jpeg 60w, https:\/\/isopllc.com\/pl\/wp-content\/uploads\/sites\/11\/2025\/05\/permanent-step-5-rungs-11-90x90.jpeg 90w\" sizes=\"auto, (max-width: 300px) 100vw, 300px\" \/><\/p>\n<h4 data-start=\"1672\" data-end=\"1715\">Oszcz\u0119dno\u015b\u0107 Miejsca I Konstrukcja Mocowana Do \u015aciany<\/h4>\n<p>W przeciwie\u0144stwie do niepor\u0119cznych tradycyjnych drabin, ten montowany na \u015bcianie model pozostaje bezpiecznie przymocowany do \u015bciany, dzi\u0119ki czemu jest skutecznym rozwi\u0105zaniem oszcz\u0119dzaj\u0105cym miejsce. Niezale\u017cnie od tego, czy masz ma\u0142\u0105 przestrze\u0144 mieszkaln\u0105, poddasze, czy kompaktowy schowek, ta drabina pomaga zmaksymalizowa\u0107 przestrze\u0144 na pod\u0142odze, zapewniaj\u0105c jednocze\u015bnie wygodny dost\u0119p do podwy\u017cszonych przestrzeni. Elegancki i minimalistyczny design dobrze komponuje si\u0119 z nowoczesnymi wn\u0119trzami, dzi\u0119ki czemu jest doskona\u0142ym dekoracyjnym i funkcjonalnym dodatkiem do ka\u017cdego domu.<\/p>\n<p>Ultra Protect 2-stopniowa Zabezpieczona Drabina na dach, \u0142\u00f3\u017cko pi\u0119trowe, do piwnicy, na \u0142\u00f3d\u017a lub poddasze: Znana ze swojej solidnej konstrukcji i w\u0142a\u015bciwo\u015bci antypo\u015blizgowych, dzi\u0119ki czemu jest niezawodnym wyborem do otwor\u00f3w okiennych w piwnicy.<\/p>\n<p><img loading=\"lazy\" decoding=\"async\" class=\"alignnone size-full wp-image-5046\" src=\"https:\/\/isopllc.com\/pl\/wp-content\/uploads\/sites\/11\/2025\/05\/permanent-step-2-rungs2.jpeg\" alt=\"drabina sta\u0142a\" width=\"300\" height=\"300\" title=\"\" srcset=\"https:\/\/isopllc.com\/pl\/wp-content\/uploads\/sites\/11\/2025\/05\/permanent-step-2-rungs2.jpeg 300w, https:\/\/isopllc.com\/pl\/wp-content\/uploads\/sites\/11\/2025\/05\/permanent-step-2-rungs2-150x150.jpeg 150w, https:\/\/isopllc.com\/pl\/wp-content\/uploads\/sites\/11\/2025\/05\/permanent-step-2-rungs2-100x100.jpeg 100w, https:\/\/isopllc.com\/pl\/wp-content\/uploads\/sites\/11\/2025\/05\/permanent-step-2-rungs2-60x60.jpeg 60w, https:\/\/isopllc.com\/pl\/wp-content\/uploads\/sites\/11\/2025\/05\/permanent-step-2-rungs2-90x90.jpeg 90w\" sizes=\"auto, (max-width: 300px) 100vw, 300px\" \/><\/p>\n<h4 data-start=\"2195\" data-end=\"2236\">Bezpieczny Dost\u0119p Dwustopniowy<\/h4>\n<p>2 r\u00f3wnomiernie rozmieszczone szczeble zapewniaj\u0105 wygodn\u0105 i bezpieczn\u0105 wspinaczk\u0119, umo\u017cliwiaj\u0105c u\u017cytkownikom w ka\u017cdym wieku \u0142atwe wchodzenie i schodzenie. Ka\u017cdy szczebel ma antypo\u015blizgow\u0105 powierzchni\u0119, co zmniejsza ryzyko po\u015blizgni\u0119\u0107 i upadk\u00f3w. Stabilna metalowa rama zapewnia zwi\u0119kszone wsparcie wagi, dzi\u0119ki czemu jest odpowiednia zar\u00f3wno dla dzieci, jak i doros\u0142ych. Dodatkowo, monta\u017c na \u015bcianie zapobiega przemieszczaniu si\u0119, jeszcze bardziej zwi\u0119kszaj\u0105c bezpiecze\u0144stwo.<\/p>\n<p>U\u017cytkownicy chwal\u0105 te drabinki za ich trwa\u0142o\u015b\u0107 i funkcjonalno\u015b\u0107. Wspomnieli, \u017ce dwustopniowa drabina jest trwa\u0142a i mo\u017ce utrzyma\u0107 ci\u0119\u017car co najmniej 90 kg, podkre\u015blaj\u0105c jej solidn\u0105 konstrukcj\u0119.<\/p>\n<p><img loading=\"lazy\" decoding=\"async\" class=\"alignnone size-full wp-image-5047\" src=\"https:\/\/isopllc.com\/pl\/wp-content\/uploads\/sites\/11\/2025\/05\/permanent-step-2-rungs3.jpeg\" alt=\"Zabezpieczona Drabina\" width=\"300\" height=\"300\" title=\"\" srcset=\"https:\/\/isopllc.com\/pl\/wp-content\/uploads\/sites\/11\/2025\/05\/permanent-step-2-rungs3.jpeg 300w, https:\/\/isopllc.com\/pl\/wp-content\/uploads\/sites\/11\/2025\/05\/permanent-step-2-rungs3-150x150.jpeg 150w, https:\/\/isopllc.com\/pl\/wp-content\/uploads\/sites\/11\/2025\/05\/permanent-step-2-rungs3-100x100.jpeg 100w, https:\/\/isopllc.com\/pl\/wp-content\/uploads\/sites\/11\/2025\/05\/permanent-step-2-rungs3-60x60.jpeg 60w, https:\/\/isopllc.com\/pl\/wp-content\/uploads\/sites\/11\/2025\/05\/permanent-step-2-rungs3-90x90.jpeg 90w\" sizes=\"auto, (max-width: 300px) 100vw, 300px\" \/><\/p>\n<h4 data-start=\"3113\" data-end=\"3158\">Stylowy Przemys\u0142owy I Nowoczesny Design<\/h4>\n<p>Opr\u00f3cz zalet funkcjonalnych, ta Zabezpieczona Drabina s\u0142u\u017cy r\u00f3wnie\u017c jako stylowy i nowoczesny element wystroju. Eleganckie metalowe wyko\u0144czenie dodaje industrialnej estetyki domom, loftom i mieszkaniom, czyni\u0105c j\u0105 atrakcyjnym, a jednocze\u015bnie praktycznym dodatkiem do przestrzeni \u017cyciowej. Niezale\u017cnie od tego, czy jest u\u017cywana do przechowywania, dekoracji czy cel\u00f3w bezpiecze\u0144stwa, ta drabina poprawia og\u00f3lny wygl\u0105d i funkcjonalno\u015b\u0107 ka\u017cdego pomieszczenia.<\/p>\n<p>Minimalistyczny design p\u0142ynnie integruje si\u0119 ze wsp\u00f3\u0142czesnymi wn\u0119trzami, zapewniaj\u0105c zar\u00f3wno funkcjonalno\u015b\u0107, jak i estetyk\u0119.<\/p>\n<p><img loading=\"lazy\" decoding=\"async\" class=\"alignnone size-full wp-image-5076\" src=\"https:\/\/isopllc.com\/pl\/wp-content\/uploads\/sites\/11\/2025\/05\/permanent-step-5-rungs-12.jpeg\" alt=\"\" width=\"300\" height=\"300\" title=\"\" srcset=\"https:\/\/isopllc.com\/pl\/wp-content\/uploads\/sites\/11\/2025\/05\/permanent-step-5-rungs-12.jpeg 300w, https:\/\/isopllc.com\/pl\/wp-content\/uploads\/sites\/11\/2025\/05\/permanent-step-5-rungs-12-150x150.jpeg 150w, https:\/\/isopllc.com\/pl\/wp-content\/uploads\/sites\/11\/2025\/05\/permanent-step-5-rungs-12-100x100.jpeg 100w, https:\/\/isopllc.com\/pl\/wp-content\/uploads\/sites\/11\/2025\/05\/permanent-step-5-rungs-12-60x60.jpeg 60w, https:\/\/isopllc.com\/pl\/wp-content\/uploads\/sites\/11\/2025\/05\/permanent-step-5-rungs-12-90x90.jpeg 90w\" sizes=\"auto, (max-width: 300px) 100vw, 300px\" \/><\/p>\n<h4>Idealne Do Dom\u00f3w, Loft\u00f3w I Ma\u0142ych Przestrzeni<\/h4>\n<p data-start=\"4193\" data-end=\"4478\">Niezale\u017cnie od tego, czy potrzebujesz praktycznego rozwi\u0105zania dost\u0119pu do ciasnych przestrzeni, czy elementu dekoracyjnego do domu, ta metalowa dwustopniowa drabina jest niezb\u0119dnym dodatkiem. Jej wszechstronno\u015b\u0107, trwa\u0142o\u015b\u0107 i bezpiecze\u0144stwo sprawiaj\u0105, \u017ce jest to najlepszy wyb\u00f3r dla w\u0142a\u015bcicieli dom\u00f3w, projektant\u00f3w i budowniczych.<\/p>\n<p data-start=\"4193\" data-end=\"4478\"><img loading=\"lazy\" decoding=\"async\" class=\"alignnone size-full wp-image-5048\" src=\"https:\/\/isopllc.com\/pl\/wp-content\/uploads\/sites\/11\/2025\/05\/permanent-step-2-rungs4.jpg\" alt=\"drabina na\u015bcienna\" width=\"300\" height=\"300\" title=\"\" srcset=\"https:\/\/isopllc.com\/pl\/wp-content\/uploads\/sites\/11\/2025\/05\/permanent-step-2-rungs4.jpg 300w, https:\/\/isopllc.com\/pl\/wp-content\/uploads\/sites\/11\/2025\/05\/permanent-step-2-rungs4-150x150.jpg 150w, https:\/\/isopllc.com\/pl\/wp-content\/uploads\/sites\/11\/2025\/05\/permanent-step-2-rungs4-100x100.jpg 100w, https:\/\/isopllc.com\/pl\/wp-content\/uploads\/sites\/11\/2025\/05\/permanent-step-2-rungs4-60x60.jpg 60w, https:\/\/isopllc.com\/pl\/wp-content\/uploads\/sites\/11\/2025\/05\/permanent-step-2-rungs4-90x90.jpg 90w\" sizes=\"auto, (max-width: 300px) 100vw, 300px\" \/><\/p>\n<h3 data-start=\"4480\" data-end=\"4513\">Dlaczego Warto Wybra\u0107 T\u0119 2-stopniow\u0105 Zabezpieczon\u0105 Drabin\u0119 Na Dach, \u0141\u00f3\u017cko Pi\u0119trowe, Do Piwnicy, Na \u0141\u00f3d\u017a Lub Poddasze?<\/h3>\n<ul data-start=\"4514\" data-end=\"4816\">\n<li data-start=\"4514\" data-end=\"4588\"><strong data-start=\"4516\" data-end=\"4531\">Oszcz\u0119dno\u015b\u0107 miejsca przy jednoczesnym zapewnieniu bezpiecznego i stabilnego dost\u0119pu do wspinaczki.<\/strong><\/li>\n<li data-start=\"4514\" data-end=\"4588\"><strong data-start=\"4516\" data-end=\"4531\">Wszechstronne zastosowanie do poddaszy, \u0142\u00f3\u017cek pi\u0119trowych, okien i nowoczesnego wystroju domu.<\/strong><\/li>\n<li data-start=\"4514\" data-end=\"4588\"><strong data-start=\"4516\" data-end=\"4531\">Wysokiej jako\u015bci metalowa konstrukcja zapewnia trwa\u0142o\u015b\u0107 i d\u0142ugotrwa\u0142\u0105 wydajno\u015b\u0107.<\/strong><\/li>\n<li data-start=\"4514\" data-end=\"4588\"><strong data-start=\"4516\" data-end=\"4531\">\u0141atwy monta\u017c i elegancki, minimalistyczny wygl\u0105d.<\/strong><\/li>\n<\/ul>\n<p data-start=\"4818\" data-end=\"4927\" data-is-last-node=\"\" data-is-only-node=\"\">\ud83d\uded2 Zwi\u0119ksz funkcjonalno\u015b\u0107 i bezpiecze\u0144stwo swojego domu &#8211; zam\u00f3w 2-stopniow\u0105 Zabezpieczon\u0105 Drabin\u0119 na Dach, \u0141\u00f3\u017cko Pi\u0119trowe, Piwnic\u0119, \u0141\u00f3d\u017a lub Strych ju\u017c dzi\u015b na Amazon!\u00a0\ud83d\ude80<\/p>\n<\/div>\n<\/div>\n<\/div>\n<\/div>\n<\/div>\n<\/div>\n<\/div>\n<\/div>\n<\/div>\n<\/div>\n<\/div>\n<\/div>\n<\/div>\n","protected":false},"excerpt":{"rendered":"[embed]https:\/\/www.youtube.com\/watch?v=6xCJWP-p9pw[\/embed]\n[embed]https:\/\/www.youtube.com\/shorts\/pLAZ0v-5fRs[\/embed]\n<p id=\"title\" class=\"a-size-large a-spacing-none\" style=\"text-align: center\"><span id=\"productTitle\" class=\"a-size-large product-title-word-break\">2-stopniowa Zabezpieczona Drabina &#8211; Zintegrowana 2-stopniowa Drabina do Okien Egress<\/span><\/p>\n<p style=\"text-align: center\">BEZP\u0141ATNA DOSTAWA W CI\u0104GU 3-7 DNI<\/p>\n<h4 style=\"text-align: center\"><strong>KUP TO NA<\/strong><br \/>\n<a href=\"https:\/\/www.amazon.pl\/dp\/B0DTTMPP5L\/ref=sr_1_1?__mk_pl_PL=%C3%85M%C3%85%C5%BD%C3%95%C3%91&amp;crid=1NF2LKA7SXK0L&amp;dib=eyJ2IjoiMSJ9.tsI1_FJb-zh0ZtFuz5fklg.rsXfyrySlOQaWiDI5HdgyHB8WVPyXoUKcFjqrB-eVcc&amp;dib_tag=se&amp;keywords=Zabezpieczona+Drabina+Drabina+do+Okien+Egress&amp;qid=1746966594&amp;sprefix=b0dttmpp5l%2Caps%2C442&amp;sr=8-1&amp;th=1\"><img loading=\"lazy\" decoding=\"async\" class=\"aligncenter wp-image-1040 size-full\" src=\"https:\/\/isopllc.com\/pl\/wp-content\/uploads\/sites\/11\/2020\/01\/amazon-button9.png\" alt=\"\" width=\"160\" height=\"59\" \/><\/a><\/h4>\n","protected":false},"featured_media":5047,"comment_status":"open","ping_status":"closed","template":"","meta":[],"product_brand":[],"product_cat":[206,200],"product_tag":[100,98,99,97],"class_list":{"0":"post-5043","1":"product","2":"type-product","3":"status-publish","4":"has-post-thumbnail","6":"product_cat-drabiny-montowane-na-scianie","7":"product_cat-drabiny-schodkowe","8":"product_tag-akcesoria-scienne","9":"product_tag-isop","10":"product_tag-sprzet-wspinaczkowy","11":"product_tag-szczeble-scienne","13":"first","14":"instock","15":"shipping-taxable","16":"purchasable","17":"product-type-variable"},"_links":{"self":[{"href":"https:\/\/isopllc.com\/pl\/wp-json\/wp\/v2\/product\/5043","targetHints":{"allow":["GET"]}}],"collection":[{"href":"https:\/\/isopllc.com\/pl\/wp-json\/wp\/v2\/product"}],"about":[{"href":"https:\/\/isopllc.com\/pl\/wp-json\/wp\/v2\/types\/product"}],"replies":[{"embeddable":true,"href":"https:\/\/isopllc.com\/pl\/wp-json\/wp\/v2\/comments?post=5043"}],"wp:featuredmedia":[{"embeddable":true,"href":"https:\/\/isopllc.com\/pl\/wp-json\/wp\/v2\/media\/5047"}],"wp:attachment":[{"href":"https:\/\/isopllc.com\/pl\/wp-json\/wp\/v2\/media?parent=5043"}],"wp:term":[{"taxonomy":"product_brand","embeddable":true,"href":"https:\/\/isopllc.com\/pl\/wp-json\/wp\/v2\/product_brand?post=5043"},{"taxonomy":"product_cat","embeddable":true,"href":"https:\/\/isopllc.com\/pl\/wp-json\/wp\/v2\/product_cat?post=5043"},{"taxonomy":"product_tag","embeddable":true,"href":"https:\/\/isopllc.com\/pl\/wp-json\/wp\/v2\/product_tag?post=5043"}],"curies":[{"name":"wp","href":"https:\/\/api.w.org\/{rel}","templated":true}]}}