{"id":5078,"date":"2025-05-11T12:32:38","date_gmt":"2025-05-11T12:32:38","guid":{"rendered":"https:\/\/isopllc.com\/pl\/?post_type=product&#038;p=5078"},"modified":"2025-11-16T17:09:18","modified_gmt":"2025-11-16T17:09:18","slug":"metalowa-wbudowana-drabinka-3-stopniowa","status":"publish","type":"product","link":"https:\/\/isopllc.com\/pl\/product\/metalowa-wbudowana-drabinka-3-stopniowa\/","title":{"rendered":"Metalowa Wbudowana drabinka 3-stopniowa"},"content":{"rendered":"<h1 id=\"title\" class=\"a-size-large a-spacing-none\">Wbudowana drabinka 3-stopniowa \u2013 Drabinki \u015bcienne \u2013 Stacjonarna metalowa drabinka 3-stopniowa \u2013 Drabinka do \u0142\u00f3\u017cka pi\u0119trowego, 3-stopniowa<\/h1>\n<div class=\"celwidget aplus-module premium-module-4-two-column-images aplus-premium\" data-csa-c-id=\"15yl7x-eio1n0-m9lh6n-socwzs\" data-cel-widget=\"aplus-premium-module-4-two-column-images\">\n<div class=\"a-section a-spacing-none premium-aplus premium-aplus-module-4 aplus-container-1\">\n<div class=\"a-section a-spacing-none premium-aplus-two-column\">\n<div class=\"a-section a-spacing-none premium-aplus-column\">\n<div class=\"a-section a-spacing-none column-description\">\n<div class=\"celwidget aplus-module module-9 aplus-standard\">\n<div class=\"aplus-module-wrapper\">\n<div class=\"\">\n<p><img loading=\"lazy\" decoding=\"async\" class=\"alignnone wp-image-5065\" src=\"https:\/\/isopllc.com\/pl\/wp-content\/uploads\/sites\/11\/2025\/05\/permanent-step-5-rungs-1.jpg\" alt=\"\" width=\"454\" height=\"281\" title=\"\" srcset=\"https:\/\/isopllc.com\/pl\/wp-content\/uploads\/sites\/11\/2025\/05\/permanent-step-5-rungs-1.jpg 970w, https:\/\/isopllc.com\/pl\/wp-content\/uploads\/sites\/11\/2025\/05\/permanent-step-5-rungs-1-768x475.jpg 768w, https:\/\/isopllc.com\/pl\/wp-content\/uploads\/sites\/11\/2025\/05\/permanent-step-5-rungs-1-416x257.jpg 416w, https:\/\/isopllc.com\/pl\/wp-content\/uploads\/sites\/11\/2025\/05\/permanent-step-5-rungs-1-97x60.jpg 97w, https:\/\/isopllc.com\/pl\/wp-content\/uploads\/sites\/11\/2025\/05\/permanent-step-5-rungs-1-146x90.jpg 146w\" sizes=\"auto, (max-width: 454px) 100vw, 454px\" \/><\/p>\n<p data-start=\"133\" data-end=\"541\">Je\u015bli szukasz uniwersalnej, oszcz\u0119dzaj\u0105cej miejsce i wyj\u0105tkowo trwa\u0142ej drabinki, kt\u00f3ra zapewnia bezpieczny dost\u0119p do strych\u00f3w, \u0142\u00f3\u017cek pi\u0119trowych oraz okien ewakuacyjnych, <strong data-start=\"296\" data-end=\"330\">wbudowana drabinka 3-stopniowa<\/strong> b\u0119dzie idealnym rozwi\u0105zaniem. Zaprojektowana z my\u015bl\u0105 o stabilno\u015bci i komforcie, ta montowana do \u015bciany drabinka umo\u017cliwia bezpieczne i wygodne wchodzenie oraz schodzenie, dzi\u0119ki czemu doskonale sprawdzi si\u0119 w domach, na poddaszach oraz w aran\u017cacjach dekoracyjnych.<\/p>\n<h4 data-start=\"2677\" data-end=\"2719\">\u0141atwa instalacja i konserwacja<\/h4>\n<p data-start=\"2720\" data-end=\"3111\">Wbudowana drabinka 3-stopniowa dostarczana jest wraz z kompletem niezb\u0119dnych element\u00f3w monta\u017cowych, co pozwala na szybki i bezproblemowy monta\u017c. Wystarczy post\u0119powa\u0107 zgodnie z do\u0142\u0105czon\u0105 instrukcj\u0105, aby bezpiecznie przymocowa\u0107 j\u0105 do wybranej powierzchni \u015bciennej. Solidna metalowa konstrukcja sprawia, \u017ce drabinka wymaga minimalnej konserwacji, a jej odporno\u015b\u0107 na rdz\u0119 i korozj\u0119 umo\u017cliwia stosowanie zar\u00f3wno wewn\u0105trz, jak i na zewn\u0105trz pomieszcze\u0144.<\/p>\n<p><img loading=\"lazy\" decoding=\"async\" class=\"alignnone wp-image-5066\" src=\"https:\/\/isopllc.com\/pl\/wp-content\/uploads\/sites\/11\/2025\/05\/permanent-step-5-rungs-2.jpg\" alt=\"\" width=\"340\" height=\"340\" title=\"\" srcset=\"https:\/\/isopllc.com\/pl\/wp-content\/uploads\/sites\/11\/2025\/05\/permanent-step-5-rungs-2.jpg 1500w, https:\/\/isopllc.com\/pl\/wp-content\/uploads\/sites\/11\/2025\/05\/permanent-step-5-rungs-2-150x150.jpg 150w, https:\/\/isopllc.com\/pl\/wp-content\/uploads\/sites\/11\/2025\/05\/permanent-step-5-rungs-2-768x768.jpg 768w, https:\/\/isopllc.com\/pl\/wp-content\/uploads\/sites\/11\/2025\/05\/permanent-step-5-rungs-2-1000x1000.jpg 1000w, https:\/\/isopllc.com\/pl\/wp-content\/uploads\/sites\/11\/2025\/05\/permanent-step-5-rungs-2-416x416.jpg 416w, https:\/\/isopllc.com\/pl\/wp-content\/uploads\/sites\/11\/2025\/05\/permanent-step-5-rungs-2-100x100.jpg 100w, https:\/\/isopllc.com\/pl\/wp-content\/uploads\/sites\/11\/2025\/05\/permanent-step-5-rungs-2-60x60.jpg 60w, https:\/\/isopllc.com\/pl\/wp-content\/uploads\/sites\/11\/2025\/05\/permanent-step-5-rungs-2-90x90.jpg 90w\" sizes=\"auto, (max-width: 340px) 100vw, 340px\" \/><\/p>\n<p>Ta wbudowana drabinka 3-stopniowa doskonale komponuje si\u0119 z ka\u017cdym wn\u0119trzem i przestrzeni\u0105 zewn\u0119trzn\u0105.<\/p>\n<p><img loading=\"lazy\" decoding=\"async\" class=\"alignnone size-full wp-image-5050\" src=\"https:\/\/isopllc.com\/pl\/wp-content\/uploads\/sites\/11\/2025\/05\/permanent-step-3-rungs.jpeg\" alt=\"Ladders attached to the wall\" width=\"300\" height=\"300\" title=\"\" srcset=\"https:\/\/isopllc.com\/pl\/wp-content\/uploads\/sites\/11\/2025\/05\/permanent-step-3-rungs.jpeg 300w, https:\/\/isopllc.com\/pl\/wp-content\/uploads\/sites\/11\/2025\/05\/permanent-step-3-rungs-150x150.jpeg 150w, https:\/\/isopllc.com\/pl\/wp-content\/uploads\/sites\/11\/2025\/05\/permanent-step-3-rungs-100x100.jpeg 100w, https:\/\/isopllc.com\/pl\/wp-content\/uploads\/sites\/11\/2025\/05\/permanent-step-3-rungs-60x60.jpeg 60w, https:\/\/isopllc.com\/pl\/wp-content\/uploads\/sites\/11\/2025\/05\/permanent-step-3-rungs-90x90.jpeg 90w\" sizes=\"auto, (max-width: 300px) 100vw, 300px\" \/><\/p>\n<h4 data-start=\"1034\" data-end=\"1086\">Wszechstronne zastosowanie w wielu sytuacjach<\/h4>\n<p data-start=\"1087\" data-end=\"1170\">Ta wbudowana drabinka 3-stopniowa zosta\u0142a zaprojektowana z my\u015bl\u0105 o r\u00f3\u017cnorodnych zastosowaniach, w tym:<\/p>\n<ul data-start=\"1171\" data-end=\"1670\">\n<li data-start=\"1171\" data-end=\"1256\"><strong data-start=\"1173\" data-end=\"1190\"><span style=\"vertical-align: inherit\"><span style=\"vertical-align: inherit\">Dost\u0119p do strychu: Idealna do bezpiecznego wej\u015bcia na poddasze bez zajmowania powierzchni pod\u0142ogi.<\/span><\/span><\/strong><\/li>\n<li data-start=\"1171\" data-end=\"1256\"><strong data-start=\"1173\" data-end=\"1190\"><span style=\"vertical-align: inherit\"><span style=\"vertical-align: inherit\">Okna ewakuacyjne: Umo\u017cliwia szybkie i \u0142atwe wyj\u015bcie w sytuacjach awaryjnych.<\/span><\/span><\/strong><\/li>\n<li data-start=\"1171\" data-end=\"1256\"><strong data-start=\"1173\" data-end=\"1190\"><span style=\"vertical-align: inherit\"><span style=\"vertical-align: inherit\">\u0141\u00f3\u017cka pi\u0119trowe: Zapewnia stabilny i bezpieczny dost\u0119p do \u0142\u00f3\u017cek pi\u0119trowych dla dzieci i doros\u0142ych.<\/span><\/span><\/strong><\/li>\n<li data-start=\"1171\" data-end=\"1256\"><strong data-start=\"1173\" data-end=\"1190\"><span style=\"vertical-align: inherit\"><span style=\"vertical-align: inherit\">Dekoracja i przechowywanie: Doskona\u0142a do wn\u0119trz minimalistycznych i industrialnych oraz do si\u0119gania po rzeczy z wysokich p\u00f3\u0142ek.<\/span><\/span><\/strong><\/li>\n<li data-start=\"1171\" data-end=\"1256\"><strong data-start=\"1173\" data-end=\"1190\"><span style=\"vertical-align: inherit\"><span style=\"vertical-align: inherit\">Gara\u017c i warsztat: Mo\u017cna j\u0105 zamontowa\u0107 w gara\u017cach lub warsztatach, aby uzyska\u0107 dost\u0119p do wy\u017cej po\u0142o\u017conych przestrzeni.<\/span><\/span><\/strong><\/li>\n<\/ul>\n<p>Dodatkowo, montowane do \u015bciany drabinki trzy-stopniowe \u015bwietnie sprawdzaj\u0105 si\u0119 w kamperach, \u0142odziach i na statkach.<\/p>\n<p><img loading=\"lazy\" decoding=\"async\" class=\"alignnone size-full wp-image-5051\" src=\"https:\/\/isopllc.com\/pl\/wp-content\/uploads\/sites\/11\/2025\/05\/permanent-step-3-rungs1.jpeg\" alt=\"Stationary metal ladder\" width=\"300\" height=\"300\" title=\"\" srcset=\"https:\/\/isopllc.com\/pl\/wp-content\/uploads\/sites\/11\/2025\/05\/permanent-step-3-rungs1.jpeg 300w, https:\/\/isopllc.com\/pl\/wp-content\/uploads\/sites\/11\/2025\/05\/permanent-step-3-rungs1-150x150.jpeg 150w, https:\/\/isopllc.com\/pl\/wp-content\/uploads\/sites\/11\/2025\/05\/permanent-step-3-rungs1-100x100.jpeg 100w, https:\/\/isopllc.com\/pl\/wp-content\/uploads\/sites\/11\/2025\/05\/permanent-step-3-rungs1-60x60.jpeg 60w, https:\/\/isopllc.com\/pl\/wp-content\/uploads\/sites\/11\/2025\/05\/permanent-step-3-rungs1-90x90.jpeg 90w\" sizes=\"auto, (max-width: 300px) 100vw, 300px\" \/><\/p>\n<div class=\"celwidget aplus-module premium-module-4-two-column-images aplus-premium\" data-csa-c-id=\"15yl7x-eio1n0-m9lh6n-socwzs\" data-cel-widget=\"aplus-premium-module-4-two-column-images\">\n<div class=\"a-section a-spacing-none premium-aplus premium-aplus-module-4 aplus-container-1\">\n<div class=\"a-section a-spacing-none premium-aplus-two-column\">\n<div class=\"a-section a-spacing-none premium-aplus-column\">\n<div class=\"a-section a-spacing-none column-description\">\n<p class=\"aplus-p3\">Zastosowanie materia\u0142\u00f3w odpornych na korozj\u0119 zapewnia trwa\u0142o\u015b\u0107 na d\u0142ugie lata.<\/p>\n<p><img loading=\"lazy\" decoding=\"async\" class=\"alignnone size-full wp-image-5074\" src=\"https:\/\/isopllc.com\/pl\/wp-content\/uploads\/sites\/11\/2025\/05\/permanent-step-5-rungs-10.jpeg\" alt=\"\" width=\"300\" height=\"300\" title=\"\" srcset=\"https:\/\/isopllc.com\/pl\/wp-content\/uploads\/sites\/11\/2025\/05\/permanent-step-5-rungs-10.jpeg 300w, https:\/\/isopllc.com\/pl\/wp-content\/uploads\/sites\/11\/2025\/05\/permanent-step-5-rungs-10-150x150.jpeg 150w, https:\/\/isopllc.com\/pl\/wp-content\/uploads\/sites\/11\/2025\/05\/permanent-step-5-rungs-10-100x100.jpeg 100w, https:\/\/isopllc.com\/pl\/wp-content\/uploads\/sites\/11\/2025\/05\/permanent-step-5-rungs-10-60x60.jpeg 60w, https:\/\/isopllc.com\/pl\/wp-content\/uploads\/sites\/11\/2025\/05\/permanent-step-5-rungs-10-90x90.jpeg 90w\" sizes=\"auto, (max-width: 300px) 100vw, 300px\" \/><\/p>\n<h4 data-start=\"543\" data-end=\"587\">Wytrzyma\u0142a i solidna konstrukcja<\/h4>\n<p data-start=\"89\" data-end=\"631\">Wykonana z wysokiej jako\u015bci metalu, ta wbudowana drabinka 3-stopniowa zosta\u0142a zaprojektowana tak, aby wytrzyma\u0107 codzienne u\u017cytkowanie, zachowuj\u0105c swoj\u0105 wytrzyma\u0142o\u015b\u0107 i niezawodno\u015b\u0107. Monta\u017c do \u015bciany gwarantuje stabilne i bezpieczne umocowanie, eliminuj\u0105c ryzyko chybotania lub niestabilno\u015bci. Niezale\u017cnie od tego, czy potrzebujesz jej do regularnego wchodzenia na strych, bezpiecznego dost\u0119pu do \u0142\u00f3\u017cka pi\u0119trowego, czy jako elementu ewakuacyjnego \u2013 ta drabinka zosta\u0142a stworzona, aby s\u0142u\u017cy\u0107 przez lata, wymagaj\u0105c jedynie minimalnej konserwacji.<\/p>\n<p data-start=\"633\" data-end=\"842\"><strong data-start=\"633\" data-end=\"657\">Solidna konstrukcja:<\/strong> Wykonana z trwa\u0142ych materia\u0142\u00f3w, takich jak stal ocynkowana lub aluminium, wbudowana drabinka 3-stopniowa charakteryzuje si\u0119 wyj\u0105tkow\u0105 wytrzyma\u0142o\u015bci\u0105 i mo\u017ce utrzyma\u0107 znaczne obci\u0105\u017cenie.<\/p>\n<p><img loading=\"lazy\" decoding=\"async\" class=\"alignnone size-full wp-image-5075\" src=\"https:\/\/isopllc.com\/pl\/wp-content\/uploads\/sites\/11\/2025\/05\/permanent-step-5-rungs-11.jpeg\" alt=\"\" width=\"300\" height=\"300\" title=\"\" srcset=\"https:\/\/isopllc.com\/pl\/wp-content\/uploads\/sites\/11\/2025\/05\/permanent-step-5-rungs-11.jpeg 300w, https:\/\/isopllc.com\/pl\/wp-content\/uploads\/sites\/11\/2025\/05\/permanent-step-5-rungs-11-150x150.jpeg 150w, https:\/\/isopllc.com\/pl\/wp-content\/uploads\/sites\/11\/2025\/05\/permanent-step-5-rungs-11-100x100.jpeg 100w, https:\/\/isopllc.com\/pl\/wp-content\/uploads\/sites\/11\/2025\/05\/permanent-step-5-rungs-11-60x60.jpeg 60w, https:\/\/isopllc.com\/pl\/wp-content\/uploads\/sites\/11\/2025\/05\/permanent-step-5-rungs-11-90x90.jpeg 90w\" sizes=\"auto, (max-width: 300px) 100vw, 300px\" \/><\/p>\n<h4 data-start=\"1672\" data-end=\"1715\">Oszcz\u0119dno\u015b\u0107 miejsca i monta\u017c na \u015bcianie<\/h4>\n<p data-start=\"96\" data-end=\"651\">W przeciwie\u0144stwie do tradycyjnych, masywnych drabin, ten model montowany do \u015bciany pozostaje stabilnie przymocowany, stanowi\u0105c skuteczne rozwi\u0105zanie oszcz\u0119dzaj\u0105ce przestrze\u0144. Niezale\u017cnie od tego, czy masz ma\u0142e mieszkanie, strych czy kompaktow\u0105 kom\u00f3rk\u0119 gospodarcz\u0105, ta drabinka pomaga maksymalnie wykorzysta\u0107 powierzchni\u0119 pod\u0142ogi, jednocze\u015bnie zapewniaj\u0105c wygodny dost\u0119p do wy\u017cej po\u0142o\u017conych miejsc. Jej smuk\u0142y i minimalistyczny design doskonale komponuje si\u0119 z nowoczesnymi wn\u0119trzami, stanowi\u0105c zar\u00f3wno dekoracyjny, jak i funkcjonalny element ka\u017cdego domu.<\/p>\n<p data-start=\"653\" data-end=\"892\"><strong data-start=\"653\" data-end=\"759\">Ultra Protect \u2013 wbudowana drabinka 3-stopniowa do dachu, \u0142\u00f3\u017cka pi\u0119trowego, piwnicy, \u0142odzi lub strychu:<\/strong> Znana z solidnej konstrukcji i w\u0142a\u015bciwo\u015bci antypo\u015blizgowych, dzi\u0119ki czemu stanowi niezawodny wyb\u00f3r do otwor\u00f3w okiennych w piwnicach.<\/p>\n<p><img loading=\"lazy\" decoding=\"async\" class=\"alignnone size-full wp-image-5052\" src=\"https:\/\/isopllc.com\/pl\/wp-content\/uploads\/sites\/11\/2025\/05\/permanent-step-3-rungs2.jpeg\" alt=\"Bunk Bed Ladder\" width=\"300\" height=\"300\" title=\"\" srcset=\"https:\/\/isopllc.com\/pl\/wp-content\/uploads\/sites\/11\/2025\/05\/permanent-step-3-rungs2.jpeg 300w, https:\/\/isopllc.com\/pl\/wp-content\/uploads\/sites\/11\/2025\/05\/permanent-step-3-rungs2-150x150.jpeg 150w, https:\/\/isopllc.com\/pl\/wp-content\/uploads\/sites\/11\/2025\/05\/permanent-step-3-rungs2-100x100.jpeg 100w, https:\/\/isopllc.com\/pl\/wp-content\/uploads\/sites\/11\/2025\/05\/permanent-step-3-rungs2-60x60.jpeg 60w, https:\/\/isopllc.com\/pl\/wp-content\/uploads\/sites\/11\/2025\/05\/permanent-step-3-rungs2-90x90.jpeg 90w\" sizes=\"auto, (max-width: 300px) 100vw, 300px\" \/><\/p>\n<h4 data-start=\"2195\" data-end=\"2236\">Bezpieczny dost\u0119p na trzech poziomach<\/h4>\n<p data-start=\"94\" data-end=\"572\">Trzy r\u00f3wnomiernie rozmieszczone stopnie zapewniaj\u0105 wygodne i bezpieczne wchodzenie, umo\u017cliwiaj\u0105c osobom w ka\u017cdym wieku swobodne poruszanie si\u0119 w g\u00f3r\u0119 i w d\u00f3\u0142. Ka\u017cdy stopie\u0144 posiada powierzchni\u0119 antypo\u015blizgow\u0105, kt\u00f3ra zmniejsza ryzyko po\u015blizgni\u0119cia i upadku. Solidna metalowa rama zwi\u0119ksza no\u015bno\u015b\u0107 drabinki, dzi\u0119ki czemu jest odpowiednia zar\u00f3wno dla dzieci, jak i doros\u0142ych. Dodatkowo monta\u017c do \u015bciany eliminuje jakikolwiek ruch drabinki, znacznie podnosz\u0105c poziom bezpiecze\u0144stwa.<\/p>\n<p data-start=\"574\" data-end=\"779\">U\u017cytkownicy chwal\u0105 te drabinki za ich trwa\u0142o\u015b\u0107 i funkcjonalno\u015b\u0107. Wskazuj\u0105, \u017ce drabinka 3-stopniowa jest wytrzyma\u0142a i z \u0142atwo\u015bci\u0105 utrzymuje ci\u0119\u017car co najmniej 90 kg, co potwierdza solidno\u015b\u0107 jej konstrukcji.<\/p>\n<p><img loading=\"lazy\" decoding=\"async\" class=\"alignnone size-full wp-image-5053\" src=\"https:\/\/isopllc.com\/pl\/wp-content\/uploads\/sites\/11\/2025\/05\/permanent-step-3-rungs3.jpeg\" alt=\"Built-in ladder\" width=\"300\" height=\"300\" title=\"\" srcset=\"https:\/\/isopllc.com\/pl\/wp-content\/uploads\/sites\/11\/2025\/05\/permanent-step-3-rungs3.jpeg 300w, https:\/\/isopllc.com\/pl\/wp-content\/uploads\/sites\/11\/2025\/05\/permanent-step-3-rungs3-150x150.jpeg 150w, https:\/\/isopllc.com\/pl\/wp-content\/uploads\/sites\/11\/2025\/05\/permanent-step-3-rungs3-100x100.jpeg 100w, https:\/\/isopllc.com\/pl\/wp-content\/uploads\/sites\/11\/2025\/05\/permanent-step-3-rungs3-60x60.jpeg 60w, https:\/\/isopllc.com\/pl\/wp-content\/uploads\/sites\/11\/2025\/05\/permanent-step-3-rungs3-90x90.jpeg 90w\" sizes=\"auto, (max-width: 300px) 100vw, 300px\" \/><\/p>\n<h4 data-start=\"3113\" data-end=\"3158\">Stylowy, industrialny i nowoczesny design<\/h4>\n<p data-start=\"98\" data-end=\"598\">Opr\u00f3cz funkcjonalnych zalet, ta bezpieczna drabinka pe\u0142ni r\u00f3wnie\u017c rol\u0119 stylowego, nowoczesnego elementu wyposa\u017cenia. G\u0142adkie metalowe wyko\u0144czenie nadaje wn\u0119trzom industrialny charakter, dzi\u0119ki czemu doskonale sprawdza si\u0119 w domach, loftach i mieszkaniach. To estetyczny, a jednocze\u015bnie praktyczny dodatek do ka\u017cdej przestrzeni \u017cyciowej. Niezale\u017cnie od tego, czy u\u017cywana jest do przechowywania, dekoracji czy jako element bezpiecze\u0144stwa, drabinka podnosi wygl\u0105d i funkcjonalno\u015b\u0107 ka\u017cdego pomieszczenia.<\/p>\n<p data-start=\"600\" data-end=\"716\">Minimalistyczny design idealnie wsp\u00f3\u0142gra ze wsp\u00f3\u0142czesnymi wn\u0119trzami, oferuj\u0105c po\u0142\u0105czenie funkcjonalno\u015bci i estetyki.<\/p>\n<p><img loading=\"lazy\" decoding=\"async\" class=\"alignnone size-full wp-image-5076\" src=\"https:\/\/isopllc.com\/pl\/wp-content\/uploads\/sites\/11\/2025\/05\/permanent-step-5-rungs-12.jpeg\" alt=\"\" width=\"300\" height=\"300\" title=\"\" srcset=\"https:\/\/isopllc.com\/pl\/wp-content\/uploads\/sites\/11\/2025\/05\/permanent-step-5-rungs-12.jpeg 300w, https:\/\/isopllc.com\/pl\/wp-content\/uploads\/sites\/11\/2025\/05\/permanent-step-5-rungs-12-150x150.jpeg 150w, https:\/\/isopllc.com\/pl\/wp-content\/uploads\/sites\/11\/2025\/05\/permanent-step-5-rungs-12-100x100.jpeg 100w, https:\/\/isopllc.com\/pl\/wp-content\/uploads\/sites\/11\/2025\/05\/permanent-step-5-rungs-12-60x60.jpeg 60w, https:\/\/isopllc.com\/pl\/wp-content\/uploads\/sites\/11\/2025\/05\/permanent-step-5-rungs-12-90x90.jpeg 90w\" sizes=\"auto, (max-width: 300px) 100vw, 300px\" \/><\/p>\n<h4>Idealna do dom\u00f3w, loft\u00f3w i ma\u0142ych przestrzeni<\/h4>\n<p data-start=\"4193\" data-end=\"4478\">Niezale\u017cnie od tego, czy potrzebujesz praktycznego rozwi\u0105zania do dost\u0119pu w trudno dost\u0119pne miejsca, czy dekoracyjnego elementu do swojego domu, ta metalowa drabinka 3-stopniowa jest niezb\u0119dnym dodatkiem. Jej wszechstronno\u015b\u0107, trwa\u0142o\u015b\u0107 i bezpiecze\u0144stwo sprawiaj\u0105, \u017ce stanowi najlepszy wyb\u00f3r dla w\u0142a\u015bcicieli dom\u00f3w, projektant\u00f3w i wykonawc\u00f3w.<\/p>\n<p data-start=\"4193\" data-end=\"4478\"><img loading=\"lazy\" decoding=\"async\" class=\"alignnone size-full wp-image-5054\" src=\"https:\/\/isopllc.com\/pl\/wp-content\/uploads\/sites\/11\/2025\/05\/permanent-step-3-rungs4.jpg\" alt=\"metal ladder\" width=\"300\" height=\"300\" title=\"\" srcset=\"https:\/\/isopllc.com\/pl\/wp-content\/uploads\/sites\/11\/2025\/05\/permanent-step-3-rungs4.jpg 300w, https:\/\/isopllc.com\/pl\/wp-content\/uploads\/sites\/11\/2025\/05\/permanent-step-3-rungs4-150x150.jpg 150w, https:\/\/isopllc.com\/pl\/wp-content\/uploads\/sites\/11\/2025\/05\/permanent-step-3-rungs4-100x100.jpg 100w, https:\/\/isopllc.com\/pl\/wp-content\/uploads\/sites\/11\/2025\/05\/permanent-step-3-rungs4-60x60.jpg 60w, https:\/\/isopllc.com\/pl\/wp-content\/uploads\/sites\/11\/2025\/05\/permanent-step-3-rungs4-90x90.jpg 90w\" sizes=\"auto, (max-width: 300px) 100vw, 300px\" \/><\/p>\n<h3 data-start=\"4480\" data-end=\"4513\">Dlaczego warto wybra\u0107 t\u0119 wbudowan\u0105 drabink\u0119 3-stopniow\u0105?<\/h3>\n<ul data-start=\"4514\" data-end=\"4816\">\n<li data-start=\"113\" data-end=\"194\">\n<p data-start=\"115\" data-end=\"194\">Oszcz\u0119dza miejsce, zapewniaj\u0105c jednocze\u015bnie bezpieczne i stabilne wchodzenie.<\/p>\n<\/li>\n<li data-start=\"195\" data-end=\"299\">\n<p data-start=\"197\" data-end=\"299\">Wszechstronne zastosowanie: do strych\u00f3w, \u0142\u00f3\u017cek pi\u0119trowych, okien oraz nowoczesnych aran\u017cacji wn\u0119trz.<\/p>\n<\/li>\n<li data-start=\"300\" data-end=\"380\">\n<p data-start=\"302\" data-end=\"380\">Wysokiej jako\u015bci metalowa konstrukcja gwarantuje trwa\u0142o\u015b\u0107 i d\u0142ug\u0105 \u017cywotno\u015b\u0107.<\/p>\n<\/li>\n<li data-start=\"381\" data-end=\"435\">\n<p data-start=\"383\" data-end=\"435\">\u0141atwy monta\u017c oraz elegancki, minimalistyczny wygl\u0105d.<\/p>\n<\/li>\n<\/ul>\n<p data-start=\"4818\" data-end=\"4927\" data-is-last-node=\"\" data-is-only-node=\"\"><span style=\"vertical-align: inherit\"><span style=\"vertical-align: inherit\">\ud83d\uded2Zwi\u0119ksz funkcjonalno\u015b\u0107 i bezpiecze\u0144stwo swojego domu \u2014 zam\u00f3w <strong data-start=\"498\" data-end=\"532\">wbudowan\u0105 drabink\u0119 3-stopniow\u0105<\/strong> na Amazon ju\u017c dzi\u015b!\u00a0\ud83d\ude80<\/span><\/span><\/p>\n<\/div>\n<\/div>\n<\/div>\n<\/div>\n<\/div>\n<\/div>\n<\/div>\n<\/div>\n<\/div>\n<\/div>\n<\/div>\n<\/div>\n<\/div>\n","protected":false},"excerpt":{"rendered":"[embed]https:\/\/www.youtube.com\/watch?v=6xCJWP-p9pw[\/embed]\n[embed]https:\/\/www.youtube.com\/shorts\/pLAZ0v-5fRs[\/embed]\n<p id=\"title\" class=\"a-size-large a-spacing-none\" style=\"text-align: center\">Wbudowana drabinka 3-stopniowa \u2013 Drabinki \u015bcienne \u2013 Stacjonarna metalowa drabinka 3-stopniowa \u2013 Drabinka do \u0142\u00f3\u017cka pi\u0119trowego, 3-stopniowa<\/p>\n<p style=\"text-align: center\">DARMOWA WYSY\u0141KA W CI\u0104GU 3\u20137 DNI<\/p>\n<h4 style=\"text-align: center\">KUP TERAZ NA<br \/>\n<a href=\"https:\/\/www.amazon.pl\/dp\/B0DV3BB6LQ\/ref=sr_1_1?__mk_pl_PL=%C3%85M%C3%85%C5%BD%C3%95%C3%91&amp;crid=ZDPP9WGLQZIZ&amp;dib=eyJ2IjoiMSJ9.RqL5hMXefr4axrA2Jc7dyw.AMviLtwf9h4LaoYNZaKhYJm46cS3C_4gWHQQGu3NEZM&amp;dib_tag=se&amp;keywords=Wbudowana+drabina+Drabiny+przymocowane+do+%C5%9Bciany+Stacjonarna+metalowa+drabina+Drabina+do+%C5%82%C3%B3%C5%BCka+pi%C4%99trowego&amp;qid=1746966784&amp;sprefix=b0dv3bb6lq%2Caps%2C358&amp;sr=8-1&amp;th=1\"><img loading=\"lazy\" decoding=\"async\" class=\"aligncenter wp-image-1040 size-full\" src=\"https:\/\/isopllc.com\/pl\/wp-content\/uploads\/sites\/11\/2020\/01\/amazon-button9.png\" alt=\"\" width=\"160\" height=\"59\" \/><\/a><\/h4>\n","protected":false},"featured_media":5053,"comment_status":"open","ping_status":"closed","template":"","meta":[],"product_brand":[],"product_cat":[206,200],"product_tag":[100,98,99,97],"class_list":{"0":"post-5078","1":"product","2":"type-product","3":"status-publish","4":"has-post-thumbnail","6":"product_cat-drabiny-montowane-na-scianie","7":"product_cat-drabiny-schodkowe","8":"product_tag-akcesoria-scienne","9":"product_tag-isop","10":"product_tag-sprzet-wspinaczkowy","11":"product_tag-szczeble-scienne","13":"first","14":"instock","15":"shipping-taxable","16":"purchasable","17":"product-type-variable"},"_links":{"self":[{"href":"https:\/\/isopllc.com\/pl\/wp-json\/wp\/v2\/product\/5078","targetHints":{"allow":["GET"]}}],"collection":[{"href":"https:\/\/isopllc.com\/pl\/wp-json\/wp\/v2\/product"}],"about":[{"href":"https:\/\/isopllc.com\/pl\/wp-json\/wp\/v2\/types\/product"}],"replies":[{"embeddable":true,"href":"https:\/\/isopllc.com\/pl\/wp-json\/wp\/v2\/comments?post=5078"}],"wp:featuredmedia":[{"embeddable":true,"href":"https:\/\/isopllc.com\/pl\/wp-json\/wp\/v2\/media\/5053"}],"wp:attachment":[{"href":"https:\/\/isopllc.com\/pl\/wp-json\/wp\/v2\/media?parent=5078"}],"wp:term":[{"taxonomy":"product_brand","embeddable":true,"href":"https:\/\/isopllc.com\/pl\/wp-json\/wp\/v2\/product_brand?post=5078"},{"taxonomy":"product_cat","embeddable":true,"href":"https:\/\/isopllc.com\/pl\/wp-json\/wp\/v2\/product_cat?post=5078"},{"taxonomy":"product_tag","embeddable":true,"href":"https:\/\/isopllc.com\/pl\/wp-json\/wp\/v2\/product_tag?post=5078"}],"curies":[{"name":"wp","href":"https:\/\/api.w.org\/{rel}","templated":true}]}}