{"id":5087,"date":"2025-06-07T11:10:52","date_gmt":"2025-06-07T11:10:52","guid":{"rendered":"https:\/\/isopllc.com\/pl\/?post_type=product&#038;p=5087"},"modified":"2025-07-01T05:04:07","modified_gmt":"2025-07-01T05:04:07","slug":"koc-strazacki-duzy-180200-cm-2-sztuki","status":"publish","type":"product","link":"https:\/\/isopllc.com\/pl\/product\/koc-strazacki-duzy-180200-cm-2-sztuki\/","title":{"rendered":"Koc Stra\u017cacki Du\u017cy 180*200 cm | 2 Sztuki"},"content":{"rendered":"<div class=\"celwidget aplus-module premium-module-3-four-column-images aplus-premium\" data-csa-c-id=\"5x7ui9-ius50c-ssm1r8-66oj1i\" data-cel-widget=\"aplus-premium-module-3-four-column-images\">\n<div class=\"a-section a-spacing-none premium-aplus premium-aplus-module-3 aplus-container-1\">\n<h1 id=\"title\" class=\"a-size-large a-spacing-none\">Koc Stra\u017cacki Du\u017cy 180*200 cm \u2013 Koc ognioodporny z w\u0142\u00f3kna szklanego \u2013 Koc ratunkowy o du\u017cej wytrzyma\u0142o\u015bci \u2013 Koc ratunkowy klasy A \u2013 Koc przeciwpo\u017carowy \u2013 Koc pierwszej pomocy \u2013 Koc ratunkowy do domu | 2 Sztuki<\/h1>\n<\/div>\n<\/div>\n<div class=\"celwidget aplus-module premium-module-4-two-column-images aplus-premium\" data-csa-c-id=\"15yl7x-eio1n0-m9lh6n-socwzs\" data-cel-widget=\"aplus-premium-module-4-two-column-images\">\n<div class=\"a-section a-spacing-none premium-aplus premium-aplus-module-4 aplus-container-1\">\n<div class=\"a-section a-spacing-none premium-aplus-two-column\">\n<div class=\"a-section a-spacing-none premium-aplus-column\">\n<div class=\"a-section a-spacing-none column-description\">\n<div class=\"celwidget aplus-module premium-module-1-image-text aplus-premium\" data-csa-c-id=\"x545br-jvgu92-1elkrx-n14gmb\" data-cel-widget=\"aplus-premium-module-1-image-text\">\n<div class=\"a-section a-spacing-none premium-aplus premium-aplus-module-1 aplus-container-1\">\n<div class=\"a-section a-spacing-none aplus-display-table\">\n<div class=\"a-section a-spacing-none aplus-module-section aplus-display-table-cell aplus-image-section\"><img decoding=\"async\" class=\"\" src=\"https:\/\/m.media-amazon.com\/images\/S\/aplus-media-library-service-media\/20c4d590-e1df-47d5-9b6d-1700e574bf3f.__CR0,0,800,600_PT0_SX800_V1___.jpg\" alt=\"Fibreglass Fire Retardant Blanket\" data-src=\"https:\/\/m.media-amazon.com\/images\/S\/aplus-media-library-service-media\/20c4d590-e1df-47d5-9b6d-1700e574bf3f.__CR0,0,800,600_PT0_SX800_V1___.jpg\" data- title=\"\"><\/div>\n<div class=\"a-section a-spacing-none aplus-module-section aplus-display-table-cell aplus-text-section-right\">\n<h1 class=\"aplus-h1 aplus-module-1-heading a-text-bold\">Koc ratunkowy klasy A \u2013 \u015brodek ga\u015bniczy \u2013 pierwsza pomoc \u2013 koc ratunkowy<\/h1>\n<p>Koc ratunkowy ISOP do przetrwania gasi ogie\u0144 w ci\u0105gu kilku sekund. Czerwona saszetka jest przeznaczona do zawieszenia za przelotk\u0119 z kieszeni\u0105 otwieran\u0105 do do\u0142u, dzi\u0119ki czemu mo\u017cna szybko chwyci\u0107 i poci\u0105gn\u0105\u0107 za dwa paski, roz\u0142o\u017cy\u0107 koc i roz\u0142o\u017cy\u0107 koc pierwszej pomocy, aby przykry\u0107 \u017ar\u00f3d\u0142o ognia, a\u017c si\u0119 udusi i ugasi po\u017car<\/p>\n<p>Cenimy trosk\u0119 o siebie nawzajem i pozostawanie w kontakcie z biciem serca naszej spo\u0142eczno\u015bci.<\/p>\n<\/div>\n<\/div>\n<\/div>\n<\/div>\n<div class=\"celwidget aplus-module premium-module-4-two-column-images aplus-premium\" data-csa-c-id=\"rtlj53-bjgtoh-kpqsj4-jiaqb8\" data-cel-widget=\"aplus-premium-module-4-two-column-images\">\n<div class=\"a-section a-spacing-none premium-aplus premium-aplus-module-4 aplus-container-1\">\n<div class=\"a-section a-spacing-none premium-aplus-two-column\">\n<div class=\"a-section a-spacing-none premium-aplus-column\">\n<div class=\"a-section a-spacing-none {'column-image'}\"><img decoding=\"async\" class=\"\" src=\"https:\/\/m.media-amazon.com\/images\/S\/aplus-media-library-service-media\/f75da90f-6d87-4348-8303-ca326e370061.__CR0,0,650,350_PT0_SX650_V1___.jpg\" alt=\"Fibreglass Fire Retardant Blanket\" data-src=\"https:\/\/m.media-amazon.com\/images\/S\/aplus-media-library-service-media\/f75da90f-6d87-4348-8303-ca326e370061.__CR0,0,650,350_PT0_SX650_V1___.jpg\" data- title=\"\"><\/div>\n<div class=\"a-section a-spacing-none column-description\"><\/div>\n<\/div>\n<\/div>\n<\/div>\n<\/div>\n<div class=\"celwidget aplus-module premium-module-15-text aplus-premium\" data-csa-c-id=\"bnb6tm-tysnie-sthwlh-4mqwnf\" data-cel-widget=\"aplus-premium-module-15-text\">\n<div class=\"a-section a-spacing-none premium-aplus premium-aplus-module-15\">\n<div class=\"a-section a-spacing-none\">\n<p>Koc ratunkowy pe\u0142ni rol\u0119 tarczy ochronnej. Koce te mog\u0105 by\u0107 u\u017cywane do gaszenia ma\u0142ych po\u017car\u00f3w alarmuj\u0105cych ciep\u0142em i pomocy w zapobieganiu po\u017carom dom\u00f3w poprzez uduszenie ich tlenem. Mo\u017cesz go u\u017cy\u0107 do gaszenia ma\u0142ych po\u017car\u00f3w, kt\u00f3re mog\u0105 wymkn\u0105\u0107 si\u0119 spod kontroli w grillu zewn\u0119trznym, ognisku, szczelinach, zas\u0142onach posiadaj\u0105cych pobliskie gniazdka, w przypadku zwarcia elektrycznego w domu i kuchni. Po prostu owi\u0144 go wok\u00f3\u0142 siebie i uciekaj tak szybko, jak to mo\u017cliwe.<\/p>\n<p>Trwale modna i mocna konstrukcja z w\u0142\u00f3kna szklanego. Nasze koce przeciwpo\u017carowe klasy A s\u0105 wykonane z wyj\u0105tkowo wytrzyma\u0142ego w\u0142\u00f3kna szklanego, materia\u0142u, kt\u00f3ry wyg\u0142adza p\u0142omienie i wyr\u00f3\u017cnia si\u0119 w\u0142a\u015bciwo\u015bciami odpornymi na temperatur\u0119. W\u0142\u00f3kno szklane jest trudnopalne i spe\u0142nia norm\u0119 EN-1869:1997 dotycz\u0105c\u0105 t\u0142umienia ognia. Je\u015bli mieszkasz w odleg\u0142ej kabinie, dzia\u0142a ona jak ga\u015bnica, bior\u0105c pod uwag\u0119, \u017ce odpowied\u017a na wezwania pomocy zaj\u0119\u0142aby ochotnikowi troch\u0119 czasu.<\/p>\n<div class=\"celwidget aplus-module premium-module-4-two-column-images aplus-premium\" data-csa-c-id=\"1qsvnq-s2pplf-150y0h-f4ki8g\">\n<div class=\"a-section a-spacing-none premium-aplus premium-aplus-module-4 aplus-container-1\">\n<div class=\"a-section a-spacing-none premium-aplus-two-column\">\n<div class=\"a-section a-spacing-none premium-aplus-column\">\n<div class=\"a-section a-spacing-none {'column-image'}\"><img decoding=\"async\" class=\"\" src=\"https:\/\/m.media-amazon.com\/images\/S\/aplus-media-library-service-media\/b821e742-bf50-4e90-a57f-90c4944a5825.__CR0,0,650,350_PT0_SX650_V1___.jpg\" alt=\"Fibreglass Fire Retardant Blanket\" data-src=\"https:\/\/m.media-amazon.com\/images\/S\/aplus-media-library-service-media\/b821e742-bf50-4e90-a57f-90c4944a5825.__CR0,0,650,350_PT0_SX650_V1___.jpg\" data- title=\"\"><\/div>\n<div class=\"a-section a-spacing-none column-description\"><\/div>\n<\/div>\n<\/div>\n<\/div>\n<\/div>\n<div class=\"celwidget aplus-module premium-module-15-text aplus-premium\" data-csa-c-id=\"hojorg-jhrtya-jrvofx-evbfdk\">\n<div class=\"a-section a-spacing-none premium-aplus premium-aplus-module-15\">\n<div class=\"a-section a-spacing-none\">\n<p>Nie czekaj na sytuacje awaryjne, otw\u00f3rz nasz sprz\u0119t ratowniczy, poczuj wysok\u0105 jako\u015b\u0107, zapoznaj si\u0119 z produktem i naucz nieletnich, jak sobie z nim radzi\u0107, gdy s\u0105 sami.<\/p>\n<p>Podaruj go jako prezent na parapet\u00f3wk\u0119, kt\u00f3ry jest praktyczny, przemy\u015blany i stanowi jednorazow\u0105 inwestycj\u0119. Do czasu dotarcia do punktu zaalarmowanego przez detektor ognia w wi\u0119kszo\u015bci p\u0142omienie s\u0105 ju\u017c wysokie. W tych punktach zastosowanie alternatywnych rozwi\u0105za\u0144, takich jak koce przeciwpo\u017carowe, jest \u0142atwiejszym i skuteczniejszym sposobem na rozmieszczenie w przypadku wybuchu po\u017caru dowolnej wielko\u015bci, w kt\u00f3rym emocje i niepok\u00f3j b\u0119d\u0105 wysokie.<\/p>\n<p>Poza kocami ga\u015bniczymi marka ISOP oferuje du\u017cy asortyment drabin ewakuacyjnych, drabin ratowniczych oraz zestaw\u00f3w przeciwpo\u017carowych.<\/p>\n<\/div>\n<\/div>\n<\/div>\n<\/div>\n<\/div>\n<\/div>\n<\/div>\n<\/div>\n<\/div>\n<\/div>\n<\/div>\n","protected":false},"excerpt":{"rendered":"<p id=\"title\" class=\"a-size-large a-spacing-none\" style=\"text-align: center;\">Koc Stra\u017cacki Du\u017cy 180*200 cm \u2013 Koc ognioodporny z w\u0142\u00f3kna szklanego \u2013 Koc ratunkowy o du\u017cej wytrzyma\u0142o\u015bci \u2013 Koc ratunkowy klasy A \u2013 Koc przeciwpo\u017carowy \u2013 Koc pierwszej pomocy \u2013 Koc ratunkowy do domu &#8211; 2 Sztuki<\/p>\n<p style=\"text-align: center;\">BEZP\u0141ATNA DOSTAWA W CI\u0104GU 3-7 DNI<\/p>\n<h4 style=\"text-align: center;\"><strong>KUP TO NA<\/strong><\/h4>\n<p><a href=\"https:\/\/www.amazon.pl\/dp\/B0BLLNZVXQ?ref=myi_title_dp\"><img loading=\"lazy\" decoding=\"async\" class=\"aligncenter wp-image-1040 size-full\" src=\"https:\/\/isopllc.com\/pl\/wp-content\/uploads\/sites\/11\/2020\/01\/amazon-button9.png\" alt=\"\" width=\"160\" height=\"59\" \/><\/a><\/p>\n<p style=\"text-align: center;\">\n","protected":false},"featured_media":4583,"comment_status":"open","ping_status":"closed","template":"","meta":[],"product_brand":[],"product_cat":[201,199],"product_tag":[136,139,140],"class_list":{"0":"post-5087","1":"product","2":"type-product","3":"status-publish","4":"has-post-thumbnail","6":"product_cat-koc-przeciwpozarowy","7":"product_cat-zestawy-ratownicze-i-przetrwania","8":"product_tag-koc-ratunkowy","9":"product_tag-koc-strazacki-duzy","10":"product_tag-sprzet-strazacki","12":"first","13":"instock","14":"shipping-taxable","15":"purchasable","16":"product-type-simple"},"_links":{"self":[{"href":"https:\/\/isopllc.com\/pl\/wp-json\/wp\/v2\/product\/5087","targetHints":{"allow":["GET"]}}],"collection":[{"href":"https:\/\/isopllc.com\/pl\/wp-json\/wp\/v2\/product"}],"about":[{"href":"https:\/\/isopllc.com\/pl\/wp-json\/wp\/v2\/types\/product"}],"replies":[{"embeddable":true,"href":"https:\/\/isopllc.com\/pl\/wp-json\/wp\/v2\/comments?post=5087"}],"wp:featuredmedia":[{"embeddable":true,"href":"https:\/\/isopllc.com\/pl\/wp-json\/wp\/v2\/media\/4583"}],"wp:attachment":[{"href":"https:\/\/isopllc.com\/pl\/wp-json\/wp\/v2\/media?parent=5087"}],"wp:term":[{"taxonomy":"product_brand","embeddable":true,"href":"https:\/\/isopllc.com\/pl\/wp-json\/wp\/v2\/product_brand?post=5087"},{"taxonomy":"product_cat","embeddable":true,"href":"https:\/\/isopllc.com\/pl\/wp-json\/wp\/v2\/product_cat?post=5087"},{"taxonomy":"product_tag","embeddable":true,"href":"https:\/\/isopllc.com\/pl\/wp-json\/wp\/v2\/product_tag?post=5087"}],"curies":[{"name":"wp","href":"https:\/\/api.w.org\/{rel}","templated":true}]}}