{"id":5147,"date":"2025-07-02T07:29:36","date_gmt":"2025-07-02T07:29:36","guid":{"rendered":"https:\/\/isopllc.com\/pl\/?post_type=product&#038;p=5147"},"modified":"2025-07-03T08:52:54","modified_gmt":"2025-07-03T08:52:54","slug":"szafka-aluminiowa-na-drabine-przeciwpozarowa-3-pietrowa-nierdzewny","status":"publish","type":"product","link":"https:\/\/isopllc.com\/pl\/product\/szafka-aluminiowa-na-drabine-przeciwpozarowa-3-pietrowa-nierdzewny\/","title":{"rendered":"Szafka Aluminiowa na Drabin\u0119 Przeciwpo\u017carow\u0105 3-Pi\u0119trow\u0105\/Nierdzewny"},"content":{"rendered":"<h2 data-start=\"64\" data-end=\"340\">Szafka Aluminiowa na Drabin\u0119 Ewakuacyjn\u0105 | Uniwersalna Skrzynka Dost\u0119pu do Drabiny Przeciwpo\u017carowej 3-Pi\u0119trowej | Do U\u017cytku Wewn\u0105trz i na Zewn\u0105trz | Akcesoria Monta\u017cowe w Zestawie | Montowana na \u015bcianie Skrzynka do Przechowywania Drabin Przeciwpo\u017carowych | 38 x 28 x 13 cm<\/h2>\n<p><!--more--><\/p>\n<div class=\"flex basis-auto flex-col -mb-(--composer-overlap-px) [--composer-overlap-px:24px] grow overflow-hidden\">\n<div class=\"relative h-full\">\n<div class=\"flex h-full flex-col overflow-y-auto [scrollbar-gutter:stable_both-edges] @[84rem]\/thread:pt-(--header-height)\">\n<div class=\"@thread-xl\/thread:pt-header-height flex flex-col text-sm\">\n<article class=\"text-token-text-primary w-full\" dir=\"auto\" data-testid=\"conversation-turn-58\" data-scroll-anchor=\"true\">\n<div class=\"text-base my-auto mx-auto py-5 [--thread-content-margin:--spacing(4)] @[37rem]:[--thread-content-margin:--spacing(6)] @[72rem]:[--thread-content-margin:--spacing(16)] px-(--thread-content-margin)\">\n<div class=\"[--thread-content-max-width:32rem] @[34rem]:[--thread-content-max-width:40rem] @[64rem]:[--thread-content-max-width:48rem] mx-auto flex max-w-(--thread-content-max-width) flex-1 text-base gap-4 md:gap-5 lg:gap-6 group\/turn-messages focus-visible:outline-hidden\">\n<div class=\"group\/conversation-turn relative flex w-full min-w-0 flex-col agent-turn\">\n<div class=\"relative flex-col gap-1 md:gap-3\">\n<div class=\"flex max-w-full flex-col grow\">\n<div class=\"min-h-8 text-message relative flex w-full flex-col items-end gap-2 text-start break-words whitespace-normal [.text-message+&amp;]:mt-5\" dir=\"auto\" data-message-author-role=\"assistant\" data-message-id=\"f0539f3c-f36b-4e8a-9ced-17191149ed0b\" data-message-model-slug=\"gpt-4o\">\n<div class=\"flex w-full flex-col gap-1 empty:hidden first:pt-[3px]\">\n<div class=\"markdown prose dark:prose-invert w-full break-words light\">\n<p data-start=\"64\" data-end=\"528\">Zapewnij swojemu domowi, mieszkaniu, szkole lub miejscu pracy gotowo\u015b\u0107 do ewakuacji w nag\u0142ych wypadkach dzi\u0119ki tej aluminiowej szafce na drabin\u0119 ewakuacyjn\u0105 \u2013 solidnej, eleganckiej i specjalnie zaprojektowanej uniwersalnej skrzynce dost\u0119powej przeznaczonej do u\u017cytku wewn\u0105trz i na zewn\u0105trz. Ta montowana na \u015bcianie szafka zapewnia szybki dost\u0119p do drabin ewakuacyjnych w przypadku po\u017caru lub innych sytuacji wysokiego ryzyka, gdzie szybka ewakuacja jest niezb\u0119dna.<\/p>\n<p><img loading=\"lazy\" decoding=\"async\" class=\"alignnone wp-image-5155\" src=\"https:\/\/isopllc.com\/pl\/wp-content\/uploads\/sites\/11\/2025\/06\/fire-equipment-box-8-scaled.jpg\" alt=\"\" width=\"255\" height=\"255\" title=\"\" srcset=\"https:\/\/isopllc.com\/pl\/wp-content\/uploads\/sites\/11\/2025\/06\/fire-equipment-box-8-scaled.jpg 2560w, https:\/\/isopllc.com\/pl\/wp-content\/uploads\/sites\/11\/2025\/06\/fire-equipment-box-8-150x150.jpg 150w, https:\/\/isopllc.com\/pl\/wp-content\/uploads\/sites\/11\/2025\/06\/fire-equipment-box-8-768x768.jpg 768w, https:\/\/isopllc.com\/pl\/wp-content\/uploads\/sites\/11\/2025\/06\/fire-equipment-box-8-1536x1536.jpg 1536w, https:\/\/isopllc.com\/pl\/wp-content\/uploads\/sites\/11\/2025\/06\/fire-equipment-box-8-2048x2048.jpg 2048w, https:\/\/isopllc.com\/pl\/wp-content\/uploads\/sites\/11\/2025\/06\/fire-equipment-box-8-1000x1000.jpg 1000w, https:\/\/isopllc.com\/pl\/wp-content\/uploads\/sites\/11\/2025\/06\/fire-equipment-box-8-416x416.jpg 416w, https:\/\/isopllc.com\/pl\/wp-content\/uploads\/sites\/11\/2025\/06\/fire-equipment-box-8-100x100.jpg 100w\" sizes=\"auto, (max-width: 255px) 100vw, 255px\" \/><\/p>\n<\/div>\n<\/div>\n<h3 data-start=\"69\" data-end=\"143\">Konstrukcja z aluminium klasy premium do u\u017cytku wewn\u0105trz i na zewn\u0105trz<\/h3>\n<p data-start=\"145\" data-end=\"724\">Wykonana z wysokowytrzyma\u0142ego anodowanego aluminium, ta szafka zosta\u0142a zaprojektowana z my\u015bl\u0105 o trwa\u0142o\u015bci, odporno\u015bci na korozj\u0119 i d\u0142ugowieczno\u015bci. W przeciwie\u0144stwie do plastikowych alternatyw lub szafek z niskiej jako\u015bci stali, ta jednostka jest odporna na warunki atmosferyczne i przystosowana do monta\u017cu na zewn\u0105trz \u2013 idealna na balkony, klatki ewakuacyjne lub werandy. Wewn\u0105trz dyskretnie wtapia si\u0119 w \u015bciany, pomieszczenia gospodarcze lub klatki schodowe, zachowuj\u0105c sp\u00f3jno\u015b\u0107 estetyczn\u0105 z nowoczesnymi wn\u0119trzami, jednocze\u015bnie zapewniaj\u0105c maksymaln\u0105 gotowo\u015b\u0107 przeciwpo\u017carow\u0105.<\/p>\n<ul>\n<li data-start=\"726\" data-end=\"949\">Kompaktowa konstrukcja<\/li>\n<li data-start=\"726\" data-end=\"949\">Wytrzyma\u0142a konstrukcja z \u017celiwa<\/li>\n<li data-start=\"726\" data-end=\"949\">Szk\u0142o akrylowe (bezpieczniejsze ni\u017c standardowe szk\u0142o w sytuacjach awaryjnych)<\/li>\n<li data-start=\"726\" data-end=\"949\">\u0141atwy monta\u017c na \u015bcianie<\/li>\n<li data-start=\"726\" data-end=\"949\">\u0141atwe do znalezienia w razie potrzeby<\/li>\n<\/ul>\n<p><img loading=\"lazy\" decoding=\"async\" class=\"alignnone wp-image-5151\" src=\"https:\/\/isopllc.com\/pl\/wp-content\/uploads\/sites\/11\/2025\/06\/fir-escape-box-9-scaled.jpg\" alt=\"\" width=\"269\" height=\"269\" title=\"\" srcset=\"https:\/\/isopllc.com\/pl\/wp-content\/uploads\/sites\/11\/2025\/06\/fir-escape-box-9-scaled.jpg 2560w, https:\/\/isopllc.com\/pl\/wp-content\/uploads\/sites\/11\/2025\/06\/fir-escape-box-9-150x150.jpg 150w, https:\/\/isopllc.com\/pl\/wp-content\/uploads\/sites\/11\/2025\/06\/fir-escape-box-9-768x768.jpg 768w, https:\/\/isopllc.com\/pl\/wp-content\/uploads\/sites\/11\/2025\/06\/fir-escape-box-9-1536x1536.jpg 1536w, https:\/\/isopllc.com\/pl\/wp-content\/uploads\/sites\/11\/2025\/06\/fir-escape-box-9-2048x2048.jpg 2048w, https:\/\/isopllc.com\/pl\/wp-content\/uploads\/sites\/11\/2025\/06\/fir-escape-box-9-1000x1000.jpg 1000w, https:\/\/isopllc.com\/pl\/wp-content\/uploads\/sites\/11\/2025\/06\/fir-escape-box-9-416x416.jpg 416w, https:\/\/isopllc.com\/pl\/wp-content\/uploads\/sites\/11\/2025\/06\/fir-escape-box-9-100x100.jpg 100w\" sizes=\"auto, (max-width: 269px) 100vw, 269px\" \/><\/p>\n<\/div>\n<\/div>\n<\/div>\n<p>\u017belazna szafka na ga\u015bnic\u0119 utrzymuje Twoj\u0105 ga\u015bnic\u0119 lub drabin\u0119 ewakuacyjn\u0105 \u0142atwo dost\u0119pn\u0105 w przypadku nag\u0142ej sytuacji.<\/p>\n<p data-start=\"187\" data-end=\"412\">Dzi\u0119ki swoim kompaktowym wymiarom (38x28x13 cm, grubo\u015b\u0107 1 mm) i trwa\u0142ej konstrukcji, ta szafka jest idealna do mieszka\u0144, apartament\u00f3w i ma\u0142ych firm, zapewniaj\u0105c bezpieczne i solidne miejsce do d\u0142ugoterminowego przechowywania.<\/p>\n<\/div>\n<p data-start=\"187\" data-end=\"412\"><img loading=\"lazy\" decoding=\"async\" class=\"alignnone wp-image-5149\" src=\"https:\/\/isopllc.com\/pl\/wp-content\/uploads\/sites\/11\/2025\/06\/Aluminium-storage-for-fire-rescue-stuff-7.jpg\" alt=\"Szafka aluminiowa 3-pi\u0119trowa\" width=\"215\" height=\"215\" title=\"\" srcset=\"https:\/\/isopllc.com\/pl\/wp-content\/uploads\/sites\/11\/2025\/06\/Aluminium-storage-for-fire-rescue-stuff-7.jpg 900w, https:\/\/isopllc.com\/pl\/wp-content\/uploads\/sites\/11\/2025\/06\/Aluminium-storage-for-fire-rescue-stuff-7-150x150.jpg 150w, https:\/\/isopllc.com\/pl\/wp-content\/uploads\/sites\/11\/2025\/06\/Aluminium-storage-for-fire-rescue-stuff-7-768x768.jpg 768w, https:\/\/isopllc.com\/pl\/wp-content\/uploads\/sites\/11\/2025\/06\/Aluminium-storage-for-fire-rescue-stuff-7-416x416.jpg 416w, https:\/\/isopllc.com\/pl\/wp-content\/uploads\/sites\/11\/2025\/06\/Aluminium-storage-for-fire-rescue-stuff-7-100x100.jpg 100w\" sizes=\"auto, (max-width: 215px) 100vw, 215px\" \/><\/p>\n<h3 data-start=\"64\" data-end=\"90\">Stacja przeciwpo\u017carowa<\/h3>\n<p data-start=\"37\" data-end=\"225\">W przypadku nag\u0142ego po\u017caru w domu lub firmie zapewnia wyznaczone miejsce na ga\u015bnic\u0119 lub drabin\u0119, dzi\u0119ki czemu s\u0105 one zawsze pod r\u0119k\u0105 i gotowe do u\u017cycia, gdy s\u0105 najbardziej potrzebne.<\/p>\n<p data-start=\"92\" data-end=\"281\"><img loading=\"lazy\" decoding=\"async\" class=\"alignnone wp-image-5157\" src=\"https:\/\/isopllc.com\/pl\/wp-content\/uploads\/sites\/11\/2025\/06\/Fire-ladder.png\" alt=\"\" width=\"331\" height=\"222\" title=\"\" srcset=\"https:\/\/isopllc.com\/pl\/wp-content\/uploads\/sites\/11\/2025\/06\/Fire-ladder.png 1462w, https:\/\/isopllc.com\/pl\/wp-content\/uploads\/sites\/11\/2025\/06\/Fire-ladder-768x515.png 768w, https:\/\/isopllc.com\/pl\/wp-content\/uploads\/sites\/11\/2025\/06\/Fire-ladder-1000x671.png 1000w, https:\/\/isopllc.com\/pl\/wp-content\/uploads\/sites\/11\/2025\/06\/Fire-ladder-416x279.png 416w\" sizes=\"auto, (max-width: 331px) 100vw, 331px\" \/><\/p>\n<\/div>\n<\/div>\n<\/article>\n<\/div>\n<\/div>\n<h3>Profesjonalne kotwy wspinaczkowe do top rope<\/h3>\n<p>Zestaw kotew wspinaczkowych, zawiera 2 szt. p\u0142yt mocuj\u0105cych i 2 szt. \u015brub rozporowych, nakr\u0119tki i podk\u0142adki p\u0142askie. P\u0142yty mocuj\u0105ce s\u0142u\u017c\u0105 jako sta\u0142e punkty kotwiczenia.<\/p>\n<p>Zestaw umo\u017cliwia przymocowanie skrzynki do \u015bciany. Nie tylko utrzymuj\u0105 one skrzynk\u0119, ale tak\u017ce posiadaj\u0105 oczka do mocowania zaprojektowane na dwa karabinki, co pozwala na zaczepienie drabiny linowej, aby m\u00f3c zej\u015b\u0107 przez okno.<\/p>\n<h3>Wszechstronne zastosowanie<\/h3>\n<p>Idealne do:<\/p>\n<ul>\n<li>Dom\u00f3w wielopi\u0119trowych<\/li>\n<li>Mieszka\u0144 i budynk\u00f3w wysokich<\/li>\n<li>Internat\u00f3w szkolnych<\/li>\n<li>Przedszkoli i \u017c\u0142obk\u00f3w<\/li>\n<li>Szpitali i dom\u00f3w opieki<\/li>\n<li>Hoteli, hosteli i Airbnbs<\/li>\n<li>Komercyjnych budynk\u00f3w biurowych<\/li>\n<li>Magazyn\u00f3w z antresolami<\/li>\n<\/ul>\n<p>Wsz\u0119dzie tam, gdzie ludzie \u015bpi\u0105, pracuj\u0105 lub gromadz\u0105 si\u0119 powy\u017cej poziomu gruntu, ta skrzynka zapewnia dyskretne, ale niezwykle skuteczne rozwi\u0105zanie w zakresie bezpiecze\u0144stwa.<\/p>\n<h3>Dlaczego uwa\u017camy, \u017ce lepiej kupi\u0107 skrzynk\u0119 dost\u0119pow\u0105 na drabin\u0119 ewakuacyjn\u0105?<\/h3>\n<p>Z kilku powod\u00f3w!<\/p>\n<ol>\n<li>Mocuj\u0105c skrzynk\u0119 do \u015bciany (pod oknem lub na balkonie) za pomoc\u0105 kotew, mo\u017cesz od razu przymocowa\u0107 drabin\u0119 do oczek kotwicz\u0105cych i w razie nag\u0142ej potrzeby po prostu wyrzuci\u0107 drabin\u0119 przez okno i natychmiast rozpocz\u0105\u0107 schodzenie, bez marnowania cennych sekund na szukanie miejsca do jej przymocowania.<\/li>\n<li>Mo\u017cesz zamontowa\u0107 skrzynk\u0119 zar\u00f3wno wewn\u0105trz, jak i na zewn\u0105trz budynku. Na zewn\u0105trz zalet\u0105 jest to, \u017ce nie zajmuje miejsca w domu i nie psuje wygl\u0105du pomieszczenia, a jednocze\u015bnie jest \u0142atwo dost\u0119pna, je\u015bli jest zamontowana obok okna lub na balkonie.<\/li>\n<li>Jest to r\u00f3wnie\u017c wygodne wewn\u0105trz domu, poniewa\u017c zawsze jest pod r\u0119k\u0105 i ta wa\u017cna ratuj\u0105ca \u017cycie rzecz znajduje si\u0119 w zasi\u0119gu wzroku, dzi\u0119ki czemu nie tracisz czasu na jej szukanie podczas po\u017caru.<\/li>\n<li>Naszym zdaniem bardzo bezpieczne jest przymocowanie drabin do kotew wspinaczkowych wewn\u0105trz skrzynki, poniewa\u017c wytrzymuj\u0105 one 25 KN, w przeciwie\u0144stwie do innych element\u00f3w w domu, takich jak rama okienna czy por\u0119cze balkonu.<\/li>\n<\/ol>\n<p>Dost\u0119pna r\u00f3wnie\u017c w innym rozmiarze: <a href=\"https:\/\/isopllc.com\/pl\/product\/uniwersalna-skrzynke-dostepowa-do-gasnicy\/\"><strong>Uniwersalna Skrzynka Dost\u0119powa<\/strong><\/a><\/p>\n<p>&nbsp;<\/p>\n<\/div>\n<\/div>\n","protected":false},"excerpt":{"rendered":"[embed]https:\/\/youtu.be\/AsrnMUToP3o?si=MqVmyE5OMZ-xT0qw[\/embed]\n<p style=\"text-align: center\" data-start=\"47\" data-end=\"327\">Szafka aluminiowa na drabin\u0119 przeciwpo\u017carow\u0105 | Uniwersalna skrzynka dost\u0119pu do drabiny przeciwpo\u017carowej 3-pi\u0119trowej | Do u\u017cytku wewn\u0105trz i na zewn\u0105trz | Akcesoria monta\u017cowe w zestawie | Montowana na \u015bcianie skrzynka do przechowywania drabin przeciwpo\u017carowych | 38 x 28 x 13 cm<\/p>\n<p style=\"text-align: center\" data-start=\"329\" data-end=\"363\">DOSTAWA GRATIS W CI\u0104GU 3-7 DNI<\/p>\n<p style=\"text-align: center\" data-start=\"365\" data-end=\"381\"><strong>KUP TERAZ NA<\/strong><\/p>\n<p style=\"text-align: center\" data-start=\"365\" data-end=\"381\"><a href=\"https:\/\/www.amazon.pl\/Aluminiowa-Uniwersalna-Dost%C4%99powa-Przeciwpo%C5%BCarowej-3-Poziomowa\/dp\/B0DGQH5PZ2\/ref=sr_1_1?__mk_pl_PL=%C3%85M%C3%85%C5%BD%C3%95%C3%91&amp;crid=2CJ0FE5PTXUBF&amp;dib=eyJ2IjoiMSJ9.Ce7cFwH7uEI8-ATISVLlsQ.d9Obrro8WTgbwj8-4w0JW5s_whYK3vChrBW4RUXrbpo&amp;dib_tag=se&amp;keywords=Aluminiowa+Szafka+na+Drabink%C4%99&amp;qid=1751450490&amp;sprefix=b0dgqh5pz2%2Caps%2C133&amp;sr=8-1&amp;th=1\"><img loading=\"lazy\" decoding=\"async\" class=\"aligncenter wp-image-1040 size-full\" src=\"https:\/\/isopllc.com\/pl\/wp-content\/uploads\/sites\/11\/2020\/01\/amazon-button9.png\" alt=\"\" width=\"160\" height=\"59\" \/><\/a><\/p>\n","protected":false},"featured_media":5148,"comment_status":"open","ping_status":"closed","template":"","meta":[],"product_brand":[],"product_cat":[203,205],"product_tag":[],"class_list":{"0":"post-5147","1":"product","2":"type-product","3":"status-publish","4":"has-post-thumbnail","6":"product_cat-akcesoria-do-drabin-przeciwpozarowych","7":"product_cat-skrzynia-do-przechowywania-drabin-przeciwpozarowych","9":"first","10":"instock","11":"shipping-taxable","12":"purchasable","13":"product-type-simple"},"_links":{"self":[{"href":"https:\/\/isopllc.com\/pl\/wp-json\/wp\/v2\/product\/5147","targetHints":{"allow":["GET"]}}],"collection":[{"href":"https:\/\/isopllc.com\/pl\/wp-json\/wp\/v2\/product"}],"about":[{"href":"https:\/\/isopllc.com\/pl\/wp-json\/wp\/v2\/types\/product"}],"replies":[{"embeddable":true,"href":"https:\/\/isopllc.com\/pl\/wp-json\/wp\/v2\/comments?post=5147"}],"wp:featuredmedia":[{"embeddable":true,"href":"https:\/\/isopllc.com\/pl\/wp-json\/wp\/v2\/media\/5148"}],"wp:attachment":[{"href":"https:\/\/isopllc.com\/pl\/wp-json\/wp\/v2\/media?parent=5147"}],"wp:term":[{"taxonomy":"product_brand","embeddable":true,"href":"https:\/\/isopllc.com\/pl\/wp-json\/wp\/v2\/product_brand?post=5147"},{"taxonomy":"product_cat","embeddable":true,"href":"https:\/\/isopllc.com\/pl\/wp-json\/wp\/v2\/product_cat?post=5147"},{"taxonomy":"product_tag","embeddable":true,"href":"https:\/\/isopllc.com\/pl\/wp-json\/wp\/v2\/product_tag?post=5147"}],"curies":[{"name":"wp","href":"https:\/\/api.w.org\/{rel}","templated":true}]}}