{"id":5227,"date":"2025-08-04T06:48:42","date_gmt":"2025-08-04T06:48:42","guid":{"rendered":"https:\/\/isopllc.com\/pl\/?post_type=product&#038;p=5227"},"modified":"2025-11-16T16:53:50","modified_gmt":"2025-11-16T16:53:50","slug":"pokrowiec-na-gasnice-duzy-rozmiar-zestaw-2-oslona-barierowa","status":"publish","type":"product","link":"https:\/\/isopllc.com\/pl\/product\/pokrowiec-na-gasnice-duzy-rozmiar-zestaw-2-oslona-barierowa\/","title":{"rendered":"Pokrowiec Na Ga\u015bnic\u0119 Du\u017cy Rozmiar Zestaw 2 | Os\u0142ona Barierowa"},"content":{"rendered":"<h2 data-start=\"0\" data-end=\"208\">Pokrowiec Na Ga\u015bnic\u0119 Du\u017cy Rozmiar Zestaw 2 \u2013 Os\u0142ona Barierowa Przeciwkurzowa I Przecieraniowa \u2013 Przezroczysta Os\u0142ona Na Ga\u015bnic\u0119 \u2013 Wodoodporna, Odporna Na Warunki Atmosferyczne Ochrona \u2013 Do Ga\u015bnic Do 20 Funt\u00f3w<\/h2>\n<p data-start=\"210\" data-end=\"427\">Chro\u0144 swoje ga\u015bnice za pomoc\u0105 tego zestawu 2 du\u017cych, przezroczystych pokrowc\u00f3w. Wodoodporne, odporne na kurz i warunki atmosferyczne pokrowce pasuj\u0105 do ga\u015bnic do 20 funt\u00f3w i zapewniaj\u0105 d\u0142ugotrwa\u0142\u0105, niezawodn\u0105 ochron\u0119.<\/p>\n<ul>\n<li data-start=\"429\" data-end=\"1180\">Wytrzyma\u0142a Ochrona: Wykonany z grubego, odpornego na \u015bcieranie i wodoodpornego PVC, ten pokrowiec na ga\u015bnic\u0119 jest stworzony, by wytrzyma\u0107 trudne warunki. Niezale\u017cnie od tego, czy jest u\u017cywany w przemy\u015ble, handlu czy domu, zapewnia trwa\u0142o\u015b\u0107 i niezawodn\u0105 ochron\u0119.<\/li>\n<li data-start=\"429\" data-end=\"1180\">Wysoka Widoczno\u015b\u0107: Zaprojektowany w jaskrawym, awaryjnym czerwonym kolorze, posiada odblaskowy pasek bezpiecze\u0144stwa, czarny nadruk i czarne wyko\u0144czenia, by zapewni\u0107 maksymaln\u0105 widoczno\u015b\u0107 podczas sytuacji awaryjnych lub przerw w dostawie pr\u0105du<\/li>\n<li data-start=\"429\" data-end=\"1180\">Uniwersalne Dopasowanie i Rozmiary: Dost\u0119pny w rozmiarach ma\u0142ym i du\u017cym, by pasowa\u0107 do r\u00f3\u017cnych modeli ga\u015bnic. Ta oferta jest przeznaczona dla ga\u015bnic o wadze od 1 do 2 kg (do 5 funt\u00f3w), idealna do u\u017cytku domowego, biurowego lub w pojazdach<\/li>\n<li data-start=\"429\" data-end=\"1180\">Przezroczyste Okienko Inspekcyjne: Wyposa\u017cony w du\u017ce, przezroczyste okno, kt\u00f3re umo\u017cliwia szybkie i \u0142atwe wizualne sprawdzenie ci\u015bnienia i rodzaju ga\u015bnicy \u2014 zapewniaj\u0105c zgodno\u015b\u0107, widoczno\u015b\u0107 i gotowo\u015b\u0107 do inspekcji bez konieczno\u015bci zdejmowania pokrowca.<\/li>\n<\/ul>\n<p><img loading=\"lazy\" decoding=\"async\" class=\"alignnone wp-image-5228\" src=\"https:\/\/isopllc.com\/pl\/wp-content\/uploads\/sites\/11\/2025\/08\/extinguisher-cover-emergency.jpg\" alt=\"pokrowiec na ga\u015bnic\u0119\" width=\"364\" height=\"353\" title=\"\" srcset=\"https:\/\/isopllc.com\/pl\/wp-content\/uploads\/sites\/11\/2025\/08\/extinguisher-cover-emergency.jpg 679w, https:\/\/isopllc.com\/pl\/wp-content\/uploads\/sites\/11\/2025\/08\/extinguisher-cover-emergency-416x403.jpg 416w\" sizes=\"auto, (max-width: 364px) 100vw, 364px\" \/><\/p>\n<h4 data-start=\"56\" data-end=\"72\">\u0141atwa Instalacja<\/h4>\n<p data-start=\"74\" data-end=\"388\">Zapi\u0119cie na rzepy (Velcro) umo\u017cliwia pewne i beznarz\u0119dziowe mocowanie. Os\u0142ona barierowa jest lekka i sk\u0142adana, co u\u0142atwia przechowywanie lub transport, idealna do biur, magazyn\u00f3w, fabryk, pojazd\u00f3w, budynk\u00f3w u\u017cyteczno\u015bci publicznej i domowych zestaw\u00f3w awaryjnych, zapewniaj\u0105c niezawodn\u0105 ochron\u0119 w r\u00f3\u017cnych miejscach.<\/p>\n<p data-start=\"390\" data-end=\"435\"><img loading=\"lazy\" decoding=\"async\" class=\"alignnone wp-image-5232\" src=\"https:\/\/isopllc.com\/pl\/wp-content\/uploads\/sites\/11\/2025\/08\/Fire-extinguisher-cover-details.jpg\" alt=\"wodoodporny pokrowiec ga\u015bnicy\" width=\"353\" height=\"353\" title=\"\" srcset=\"https:\/\/isopllc.com\/pl\/wp-content\/uploads\/sites\/11\/2025\/08\/Fire-extinguisher-cover-details.jpg 1500w, https:\/\/isopllc.com\/pl\/wp-content\/uploads\/sites\/11\/2025\/08\/Fire-extinguisher-cover-details-150x150.jpg 150w, https:\/\/isopllc.com\/pl\/wp-content\/uploads\/sites\/11\/2025\/08\/Fire-extinguisher-cover-details-768x768.jpg 768w, https:\/\/isopllc.com\/pl\/wp-content\/uploads\/sites\/11\/2025\/08\/Fire-extinguisher-cover-details-1000x1000.jpg 1000w, https:\/\/isopllc.com\/pl\/wp-content\/uploads\/sites\/11\/2025\/08\/Fire-extinguisher-cover-details-416x416.jpg 416w, https:\/\/isopllc.com\/pl\/wp-content\/uploads\/sites\/11\/2025\/08\/Fire-extinguisher-cover-details-100x100.jpg 100w\" sizes=\"auto, (max-width: 353px) 100vw, 353px\" \/><\/p>\n<h4 data-start=\"390\" data-end=\"435\">Ulubieniec Klient\u00f3w i Najwy\u017cej Oceniany Wyb\u00f3r<\/h4>\n<p data-start=\"437\" data-end=\"800\">Chwalony przez u\u017cytkownik\u00f3w za wyj\u0105tkow\u0105 jako\u015b\u0107, \u0142atwo\u015b\u0107 u\u017cycia i d\u0142ugotrwa\u0142\u0105 trwa\u0142o\u015b\u0107, ten pokrowiec na ga\u015bnic\u0119 sta\u0142 si\u0119 popularnym wyborem zar\u00f3wno w\u015br\u00f3d profesjonalist\u00f3w, jak i codziennych u\u017cytkownik\u00f3w. To idealne rozwi\u0105zanie dla kupc\u00f3w hurtowych, pierwszych ratownik\u00f3w, ekspert\u00f3w ds. bezpiecze\u0144stwa oraz wszystkich potrzebuj\u0105cych niezawodnej ochrony awaryjnej.<\/p>\n<p data-start=\"802\" data-end=\"1058\">Niezale\u017cnie od tego, czy szukasz najlepszego pokrowca na ga\u015bnic\u0119 w swojej okolicy, ekonomicznego, a jednocze\u015bnie solidnego ochroniarza, czy niezawodnej wodoodpornej os\u0142ony na wypadek awarii, ten wytrzyma\u0142y pokrowiec zapewnia sta\u0142\u0105 wydajno\u015b\u0107 i spok\u00f3j ducha.<\/p>\n<p data-start=\"802\" data-end=\"1058\"><img loading=\"lazy\" decoding=\"async\" class=\"alignnone wp-image-5228\" src=\"https:\/\/isopllc.com\/pl\/wp-content\/uploads\/sites\/11\/2025\/08\/extinguisher-cover-emergency.jpg\" alt=\"pokrowiec na ga\u015bnic\u0119\" width=\"349\" height=\"338\" title=\"\" srcset=\"https:\/\/isopllc.com\/pl\/wp-content\/uploads\/sites\/11\/2025\/08\/extinguisher-cover-emergency.jpg 679w, https:\/\/isopllc.com\/pl\/wp-content\/uploads\/sites\/11\/2025\/08\/extinguisher-cover-emergency-416x403.jpg 416w\" sizes=\"auto, (max-width: 349px) 100vw, 349px\" \/><\/p>\n<p data-start=\"56\" data-end=\"492\">Zapewnij, \u017ce Twoje ga\u015bnice s\u0105 zawsze gotowe i dobrze chronione dzi\u0119ki temu zestawowi 6 wytrzyma\u0142ych pokrowc\u00f3w na ga\u015bnice. Zaprojektowane, aby pasowa\u0107 do ga\u015bnic o wadze do 20 funt\u00f3w, te pokrowce zapewniaj\u0105 niezawodn\u0105 ochron\u0119 przed kurzem, brudem, zadrapaniami, promieniowaniem UV i wilgoci\u0105 \u2013 zar\u00f3wno w pomieszczeniach, jak i na zewn\u0105trz. Idealne do zastosowa\u0144 komercyjnych, przemys\u0142owych i mieszkalnych, \u0142\u0105cz\u0105 funkcjonalno\u015b\u0107 z estetyk\u0105.<\/p>\n<p data-start=\"494\" data-end=\"1028\">Ka\u017cdy pokrowiec wykonany jest z grubego, odpornego na zu\u017cycie i wodoodpornego PVC, kt\u00f3re wytrzymuje trudne warunki. Przeznaczone na miejsca o du\u017cym nat\u0119\u017ceniu ruchu, takie jak fabryki, magazyny, budynki u\u017cyteczno\u015bci publicznej, gara\u017ce czy place budowy, a tak\u017ce do domowych zestaw\u00f3w bezpiecze\u0144stwa. Jaskrawy czerwony kolor z odblaskowym paskiem bezpiecze\u0144stwa i czarnymi nadrukami zapewnia \u0142atw\u0105 widoczno\u015b\u0107 ga\u015bnic podczas sytuacji awaryjnych. Wyrazisty design zwi\u0119ksza \u015bwiadomo\u015b\u0107 i pomaga odnale\u017a\u0107 ga\u015bnic\u0119 nawet przy s\u0142abym o\u015bwietleniu.<\/p>\n<p data-start=\"1030\" data-end=\"1499\"><img loading=\"lazy\" decoding=\"async\" class=\"alignnone wp-image-5231\" src=\"https:\/\/isopllc.com\/pl\/wp-content\/uploads\/sites\/11\/2025\/08\/Fire-extinguisher-cover-1.jpg\" alt=\"pokrowiec przeciwkurzowy\" width=\"417\" height=\"417\" title=\"\" srcset=\"https:\/\/isopllc.com\/pl\/wp-content\/uploads\/sites\/11\/2025\/08\/Fire-extinguisher-cover-1.jpg 1500w, https:\/\/isopllc.com\/pl\/wp-content\/uploads\/sites\/11\/2025\/08\/Fire-extinguisher-cover-1-150x150.jpg 150w, https:\/\/isopllc.com\/pl\/wp-content\/uploads\/sites\/11\/2025\/08\/Fire-extinguisher-cover-1-768x768.jpg 768w, https:\/\/isopllc.com\/pl\/wp-content\/uploads\/sites\/11\/2025\/08\/Fire-extinguisher-cover-1-1000x1000.jpg 1000w, https:\/\/isopllc.com\/pl\/wp-content\/uploads\/sites\/11\/2025\/08\/Fire-extinguisher-cover-1-416x416.jpg 416w, https:\/\/isopllc.com\/pl\/wp-content\/uploads\/sites\/11\/2025\/08\/Fire-extinguisher-cover-1-100x100.jpg 100w\" sizes=\"auto, (max-width: 417px) 100vw, 417px\" \/><\/p>\n<p data-start=\"1030\" data-end=\"1499\">Du\u017ce, przezroczyste okno z przodu umo\u017cliwia szybkie i wygodne wizualne kontrole manometru i typu ga\u015bnicy \u2014 zapewniaj\u0105c zgodno\u015b\u0107 z przepisami i gotowo\u015b\u0107 bez konieczno\u015bci zdejmowania pokrowca. Ta oferta dotyczy rozmiaru ma\u0142ego, pasuj\u0105cego do ga\u015bnic o wadze do 5 funt\u00f3w. System zapi\u0119cia na rzep (Velcro) zapewnia ciasne i bezpieczne dopasowanie oraz szybkie zdj\u0119cie w sytuacji awaryjnej. Lekka i sk\u0142adana konstrukcja u\u0142atwia przechowywanie i transport, gdy nie s\u0105 u\u017cywane.<\/p>\n<p data-start=\"1501\" data-end=\"1916\">Idealne do u\u017cytku w domach, biurach, szko\u0142ach, hotelach, pojazdach oraz miejscach publicznych. Te pokrowce daj\u0105 spok\u00f3j ducha, chroni\u0105c sprz\u0119t i utrzymuj\u0105c go w widocznym miejscu. Ten wysoko oceniany pokrowiec na ga\u015bnic\u0119 jest wyborem profesjonalist\u00f3w ds. bezpiecze\u0144stwa, ratownik\u00f3w i firm. Trwa\u0142y, odporny na warunki atmosferyczne i \u0142atwy w u\u017cyciu \u2014 to praktyczna inwestycja w bezpiecze\u0144stwo i zgodno\u015b\u0107 z przepisami.<\/p>\n<p data-start=\"1918\" data-end=\"1947\">\n","protected":false},"excerpt":{"rendered":"[embed]https:\/\/www.youtube.com\/watch?v=CPDSmMW-vhw[\/embed]\n<p data-start=\"210\" data-end=\"427\">Chro\u0144 swoje ga\u015bnice za pomoc\u0105 tego zestawu 2 du\u017cych, przezroczystych pokrowc\u00f3w. Wodoodporne, odporne na kurz i warunki atmosferyczne pokrowce pasuj\u0105 do ga\u015bnic do 20 funt\u00f3w i zapewniaj\u0105 d\u0142ugotrwa\u0142\u0105, niezawodn\u0105 ochron\u0119.<\/p>\n<ul>\n<li data-start=\"429\" data-end=\"1180\">Wytrzyma\u0142a Ochrona: Wykonany z grubego, odpornego na \u015bcieranie i wodoodpornego PVC, ten pokrowiec na ga\u015bnic\u0119 jest stworzony, by wytrzyma\u0107 trudne warunki. Niezale\u017cnie od tego, czy jest u\u017cywany w przemy\u015ble, handlu czy domu, zapewnia trwa\u0142o\u015b\u0107 i niezawodn\u0105 ochron\u0119.<\/li>\n<li data-start=\"429\" data-end=\"1180\">Wysoka Widoczno\u015b\u0107: Zaprojektowany w jaskrawym, awaryjnym czerwonym kolorze, posiada odblaskowy pasek bezpiecze\u0144stwa, czarny nadruk i czarne wyko\u0144czenia, by zapewni\u0107 maksymaln\u0105 widoczno\u015b\u0107 podczas sytuacji awaryjnych lub przerw w dostawie pr\u0105du<\/li>\n<li data-start=\"429\" data-end=\"1180\">Uniwersalne Dopasowanie i Rozmiary: Dost\u0119pny w rozmiarach ma\u0142ym i du\u017cym, by pasowa\u0107 do r\u00f3\u017cnych modeli ga\u015bnic. Ta oferta jest przeznaczona dla ga\u015bnic o wadze od 1 do 2 kg (do 5 funt\u00f3w), idealna do u\u017cytku domowego, biurowego lub w pojazdach<\/li>\n<li data-start=\"429\" data-end=\"1180\">Przezroczyste Okienko Inspekcyjne: Wyposa\u017cony w du\u017ce, przezroczyste okno, kt\u00f3re umo\u017cliwia szybkie i \u0142atwe wizualne sprawdzenie ci\u015bnienia i rodzaju ga\u015bnicy \u2014 zapewniaj\u0105c zgodno\u015b\u0107, widoczno\u015b\u0107 i gotowo\u015b\u0107 do inspekcji bez konieczno\u015bci zdejmowania pokrowca.<\/li>\n<\/ul>\n","protected":false},"featured_media":5229,"comment_status":"open","ping_status":"closed","template":"","meta":[],"product_brand":[],"product_cat":[198],"product_tag":[],"class_list":{"0":"post-5227","1":"product","2":"type-product","3":"status-publish","4":"has-post-thumbnail","6":"product_cat-uchwyty-gasnic","8":"first","9":"instock","10":"shipping-taxable","11":"product-type-simple"},"_links":{"self":[{"href":"https:\/\/isopllc.com\/pl\/wp-json\/wp\/v2\/product\/5227","targetHints":{"allow":["GET"]}}],"collection":[{"href":"https:\/\/isopllc.com\/pl\/wp-json\/wp\/v2\/product"}],"about":[{"href":"https:\/\/isopllc.com\/pl\/wp-json\/wp\/v2\/types\/product"}],"replies":[{"embeddable":true,"href":"https:\/\/isopllc.com\/pl\/wp-json\/wp\/v2\/comments?post=5227"}],"wp:featuredmedia":[{"embeddable":true,"href":"https:\/\/isopllc.com\/pl\/wp-json\/wp\/v2\/media\/5229"}],"wp:attachment":[{"href":"https:\/\/isopllc.com\/pl\/wp-json\/wp\/v2\/media?parent=5227"}],"wp:term":[{"taxonomy":"product_brand","embeddable":true,"href":"https:\/\/isopllc.com\/pl\/wp-json\/wp\/v2\/product_brand?post=5227"},{"taxonomy":"product_cat","embeddable":true,"href":"https:\/\/isopllc.com\/pl\/wp-json\/wp\/v2\/product_cat?post=5227"},{"taxonomy":"product_tag","embeddable":true,"href":"https:\/\/isopllc.com\/pl\/wp-json\/wp\/v2\/product_tag?post=5227"}],"curies":[{"name":"wp","href":"https:\/\/api.w.org\/{rel}","templated":true}]}}