{"id":5299,"date":"2025-09-04T13:22:57","date_gmt":"2025-09-04T13:22:57","guid":{"rendered":"https:\/\/isopllc.com\/pl\/?post_type=product&#038;p=5299"},"modified":"2026-01-05T00:58:19","modified_gmt":"2026-01-05T00:58:19","slug":"skladana-drabina-teleskopowa-2-6-m-8-stopni","status":"publish","type":"product","link":"https:\/\/isopllc.com\/pl\/product\/skladana-drabina-teleskopowa-2-6-m-8-stopni\/","title":{"rendered":"Sk\u0142adana drabina teleskopowa 2.6 m | Wielofunkcyjna drabina"},"content":{"rendered":"<h1>Sk\u0142adana drabina teleskopowa | Kompaktowa, lekka i wytrzyma\u0142a do domu i pracy | Przeno\u015bna drabina 2.6 m | Wielofunkcyjna drabina | Sk\u0142adana, mocna i certyfikowana<\/h1>\n<p>Ta przeno\u015bna drabina o wysoko\u015bci 2.6 m to wytrzyma\u0142a, sk\u0142adana i certyfikowana wielofunkcyjna drabina, idealna do domu, pracy i projekt\u00f3w DIY.<\/p>\n<ul>\n<li>\n<p data-start=\"226\" data-end=\"420\">Lekka i wytrzyma\u0142a konstrukcja \u2013 Wykonana z materia\u0142\u00f3w najwy\u017cszej jako\u015bci, ta Sk\u0142adana drabina teleskopowa jest jednocze\u015bnie lekka w transporcie i wystarczaj\u0105co trwa\u0142a do d\u0142ugotrwa\u0142ego u\u017cytkowania. Certyfikowane bezpiecze\u0144stwo, kt\u00f3remu mo\u017cesz zaufa\u0107 \u2013 W pe\u0142ni certyfikowana zgodnie z normami bezpiecze\u0144stwa, polecana zar\u00f3wno przez profesjonalist\u00f3w, jak i majsterkowicz\u00f3w.<\/p>\n<\/li>\n<li>\n<p data-start=\"603\" data-end=\"795\">Oszcz\u0119dno\u015b\u0107 miejsca i kompaktowo\u015b\u0107 \u2013 Teleskopowa konstrukcja szybko si\u0119 sk\u0142ada, oszcz\u0119dzaj\u0105c miejsce w gara\u017cu, samochodzie dostawczym czy domu \u2013 idealna do u\u017cytku wewn\u0105trz i na zewn\u0105trz. Zaufana przez tysi\u0105ce u\u017cytkownik\u00f3w \u2013 Z doskona\u0142ymi opiniami, ta sk\u0142adana drabina teleskopowa ISOP uznawana jest za jedn\u0105 z najlepszych zar\u00f3wno do u\u017cytku domowego, jak i profesjonalnego.<\/p>\n<\/li>\n<li>\n<p data-start=\"990\" data-end=\"1187\">Wygodne wspinanie si\u0119 przy ka\u017cdej pracy \u2013 Niezale\u017cnie od tego, czy malujesz, naprawiasz rynny, czy si\u0119gasz po wysokie p\u00f3\u0142ki, ta drabina zapewnia \u0142atwe i bezpieczne wchodzenie za ka\u017cdym razem. Gwarancja jako\u015bci ISOP \u2013 Zaprojektowana przez ISOP, ta sk\u0142adana drabina teleskopowa to synonim niezawodno\u015bci, wspierana przez mark\u0119 znan\u0105 z jako\u015bci i certyfikowanej trwa\u0142o\u015bci.<\/p>\n<\/li>\n<li>\n<p data-start=\"1372\" data-end=\"1568\">Idealna do majsterkowania i zastosowa\u0144 profesjonalnych \u2013 Szczeg\u00f3lnie polecana dla wykonawc\u00f3w, fachowc\u00f3w i w\u0142a\u015bcicieli dom\u00f3w \u2013 doskona\u0142a do malowania, sprz\u0105tania, napraw i wielu innych zada\u0144. Lekka, a jednocze\u015bnie mocna \u2013 Wa\u017cy mniej ni\u017c tradycyjne drabiny, ale wytrzymuje du\u017ce obci\u0105\u017cenia \u2013 kompaktowa, sk\u0142adana i \u0142atwa do przenoszenia wsz\u0119dzie tam, gdzie wymaga tego praca.<\/p>\n<\/li>\n<\/ul>\n<p><img loading=\"lazy\" decoding=\"async\" class=\"wp-image-5311 aligncenter\" src=\"https:\/\/isopllc.com\/pl\/wp-content\/uploads\/sites\/11\/2025\/09\/Telescopic-ladders.jpg\" alt=\"Sk\u0142adane drabiny teleskopowe\" width=\"706\" height=\"291\" title=\"\" srcset=\"https:\/\/isopllc.com\/pl\/wp-content\/uploads\/sites\/11\/2025\/09\/Telescopic-ladders.jpg 1447w, https:\/\/isopllc.com\/pl\/wp-content\/uploads\/sites\/11\/2025\/09\/Telescopic-ladders-768x316.jpg 768w, https:\/\/isopllc.com\/pl\/wp-content\/uploads\/sites\/11\/2025\/09\/Telescopic-ladders-1000x412.jpg 1000w, https:\/\/isopllc.com\/pl\/wp-content\/uploads\/sites\/11\/2025\/09\/Telescopic-ladders-416x171.jpg 416w\" sizes=\"auto, (max-width: 706px) 100vw, 706px\" \/><\/p>\n<p>Ulepsz swoje projekty DIY i prace remontowe dzi\u0119ki tej oszcz\u0119dzaj\u0105cej miejsce drabinie teleskopowej o wysoko\u015bci 2.6 m. Wykonana z wysokiej jako\u015bci, trwa\u0142ego aluminium, \u0142\u0105czy w sobie wytrzyma\u0142o\u015b\u0107 i lekko\u015b\u0107, co sprawia, \u017ce jest \u0142atwa do przenoszenia i manewrowania. Jej teleskopowa konstrukcja rozk\u0142ada si\u0119 do pe\u0142nych 2.6 m (8 stopni), umo\u017cliwiaj\u0105c wygodne wspinanie si\u0119, a po z\u0142o\u017ceniu zajmuje niewiele miejsca \u2013 idealna do przechowywania w szafie, gara\u017cu czy baga\u017cniku samochodu.<\/p>\n<p><img loading=\"lazy\" decoding=\"async\" class=\"wp-image-5312 aligncenter\" src=\"https:\/\/isopllc.com\/pl\/wp-content\/uploads\/sites\/11\/2025\/09\/Telescopoic-ladders-2.jpg\" alt=\"Wielofunkcyjna drabina\" width=\"428\" height=\"428\" title=\"\" srcset=\"https:\/\/isopllc.com\/pl\/wp-content\/uploads\/sites\/11\/2025\/09\/Telescopoic-ladders-2.jpg 1500w, https:\/\/isopllc.com\/pl\/wp-content\/uploads\/sites\/11\/2025\/09\/Telescopoic-ladders-2-150x150.jpg 150w, https:\/\/isopllc.com\/pl\/wp-content\/uploads\/sites\/11\/2025\/09\/Telescopoic-ladders-2-768x768.jpg 768w, https:\/\/isopllc.com\/pl\/wp-content\/uploads\/sites\/11\/2025\/09\/Telescopoic-ladders-2-1000x1000.jpg 1000w, https:\/\/isopllc.com\/pl\/wp-content\/uploads\/sites\/11\/2025\/09\/Telescopoic-ladders-2-416x416.jpg 416w, https:\/\/isopllc.com\/pl\/wp-content\/uploads\/sites\/11\/2025\/09\/Telescopoic-ladders-2-100x100.jpg 100w\" sizes=\"auto, (max-width: 428px) 100vw, 428px\" \/><\/p>\n<p data-start=\"56\" data-end=\"519\">Idealna zar\u00f3wno do prac wewn\u0105trz, jak i na zewn\u0105trz, ta sk\u0142adana drabina zapewnia stabilno\u015b\u0107 dzi\u0119ki antypo\u015blizgowym stopniom i bezpiecznym mechanizmom blokuj\u0105cym, daj\u0105c Ci pewno\u015b\u0107 podczas pracy na wysoko\u015bci. Niezale\u017cnie od tego, czy zajmujesz si\u0119 konserwacj\u0105 domu, malowaniem czy pracami profesjonalnymi, ta wszechstronna sk\u0142adana drabina zosta\u0142a zaprojektowana tak, aby \u0142\u0105czy\u0107 bezpiecze\u0144stwo, mobilno\u015b\u0107 i trwa\u0142o\u015b\u0107 w jednym eleganckim rozwi\u0105zaniu.<\/p>\n<p data-start=\"521\" data-end=\"985\">Zaprojektowana z my\u015bl\u0105 o bezpiecze\u0144stwie u\u017cytkownika, ta drabina posiada wzmocniony system blokady na ka\u017cdym stopniu, zapobiegaj\u0105cy przypadkowemu sk\u0142adaniu si\u0119 podczas u\u017cytkowania.<br data-start=\"709\" data-end=\"712\" \/>Szerokie, antypo\u015blizgowe stopnie zapewniaj\u0105 pewne oparcie, a gumowane n\u00f3\u017cki utrzymuj\u0105 drabin\u0119 stabilnie na r\u00f3\u017cnych powierzchniach \u2013 czy to beton, p\u0142ytki, czy nier\u00f3wne pod\u0142o\u017ce. Mo\u017cesz wspina\u0107 si\u0119 ze spokojem, maj\u0105c pewno\u015b\u0107, \u017ce jeste\u015b bezpieczny na ka\u017cdym etapie.<\/p>\n<p data-start=\"521\" data-end=\"985\"><img loading=\"lazy\" decoding=\"async\" class=\"wp-image-5310 aligncenter\" src=\"https:\/\/isopllc.com\/pl\/wp-content\/uploads\/sites\/11\/2025\/09\/Telescopic-ladders-5.jpg\" alt=\"Sk\u0142adana drabina\" width=\"426\" height=\"439\" title=\"\" srcset=\"https:\/\/isopllc.com\/pl\/wp-content\/uploads\/sites\/11\/2025\/09\/Telescopic-ladders-5.jpg 1456w, https:\/\/isopllc.com\/pl\/wp-content\/uploads\/sites\/11\/2025\/09\/Telescopic-ladders-5-768x791.jpg 768w, https:\/\/isopllc.com\/pl\/wp-content\/uploads\/sites\/11\/2025\/09\/Telescopic-ladders-5-971x1000.jpg 971w, https:\/\/isopllc.com\/pl\/wp-content\/uploads\/sites\/11\/2025\/09\/Telescopic-ladders-5-416x429.jpg 416w\" sizes=\"auto, (max-width: 426px) 100vw, 426px\" \/><\/p>\n<p data-start=\"521\" data-end=\"985\">Jej funkcjonalno\u015b\u0107 teleskopowa to nie tylko oszcz\u0119dno\u015b\u0107 miejsca \u2013 to tak\u017ce niezwyk\u0142a efektywno\u015b\u0107. Roz\u0142\u00f3\u017c tylko tyle stopni, ile potrzebujesz, niezale\u017cnie od tego, czy si\u0119gasz po nisk\u0105 p\u00f3\u0142k\u0119, czy wchodzisz na dach. Mechanizm sk\u0142adania za pomoc\u0105 jednego przycisku umo\u017cliwia p\u0142ynne i kontrolowane z\u0142o\u017cenie, zmniejszaj\u0105c ryzyko przyci\u0119cia palc\u00f3w i sprawiaj\u0105c, \u017ce pakowanie jest szybkie i bezproblemowe.<\/p>\n<p data-start=\"521\" data-end=\"985\"><img loading=\"lazy\" decoding=\"async\" class=\"wp-image-5301 aligncenter\" src=\"https:\/\/isopllc.com\/pl\/wp-content\/uploads\/sites\/11\/2025\/09\/telescopic-ladder-8ft.jpg\" alt=\"Sk\u0142adana drabina teleskopowa\" width=\"421\" height=\"421\" title=\"\" srcset=\"https:\/\/isopllc.com\/pl\/wp-content\/uploads\/sites\/11\/2025\/09\/telescopic-ladder-8ft.jpg 1500w, https:\/\/isopllc.com\/pl\/wp-content\/uploads\/sites\/11\/2025\/09\/telescopic-ladder-8ft-150x150.jpg 150w, https:\/\/isopllc.com\/pl\/wp-content\/uploads\/sites\/11\/2025\/09\/telescopic-ladder-8ft-768x768.jpg 768w, https:\/\/isopllc.com\/pl\/wp-content\/uploads\/sites\/11\/2025\/09\/telescopic-ladder-8ft-1000x1000.jpg 1000w, https:\/\/isopllc.com\/pl\/wp-content\/uploads\/sites\/11\/2025\/09\/telescopic-ladder-8ft-416x416.jpg 416w, https:\/\/isopllc.com\/pl\/wp-content\/uploads\/sites\/11\/2025\/09\/telescopic-ladder-8ft-100x100.jpg 100w\" sizes=\"auto, (max-width: 421px) 100vw, 421px\" \/><\/p>\n<p data-start=\"61\" data-end=\"502\">Niezale\u017cnie od tego, czy jeste\u015b w\u0142a\u015bcicielem domu, majsterkowiczem, czy profesjonalnym wykonawc\u0105, ta drabina dopasuje si\u0119 do Twoich potrzeb. U\u017cywaj jej do czyszczenia rynien, wymiany lamp, wieszania dekoracji, a nawet podczas biwak\u00f3w i dost\u0119pu do kamper\u00f3w (RV). Jej kompaktowa forma i lekka konstrukcja (zaledwie kilka kilogram\u00f3w) sprawiaj\u0105, \u017ce jest niezawodnym towarzyszem w podr\u00f3\u017cy, gdziekolwiek zaprowadzi Ci\u0119 praca.<\/p>\n<p data-start=\"504\" data-end=\"986\">Zaprojektowana, aby wytrzyma\u0107 warunki atmosferyczne i codzienne u\u017cytkowanie, ta drabina wykonana jest z aluminiowego stopu odpornego na rdz\u0119, co gwarantuje d\u0142ugotrwa\u0142e u\u017cytkowanie. Zosta\u0142a skonstruowana zgodnie z bran\u017cowymi standardami bezpiecze\u0144stwa, co zapewnia, \u017ce Twoja inwestycja jest nie tylko praktyczna, ale tak\u017ce zgodna i bezpieczna. Do\u015bwiadcz idealnego po\u0142\u0105czenia funkcjonalno\u015bci, komfortu i trwa\u0142o\u015bci dzi\u0119ki tej wszechstronnej drabinie teleskopowej.<\/p>\n<p data-start=\"988\" data-end=\"1044\"><strong data-start=\"988\" data-end=\"1018\">Dost\u0119pne r\u00f3wnie\u017c rozmiary:<\/strong><br data-start=\"1018\" data-end=\"1021\" \/><a href=\"https:\/\/isopllc.com\/pl\/product\/kompaktowa-i-wytrzymala-drabina-3-2-m-lekka\/\">3.2 m<\/a> | <a href=\"https:\/\/isopllc.com\/pl\/product\/certyfikowana-drabina-teleskopowa-3-6-m\/\">3.6 m<\/a>| <a href=\"https:\/\/isopllc.com\/pl\/product\/certyfikowana-drabina-teleskopowa-3-6-m\/\">4.6 m<\/a><\/p>\n","protected":false},"excerpt":{"rendered":"<h3 style=\"text-align: center;\">Sk\u0142adana drabina teleskopowa | Kompaktowa, lekka i wytrzyma\u0142a do domu i pracy | Przeno\u015bna drabina 2.6 m | Wielofunkcyjna drabina | Sk\u0142adana, mocna i certyfikowana<\/h3>\n<p style=\"text-align: center;\">Ta przeno\u015bna drabina o wysoko\u015bci 2.6 m to wytrzyma\u0142a, sk\u0142adana i certyfikowana wielofunkcyjna drabina, idealna do domu, pracy i projekt\u00f3w DIY.<\/p>\n<ul>\n<li>\n<p data-start=\"226\" data-end=\"420\">Lekka i wytrzyma\u0142a konstrukcja \u2013 Wykonana z materia\u0142\u00f3w najwy\u017cszej jako\u015bci, ta Sk\u0142adana drabina teleskopowa jest jednocze\u015bnie lekka w transporcie i wystarczaj\u0105co trwa\u0142a do d\u0142ugotrwa\u0142ego u\u017cytkowania. Certyfikowane bezpiecze\u0144stwo, kt\u00f3remu mo\u017cesz zaufa\u0107 \u2013 W pe\u0142ni certyfikowana zgodnie z normami bezpiecze\u0144stwa, polecana zar\u00f3wno przez profesjonalist\u00f3w, jak i majsterkowicz\u00f3w.<\/p>\n<\/li>\n<li>\n<p data-start=\"603\" data-end=\"795\">Oszcz\u0119dno\u015b\u0107 miejsca i kompaktowo\u015b\u0107 \u2013 Teleskopowa konstrukcja szybko si\u0119 sk\u0142ada, oszcz\u0119dzaj\u0105c miejsce w gara\u017cu, samochodzie dostawczym czy domu \u2013 idealna do u\u017cytku wewn\u0105trz i na zewn\u0105trz. Zaufana przez tysi\u0105ce u\u017cytkownik\u00f3w \u2013 Z doskona\u0142ymi opiniami, ta sk\u0142adana drabina teleskopowa ISOP uznawana jest za jedn\u0105 z najlepszych zar\u00f3wno do u\u017cytku domowego, jak i profesjonalnego.<\/p>\n<\/li>\n<li>\n<p data-start=\"990\" data-end=\"1187\">Wygodne wspinanie si\u0119 przy ka\u017cdej pracy \u2013 Niezale\u017cnie od tego, czy malujesz, naprawiasz rynny, czy si\u0119gasz po wysokie p\u00f3\u0142ki, ta drabina zapewnia \u0142atwe i bezpieczne wchodzenie za ka\u017cdym razem. Gwarancja jako\u015bci ISOP \u2013 Zaprojektowana przez ISOP, ta sk\u0142adana drabina teleskopowa to synonim niezawodno\u015bci, wspierana przez mark\u0119 znan\u0105 z jako\u015bci i certyfikowanej trwa\u0142o\u015bci.<\/p>\n<\/li>\n<li>\n<p data-start=\"1372\" data-end=\"1568\">Idealna do majsterkowania i zastosowa\u0144 profesjonalnych \u2013 Szczeg\u00f3lnie polecana dla wykonawc\u00f3w, fachowc\u00f3w i w\u0142a\u015bcicieli dom\u00f3w \u2013 doskona\u0142a do malowania, sprz\u0105tania, napraw i wielu innych zada\u0144. Lekka, a jednocze\u015bnie mocna \u2013 Wa\u017cy mniej ni\u017c tradycyjne drabiny, ale wytrzymuje du\u017ce obci\u0105\u017cenia \u2013 kompaktowa, sk\u0142adana i \u0142atwa do przenoszenia wsz\u0119dzie tam, gdzie wymaga tego praca.<\/p>\n<\/li>\n<\/ul>\n<h4 style=\"text-align: center;\"><strong>KUP ON<\/strong><\/h4>\n<p><a href=\"https:\/\/www.amazon.pl\/dp\/B0FCYT9SV6\/ref=sr_1_5?__mk_pl_PL=%C3%85M%C3%85%C5%BD%C3%95%C3%91&amp;crid=2Y9GS3GDQJS0W&amp;dib=eyJ2IjoiMSJ9.NwcdsjzYQDcZNGMp0U2PakZVArQfziGYfm2OscmCHB5OXpmZtJ9cNB-lyiUWfl7a5civRduszHo96cv9Jd6Irof22hw-LJLNxfjveiturwi7LkWZ7xf0cqwIbPWF3NMMUXqJ8CPRZALBQHGiBLzDWDMcQ4c3OigXxn93L3Lg49PL1JempKQOxSc918jpOKNSTyC97lFsBQHPuM8xHeqnBRj04XyIRJguS2q-uVLAXzpiTVhFY3XrDHkuz8_pXePvJCbyNPyrerB05l9H8OxaAqpaE_N23hilo2_UZJfELC0.9PvNkmBH3J5SACH3dmU_824Upj_v-YyJ2Zp0A5Qz82g&amp;dib_tag=se&amp;keywords=Sk%C5%82adana%20drabina%20teleskopowa&amp;qid=1757148769&amp;sprefix=iso%2Caps%2C342&amp;sr=8-5&amp;th=1\"><img loading=\"lazy\" decoding=\"async\" class=\"aligncenter wp-image-1040 size-full\" src=\"https:\/\/isopllc.com\/pl\/wp-content\/uploads\/sites\/11\/2020\/01\/amazon-button9.png\" alt=\"\" width=\"160\" height=\"59\" \/><\/a><\/p>\n","protected":false},"featured_media":5300,"comment_status":"open","ping_status":"closed","template":"","meta":[],"product_brand":[],"product_cat":[219,200],"product_tag":[],"class_list":{"0":"post-5299","1":"product","2":"type-product","3":"status-publish","4":"has-post-thumbnail","6":"product_cat-drabiny-teleskopowe","7":"product_cat-drabiny-schodkowe","9":"first","10":"instock","11":"shipping-taxable","12":"purchasable","13":"product-type-simple"},"_links":{"self":[{"href":"https:\/\/isopllc.com\/pl\/wp-json\/wp\/v2\/product\/5299","targetHints":{"allow":["GET"]}}],"collection":[{"href":"https:\/\/isopllc.com\/pl\/wp-json\/wp\/v2\/product"}],"about":[{"href":"https:\/\/isopllc.com\/pl\/wp-json\/wp\/v2\/types\/product"}],"replies":[{"embeddable":true,"href":"https:\/\/isopllc.com\/pl\/wp-json\/wp\/v2\/comments?post=5299"}],"wp:featuredmedia":[{"embeddable":true,"href":"https:\/\/isopllc.com\/pl\/wp-json\/wp\/v2\/media\/5300"}],"wp:attachment":[{"href":"https:\/\/isopllc.com\/pl\/wp-json\/wp\/v2\/media?parent=5299"}],"wp:term":[{"taxonomy":"product_brand","embeddable":true,"href":"https:\/\/isopllc.com\/pl\/wp-json\/wp\/v2\/product_brand?post=5299"},{"taxonomy":"product_cat","embeddable":true,"href":"https:\/\/isopllc.com\/pl\/wp-json\/wp\/v2\/product_cat?post=5299"},{"taxonomy":"product_tag","embeddable":true,"href":"https:\/\/isopllc.com\/pl\/wp-json\/wp\/v2\/product_tag?post=5299"}],"curies":[{"name":"wp","href":"https:\/\/api.w.org\/{rel}","templated":true}]}}