{"id":908,"date":"2020-01-13T09:27:42","date_gmt":"2020-01-13T09:27:42","guid":{"rendered":"https:\/\/rightfoodonly.com\/?post_type=product&#038;p=908"},"modified":"2025-07-01T05:29:14","modified_gmt":"2025-07-01T05:29:14","slug":"ucieczka-z-drabiny-linowej-2-5-m","status":"publish","type":"product","link":"https:\/\/isopllc.com\/pl\/product\/ucieczka-z-drabiny-linowej-2-5-m\/","title":{"rendered":"Ucieczka z drabiny linowej 2,5 m"},"content":{"rendered":"<div class=\"celwidget aplus-module module-12\" data-csa-c-id=\"ftxyry-8dnl9x-3p689i-o09ks3\" data-cel-widget=\"aplus-module-12\">\n<div class=\"a-expander-collapsed-height a-row a-expander-container a-expander-partial-collapse-container\" aria-live=\"polite\" data-a-expander-name=\"aplus-module-expander\" data-a-expander-collapsed-height=\"360\">\n<div class=\"a-expander-content a-expander-partial-collapse-content\" aria-expanded=\"false\">\n<div class=\"aplus-module-wrapper apm-spacing apm-floatnone\">\n<div class=\"apm-sidemodule aplus-module-content\">\n<div class=\"apm-hero-image\"><img decoding=\"async\" class=\"\" src=\"https:\/\/m.media-amazon.com\/images\/S\/aplus-media\/sc\/21a3f03b-829f-4554-b494-34215adbd6c9.__CR0,724,2000,619_PT0_SX970_V1___.jpg\" alt=\"z powrotem\" data-src=\"https:\/\/m.media-amazon.com\/images\/S\/aplus-media\/sc\/21a3f03b-829f-4554-b494-34215adbd6c9.__CR0,724,2000,619_PT0_SX970_V1___.jpg\" data- title=\"\"><\/div>\n<div class=\"textright apm-hero-text\">\n<h3 style=\"text-align: center;\"><span style=\"vertical-align: inherit;\">ISOP<\/span><\/h3>\n<h2 style=\"text-align: center;\"><span style=\"vertical-align: inherit;\">Ucieczka z drabiny linowej 2,5 m<\/span><\/h2>\n<\/div>\n<\/div>\n<div style=\"text-align: center;\"><\/div>\n<\/div>\n<\/div>\n<\/div>\n<\/div>\n<div class=\"celwidget aplus-module module-9\" style=\"text-align: center;\" data-csa-c-id=\"3d7463-l3bdk0-ygs321-8assbf\" data-cel-widget=\"aplus-module-9\">\n<div class=\"a-expander-collapsed-height a-row a-expander-container a-expander-partial-collapse-container\" aria-live=\"polite\" data-a-expander-name=\"aplus-module-expander\" data-a-expander-collapsed-height=\"700\">\n<div class=\"a-expander-content a-expander-partial-collapse-content\" aria-expanded=\"false\">\n<div class=\"aplus-module-wrapper\">\n<div class=\"apm-spacing apm-fixed-width\">\n<h3 class=\"a-spacing-small\"><span style=\"vertical-align: inherit;\">Dlaczego w\u0142a\u015bnie my?<\/span><\/h3>\n<p><img loading=\"lazy\" decoding=\"async\" class=\" wp-image-4547 aligncenter\" src=\"https:\/\/isopllc.com\/pl\/wp-content\/uploads\/sites\/11\/2022\/11\/reflective-rope-ladders.jpg\" alt=\"\" width=\"301\" height=\"401\" title=\"\" srcset=\"https:\/\/isopllc.com\/pl\/wp-content\/uploads\/sites\/11\/2022\/11\/reflective-rope-ladders.jpg 1080w, https:\/\/isopllc.com\/pl\/wp-content\/uploads\/sites\/11\/2022\/11\/reflective-rope-ladders-768x1024.jpg 768w, https:\/\/isopllc.com\/pl\/wp-content\/uploads\/sites\/11\/2022\/11\/reflective-rope-ladders-45x60.jpg 45w, https:\/\/isopllc.com\/pl\/wp-content\/uploads\/sites\/11\/2022\/11\/reflective-rope-ladders-68x90.jpg 68w, https:\/\/isopllc.com\/pl\/wp-content\/uploads\/sites\/11\/2022\/11\/reflective-rope-ladders-750x1000.jpg 750w, https:\/\/isopllc.com\/pl\/wp-content\/uploads\/sites\/11\/2022\/11\/reflective-rope-ladders-416x555.jpg 416w\" sizes=\"auto, (max-width: 301px) 100vw, 301px\" \/><\/p>\n<h4>Opatentowana technologia odblaskowa<\/h4>\n<p>Ta drabina zosta\u0142a zaprojektowana z my\u015bl\u0105 o wygodzie i dost\u0119pno\u015bci.<\/p>\n<p>Specjalny pasek odblaskowy wpleciony w te nylonowe liny sprawia, \u017ce jest dobrze widoczny w wi\u0105zce latarki, dzi\u0119ki czemu nie potkniesz si\u0119 o niego w nocy.<\/p>\n<p><img decoding=\"async\" class=\"a-spacing-mini aligncenter\" src=\"https:\/\/m.media-amazon.com\/images\/S\/aplus-media\/sc\/1d1c9f11-8b81-43e1-b2d9-232d2a154745.__CR0,193,641,641_PT0_SX300_V1___.jpg\" alt=\"Silny\" data-src=\"https:\/\/m.media-amazon.com\/images\/S\/aplus-media\/sc\/1d1c9f11-8b81-43e1-b2d9-232d2a154745.__CR0,193,641,641_PT0_SX300_V1___.jpg\" data- title=\"\"><\/p>\n<\/div>\n<div class=\"apm-spacing apm-fixed-width\"><strong><span style=\"font-size: 1.41575em;\"><span style=\"vertical-align: inherit;\">ULTRA mocne<\/span><\/span><\/strong><br \/>\n<span style=\"vertical-align: inherit;\"> nie ma mocniejszych i bardziej niezawodnych drabin ni\u017c nasze,\u00a0<\/span><span class=\"a-text-bold\"><strong><span style=\"vertical-align: inherit;\"> sprawdzone (!)<\/span><\/strong>\u00a0<\/span><span style=\"vertical-align: inherit;\"> &#8211; przenosz\u0105ce 2500 funt\u00f3w lub 10 os\u00f3b! Takim ud\u017awigiem nie mog\u0105 pochwali\u0107 si\u0119 nawet drabiny \u0142a\u0144cuchowe.<\/span><img decoding=\"async\" class=\"a-spacing-mini aligncenter\" src=\"https:\/\/m.media-amazon.com\/images\/S\/aplus-media\/sc\/66906d66-df90-4038-8550-d72faf80c38f.__CR0,0,1200,1200_PT0_SX300_V1___.jpg\" alt=\"Wielofunkcyjno\u015b\u0107\" data-src=\"https:\/\/m.media-amazon.com\/images\/S\/aplus-media\/sc\/66906d66-df90-4038-8550-d72faf80c38f.__CR0,0,1200,1200_PT0_SX300_V1___.jpg\" data- title=\"\"><\/p>\n<h4 class=\"a-spacing-mini\"><strong><span style=\"vertical-align: inherit;\">Wielofunkcyjno\u015b\u0107<\/span><\/strong><\/h4>\n<p><span style=\"vertical-align: inherit;\">mo\u017ce by\u0107 u\u017cywany do r\u00f3\u017cnych cel\u00f3w, takich jak plac zabaw, hu\u015btawki, domek na drzewie, strych, ogr\u00f3d, dach, strych, bunkier, cele morskie, a nawet dekoracyjne. Niesko\u0144czona r\u00f3\u017cnorodno\u015b\u0107 opcji u\u017cytkowania.<\/span><\/p>\n<p><img decoding=\"async\" class=\"a-spacing-mini aligncenter\" src=\"https:\/\/m.media-amazon.com\/images\/S\/aplus-media\/sc\/a53251f8-492d-40f3-a9db-2bdd1415646f.__CR1018,0,1260,1260_PT0_SX300_V1___.png\" alt=\"antypo\u015blizgowe\" data-src=\"https:\/\/m.media-amazon.com\/images\/S\/aplus-media\/sc\/a53251f8-492d-40f3-a9db-2bdd1415646f.__CR1018,0,1260,1260_PT0_SX300_V1___.png\" data- title=\"\"><\/p>\n<h4 class=\"a-spacing-mini\"><strong><span style=\"vertical-align: inherit;\">Szczeble antypo\u015blizgowe<\/span><\/strong><\/h4>\n<p><span style=\"vertical-align: inherit;\">szczeble maj\u0105 kszta\u0142t o\u015bmiok\u0105ta, dzi\u0119ki czemu s\u0105 niezawodne i nie \u015bliskie.<\/span><\/p>\n<p><img decoding=\"async\" class=\"aligncenter\" src=\"https:\/\/m.media-amazon.com\/images\/S\/aplus-media\/sc\/2b5aeb68-441e-435d-b89c-5d2faf4eb063.__CR0,0,1000,1000_PT0_SX220_V1___.jpg\" alt=\"Przeno\u015bny\" data-src=\"https:\/\/m.media-amazon.com\/images\/S\/aplus-media\/sc\/2b5aeb68-441e-435d-b89c-5d2faf4eb063.__CR0,0,1000,1000_PT0_SX220_V1___.jpg\" data- title=\"\"><\/p>\n<h4 class=\"a-spacing-mini\"><strong><span style=\"vertical-align: inherit;\">Przeno\u015bny<\/span><\/strong><\/h4>\n<p class=\"a-size-small\"><span style=\"vertical-align: inherit;\">pochodzi z \u0142adnie zaprojektowan\u0105 czarn\u0105 torb\u0105. Drabina jest \u0142atwa do przenoszenia w dowolnym miejscu w torbie. Zawiera pude\u0142ko upominkowe w kolorze naturalnego drewna.<\/span><\/p>\n<p><img decoding=\"async\" class=\"aligncenter\" src=\"https:\/\/m.media-amazon.com\/images\/S\/aplus-media\/sc\/f2e8fc4d-adcb-4ad8-87e7-2d18df74811d.__CR0,13,974,974_PT0_SX220_V1___.jpg\" alt=\"Lekki\" data-src=\"https:\/\/m.media-amazon.com\/images\/S\/aplus-media\/sc\/f2e8fc4d-adcb-4ad8-87e7-2d18df74811d.__CR0,13,974,974_PT0_SX220_V1___.jpg\" data- title=\"\"><\/p>\n<h4 class=\"a-spacing-mini\"><strong><span style=\"vertical-align: inherit;\">Lekki<\/span><\/strong><\/h4>\n<p class=\"a-size-small\"><span style=\"vertical-align: inherit;\">na przyk\u0142ad 8 st\u00f3p wa\u017cy tylko 4 funty<\/span><\/p>\n<p><img decoding=\"async\" class=\"aligncenter\" src=\"https:\/\/m.media-amazon.com\/images\/S\/aplus-media\/sc\/0552c400-f2fc-46a1-84a9-d5030a1ca8e2.__CR0,0,1000,1000_PT0_SX220_V1___.jpg\" alt=\"Odporny na warunki atmosferyczne\" data-src=\"https:\/\/m.media-amazon.com\/images\/S\/aplus-media\/sc\/0552c400-f2fc-46a1-84a9-d5030a1ca8e2.__CR0,0,1000,1000_PT0_SX220_V1___.jpg\" data- title=\"\"><\/p>\n<\/div>\n<div>\n<h4 class=\"a-spacing-mini\"><strong><span style=\"vertical-align: inherit;\">Odporny na warunki atmosferyczne<\/span><\/strong><\/h4>\n<p class=\"a-size-small\"><span style=\"vertical-align: inherit;\">prawie nigdy nie starzej\u0105 si\u0119 drabiny na ka\u017cd\u0105 pogod\u0119, nie mog\u0105 zosta\u0107 uszkodzone w deszczu.<\/span><\/p>\n<\/div>\n<\/div>\n<div><img decoding=\"async\" class=\"aligncenter\" src=\"https:\/\/m.media-amazon.com\/images\/S\/aplus-media\/sc\/14916db8-10a6-4760-8535-f49470d709ad.__CR11,0,1189,1189_PT0_SX220_V1___.jpg\" alt=\"Karabinki o du\u017cej wytrzyma\u0142o\u015bci\" data-src=\"https:\/\/m.media-amazon.com\/images\/S\/aplus-media\/sc\/14916db8-10a6-4760-8535-f49470d709ad.__CR11,0,1189,1189_PT0_SX220_V1___.jpg\" data- title=\"\"><\/div>\n<\/div>\n<\/div>\n<\/div>\n<div class=\"celwidget aplus-module module-4\" style=\"text-align: center;\" data-csa-c-id=\"5glng-jun4yd-v4jukx-uxl7pr\" data-cel-widget=\"aplus-module-4\">\n<div class=\"a-expander-collapsed-height a-row a-expander-container a-expander-partial-collapse-container\" aria-live=\"polite\" data-a-expander-name=\"aplus-module-expander\" data-a-expander-collapsed-height=\"700\">\n<div class=\"a-expander-content a-expander-partial-collapse-content\" aria-expanded=\"false\">\n<div class=\"aplus-module-wrapper\">\n<div class=\"apm-spacing\">\n<div class=\"apm-floatleft apm-fixed-width\">\n<div class=\"apm-spacing\">\n<h4 class=\"a-spacing-mini\"><strong><span style=\"vertical-align: inherit;\">Karabinki o du\u017cej wytrzyma\u0142o\u015bci<\/span><\/strong><\/h4>\n<p class=\"a-size-small\"><span style=\"vertical-align: inherit;\">drabinki wyposa\u017cone s\u0105 w chromowane karabi\u0144czyki o wytrzyma\u0142o\u015bci na zerwanie 11KN<\/span><\/p>\n<\/div>\n<\/div>\n<\/div>\n<\/div>\n<p><img loading=\"lazy\" decoding=\"async\" class=\"a-spacing-mini aligncenter\" src=\"https:\/\/m.media-amazon.com\/images\/S\/aplus-media\/sc\/eebfdeb6-a881-47d1-a2d7-3677df2e925c.__CR521,0,1333,1333_PT0_SX300_V1___.jpg\" alt=\"drabinka z karabinkami\" width=\"183\" height=\"183\" data-src=\"https:\/\/m.media-amazon.com\/images\/S\/aplus-media\/sc\/eebfdeb6-a881-47d1-a2d7-3677df2e925c.__CR521,0,1333,1333_PT0_SX300_V1___.jpg\" data- title=\"\"><\/p>\n<h4><strong><span style=\"vertical-align: inherit;\">Ognioodporny<\/span><\/strong><\/h4>\n<p><span style=\"vertical-align: inherit;\">Specjalna niepalna kompozycja w\u0142\u00f3kien sprawia, \u017ce \u200b\u200bdrabina wytrzymuje ogie\u0144 przez jaki\u015b czas, ale nadal nie zalecamy jej u\u017cywania w ogniu bezpo\u015brednim.<\/span><\/p>\n<div><img loading=\"lazy\" decoding=\"async\" class=\"a-spacing-mini aligncenter\" src=\"https:\/\/m.media-amazon.com\/images\/S\/aplus-media\/sc\/d843778e-92b5-40e7-a239-8e35fcbadff6.__CR0,0,2000,2000_PT0_SX300_V1___.jpg\" alt=\"R\u00f3\u017cna d\u0142ugo\u015b\u0107\" width=\"295\" height=\"295\" data-src=\"https:\/\/m.media-amazon.com\/images\/S\/aplus-media\/sc\/d843778e-92b5-40e7-a239-8e35fcbadff6.__CR0,0,2000,2000_PT0_SX300_V1___.jpg\" data- title=\"\"><\/div>\n<div>\n<h4 class=\"a-spacing-mini\"><strong><span style=\"vertical-align: inherit;\">R\u00f3\u017cna d\u0142ugo\u015b\u0107<\/span><\/strong><\/h4>\n<p><span style=\"vertical-align: inherit;\">dost\u0119pne 8\/13\/16\/25 \/ 32f dla dom\u00f3w 1-4 pi\u0119trowych.<\/span><\/p>\n<p><img decoding=\"async\" class=\"a-spacing-mini aligncenter\" src=\"https:\/\/m.media-amazon.com\/images\/S\/aplus-media\/sc\/b32fbb7f-dd3b-4bce-a9d4-1f51dbe477df.__CR0,0,1000,1000_PT0_SX300_V1___.jpg\" alt=\"wielokrotnego u\u017cytku\" data-src=\"https:\/\/m.media-amazon.com\/images\/S\/aplus-media\/sc\/b32fbb7f-dd3b-4bce-a9d4-1f51dbe477df.__CR0,0,1000,1000_PT0_SX300_V1___.jpg\" data- title=\"\"><\/p>\n<\/div>\n<\/div>\n<\/div>\n<div>\n<h4 class=\"a-spacing-mini\"><strong><span style=\"vertical-align: inherit;\">Wielokrotnego u\u017cytku<\/span><\/strong><\/h4>\n<p><span style=\"vertical-align: inherit;\">w przeciwie\u0144stwie do innych drabin aluminiowych nasze drabiny linowe s\u0105 wielokrotnego u\u017cytku.<\/span><\/p>\n<\/div>\n<\/div>\n<div class=\"celwidget aplus-module module-9\" style=\"text-align: center;\" data-csa-c-id=\"m09cvz-o5p85w-qopj3k-czo0y3\" data-cel-widget=\"aplus-module-9\">\n<div class=\"a-expander-collapsed-height a-row a-expander-container a-expander-partial-collapse-container\" aria-live=\"polite\" data-a-expander-name=\"aplus-module-expander\" data-a-expander-collapsed-height=\"700\">\n<div class=\"a-expander-content a-expander-partial-collapse-content\" aria-expanded=\"false\">\n<div><\/div>\n<\/div>\n<\/div>\n<\/div>\n<div class=\"celwidget aplus-module module-2\" data-csa-c-id=\"c1j3x0-mk1xcm-qa38lk-mib4cf\" data-cel-widget=\"aplus-module-2\">\n<div class=\"a-expander-collapsed-height a-row a-expander-container a-expander-partial-collapse-container\" aria-live=\"polite\" data-a-expander-name=\"aplus-module-expander\" data-a-expander-collapsed-height=\"700\">\n<div class=\"a-expander-content a-expander-partial-collapse-content\" aria-expanded=\"false\">\n<div class=\"aplus-module-wrapper apm-floatnone\">\n<div class=\"apm-sidemodule apm-spacing\">\n<div class=\"apm-sidemodule-imageleft\" style=\"text-align: center;\"><img decoding=\"async\" class=\"aligncenter\" src=\"https:\/\/m.media-amazon.com\/images\/S\/aplus-media\/sc\/fa263336-bda8-42e1-8872-40df9f912f96.__CR0,0,1000,1000_PT0_SX300_V1___.jpg\" alt=\"drabina\" data-src=\"https:\/\/m.media-amazon.com\/images\/S\/aplus-media\/sc\/fa263336-bda8-42e1-8872-40df9f912f96.__CR0,0,1000,1000_PT0_SX300_V1___.jpg\" data- title=\"\"><\/div>\n<div class=\"apm-sidemodule-textright\">\n<h2 class=\"a-spacing-mini\" style=\"text-align: center;\"><span style=\"vertical-align: inherit;\">Ta drabina ewakuacyjna zosta\u0142a zaprojektowana z my\u015bl\u0105 o wygodzie i dost\u0119pno\u015bci<\/span><\/h2>\n<p style=\"text-align: center;\"><span style=\"vertical-align: inherit;\">Katastrofa mo\u017ce nadej\u015b\u0107 w ka\u017cdej chwili, niezale\u017cnie od tego, czy jeste\u015b gotowy, czy nie. W nag\u0142ych przypadkach w domu, szkole lub biurze, Twoim najwy\u017cszym priorytetem powinno by\u0107 upewnienie si\u0119, \u017ce wszyscy bezpiecznie wyjd\u0105 na zewn\u0105trz. Dlatego zaprojektowali\u015bmy nasze drabiny ewakuacyjne do dom\u00f3w nawet dwupi\u0119trowych, aby zapewni\u0107 Ci wygodny i niezawodny spos\u00f3b na wyj\u015bcie z ka\u017cdego budynku przez okna. Je\u015bli w Twoim domu, szkole lub mieszkaniu nie ma drogi ewakuacyjnej lub je\u015bli nie s\u0105 one \u0142atwo dost\u0119pne, potrzebujesz drabiny przeciwpo\u017carowej, na kt\u00f3r\u0105 mo\u017cesz liczy\u0107.<\/span><\/p>\n<p style=\"text-align: center;\"><span style=\"vertical-align: inherit;\">Ta pierwsza alarmowa drabina ewakuacyjna jest starannie zapakowana, aby zapewni\u0107 niepl\u0105cz\u0105ce si\u0119 szybkie zwolnienie, aby zapewni\u0107 wygodn\u0105 drog\u0119 ewakuacyjn\u0105 przez okno, kt\u00f3ra jest idealna zar\u00f3wno dla dzieci, jak i doros\u0142ych. Dzi\u0119ki solidnej konstrukcji mo\u017ce wytrzyma\u0107 do 2000 funt\u00f3w, a wytrzyma\u0142e karabinki zapewniaj\u0105 stabilne trzymanie, dzi\u0119ki czemu Twoja porz\u0105dna drabina jest tak \u0142atwa, jak to tylko mo\u017cliwe, dzi\u0119ki czemu ta drabina ratunkowa jest niezb\u0119dna dla ka\u017cdego, kto chce, aby oni i ich rodzina lub pracownicy byli bezpieczni W razie nag\u0142ej potrzeby.<\/span><\/p>\n<\/div>\n<\/div>\n<\/div>\n<\/div>\n<\/div>\n<\/div>\n","protected":false},"excerpt":{"rendered":"[embed]https:\/\/youtu.be\/k6s8J3uwu8s[\/embed]\n<p class=\"mceTemp\" style=\"text-align: center;\">Ognioodporna drabina ratunkowa o d\u0142ugo\u015bci 2,5 m z karabi\u0144czykami &#8211; Szybka do roz\u0142o\u017cenia i \u0142atwa w u\u017cyciu &#8211; Kompaktowa i \u0142atwa do przechowywania &#8211; Ud\u017awig do 900 kg<\/p>\n<p style=\"text-align: center;\">DARMOWA DOSTAWA W CI\u0104GU 3-7 DNI<\/p>\n<h4 style=\"text-align: center;\"><strong>KUP ON<\/strong><\/h4>\n<p class=\"mceTemp\" style=\"text-align: center;\"><a href=\"https:\/\/www.amazon.pl\/ISOP-Ognioodporna-Drabina-Ratownicza-Przeciwpo%C5%BCarowa\/dp\/B07PLJGTVQ\/ref=sr_1_1?__mk_pl_PL=%C3%85M%C3%85%C5%BD%C3%95%C3%91&amp;dchild=1&amp;keywords=Ognioodporna%20Drabina%20Ratownicza&amp;qid=1628693901&amp;sr=8-1\"><img loading=\"lazy\" decoding=\"async\" class=\"wp-image-1040 size-full aligncenter\" src=\"https:\/\/rightfoodonly.com\/wp-content\/uploads\/amazon-button9.png\" alt=\"\" width=\"160\" height=\"59\" \/><\/a><\/p>\n<p>&nbsp;<\/p>\n<p>&nbsp;<\/p>\n<p>&nbsp;<\/p>\n","protected":false},"featured_media":4245,"comment_status":"open","ping_status":"closed","template":"","meta":[],"product_brand":[],"product_cat":[204,209],"product_tag":[110,49,63,111],"class_list":{"0":"post-908","1":"product","2":"type-product","3":"status-publish","4":"has-post-thumbnail","6":"product_cat-drabiny-linowe-dla-dzieci","7":"product_cat-drabiny-linowe-ewakuacyjne-przeciwpozarowe","8":"product_tag-bezpieczenstwo","9":"product_tag-drabina-ewakuacyjna","10":"product_tag-drabina-linowa","11":"product_tag-ucieczka-z-drabiny","13":"first","14":"instock","15":"shipping-taxable","16":"purchasable","17":"product-type-simple"},"_links":{"self":[{"href":"https:\/\/isopllc.com\/pl\/wp-json\/wp\/v2\/product\/908","targetHints":{"allow":["GET"]}}],"collection":[{"href":"https:\/\/isopllc.com\/pl\/wp-json\/wp\/v2\/product"}],"about":[{"href":"https:\/\/isopllc.com\/pl\/wp-json\/wp\/v2\/types\/product"}],"replies":[{"embeddable":true,"href":"https:\/\/isopllc.com\/pl\/wp-json\/wp\/v2\/comments?post=908"}],"wp:featuredmedia":[{"embeddable":true,"href":"https:\/\/isopllc.com\/pl\/wp-json\/wp\/v2\/media\/4245"}],"wp:attachment":[{"href":"https:\/\/isopllc.com\/pl\/wp-json\/wp\/v2\/media?parent=908"}],"wp:term":[{"taxonomy":"product_brand","embeddable":true,"href":"https:\/\/isopllc.com\/pl\/wp-json\/wp\/v2\/product_brand?post=908"},{"taxonomy":"product_cat","embeddable":true,"href":"https:\/\/isopllc.com\/pl\/wp-json\/wp\/v2\/product_cat?post=908"},{"taxonomy":"product_tag","embeddable":true,"href":"https:\/\/isopllc.com\/pl\/wp-json\/wp\/v2\/product_tag?post=908"}],"curies":[{"name":"wp","href":"https:\/\/api.w.org\/{rel}","templated":true}]}}