{"id":4456,"date":"2021-08-20T04:50:00","date_gmt":"2021-08-20T04:50:00","guid":{"rendered":"https:\/\/isopllc.com\/se\/?page_id=4456"},"modified":"2023-05-14T11:47:08","modified_gmt":"2023-05-14T11:47:08","slug":"videoklipp","status":"publish","type":"page","link":"https:\/\/isopllc.com\/se\/videoklipp\/","title":{"rendered":"Videoklipp"},"content":{"rendered":"\n<h2 class=\"wp-block-heading has-text-align-center\"><strong>Brandstege fr\u00e5n ISOP<\/strong><\/h2>\n\n\n\n<figure class=\"wp-block-embed is-type-video is-provider-youtube wp-block-embed-youtube wp-embed-aspect-16-9 wp-has-aspect-ratio\"><div class=\"wp-block-embed__wrapper\">\n<iframe loading=\"lazy\" title=\"Fire Escape Ladder 3 Story \/ The Best Safety Ladder  2023 \/ Rettungsleiter Feuerwehr 2023\" width=\"980\" height=\"551\" src=\"https:\/\/www.youtube.com\/embed\/UGmhw7BWbe8?feature=oembed\" frameborder=\"0\" allow=\"accelerometer; autoplay; clipboard-write; encrypted-media; gyroscope; picture-in-picture; web-share\" allowfullscreen><\/iframe>\n<\/div><\/figure>\n\n\n\n<h2 class=\"wp-block-heading has-text-align-center\"><strong>R\u00e4ddnings Repstege<\/strong><\/h2>\n\n\n\n<figure class=\"wp-block-embed is-type-video is-provider-youtube wp-block-embed-youtube wp-embed-aspect-16-9 wp-has-aspect-ratio\"><div class=\"wp-block-embed__wrapper\">\n<iframe loading=\"lazy\" title=\"Ra\u0308ddningsrepstege\" width=\"980\" height=\"551\" src=\"https:\/\/www.youtube.com\/embed\/j3z0PRAx6wU?feature=oembed\" frameborder=\"0\" allow=\"accelerometer; autoplay; clipboard-write; encrypted-media; gyroscope; picture-in-picture; web-share\" allowfullscreen><\/iframe>\n<\/div><\/figure>\n\n\n\n<h2 class=\"wp-block-heading has-text-align-center\"><strong>Brandtrapprepstege 2 v\u00e5ningar av ISOP<\/strong><\/h2>\n\n\n\n<figure class=\"wp-block-video\"><video height=\"720\" style=\"aspect-ratio: 1280 \/ 720;\" width=\"1280\" controls src=\"https:\/\/isopllc.com\/se\/wp-content\/uploads\/sites\/10\/2020\/03\/Fire-Escape-Rope-Ladder-2-Story-by-ISOP.mp4\"><\/video><\/figure>\n\n\n\n<h2 class=\"wp-block-heading has-text-align-center\"><strong>Webbing r\u00e4ddningsstege<\/strong><\/h2>\n\n\n\n<figure class=\"wp-block-embed is-type-video is-provider-youtube wp-block-embed-youtube wp-embed-aspect-16-9 wp-has-aspect-ratio\"><div class=\"wp-block-embed__wrapper\">\n<iframe loading=\"lazy\" title=\"Top Fire Escape Ladder 2023 Made in USA \/ Fire Escape Rope Ladder by ISOP \/ \u00e9chelle de corde\" width=\"980\" height=\"551\" src=\"https:\/\/www.youtube.com\/embed\/UbVzLEHfRRY?feature=oembed\" frameborder=\"0\" allow=\"accelerometer; autoplay; clipboard-write; encrypted-media; gyroscope; picture-in-picture; web-share\" allowfullscreen><\/iframe>\n<\/div><\/figure>\n\n\n\n<h2 class=\"wp-block-heading has-text-align-center\"><strong>Reflekterande repstege<\/strong><\/h2>\n\n\n\n<figure class=\"wp-block-embed is-type-video is-provider-youtube wp-block-embed-youtube wp-embed-aspect-16-9 wp-has-aspect-ratio\"><div class=\"wp-block-embed__wrapper\">\n<iframe loading=\"lazy\" title=\"Reflective rope ladder\" width=\"980\" height=\"551\" src=\"https:\/\/www.youtube.com\/embed\/qvLLLYL4KD8?feature=oembed\" frameborder=\"0\" allow=\"accelerometer; autoplay; clipboard-write; encrypted-media; gyroscope; picture-in-picture; web-share\" allowfullscreen><\/iframe>\n<\/div><\/figure>\n\n\n\n<h2 class=\"wp-block-heading has-text-align-center\"><strong>S\u00e4kerhetsrepstege<\/strong><\/h2>\n\n\n\n<figure class=\"wp-block-embed is-type-video is-provider-youtube wp-block-embed-youtube wp-embed-aspect-16-9 wp-has-aspect-ratio\"><div class=\"wp-block-embed__wrapper\">\n<iframe loading=\"lazy\" title=\"Safety Rope Ladder By ISOP\" width=\"980\" height=\"551\" src=\"https:\/\/www.youtube.com\/embed\/79lsZMpmFo0?feature=oembed\" frameborder=\"0\" allow=\"accelerometer; autoplay; clipboard-write; encrypted-media; gyroscope; picture-in-picture; web-share\" allowfullscreen><\/iframe>\n<\/div><\/figure>\n\n\n\n<h2 class=\"wp-block-heading has-text-align-center\"><meta charset=\"utf-8\"><strong>Brandstegar 4 v\u00e5ningar 10m med s\u00e4kerhetsb\u00e4lte\/sele<\/strong><\/h2>\n\n\n\n<figure class=\"wp-block-embed is-type-video is-provider-youtube wp-block-embed-youtube wp-embed-aspect-16-9 wp-has-aspect-ratio\"><div class=\"wp-block-embed__wrapper\">\n<iframe loading=\"lazy\" title=\"Fire Escape Ladder 4 Story \/ Emergency Rope Ladder for Apartment \/\" width=\"980\" height=\"551\" src=\"https:\/\/www.youtube.com\/embed\/pLS26VuaRGY?feature=oembed\" frameborder=\"0\" allow=\"accelerometer; autoplay; clipboard-write; encrypted-media; gyroscope; picture-in-picture; web-share\" allowfullscreen><\/iframe>\n<\/div><\/figure>\n\n\n\n<h2 class=\"wp-block-heading has-text-align-center\"><meta charset=\"utf-8\"><strong>Brandutrymningsb\u00e4rare f\u00f6r husdjur<\/strong><\/h2>\n\n\n\n<figure class=\"wp-block-embed is-type-video is-provider-youtube wp-block-embed-youtube wp-embed-aspect-16-9 wp-has-aspect-ratio\"><div class=\"wp-block-embed__wrapper\">\n<iframe loading=\"lazy\" title=\"Fire Evacuation Carrier Device for Pets\" width=\"980\" height=\"551\" src=\"https:\/\/www.youtube.com\/embed\/s_dujbv3Kdk?feature=oembed\" frameborder=\"0\" allow=\"accelerometer; autoplay; clipboard-write; encrypted-media; gyroscope; picture-in-picture; web-share\" allowfullscreen><\/iframe>\n<\/div><\/figure>\n\n\n\n<h2 class=\"wp-block-heading has-text-align-center\"><meta charset=\"utf-8\"><strong>Repstegar med karabiner<\/strong><\/h2>\n\n\n\n<figure class=\"wp-block-embed is-type-video is-provider-youtube wp-block-embed-youtube wp-embed-aspect-16-9 wp-has-aspect-ratio\"><div class=\"wp-block-embed__wrapper\">\n<iframe loading=\"lazy\" title=\"Fire Escape Rope Ladders by Isop \/ Rettungsleiter amazon\" width=\"980\" height=\"551\" src=\"https:\/\/www.youtube.com\/embed\/MshUcIE9zVM?feature=oembed\" frameborder=\"0\" allow=\"accelerometer; autoplay; clipboard-write; encrypted-media; gyroscope; picture-in-picture; web-share\" allowfullscreen><\/iframe>\n<\/div><\/figure>\n\n\n\n<h2 class=\"wp-block-heading has-text-align-center\"><strong>Kl\u00e4tterrepstege f\u00f6r barn fr\u00e5n ISOP<\/strong><\/h2>\n\n\n\n<figure class=\"wp-block-embed is-type-video is-provider-youtube wp-block-embed-youtube wp-embed-aspect-16-9 wp-has-aspect-ratio\"><div class=\"wp-block-embed__wrapper\">\n<iframe loading=\"lazy\" title=\"Climbing Rope Ladder for Kids by ISOP from 26$\" width=\"980\" height=\"551\" src=\"https:\/\/www.youtube.com\/embed\/nn0aB3S8o_g?feature=oembed\" frameborder=\"0\" allow=\"accelerometer; autoplay; clipboard-write; encrypted-media; gyroscope; picture-in-picture; web-share\" allowfullscreen><\/iframe>\n<\/div><\/figure>\n\n\n\n<h2 class=\"wp-block-heading has-text-align-center\"><strong>Brandfilt f\u00f6r hem eller bil<\/strong><\/h2>\n\n\n\n<figure class=\"wp-block-embed is-type-video is-provider-youtube wp-block-embed-youtube wp-embed-aspect-16-9 wp-has-aspect-ratio\"><div class=\"wp-block-embed__wrapper\">\n<iframe loading=\"lazy\" title=\"Fire Blanket for Home or Car\" width=\"980\" height=\"551\" src=\"https:\/\/www.youtube.com\/embed\/j2Ih3MqAoKI?feature=oembed\" frameborder=\"0\" allow=\"accelerometer; autoplay; clipboard-write; encrypted-media; gyroscope; picture-in-picture; web-share\" allowfullscreen><\/iframe>\n<\/div><\/figure>\n\n\n\n<h2 class=\"wp-block-heading has-text-align-center\"><strong>Mini utomhus camping spis<\/strong><\/h2>\n\n\n\n<figure class=\"wp-block-embed is-type-video is-provider-youtube wp-block-embed-youtube wp-embed-aspect-16-9 wp-has-aspect-ratio\"><div class=\"wp-block-embed__wrapper\">\n<iframe loading=\"lazy\" title=\"Mini Outdoor Backpacking Stove\" width=\"980\" height=\"551\" src=\"https:\/\/www.youtube.com\/embed\/SlGVpKiAnnU?feature=oembed\" frameborder=\"0\" allow=\"accelerometer; autoplay; clipboard-write; encrypted-media; gyroscope; picture-in-picture; web-share\" allowfullscreen><\/iframe>\n<\/div><\/figure>\n\n\n\n<figure class=\"wp-block-embed is-type-video is-provider-youtube wp-block-embed-youtube wp-embed-aspect-16-9 wp-has-aspect-ratio\"><div class=\"wp-block-embed__wrapper\">\n<iframe loading=\"lazy\" title=\"Mini Outdoor Camping Stove\" width=\"980\" height=\"551\" src=\"https:\/\/www.youtube.com\/embed\/m01lecU6SUo?feature=oembed\" frameborder=\"0\" allow=\"accelerometer; autoplay; clipboard-write; encrypted-media; gyroscope; picture-in-picture; web-share\" allowfullscreen><\/iframe>\n<\/div><\/figure>\n\n\n\n<h2 class=\"wp-block-heading has-text-align-center\"><strong>N\u00f6d\u00f6verlevnadsset<\/strong><\/h2>\n\n\n\n<figure class=\"wp-block-embed is-type-video is-provider-youtube wp-block-embed-youtube wp-embed-aspect-16-9 wp-has-aspect-ratio\"><div class=\"wp-block-embed__wrapper\">\n<iframe loading=\"lazy\" title=\"Emergency Survival Kit\" width=\"980\" height=\"551\" src=\"https:\/\/www.youtube.com\/embed\/7dkbhokINNQ?feature=oembed\" frameborder=\"0\" allow=\"accelerometer; autoplay; clipboard-write; encrypted-media; gyroscope; picture-in-picture; web-share\" allowfullscreen><\/iframe>\n<\/div><\/figure>\n\n\n\n<figure class=\"wp-block-embed is-type-video is-provider-youtube wp-block-embed-youtube wp-embed-aspect-16-9 wp-has-aspect-ratio\"><div class=\"wp-block-embed__wrapper\">\n<iframe loading=\"lazy\" title=\"Emergency Box Multifuctional \/ Survival Kit \/ Rettungs-\u00dcberlebens-Mini-Kit\" width=\"980\" height=\"551\" src=\"https:\/\/www.youtube.com\/embed\/XaUoa5iq_V4?feature=oembed\" frameborder=\"0\" allow=\"accelerometer; autoplay; clipboard-write; encrypted-media; gyroscope; picture-in-picture; web-share\" allowfullscreen><\/iframe>\n<\/div><\/figure>\n\n\n\n<h2 class=\"wp-block-heading has-text-align-center\"><strong>\u00f6verlevnad akut kit \/ \u00f6verlevnadsr\u00e4ddningsryggs\u00e4ck f\u00f6r alla n\u00f6dsituationer \/ \u00fcberlebenspaket<\/strong><\/h2>\n\n\n\n<figure class=\"wp-block-embed is-type-video is-provider-youtube wp-block-embed-youtube wp-embed-aspect-16-9 wp-has-aspect-ratio\"><div class=\"wp-block-embed__wrapper\">\n<iframe loading=\"lazy\" title=\"Survival Emergency kit \/ Rescue Survival Backpack for any Emergency \/  \u00fcberlebenspaket\" width=\"980\" height=\"551\" src=\"https:\/\/www.youtube.com\/embed\/geQ6lNYxEyI?feature=oembed\" frameborder=\"0\" allow=\"accelerometer; autoplay; clipboard-write; encrypted-media; gyroscope; picture-in-picture; web-share\" allowfullscreen><\/iframe>\n<\/div><\/figure>\n","protected":false},"excerpt":{"rendered":"<p>Brandstege fr\u00e5n ISOP R\u00e4ddnings Repstege Brandtrapprepstege 2 v\u00e5ningar av ISOP Webbing r\u00e4ddningsstege Reflekterande repstege S\u00e4kerhetsrepstege Brandstegar 4 v\u00e5ningar 10m med s\u00e4kerhetsb\u00e4lte\/sele Brandutrymningsb\u00e4rare f\u00f6r husdjur Repstegar med karabiner Kl\u00e4tterrepstege f\u00f6r barn fr\u00e5n ISOP Brandfilt f\u00f6r hem eller bil Mini utomhus camping spis N\u00f6d\u00f6verlevnadsset \u00f6verlevnad akut kit \/ \u00f6verlevnadsr\u00e4ddningsryggs\u00e4ck f\u00f6r alla n\u00f6dsituationer \/ \u00fcberlebenspaket<\/p>\n","protected":false},"author":2,"featured_media":0,"parent":0,"menu_order":0,"comment_status":"closed","ping_status":"closed","template":"","meta":{"footnotes":""},"class_list":["post-4456","page","type-page","status-publish","hentry"],"_links":{"self":[{"href":"https:\/\/isopllc.com\/se\/wp-json\/wp\/v2\/pages\/4456","targetHints":{"allow":["GET"]}}],"collection":[{"href":"https:\/\/isopllc.com\/se\/wp-json\/wp\/v2\/pages"}],"about":[{"href":"https:\/\/isopllc.com\/se\/wp-json\/wp\/v2\/types\/page"}],"author":[{"embeddable":true,"href":"https:\/\/isopllc.com\/se\/wp-json\/wp\/v2\/users\/2"}],"replies":[{"embeddable":true,"href":"https:\/\/isopllc.com\/se\/wp-json\/wp\/v2\/comments?post=4456"}],"version-history":[{"count":0,"href":"https:\/\/isopllc.com\/se\/wp-json\/wp\/v2\/pages\/4456\/revisions"}],"wp:attachment":[{"href":"https:\/\/isopllc.com\/se\/wp-json\/wp\/v2\/media?parent=4456"}],"curies":[{"name":"wp","href":"https:\/\/api.w.org\/{rel}","templated":true}]}}