{"id":5230,"date":"2025-05-21T11:24:36","date_gmt":"2025-05-21T11:24:36","guid":{"rendered":"https:\/\/isopllc.com\/se\/?page_id=5230"},"modified":"2025-05-21T11:24:37","modified_gmt":"2025-05-21T11:24:37","slug":"partihandel","status":"publish","type":"page","link":"https:\/\/isopllc.com\/se\/partihandel\/","title":{"rendered":"Partihandel"},"content":{"rendered":"\n<p>Om du \u00e4r intresserad av att k\u00f6pa mer \u00e4n 20 enheter av en enskild produkt \u00e4r du ber\u00e4ttigad till ett partierbjudande.<\/p>\n\n\n\n<p>V\u00e4nligen kontakta oss med din best\u00e4llning s\u00e5 \u00e5terkommer vi med ett specialerbjudande.<\/p>\n\n\n\n<p><a href=\"mailto:isopllc@gmail.com\">Mejla<\/a> oss eller l\u00e4mna ett meddelande nedan:<\/p>\n\n\n<div class=\"wpforms-container wpforms-container-full wpforms-block wpforms-block-a6a301e9-be2f-44a7-9a1b-369d5ea087ef\" id=\"wpforms-4442\"><form id=\"wpforms-form-4442\" class=\"wpforms-validate wpforms-form\" data-formid=\"4442\" method=\"post\" enctype=\"multipart\/form-data\" action=\"\/se\/wp-json\/wp\/v2\/pages\/5230\" data-token=\"e59a605bd417691f0b9e8745fa4af58f\" data-token-time=\"1775557123\"><noscript class=\"wpforms-error-noscript\">Aktivera JavaScript i din webbl\u00e4sare f\u00f6r att fylla i formul\u00e4ret.<\/noscript><div class=\"wpforms-field-container\"><div id=\"wpforms-4442-field_0-container\" class=\"wpforms-field wpforms-field-name\" data-field-id=\"0\"><label class=\"wpforms-field-label\" for=\"wpforms-4442-field_0\">Namn <span class=\"wpforms-required-label\">*<\/span><\/label><input type=\"text\" id=\"wpforms-4442-field_0\" class=\"wpforms-field-medium wpforms-field-required\" name=\"wpforms[fields][0]\" required><\/div><div id=\"wpforms-4442-field_1-container\" class=\"wpforms-field wpforms-field-email\" data-field-id=\"1\"><label class=\"wpforms-field-label\" for=\"wpforms-4442-field_1\">Email <span class=\"wpforms-required-label\">*<\/span><\/label><input type=\"email\" id=\"wpforms-4442-field_1\" class=\"wpforms-field-medium wpforms-field-required\" name=\"wpforms[fields][1]\" spellcheck=\"false\" required><\/div><div id=\"wpforms-4442-field_2-container\" class=\"wpforms-field wpforms-field-textarea\" data-field-id=\"2\"><label class=\"wpforms-field-label\" for=\"wpforms-4442-field_2\">Kommentera eller meddela <span class=\"wpforms-required-label\">*<\/span><\/label><textarea id=\"wpforms-4442-field_2\" class=\"wpforms-field-medium wpforms-field-required\" name=\"wpforms[fields][2]\" required><\/textarea><\/div><\/div><!-- .wpforms-field-container --><div class=\"wpforms-recaptcha-container wpforms-is-recaptcha wpforms-is-recaptcha-type-invisible\" ><div class=\"g-recaptcha\" data-sitekey=\"6LcfxDYqAAAAAOl_SmnVi9ioJKmVBOPMdWHhhWBq\" data-size=\"invisible\"><\/div><\/div><div class=\"wpforms-submit-container\" ><input type=\"hidden\" name=\"wpforms[id]\" value=\"4442\"><input type=\"hidden\" name=\"page_title\" value=\"\"><input type=\"hidden\" name=\"page_url\" value=\"https:\/\/isopllc.com\/se\/wp-json\/wp\/v2\/pages\/5230\"><input type=\"hidden\" name=\"url_referer\" value=\"\"><button type=\"submit\" name=\"wpforms[submit]\" id=\"wpforms-submit-4442\" class=\"wpforms-submit\" data-alt-text=\"S\u00e4ndning...\" data-submit-text=\"Skicka in\" aria-live=\"assertive\" value=\"wpforms-submit\">Skicka in<\/button><\/div><\/form><\/div>  <!-- .wpforms-container -->","protected":false},"excerpt":{"rendered":"<p>Om du \u00e4r intresserad av att k\u00f6pa mer \u00e4n 20 enheter av en enskild produkt \u00e4r du ber\u00e4ttigad till ett partierbjudande. V\u00e4nligen kontakta oss med din best\u00e4llning s\u00e5 \u00e5terkommer vi med ett specialerbjudande. Mejla oss eller l\u00e4mna ett meddelande nedan:<\/p>\n","protected":false},"author":2,"featured_media":0,"parent":0,"menu_order":0,"comment_status":"closed","ping_status":"closed","template":"","meta":{"footnotes":""},"class_list":["post-5230","page","type-page","status-publish","hentry"],"_links":{"self":[{"href":"https:\/\/isopllc.com\/se\/wp-json\/wp\/v2\/pages\/5230","targetHints":{"allow":["GET"]}}],"collection":[{"href":"https:\/\/isopllc.com\/se\/wp-json\/wp\/v2\/pages"}],"about":[{"href":"https:\/\/isopllc.com\/se\/wp-json\/wp\/v2\/types\/page"}],"author":[{"embeddable":true,"href":"https:\/\/isopllc.com\/se\/wp-json\/wp\/v2\/users\/2"}],"replies":[{"embeddable":true,"href":"https:\/\/isopllc.com\/se\/wp-json\/wp\/v2\/comments?post=5230"}],"version-history":[{"count":0,"href":"https:\/\/isopllc.com\/se\/wp-json\/wp\/v2\/pages\/5230\/revisions"}],"wp:attachment":[{"href":"https:\/\/isopllc.com\/se\/wp-json\/wp\/v2\/media?parent=5230"}],"curies":[{"name":"wp","href":"https:\/\/api.w.org\/{rel}","templated":true}]}}