{"id":1057,"date":"2020-01-20T08:15:52","date_gmt":"2020-01-20T08:15:52","guid":{"rendered":"https:\/\/rightfoodonly.com\/?post_type=product&#038;p=1057"},"modified":"2025-07-01T03:54:54","modified_gmt":"2025-07-01T03:54:54","slug":"brandstege-10-m-med-sakerhetsbalte","status":"publish","type":"product","link":"https:\/\/isopllc.com\/se\/product\/brandstege-10-m-med-sakerhetsbalte\/","title":{"rendered":"Brandstege 10 m med s\u00e4kerhetsb\u00e4lte"},"content":{"rendered":"<p><img loading=\"lazy\" decoding=\"async\" class=\"alignnone size-medium\" src=\"https:\/\/m.media-amazon.com\/images\/S\/aplus-media\/sc\/13268c8b-3101-42a2-abc3-379c553d9afb.__CR0,0,970,300_PT0_SX970_V1___.jpg\" width=\"970\" height=\"300\" alt=\"\" title=\"\"><\/p>\n<div class=\"celwidget aplus-module module-9\" style=\"text-align: center\" data-csa-c-id=\"3d7463-l3bdk0-ygs321-8assbf\" data-cel-widget=\"aplus-module-9\">\n<div class=\"a-expander-collapsed-height a-row a-expander-container a-expander-partial-collapse-container\" aria-live=\"polite\" data-a-expander-name=\"aplus-module-expander\" data-a-expander-collapsed-height=\"700\">\n<div class=\"a-expander-content a-expander-partial-collapse-content\" aria-expanded=\"false\">\n<div class=\"aplus-module-wrapper\">\n<div class=\"apm-spacing apm-fixed-width\">\n<h2>Brandstege 10 m med s\u00e4kerhetsb\u00e4lte<\/h2>\n<h3 class=\"a-spacing-small\"><span style=\"vertical-align: inherit\">Varf\u00f6r v\u00e4lja oss?<\/span><\/h3>\n<p><img decoding=\"async\" class=\"a-spacing-mini aligncenter\" src=\"https:\/\/m.media-amazon.com\/images\/S\/aplus-media\/sc\/1d1c9f11-8b81-43e1-b2d9-232d2a154745.__CR0,193,641,641_PT0_SX300_V1___.jpg\" alt=\"Kraftig\" data-src=\"https:\/\/m.media-amazon.com\/images\/S\/aplus-media\/sc\/1d1c9f11-8b81-43e1-b2d9-232d2a154745.__CR0,193,641,641_PT0_SX300_V1___.jpg\" data- title=\"\"><\/p>\n<\/div>\n<div class=\"apm-spacing apm-fixed-width\"><strong><span style=\"font-size: 1.41575em\"><span style=\"vertical-align: inherit\">ULTRA kraftfull,<\/span><\/span><\/strong><br \/>\n<span style=\"vertical-align: inherit\"> det finns inga starkare och mer tillf\u00f6rlitliga stegar \u00e4n v\u00e5ra,\u00a0<\/span><span class=\"a-text-bold\"><strong><span style=\"vertical-align: inherit\"> testade (!)<\/span><\/strong>\u00a0<\/span><span style=\"vertical-align: inherit\"> &#8211; med en vikt p\u00e5 2500 kg eller 10 personer! \u00c4ven kedjestegar kan inte skryta med denna viktkapacitet.<\/span><img decoding=\"async\" class=\"a-spacing-mini aligncenter\" src=\"https:\/\/m.media-amazon.com\/images\/S\/aplus-media\/sc\/66906d66-df90-4038-8550-d72faf80c38f.__CR0,0,1200,1200_PT0_SX300_V1___.jpg\" alt=\"Multifunktion\" data-src=\"https:\/\/m.media-amazon.com\/images\/S\/aplus-media\/sc\/66906d66-df90-4038-8550-d72faf80c38f.__CR0,0,1200,1200_PT0_SX300_V1___.jpg\" data- title=\"\"><\/p>\n<h4 class=\"a-spacing-mini\"><strong><span style=\"vertical-align: inherit\">Multifunktion<\/span><\/strong><\/h4>\n<p><span style=\"vertical-align: inherit\">kan anv\u00e4ndas f\u00f6r olika \u00e4ndam\u00e5l som lekplats, gungor, tr\u00e4dhus, vind, tr\u00e4dg\u00e5rd, tak, loft, bunker, marina och till och med dekorativa \u00e4ndam\u00e5l. O\u00e4ndlig m\u00e4ngd anv\u00e4ndningsalternativ.<\/span><\/p>\n<p><img decoding=\"async\" class=\"a-spacing-mini aligncenter\" src=\"https:\/\/m.media-amazon.com\/images\/S\/aplus-media\/sc\/a53251f8-492d-40f3-a9db-2bdd1415646f.__CR1018,0,1260,1260_PT0_SX300_V1___.png\" alt=\"halkskydd\" data-src=\"https:\/\/m.media-amazon.com\/images\/S\/aplus-media\/sc\/a53251f8-492d-40f3-a9db-2bdd1415646f.__CR1018,0,1260,1260_PT0_SX300_V1___.png\" data- title=\"\"><\/p>\n<h4 class=\"a-spacing-mini\"><strong><span style=\"vertical-align: inherit\">Halkskydd<\/span><\/strong><\/h4>\n<p><span style=\"vertical-align: inherit\">stegpannorna \u00e4r \u00e5ttkantiga, s\u00e5 de \u00e4r p\u00e5litliga och inte hala.<\/span><\/p>\n<p><img decoding=\"async\" class=\"aligncenter\" src=\"https:\/\/m.media-amazon.com\/images\/S\/aplus-media\/sc\/2b5aeb68-441e-435d-b89c-5d2faf4eb063.__CR0,0,1000,1000_PT0_SX220_V1___.jpg\" alt=\"B\u00e4rbara\" data-src=\"https:\/\/m.media-amazon.com\/images\/S\/aplus-media\/sc\/2b5aeb68-441e-435d-b89c-5d2faf4eb063.__CR0,0,1000,1000_PT0_SX220_V1___.jpg\" data- title=\"\"><\/p>\n<h4 class=\"a-spacing-mini\"><strong><span style=\"vertical-align: inherit\">B\u00e4rbara<\/span><\/strong><\/h4>\n<p class=\"a-size-small\"><span style=\"vertical-align: inherit\">kommer i en l\u00e5da i naturligt tr\u00e4f\u00e4rg.<\/span><\/p>\n<p><img decoding=\"async\" class=\"aligncenter\" src=\"https:\/\/m.media-amazon.com\/images\/S\/aplus-media\/sc\/f2e8fc4d-adcb-4ad8-87e7-2d18df74811d.__CR0,13,974,974_PT0_SX220_V1___.jpg\" alt=\"L\u00e4ttvikt\" data-src=\"https:\/\/m.media-amazon.com\/images\/S\/aplus-media\/sc\/f2e8fc4d-adcb-4ad8-87e7-2d18df74811d.__CR0,13,974,974_PT0_SX220_V1___.jpg\" data- title=\"\"><\/p>\n<h4 class=\"a-spacing-mini\"><strong><span style=\"vertical-align: inherit\">L\u00e4ttvikt<\/span><\/strong><\/h4>\n<p class=\"a-size-small\"><span style=\"vertical-align: inherit\">till exempel, 8ft v\u00e4ger bara 4 lb.<\/span><\/p>\n<p><img decoding=\"async\" class=\"aligncenter\" src=\"https:\/\/m.media-amazon.com\/images\/S\/aplus-media\/sc\/0552c400-f2fc-46a1-84a9-d5030a1ca8e2.__CR0,0,1000,1000_PT0_SX220_V1___.jpg\" alt=\"V\u00e4dert\u00e5lig\" data-src=\"https:\/\/m.media-amazon.com\/images\/S\/aplus-media\/sc\/0552c400-f2fc-46a1-84a9-d5030a1ca8e2.__CR0,0,1000,1000_PT0_SX220_V1___.jpg\" data- title=\"\"><\/p>\n<\/div>\n<div>\n<h4 class=\"a-spacing-mini\"><strong><span style=\"vertical-align: inherit\">V\u00e4dert\u00e5lig<\/span><\/strong><\/h4>\n<p class=\"a-size-small\"><span style=\"vertical-align: inherit\">\u00e5ldrar n\u00e4stan aldrig stegar f\u00f6r alla v\u00e4der, kan inte skadas i regnet.<\/span><\/p>\n<\/div>\n<\/div>\n<div><img decoding=\"async\" class=\"aligncenter\" src=\"https:\/\/m.media-amazon.com\/images\/S\/aplus-media\/sc\/14916db8-10a6-4760-8535-f49470d709ad.__CR11,0,1189,1189_PT0_SX220_V1___.jpg\" alt=\"Tunga karbinhake\" data-src=\"https:\/\/m.media-amazon.com\/images\/S\/aplus-media\/sc\/14916db8-10a6-4760-8535-f49470d709ad.__CR11,0,1189,1189_PT0_SX220_V1___.jpg\" data- title=\"\"><\/div>\n<\/div>\n<\/div>\n<\/div>\n<div class=\"celwidget aplus-module module-4\" style=\"text-align: center\" data-csa-c-id=\"5glng-jun4yd-v4jukx-uxl7pr\" data-cel-widget=\"aplus-module-4\">\n<div class=\"a-expander-collapsed-height a-row a-expander-container a-expander-partial-collapse-container\" aria-live=\"polite\" data-a-expander-name=\"aplus-module-expander\" data-a-expander-collapsed-height=\"700\">\n<div class=\"a-expander-content a-expander-partial-collapse-content\" aria-expanded=\"false\">\n<div class=\"aplus-module-wrapper\">\n<div class=\"apm-spacing\">\n<div class=\"apm-floatleft apm-fixed-width\">\n<div class=\"apm-spacing\">\n<h4 class=\"a-spacing-mini\"><strong><span style=\"vertical-align: inherit\">Tunga karbinhake<\/span><\/strong><\/h4>\n<p class=\"a-size-small\"><span style=\"vertical-align: inherit\">stegen inkluderar f\u00f6rkromade karbinhake brottstyrka 11KN<\/span><\/p>\n<\/div>\n<\/div>\n<\/div>\n<\/div>\n<p><img loading=\"lazy\" decoding=\"async\" class=\"a-spacing-mini aligncenter\" src=\"https:\/\/m.media-amazon.com\/images\/S\/aplus-media\/sc\/eebfdeb6-a881-47d1-a2d7-3677df2e925c.__CR521,0,1333,1333_PT0_SX300_V1___.jpg\" alt=\"stege med karbinhake\" width=\"183\" height=\"183\" data-src=\"https:\/\/m.media-amazon.com\/images\/S\/aplus-media\/sc\/eebfdeb6-a881-47d1-a2d7-3677df2e925c.__CR521,0,1333,1333_PT0_SX300_V1___.jpg\" data- title=\"\"><\/p>\n<h4><strong><span style=\"vertical-align: inherit\">Eldt\u00e5lig<\/span><\/strong><\/h4>\n<p><span style=\"vertical-align: inherit\">speciell icke-br\u00e4nnbar fiberkomposition g\u00f6r att stegen kan st\u00e5 emot en brand under en tid, men \u00e4nd\u00e5 rekommenderar vi inte att anv\u00e4nda den i direkt eld.<\/span><\/p>\n<div>\n<h4 class=\"a-spacing-mini\"><strong><span style=\"vertical-align: inherit\">Olika l\u00e4ngd<\/span><\/strong><\/h4>\n<p><span style=\"vertical-align: inherit\">tillg\u00e4nglig 8\/13\/16\/25 \/ 32f f\u00f6r 1-4 v\u00e5ningar.<\/span><\/p>\n<p><img decoding=\"async\" class=\"a-spacing-mini aligncenter\" src=\"https:\/\/m.media-amazon.com\/images\/S\/aplus-media\/sc\/b32fbb7f-dd3b-4bce-a9d4-1f51dbe477df.__CR0,0,1000,1000_PT0_SX300_V1___.jpg\" alt=\"\u00e5teranv\u00e4ndbar\" data-src=\"https:\/\/m.media-amazon.com\/images\/S\/aplus-media\/sc\/b32fbb7f-dd3b-4bce-a9d4-1f51dbe477df.__CR0,0,1000,1000_PT0_SX300_V1___.jpg\" data- title=\"\"><\/p>\n<\/div>\n<\/div>\n<\/div>\n<div>\n<h4 class=\"a-spacing-mini\"><strong><span style=\"vertical-align: inherit\">\u00c5teranv\u00e4ndbar<\/span><\/strong><\/h4>\n<p><span style=\"vertical-align: inherit\">till skillnad fr\u00e5n andra aluminiumstegar \u00e4r v\u00e5ra repstegar \u00e5teranv\u00e4ndbara.<\/span><\/p>\n<div class=\"celwidget aplus-module module-2\" data-csa-c-id=\"1tozfh-d3ve6e-g4fdif-vjp5fs\">\n<div class=\"a-expander-collapsed-height a-row a-expander-container a-expander-partial-collapse-container\" aria-live=\"polite\" data-a-expander-name=\"aplus-module-expander\" data-a-expander-collapsed-height=\"700\">\n<div class=\"a-expander-content a-expander-partial-collapse-content\" aria-expanded=\"false\">\n<div class=\"aplus-module-wrapper apm-floatnone\">\n<div class=\"apm-sidemodule apm-spacing\">\n<div class=\"apm-sidemodule-imageleft\"><img decoding=\"async\" class=\"aligncenter\" src=\"https:\/\/m.media-amazon.com\/images\/S\/aplus-media\/sc\/4184feb5-b6de-4c8f-8f06-9b647c9fe0f9.__CR0,0,500,500_PT0_SX300_V1___.jpg\" alt=\"32 fot stege\" data-src=\"https:\/\/m.media-amazon.com\/images\/S\/aplus-media\/sc\/4184feb5-b6de-4c8f-8f06-9b647c9fe0f9.__CR0,0,500,500_PT0_SX300_V1___.jpg\" data- title=\"\"><\/div>\n<div class=\"apm-sidemodule-textright\">\n<h3 class=\"a-spacing-mini\"><span style=\"vertical-align: inherit\">DET B\u00c4STA<\/span><\/h3>\n<p><span style=\"vertical-align: inherit\">L\u00e5t oss j\u00e4mf\u00f6ra stegen p\u00e5 Amazon. Till skillnad fr\u00e5n andra erbjuder vi en n\u00f6dsats, v\u00e5r\u00a0 Brandstege 10 m med s\u00e4kerhetsb\u00e4lte<\/span><span style=\"vertical-align: inherit\">\u00a0 \u00e4r utformad med\u00a0 <\/span><span class=\"a-text-bold\"><span style=\"vertical-align: inherit\">ett extra fallskydd i form av en s\u00e4kerhetssladd<\/span><\/span><span style=\"vertical-align: inherit\"> \u00a0som \u00e4r hakad i stegen och f\u00f6rhindrar att du faller n\u00e4r du anv\u00e4nder ett\u00a0 <\/span><span class=\"a-text-bold\"><span style=\"vertical-align: inherit\">s\u00e4kerhetsb\u00e4lte som ocks\u00e5 \u00e4r ing\u00e5r f\u00f6r<\/span><\/span><span style=\"vertical-align: inherit\"> \u00a0att s\u00e4kerst\u00e4lla en s\u00e4ker nedstigning.<\/span><\/p>\n<p><span style=\"vertical-align: inherit\">En annan viktig punkt \u00e4r\u00a0 <\/span><span class=\"a-text-bold\"><span style=\"vertical-align: inherit\">stegets storlek p\u00e5 13 tum<\/span><\/span><span style=\"vertical-align: inherit\"> \u00a0(n\u00e4r alla konkurrenter bara erbjuder 12 tum eller mindre), som vid en f\u00f6rsta anblick inte verkar mycket men det ger stegen extra stabilitet. Dessutom har dessa stegar n\u00e4stan\u00a0 <\/span><span class=\"a-text-bold\"><span style=\"vertical-align: inherit\">obegr\u00e4nsad och m\u00e5ngsidig anv\u00e4ndning<\/span><\/span><span style=\"vertical-align: inherit\"> \u00a0till en mycket \u00f6verkomlig kostnad.<\/span><\/p>\n<p><span style=\"vertical-align: inherit\">Denna unika stege \u00e4r v\u00e5r egen uppfinning och har patenterats.<\/span><\/p>\n<\/div>\n<\/div>\n<\/div>\n<div><\/div>\n<\/div>\n<\/div>\n<\/div>\n<div class=\"celwidget aplus-module module-2\" data-csa-c-id=\"fxn5dc-9j08mg-igu7gs-tnzppn\">\n<div class=\"a-expander-collapsed-height a-row a-expander-container a-expander-partial-collapse-container\" aria-live=\"polite\" data-a-expander-name=\"aplus-module-expander\" data-a-expander-collapsed-height=\"700\">\n<div class=\"a-expander-content a-expander-partial-collapse-content\" aria-expanded=\"false\">\n<div class=\"aplus-module-wrapper apm-floatnone\">\n<div class=\"apm-sidemodule apm-spacing\">\n<div class=\"apm-sidemodule-imageleft\"><img decoding=\"async\" class=\"aligncenter\" src=\"https:\/\/m.media-amazon.com\/images\/S\/aplus-media\/sc\/221fd1f4-70b4-420a-9cf7-c5a088657bcb.__CR766,0,1444,1444_PT0_SX300_V1___.jpg\" alt=\"stege\" data-src=\"https:\/\/m.media-amazon.com\/images\/S\/aplus-media\/sc\/221fd1f4-70b4-420a-9cf7-c5a088657bcb.__CR766,0,1444,1444_PT0_SX300_V1___.jpg\" data- title=\"\"><\/div>\n<div class=\"apm-sidemodule-textright\">\n<h3 class=\"a-spacing-mini\"><span style=\"vertical-align: inherit\">N\u00e4r det g\u00e4ller s\u00e4kerheten kan du aldrig vara f\u00f6r beredd att hantera eld. Denna Fire Escape-stege \u00e4r utformad med tanke p\u00e5 bekv\u00e4mlighet och tillg\u00e4nglighet.<\/span><\/h3>\n<p><span style=\"vertical-align: inherit\">Vi erbjuder inte bara en stege utan en r\u00e4ddning under en brand! Om du befinner dig p\u00e5 5: e v\u00e5ningen under en brand, kan en enkel stege r\u00e4dda dig? En otr\u00e4nad person kan inte komma ner fr\u00e5n en s\u00e5dan h\u00f6jd utan ett\u00a0 <\/span><span class=\"a-text-bold\"><span style=\"vertical-align: inherit\">s\u00e4kerhetsrep<\/span><\/span><span style=\"vertical-align: inherit\"> , s\u00e5 om du har ett s\u00e5 kommer du att k\u00e4nna och agera mycket mer sj\u00e4lvs\u00e4kert och \u00e4ven om du f\u00e5r felsteg kommer du att forts\u00e4tta h\u00e4nga p\u00e5 ett s\u00e4kerhetsrep och forts\u00e4tta att sjunka. Akrobater i cirkusen faller inte, eftersom ett s\u00e4kerhetsrep ger dem mer sj\u00e4lvf\u00f6rtroende.<\/span><\/p>\n<p><span style=\"vertical-align: inherit\">Det \u00e4r d\u00e4rf\u00f6r vi utformade v\u00e5r\u00a0 Brandstege 10 m med s\u00e4kerhetsb\u00e4lte<\/span><span class=\"a-text-bold\"><span style=\"vertical-align: inherit\"> f\u00f6r\u00a0<\/span><\/span><span style=\"vertical-align: inherit\">att ge dig en p\u00e5litlig utg\u00e5ng genom ett f\u00f6nster eller balkong. Tack vare sin enkla design och\u00a0 <\/span><span class=\"a-text-bold\"><span style=\"vertical-align: inherit\">extra s\u00e4kerhetsfunktioner<\/span><\/span><span style=\"vertical-align: inherit\"> kan vem som helst anv\u00e4nda den f\u00f6r att vara s\u00e4ker p\u00e5 att de f\u00f6rblir helt s\u00e4kra. Sladden \u00e4r hakad i stegen och f\u00f6rhindrar att du faller medan kraftiga karbinhakar ger en s\u00e4ker fasts\u00e4ttning p\u00e5 ett f\u00f6nster eller balkong.<\/span><\/p>\n<p><span class=\"a-text-bold\"><span style=\"vertical-align: inherit\">Den \u00e4r perfekt f\u00f6r anv\u00e4ndning i skolan, hem, kontor eller n\u00e5gon byggnad med tre och fyra v\u00e5ningar d\u00e4r du vill ha en s\u00e4ker utg\u00e5ngsv\u00e4g som \u00e4r n\u00f6dv\u00e4ndig vid brand.<\/span><\/span><\/p>\n<\/div>\n<\/div>\n<\/div>\n<\/div>\n<\/div>\n<\/div>\n<\/div>\n<\/div>\n","protected":false},"excerpt":{"rendered":"[embed]https:\/\/youtu.be\/DqMOTWS9Zh4[\/embed]\n<p class=\"mceTemp\" style=\"text-align: center\"><span style=\"vertical-align: inherit\">Flamresistent s\u00e4kerhetsrepstege med krokar &#8211; snabb att implementera och l\u00e4tt att anv\u00e4nda &#8211; kompakt och l\u00e4tt att lagra &#8211; viktkapacitet upp till 2000 lb<\/span><\/p>\n<p style=\"text-align: center\"><span style=\"vertical-align: inherit\">GRATIS LEVERANS INOM 3-7 DAGAR<\/span><\/p>\n<h4 style=\"text-align: center\"><strong><span style=\"vertical-align: inherit\">K\u00d6P DET P\u00c5<\/span><\/strong><\/h4>\n<p style=\"text-align: center\"><a href=\"https:\/\/www.amazon.se\/dp\/B07CMNB71M\/ref=sr_1_1?dchild=1&amp;keywords=Brandbest%C3%A4ndig%20R%C3%A4ddningsstege%2010m&amp;qid=1628658104&amp;sr=8-1&amp;th=1\"><img loading=\"lazy\" decoding=\"async\" class=\"wp-image-1040 size-full aligncenter\" src=\"https:\/\/rightfoodonly.com\/wp-content\/uploads\/amazon-button9.png\" alt=\"\" width=\"160\" height=\"59\" \/><\/a><\/p>\n<p>&nbsp;<\/p>\n","protected":false},"featured_media":5235,"comment_status":"open","ping_status":"closed","template":"","meta":[],"product_brand":[],"product_cat":[194,193],"product_tag":[65,67,66],"class_list":{"0":"post-1057","1":"product","2":"type-product","3":"status-publish","4":"has-post-thumbnail","6":"product_cat-brandutgangsstegar-4-vaningar","7":"product_cat-repstegar-brandutgang","8":"product_tag-brandstege","9":"product_tag-nodstege","10":"product_tag-sakerhetsbalte","12":"first","13":"instock","14":"shipping-taxable","15":"purchasable","16":"product-type-simple"},"_links":{"self":[{"href":"https:\/\/isopllc.com\/se\/wp-json\/wp\/v2\/product\/1057","targetHints":{"allow":["GET"]}}],"collection":[{"href":"https:\/\/isopllc.com\/se\/wp-json\/wp\/v2\/product"}],"about":[{"href":"https:\/\/isopllc.com\/se\/wp-json\/wp\/v2\/types\/product"}],"replies":[{"embeddable":true,"href":"https:\/\/isopllc.com\/se\/wp-json\/wp\/v2\/comments?post=1057"}],"wp:featuredmedia":[{"embeddable":true,"href":"https:\/\/isopllc.com\/se\/wp-json\/wp\/v2\/media\/5235"}],"wp:attachment":[{"href":"https:\/\/isopllc.com\/se\/wp-json\/wp\/v2\/media?parent=1057"}],"wp:term":[{"taxonomy":"product_brand","embeddable":true,"href":"https:\/\/isopllc.com\/se\/wp-json\/wp\/v2\/product_brand?post=1057"},{"taxonomy":"product_cat","embeddable":true,"href":"https:\/\/isopllc.com\/se\/wp-json\/wp\/v2\/product_cat?post=1057"},{"taxonomy":"product_tag","embeddable":true,"href":"https:\/\/isopllc.com\/se\/wp-json\/wp\/v2\/product_tag?post=1057"}],"curies":[{"name":"wp","href":"https:\/\/api.w.org\/{rel}","templated":true}]}}