{"id":1062,"date":"2020-01-20T08:32:11","date_gmt":"2020-01-20T08:32:11","guid":{"rendered":"https:\/\/rightfoodonly.com\/?post_type=product&#038;p=1062"},"modified":"2025-07-01T03:54:38","modified_gmt":"2025-07-01T03:54:38","slug":"brandstege-for-andra-vaningsfonster-4m","status":"publish","type":"product","link":"https:\/\/isopllc.com\/se\/product\/brandstege-for-andra-vaningsfonster-4m\/","title":{"rendered":"Brandstege f\u00f6r andra v\u00e5ningsf\u00f6nster 4m"},"content":{"rendered":"<p><img loading=\"lazy\" decoding=\"async\" style=\"font-size: 16px;\" src=\"https:\/\/m.media-amazon.com\/images\/S\/aplus-media\/sc\/21a3f03b-829f-4554-b494-34215adbd6c9.__CR0,724,2000,619_PT0_SX970_V1___.jpg\" alt=\"\" width=\"970\" height=\"300\" title=\"\"><\/p>\n<div class=\"celwidget aplus-module module-12\" data-csa-c-id=\"jivxzg-m1j32x-ba3zr2-aspe9u\" data-cel-widget=\"aplus-module-12\">\n<div class=\"a-expander-collapsed-height a-row a-expander-container a-expander-partial-collapse-container\" aria-live=\"polite\" data-a-expander-name=\"aplus-module-expander\" data-a-expander-collapsed-height=\"360\">\n<div class=\"a-expander-content a-expander-partial-collapse-content\" aria-expanded=\"false\">\n<div class=\"aplus-module-wrapper apm-spacing apm-floatnone\">\n<div class=\"apm-sidemodule aplus-module-content\">\n<div class=\"textright apm-hero-text\">\n<h2 style=\"text-align: center;\"><span style=\"vertical-align: inherit;\">ISOP Brandstege f\u00f6r andra v\u00e5ningsf\u00f6nster 4m<\/span><\/h2>\n<\/div>\n<\/div>\n<div style=\"text-align: center;\"><\/div>\n<\/div>\n<\/div>\n<\/div>\n<\/div>\n<div class=\"celwidget aplus-module module-4\" style=\"text-align: center;\" data-csa-c-id=\"3439hg-iiea24-1ecz2x-p6icw6\" data-cel-widget=\"aplus-module-4\">\n<div class=\"a-expander-collapsed-height a-row a-expander-container a-expander-partial-collapse-container\" aria-live=\"polite\" data-a-expander-name=\"aplus-module-expander\" data-a-expander-collapsed-height=\"700\">\n<div class=\"a-expander-content a-expander-partial-collapse-content\" aria-expanded=\"false\">\n<div class=\"aplus-module-wrapper\">\n<div class=\"apm-spacing\">\n<div class=\"apm-floatleft apm-fixed-width\">\n<h3 class=\"a-spacing-small\"><span style=\"vertical-align: inherit;\">Varf\u00f6r v\u00e4lja oss?<\/span><\/h3>\n<p><img loading=\"lazy\" decoding=\"async\" class=\"size-medium wp-image-4658 aligncenter\" src=\"https:\/\/isopllc.com\/se\/wp-content\/uploads\/sites\/10\/2020\/01\/reflective-rope-ladders-225x300.jpg\" alt=\"\" width=\"225\" height=\"300\" title=\"\" srcset=\"https:\/\/isopllc.com\/se\/wp-content\/uploads\/sites\/10\/2020\/01\/reflective-rope-ladders-225x300.jpg 225w, https:\/\/isopllc.com\/se\/wp-content\/uploads\/sites\/10\/2020\/01\/reflective-rope-ladders-768x1024.jpg 768w, https:\/\/isopllc.com\/se\/wp-content\/uploads\/sites\/10\/2020\/01\/reflective-rope-ladders-750x1000.jpg 750w, https:\/\/isopllc.com\/se\/wp-content\/uploads\/sites\/10\/2020\/01\/reflective-rope-ladders-416x555.jpg 416w, https:\/\/isopllc.com\/se\/wp-content\/uploads\/sites\/10\/2020\/01\/reflective-rope-ladders.jpg 1080w\" sizes=\"auto, (max-width: 225px) 100vw, 225px\" \/><\/p>\n<h4>Patenterad reflekterande teknologi<\/h4>\n<p>Denna stege \u00e4r designad med bekv\u00e4mlighet och tillg\u00e4nglighet i \u00e5tanke.<\/p>\n<p>En speciell reflekterande remsa inv\u00e4vd i dessa nylonrepen g\u00f6r den mycket synlig i ficklampans str\u00e5le s\u00e5 att du inte snubblar \u00f6ver den p\u00e5 natten.<\/p>\n<p><img decoding=\"async\" class=\"aligncenter\" src=\"https:\/\/m.media-amazon.com\/images\/S\/aplus-media\/sc\/94cfe5fc-9301-4229-834b-f5ca7b14d8d0.__CR0,213,641,641_PT0_SX220_V1___.jpg\" alt=\"kraftfull\" data-src=\"https:\/\/m.media-amazon.com\/images\/S\/aplus-media\/sc\/94cfe5fc-9301-4229-834b-f5ca7b14d8d0.__CR0,213,641,641_PT0_SX220_V1___.jpg\" data- title=\"\"><\/p>\n<h4 class=\"a-spacing-mini\"><span style=\"vertical-align: inherit;\">ULTRA kraftfull<\/span><\/h4>\n<p class=\"a-size-small\"><span style=\"vertical-align: inherit;\">det finns inga starkare och mer tillf\u00f6rlitliga stegar \u00e4n v\u00e5ra,\u00a0 <\/span><span class=\"a-text-bold\"><span style=\"vertical-align: inherit;\">testade (!)\u00a0<\/span><\/span><span style=\"vertical-align: inherit;\"> &#8211; med en vikt p\u00e5 10 kg! \u00c4ven kedjestegar kan inte skryta med denna viktkapacitet.<\/span><\/p>\n<p><img decoding=\"async\" class=\"aligncenter\" src=\"https:\/\/m.media-amazon.com\/images\/S\/aplus-media\/sc\/d262a102-3931-4af1-bcd2-fa72efe818c1.__CR0,0,1200,1200_PT0_SX220_V1___.jpg\" alt=\"Multifunktion\" data-src=\"https:\/\/m.media-amazon.com\/images\/S\/aplus-media\/sc\/d262a102-3931-4af1-bcd2-fa72efe818c1.__CR0,0,1200,1200_PT0_SX220_V1___.jpg\" data- title=\"\"><\/p>\n<h4 class=\"a-spacing-mini\"><span style=\"vertical-align: inherit;\">Multifunktion<\/span><\/h4>\n<p class=\"a-size-small\"><span style=\"vertical-align: inherit;\">kan anv\u00e4ndas f\u00f6r olika \u00e4ndam\u00e5l som lekplats, gungor, tr\u00e4dhus, vind, tr\u00e4dg\u00e5rd, tak, loft, bunker, marina och till och med dekorativa \u00e4ndam\u00e5l. O\u00e4ndlig m\u00e4ngd anv\u00e4ndningsalternativ.<\/span><\/p>\n<p><img decoding=\"async\" class=\"aligncenter\" src=\"https:\/\/m.media-amazon.com\/images\/S\/aplus-media\/sc\/cf4cf25a-8d5e-46fe-bb5e-722c10b1d998.__CR0,0,2000,2000_PT0_SX220_V1___.jpg\" alt=\"Levereras med karbinhake och krokar\" data-src=\"https:\/\/m.media-amazon.com\/images\/S\/aplus-media\/sc\/cf4cf25a-8d5e-46fe-bb5e-722c10b1d998.__CR0,0,2000,2000_PT0_SX220_V1___.jpg\" data- title=\"\"><\/p>\n<h4 class=\"a-spacing-mini\"><span style=\"vertical-align: inherit;\">Levereras med karbinhake och krokar<\/span><\/h4>\n<p class=\"a-size-small\"><span style=\"vertical-align: inherit;\">13 och 25 fot stegar inkluderar krokar f\u00f6r f\u00f6nsterbr\u00e4dor och karbinhakar b\u00e4st f\u00f6r balkongst\u00e4nger. I h\u00e4ndelse av brand kan de anv\u00e4ndas med b\u00e5de f\u00f6nster och balkonger. Ingen annan kan erbjuda b\u00e5da alternativen.<\/span><\/p>\n<p><img decoding=\"async\" class=\"aligncenter\" src=\"https:\/\/m.media-amazon.com\/images\/S\/aplus-media\/sc\/210c8fc8-ca9e-4a20-9d02-a9c58b6c8429.__CR1018,0,1260,1260_PT0_SX220_V1___.png\" alt=\"Halkskydd\" data-src=\"https:\/\/m.media-amazon.com\/images\/S\/aplus-media\/sc\/210c8fc8-ca9e-4a20-9d02-a9c58b6c8429.__CR1018,0,1260,1260_PT0_SX220_V1___.png\" data- title=\"\"><\/p>\n<h4 class=\"a-spacing-mini\"><span style=\"vertical-align: inherit;\">Halkskydd<\/span><\/h4>\n<p class=\"a-size-small\"><span style=\"vertical-align: inherit;\">stegpannorna \u00e4r \u00e5ttkantiga, s\u00e5 de \u00e4r p\u00e5litliga och inte hala.<\/span><\/p>\n<div class=\"apm-spacing\"><img decoding=\"async\" class=\"aligncenter\" src=\"https:\/\/m.media-amazon.com\/images\/S\/aplus-media\/sc\/e5481a93-fdd7-4b02-812d-b17e7e802309.__CR0,0,1000,1000_PT0_SX220_V1___.jpg\" alt=\"B\u00e4rbara\" data-src=\"https:\/\/m.media-amazon.com\/images\/S\/aplus-media\/sc\/e5481a93-fdd7-4b02-812d-b17e7e802309.__CR0,0,1000,1000_PT0_SX220_V1___.jpg\" data- title=\"\"><\/div>\n<\/div>\n<\/div>\n<\/div>\n<div>\n<h4 class=\"a-spacing-mini\"><span style=\"vertical-align: inherit;\">B\u00e4rbara<\/span><\/h4>\n<p class=\"a-size-small\"><span style=\"vertical-align: inherit;\">levereras med en snygg designad svart v\u00e4ska. Stegen \u00e4r l\u00e4tt att b\u00e4ra var som helst i en v\u00e4ska. Inneh\u00e5ller en presentask i naturligt tr\u00e4f\u00e4rg.<\/span><\/p>\n<\/div>\n<\/div>\n<\/div>\n<\/div>\n<div class=\"celwidget aplus-module module-4\" style=\"text-align: center;\" data-csa-c-id=\"afj8pd-nokhvj-691g6t-ynqohv\" data-cel-widget=\"aplus-module-4\">\n<div class=\"a-expander-collapsed-height a-row a-expander-container a-expander-partial-collapse-container\" aria-live=\"polite\" data-a-expander-name=\"aplus-module-expander\" data-a-expander-collapsed-height=\"700\">\n<div class=\"a-expander-content a-expander-partial-collapse-content\" aria-expanded=\"false\">\n<div class=\"aplus-module-wrapper\">\n<div class=\"apm-spacing\">\n<div class=\"apm-floatleft apm-fixed-width\">\n<div class=\"apm-spacing\">\n<p><img decoding=\"async\" class=\"aligncenter\" src=\"https:\/\/m.media-amazon.com\/images\/S\/aplus-media\/sc\/efd2bcd0-2bff-4c6d-9fec-4d882d5be7cd.__CR0,13,974,974_PT0_SX220_V1___.jpg\" alt=\"L\u00e4ttvikt\" data-src=\"https:\/\/m.media-amazon.com\/images\/S\/aplus-media\/sc\/efd2bcd0-2bff-4c6d-9fec-4d882d5be7cd.__CR0,13,974,974_PT0_SX220_V1___.jpg\" data- title=\"\"><\/p>\n<h4 class=\"a-spacing-mini\"><span style=\"vertical-align: inherit;\">L\u00e4ttvikt<\/span><\/h4>\n<p class=\"a-size-small\"><span style=\"vertical-align: inherit;\">till exempel v\u00e4ger 8 fot endast 4 lb.<\/span><\/p>\n<p><img decoding=\"async\" class=\"aligncenter\" src=\"https:\/\/m.media-amazon.com\/images\/S\/aplus-media\/sc\/d232e31d-6376-4b64-a48a-ddd2bbf72b81.__CR0,0,1000,1000_PT0_SX220_V1___.jpg\" alt=\"V\u00e4dert\u00e5lig\" data-src=\"https:\/\/m.media-amazon.com\/images\/S\/aplus-media\/sc\/d232e31d-6376-4b64-a48a-ddd2bbf72b81.__CR0,0,1000,1000_PT0_SX220_V1___.jpg\" data- title=\"\"><\/p>\n<h4 class=\"a-spacing-mini\"><span style=\"vertical-align: inherit;\">V\u00e4dert\u00e5lig<\/span><\/h4>\n<p class=\"a-size-small\"><span style=\"vertical-align: inherit;\">\u00e5ldrar n\u00e4stan aldrig stegar f\u00f6r alla v\u00e4der, kan inte skadas i regnet.<\/span><\/p>\n<p><img decoding=\"async\" class=\"aligncenter\" style=\"font-weight: 600;\" src=\"https:\/\/m.media-amazon.com\/images\/S\/aplus-media\/sc\/37c0fcd9-5325-4e38-b7c1-9af5cd3a988c.__CR5,0,1189,1189_PT0_SX220_V1___.jpg\" alt=\"Tunga karbinhake\" data-src=\"https:\/\/m.media-amazon.com\/images\/S\/aplus-media\/sc\/37c0fcd9-5325-4e38-b7c1-9af5cd3a988c.__CR5,0,1189,1189_PT0_SX220_V1___.jpg\" data- title=\"\"><\/p>\n<h4 class=\"a-spacing-mini\"><span style=\"vertical-align: inherit;\">Tunga karbinhake<\/span><\/h4>\n<p class=\"a-size-small\"><span style=\"vertical-align: inherit;\">stegen inkluderar f\u00f6rkromade karbinhake brottstyrka 11KN<\/span><\/p>\n<p><img decoding=\"async\" class=\"a-spacing-mini aligncenter\" src=\"https:\/\/m.media-amazon.com\/images\/S\/aplus-media\/sc\/afa873ae-4f45-42c7-bef1-e1440984b452.__CR321,0,1333,1333_PT0_SX300_V1___.jpg\" alt=\"Eldt\u00e5lig\" data-src=\"https:\/\/m.media-amazon.com\/images\/S\/aplus-media\/sc\/afa873ae-4f45-42c7-bef1-e1440984b452.__CR321,0,1333,1333_PT0_SX300_V1___.jpg\" data- title=\"\"><\/p>\n<\/div>\n<div><\/div>\n<\/div>\n<\/div>\n<\/div>\n<div>\n<h4 class=\"a-spacing-mini\"><span style=\"vertical-align: inherit;\">Eldt\u00e5lig<\/span><\/h4>\n<p><span style=\"vertical-align: inherit;\">speciell icke-br\u00e4nnbar fiberkomposition g\u00f6r att stegen kan st\u00e5 emot en brand under en tid, men \u00e4nd\u00e5 rekommenderar vi inte att anv\u00e4nda den i direkt eld.<\/span><\/p>\n<p><img decoding=\"async\" class=\"a-spacing-mini aligncenter\" src=\"https:\/\/m.media-amazon.com\/images\/S\/aplus-media\/sc\/2dac260a-e8d0-441c-9ba5-ebcab13c9f40.__CR0,0,2000,2000_PT0_SX300_V1___.jpg\" alt=\"Olika l\u00e4ngd\" data-src=\"https:\/\/m.media-amazon.com\/images\/S\/aplus-media\/sc\/2dac260a-e8d0-441c-9ba5-ebcab13c9f40.__CR0,0,2000,2000_PT0_SX300_V1___.jpg\" data- title=\"\"><\/p>\n<h4 class=\"a-spacing-mini\"><span style=\"vertical-align: inherit;\">Olika l\u00e4ngd<\/span><\/h4>\n<p><span style=\"vertical-align: inherit;\">tillg\u00e4nglig 8\/13\/16\/25\/32 ft f\u00f6r 1-4 v\u00e5ningar hus.<\/span><\/p>\n<p><img decoding=\"async\" class=\"a-spacing-mini aligncenter\" src=\"https:\/\/m.media-amazon.com\/images\/S\/aplus-media\/sc\/5728be22-391a-4b50-8edb-c02577e54e29.__CR0,0,1000,1000_PT0_SX300_V1___.jpg\" alt=\"\u00c5teranv\u00e4ndbar\" data-src=\"https:\/\/m.media-amazon.com\/images\/S\/aplus-media\/sc\/5728be22-391a-4b50-8edb-c02577e54e29.__CR0,0,1000,1000_PT0_SX300_V1___.jpg\" data- title=\"\"><\/p>\n<h4 class=\"a-spacing-mini\"><span style=\"vertical-align: inherit;\">\u00c5teranv\u00e4ndbar<\/span><\/h4>\n<p><span style=\"vertical-align: inherit;\">till skillnad fr\u00e5n andra aluminiumstegar \u00e4r v\u00e5ra repstegar \u00e5teranv\u00e4ndbara.<\/span><\/p>\n<\/div>\n<\/div>\n<\/div>\n<\/div>\n<div class=\"celwidget aplus-module module-2\" style=\"text-align: center;\" data-csa-c-id=\"u3f2rx-tiglp3-kzwgo6-kqh25l\" data-cel-widget=\"aplus-module-2\">\n<div class=\"a-expander-collapsed-height a-row a-expander-container a-expander-partial-collapse-container\" aria-live=\"polite\" data-a-expander-name=\"aplus-module-expander\" data-a-expander-collapsed-height=\"700\">\n<div class=\"a-expander-content a-expander-partial-collapse-content\" aria-expanded=\"false\">\n<div><\/div>\n<\/div>\n<\/div>\n<\/div>\n<div class=\"celwidget aplus-module module-2\" data-csa-c-id=\"xa4z08-fqu7gq-7q8xue-5451sy\" data-cel-widget=\"aplus-module-2\">\n<div class=\"a-expander-collapsed-height a-row a-expander-container a-expander-partial-collapse-container\" aria-live=\"polite\" data-a-expander-name=\"aplus-module-expander\" data-a-expander-collapsed-height=\"700\">\n<div class=\"a-expander-content a-expander-partial-collapse-content\" aria-expanded=\"false\">\n<div class=\"aplus-module-wrapper apm-floatnone\">\n<div class=\"apm-sidemodule apm-spacing\">\n<div class=\"apm-sidemodule-imageleft\" style=\"text-align: center;\"><img decoding=\"async\" class=\"aligncenter\" src=\"https:\/\/m.media-amazon.com\/images\/S\/aplus-media\/sc\/6293865e-0e7e-4620-8370-146b6c3e1ce0.__CR0,0,816,816_PT0_SX300_V1___.jpg\" alt=\"m\u00e5ngsidig\" data-src=\"https:\/\/m.media-amazon.com\/images\/S\/aplus-media\/sc\/6293865e-0e7e-4620-8370-146b6c3e1ce0.__CR0,0,816,816_PT0_SX300_V1___.jpg\" data- title=\"\"><\/div>\n<div class=\"apm-sidemodule-textright\">\n<h3 class=\"a-spacing-mini\" style=\"text-align: center;\"><span style=\"vertical-align: inherit;\">Varje person t\u00e4nkte minst en g\u00e5ng t\u00e4nkte om det brann i hans hus, byggnad eller kontor? Hur kan man r\u00e4ddas fr\u00e5n det? S\u00e4rskilt orolig om du har barn!<\/span><\/h3>\n<p style=\"text-align: center;\"><span style=\"vertical-align: inherit;\">P\u00e5 ISOP tror vi att ALLA familjer M\u00c5STE ha en brandstege i n\u00f6dfall! Vi har skapat en hel serie n\u00f6dstegar och enheter f\u00f6r olika behov som vi vill presentera f\u00f6r dig.<\/span><\/p>\n<p style=\"text-align: center;\"><span class=\"a-text-bold\"><span style=\"vertical-align: inherit;\">ISOP Brandstege f\u00f6r andra v\u00e5ningsf\u00f6nster 4m<\/span><\/span><\/p>\n<p style=\"text-align: center;\"><span style=\"vertical-align: inherit;\">Detta \u00e4r en 13ft (4m) stege med krokar f\u00f6r att fly fr\u00e5n ett f\u00f6nster eller balkong. Iron Hooks passar perfekt till de flesta f\u00f6nsterramar i v\u00e4rlden (se m\u00e5tt p\u00e5 bilder).<\/span><\/p>\n<p style=\"text-align: center;\"><span style=\"vertical-align: inherit;\">Tillsammans med alla f\u00f6rdelar \u00e4r den h\u00e4r stegen enkel att anv\u00e4nda. \u00c4ven barn kan kl\u00e4ttra upp det. Det \u00e4r sv\u00e5rt att anv\u00e4nda den om stegen inte sitter ordentligt mot v\u00e4ggen men h\u00e4nger i luften. Detta g\u00e4ller alla trappor, inte bara v\u00e5ra. I det h\u00e4r fallet m\u00e5ste du g\u00e5 nerf\u00f6r trappan som akrobater g\u00f6r i en cirkus (det finns en bild p\u00e5 bilderna).<\/span><\/p>\n<p style=\"text-align: center;\"><span style=\"vertical-align: inherit;\">En del av v\u00e5ra kunder ansluter stegen till v\u00e4ggen i f\u00f6rv\u00e4g med hj\u00e4lp av kl\u00e4ttringsankarna som finns i v\u00e5r butik. Vi betraktar detta som ett mycket tankev\u00e4ckande tillv\u00e4gag\u00e5ngss\u00e4tt och rekommenderar det.<\/span><\/p>\n<\/div>\n<\/div>\n<\/div>\n<\/div>\n<\/div>\n<\/div>\n","protected":false},"excerpt":{"rendered":"[embed]https:\/\/youtu.be\/KjVIK24EWWY[\/embed]\n<p class=\"mceTemp\" style=\"text-align: center;\"><span style=\"vertical-align: inherit;\">Flamresistent s\u00e4kerhetsrepstege med krokar &#8211; snabb att implementera och l\u00e4tt att anv\u00e4nda &#8211; kompakt och l\u00e4tt att lagra &#8211; viktkapacitet upp till 900 kg<\/span><\/p>\n<p style=\"text-align: center;\"><span style=\"vertical-align: inherit;\">GRATIS LEVERANS INOM 3-7 DAGAR<\/span><\/p>\n<h4 style=\"text-align: center;\"><strong><span style=\"vertical-align: inherit;\">K\u00d6P DET P\u00c5<\/span><\/strong><\/h4>\n<p style=\"text-align: center;\"><a href=\"https:\/\/www.amazon.se\/ISOP-Brandstege-Ber%C3%A4ttelse-Krokar-S%C3%A4kerhetsrepstege\/dp\/B07VB3KYBP\/ref=sr_1_1?dchild=1&amp;keywords=Brandstege%202%20Ber%C3%A4ttelse%20med%20Krokar&amp;qid=1628690508&amp;sr=8-1\"><img loading=\"lazy\" decoding=\"async\" class=\"wp-image-1040 size-full aligncenter\" src=\"https:\/\/rightfoodonly.com\/wp-content\/uploads\/amazon-button9.png\" alt=\"\" width=\"160\" height=\"59\" \/><\/a><\/p>\n<p style=\"text-align: center;\">\n","protected":false},"featured_media":4247,"comment_status":"open","ping_status":"closed","template":"","meta":[],"product_brand":[],"product_cat":[197,196,193],"product_tag":[73,65,34],"class_list":{"0":"post-1062","1":"product","2":"type-product","3":"status-publish","4":"has-post-thumbnail","6":"product_cat-brandutgangsstegar-1-vaning","7":"product_cat-brandutgangsstegar-2-vaningar","8":"product_cat-repstegar-brandutgang","9":"product_tag-andra-vaningsfonster","10":"product_tag-brandstege","11":"product_tag-sakerhetsutrustning","13":"first","14":"instock","15":"shipping-taxable","16":"purchasable","17":"product-type-simple"},"_links":{"self":[{"href":"https:\/\/isopllc.com\/se\/wp-json\/wp\/v2\/product\/1062","targetHints":{"allow":["GET"]}}],"collection":[{"href":"https:\/\/isopllc.com\/se\/wp-json\/wp\/v2\/product"}],"about":[{"href":"https:\/\/isopllc.com\/se\/wp-json\/wp\/v2\/types\/product"}],"replies":[{"embeddable":true,"href":"https:\/\/isopllc.com\/se\/wp-json\/wp\/v2\/comments?post=1062"}],"wp:featuredmedia":[{"embeddable":true,"href":"https:\/\/isopllc.com\/se\/wp-json\/wp\/v2\/media\/4247"}],"wp:attachment":[{"href":"https:\/\/isopllc.com\/se\/wp-json\/wp\/v2\/media?parent=1062"}],"wp:term":[{"taxonomy":"product_brand","embeddable":true,"href":"https:\/\/isopllc.com\/se\/wp-json\/wp\/v2\/product_brand?post=1062"},{"taxonomy":"product_cat","embeddable":true,"href":"https:\/\/isopllc.com\/se\/wp-json\/wp\/v2\/product_cat?post=1062"},{"taxonomy":"product_tag","embeddable":true,"href":"https:\/\/isopllc.com\/se\/wp-json\/wp\/v2\/product_tag?post=1062"}],"curies":[{"name":"wp","href":"https:\/\/api.w.org\/{rel}","templated":true}]}}