{"id":1294,"date":"2020-01-30T06:20:40","date_gmt":"2020-01-30T06:20:40","guid":{"rendered":"https:\/\/rightfoodonly.com\/?post_type=product&#038;p=1294"},"modified":"2025-07-01T03:53:55","modified_gmt":"2025-07-01T03:53:55","slug":"fonsterjarnkrokar","status":"publish","type":"product","link":"https:\/\/isopllc.com\/se\/product\/fonsterjarnkrokar\/","title":{"rendered":"F\u00f6nsterj\u00e4rnkrokar f\u00f6r eldstigar och n\u00f6dsituationer"},"content":{"rendered":"<div class=\"celwidget aplus-module module-11\">\n<div class=\"a-expander-collapsed-height a-row a-expander-container a-expander-partial-collapse-container\" aria-live=\"polite\" data-a-expander-name=\"aplus-module-expander\" data-a-expander-collapsed-height=\"360\">\n<div class=\"a-expander-content a-expander-partial-collapse-content\" aria-expanded=\"false\">\n<div class=\"aplus-module-wrapper apm-spacing apm-floatnone\">\n<div class=\"apm-sidemodule aplus-module-content\">\n<div class=\"apm-hero-image\"><span style=\"font-size: 1.618em;\"><span style=\"vertical-align: inherit;\">ISOP-F\u00f6nsterj\u00e4rnkrokar f\u00f6r brandstegar, 2 krokar | J\u00e4rnkrokar f\u00f6r r\u00e4ddningsstege, n\u00f6dkrokupps\u00e4ttning passar de flesta f\u00f6nster &#8211; Perfekt med karbinhake eller utbyggnadsstegar &#8211; Robust, h\u00e5llbar och b\u00e4rbar<\/span><\/span><\/div>\n<\/div>\n<\/div>\n<\/div>\n<\/div>\n<\/div>\n<div class=\"celwidget aplus-module module-9\">\n<div class=\"a-expander-collapsed-height a-row a-expander-container a-expander-partial-collapse-container\" aria-live=\"polite\" data-a-expander-name=\"aplus-module-expander\" data-a-expander-collapsed-height=\"700\">\n<div class=\"a-expander-content a-expander-partial-collapse-content a-expander-content-expanded\" aria-expanded=\"true\">\n<div class=\"aplus-module-wrapper\">\n<div class=\"apm-spacing apm-fixed-width\">\n<p><img decoding=\"async\" class=\"a-spacing-mini aligncenter\" src=\"https:\/\/m.media-amazon.com\/images\/S\/aplus-media\/sc\/0ba0f91e-b5c4-417e-ada8-b03c299fc14b.__CR0,0,1200,1200_PT0_SX300_V1___.jpg\" alt=\"krokar\" data-src=\"https:\/\/m.media-amazon.com\/images\/S\/aplus-media\/sc\/0ba0f91e-b5c4-417e-ada8-b03c299fc14b.__CR0,0,1200,1200_PT0_SX300_V1___.jpg\" data- title=\"\"><\/p>\n<h4 class=\"a-spacing-mini\"><span style=\"vertical-align: inherit;\">Specifikationer<\/span><\/h4>\n<p><span style=\"vertical-align: inherit;\">V\u00e5r 2-deliga krokupps\u00e4ttning \u00e4r ett m\u00e5ngsidigt s\u00e4kerhetsverktyg och kan anv\u00e4ndas i ett brett spektrum av industrier, byggf\u00f6retag och r\u00e4ddningstj\u00e4nster &#8211; kan anv\u00e4ndas med olika typer av repstegar eller med brandstegar f\u00f6r att r\u00e4dda arbetare fr\u00e5n betydande h\u00f6jder och a m\u00e5ste ha vid n\u00f6dsituationer.<\/span><\/p>\n<p><span style=\"vertical-align: inherit;\">Storlek: 15,75 &#8221;total l\u00e4ngd, 11,8&#8221; f\u00f6nsterkrok, 1,25 &#8221;utrymme att anv\u00e4nda med en karbinhake<\/span><\/p>\n<p><span style=\"vertical-align: inherit;\">Material: Kraftigt st\u00e5l<\/span><\/p>\n<p><img loading=\"lazy\" decoding=\"async\" class=\"size-medium wp-image-4869 aligncenter\" src=\"https:\/\/isopllc.com\/se\/wp-content\/uploads\/sites\/10\/2021\/06\/hooks-size-416x416-\u043a\u043e\u043f\u0438\u044f-2-300x300.jpg\" alt=\"\" width=\"300\" height=\"300\" title=\"\"><\/p>\n<h4 class=\"a-spacing-mini\"><span style=\"vertical-align: inherit;\">Funktioner och F\u00f6rdelar<\/span><\/h4>\n<ul>\n<li><span style=\"vertical-align: inherit;\">Tillverkad av h\u00f6gkvalitativa material &#8211; starkt, robust, h\u00e5llbart, p\u00e5litligt och s\u00e4kert att anv\u00e4nda<\/span><\/li>\n<li><span style=\"vertical-align: inherit;\">Idealisk storlek &#8211; passar de flesta f\u00f6nster<\/span><\/li>\n<li><span style=\"vertical-align: inherit;\">Minimalistisk, men \u00e4nd\u00e5 praktisk design g\u00f6r det enkelt att f\u00e4sta<\/span><\/li>\n<li><span style=\"vertical-align: inherit;\">Snabb och enkel installation &#8211; kr\u00e4ver inga verktyg<\/span><\/li>\n<li><span style=\"vertical-align: inherit;\">Kan anv\u00e4ndas med minimal till ingen tr\u00e4ning<\/span><\/li>\n<li><span style=\"vertical-align: inherit;\">Kl\u00e4m fast p\u00e5 f\u00f6nstret p\u00e5 ena sidan och repstegen p\u00e5 den andra och kl\u00e4ttra ner p\u00e5 10 sekunder<\/span><\/li>\n<li><span style=\"vertical-align: inherit;\">L\u00e4tt vikt och b\u00e4rbar<\/span><\/li>\n<li><span style=\"vertical-align: inherit;\">Kompakt f\u00f6r enkel f\u00f6rvaring<\/span><\/li>\n<\/ul>\n<\/div>\n<p><img decoding=\"async\" class=\"a-spacing-mini aligncenter\" src=\"https:\/\/m.media-amazon.com\/images\/S\/aplus-media\/sc\/97960495-f8fe-4173-8653-41fa79334c3e.__CR0,0,1200,1200_PT0_SX300_V1___.jpg\" alt=\"anv\u00e4nda sig av\" data-src=\"https:\/\/m.media-amazon.com\/images\/S\/aplus-media\/sc\/97960495-f8fe-4173-8653-41fa79334c3e.__CR0,0,1200,1200_PT0_SX300_V1___.jpg\" data- title=\"\"><\/p>\n<h4 class=\"a-spacing-mini\"><span style=\"vertical-align: inherit;\">Kan anv\u00e4ndas f\u00f6r \/ som \/ med<\/span><\/h4>\n<ul>\n<li><span style=\"vertical-align: inherit;\">Fr\u00e5n ett f\u00f6nster, balkong eller tak, i kombination med r\u00e4ddningsstegar<\/span><\/li>\n<li><span style=\"vertical-align: inherit;\">Brandstegar, i en n\u00f6dsituation<\/span><\/li>\n<li><span style=\"vertical-align: inherit;\">Kl\u00e4tterv\u00e4ggar<\/span><\/li>\n<li><span style=\"vertical-align: inherit;\">Byggbranschen<\/span><\/li>\n<li><span style=\"vertical-align: inherit;\">H\u00e4ngande fr\u00e5n ett tr\u00e4d<\/span><\/li>\n<li><span style=\"vertical-align: inherit;\">Kl\u00e4ttra i ett tr\u00e4dhus<\/span><\/li>\n<\/ul>\n<\/div>\n<\/div>\n<\/div>\n<\/div>\n","protected":false},"excerpt":{"rendered":"<p style=\"text-align: center;\"><span style=\"vertical-align: inherit;\">J\u00e4rnf\u00f6nsterkrokar f\u00f6r repstege<\/span><\/p>\n<p style=\"text-align: center;\"><span style=\"vertical-align: inherit;\">GRATIS LEVERANS INOM 3-7 DAGAR<\/span><\/p>\n<h4 style=\"text-align: center;\"><strong><span style=\"vertical-align: inherit;\">K\u00d6P DET P\u00c5<\/span><\/strong><\/h4>\n<p><a href=\"https:\/\/www.amazon.se\/dp\/B07RFDG2NP\/ref=sr_1_1?dchild=1&amp;keywords=F%C3%B6nsterkrokar%20f%C3%B6r%20Brandstegar&amp;qid=1628691921&amp;sr=8-1&amp;th=1\"><img loading=\"lazy\" decoding=\"async\" class=\"wp-image-1040 size-full aligncenter\" src=\"https:\/\/rightfoodonly.com\/wp-content\/uploads\/amazon-button9.png\" alt=\"\" width=\"160\" height=\"59\" \/><\/a><\/p>\n<p>&nbsp;<\/p>\n","protected":false},"featured_media":4256,"comment_status":"open","ping_status":"closed","template":"","meta":[],"product_brand":[],"product_cat":[187],"product_tag":[91,90,92,34],"class_list":{"0":"post-1294","1":"product","2":"type-product","3":"status-publish","4":"has-post-thumbnail","6":"product_cat-tillbehor-till-brandstegar","7":"product_tag-eldstigar","8":"product_tag-fonsterjarnkrokar","9":"product_tag-nodsituationer","10":"product_tag-sakerhetsutrustning","12":"first","13":"instock","14":"shipping-taxable","15":"purchasable","16":"product-type-simple"},"_links":{"self":[{"href":"https:\/\/isopllc.com\/se\/wp-json\/wp\/v2\/product\/1294","targetHints":{"allow":["GET"]}}],"collection":[{"href":"https:\/\/isopllc.com\/se\/wp-json\/wp\/v2\/product"}],"about":[{"href":"https:\/\/isopllc.com\/se\/wp-json\/wp\/v2\/types\/product"}],"replies":[{"embeddable":true,"href":"https:\/\/isopllc.com\/se\/wp-json\/wp\/v2\/comments?post=1294"}],"wp:featuredmedia":[{"embeddable":true,"href":"https:\/\/isopllc.com\/se\/wp-json\/wp\/v2\/media\/4256"}],"wp:attachment":[{"href":"https:\/\/isopllc.com\/se\/wp-json\/wp\/v2\/media?parent=1294"}],"wp:term":[{"taxonomy":"product_brand","embeddable":true,"href":"https:\/\/isopllc.com\/se\/wp-json\/wp\/v2\/product_brand?post=1294"},{"taxonomy":"product_cat","embeddable":true,"href":"https:\/\/isopllc.com\/se\/wp-json\/wp\/v2\/product_cat?post=1294"},{"taxonomy":"product_tag","embeddable":true,"href":"https:\/\/isopllc.com\/se\/wp-json\/wp\/v2\/product_tag?post=1294"}],"curies":[{"name":"wp","href":"https:\/\/api.w.org\/{rel}","templated":true}]}}