{"id":1296,"date":"2020-01-30T06:31:07","date_gmt":"2020-01-30T06:31:07","guid":{"rendered":"https:\/\/rightfoodonly.com\/?post_type=product&#038;p=1296"},"modified":"2025-07-07T06:23:54","modified_gmt":"2025-07-07T06:23:54","slug":"brandutrymningsanordning-upp-till-34-kg","status":"publish","type":"product","link":"https:\/\/isopllc.com\/se\/product\/brandutrymningsanordning-upp-till-34-kg\/","title":{"rendered":"Brandutrymningsanordning f\u00f6r barn eller husdjur upp till 34 kg"},"content":{"rendered":"<div class=\"apm-leftimage\"><img decoding=\"async\" class=\"a-spacing-mini alignleft\" src=\"https:\/\/m.media-amazon.com\/images\/S\/aplus-media\/sc\/12937edf-a97d-4a60-bf54-3b50b9ed8d44.__CR0,0,300,400_PT0_SX300_V1___.jpg\" alt=\"firebag 1\" data-src=\"https:\/\/m.media-amazon.com\/images\/S\/aplus-media\/sc\/12937edf-a97d-4a60-bf54-3b50b9ed8d44.__CR0,0,300,400_PT0_SX300_V1___.jpg\" data- title=\"\"><\/div>\n<div class=\"apm-rightthirdcol\">\n<div class=\"apm-rightthirdcol-inner\">\n<h3 class=\"a-spacing-mini\"><span style=\"vertical-align: inherit\">Se till att din lilla \u00e4ngel f\u00f6rblir s\u00e4ker i h\u00e4ndelse av brand!<\/span><\/h3>\n<h4 class=\"a-spacing-mini a-color-secondary a-text-italic\"><span style=\"vertical-align: inherit\">Presenterar den ultimata brandutrymningsanordning f\u00f6r barn eller husdjur, erbjuds av ISOP!<\/span><\/h4>\n<p class=\"a-spacing-base\"><span style=\"vertical-align: inherit\">Bor du p\u00e5 5: e v\u00e5ningen och oroar dig f\u00f6r dina barns s\u00e4kerhet vid brand? Skulle du sova b\u00e4ttre med vetskap om att ditt barn eller ditt husdjur s\u00e4kert skulle kunna fly snabbt utanf\u00f6r byggnaden?<\/span><\/p>\n<p class=\"a-spacing-base\"><span style=\"vertical-align: inherit\">Denna brandv\u00e4ska tillverkad i form av en ryggs\u00e4ck, s\u00e5 i n\u00f6dsituationer kan du placera ett sp\u00e4dbarn eller ett husdjur d\u00e4r inne, bara s\u00e4tta p\u00e5 den och springa ut eller s\u00e4nka ner den fr\u00e5n ett f\u00f6nster med ett kraftigt rep.<\/span><\/p>\n<h4 class=\"a-spacing-base\" style=\"text-align: left\"><span class=\"a-text-bold\"><span style=\"vertical-align: inherit\">Ta ditt barn fr\u00e5n fara till s\u00e4kerhet i tre steg!<\/span><\/span><\/h4>\n<div class=\"amp-centerthirdcol-listbox\">\n<div class=\"apm-listbox amp-centerthirdcol-listbox a-box a-color-alternate-background a-spacing-small\">\n<div class=\"a-box-inner\">\n<ul class=\"a-unordered-list a-vertical\">\n<li style=\"text-align: left\"><span class=\"a-list-item\"><span class=\"a-size-base a-color-secondary\"><span style=\"vertical-align: inherit\">F\u00e4ll ut brandutrustningen<\/span><\/span><\/span><\/li>\n<li style=\"text-align: left\"><span class=\"a-list-item\"><span class=\"a-size-base a-color-secondary\"><span style=\"vertical-align: inherit\">L\u00e4gg en kudde inuti och ditt barn eller ditt husdjur p\u00e5 den<\/span><\/span><\/span><\/li>\n<li style=\"text-align: left\"><span class=\"a-list-item\"><span class=\"a-size-base a-color-secondary\"><span style=\"vertical-align: inherit\">S\u00e4nk p\u00e5sen med dess v\u00e4rdefulla inneh\u00e5ll fr\u00e5n byggnadens utsida till marken<\/span><\/span><\/span><\/li>\n<\/ul>\n<h3 class=\"a-color-secondary\"><span style=\"vertical-align: inherit\">Oavsett om du bor p\u00e5 1: a eller 5: e v\u00e5ningen kommer ditt barn att k\u00f6ra det s\u00e4kert till marken, borta fr\u00e5n livshotande eld och kv\u00e4vande r\u00f6k.<\/span><\/h3>\n<h4 class=\"a-spacing-small a-size-small a-color-secondary\"><span class=\"a-text-bold\"><span style=\"vertical-align: inherit\">Varf\u00f6r v\u00e4lja ISOP Brandutrymningsanordning?<\/span><\/span><\/h4>\n<div class=\"apm-listbox a-box a-color-alternate-background a-spacing-small\">\n<div class=\"a-box-inner\">\n<ul class=\"a-unordered-list a-vertical\">\n<li><span class=\"a-list-item\"><span class=\"a-size-base a-color-secondary\"><span style=\"vertical-align: inherit\">Kommer med 15 m GRATIS tungt rep<\/span><\/span><\/span><\/li>\n<li><span class=\"a-list-item\"><span class=\"a-size-base a-color-secondary\"><span style=\"vertical-align: inherit\">Perfekt f\u00f6r hem upp till 5: e historien<\/span><\/span><\/span><\/li>\n<li><span class=\"a-list-item\"><span class=\"a-size-base a-color-secondary\"><span style=\"vertical-align: inherit\">Stor PVC-belagd n\u00e4tfront f\u00f6r b\u00e4ttre luftfl\u00f6de<\/span><\/span><\/span><\/li>\n<li><span class=\"a-list-item\"><span class=\"a-size-base a-color-secondary\"><span style=\"vertical-align: inherit\">L\u00e4tt att f\u00f6rvara i den praktiska f\u00f6rvaringsp\u00e5sen<\/span><\/span><\/span><\/li>\n<li><span class=\"a-list-item\"><span class=\"a-size-base a-color-secondary\"><span style=\"vertical-align: inherit\">Komplettera ditt n\u00f6dverktygssats!<\/span><\/span><\/span><\/li>\n<li><span class=\"a-list-item\"><span class=\"a-size-base a-color-secondary\"><span style=\"vertical-align: inherit\">Rekommenderas f\u00f6r barn upp till 75 pund.<\/span><\/span><\/span><\/li>\n<\/ul>\n<p class=\"a-spacing-small a-size-small a-color-secondary\"><span style=\"vertical-align: inherit\">Du beh\u00f6ver inte tappa s\u00f6mn \u00f6ver din lilla \u00e4ngels s\u00e4kerhet l\u00e4ngre!<\/span><\/p>\n<p class=\"a-spacing-small a-size-small a-color-secondary\"><span style=\"vertical-align: inherit\">P\u00e5 ISOP har vi l\u00e4nge erbjudit dig det b\u00e4sta inom brandutrustning. V\u00e5ra brandstegar, brandv\u00e4skor har gett oss v\u00e5ra v\u00e4rdefulla kunders f\u00f6rtroende.<\/span><\/p>\n<p class=\"a-spacing-small a-size-small a-color-secondary\"><span style=\"vertical-align: inherit\">Anv\u00e4nd p\u00e5 egen risk.<\/span><\/p>\n<ul class=\"a-unordered-list a-vertical a-spacing-none\">\n<li><span class=\"a-list-item\"><span style=\"vertical-align: inherit\">H\u00c5LL DIN K\u00c4RDA S\u00c4KRA: Se till att ditt barn f\u00f6rblir s\u00e4kert vid brand! Placera en kudde i den h\u00e4r brandskyddsanordningen, l\u00e4gg ditt barn &#8211; eller den lurviga v\u00e4n &#8211; inuti och s\u00e4nk ner dem till s\u00e4kerhet.<\/span><\/span><\/li>\n<li><span class=\"a-list-item\"><span style=\"vertical-align: inherit\">L\u00c4TT ATT ANV\u00c4NDA &amp; F\u00d6RVARA: F\u00e4ll bara ut det h\u00e4r l\u00e4ttanv\u00e4nda n\u00f6dredskapet och sl\u00f6sa ingen tid vid brand! Detta livr\u00e4ddande brand n\u00f6dverktyg levereras med en praktisk f\u00f6rvaringsp\u00e5se f\u00f6r platsbesparande f\u00f6rvaring.<\/span><\/span><\/li>\n<li><span class=\"a-list-item\"><span style=\"vertical-align: inherit\">ALLA DU BEH\u00d6VER F\u00d6R EN RAPID BRANDUTVECKLING I EN V\u00c4SKA: Vi erbjuder dig det kraftiga 50 meter repet som BONUS, s\u00e5 att du har allt du beh\u00f6ver redo f\u00f6r ditt barns s\u00e4kra brandflykt p\u00e5 ett st\u00e4lle.<\/span><\/span><\/li>\n<li><span class=\"a-list-item\"><span style=\"vertical-align: inherit\">M\u00c5TT: 19\/18\/10 tum Titta p\u00e5 VIDEO OM VIKTKAPACITET. 75 kg TEST<\/span><\/span><\/li>\n<\/ul>\n<\/div>\n<\/div>\n<p>Finns \u00e4ven i <a href=\"https:\/\/isopllc.com\/se\/product\/brandutrymningsanordning-for-upp-till-68-kg\/\"><strong>stor storlek.<\/strong><\/a><\/p>\n<\/div>\n<\/div>\n<\/div>\n<\/div>\n<\/div>\n","protected":false},"excerpt":{"rendered":"[embed]https:\/\/youtu.be\/YIblD205lDA[\/embed]\n<p class=\"mceTemp\" style=\"text-align: center\"><span style=\"vertical-align: inherit\">Kompakt barns\u00e4kerhetsutrustning &#8211; rep 15 m inkl. &#8211; Snabb baby r\u00e4ddning nylon dragsko f\u00f6r sp\u00e4dbarn och djur\u00a0<\/span><\/p>\n<p style=\"text-align: center\"><span style=\"vertical-align: inherit\">GRATIS LEVERANS INOM 3-7 DAGAR<\/span><\/p>\n<h4 style=\"text-align: center\"><strong><span style=\"vertical-align: inherit\">K\u00d6P DET P\u00c5<\/span><\/strong><\/h4>\n<p><a href=\"https:\/\/www.amazon.se\/ISOP-Brandutrymningsanordning-Eller-Husdjur-S%C3%A4kerhetsutrustning\/dp\/B07RQH4NNR\/ref=sr_1_1?dchild=1&amp;keywords=Brandutrymningsanordning%20f%C3%B6r%20Husdjur&amp;qid=1628690784&amp;sr=8-1\"><img loading=\"lazy\" decoding=\"async\" class=\"wp-image-1040 size-full aligncenter\" src=\"https:\/\/rightfoodonly.com\/wp-content\/uploads\/amazon-button9.png\" alt=\"\" width=\"160\" height=\"59\" \/><\/a><\/p>\n<p>&nbsp;<\/p>\n","protected":false},"featured_media":4255,"comment_status":"open","ping_status":"closed","template":"","meta":[],"product_brand":[],"product_cat":[186],"product_tag":[75,74,76,77],"class_list":{"0":"post-1296","1":"product","2":"type-product","3":"status-publish","4":"has-post-thumbnail","6":"product_cat-brandutgang-for-husdjur","7":"product_tag-barn","8":"product_tag-brandutrymningsanordning","9":"product_tag-husdjur","10":"product_tag-sakerhet","12":"first","13":"instock","14":"shipping-taxable","15":"purchasable","16":"product-type-variable"},"_links":{"self":[{"href":"https:\/\/isopllc.com\/se\/wp-json\/wp\/v2\/product\/1296","targetHints":{"allow":["GET"]}}],"collection":[{"href":"https:\/\/isopllc.com\/se\/wp-json\/wp\/v2\/product"}],"about":[{"href":"https:\/\/isopllc.com\/se\/wp-json\/wp\/v2\/types\/product"}],"replies":[{"embeddable":true,"href":"https:\/\/isopllc.com\/se\/wp-json\/wp\/v2\/comments?post=1296"}],"wp:featuredmedia":[{"embeddable":true,"href":"https:\/\/isopllc.com\/se\/wp-json\/wp\/v2\/media\/4255"}],"wp:attachment":[{"href":"https:\/\/isopllc.com\/se\/wp-json\/wp\/v2\/media?parent=1296"}],"wp:term":[{"taxonomy":"product_brand","embeddable":true,"href":"https:\/\/isopllc.com\/se\/wp-json\/wp\/v2\/product_brand?post=1296"},{"taxonomy":"product_cat","embeddable":true,"href":"https:\/\/isopllc.com\/se\/wp-json\/wp\/v2\/product_cat?post=1296"},{"taxonomy":"product_tag","embeddable":true,"href":"https:\/\/isopllc.com\/se\/wp-json\/wp\/v2\/product_tag?post=1296"}],"curies":[{"name":"wp","href":"https:\/\/api.w.org\/{rel}","templated":true}]}}