{"id":1485,"date":"2020-02-06T03:02:39","date_gmt":"2020-02-06T03:02:39","guid":{"rendered":"https:\/\/rightfoodonly.com\/?post_type=product&#038;p=1485"},"modified":"2025-07-01T03:53:22","modified_gmt":"2025-07-01T03:53:22","slug":"repstege-for-hem-5-m","status":"publish","type":"product","link":"https:\/\/isopllc.com\/se\/product\/repstege-for-hem-5-m\/","title":{"rendered":"Repstege f\u00f6r hem 5 m"},"content":{"rendered":"<h3><\/h3>\n<h3><img loading=\"lazy\" decoding=\"async\" class=\"alignnone size-medium\" src=\"https:\/\/m.media-amazon.com\/images\/S\/aplus-media\/sc\/b8ed94ac-c904-409e-b504-aa88009b57f7.__CR0,0,970,300_PT0_SX970_V1___.jpg\" width=\"970\" height=\"300\" alt=\"\" title=\"\"><\/h3>\n<div class=\"celwidget aplus-module module-9\" style=\"text-align: center;\" data-csa-c-id=\"8qdekw-f2p4k0-r9icce-qoj6p0\" data-cel-widget=\"aplus-module-9\">\n<div class=\"a-expander-collapsed-height a-row a-expander-container a-expander-partial-collapse-container\" aria-live=\"polite\" data-a-expander-name=\"aplus-module-expander\" data-a-expander-collapsed-height=\"700\">\n<div class=\"a-expander-content a-expander-partial-collapse-content\" aria-expanded=\"false\">\n<div class=\"aplus-module-wrapper\">\n<div class=\"apm-spacing apm-fixed-width\">\n<h2><span style=\"vertical-align: inherit;\">ISOP-repstege f\u00f6r tr\u00e4dhus 15 fot med 11KN karbinhake lekplats och kl\u00e4ttring<\/span><\/h2>\n<p>En repstege \u00e4r ett fantastiskt s\u00e4tt att inf\u00f6rliva ett nytt element av kul i ditt barns lekplats. En repstege f\u00f6r tr\u00e4dkoja \u00e4r ett av s\u00e4tten att g\u00f6ra det. Du m\u00e5ste v\u00e4lja den b\u00e4sta f\u00f6r utomhusutrymmet eller tr\u00e4dkojan och uppmuntra ditt barn att utforska sin \u00e4ventyrliga sida under lektimmarna.<\/p>\n<p>Eftersom de uteslutande \u00e4r tillgodosedda f\u00f6r att h\u00e5lla ett barns s\u00e4kerhets\u00e5tg\u00e4rder i \u00e5tanke, \u00e4r det s\u00e4kert och p\u00e5litligt att anv\u00e4ndas vid en given tidpunkt. F\u00f6r en tr\u00e4dkoja \u00e4r en av de m\u00e5nga viktiga delarna repstegen. D\u00e4rf\u00f6r \u00e4r det viktigt att vara utrustad med flera s\u00e4kerhetsdetaljer. Hos ISOP kommer en repstege f\u00f6r tr\u00e4dkoja med specialfunktioner. L\u00e5t oss prata om det:<\/p>\n<h3 class=\"a-spacing-small\"><span style=\"vertical-align: inherit;\">Varf\u00f6r v\u00e4lja oss?<\/span><\/h3>\n<p><img loading=\"lazy\" decoding=\"async\" class=\" wp-image-4658 aligncenter\" src=\"https:\/\/isopllc.com\/se\/wp-content\/uploads\/sites\/10\/2020\/01\/reflective-rope-ladders-225x300.jpg\" alt=\"\" width=\"299\" height=\"398\" title=\"\" srcset=\"https:\/\/isopllc.com\/se\/wp-content\/uploads\/sites\/10\/2020\/01\/reflective-rope-ladders-225x300.jpg 225w, https:\/\/isopllc.com\/se\/wp-content\/uploads\/sites\/10\/2020\/01\/reflective-rope-ladders-768x1024.jpg 768w, https:\/\/isopllc.com\/se\/wp-content\/uploads\/sites\/10\/2020\/01\/reflective-rope-ladders-750x1000.jpg 750w, https:\/\/isopllc.com\/se\/wp-content\/uploads\/sites\/10\/2020\/01\/reflective-rope-ladders-416x555.jpg 416w, https:\/\/isopllc.com\/se\/wp-content\/uploads\/sites\/10\/2020\/01\/reflective-rope-ladders.jpg 1080w\" sizes=\"auto, (max-width: 299px) 100vw, 299px\" \/><\/p>\n<h4>Patenterad reflekterande teknologi<\/h4>\n<p>Denna stege \u00e4r designad med bekv\u00e4mlighet och tillg\u00e4nglighet i \u00e5tanke.<\/p>\n<p>En speciell reflekterande remsa inv\u00e4vd i dessa nylonrepen g\u00f6r den mycket synlig i ficklampans str\u00e5le s\u00e5 att du inte snubblar \u00f6ver den p\u00e5 natten.<\/p>\n<p><img decoding=\"async\" class=\"a-spacing-mini aligncenter\" style=\"font-weight: 600;\" src=\"https:\/\/m.media-amazon.com\/images\/S\/aplus-media\/sc\/1d1c9f11-8b81-43e1-b2d9-232d2a154745.__CR0,193,641,641_PT0_SX300_V1___.jpg\" alt=\"Kraftig\" data-src=\"https:\/\/m.media-amazon.com\/images\/S\/aplus-media\/sc\/1d1c9f11-8b81-43e1-b2d9-232d2a154745.__CR0,193,641,641_PT0_SX300_V1___.jpg\" data- title=\"\"><\/p>\n<h4 class=\"a-spacing-mini\"><span style=\"vertical-align: inherit;\">ULTRA kraftfull<\/span><\/h4>\n<p><span style=\"vertical-align: inherit;\">det finns inga starkare och mer tillf\u00f6rlitliga stegar \u00e4n v\u00e5ra,\u00a0 <\/span><span class=\"a-text-bold\"><span style=\"vertical-align: inherit;\">testade (!)\u00a0<\/span><\/span><span style=\"vertical-align: inherit;\"> &#8211; med en vikt p\u00e5 10 kg! \u00c4ven kedjestegar kan inte skryta med denna viktkapacitet.<\/span><\/p>\n<p><img decoding=\"async\" class=\"a-spacing-mini aligncenter\" src=\"https:\/\/m.media-amazon.com\/images\/S\/aplus-media\/sc\/66906d66-df90-4038-8550-d72faf80c38f.__CR0,0,1200,1200_PT0_SX300_V1___.jpg\" alt=\"Multifunktion\" data-src=\"https:\/\/m.media-amazon.com\/images\/S\/aplus-media\/sc\/66906d66-df90-4038-8550-d72faf80c38f.__CR0,0,1200,1200_PT0_SX300_V1___.jpg\" data- title=\"\"><\/p>\n<h4 class=\"a-spacing-mini\"><span style=\"vertical-align: inherit;\">Multifunktion<\/span><\/h4>\n<p><span style=\"vertical-align: inherit;\">kan anv\u00e4ndas f\u00f6r olika \u00e4ndam\u00e5l som lekplats, gungor, tr\u00e4dhus, vind, tr\u00e4dg\u00e5rd, tak, loft, bunker, marina och till och med dekorativa \u00e4ndam\u00e5l samt brandstege. O\u00e4ndlig m\u00e4ngd anv\u00e4ndningsalternativ.<\/span><\/p>\n<p><img decoding=\"async\" class=\"a-spacing-mini aligncenter\" src=\"https:\/\/m.media-amazon.com\/images\/S\/aplus-media\/sc\/a53251f8-492d-40f3-a9db-2bdd1415646f.__CR1018,0,1260,1260_PT0_SX300_V1___.png\" alt=\"halkskydd\" data-src=\"https:\/\/m.media-amazon.com\/images\/S\/aplus-media\/sc\/a53251f8-492d-40f3-a9db-2bdd1415646f.__CR1018,0,1260,1260_PT0_SX300_V1___.png\" data- title=\"\"><\/p>\n<h4 class=\"a-spacing-mini\"><span style=\"vertical-align: inherit;\">Halkskydd<\/span><\/h4>\n<p><span style=\"vertical-align: inherit;\">stegpannorna \u00e4r \u00e5ttkantiga, s\u00e5 de \u00e4r p\u00e5litliga och inte hala.<\/span><\/p>\n<p><img decoding=\"async\" class=\"aligncenter\" src=\"https:\/\/m.media-amazon.com\/images\/S\/aplus-media\/sc\/2b5aeb68-441e-435d-b89c-5d2faf4eb063.__CR0,0,1000,1000_PT0_SX220_V1___.jpg\" alt=\"B\u00e4rbara\" data-src=\"https:\/\/m.media-amazon.com\/images\/S\/aplus-media\/sc\/2b5aeb68-441e-435d-b89c-5d2faf4eb063.__CR0,0,1000,1000_PT0_SX220_V1___.jpg\" data- title=\"\"><\/p>\n<\/div>\n<div>\n<h4 class=\"a-spacing-mini\"><span style=\"vertical-align: inherit;\">B\u00e4rbara<\/span><\/h4>\n<p class=\"a-size-small\"><span style=\"vertical-align: inherit;\">Inneh\u00e5ller en presentf\u00f6rpackning i naturligt tr\u00e4f\u00e4rg och en snygg designad svart v\u00e4ska.<\/span><\/p>\n<p><img decoding=\"async\" class=\"aligncenter\" src=\"https:\/\/m.media-amazon.com\/images\/S\/aplus-media\/sc\/f2e8fc4d-adcb-4ad8-87e7-2d18df74811d.__CR0,13,974,974_PT0_SX220_V1___.jpg\" alt=\"L\u00e4ttvikt\" data-src=\"https:\/\/m.media-amazon.com\/images\/S\/aplus-media\/sc\/f2e8fc4d-adcb-4ad8-87e7-2d18df74811d.__CR0,13,974,974_PT0_SX220_V1___.jpg\" data- title=\"\"><\/p>\n<\/div>\n<\/div>\n<\/div>\n<div>\n<h4 class=\"a-spacing-mini\"><span style=\"vertical-align: inherit;\">L\u00e4ttvikt<\/span><\/h4>\n<p class=\"a-size-small\"><span style=\"vertical-align: inherit;\">till exempel, 8ft v\u00e4ger bara 4 lb.<\/span><\/p>\n<p><img decoding=\"async\" class=\"aligncenter\" src=\"https:\/\/m.media-amazon.com\/images\/S\/aplus-media\/sc\/0552c400-f2fc-46a1-84a9-d5030a1ca8e2.__CR0,0,1000,1000_PT0_SX220_V1___.jpg\" alt=\"V\u00e4dert\u00e5lig\" data-src=\"https:\/\/m.media-amazon.com\/images\/S\/aplus-media\/sc\/0552c400-f2fc-46a1-84a9-d5030a1ca8e2.__CR0,0,1000,1000_PT0_SX220_V1___.jpg\" data- title=\"\"><\/p>\n<h4 class=\"a-spacing-mini\"><span style=\"vertical-align: inherit;\">V\u00e4dert\u00e5lig<\/span><\/h4>\n<p class=\"a-size-small\"><span style=\"vertical-align: inherit;\">\u00e5ldrar n\u00e4stan aldrig stegar f\u00f6r alla v\u00e4der, kan inte skadas i regnet.<\/span><\/p>\n<p><img decoding=\"async\" class=\"aligncenter\" src=\"https:\/\/m.media-amazon.com\/images\/S\/aplus-media\/sc\/14916db8-10a6-4760-8535-f49470d709ad.__CR11,0,1189,1189_PT0_SX220_V1___.jpg\" alt=\"Tunga karbinhake\" data-src=\"https:\/\/m.media-amazon.com\/images\/S\/aplus-media\/sc\/14916db8-10a6-4760-8535-f49470d709ad.__CR11,0,1189,1189_PT0_SX220_V1___.jpg\" data- title=\"\"><\/p>\n<h4 class=\"a-spacing-mini\"><span style=\"vertical-align: inherit;\">Tunga karbinhake<\/span><\/h4>\n<p class=\"a-size-small\"><span style=\"vertical-align: inherit;\">stegen inkluderar f\u00f6rkromade karbinhake brottstyrka 11KN<\/span><\/p>\n<\/div>\n<\/div>\n<\/div>\n<div class=\"celwidget aplus-module module-4\" style=\"text-align: center;\" data-csa-c-id=\"r0jyvc-byof08-6y9606-vmksqx\" data-cel-widget=\"aplus-module-4\">\n<div class=\"a-expander-collapsed-height a-row a-expander-container a-expander-partial-collapse-container\" aria-live=\"polite\" data-a-expander-name=\"aplus-module-expander\" data-a-expander-collapsed-height=\"700\">\n<div class=\"a-expander-content a-expander-partial-collapse-content\" aria-expanded=\"false\">\n<div>\n<p><img decoding=\"async\" class=\"a-spacing-mini aligncenter\" src=\"https:\/\/m.media-amazon.com\/images\/S\/aplus-media\/sc\/d843778e-92b5-40e7-a239-8e35fcbadff6.__CR0,0,2000,2000_PT0_SX300_V1___.jpg\" alt=\"Olika l\u00e4ngd\" data-src=\"https:\/\/m.media-amazon.com\/images\/S\/aplus-media\/sc\/d843778e-92b5-40e7-a239-8e35fcbadff6.__CR0,0,2000,2000_PT0_SX300_V1___.jpg\" data- title=\"\"><\/p>\n<h4 class=\"a-spacing-mini\"><span style=\"vertical-align: inherit;\">Olika l\u00e4ngd<\/span><\/h4>\n<p><span style=\"vertical-align: inherit;\">tillg\u00e4nglig 8\/13\/16\/25 \/ 32ft f\u00f6r 1 &#8211; 4 v\u00e5ningar hus.<\/span><\/p>\n<p><img decoding=\"async\" class=\"a-spacing-mini aligncenter\" src=\"https:\/\/m.media-amazon.com\/images\/S\/aplus-media\/sc\/b32fbb7f-dd3b-4bce-a9d4-1f51dbe477df.__CR0,0,1000,1000_PT0_SX300_V1___.jpg\" alt=\"\u00e5teranv\u00e4ndbar\" data-src=\"https:\/\/m.media-amazon.com\/images\/S\/aplus-media\/sc\/b32fbb7f-dd3b-4bce-a9d4-1f51dbe477df.__CR0,0,1000,1000_PT0_SX300_V1___.jpg\" data- title=\"\"><\/p>\n<h4 class=\"a-spacing-mini\"><span style=\"vertical-align: inherit;\">\u00c5teranv\u00e4ndbar<\/span><\/h4>\n<p><span style=\"vertical-align: inherit;\">till skillnad fr\u00e5n andra aluminiumstegar \u00e4r v\u00e5ra repstegar \u00e5teranv\u00e4ndbara.<\/span><\/p>\n<div class=\"apm-sidemodule-imageleft\">\n<div class=\"apm-sidemodule-imageleft\"><img decoding=\"async\" class=\"aligncenter\" src=\"https:\/\/m.media-amazon.com\/images\/S\/aplus-media\/sc\/7c7570fe-6600-49ef-9540-55b6a874c8a7.__CR0,0,1280,1280_PT0_SX300_V1___.jpg\" alt=\"DET B\u00c4STA\" data-src=\"https:\/\/m.media-amazon.com\/images\/S\/aplus-media\/sc\/7c7570fe-6600-49ef-9540-55b6a874c8a7.__CR0,0,1280,1280_PT0_SX300_V1___.jpg\" data- title=\"\"><\/div>\n<div class=\"apm-sidemodule-textright\"><\/div>\n<\/div>\n<div class=\"apm-sidemodule-textright\">\n<h2 class=\"a-spacing-mini\"><span style=\"vertical-align: inherit;\">DET B\u00c4STA<\/span><\/h2>\n<p><span style=\"vertical-align: inherit;\">Det finns andra repstegserbjudanden som liknar v\u00e5ra. MEN (!) De fl\u00e4tar inte tillr\u00e4ckligt med tr\u00e5dar i repen och sparar p\u00e5 detta, d\u00e4rf\u00f6r \u00e4r repen inte tillr\u00e4ckligt t\u00e4ta eller t\u00e4ta, d\u00e4rf\u00f6r \u00e4r de inte tillf\u00f6rlitliga.<\/span><\/p>\n<h3 class=\"a-spacing-mini\"><span style=\"vertical-align: inherit;\">G\u00f6r dig redo f\u00f6r det mest uppfriskande \u00e4ventyret!<\/span><\/h3>\n<h4 class=\"a-spacing-mini a-color-secondary a-text-italic\"><span style=\"vertical-align: inherit;\">Introduktion till The Ultimate Climb Rope Ladder for Treehouse, skapad av ISOP<\/span><\/h4>\n<p class=\"a-spacing-base\"><span style=\"vertical-align: inherit;\">V\u00e5r repstege \u00e4r m\u00e5ngsidig och kan anv\u00e4ndas i ett brett utbud av roliga aktiviteter, inklusive att h\u00e4nga, gunga eller kl\u00e4ttra i ett tr\u00e4dhus.<\/span><\/p>\n<p class=\"a-spacing-base\"><span style=\"vertical-align: inherit;\">Tillverkad med premiummaterial, den \u00e4r stark och robust och finns i 3 olika storlekar f\u00f6r att m\u00f6ta dina specifika behov.<\/span><\/p>\n<p class=\"a-spacing-base\" style=\"text-align: left;\"><strong><span class=\"a-text-bold\"><span style=\"vertical-align: inherit;\">Kan anv\u00e4ndas f\u00f6r \/ som:<\/span><\/span><\/strong><\/p>\n<ul class=\"a-unordered-list a-vertical\" style=\"text-align: left;\">\n<li><span class=\"a-list-item\"><span style=\"vertical-align: inherit;\">H\u00e4ngande fr\u00e5n ett tr\u00e4d<\/span><\/span><\/li>\n<li><span class=\"a-list-item\"><span style=\"vertical-align: inherit;\">Kl\u00e4ttra i ett tr\u00e4dhus<\/span><\/span><\/li>\n<li><span class=\"a-list-item\"><span style=\"vertical-align: inherit;\">En gungupps\u00e4ttning eller till och med som en hinderbana<\/span><\/span><\/li>\n<li><span class=\"a-list-item\"><span style=\"vertical-align: inherit;\">Ett ninja rep<\/span><\/span><\/li>\n<li><span class=\"a-list-item\"><span style=\"vertical-align: inherit;\">I en n\u00f6dsituation &#8211; som brandstegar<\/span><\/span><\/li>\n<\/ul>\n<div class=\"amp-centerthirdcol-listbox\">\n<div class=\"a-box a-spacing-small a-color-alternate-background apm-listbox amp-centerthirdcol-listbox\">\n<div class=\"a-box-inner\">\n<ul class=\"a-unordered-list a-vertical\">\n<li style=\"text-align: left;\"><span class=\"a-list-item\"><span class=\"a-size-base\"><strong><span style=\"vertical-align: inherit;\">Material<\/span><\/strong><span style=\"vertical-align: inherit;\"> : Nylonrep, f\u00f6rst\u00e4rkt med harts<\/span><\/span><\/span><\/li>\n<li style=\"text-align: left;\"><span class=\"a-list-item\"><span class=\"a-size-base\"><strong><span style=\"vertical-align: inherit;\">L\u00e4ngd<\/span><\/strong><span style=\"vertical-align: inherit;\"> : 5 m<\/span><\/span><\/span><\/li>\n<li style=\"text-align: left;\"><span class=\"a-list-item\"><span class=\"a-size-base\"><strong><span style=\"vertical-align: inherit;\">Bredd<\/span><\/strong><span style=\"vertical-align: inherit;\"> : 12 tum<\/span><\/span><\/span><\/li>\n<li style=\"text-align: left;\"><span class=\"a-list-item\"><span class=\"a-size-base\"><strong><span style=\"vertical-align: inherit;\">Maximal lastkapacitet<\/span><\/strong><span style=\"vertical-align: inherit;\"> : 2500 kg<\/span><\/span><\/span><\/li>\n<li style=\"text-align: left;\"><span class=\"a-list-item\"><span class=\"a-size-base\"><strong><span style=\"vertical-align: inherit;\">Karbiner<\/span><\/strong><span style=\"vertical-align: inherit;\"> : 11kN<\/span><\/span><\/span><\/li>\n<\/ul>\n<h3 class=\"a-color-secondary\" style=\"text-align: left;\"><span style=\"vertical-align: inherit;\">Funktioner och F\u00f6rdelar:<\/span><\/h3>\n<ul class=\"a-unordered-list a-vertical\">\n<li style=\"text-align: left;\"><span class=\"a-list-item\"><span style=\"vertical-align: inherit;\">Rolig rekvisita hj\u00e4lper till att njuta av kvalitetstid med barnen<\/span><\/span><\/li>\n<li style=\"text-align: left;\"><span class=\"a-list-item\"><span style=\"vertical-align: inherit;\">Kan anv\u00e4ndas inomhus och utomhus<\/span><\/span><\/li>\n<li style=\"text-align: left;\"><span class=\"a-list-item\"><span style=\"vertical-align: inherit;\">Premium nylonremmar &#8211; vattent\u00e5lig och halks\u00e4ker<\/span><\/span><\/li>\n<li style=\"text-align: left;\"><span class=\"a-list-item\"><span style=\"vertical-align: inherit;\">Tunga karbinhake ger snabb installation och enkel f\u00f6rankring<\/span><\/span><\/li>\n<li style=\"text-align: left;\"><span class=\"a-list-item\"><span style=\"vertical-align: inherit;\">Hj\u00e4lper till att f\u00f6rb\u00e4ttra barnets fysiska styrka, mentala f\u00f6rm\u00e5gor och motoriska f\u00e4rdigheter<\/span><\/span><\/li>\n<li style=\"text-align: left;\"><span class=\"a-list-item\"><span style=\"vertical-align: inherit;\">F\u00f6rst\u00e4rkta stegpinnar ger extra h\u00e5llbarhet<\/span><\/span><\/li>\n<li style=\"text-align: left;\"><span class=\"a-list-item\"><span style=\"vertical-align: inherit;\">L\u00e4tt att anv\u00e4nda &#8211; kr\u00e4ver inga verktyg<\/span><\/span><\/li>\n<li style=\"text-align: left;\"><span class=\"a-list-item\"><span style=\"vertical-align: inherit;\">L\u00e4tt vikt och b\u00e4rbar<\/span><\/span><\/li>\n<li style=\"text-align: left;\"><span class=\"a-list-item\"><span style=\"vertical-align: inherit;\">Kompakt f\u00f6r enkel f\u00f6rvaring<\/span><\/span><\/li>\n<li style=\"text-align: left;\"><span class=\"a-list-item\"><span style=\"vertical-align: inherit;\">Levereras i en snygg svart v\u00e4ska &amp; l\u00e5da med handtag och n\u00f6dv\u00e4ndiga karbinhake<\/span><\/span><\/li>\n<\/ul>\n<\/div>\n<\/div>\n<\/div>\n<\/div>\n<\/div>\n<\/div>\n<\/div>\n<\/div>\n","protected":false},"excerpt":{"rendered":"[embed]https:\/\/youtu.be\/KjVIK24EWWY[\/embed]\n<p class=\"mceTemp\" style=\"text-align: center;\"><span style=\"vertical-align: inherit;\">Kl\u00e4ttring H\u00e4ngande utomhus- och inomhusrep med krokar f\u00f6r barn och vuxna &#8211; Multifunktionell och \u00e5teranv\u00e4ndbar repstege<\/span><\/p>\n<p style=\"text-align: center;\"><span style=\"vertical-align: inherit;\">GRATIS LEVERANS INOM 3-7 DAGAR<\/span><\/p>\n<h4 style=\"text-align: center;\"><strong><span style=\"vertical-align: inherit;\">K\u00d6P DET P\u00c5<\/span><\/strong><\/h4>\n<p><a href=\"https:\/\/www.amazon.se\/dp\/B07N8MNG5J\/ref=sr_1_1?dchild=1&amp;keywords=Kl%C3%A4ttrande%20Rep%20Stege%205%20m&amp;qid=1628690865&amp;sr=8-1&amp;th=1\"><img loading=\"lazy\" decoding=\"async\" class=\"wp-image-1040 size-full aligncenter\" src=\"https:\/\/rightfoodonly.com\/wp-content\/uploads\/amazon-button9.png\" alt=\"\" width=\"160\" height=\"59\" \/><\/a><\/p>\n<p>&nbsp;<\/p>\n","protected":false},"featured_media":4861,"comment_status":"open","ping_status":"closed","template":"","meta":[],"product_brand":[],"product_cat":[197,196,193,190],"product_tag":[152,150,35,44],"class_list":{"0":"post-1485","1":"product","2":"type-product","3":"status-publish","4":"has-post-thumbnail","6":"product_cat-brandutgangsstegar-1-vaning","7":"product_cat-brandutgangsstegar-2-vaningar","8":"product_cat-repstegar-brandutgang","9":"product_cat-vaggmonterade-stegar","10":"product_tag-hem","11":"product_tag-nodutgang-stege","12":"product_tag-repstege","13":"product_tag-sakerhetsstege","15":"first","16":"instock","17":"shipping-taxable","18":"purchasable","19":"product-type-simple"},"_links":{"self":[{"href":"https:\/\/isopllc.com\/se\/wp-json\/wp\/v2\/product\/1485","targetHints":{"allow":["GET"]}}],"collection":[{"href":"https:\/\/isopllc.com\/se\/wp-json\/wp\/v2\/product"}],"about":[{"href":"https:\/\/isopllc.com\/se\/wp-json\/wp\/v2\/types\/product"}],"replies":[{"embeddable":true,"href":"https:\/\/isopllc.com\/se\/wp-json\/wp\/v2\/comments?post=1485"}],"wp:featuredmedia":[{"embeddable":true,"href":"https:\/\/isopllc.com\/se\/wp-json\/wp\/v2\/media\/4861"}],"wp:attachment":[{"href":"https:\/\/isopllc.com\/se\/wp-json\/wp\/v2\/media?parent=1485"}],"wp:term":[{"taxonomy":"product_brand","embeddable":true,"href":"https:\/\/isopllc.com\/se\/wp-json\/wp\/v2\/product_brand?post=1485"},{"taxonomy":"product_cat","embeddable":true,"href":"https:\/\/isopllc.com\/se\/wp-json\/wp\/v2\/product_cat?post=1485"},{"taxonomy":"product_tag","embeddable":true,"href":"https:\/\/isopllc.com\/se\/wp-json\/wp\/v2\/product_tag?post=1485"}],"curies":[{"name":"wp","href":"https:\/\/api.w.org\/{rel}","templated":true}]}}