{"id":1489,"date":"2020-02-06T04:57:10","date_gmt":"2020-02-06T04:57:10","guid":{"rendered":"https:\/\/rightfoodonly.com\/?post_type=product&#038;p=1489"},"modified":"2025-07-01T03:53:07","modified_gmt":"2025-07-01T03:53:07","slug":"utomhusklattringstege-8-m","status":"publish","type":"product","link":"https:\/\/isopllc.com\/se\/product\/utomhusklattringstege-8-m\/","title":{"rendered":"Utomhuskl\u00e4ttringstege 8 m"},"content":{"rendered":"<h3><img loading=\"lazy\" decoding=\"async\" class=\"alignnone size-medium\" src=\"https:\/\/m.media-amazon.com\/images\/S\/aplus-media\/sc\/b8ed94ac-c904-409e-b504-aa88009b57f7.__CR0,0,970,300_PT0_SX970_V1___.jpg\" width=\"970\" height=\"300\" alt=\"\" title=\"\"><\/h3>\n<h2 style=\"text-align: center;\"><span style=\"vertical-align: inherit;\">Kl\u00e4tterrepstege 24 fot med 11KN karbinhake &#8211; lekplats &amp; gungupps\u00e4ttning<\/span><\/h2>\n<div class=\"celwidget aplus-module module-9\" style=\"text-align: center;\" data-csa-c-id=\"8qdekw-f2p4k0-r9icce-qoj6p0\" data-cel-widget=\"aplus-module-9\">\n<div class=\"a-expander-collapsed-height a-row a-expander-container a-expander-partial-collapse-container\" aria-live=\"polite\" data-a-expander-name=\"aplus-module-expander\" data-a-expander-collapsed-height=\"700\">\n<div class=\"a-expander-content a-expander-partial-collapse-content\" aria-expanded=\"false\">\n<div class=\"aplus-module-wrapper\">\n<div class=\"apm-spacing apm-fixed-width\">\n<p>En repstege \u00e4r ett fantastiskt s\u00e4tt att inf\u00f6rliva ett nytt element av kul i ditt barns lekplats. En repstege f\u00f6r tr\u00e4dkoja \u00e4r ett av s\u00e4tten att g\u00f6ra det. Du m\u00e5ste v\u00e4lja den b\u00e4sta f\u00f6r utomhusutrymmet eller tr\u00e4dkojan och uppmuntra ditt barn att utforska sin \u00e4ventyrliga sida under lektimmarna.<\/p>\n<p>Eftersom de uteslutande \u00e4r tillgodosedda f\u00f6r att h\u00e5lla ett barns s\u00e4kerhets\u00e5tg\u00e4rder i \u00e5tanke, \u00e4r det s\u00e4kert och p\u00e5litligt att anv\u00e4ndas vid en given tidpunkt. F\u00f6r en tr\u00e4dkoja \u00e4r en av de m\u00e5nga viktiga delarna repstegen. D\u00e4rf\u00f6r \u00e4r det viktigt att vara utrustad med flera s\u00e4kerhetsdetaljer. Hos ISOP kommer en repstege f\u00f6r tr\u00e4dkoja med specialfunktioner. L\u00e5t oss prata om det:<\/p>\n<h3 class=\"a-spacing-small\"><span style=\"vertical-align: inherit;\">Varf\u00f6r v\u00e4lja oss?<\/span><\/h3>\n<p><img loading=\"lazy\" decoding=\"async\" class=\" wp-image-4658 aligncenter\" src=\"https:\/\/isopllc.com\/se\/wp-content\/uploads\/sites\/10\/2020\/01\/reflective-rope-ladders-225x300.jpg\" alt=\"\" width=\"294\" height=\"392\" title=\"\" srcset=\"https:\/\/isopllc.com\/se\/wp-content\/uploads\/sites\/10\/2020\/01\/reflective-rope-ladders-225x300.jpg 225w, https:\/\/isopllc.com\/se\/wp-content\/uploads\/sites\/10\/2020\/01\/reflective-rope-ladders-768x1024.jpg 768w, https:\/\/isopllc.com\/se\/wp-content\/uploads\/sites\/10\/2020\/01\/reflective-rope-ladders-750x1000.jpg 750w, https:\/\/isopllc.com\/se\/wp-content\/uploads\/sites\/10\/2020\/01\/reflective-rope-ladders-416x555.jpg 416w, https:\/\/isopllc.com\/se\/wp-content\/uploads\/sites\/10\/2020\/01\/reflective-rope-ladders.jpg 1080w\" sizes=\"auto, (max-width: 294px) 100vw, 294px\" \/><\/p>\n<h4>Patenterad reflekterande teknologi<\/h4>\n<p>Denna stege \u00e4r designad med bekv\u00e4mlighet och tillg\u00e4nglighet i \u00e5tanke.<\/p>\n<p>En speciell reflekterande remsa inv\u00e4vd i dessa nylonrepen g\u00f6r den mycket synlig i ficklampans str\u00e5le s\u00e5 att du inte snubblar \u00f6ver den p\u00e5 natten.<\/p>\n<p><img decoding=\"async\" class=\"a-spacing-mini aligncenter\" style=\"font-weight: 600;\" src=\"https:\/\/m.media-amazon.com\/images\/S\/aplus-media\/sc\/1d1c9f11-8b81-43e1-b2d9-232d2a154745.__CR0,193,641,641_PT0_SX300_V1___.jpg\" alt=\"Kraftig\" data-src=\"https:\/\/m.media-amazon.com\/images\/S\/aplus-media\/sc\/1d1c9f11-8b81-43e1-b2d9-232d2a154745.__CR0,193,641,641_PT0_SX300_V1___.jpg\" data- title=\"\"><\/p>\n<h4 class=\"a-spacing-mini\"><span style=\"vertical-align: inherit;\">ULTRA kraftfull<\/span><\/h4>\n<p><span style=\"vertical-align: inherit;\">det finns inga starkare och mer tillf\u00f6rlitliga stegar \u00e4n v\u00e5ra,\u00a0 <\/span><span class=\"a-text-bold\"><span style=\"vertical-align: inherit;\">testade (!)\u00a0<\/span><\/span><span style=\"vertical-align: inherit;\"> &#8211; med en vikt p\u00e5 10 kg! \u00c4ven kedjestegar kan inte skryta med denna viktkapacitet.<\/span><\/p>\n<p><img decoding=\"async\" class=\"a-spacing-mini aligncenter\" src=\"https:\/\/m.media-amazon.com\/images\/S\/aplus-media\/sc\/66906d66-df90-4038-8550-d72faf80c38f.__CR0,0,1200,1200_PT0_SX300_V1___.jpg\" alt=\"Multifunktion\" data-src=\"https:\/\/m.media-amazon.com\/images\/S\/aplus-media\/sc\/66906d66-df90-4038-8550-d72faf80c38f.__CR0,0,1200,1200_PT0_SX300_V1___.jpg\" data- title=\"\"><\/p>\n<h4 class=\"a-spacing-mini\"><span style=\"vertical-align: inherit;\">Multifunktion<\/span><\/h4>\n<p><span style=\"vertical-align: inherit;\">kan anv\u00e4ndas f\u00f6r olika \u00e4ndam\u00e5l som lekplats, gungor, tr\u00e4dhus, vind, tr\u00e4dg\u00e5rd, tak, loft, bunker, marina och till och med dekorativa \u00e4ndam\u00e5l samt brandstege. O\u00e4ndlig m\u00e4ngd anv\u00e4ndningsalternativ.<\/span><\/p>\n<p><img decoding=\"async\" class=\"a-spacing-mini aligncenter\" src=\"https:\/\/m.media-amazon.com\/images\/S\/aplus-media\/sc\/a53251f8-492d-40f3-a9db-2bdd1415646f.__CR1018,0,1260,1260_PT0_SX300_V1___.png\" alt=\"halkskydd\" data-src=\"https:\/\/m.media-amazon.com\/images\/S\/aplus-media\/sc\/a53251f8-492d-40f3-a9db-2bdd1415646f.__CR1018,0,1260,1260_PT0_SX300_V1___.png\" data- title=\"\"><\/p>\n<h4 class=\"a-spacing-mini\"><span style=\"vertical-align: inherit;\">Halkskydd<\/span><\/h4>\n<p><span style=\"vertical-align: inherit;\">stegpannorna \u00e4r \u00e5ttkantiga, s\u00e5 de \u00e4r p\u00e5litliga och inte hala.<\/span><\/p>\n<p><img decoding=\"async\" class=\"aligncenter\" src=\"https:\/\/m.media-amazon.com\/images\/S\/aplus-media\/sc\/2b5aeb68-441e-435d-b89c-5d2faf4eb063.__CR0,0,1000,1000_PT0_SX220_V1___.jpg\" alt=\"B\u00e4rbara\" data-src=\"https:\/\/m.media-amazon.com\/images\/S\/aplus-media\/sc\/2b5aeb68-441e-435d-b89c-5d2faf4eb063.__CR0,0,1000,1000_PT0_SX220_V1___.jpg\" data- title=\"\"><\/p>\n<\/div>\n<div>\n<h4 class=\"a-spacing-mini\"><span style=\"vertical-align: inherit;\">B\u00e4rbara<\/span><\/h4>\n<p class=\"a-size-small\"><span style=\"vertical-align: inherit;\">Inneh\u00e5ller en presentf\u00f6rpackning i naturligt tr\u00e4f\u00e4rg och en snygg designad svart v\u00e4ska.<\/span><\/p>\n<p><img decoding=\"async\" class=\"aligncenter\" src=\"https:\/\/m.media-amazon.com\/images\/S\/aplus-media\/sc\/f2e8fc4d-adcb-4ad8-87e7-2d18df74811d.__CR0,13,974,974_PT0_SX220_V1___.jpg\" alt=\"L\u00e4ttvikt\" data-src=\"https:\/\/m.media-amazon.com\/images\/S\/aplus-media\/sc\/f2e8fc4d-adcb-4ad8-87e7-2d18df74811d.__CR0,13,974,974_PT0_SX220_V1___.jpg\" data- title=\"\"><\/p>\n<\/div>\n<\/div>\n<\/div>\n<div>\n<h4 class=\"a-spacing-mini\"><span style=\"vertical-align: inherit;\">L\u00e4ttvikt<\/span><\/h4>\n<p class=\"a-size-small\"><span style=\"vertical-align: inherit;\">till exempel, 8ft v\u00e4ger bara 4 lb.<\/span><\/p>\n<p><img decoding=\"async\" class=\"aligncenter\" src=\"https:\/\/m.media-amazon.com\/images\/S\/aplus-media\/sc\/0552c400-f2fc-46a1-84a9-d5030a1ca8e2.__CR0,0,1000,1000_PT0_SX220_V1___.jpg\" alt=\"V\u00e4dert\u00e5lig\" data-src=\"https:\/\/m.media-amazon.com\/images\/S\/aplus-media\/sc\/0552c400-f2fc-46a1-84a9-d5030a1ca8e2.__CR0,0,1000,1000_PT0_SX220_V1___.jpg\" data- title=\"\"><\/p>\n<h4 class=\"a-spacing-mini\"><span style=\"vertical-align: inherit;\">V\u00e4dert\u00e5lig<\/span><\/h4>\n<p class=\"a-size-small\"><span style=\"vertical-align: inherit;\">\u00e5ldrar n\u00e4stan aldrig stegar f\u00f6r alla v\u00e4der, kan inte skadas i regnet.<\/span><\/p>\n<p><img decoding=\"async\" class=\"aligncenter\" src=\"https:\/\/m.media-amazon.com\/images\/S\/aplus-media\/sc\/14916db8-10a6-4760-8535-f49470d709ad.__CR11,0,1189,1189_PT0_SX220_V1___.jpg\" alt=\"Tunga karbinhake\" data-src=\"https:\/\/m.media-amazon.com\/images\/S\/aplus-media\/sc\/14916db8-10a6-4760-8535-f49470d709ad.__CR11,0,1189,1189_PT0_SX220_V1___.jpg\" data- title=\"\"><\/p>\n<h4 class=\"a-spacing-mini\"><span style=\"vertical-align: inherit;\">Tunga karbinhake<\/span><\/h4>\n<p class=\"a-size-small\"><span style=\"vertical-align: inherit;\">stegen inkluderar f\u00f6rkromade karbinhake brottstyrka 11KN<\/span><\/p>\n<\/div>\n<\/div>\n<\/div>\n<div class=\"celwidget aplus-module module-4\" style=\"text-align: center;\" data-csa-c-id=\"r0jyvc-byof08-6y9606-vmksqx\" data-cel-widget=\"aplus-module-4\">\n<div class=\"a-expander-collapsed-height a-row a-expander-container a-expander-partial-collapse-container\" aria-live=\"polite\" data-a-expander-name=\"aplus-module-expander\" data-a-expander-collapsed-height=\"700\">\n<div class=\"a-expander-content a-expander-partial-collapse-content\" aria-expanded=\"false\">\n<div>\n<p><img decoding=\"async\" class=\"a-spacing-mini aligncenter\" src=\"https:\/\/m.media-amazon.com\/images\/S\/aplus-media\/sc\/d843778e-92b5-40e7-a239-8e35fcbadff6.__CR0,0,2000,2000_PT0_SX300_V1___.jpg\" alt=\"Olika l\u00e4ngd\" data-src=\"https:\/\/m.media-amazon.com\/images\/S\/aplus-media\/sc\/d843778e-92b5-40e7-a239-8e35fcbadff6.__CR0,0,2000,2000_PT0_SX300_V1___.jpg\" data- title=\"\"><\/p>\n<h4 class=\"a-spacing-mini\"><span style=\"vertical-align: inherit;\">Olika l\u00e4ngd<\/span><\/h4>\n<p><span style=\"vertical-align: inherit;\">tillg\u00e4nglig 8\/13\/16\/25 \/ 32ft f\u00f6r 1 &#8211; 4 v\u00e5ningar hus.<\/span><\/p>\n<p><img decoding=\"async\" class=\"a-spacing-mini aligncenter\" src=\"https:\/\/m.media-amazon.com\/images\/S\/aplus-media\/sc\/b32fbb7f-dd3b-4bce-a9d4-1f51dbe477df.__CR0,0,1000,1000_PT0_SX300_V1___.jpg\" alt=\"\u00e5teranv\u00e4ndbar\" data-src=\"https:\/\/m.media-amazon.com\/images\/S\/aplus-media\/sc\/b32fbb7f-dd3b-4bce-a9d4-1f51dbe477df.__CR0,0,1000,1000_PT0_SX300_V1___.jpg\" data- title=\"\"><\/p>\n<h4 class=\"a-spacing-mini\"><span style=\"vertical-align: inherit;\">\u00c5teranv\u00e4ndbar<\/span><\/h4>\n<p><span style=\"vertical-align: inherit;\">till skillnad fr\u00e5n andra aluminiumstegar \u00e4r v\u00e5ra repstegar \u00e5teranv\u00e4ndbara.<\/span><\/p>\n<div class=\"apm-sidemodule-imageleft\">\n<div class=\"apm-sidemodule-imageleft\"><img decoding=\"async\" class=\"aligncenter\" src=\"https:\/\/m.media-amazon.com\/images\/S\/aplus-media\/sc\/7c7570fe-6600-49ef-9540-55b6a874c8a7.__CR0,0,1280,1280_PT0_SX300_V1___.jpg\" alt=\"DET B\u00c4STA\" data-src=\"https:\/\/m.media-amazon.com\/images\/S\/aplus-media\/sc\/7c7570fe-6600-49ef-9540-55b6a874c8a7.__CR0,0,1280,1280_PT0_SX300_V1___.jpg\" data- title=\"\"><\/div>\n<div class=\"apm-sidemodule-textright\"><\/div>\n<\/div>\n<div class=\"apm-sidemodule-textright\">\n<h2 class=\"a-spacing-mini\"><span style=\"vertical-align: inherit;\">DET B\u00c4STA<\/span><\/h2>\n<p><span style=\"vertical-align: inherit;\">Det finns andra repstegserbjudanden som liknar v\u00e5ra. MEN (!) De fl\u00e4tar inte tillr\u00e4ckligt med tr\u00e5dar i repen och sparar p\u00e5 detta, d\u00e4rf\u00f6r \u00e4r repen inte tillr\u00e4ckligt t\u00e4ta eller t\u00e4ta, d\u00e4rf\u00f6r \u00e4r de inte tillf\u00f6rlitliga.<\/span><\/p>\n<\/div>\n<h3 class=\"a-spacing-mini\"><span style=\"vertical-align: inherit;\">G\u00f6r dig redo f\u00f6r det mest uppfriskande \u00e4ventyret!<\/span><\/h3>\n<h4 class=\"a-spacing-mini a-color-secondary a-text-italic\"><span style=\"vertical-align: inherit;\">Introduktion till The Ultimate Climb Rope Ladder for Swing Set, skapad av ISOP<\/span><\/h4>\n<p class=\"a-spacing-base\"><span style=\"vertical-align: inherit;\">Vill du komplettera din lekplats eller tr\u00e4dtillbeh\u00f6rsl\u00e5da med en fascinerande leksak?<\/span><\/p>\n<p class=\"a-spacing-base\"><span style=\"vertical-align: inherit;\">Vill du unna dina barn o\u00e4ndliga timmar av kl\u00e4ttring utomhus eller inomhus?<\/span><\/p>\n<p class=\"a-spacing-base\"><span style=\"vertical-align: inherit;\">Vad s\u00e4gs om en multifunktionell repkl\u00e4ttringsstege som ocks\u00e5 kan r\u00e4dda liv i n\u00f6dfall?<\/span><\/p>\n<p class=\"a-spacing-base\"><span style=\"vertical-align: inherit;\">Sp\u00e4nn dina barn med en f\u00e4ngslande kl\u00e4ttringsstege och hj\u00e4lp dem att f\u00e5 ut det mesta av sitt spel!<\/span><\/p>\n<p class=\"a-spacing-base\"><strong><span class=\"a-text-bold\"><span style=\"vertical-align: inherit;\">3 olika storlekar f\u00f6r alla dina behov<\/span><\/span><\/strong><\/p>\n<p class=\"a-spacing-base\"><span style=\"vertical-align: inherit;\">Till skillnad fr\u00e5n s\u00e4ljare av liknande produkter erbjuder vi dig tre olika repstegstorlekar. V\u00e4lj din.<\/span><\/p>\n<div class=\"amp-centerthirdcol-listbox\">\n<div class=\"a-box a-spacing-small a-color-alternate-background apm-listbox amp-centerthirdcol-listbox\">\n<div class=\"a-box-inner\">\n<ul class=\"a-unordered-list a-vertical\">\n<li style=\"text-align: left;\"><span class=\"a-list-item\"><span class=\"a-size-base\"><span style=\"vertical-align: inherit;\">Perfekt f\u00f6r att h\u00e4nga i en tr\u00e4dgren, en v\u00e5ningss\u00e4ng eller ett tr\u00e4dhus, det \u00e4r en leksak som sm\u00e5 barn aldrig blir uttr\u00e5kade av. L\u00e5t dem njuta till fullo under semestrar, helgresan eller g\u00e4rna spela hemma.<\/span><\/span><\/span><\/li>\n<li style=\"text-align: left;\"><span class=\"a-list-item\"><span class=\"a-size-base\"><span style=\"vertical-align: inherit;\">Killer 2500 &#8211; pund brottstyrka<\/span><\/span><\/span><\/li>\n<li style=\"text-align: left;\"><span class=\"a-list-item\"><span class=\"a-size-base\"><span style=\"vertical-align: inherit;\">H\u00e5llbar och gjord f\u00f6r att h\u00e5lla l\u00e5nga \u00e5r<\/span><\/span><\/span><\/li>\n<\/ul>\n<h3 class=\"a-color-secondary\"><span style=\"vertical-align: inherit;\">Vi vet att din familjs s\u00e4kerhet \u00e4r din h\u00f6gsta prioritet<\/span><\/h3>\n<p class=\"a-spacing-small a-size-small a-color-secondary\"><span style=\"vertical-align: inherit;\">Vi har gjort v\u00e5r repstege av det robustaste nylonrepet, f\u00f6rst\u00e4rkt med harts och kommer med EXTRA starka 11KN karbiner, f\u00f6r att g\u00f6ra din p\u00e5litliga flykt stege vid brand.<\/span><\/p>\n<p class=\"a-spacing-small a-size-small a-color-secondary\"><span style=\"vertical-align: inherit;\">H\u00e4ng det utanf\u00f6r f\u00f6nstret och hj\u00e4lp din familj att g\u00f6ra det s\u00e4kert till marken!<\/span><\/p>\n<\/div>\n<\/div>\n<\/div>\n<\/div>\n<\/div>\n<\/div>\n<\/div>\n","protected":false},"excerpt":{"rendered":"[embed]https:\/\/youtu.be\/KjVIK24EWWY[\/embed]\n<p class=\"mceTemp\" style=\"text-align: center;\"><span style=\"vertical-align: inherit;\">H\u00e4ngande rep med krokar f\u00f6r ton\u00e5ringar och vuxna &#8211; tr\u00e4ningsrepstege f\u00f6r gungupps\u00e4ttning och tr\u00e4dhus<\/span><\/p>\n<p style=\"text-align: center;\"><span style=\"vertical-align: inherit;\">GRATIS LEVERANS INOM 3-7 DAGAR<\/span><\/p>\n<h4 style=\"text-align: center;\"><strong><span style=\"vertical-align: inherit;\">K\u00d6P DET P\u00c5<\/span><\/strong><\/h4>\n<p><a href=\"https:\/\/www.amazon.se\/dp\/B07PLNSY5K?ref=myi_title_dp\"><img loading=\"lazy\" decoding=\"async\" class=\"aligncenter wp-image-1040 size-full\" src=\"https:\/\/isopllc.com\/se\/wp-content\/uploads\/sites\/10\/2020\/01\/amazon-button9.png\" alt=\"\" width=\"160\" height=\"59\" \/><\/a><\/p>\n<p>&nbsp;<\/p>\n","protected":false},"featured_media":4860,"comment_status":"open","ping_status":"closed","template":"","meta":[],"product_brand":[],"product_cat":[195,193,190],"product_tag":[164,44,175],"class_list":{"0":"post-1489","1":"product","2":"type-product","3":"status-publish","4":"has-post-thumbnail","6":"product_cat-brandutgangsstegar-3-vaningar","7":"product_cat-repstegar-brandutgang","8":"product_cat-vaggmonterade-stegar","9":"product_tag-klattring","10":"product_tag-sakerhetsstege","11":"product_tag-utomhusklattringstege","13":"first","14":"instock","15":"shipping-taxable","16":"purchasable","17":"product-type-simple"},"_links":{"self":[{"href":"https:\/\/isopllc.com\/se\/wp-json\/wp\/v2\/product\/1489","targetHints":{"allow":["GET"]}}],"collection":[{"href":"https:\/\/isopllc.com\/se\/wp-json\/wp\/v2\/product"}],"about":[{"href":"https:\/\/isopllc.com\/se\/wp-json\/wp\/v2\/types\/product"}],"replies":[{"embeddable":true,"href":"https:\/\/isopllc.com\/se\/wp-json\/wp\/v2\/comments?post=1489"}],"wp:featuredmedia":[{"embeddable":true,"href":"https:\/\/isopllc.com\/se\/wp-json\/wp\/v2\/media\/4860"}],"wp:attachment":[{"href":"https:\/\/isopllc.com\/se\/wp-json\/wp\/v2\/media?parent=1489"}],"wp:term":[{"taxonomy":"product_brand","embeddable":true,"href":"https:\/\/isopllc.com\/se\/wp-json\/wp\/v2\/product_brand?post=1489"},{"taxonomy":"product_cat","embeddable":true,"href":"https:\/\/isopllc.com\/se\/wp-json\/wp\/v2\/product_cat?post=1489"},{"taxonomy":"product_tag","embeddable":true,"href":"https:\/\/isopllc.com\/se\/wp-json\/wp\/v2\/product_tag?post=1489"}],"curies":[{"name":"wp","href":"https:\/\/api.w.org\/{rel}","templated":true}]}}