{"id":1496,"date":"2020-02-06T09:11:16","date_gmt":"2020-02-06T09:11:16","guid":{"rendered":"https:\/\/rightfoodonly.com\/?post_type=product&#038;p=1496"},"modified":"2025-07-01T03:52:32","modified_gmt":"2025-07-01T03:52:32","slug":"brandsaker-dokumentvaska-38-x-28-cm","status":"publish","type":"product","link":"https:\/\/isopllc.com\/se\/product\/brandsaker-dokumentvaska-38-x-28-cm\/","title":{"rendered":"Brands\u00e4ker dokumentv\u00e4ska 38 x 28 cm"},"content":{"rendered":"<div class=\"celwidget aplus-module module-11\">\n<div class=\"a-expander-collapsed-height a-row a-expander-container a-expander-partial-collapse-container\" data-a-expander-name=\"aplus-module-expander\" data-a-expander-collapsed-height=\"360\">\n<div class=\"a-expander-content a-expander-partial-collapse-content\">\n<div class=\"aplus-module-wrapper apm-spacing apm-floatnone\">\n<div class=\"apm-sidemodule aplus-module-content\">\n<div class=\"apm-hero-image\">\n<p><span style=\"vertical-align: inherit;\">Oroar du dig f\u00f6r vad som kan h\u00e4nda med dina dokument, pengar, pass eller andra v\u00e4rdesaker vid brand?<\/span><\/p>\n<\/div>\n<\/div>\n<div>\n<div class=\"celwidget aplus-module launchpad-brand-description-left\" data-cel-widget=\"aplus-launchpad-brand-description-left\">\n<div class=\"a-section a-spacing-top-mini launchpad-module launchpad-module-brand-description-left\">\n<div class=\"a-section launchpad-text-left-justify\">\n<p><span style=\"vertical-align: inherit;\">V\u00e5r brands\u00e4kra dokumentp\u00e5se kan skydda allt fr\u00e5n brandskador. Den \u00e4r gjord av h\u00f6gkvalitativt silikonglasfibermaterial som t\u00e5l upp till 1832 \u00b0 F. Det extra skyddet i den brandbest\u00e4ndiga pengarp\u00e5sen s\u00e4kerst\u00e4ller att dina v\u00e4rdesaker \u00e4r helt skyddade, vilket g\u00f6r att du beh\u00e5ller sinnesfriden.<\/span><\/p>\n<h4 class=\"a-spacing-mini\"><span style=\"vertical-align: inherit;\">EXTREM BRANDSKYDD<\/span><\/h4>\n<p class=\"a-size-small\"><span style=\"vertical-align: inherit;\">L\u00e5t inte eld f\u00e5nga dig ur vakt &#8211; b\u00e4ttre \u00e4n s\u00e4kert. Den brands\u00e4kra v\u00e4skan h\u00e5ller dina v\u00e4rdesaker s\u00e4kra och sunda, t\u00e5l temperaturer upp till 550 \u00b0 C! P\u00e5 38 x 28 cm \u00e4r det den perfekta storleken f\u00f6r att lagra dina pengar, smycken, kreditkort, ID, pass, viktiga dokument och mer.<\/span><\/p>\n<p><img decoding=\"async\" class=\"alignleft\" style=\"font-weight: bold; text-align: center;\" src=\"https:\/\/m.media-amazon.com\/images\/S\/aplus-media\/sc\/3e67dcec-29c9-4420-bc36-23edbba1d052.__CR0,0,500,500_PT0_SX220_V1___.jpg\" alt=\"isop brandfall\" data-src=\"https:\/\/m.media-amazon.com\/images\/S\/aplus-media\/sc\/3e67dcec-29c9-4420-bc36-23edbba1d052.__CR0,0,500,500_PT0_SX220_V1___.jpg\" data- title=\"\"><\/p>\n<h4 class=\"a-spacing-mini\"><span style=\"vertical-align: inherit;\">H\u00c5LL DIN V\u00c4RDVARA S\u00c4KER OCH S\u00c4KERHET<\/span><\/h4>\n<p class=\"a-size-small\"><span style=\"vertical-align: inherit;\">V\u00e5r v\u00e4ska som ocks\u00e5 \u00e4r vattent\u00e4t det perfekta s\u00e4ttet att h\u00e5lla v\u00e4rdesaker s\u00e4kra och fria fr\u00e5n skador av alla slag. Du kan lagra vad som helst \u00e4r v\u00e5r dokumentp\u00e5se fr\u00e5n viktigt pappersarbete, kontanter, juvelerare, batterier eller n\u00e5got med h\u00f6gt v\u00e4rde och betydelse.<\/span><\/p>\n<h4><img decoding=\"async\" class=\"alignleft\" src=\"https:\/\/m.media-amazon.com\/images\/S\/aplus-media\/sc\/ab3ce7c8-8b20-4836-be6b-c68c346f8fc5.__CR0,0,500,500_PT0_SX220_V1___.jpg\" alt=\"pengar p\u00e5se\" data-src=\"https:\/\/m.media-amazon.com\/images\/S\/aplus-media\/sc\/ab3ce7c8-8b20-4836-be6b-c68c346f8fc5.__CR0,0,500,500_PT0_SX220_V1___.jpg\" data- title=\"\"><\/h4>\n<h4 class=\"a-spacing-mini\"><span style=\"vertical-align: inherit;\">IKKE-KL\u00d6D &amp; DUBBELSKYDDSSKYDD<\/span><\/h4>\n<p class=\"a-size-small\"><span style=\"vertical-align: inherit;\">V\u00e5ra brands\u00e4kra dokumentp\u00e5sar har aluminiumbelagt fiberglas (insida) och silikonlimglasfiber (utsida) f\u00f6r att ge dubbelskiktsskydd, precis som brands\u00e4kert.<\/span><\/p>\n<h4><img decoding=\"async\" class=\"alignleft\" src=\"https:\/\/m.media-amazon.com\/images\/S\/aplus-media\/sc\/61a07ae1-9b7a-448f-844e-b7fd1b6a421e.__CR0,0,500,500_PT0_SX220_V1___.jpg\" alt=\"brands\u00e4ker\" data-src=\"https:\/\/m.media-amazon.com\/images\/S\/aplus-media\/sc\/61a07ae1-9b7a-448f-844e-b7fd1b6a421e.__CR0,0,500,500_PT0_SX220_V1___.jpg\" data- title=\"\"><\/h4>\n<h4 class=\"a-spacing-mini\"><span style=\"vertical-align: inherit;\">Ett m\u00e5ste ha hemma<\/span><\/h4>\n<p class=\"a-size-small\"><span style=\"vertical-align: inherit;\">Att kombinera en brands\u00e4ker p\u00e5se och en SAFE BOX tillsammans \u00e4r den b\u00e4sta l\u00f6sningen f\u00f6r att erbjuda dina dokument och v\u00e4rdesaker ett fullst\u00e4ndigt skydd vid varje brandolycka, eller papper kan fortfarande bli kolsyrat i alla brandbest\u00e4ndiga material efter omfattande exponering f\u00f6r h\u00f6g temperatur.<\/span><\/p>\n<\/div>\n<\/div>\n<\/div>\n<\/div>\n<\/div>\n<\/div>\n<\/div>\n<p><img decoding=\"async\" class=\"alignleft\" style=\"font-weight: bold; text-align: center;\" src=\"https:\/\/m.media-amazon.com\/images\/S\/aplus-media\/sc\/baca919d-3e50-4f02-921f-615055d5b3e9.__CR0,0,500,500_PT0_SX220_V1___.jpg\" alt=\"brand- \/ vattent\u00e5ligt fodral\" data-src=\"https:\/\/m.media-amazon.com\/images\/S\/aplus-media\/sc\/baca919d-3e50-4f02-921f-615055d5b3e9.__CR0,0,500,500_PT0_SX220_V1___.jpg\" data- title=\"\"><\/p>\n<div class=\"a-expander-collapsed-height a-row a-expander-container a-expander-partial-collapse-container\" data-a-expander-name=\"aplus-module-expander\" data-a-expander-collapsed-height=\"360\">\n<div class=\"a-expander-content a-expander-partial-collapse-content\">\n<div class=\"aplus-module-wrapper apm-spacing apm-floatnone\">\n<div class=\"celwidget aplus-module module-4\" data-cel-widget=\"aplus-module-4\">\n<div class=\"a-expander-collapsed-height a-row a-expander-container a-expander-partial-collapse-container\" data-a-expander-name=\"aplus-module-expander\" data-a-expander-collapsed-height=\"700\">\n<div class=\"a-expander-content a-expander-partial-collapse-content\">\n<div class=\"aplus-module-wrapper\">\n<div class=\"apm-spacing\">\n<div class=\"apm-floatleft apm-fixed-width\">\n<div class=\"a-spacing-extra-large\">\n<div class=\"apm-spacing\"><\/div>\n<\/div>\n<\/div>\n<\/div>\n<\/div>\n<\/div>\n<\/div>\n<\/div>\n<\/div>\n<\/div>\n<\/div>\n<\/div>\n<div class=\"celwidget aplus-module module-9\">\n<div class=\"a-expander-collapsed-height a-row a-expander-container a-expander-partial-collapse-container\" data-a-expander-name=\"aplus-module-expander\" data-a-expander-collapsed-height=\"700\">\n<div class=\"a-expander-content a-expander-partial-collapse-content\">\n<div class=\"aplus-module-wrapper\">\n<div class=\"apm-spacing apm-fixed-width\"><\/div>\n<\/div>\n<\/div>\n<\/div>\n<\/div>\n<p style=\"text-align: left;\">\n","protected":false},"excerpt":{"rendered":"<div id=\"title_feature_div\" class=\"celwidget\" data-feature-name=\"title\" data-csa-c-type=\"widget\" data-csa-c-content-id=\"title\" data-csa-c-slot-id=\"title_feature_div\" data-csa-c-asin=\"B07QDGFVYJ\" data-csa-c-is-in-initial-active-row=\"false\" data-csa-c-id=\"2zaxf5-fvhkr5-yf2qou-o8xwpm\" data-cel-widget=\"title_feature_div\">\n<div id=\"titleSection\" class=\"a-section a-spacing-none\">\n<p id=\"title\" class=\"a-size-large a-spacing-none\" style=\"text-align: center;\"><span id=\"productTitle\" class=\"a-size-large product-title-word-break\">Brands\u00e4kra Pengars\u00e4kra Dokumentv\u00e4ska 15 &#8221;x 11&#8221; (37\/27 cm) Icke-Kliande Silikonbelagd Brands\u00e4ker Vattent\u00e4t Pengarp\u00e5se S\u00e4ker F\u00f6rvaring f\u00f6r Pengar | Dokument | Smycken och Pass<\/span><span id=\"titleEDPPlaceHolder\"><\/span><\/p>\n<\/div>\n<\/div>\n<div id=\"bylineInfo_feature_div\" class=\"celwidget\" data-feature-name=\"bylineInfo\" data-csa-c-type=\"widget\" data-csa-c-content-id=\"bylineInfo\" data-csa-c-slot-id=\"bylineInfo_feature_div\" data-csa-c-asin=\"B07QDGFVYJ\" data-csa-c-is-in-initial-active-row=\"false\" data-csa-c-id=\"vcwsz9-qfl2mv-mw7cvv-y01p1u\" data-cel-widget=\"bylineInfo_feature_div\"><\/div>\n<p style=\"text-align: center;\"><span style=\"vertical-align: inherit;\">GRATIS LEVERANS INOM 3-7 DAGAR<\/span><\/p>\n<h4 style=\"text-align: center;\"><strong><span style=\"vertical-align: inherit;\">K\u00d6P DET P\u00c5<\/span><\/strong><\/h4>\n<p><a href=\"https:\/\/www.amazon.se\/dp\/B07QDGFVYJ\/ref=sr_1_1?dchild=1&amp;keywords=Brands%C3%A4kra%20Pengars%C3%A4kra%20Dokumentv%C3%A4ska&amp;qid=1628691921&amp;sr=8-1&amp;th=1\"><img loading=\"lazy\" decoding=\"async\" class=\"aligncenter wp-image-1040 size-full\" src=\"https:\/\/isopllc.com\/se\/wp-content\/uploads\/sites\/10\/2020\/01\/amazon-button9.png\" alt=\"\" width=\"160\" height=\"59\" \/><\/a><\/p>\n<p>&nbsp;<\/p>\n","protected":false},"featured_media":4274,"comment_status":"open","ping_status":"closed","template":"","meta":[],"product_brand":[],"product_cat":[183],"product_tag":[55,57,56],"class_list":{"0":"post-1496","1":"product","2":"type-product","3":"status-publish","4":"has-post-thumbnail","6":"product_cat-raddnings-och-overlevnadsset","7":"product_tag-brandsaker-dokumentvaska","8":"product_tag-dokumentforvaring","9":"product_tag-sakerhetsvaska","11":"first","12":"instock","13":"shipping-taxable","14":"purchasable","15":"product-type-simple"},"_links":{"self":[{"href":"https:\/\/isopllc.com\/se\/wp-json\/wp\/v2\/product\/1496","targetHints":{"allow":["GET"]}}],"collection":[{"href":"https:\/\/isopllc.com\/se\/wp-json\/wp\/v2\/product"}],"about":[{"href":"https:\/\/isopllc.com\/se\/wp-json\/wp\/v2\/types\/product"}],"replies":[{"embeddable":true,"href":"https:\/\/isopllc.com\/se\/wp-json\/wp\/v2\/comments?post=1496"}],"wp:featuredmedia":[{"embeddable":true,"href":"https:\/\/isopllc.com\/se\/wp-json\/wp\/v2\/media\/4274"}],"wp:attachment":[{"href":"https:\/\/isopllc.com\/se\/wp-json\/wp\/v2\/media?parent=1496"}],"wp:term":[{"taxonomy":"product_brand","embeddable":true,"href":"https:\/\/isopllc.com\/se\/wp-json\/wp\/v2\/product_brand?post=1496"},{"taxonomy":"product_cat","embeddable":true,"href":"https:\/\/isopllc.com\/se\/wp-json\/wp\/v2\/product_cat?post=1496"},{"taxonomy":"product_tag","embeddable":true,"href":"https:\/\/isopllc.com\/se\/wp-json\/wp\/v2\/product_tag?post=1496"}],"curies":[{"name":"wp","href":"https:\/\/api.w.org\/{rel}","templated":true}]}}