{"id":1501,"date":"2020-02-06T09:38:13","date_gmt":"2020-02-06T09:38:13","guid":{"rendered":"https:\/\/rightfoodonly.com\/?post_type=product&#038;p=1501"},"modified":"2025-07-01T03:52:03","modified_gmt":"2025-07-01T03:52:03","slug":"sakerhetsbalte-med-hoftkudde-snodd-ingar","status":"publish","type":"product","link":"https:\/\/isopllc.com\/se\/product\/sakerhetsbalte-med-hoftkudde-snodd-ingar\/","title":{"rendered":"S\u00e4kerhetsb\u00e4lte med h\u00f6ftkudde &#8211; snodd ing\u00e5r"},"content":{"rendered":"<div class=\"celwidget aplus-module module-9\" data-cel-widget=\"aplus-module-9\">\n<div class=\"a-expander-collapsed-height a-row a-expander-container a-expander-partial-collapse-container\" data-a-expander-name=\"aplus-module-expander\" data-a-expander-collapsed-height=\"700\">\n<div class=\"a-expander-content a-expander-partial-collapse-content\">\n<div class=\"aplus-module-wrapper\">\n<div class=\"apm-spacing apm-fixed-width\">\n<ul class=\"a-unordered-list a-vertical\">\n<li><span class=\"a-list-item\"><span style=\"vertical-align: inherit;\">S\u00c4KER &amp; P\u00c5LITLIG: V\u00e5ra kl\u00e4tterb\u00e4lten och -sele \u00e4r gjorda f\u00f6r att ge dig ett enkelt och s\u00e4kert s\u00e4tt att st\u00e4nga medan du \u00e4r bekv\u00e4m. Den \u00e4r utformad med ett skjutb\u00e4lte p\u00e5 komfortdynan som g\u00f6r att du enkelt kan justera selen. Vi har ocks\u00e5 inkluderat ett slitstarkt rep tillsammans med en karbinhake f\u00f6r att se till att du har allt du beh\u00f6ver.<\/span><\/span><\/li>\n<li><span class=\"a-list-item\"><span style=\"vertical-align: inherit;\">T\u00c5LBAR OCH T\u00c5LNING: Ett s\u00e4kerhetsb\u00e4lte \u00e4r en viktig personlig skyddsutrustningss\u00e4kerhet, varf\u00f6r vi bara anv\u00e4nder den robustaste och polyesterkonstruktionen f\u00f6r att ge dig ett b\u00e4ltesele och repset du kan lita p\u00e5. Den erbjuder h\u00f6g dragh\u00e5llfasthet, n\u00f6tningsbest\u00e4ndighet och l\u00e5g friktionskoefficient s\u00e5 att du kan anv\u00e4nda den med ditt sinne och lugn utan att oroa dig.<\/span><\/span><\/li>\n<li><span class=\"a-list-item\"><span style=\"vertical-align: inherit;\">KOMFORTABEL &amp; MULTI M\u00c5L: Detta s\u00e4kerhetsb\u00e4lte f\u00f6r konstruktion och kl\u00e4ttring ger h\u00f6g luftgenomsl\u00e4pplighet och absorberar svett f\u00f6r att f\u00f6rhindra uppbyggnad och se till att du h\u00e5ller dig bekv\u00e4m hela tiden. V\u00e5rt s\u00e4kerhetsb\u00e4lte h\u00e5ller dig bekv\u00e4mt placerad p\u00e5 en specifik plats, vilket g\u00f6r det perfekt f\u00f6r armeringsbindning, tornunderh\u00e5ll, stigning, tr\u00e4dsk\u00e4rning och mer.<\/span><\/span><\/li>\n<li><span class=\"a-list-item\"><span style=\"vertical-align: inherit;\">LETTVIKT &amp; KOMPAKT: Tack vare den kompakta designen och den l\u00e4tta men \u00e4nd\u00e5 robusta konstruktionen \u00e4r den l\u00e4tt att anv\u00e4nda p\u00e5 spr\u00e5ng och lika l\u00e4tt att resa med. Den har 2 D-ringar i standardstorlek och levereras med ett extra l\u00e5ngt rep. Det kan passa perfekt i midjan. OBS! Detta b\u00e4lte ska inte anv\u00e4ndas f\u00f6r fallskydd. 100% RISKFRI INK\u00d6P: Vi g\u00f6r kundn\u00f6jdhet v\u00e5r h\u00f6gsta prioritet, har alltid varit och kommer alltid att vara.<\/span><\/span><\/li>\n<\/ul>\n<p><img decoding=\"async\" class=\"aligncenter\" src=\"https:\/\/m.media-amazon.com\/images\/S\/aplus-media\/sc\/b2ce0b46-0c95-4365-8c61-a5fd05505e58.__CR0,0,970,300_PT0_SX970_V1___.jpg\" alt=\"b\u00e4ltesele\" data-src=\"https:\/\/m.media-amazon.com\/images\/S\/aplus-media\/sc\/b2ce0b46-0c95-4365-8c61-a5fd05505e58.__CR0,0,970,300_PT0_SX970_V1___.jpg\" data- title=\"\"><\/p>\n<\/div>\n<\/div>\n<\/div>\n<\/div>\n<\/div>\n<div class=\"celwidget aplus-module module-12\" data-cel-widget=\"aplus-module-12\">\n<div class=\"a-expander-collapsed-height a-row a-expander-container a-expander-partial-collapse-container\" data-a-expander-name=\"aplus-module-expander\" data-a-expander-collapsed-height=\"360\">\n<div class=\"a-expander-content a-expander-partial-collapse-content\">\n<div class=\"aplus-module-wrapper apm-spacing apm-floatnone\">\n<div class=\"apm-sidemodule aplus-module-content\">\n<div>\n<p>&nbsp;<\/p>\n<p><strong><span style=\"vertical-align: inherit;\">Manliga kvinnliga sp\u00e4nnen har visat sig vara de mest p\u00e5litliga enligt testerna, och v\u00e5rt b\u00e4lte har exakt s\u00e5dana sp\u00e4nnen.<\/span><\/strong><\/p>\n<p><span style=\"vertical-align: inherit;\">Detta s\u00e4kerhetsb\u00e4lte med h\u00f6ftkudde \u00e4r utformat f\u00f6r komfort och r\u00f6rlighet och ger dig det extra st\u00f6d du beh\u00f6ver f\u00f6r att h\u00e5lla dig balanserad, korrekt placerad och s\u00e4ker n\u00e4r du kl\u00e4ttrar i tr\u00e4d, v\u00e4ggar, torn och allt annat du kan t\u00e4nka dig.<\/span><\/p>\n<p><img decoding=\"async\" class=\"a-spacing-mini alignnone\" src=\"https:\/\/m.media-amazon.com\/images\/S\/aplus-media\/sc\/6b5ed3be-3169-498d-8a48-7bcb444b3d08.__CR156,0,757,757_PT0_SX300_V1___.jpg\" alt=\"b\u00e4lte\" data-src=\"https:\/\/m.media-amazon.com\/images\/S\/aplus-media\/sc\/6b5ed3be-3169-498d-8a48-7bcb444b3d08.__CR156,0,757,757_PT0_SX300_V1___.jpg\" data- title=\"\"><\/p>\n<\/div>\n<p><span style=\"vertical-align: inherit;\">V\u00e5rt arbetspositioneringsb\u00e4lte slitstarka och robusta material som ger n\u00f6tningsbest\u00e4ndighet f\u00f6r att ge dig l\u00e5ngvarig anv\u00e4ndning och kommer med en h\u00e5rd dragh\u00e5llfasthet f\u00f6r att se till att du har allt du beh\u00f6ver f\u00f6r att b\u00f6rja kl\u00e4ttra s\u00e4kert och bekv\u00e4mt.<\/span><\/p>\n<p><span style=\"vertical-align: inherit;\">Det h\u00e5ller dig stabil medan du arbetar n\u00e4r du \u00e4r ansluten till en f\u00f6rankring vilket g\u00f6r det till ett m\u00e5ste f\u00f6r operat\u00f6rer som vill h\u00e5lla h\u00e4nderna fria f\u00f6r att fokusera p\u00e5 sitt arbete.<\/span><\/p>\n<p><img decoding=\"async\" class=\"a-spacing-mini alignnone\" src=\"https:\/\/m.media-amazon.com\/images\/S\/aplus-media\/sc\/3386ce1c-29a5-4d6b-af25-4282239f51fa.__CR0,272,844,844_PT0_SX300_V1___.jpg\" alt=\"sp\u00e4nne\" data-src=\"https:\/\/m.media-amazon.com\/images\/S\/aplus-media\/sc\/3386ce1c-29a5-4d6b-af25-4282239f51fa.__CR0,272,844,844_PT0_SX300_V1___.jpg\" data- title=\"\"><\/p>\n<p><span style=\"vertical-align: inherit;\">D-ringarna \u00e4r korrosionsbest\u00e4ndiga f\u00f6r att st\u00e5 upp mot elementen och erbjuder snabba och s\u00e4kra anslutningar.<\/span><\/p>\n<p><span style=\"vertical-align: inherit;\">Den \u00e4r l\u00e4tt s\u00e5 att du inte beh\u00f6ver oroa dig f\u00f6r att vara bunden och anv\u00e4nder en h\u00f6ftkudde f\u00f6r att erbjuda l\u00e4ndryggsst\u00f6d f\u00f6r att h\u00e5lla dig bekv\u00e4m.<\/span><\/p>\n<p><span style=\"vertical-align: inherit;\">Av ISOP<\/span><\/p>\n<p><img decoding=\"async\" class=\"a-spacing-mini alignnone\" src=\"https:\/\/m.media-amazon.com\/images\/S\/aplus-media\/sc\/48683017-f394-4df8-9f43-3ae7c6163f2c.__CR0,0,1200,1200_PT0_SX300_V1___.jpg\" alt=\"b\u00e4lte\" data-src=\"https:\/\/m.media-amazon.com\/images\/S\/aplus-media\/sc\/48683017-f394-4df8-9f43-3ae7c6163f2c.__CR0,0,1200,1200_PT0_SX300_V1___.jpg\" data- title=\"\"><\/p>\n<\/div>\n<\/div>\n<\/div>\n<\/div>\n<\/div>\n","protected":false},"excerpt":{"rendered":"<p style=\"text-align: center;\"><span style=\"vertical-align: inherit;\">Kl\u00e4ttringsskydd f\u00f6r kroppspositionering &#8211; B\u00e4rbar personlig skyddsutrustning<\/span><\/p>\n<p style=\"text-align: center;\"><span style=\"vertical-align: inherit;\">GRATIS LEVERANS INOM 3-7 DAGAR<\/span><\/p>\n<h4 style=\"text-align: center;\"><strong><span style=\"vertical-align: inherit;\">K\u00d6P DET P\u00c5<\/span><\/strong><\/h4>\n<p><img loading=\"lazy\" decoding=\"async\" class=\"size-full wp-image-4355 aligncenter\" src=\"https:\/\/isopllc.com\/usa\/wp-content\/uploads\/sites\/4\/2021\/02\/Screen-Shot-2021-02-25-at-9.02.05-AM-e1614264101310.jpg\" alt=\"\" width=\"120\" height=\"120\" \/><\/p>\n<p style=\"text-align: center;\"><span style=\"vertical-align: inherit;\">Om du k\u00f6per v\u00e5r produkt p\u00e5 en av marknadsplatserna och l\u00e4mnar din \u00e4rliga recension kan du komma tillbaka hit och kontakta oss och f\u00e5 en FANTASTISK anv\u00e4ndbar f\u00f6r din produktg\u00e5va!<\/span><\/p>\n<p><a href=\"https:\/\/www.amazon.se\/dp\/B07LB3PD99\/ref=sr_1_1?dchild=1&amp;keywords=S%C3%A4kerhetsb%C3%A4lte%20med%20H%C3%B6ftpolstring&amp;qid=1628691132&amp;sr=8-1&amp;th=1\"><img loading=\"lazy\" decoding=\"async\" class=\"wp-image-1040 size-full aligncenter\" src=\"https:\/\/rightfoodonly.com\/wp-content\/uploads\/amazon-button9.png\" alt=\"\" width=\"160\" height=\"59\" \/><\/a><\/p>\n<p>&nbsp;<\/p>\n","protected":false},"featured_media":4273,"comment_status":"open","ping_status":"closed","template":"","meta":[],"product_brand":[],"product_cat":[187],"product_tag":[153,66,34,48],"class_list":{"0":"post-1501","1":"product","2":"type-product","3":"status-publish","4":"has-post-thumbnail","6":"product_cat-tillbehor-till-brandstegar","7":"product_tag-hoftkudde","8":"product_tag-sakerhetsbalte","9":"product_tag-sakerhetsutrustning","10":"product_tag-snodd","12":"first","13":"instock","14":"shipping-taxable","15":"purchasable","16":"product-type-simple"},"_links":{"self":[{"href":"https:\/\/isopllc.com\/se\/wp-json\/wp\/v2\/product\/1501","targetHints":{"allow":["GET"]}}],"collection":[{"href":"https:\/\/isopllc.com\/se\/wp-json\/wp\/v2\/product"}],"about":[{"href":"https:\/\/isopllc.com\/se\/wp-json\/wp\/v2\/types\/product"}],"replies":[{"embeddable":true,"href":"https:\/\/isopllc.com\/se\/wp-json\/wp\/v2\/comments?post=1501"}],"wp:featuredmedia":[{"embeddable":true,"href":"https:\/\/isopllc.com\/se\/wp-json\/wp\/v2\/media\/4273"}],"wp:attachment":[{"href":"https:\/\/isopllc.com\/se\/wp-json\/wp\/v2\/media?parent=1501"}],"wp:term":[{"taxonomy":"product_brand","embeddable":true,"href":"https:\/\/isopllc.com\/se\/wp-json\/wp\/v2\/product_brand?post=1501"},{"taxonomy":"product_cat","embeddable":true,"href":"https:\/\/isopllc.com\/se\/wp-json\/wp\/v2\/product_cat?post=1501"},{"taxonomy":"product_tag","embeddable":true,"href":"https:\/\/isopllc.com\/se\/wp-json\/wp\/v2\/product_tag?post=1501"}],"curies":[{"name":"wp","href":"https:\/\/api.w.org\/{rel}","templated":true}]}}