{"id":1503,"date":"2020-02-06T09:44:25","date_gmt":"2020-02-06T09:44:25","guid":{"rendered":"https:\/\/rightfoodonly.com\/?post_type=product&#038;p=1503"},"modified":"2025-07-01T03:51:52","modified_gmt":"2025-07-01T03:51:52","slug":"bergsklattringssele-med-snodd","status":"publish","type":"product","link":"https:\/\/isopllc.com\/se\/product\/bergsklattringssele-med-snodd\/","title":{"rendered":"Bergskl\u00e4ttringssele med snodd"},"content":{"rendered":"<div class=\"celwidget aplus-module module-9\" data-cel-widget=\"aplus-module-9\">\n<div class=\"a-expander-collapsed-height a-row a-expander-container a-expander-partial-collapse-container\" data-a-expander-name=\"aplus-module-expander\" data-a-expander-collapsed-height=\"700\">\n<div class=\"a-expander-content a-expander-partial-collapse-content\">\n<div class=\"aplus-module-wrapper\">\n<div class=\"apm-spacing apm-fixed-width\">\n<ul class=\"a-unordered-list a-vertical\">\n<li><span class=\"a-list-item\"><span style=\"vertical-align: inherit;\">VAD DU BEH\u00d6VER: Om du \u00e4r ett fan av utomhus\u00e4ventyren som involverar kl\u00e4ttring, vet du s\u00e4kert hur viktigt det \u00e4r att ha en sele av h\u00f6gsta kvalitet som h\u00e5ller dig s\u00e4ker hela tiden. F\u00f6r det erbjuder vi den perfekta l\u00f6sningen!<\/span><\/span><\/li>\n<li><span class=\"a-list-item\"><span style=\"vertical-align: inherit;\">PREMIUMKVALITET: Denna bergskl\u00e4ttringssele \u00e4r gjord av \u00f6verl\u00e4gsen kvalitet, extra resistent polyesterfiber, ett speciellt material som garanterat t\u00e5l tidens test.<\/span><\/span><\/li>\n<li><span class=\"a-list-item\"><span style=\"vertical-align: inherit;\">MULTIPURPOSE: Oavsett om du gillar bergskl\u00e4ttring, tr\u00e4dkl\u00e4ttring, inomhuskl\u00e4ttring, bergskl\u00e4ttring eller om du arbetar med brandr\u00e4ddning, \u00e4r den h\u00e4r s\u00e4kerhetsv\u00e4skan i midjev\u00e4ska definitivt r\u00e4tt val!<\/span><\/span><\/li>\n<li><span class=\"a-list-item\"><span style=\"vertical-align: inherit;\">ANV\u00c4NDARV\u00c4NLIG DESIGN: Denna herr- och damkl\u00e4ttringssele f\u00f6r midjan kommer med praktiska st\u00f6td\u00e4mpare och etikettskydd, vilket g\u00f6r inspektionen enklare, medan de slitsade br\u00f6st- och benremmarna f\u00e4sts utan att vridas f\u00f6r din egen komfort.<\/span><\/span><\/li>\n<li><span class=\"a-list-item\"><span style=\"vertical-align: inherit;\">PERFEKT G\u00c5VA: Best\u00e4ll denna kl\u00e4ttringssele \u00e5t dig sj\u00e4lv eller som en tankev\u00e4ckande g\u00e5va till en \u00e4ventyrsentusiastv\u00e4n, och du kan vara s\u00e4ker p\u00e5 att vinna deras uppskattning! Denna midjesele \u00e4r l\u00e4tt och ergonomisk och \u00e4r l\u00e4tt att b\u00e4ra i vilken ryggs\u00e4ck som helst f\u00f6r den ultimata kl\u00e4ttringsupplevelsen!<\/span><\/span><\/li>\n<\/ul>\n<p><img decoding=\"async\" class=\"aligncenter\" src=\"https:\/\/m.media-amazon.com\/images\/S\/aplus-media\/sc\/b2ce0b46-0c95-4365-8c61-a5fd05505e58.__CR0,0,970,300_PT0_SX970_V1___.jpg\" alt=\"b\u00e4ltesele\" data-src=\"https:\/\/m.media-amazon.com\/images\/S\/aplus-media\/sc\/b2ce0b46-0c95-4365-8c61-a5fd05505e58.__CR0,0,970,300_PT0_SX970_V1___.jpg\" data- title=\"\"><\/p>\n<\/div>\n<\/div>\n<\/div>\n<\/div>\n<\/div>\n<div class=\"celwidget aplus-module module-12\" data-cel-widget=\"aplus-module-12\">\n<div class=\"a-expander-collapsed-height a-row a-expander-container a-expander-partial-collapse-container\" data-a-expander-name=\"aplus-module-expander\" data-a-expander-collapsed-height=\"360\">\n<div class=\"a-expander-content a-expander-partial-collapse-content\">\n<div class=\"aplus-module-wrapper apm-spacing apm-floatnone\">\n<div class=\"apm-sidemodule aplus-module-content\">\n<div>\n<p>&nbsp;<\/p>\n<\/div>\n<h4 class=\"a-spacing-mini\"><span style=\"vertical-align: inherit;\">En professionell kl\u00e4ttringssele<\/span><\/h4>\n<p><span style=\"vertical-align: inherit;\">\u00e4r definitivt ett m\u00e5ste i varje sj\u00e4lvrespekterande \u00e4ventyrares ryggs\u00e4ck, eftersom det \u00e4r det enda s\u00e4ttet att skydda honom fr\u00e5n o\u00f6nskade olyckor eller eventuella tragedier.<\/span><\/p>\n<p><span style=\"vertical-align: inherit;\">N\u00e4r det g\u00e4ller h\u00f6gsta kvalitet\u00a0 <\/span><span class=\"a-text-bold\"><span style=\"vertical-align: inherit;\">kl\u00e4ttring tillbeh\u00f6r<\/span><\/span><span style=\"vertical-align: inherit;\"> har ISOP exakt vad du s\u00f6ker!<\/span><\/p>\n<p><img decoding=\"async\" class=\"a-spacing-mini alignleft\" src=\"https:\/\/m.media-amazon.com\/images\/S\/aplus-media\/sc\/5cecf7a8-3de2-4f74-b1f6-6555a4dd07b0.__CR58,0,800,800_PT0_SX300_V1___.jpg\" alt=\"b\u00e4lte\" data-src=\"https:\/\/m.media-amazon.com\/images\/S\/aplus-media\/sc\/5cecf7a8-3de2-4f74-b1f6-6555a4dd07b0.__CR58,0,800,800_PT0_SX300_V1___.jpg\" data- title=\"\"><\/p>\n<h4 class=\"a-spacing-mini\"><span style=\"vertical-align: inherit;\">Varf\u00f6r \u00e4r den h\u00e4r produkten \u00e5t dig?<\/span><\/h4>\n<p><span style=\"vertical-align: inherit;\">Detta halvkroppss\u00e4kerhetss\u00e4kringsfallskydd har en extra robust design och \u00e4r gjord med tanke p\u00e5 din komfort.<\/span><\/p>\n<p><span style=\"vertical-align: inherit;\">De justerbara remmarna ger en perfekt passform f\u00f6r denna fria storlek sele, medan den h\u00e5llbara fibern kommer att se till att du har r\u00e4tt st\u00f6d i alla typer av kl\u00e4ttringssituationer!<\/span><\/p>\n<p><img decoding=\"async\" class=\"a-spacing-mini alignleft\" src=\"https:\/\/m.media-amazon.com\/images\/S\/aplus-media\/sc\/3386ce1c-29a5-4d6b-af25-4282239f51fa.__CR0,272,844,844_PT0_SX300_V1___.jpg\" alt=\"sp\u00e4nne\" data-src=\"https:\/\/m.media-amazon.com\/images\/S\/aplus-media\/sc\/3386ce1c-29a5-4d6b-af25-4282239f51fa.__CR0,272,844,844_PT0_SX300_V1___.jpg\" data- title=\"\"><\/p>\n<h4 class=\"a-spacing-mini\"><span style=\"vertical-align: inherit;\">N\u00e5gra av de fantastiska funktionerna i denna produkt:<\/span><\/h4>\n<p><span style=\"vertical-align: inherit;\">Multipurpose, kan anv\u00e4ndas f\u00f6r bergskl\u00e4ttring, tr\u00e4dkl\u00e4ttring, brandr\u00e4ddning, inomhuskl\u00e4ttring etc;<\/span><\/p>\n<p><span style=\"vertical-align: inherit;\">H\u00f6gkvalitativ polyesterfiber, extra slitstark;<\/span><\/p>\n<p><span style=\"vertical-align: inherit;\">Justerbara remmar med glidande D-ring;<\/span><\/p>\n<p><span style=\"vertical-align: inherit;\">Slitsade sp\u00e4nnen p\u00e5 br\u00f6stet och benremmarna f\u00e4sts utan att vridas;<\/span><\/p>\n<p><span style=\"vertical-align: inherit;\">Slagindikatorer och etikettskydd;<\/span><\/p>\n<p><span style=\"vertical-align: inherit;\">H\u00f6g belastning;<\/span><\/p>\n<p><span style=\"vertical-align: inherit;\">Perfekt f\u00f6r nyb\u00f6rjare och avancerade kl\u00e4ttrare.<\/span><\/p>\n<p><img decoding=\"async\" class=\"a-spacing-mini alignleft\" src=\"https:\/\/m.media-amazon.com\/images\/S\/aplus-media\/sc\/5b476adf-5ab9-429d-b42c-b266152668d2.__CR0,0,1362,1362_PT0_SX300_V1___.jpg\" alt=\"b\u00e4lte\" data-src=\"https:\/\/m.media-amazon.com\/images\/S\/aplus-media\/sc\/5b476adf-5ab9-429d-b42c-b266152668d2.__CR0,0,1362,1362_PT0_SX300_V1___.jpg\" data- title=\"\"><\/p>\n<\/div>\n<\/div>\n<\/div>\n<\/div>\n<\/div>\n","protected":false},"excerpt":{"rendered":"<p style=\"text-align: center;\"><span style=\"vertical-align: inherit;\">Tr\u00e4dkl\u00e4ttring, utomhusaktiviteter, tr\u00e4ning &#8211; Slitstarkt material av h\u00f6gsta kvalitet &#8211; Justerbar glidande D-ring &#8211; Slitsade sp\u00e4nnen<\/span><\/p>\n<p style=\"text-align: center;\"><span style=\"vertical-align: inherit;\">GRATIS LEVERANS INOM 3-7 DAGAR<\/span><\/p>\n<h4 style=\"text-align: center;\"><strong><span style=\"vertical-align: inherit;\">K\u00d6P DET P\u00c5<\/span><\/strong><\/h4>\n<p><img loading=\"lazy\" decoding=\"async\" class=\"size-full wp-image-4355 aligncenter\" src=\"https:\/\/isopllc.com\/usa\/wp-content\/uploads\/sites\/4\/2021\/02\/Screen-Shot-2021-02-25-at-9.02.05-AM-e1614264101310.jpg\" alt=\"\" width=\"120\" height=\"120\" \/><\/p>\n<p style=\"text-align: center;\"><span style=\"vertical-align: inherit;\">Om du k\u00f6per v\u00e5r produkt p\u00e5 en av marknadsplatserna och l\u00e4mnar din \u00e4rliga recension kan du komma tillbaka hit och kontakta oss och f\u00e5 en FANTASTISK anv\u00e4ndbar f\u00f6r din produktg\u00e5va!<\/span><\/p>\n<p><a href=\"https:\/\/www.amazon.se\/dp\/B07LB638BR\/ref=sr_1_1?dchild=1&amp;keywords=Kl%C3%A4tterb%C3%A4lte%20-%20S%C3%A4kerhetsb%C3%A4lte&amp;qid=1628691132&amp;sr=8-1&amp;th=1\"><img loading=\"lazy\" decoding=\"async\" class=\"wp-image-1040 size-full aligncenter\" src=\"https:\/\/rightfoodonly.com\/wp-content\/uploads\/amazon-button9.png\" alt=\"\" width=\"160\" height=\"59\" \/><\/a><\/p>\n<p>&nbsp;<\/p>\n","protected":false},"featured_media":4276,"comment_status":"open","ping_status":"closed","template":"","meta":[],"product_brand":[],"product_cat":[187],"product_tag":[47,49,48],"class_list":{"0":"post-1503","1":"product","2":"type-product","3":"status-publish","4":"has-post-thumbnail","6":"product_cat-tillbehor-till-brandstegar","7":"product_tag-bergsklattringssele","8":"product_tag-klattringssakerhet","9":"product_tag-snodd","11":"first","12":"instock","13":"shipping-taxable","14":"purchasable","15":"product-type-simple"},"_links":{"self":[{"href":"https:\/\/isopllc.com\/se\/wp-json\/wp\/v2\/product\/1503","targetHints":{"allow":["GET"]}}],"collection":[{"href":"https:\/\/isopllc.com\/se\/wp-json\/wp\/v2\/product"}],"about":[{"href":"https:\/\/isopllc.com\/se\/wp-json\/wp\/v2\/types\/product"}],"replies":[{"embeddable":true,"href":"https:\/\/isopllc.com\/se\/wp-json\/wp\/v2\/comments?post=1503"}],"wp:featuredmedia":[{"embeddable":true,"href":"https:\/\/isopllc.com\/se\/wp-json\/wp\/v2\/media\/4276"}],"wp:attachment":[{"href":"https:\/\/isopllc.com\/se\/wp-json\/wp\/v2\/media?parent=1503"}],"wp:term":[{"taxonomy":"product_brand","embeddable":true,"href":"https:\/\/isopllc.com\/se\/wp-json\/wp\/v2\/product_brand?post=1503"},{"taxonomy":"product_cat","embeddable":true,"href":"https:\/\/isopllc.com\/se\/wp-json\/wp\/v2\/product_cat?post=1503"},{"taxonomy":"product_tag","embeddable":true,"href":"https:\/\/isopllc.com\/se\/wp-json\/wp\/v2\/product_tag?post=1503"}],"curies":[{"name":"wp","href":"https:\/\/api.w.org\/{rel}","templated":true}]}}